{"id":19244,"date":"2021-10-12T16:27:24","date_gmt":"2021-10-12T16:27:24","guid":{"rendered":"https:\/\/shop.fizzyvape.com\/contacta-con-nosotros\/"},"modified":"2025-07-25T06:19:41","modified_gmt":"2025-07-25T06:19:41","slug":"contacta-con-nosotros","status":"publish","type":"page","link":"https:\/\/shop.fizzyvape.com\/es\/contacta-con-nosotros\/","title":{"rendered":"Contacta con nosotros"},"content":{"rendered":"\t\t<div data-elementor-type=\"wp-page\" data-elementor-id=\"19244\" class=\"elementor elementor-19244 elementor-4439\">\n\t\t\t\t<div class=\"wd-negative-gap elementor-element elementor-element-cb322d0 e-flex e-con-boxed e-con e-parent\" data-id=\"cb322d0\" data-element_type=\"container\" data-e-type=\"container\">\n\t\t\t\t\t<div class=\"e-con-inner\">\n\t\t<div class=\"elementor-element elementor-element-1f0abe4 e-con-full e-flex e-con e-child\" data-id=\"1f0abe4\" data-element_type=\"container\" data-e-type=\"container\">\n\t\t\t\t<div class=\"elementor-element elementor-element-071523a wd-width-100 elementor-widget elementor-widget-wd_title\" data-id=\"071523a\" data-element_type=\"widget\" data-e-type=\"widget\" data-widget_type=\"wd_title.default\">\n\t\t\t\t<div class=\"elementor-widget-container\">\n\t\t\t\t\t\t\t<div class=\"title-wrapper wd-set-mb reset-last-child wd-title-color-default wd-title-style-default wd-title-size-default text-left\">\n\n\t\t\t\n\t\t\t<div class=\"liner-continer\">\n\t\t\t\t<h4 class=\"woodmart-title-container title wd-fontsize-l\">PREGUNTAS FRECUENTES<\/h4> \n\t\t\t\t\t\t\t<\/div>\n\n\t\t\t\t\t<\/div>\n\t\t\t\t\t\t<\/div>\n\t\t\t\t<\/div>\n\t\t\t\t<div class=\"elementor-element elementor-element-2a7c1c6 elementor-widget elementor-widget-wd_accordion\" data-id=\"2a7c1c6\" data-element_type=\"widget\" data-e-type=\"widget\" data-widget_type=\"wd_accordion.default\">\n\t\t\t\t<div class=\"elementor-widget-container\">\n\t\t\t\t\t\n\t\t<div class=\"wd-accordion wd-style-default wd-titles-left wd-opener-pos-right wd-opener-style-arrow\" data-state=\"first\">\n\t\t\t\t\t\t\t\n\t\t\t\t<div class=\"wd-accordion-item\">\n\t\t\t\t\t<div class=\"wd-accordion-title wd-role-btn wd-active\" data-accordion-index=\"0\" tabindex=\"0\">\n\t\t\t\t\t\t<div class=\"wd-accordion-title-text\">\n\t\t\t\t\t\t\t\t\t\t\t\t\t\t<span>\n\t\t\t\t\t\t\t\t\u00bfSon aut\u00e9nticos los Fizzy Vapes en tu tienda?\t\t\t\t\t\t\t<\/span>\n\t\t\t\t\t\t<\/div>\n\t\t\t\t\t\t<span class=\"wd-accordion-opener\"><\/span>\n\t\t\t\t\t<\/div>\n\n\t\t\t\t\t<div class=\"wd-accordion-content wd-entry-content wd-active\" data-accordion-index=\"0\">\n\t\t\t\t\t\t\t\t\t\t\t\t\t\n\t\t\t\t\t\t\t<p><span class=\"_fadeIn_m1hgl_8\">S\u00ed,  <\/span><span class=\"_fadeIn_m1hgl_8\">nosotros  <\/span><span class=\"_fadeIn_m1hgl_8\">s\u00f3lo  <\/span><span class=\"_fadeIn_m1hgl_8\">vende  <\/span><span class=\"_fadeIn_m1hgl_8\">100%  <\/span><span class=\"_fadeIn_m1hgl_8\">aut\u00e9ntico  <\/span><span class=\"_fadeIn_m1hgl_8\">Efervescente  <\/span><span class=\"_fadeIn_m1hgl_8\">Vapea  <\/span><span class=\"_fadeIn_m1hgl_8\">productos  <\/span><span class=\"_fadeIn_m1hgl_8\">fuente  <\/span><span class=\"_fadeIn_m1hgl_8\">directamente  <\/span><span class=\"_fadeIn_m1hgl_8\">de  <\/span><span class=\"_fadeIn_m1hgl_8\">el  <\/span><span class=\"_fadeIn_m1hgl_8\">fabricante  <\/span><span class=\"_fadeIn_m1hgl_8\">o  <\/span><span class=\"_fadeIn_m1hgl_8\">autorizado  <\/span><span class=\"_fadeIn_m1hgl_8\">distribuidores.<\/span><\/p>\n\t\t\t\t\t\t\t\t\t\t\t\t\t\t\t\t\t\t<\/div>\n\t\t\t\t<\/div>\n\t\t\t\t\t\t\t\n\t\t\t\t<div class=\"wd-accordion-item\">\n\t\t\t\t\t<div class=\"wd-accordion-title wd-role-btn\" data-accordion-index=\"1\" tabindex=\"0\">\n\t\t\t\t\t\t<div class=\"wd-accordion-title-text\">\n\t\t\t\t\t\t\t\t\t\t\t\t\t\t<span>\n\t\t\t\t\t\t\t\t\u00bfHac\u00e9is env\u00edos a toda Europa?\t\t\t\t\t\t\t<\/span>\n\t\t\t\t\t\t<\/div>\n\t\t\t\t\t\t<span class=\"wd-accordion-opener\"><\/span>\n\t\t\t\t\t<\/div>\n\n\t\t\t\t\t<div class=\"wd-accordion-content wd-entry-content\" data-accordion-index=\"1\">\n\t\t\t\t\t\t\t\t\t\t\t\t\t\n\t\t\t\t\t\t\t<p><span class=\"_fadeIn_m1hgl_8\">Absolutamente.  <\/span><span class=\"_fadeIn_m1hgl_8\">Nosotros  <\/span><span class=\"_fadeIn_m1hgl_8\">oferta  <\/span><span class=\"_fadeIn_m1hgl_8\">r\u00e1pido  <\/span><span class=\"_fadeIn_m1hgl_8\">y  <\/span><span class=\"_fadeIn_m1hgl_8\">fiable  <\/span><span class=\"_fadeIn_m1hgl_8\">env\u00edo  <\/span><span class=\"_fadeIn_m1hgl_8\">a trav\u00e9s de  <\/span><span class=\"_fadeIn_m1hgl_8\">m\u00e1s  <\/span><span class=\"_fadeIn_m1hgl_8\">Europea  <\/span><span class=\"_fadeIn_m1hgl_8\">pa\u00edses.  <\/span><span class=\"_fadeIn_m1hgl_8\">Entrega  <\/span><span class=\"_fadeIn_m1hgl_8\">veces  <\/span><span class=\"_fadeIn_m1hgl_8\">var\u00eda  <\/span><span class=\"_fadeIn_m1hgl_8\">por  <\/span><span class=\"_fadeIn_m1hgl_8\">ubicaci\u00f3n,  <\/span><span class=\"_fadeIn_m1hgl_8\">normalmente  <\/span><span class=\"_fadeIn_m1hgl_8\">3-<\/span><span class=\"_fadeIn_m1hgl_8\">7  <\/span><span class=\"_fadeIn_m1hgl_8\">empresa  <\/span><span class=\"_fadeIn_m1hgl_8\">d\u00edas.<\/span><\/p>\n\t\t\t\t\t\t\t\t\t\t\t\t\t\t\t\t\t\t<\/div>\n\t\t\t\t<\/div>\n\t\t\t\t\t\t\t\n\t\t\t\t<div class=\"wd-accordion-item\">\n\t\t\t\t\t<div class=\"wd-accordion-title wd-role-btn\" data-accordion-index=\"2\" tabindex=\"0\">\n\t\t\t\t\t\t<div class=\"wd-accordion-title-text\">\n\t\t\t\t\t\t\t\t\t\t\t\t\t\t<span>\n\t\t\t\t\t\t\t\t\u00bfQu\u00e9 modelos de Fizzy Vape vendes?\t\t\t\t\t\t\t<\/span>\n\t\t\t\t\t\t<\/div>\n\t\t\t\t\t\t<span class=\"wd-accordion-opener\"><\/span>\n\t\t\t\t\t<\/div>\n\n\t\t\t\t\t<div class=\"wd-accordion-content wd-entry-content\" data-accordion-index=\"2\">\n\t\t\t\t\t\t\t\t\t\t\t\t\t\n\t\t\t\t\t\t\t<p><span class=\"_fadeIn_m1hgl_8\">Nosotros  <\/span><span class=\"_fadeIn_m1hgl_8\">oferta  <\/span><span class=\"_fadeIn_m1hgl_8\">a  <\/span><span class=\"_fadeIn_m1hgl_8\">amplia  <\/span><span class=\"_fadeIn_m1hgl_8\">gama  <\/span><span class=\"_fadeIn_m1hgl_8\">de  <\/span><span class=\"_fadeIn_m1hgl_8\">Efervescente  <\/span><span class=\"_fadeIn_m1hgl_8\">Vapea,  <\/span><span class=\"_fadeIn_m1hgl_8\">incluyendo  <\/span><span class=\"_fadeIn_m1hgl_8\">alta  <\/span><span class=\"_fadeIn_m1hgl_8\">puff  <\/span><span class=\"_fadeIn_m1hgl_8\">modelos  <\/span><span class=\"_fadeIn_m1hgl_8\">como  <\/span><span class=\"_fadeIn_m1hgl_8\">50,000  <\/span><span class=\"_fadeIn_m1hgl_8\">bocanadas  <\/span><span class=\"_fadeIn_m1hgl_8\">y  <\/span><span class=\"_fadeIn_m1hgl_8\">40,000  <\/span><span class=\"_fadeIn_m1hgl_8\">bocanadas,  <\/span><span class=\"_fadeIn_m1hgl_8\">como  <\/span><span class=\"_fadeIn_m1hgl_8\">bien  <\/span><span class=\"_fadeIn_m1hgl_8\">como  <\/span><span class=\"_fadeIn_m1hgl_8\">sorpresa  <\/span><span class=\"_fadeIn_m1hgl_8\">sabor  <\/span><span class=\"_fadeIn_m1hgl_8\">paquetes.<\/span><\/p>\n\t\t\t\t\t\t\t\t\t\t\t\t\t\t\t\t\t\t<\/div>\n\t\t\t\t<\/div>\n\t\t\t\t\t\t\t\n\t\t\t\t<div class=\"wd-accordion-item\">\n\t\t\t\t\t<div class=\"wd-accordion-title wd-role-btn\" data-accordion-index=\"3\" tabindex=\"0\">\n\t\t\t\t\t\t<div class=\"wd-accordion-title-text\">\n\t\t\t\t\t\t\t\t\t\t\t\t\t\t<span>\n\t\t\t\t\t\t\t\t\u00bfEs seguro el pago en tu sitio web?\t\t\t\t\t\t\t<\/span>\n\t\t\t\t\t\t<\/div>\n\t\t\t\t\t\t<span class=\"wd-accordion-opener\"><\/span>\n\t\t\t\t\t<\/div>\n\n\t\t\t\t\t<div class=\"wd-accordion-content wd-entry-content\" data-accordion-index=\"3\">\n\t\t\t\t\t\t\t\t\t\t\t\t\t\n\t\t\t\t\t\t\t<p><span class=\"_fadeIn_m1hgl_8\">S\u00ed.  <\/span><span class=\"_fadeIn_m1hgl_8\">Nuestra  <\/span><span class=\"_fadeIn_m1hgl_8\">almacenar  <\/span><span class=\"_fadeIn_m1hgl_8\">utiliza  <\/span><span class=\"_fadeIn_m1hgl_8\">encriptado  <\/span><span class=\"_fadeIn_m1hgl_8\">pago  <\/span><span class=\"_fadeIn_m1hgl_8\">pasarelas  <\/span><span class=\"_fadeIn_m1hgl_8\">a  <\/span><span class=\"_fadeIn_m1hgl_8\">garantiza  <\/span><span class=\"_fadeIn_m1hgl_8\">tu  <\/span><span class=\"_fadeIn_m1hgl_8\">informaci\u00f3n  <\/span><span class=\"_fadeIn_m1hgl_8\">es  <\/span><span class=\"_fadeIn_m1hgl_8\">protegida.  <\/span><span class=\"_fadeIn_m1hgl_8\">Nosotros  <\/span><span class=\"_fadeIn_m1hgl_8\">ayuda  <\/span><span class=\"_fadeIn_m1hgl_8\">mayor  <\/span><span class=\"_fadeIn_m1hgl_8\">cr\u00e9dito\/<\/span><span class=\"_fadeIn_m1hgl_8\">d\u00e9bito  <\/span><span class=\"_fadeIn_m1hgl_8\">tarjetas  <\/span><span class=\"_fadeIn_m1hgl_8\">y  <\/span><span class=\"_fadeIn_m1hgl_8\">segura  <\/span><span class=\"_fadeIn_m1hgl_8\">pago  <\/span><span class=\"_fadeIn_m1hgl_8\">proveedores.<\/span><\/p>\n\t\t\t\t\t\t\t\t\t\t\t\t\t\t\t\t\t\t<\/div>\n\t\t\t\t<\/div>\n\t\t\t\t\t\t\t\n\t\t\t\t<div class=\"wd-accordion-item\">\n\t\t\t\t\t<div class=\"wd-accordion-title wd-role-btn\" data-accordion-index=\"4\" tabindex=\"0\">\n\t\t\t\t\t\t<div class=\"wd-accordion-title-text\">\n\t\t\t\t\t\t\t\t\t\t\t\t\t\t<span>\n\t\t\t\t\t\t\t\t\u00bfOfrec\u00e9is precios al por mayor para pedidos al por mayor?\t\t\t\t\t\t\t<\/span>\n\t\t\t\t\t\t<\/div>\n\t\t\t\t\t\t<span class=\"wd-accordion-opener\"><\/span>\n\t\t\t\t\t<\/div>\n\n\t\t\t\t\t<div class=\"wd-accordion-content wd-entry-content\" data-accordion-index=\"4\">\n\t\t\t\t\t\t\t\t\t\t\t\t\t\n\t\t\t\t\t\t\t<p><span class=\"_fadeIn_m1hgl_8\">S\u00ed,  <\/span><span class=\"_fadeIn_m1hgl_8\">nosotros  <\/span><span class=\"_fadeIn_m1hgl_8\">oferta  <\/span><span class=\"_fadeIn_m1hgl_8\">especial  <\/span><span class=\"_fadeIn_m1hgl_8\">venta al por mayor  <\/span><span class=\"_fadeIn_m1hgl_8\">descuentos  <\/span><span class=\"_fadeIn_m1hgl_8\">para  <\/span><span class=\"_fadeIn_m1hgl_8\">a granel  <\/span><span class=\"_fadeIn_m1hgl_8\">y  <\/span><span class=\"_fadeIn_m1hgl_8\">empresa  <\/span><span class=\"_fadeIn_m1hgl_8\">clientes.  <\/span><span class=\"_fadeIn_m1hgl_8\">Si  <\/span><span class=\"_fadeIn_m1hgl_8\">eres  <\/span><span class=\"_fadeIn_m1hgl_8\">a  <\/span><span class=\"_fadeIn_m1hgl_8\">minorista  <\/span><span class=\"_fadeIn_m1hgl_8\">o  <\/span><span class=\"_fadeIn_m1hgl_8\">planificaci\u00f3n  <\/span><span class=\"_fadeIn_m1hgl_8\">a  <\/span><span class=\"_fadeIn_m1hgl_8\">grande  <\/span><span class=\"_fadeIn_m1hgl_8\">compra,  <\/span><span class=\"_fadeIn_m1hgl_8\">por favor  <\/span><span class=\"_fadeIn_m1hgl_8\">visita  <\/span><span class=\"_fadeIn_m1hgl_8\">nuestra  <\/span><span class=\"_fadeIn_m1hgl_8\">venta al por mayor  <\/span><span class=\"_fadeIn_m1hgl_8\">sitio  <\/span><span class=\"_fadeIn_m1hgl_8\">en  <\/span><a class=\"\" href=\"https:\/\/fizzyvape.eu\/\" target=\"_new\" rel=\"noopener\" data-start=\"374\" data-end=\"411\"><span class=\"_fadeIn_m1hgl_8\">fizzyvape.<\/span><span class=\"_fadeIn_m1hgl_8\">eu<\/span><\/a> <span class=\"_fadeIn_m1hgl_8\">a <\/span><span class=\"_fadeIn_m1hgl_8\">aprender <\/span><span class=\"_fadeIn_m1hgl_8\">m\u00e1s <\/span><span class=\"_fadeIn_m1hgl_8\">y <\/span><span class=\"_fadeIn_m1hgl_8\">env\u00eda <\/span><span class=\"_fadeIn_m1hgl_8\">tu consulta en <\/span><span class=\"_fadeIn_m1hgl_8\">consulta.<\/span><\/p>\n\t\t\t\t\t\t\t\t\t\t\t\t\t\t\t\t\t\t<\/div>\n\t\t\t\t<\/div>\n\t\t\t\t\t<\/div>\n\t\t\t\t\t\t<\/div>\n\t\t\t\t<\/div>\n\t\t\t\t<\/div>\n\t\t<div class=\"elementor-element elementor-element-789122a e-con-full e-flex e-con e-child\" data-id=\"789122a\" data-element_type=\"container\" data-e-type=\"container\">\n\t\t\t\t<div class=\"elementor-element elementor-element-775ddc4 wd-width-100 elementor-widget elementor-widget-wd_title\" data-id=\"775ddc4\" data-element_type=\"widget\" data-e-type=\"widget\" data-widget_type=\"wd_title.default\">\n\t\t\t\t<div class=\"elementor-widget-container\">\n\t\t\t\t\t\t\t<div class=\"title-wrapper wd-set-mb reset-last-child wd-title-color-default wd-title-style-default wd-title-size-default text-left\">\n\n\t\t\t\n\t\t\t<div class=\"liner-continer\">\n\t\t\t\t<h4 class=\"woodmart-title-container title wd-fontsize-l\">CONT\u00c1CTANOS<\/h4> \n\t\t\t\t\t\t\t<\/div>\n\n\t\t\t\t\t<\/div>\n\t\t\t\t\t\t<\/div>\n\t\t\t\t<\/div>\n\t\t\t\t<div class=\"elementor-element elementor-element-e69c2e8 elementor-widget elementor-widget-shortcode\" data-id=\"e69c2e8\" data-element_type=\"widget\" data-e-type=\"widget\" data-widget_type=\"shortcode.default\">\n\t\t\t\t<div class=\"elementor-widget-container\">\n\t\t\t\t\t\t\t<div class=\"elementor-shortcode\"><div class='fluentform ff-default fluentform_wrapper_1 ffs_default_wrap'><form data-form_id=\"1\" id=\"fluentform_1\" class=\"frm-fluent-form fluent_form_1 ff-el-form-top ff_form_instance_1_1 ff-form-loading ffs_default\" data-form_instance=\"ff_form_instance_1_1\" method=\"POST\" ><fieldset  style=\"border: none!important;margin: 0!important;padding: 0!important;background-color: transparent!important;box-shadow: none!important;outline: none!important; min-inline-size: 100%;\">\n                    <legend class=\"ff_screen_reader_title\" style=\"display: block; margin: 0!important;padding: 0!important;height: 0!important;text-indent: -999999px;width: 0!important;overflow:hidden;\">Contact Us<\/legend><input type='hidden' name='__fluent_form_embded_post_id' value='19244' \/><input type=\"hidden\" id=\"_fluentform_1_fluentformnonce\" name=\"_fluentform_1_fluentformnonce\" value=\"00a18b9657\" \/><input type=\"hidden\" name=\"_wp_http_referer\" value=\"\/es\/wp-json\/wp\/v2\/pages\/19244\" \/><div data-type=\"name-element\" data-name=\"names\" class=\" ff-field_container ff-name-field-wrapper\" ><div class='ff-t-container'><div class='ff-t-cell '><div class='ff-el-group'><div class=\"ff-el-input--label asterisk-right\"><label for='ff_1_names_first_name_' id='label_ff_1_names_first_name_' >Name<\/label><\/div><div class='ff-el-input--content'><input type=\"text\" name=\"names[first_name]\" id=\"ff_1_names_first_name_\" class=\"ff-el-form-control\" placeholder=\"Name\" aria-invalid=\"false\" aria-required=false><\/div><\/div><\/div><\/div><\/div><div class='ff-el-group'><div class=\"ff-el-input--label ff-el-is-required asterisk-right\"><label for='ff_1_email' id='label_ff_1_email' aria-label=\"Email\">Email<\/label><\/div><div class='ff-el-input--content'><input type=\"email\" name=\"email\" id=\"ff_1_email\" class=\"ff-el-form-control\" placeholder=\"Email Address\" data-name=\"email\"  aria-invalid=\"false\" aria-required=true><\/div><\/div><div class='ff-el-group'><div class=\"ff-el-input--label asterisk-right\"><label for='ff_1_subject' id='label_ff_1_subject' aria-label=\"Subject\">Subject<\/label><\/div><div class='ff-el-input--content'><input type=\"text\" name=\"subject\" class=\"ff-el-form-control\" placeholder=\"Subject\" data-name=\"subject\" id=\"ff_1_subject\"  aria-invalid=\"false\" aria-required=false><\/div><\/div><div class='ff-el-group'><div class=\"ff-el-input--label ff-el-is-required asterisk-right\"><label for='ff_1_message' id='label_ff_1_message' aria-label=\"Your Message\">Your Message<\/label><\/div><div class='ff-el-input--content'><textarea aria-required=\"true\" aria-labelledby=\"label_ff_1_message\" name=\"message\" id=\"ff_1_message\" class=\"ff-el-form-control\" placeholder=\"Your Message\" rows=\"4\" cols=\"2\" data-name=\"message\" ><\/textarea><\/div><\/div><div class='ff-el-group ff-text-left ff_submit_btn_wrapper'><button type=\"submit\" class=\"ff-btn ff-btn-submit ff-btn-md ff_btn_style\"  aria-label=\"Submit Form\">Submit Form<\/button><\/div><\/fieldset><\/form><div id='fluentform_1_errors' class='ff-errors-in-stack ff_form_instance_1_1 ff-form-loading_errors ff_form_instance_1_1_errors'><\/div><\/div>            <script type=\"text\/javascript\">\n                window.fluent_form_ff_form_instance_1_1 = {\"id\":\"1\",\"ajaxUrl\":\"https:\\\/\\\/shop.fizzyvape.com\\\/wp-admin\\\/admin-ajax.php\",\"settings\":{\"layout\":{\"labelPlacement\":\"top\",\"helpMessagePlacement\":\"with_label\",\"errorMessagePlacement\":\"inline\",\"cssClassName\":\"\",\"asteriskPlacement\":\"asterisk-right\"},\"restrictions\":{\"denyEmptySubmission\":{\"enabled\":false}}},\"form_instance\":\"ff_form_instance_1_1\",\"form_id_selector\":\"fluentform_1\",\"rules\":{\"names[first_name]\":{\"required\":{\"value\":false,\"message\":\"This field is required\",\"global\":false,\"global_message\":\"This field is required\"}},\"names[middle_name]\":{\"required\":{\"value\":false,\"message\":\"This field is required\",\"global\":false,\"global_message\":\"This field is required\"}},\"names[last_name]\":{\"required\":{\"value\":false,\"message\":\"This field is required\",\"global\":false,\"global_message\":\"This field is required\"}},\"email\":{\"required\":{\"value\":true,\"message\":\"This field is required\",\"global\":false,\"global_message\":\"This field is required\"},\"email\":{\"value\":true,\"message\":\"This field must contain a valid email\",\"global\":false,\"global_message\":\"This field must contain a valid email\"}},\"subject\":{\"required\":{\"value\":false,\"message\":\"This field is required\",\"global\":false,\"global_message\":\"This field is required\"}},\"message\":{\"required\":{\"value\":true,\"message\":\"This field is required\",\"global\":false,\"global_message\":\"This field is required\"}}},\"debounce_time\":300};\n                            <\/script>\n            <\/div>\n\t\t\t\t\t\t<\/div>\n\t\t\t\t<\/div>\n\t\t\t\t<\/div>\n\t\t\t\t\t<\/div>\n\t\t\t\t<\/div>\n\t\t\t\t<\/div>\n\t\t","protected":false},"excerpt":{"rendered":"<p>PREGUNTAS FRECUENTES \u00bfSon aut\u00e9nticos los Fizzy Vapes en tu tienda? S\u00ed, nosotros s\u00f3lo vende 100% aut\u00e9ntico Efervescente Vapea productos fuente<\/p>\n","protected":false},"author":4,"featured_media":0,"parent":0,"menu_order":0,"comment_status":"closed","ping_status":"closed","template":"","meta":{"footnotes":""},"class_list":["post-19244","page","type-page","status-publish","hentry"],"yoast_head":"<!-- This site is optimized with the Yoast SEO Premium plugin v24.8 (Yoast SEO v27.4) - https:\/\/yoast.com\/product\/yoast-seo-premium-wordpress\/ -->\n<title>Contacta con nosotros - shop.fizzyvape.com<\/title>\n<meta name=\"robots\" content=\"index, follow, max-snippet:-1, max-image-preview:large, max-video-preview:-1\" \/>\n<link rel=\"canonical\" href=\"https:\/\/shop.fizzyvape.com\/es\/contacta-con-nosotros\/\" \/>\n<meta property=\"og:locale\" content=\"es_ES\" \/>\n<meta property=\"og:type\" content=\"article\" \/>\n<meta property=\"og:title\" content=\"Contacta con nosotros\" \/>\n<meta property=\"og:description\" content=\"PREGUNTAS FRECUENTES \u00bfSon aut\u00e9nticos los Fizzy Vapes en tu tienda? S\u00ed, nosotros s\u00f3lo vende 100% aut\u00e9ntico Efervescente Vapea productos fuente\" \/>\n<meta property=\"og:url\" content=\"https:\/\/shop.fizzyvape.com\/es\/contacta-con-nosotros\/\" \/>\n<meta property=\"og:site_name\" content=\"shop.fizzyvape.com\" \/>\n<meta property=\"article:modified_time\" content=\"2025-07-25T06:19:41+00:00\" \/>\n<meta name=\"twitter:card\" content=\"summary_large_image\" \/>\n<meta name=\"twitter:label1\" content=\"Tiempo de lectura\" \/>\n\t<meta name=\"twitter:data1\" content=\"1 minuto\" \/>\n<script type=\"application\/ld+json\" class=\"yoast-schema-graph\">{\"@context\":\"https:\\\/\\\/schema.org\",\"@graph\":[{\"@type\":\"WebPage\",\"@id\":\"https:\\\/\\\/shop.fizzyvape.com\\\/es\\\/contacta-con-nosotros\\\/\",\"url\":\"https:\\\/\\\/shop.fizzyvape.com\\\/es\\\/contacta-con-nosotros\\\/\",\"name\":\"Contacta con nosotros - shop.fizzyvape.com\",\"isPartOf\":{\"@id\":\"https:\\\/\\\/shop.fizzyvape.com\\\/es\\\/#website\"},\"datePublished\":\"2021-10-12T16:27:24+00:00\",\"dateModified\":\"2025-07-25T06:19:41+00:00\",\"breadcrumb\":{\"@id\":\"https:\\\/\\\/shop.fizzyvape.com\\\/es\\\/contacta-con-nosotros\\\/#breadcrumb\"},\"inLanguage\":\"es\",\"potentialAction\":[{\"@type\":\"ReadAction\",\"target\":[\"https:\\\/\\\/shop.fizzyvape.com\\\/es\\\/contacta-con-nosotros\\\/\"]}]},{\"@type\":\"BreadcrumbList\",\"@id\":\"https:\\\/\\\/shop.fizzyvape.com\\\/es\\\/contacta-con-nosotros\\\/#breadcrumb\",\"itemListElement\":[{\"@type\":\"ListItem\",\"position\":1,\"name\":\"\u9996\u9875\",\"item\":\"https:\\\/\\\/shop.fizzyvape.com\\\/es\\\/\"},{\"@type\":\"ListItem\",\"position\":2,\"name\":\"Contacta con nosotros\"}]},{\"@type\":\"WebSite\",\"@id\":\"https:\\\/\\\/shop.fizzyvape.com\\\/es\\\/#website\",\"url\":\"https:\\\/\\\/shop.fizzyvape.com\\\/es\\\/\",\"name\":\"shop.fizzyvape.com\",\"description\":\"The Best Disposable Vape In Europe | 10000 - 60000 Puffs  | Free Shipping\",\"potentialAction\":[{\"@type\":\"SearchAction\",\"target\":{\"@type\":\"EntryPoint\",\"urlTemplate\":\"https:\\\/\\\/shop.fizzyvape.com\\\/es\\\/?s={search_term_string}\"},\"query-input\":{\"@type\":\"PropertyValueSpecification\",\"valueRequired\":true,\"valueName\":\"search_term_string\"}}],\"inLanguage\":\"es\"}]}<\/script>\n<!-- \/ Yoast SEO Premium plugin. -->","yoast_head_json":{"title":"Contacta con nosotros - shop.fizzyvape.com","robots":{"index":"index","follow":"follow","max-snippet":"max-snippet:-1","max-image-preview":"max-image-preview:large","max-video-preview":"max-video-preview:-1"},"canonical":"https:\/\/shop.fizzyvape.com\/es\/contacta-con-nosotros\/","og_locale":"es_ES","og_type":"article","og_title":"Contacta con nosotros","og_description":"PREGUNTAS FRECUENTES \u00bfSon aut\u00e9nticos los Fizzy Vapes en tu tienda? S\u00ed, nosotros s\u00f3lo vende 100% aut\u00e9ntico Efervescente Vapea productos fuente","og_url":"https:\/\/shop.fizzyvape.com\/es\/contacta-con-nosotros\/","og_site_name":"shop.fizzyvape.com","article_modified_time":"2025-07-25T06:19:41+00:00","twitter_card":"summary_large_image","twitter_misc":{"Tiempo de lectura":"1 minuto"},"schema":{"@context":"https:\/\/schema.org","@graph":[{"@type":"WebPage","@id":"https:\/\/shop.fizzyvape.com\/es\/contacta-con-nosotros\/","url":"https:\/\/shop.fizzyvape.com\/es\/contacta-con-nosotros\/","name":"Contacta con nosotros - shop.fizzyvape.com","isPartOf":{"@id":"https:\/\/shop.fizzyvape.com\/es\/#website"},"datePublished":"2021-10-12T16:27:24+00:00","dateModified":"2025-07-25T06:19:41+00:00","breadcrumb":{"@id":"https:\/\/shop.fizzyvape.com\/es\/contacta-con-nosotros\/#breadcrumb"},"inLanguage":"es","potentialAction":[{"@type":"ReadAction","target":["https:\/\/shop.fizzyvape.com\/es\/contacta-con-nosotros\/"]}]},{"@type":"BreadcrumbList","@id":"https:\/\/shop.fizzyvape.com\/es\/contacta-con-nosotros\/#breadcrumb","itemListElement":[{"@type":"ListItem","position":1,"name":"\u9996\u9875","item":"https:\/\/shop.fizzyvape.com\/es\/"},{"@type":"ListItem","position":2,"name":"Contacta con nosotros"}]},{"@type":"WebSite","@id":"https:\/\/shop.fizzyvape.com\/es\/#website","url":"https:\/\/shop.fizzyvape.com\/es\/","name":"shop.fizzyvape.com","description":"The Best Disposable Vape In Europe | 10000 - 60000 Puffs  | Free Shipping","potentialAction":[{"@type":"SearchAction","target":{"@type":"EntryPoint","urlTemplate":"https:\/\/shop.fizzyvape.com\/es\/?s={search_term_string}"},"query-input":{"@type":"PropertyValueSpecification","valueRequired":true,"valueName":"search_term_string"}}],"inLanguage":"es"}]}},"_links":{"self":[{"href":"https:\/\/shop.fizzyvape.com\/es\/wp-json\/wp\/v2\/pages\/19244","targetHints":{"allow":["GET"]}}],"collection":[{"href":"https:\/\/shop.fizzyvape.com\/es\/wp-json\/wp\/v2\/pages"}],"about":[{"href":"https:\/\/shop.fizzyvape.com\/es\/wp-json\/wp\/v2\/types\/page"}],"author":[{"embeddable":true,"href":"https:\/\/shop.fizzyvape.com\/es\/wp-json\/wp\/v2\/users\/4"}],"replies":[{"embeddable":true,"href":"https:\/\/shop.fizzyvape.com\/es\/wp-json\/wp\/v2\/comments?post=19244"}],"version-history":[{"count":0,"href":"https:\/\/shop.fizzyvape.com\/es\/wp-json\/wp\/v2\/pages\/19244\/revisions"}],"wp:attachment":[{"href":"https:\/\/shop.fizzyvape.com\/es\/wp-json\/wp\/v2\/media?parent=19244"}],"curies":[{"name":"wp","href":"https:\/\/api.w.org\/{rel}","templated":true}]}}