{"id":20716,"date":"2025-07-25T09:18:44","date_gmt":"2025-07-25T09:18:44","guid":{"rendered":"https:\/\/shop.fizzyvape.com\/?page_id=20716"},"modified":"2025-07-25T09:25:35","modified_gmt":"2025-07-25T09:25:35","slug":"compra-vaper-desechable-al-por-mayor-en-madrid","status":"publish","type":"page","link":"https:\/\/shop.fizzyvape.com\/es\/compra-vaper-desechable-al-por-mayor-en-madrid\/","title":{"rendered":"Compra Vaper Desechable al por Mayor en Madrid"},"content":{"rendered":"\t\t<div data-elementor-type=\"wp-page\" data-elementor-id=\"20716\" class=\"elementor elementor-20716\">\n\t\t\t\t<div class=\"elementor-element elementor-element-4359f93 e-con-full wd-section-stretch e-flex e-con e-parent\" data-id=\"4359f93\" data-element_type=\"container\">\n\t\t\t\t<div class=\"elementor-element elementor-element-eb4f2ab elementor-widget elementor-widget-shortcode\" data-id=\"eb4f2ab\" data-element_type=\"widget\" data-widget_type=\"shortcode.default\">\n\t\t\t\t<div class=\"elementor-widget-container\">\n\t\t\t\t\t\t\t<div class=\"elementor-shortcode\">[elementor-template id=\"20379\"]<\/div>\n\t\t\t\t\t\t<\/div>\n\t\t\t\t<\/div>\n\t\t\t\t<\/div>\n\t\t<div class=\"wd-negative-gap elementor-element elementor-element-69b9acc e-flex e-con-boxed e-con e-parent\" data-id=\"69b9acc\" data-element_type=\"container\">\n\t\t\t\t\t<div class=\"e-con-inner\">\n\t\t\t\t<div class=\"elementor-element elementor-element-1c828b9 elementor-widget elementor-widget-heading\" data-id=\"1c828b9\" data-element_type=\"widget\" data-widget_type=\"heading.default\">\n\t\t\t\t<div class=\"elementor-widget-container\">\n\t\t\t\t\t<h1 class=\"elementor-heading-title elementor-size-default\">Venta Mayorista de Vaper Desechable en Madrid<\/h1>\t\t\t\t<\/div>\n\t\t\t\t<\/div>\n\t\t\t\t<div class=\"elementor-element elementor-element-9dd04ad color-scheme-inherit text-left elementor-widget elementor-widget-text-editor\" data-id=\"9dd04ad\" data-element_type=\"widget\" data-widget_type=\"text-editor.default\">\n\t\t\t\t<div class=\"elementor-widget-container\">\n\t\t\t\t\t\t\t\t\t<p>\u00bfBuscas un mayorista de vaper desechable en <strong>Madrid<\/strong>? En <strong>Fizzy Vape<\/strong> te ofrecemos vapers recargables y desechables de alta calidad con env\u00edo r\u00e1pido desde almacenes europeos, sin aduanas ni retrasos.<br \/><strong>Fizzy<\/strong> es una marca reconocida a nivel mundial por su innovaci\u00f3n en vapers desechables. <a href=\"https:\/\/fizzyvape.com\" target=\"_blank\" rel=\"nofollow noopener\">Conoce m\u00e1s sobre Fizzy aqu\u00ed<\/a>.<\/p>\t\t\t\t\t\t\t\t<\/div>\n\t\t\t\t<\/div>\n\t\t\t\t<div class=\"elementor-element elementor-element-378a890 elementor-widget elementor-widget-shortcode\" data-id=\"378a890\" data-element_type=\"widget\" data-widget_type=\"shortcode.default\">\n\t\t\t\t<div class=\"elementor-widget-container\">\n\t\t\t\t\t\t\t<div class=\"elementor-shortcode\">[elementor-template id=\"20662\"]<\/div>\n\t\t\t\t\t\t<\/div>\n\t\t\t\t<\/div>\n\t\t\t\t<div class=\"elementor-element elementor-element-faecc2c color-scheme-inherit text-left elementor-widget elementor-widget-text-editor\" data-id=\"faecc2c\" data-element_type=\"widget\" data-widget_type=\"text-editor.default\">\n\t\t\t\t<div class=\"elementor-widget-container\">\n\t\t\t\t\t\t\t\t\t<h3>\u00bfPor Qu\u00e9 Elegirnos como Mayorista de Vaper Desechable en Madrid?<\/h3>\n<p>\ud83d\ude9a Env\u00edo en 24\/48h a toda la Comunidad de Madrid<br\/>\ud83d\udce6 Stock disponible de modelos populares: 60.000, 50.000 y 40.000 caladas<br\/>\u2705 Sin aduanas ni costes ocultos \u2013 env\u00edo desde Europa<br\/>\ud83e\uddfe Soporte en espa\u00f1ol<\/p>\t\t\t\t\t\t\t\t<\/div>\n\t\t\t\t<\/div>\n\t\t\t\t<div class=\"elementor-element elementor-element-7271cb9 color-scheme-inherit text-left elementor-widget elementor-widget-text-editor\" data-id=\"7271cb9\" data-element_type=\"widget\" data-widget_type=\"text-editor.default\">\n\t\t\t\t<div class=\"elementor-widget-container\">\n\t\t\t\t\t\t\t\t\t<h3>Sobre Nosotros<\/h3>\n<p>En <strong>FizzyVape<\/strong> trabajamos exclusivamente con distribuidores que buscan vapers desechables de alta calidad.<br\/>Al ser <strong>mayoristas oficiales<\/strong>, ofrecemos precios competitivos, asistencia profesional en espa\u00f1ol y soluciones log\u00edsticas eficientes para negocios en <strong>toda la Comunidad de Madrid<\/strong>, incluyendo ciudades como <strong>Alcal\u00e1 de Henares, Getafe, M\u00f3stoles y Legan\u00e9s<\/strong>.<\/p>\t\t\t\t\t\t\t\t<\/div>\n\t\t\t\t<\/div>\n\t\t\t\t<div class=\"elementor-element elementor-element-469b098 color-scheme-inherit text-left elementor-widget elementor-widget-text-editor\" data-id=\"469b098\" data-element_type=\"widget\" data-widget_type=\"text-editor.default\">\n\t\t\t\t<div class=\"elementor-widget-container\">\n\t\t\t\t\t\t\t\t\t<h3>Preguntas Frecuentes sobre Vapers en Madrid<\/h3>\n<p><strong>\u00bfRealizan env\u00edos a Madrid capital y alrededores?<\/strong><br\/>S\u00ed, realizamos env\u00edos a toda la Comunidad de Madrid con un plazo estimado de entrega de <strong>2 a 7 d\u00edas h\u00e1biles<\/strong> desde nuestros almacenes europeos.<\/p>\n<p><strong>\u00bfHay cantidad m\u00ednima para comprar al por mayor?<\/strong><br\/>Ofrecemos precios mayoristas a partir de <strong>30 unidades<\/strong>. Tambi\u00e9n contamos con <strong>lotes mixtos ideales para tiendas y distribuidores locales<\/strong>.<\/p>\n<p><strong>\u00bfLos productos son originales?<\/strong><br\/>S\u00ed, somos la <strong>plataforma oficial de Fizzy en Europa<\/strong>. Todos nuestros vapers son <strong>100% originales<\/strong>, directamente de la marca Fizzy.<\/p>\t\t\t\t\t\t\t\t<\/div>\n\t\t\t\t<\/div>\n\t\t\t\t\t<\/div>\n\t\t\t\t<\/div>\n\t\t<div class=\"wd-negative-gap elementor-element elementor-element-ca69f31 e-flex e-con-boxed e-con e-parent\" data-id=\"ca69f31\" data-element_type=\"container\">\n\t\t\t\t\t<div class=\"e-con-inner\">\n\t\t\t\t<div class=\"elementor-element elementor-element-813178b elementor-widget elementor-widget-html\" data-id=\"813178b\" data-element_type=\"widget\" data-widget_type=\"html.default\">\n\t\t\t\t<div class=\"elementor-widget-container\">\n\t\t\t\t\t<script type=\"application\/ld+json\">\r\n{\r\n  \"@context\": \"https:\/\/schema.org\",\r\n  \"@type\": \"FAQPage\",\r\n  \"mainEntity\": [\r\n    {\r\n      \"@type\": \"Question\",\r\n      \"name\": \"\u00bfRealizan env\u00edos a Madrid capital y alrededores?\",\r\n      \"acceptedAnswer\": {\r\n        \"@type\": \"Answer\",\r\n        \"text\": \"S\u00ed, realizamos env\u00edos a toda la Comunidad de Madrid con un plazo estimado de entrega de 2 a 7 d\u00edas h\u00e1biles desde nuestros almacenes europeos.\"\r\n      }\r\n    },\r\n    {\r\n      \"@type\": \"Question\",\r\n      \"name\": \"\u00bfHay cantidad m\u00ednima para comprar al por mayor?\",\r\n      \"acceptedAnswer\": {\r\n        \"@type\": \"Answer\",\r\n        \"text\": \"Ofrecemos precios mayoristas a partir de 30 unidades. Tambi\u00e9n contamos con lotes mixtos ideales para tiendas y distribuidores locales.\"\r\n      }\r\n    },\r\n    {\r\n      \"@type\": \"Question\",\r\n      \"name\": \"\u00bfLos productos son originales?\",\r\n      \"acceptedAnswer\": {\r\n        \"@type\": \"Answer\",\r\n        \"text\": \"S\u00ed, somos la plataforma oficial de Fizzy en Europa. Todos nuestros vapers son 100% originales, directamente de la marca Fizzy.\"\r\n      }\r\n    }\r\n  ]\r\n}\r\n<\/script>\r\n\t\t\t\t<\/div>\n\t\t\t\t<\/div>\n\t\t\t\t\t<\/div>\n\t\t\t\t<\/div>\n\t\t\t\t<\/div>\n\t\t","protected":false},"excerpt":{"rendered":"<p>[elementor-template id=&#8221;20379&#8243;] Venta Mayorista de Vaper Desechable en Madrid \u00bfBuscas un mayorista de vaper desechable en Madrid? En Fizzy Vape<\/p>\n","protected":false},"author":4,"featured_media":0,"parent":0,"menu_order":0,"comment_status":"closed","ping_status":"closed","template":"elementor_header_footer","meta":{"footnotes":""},"class_list":["post-20716","page","type-page","status-publish","hentry"],"yoast_head":"<!-- This site is optimized with the Yoast SEO Premium plugin v24.8 (Yoast SEO v26.1.1) - https:\/\/yoast.com\/wordpress\/plugins\/seo\/ -->\n<title>Mayorista de Vaper Desechable en Madrid | Fizzy Vape Oficial<\/title>\n<meta name=\"description\" content=\"Mayorista de Vaper Desechable en Madrid con env\u00edo r\u00e1pido desde Europa. Productos originales Fizzy, soporte en espa\u00f1ol y precios especiales para distribuidores.\" \/>\n<meta name=\"robots\" content=\"index, follow, max-snippet:-1, max-image-preview:large, max-video-preview:-1\" \/>\n<link rel=\"canonical\" href=\"https:\/\/shop.fizzyvape.com\/es\/compra-vaper-desechable-al-por-mayor-en-madrid\/\" \/>\n<meta property=\"og:locale\" content=\"es_ES\" \/>\n<meta property=\"og:type\" content=\"article\" \/>\n<meta property=\"og:title\" content=\"Compra Vaper Desechable al por Mayor en Madrid\" \/>\n<meta property=\"og:description\" content=\"Mayorista de Vaper Desechable en Madrid con env\u00edo r\u00e1pido desde Europa. Productos originales Fizzy, soporte en espa\u00f1ol y precios especiales para distribuidores.\" \/>\n<meta property=\"og:url\" content=\"https:\/\/shop.fizzyvape.com\/es\/compra-vaper-desechable-al-por-mayor-en-madrid\/\" \/>\n<meta property=\"og:site_name\" content=\"shop.fizzyvape.com\" \/>\n<meta property=\"article:modified_time\" content=\"2025-07-25T09:25:35+00:00\" \/>\n<meta name=\"twitter:card\" content=\"summary_large_image\" \/>\n<meta name=\"twitter:label1\" content=\"Tiempo de lectura\" \/>\n\t<meta name=\"twitter:data1\" content=\"2 minutos\" \/>\n<script type=\"application\/ld+json\" class=\"yoast-schema-graph\">{\"@context\":\"https:\/\/schema.org\",\"@graph\":[{\"@type\":\"WebPage\",\"@id\":\"https:\/\/shop.fizzyvape.com\/es\/compra-vaper-desechable-al-por-mayor-en-madrid\/\",\"url\":\"https:\/\/shop.fizzyvape.com\/es\/compra-vaper-desechable-al-por-mayor-en-madrid\/\",\"name\":\"Mayorista de Vaper Desechable en Madrid | Fizzy Vape Oficial\",\"isPartOf\":{\"@id\":\"https:\/\/shop.fizzyvape.com\/es\/#website\"},\"datePublished\":\"2025-07-25T09:18:44+00:00\",\"dateModified\":\"2025-07-25T09:25:35+00:00\",\"description\":\"Mayorista de Vaper Desechable en Madrid con env\u00edo r\u00e1pido desde Europa. Productos originales Fizzy, soporte en espa\u00f1ol y precios especiales para distribuidores.\",\"breadcrumb\":{\"@id\":\"https:\/\/shop.fizzyvape.com\/es\/compra-vaper-desechable-al-por-mayor-en-madrid\/#breadcrumb\"},\"inLanguage\":\"es\",\"potentialAction\":[{\"@type\":\"ReadAction\",\"target\":[\"https:\/\/shop.fizzyvape.com\/es\/compra-vaper-desechable-al-por-mayor-en-madrid\/\"]}]},{\"@type\":\"BreadcrumbList\",\"@id\":\"https:\/\/shop.fizzyvape.com\/es\/compra-vaper-desechable-al-por-mayor-en-madrid\/#breadcrumb\",\"itemListElement\":[{\"@type\":\"ListItem\",\"position\":1,\"name\":\"\u9996\u9875\",\"item\":\"https:\/\/shop.fizzyvape.com\/es\/\"},{\"@type\":\"ListItem\",\"position\":2,\"name\":\"Compra Vaper Desechable al por Mayor en Madrid\"}]},{\"@type\":\"WebSite\",\"@id\":\"https:\/\/shop.fizzyvape.com\/es\/#website\",\"url\":\"https:\/\/shop.fizzyvape.com\/es\/\",\"name\":\"shop.fizzyvape.com\",\"description\":\"The Best Disposable Vape In Europe | 10000 - 60000 Puffs  | Free Shipping\",\"potentialAction\":[{\"@type\":\"SearchAction\",\"target\":{\"@type\":\"EntryPoint\",\"urlTemplate\":\"https:\/\/shop.fizzyvape.com\/es\/?s={search_term_string}\"},\"query-input\":{\"@type\":\"PropertyValueSpecification\",\"valueRequired\":true,\"valueName\":\"search_term_string\"}}],\"inLanguage\":\"es\"}]}<\/script>\n<!-- \/ Yoast SEO Premium plugin. -->","yoast_head_json":{"title":"Mayorista de Vaper Desechable en Madrid | Fizzy Vape Oficial","description":"Mayorista de Vaper Desechable en Madrid con env\u00edo r\u00e1pido desde Europa. Productos originales Fizzy, soporte en espa\u00f1ol y precios especiales para distribuidores.","robots":{"index":"index","follow":"follow","max-snippet":"max-snippet:-1","max-image-preview":"max-image-preview:large","max-video-preview":"max-video-preview:-1"},"canonical":"https:\/\/shop.fizzyvape.com\/es\/compra-vaper-desechable-al-por-mayor-en-madrid\/","og_locale":"es_ES","og_type":"article","og_title":"Compra Vaper Desechable al por Mayor en Madrid","og_description":"Mayorista de Vaper Desechable en Madrid con env\u00edo r\u00e1pido desde Europa. Productos originales Fizzy, soporte en espa\u00f1ol y precios especiales para distribuidores.","og_url":"https:\/\/shop.fizzyvape.com\/es\/compra-vaper-desechable-al-por-mayor-en-madrid\/","og_site_name":"shop.fizzyvape.com","article_modified_time":"2025-07-25T09:25:35+00:00","twitter_card":"summary_large_image","twitter_misc":{"Tiempo de lectura":"2 minutos"},"schema":{"@context":"https:\/\/schema.org","@graph":[{"@type":"WebPage","@id":"https:\/\/shop.fizzyvape.com\/es\/compra-vaper-desechable-al-por-mayor-en-madrid\/","url":"https:\/\/shop.fizzyvape.com\/es\/compra-vaper-desechable-al-por-mayor-en-madrid\/","name":"Mayorista de Vaper Desechable en Madrid | Fizzy Vape Oficial","isPartOf":{"@id":"https:\/\/shop.fizzyvape.com\/es\/#website"},"datePublished":"2025-07-25T09:18:44+00:00","dateModified":"2025-07-25T09:25:35+00:00","description":"Mayorista de Vaper Desechable en Madrid con env\u00edo r\u00e1pido desde Europa. Productos originales Fizzy, soporte en espa\u00f1ol y precios especiales para distribuidores.","breadcrumb":{"@id":"https:\/\/shop.fizzyvape.com\/es\/compra-vaper-desechable-al-por-mayor-en-madrid\/#breadcrumb"},"inLanguage":"es","potentialAction":[{"@type":"ReadAction","target":["https:\/\/shop.fizzyvape.com\/es\/compra-vaper-desechable-al-por-mayor-en-madrid\/"]}]},{"@type":"BreadcrumbList","@id":"https:\/\/shop.fizzyvape.com\/es\/compra-vaper-desechable-al-por-mayor-en-madrid\/#breadcrumb","itemListElement":[{"@type":"ListItem","position":1,"name":"\u9996\u9875","item":"https:\/\/shop.fizzyvape.com\/es\/"},{"@type":"ListItem","position":2,"name":"Compra Vaper Desechable al por Mayor en Madrid"}]},{"@type":"WebSite","@id":"https:\/\/shop.fizzyvape.com\/es\/#website","url":"https:\/\/shop.fizzyvape.com\/es\/","name":"shop.fizzyvape.com","description":"The Best Disposable Vape In Europe | 10000 - 60000 Puffs  | Free Shipping","potentialAction":[{"@type":"SearchAction","target":{"@type":"EntryPoint","urlTemplate":"https:\/\/shop.fizzyvape.com\/es\/?s={search_term_string}"},"query-input":{"@type":"PropertyValueSpecification","valueRequired":true,"valueName":"search_term_string"}}],"inLanguage":"es"}]}},"_links":{"self":[{"href":"https:\/\/shop.fizzyvape.com\/es\/wp-json\/wp\/v2\/pages\/20716","targetHints":{"allow":["GET"]}}],"collection":[{"href":"https:\/\/shop.fizzyvape.com\/es\/wp-json\/wp\/v2\/pages"}],"about":[{"href":"https:\/\/shop.fizzyvape.com\/es\/wp-json\/wp\/v2\/types\/page"}],"author":[{"embeddable":true,"href":"https:\/\/shop.fizzyvape.com\/es\/wp-json\/wp\/v2\/users\/4"}],"replies":[{"embeddable":true,"href":"https:\/\/shop.fizzyvape.com\/es\/wp-json\/wp\/v2\/comments?post=20716"}],"version-history":[{"count":0,"href":"https:\/\/shop.fizzyvape.com\/es\/wp-json\/wp\/v2\/pages\/20716\/revisions"}],"wp:attachment":[{"href":"https:\/\/shop.fizzyvape.com\/es\/wp-json\/wp\/v2\/media?parent=20716"}],"curies":[{"name":"wp","href":"https:\/\/api.w.org\/{rel}","templated":true}]}}