{"id":19362,"date":"2025-06-24T10:28:15","date_gmt":"2025-06-24T10:28:15","guid":{"rendered":"https:\/\/shop.fizzyvape.com\/product\/fizzy-twins-sabor-dual-50000-puffs-vape-desechable-10pcs\/"},"modified":"2026-04-05T09:16:14","modified_gmt":"2026-04-05T09:16:14","slug":"fizzy-twins-sabor-dual-50000-puffs-vape-desechable-10pcs","status":"publish","type":"product","link":"https:\/\/shop.fizzyvape.com\/es\/producto\/fizzy-twins-sabor-dual-50000-puffs-vape-desechable-10pcs\/","title":{"rendered":"Fizzy Twins Sabor Dual 50000 Puffs Vape Desechable &#8211; 10pcs"},"content":{"rendered":"<div>\n<h2><strong>Fizzy Twins 50000 Puffs Vape Desechable <\/strong><strong>Doble sabor <\/strong><strong>&#8211; \u00a1Oferta limitada de 10 unidades!<\/strong><\/h2>\n<p><strong>El doble de sabor, el doble de potencia.<\/strong><br \/>\nDescubre el siguiente nivel de vapeo con <strong>Fizzy Twins Dual Flavor 50000 Puffs<\/strong>, ahora disponible en un paquete limitado de 10 unidades a precios inmejorables al por mayor. Dise\u00f1ado para vapeadores que anhelan variedad y rendimiento, cada dispositivo te permite <strong>cambiar instant\u00e1neamente entre dos sabores<\/strong> con una sola pulsaci\u00f3n. Dise\u00f1ado con <strong>doble bobina de malla<\/strong>, <strong>carga r\u00e1pida USB-C<\/strong> y <strong>flujo de aire ajustable<\/strong>, proporciona nubes suaves y sabrosas hasta <strong>50.000 caladas<\/strong>.<\/p>\n<h3>Caracter\u00edsticas principales:<\/h3>\n<ul>\n<li><strong>2 Sabores, 1 Dispositivo<\/strong> &#8211; Alterna entre sabores cuando lo necesites.<\/li>\n<li><strong>50.000 inhalaciones<\/strong> &#8211; Capacidad ultra alta para un uso prolongado.<\/li>\n<li><strong>Dep\u00f3sitos dobles de 25 ml<\/strong> &#8211; C\u00e1maras de sabor puras y separadas.<\/li>\n<li><strong>Modos Eco y Boost<\/strong>: alterna entre una mayor duraci\u00f3n de la bater\u00eda o un vapor intenso.<\/li>\n<li><strong>Pantalla LED inteligente<\/strong> &#8211; Visualizaci\u00f3n de la bater\u00eda y del nivel de l\u00edquido en tiempo real.<\/li>\n<li><strong>Flujo de aire ajustable<\/strong>: personaliza tu vape de ligero a atrevido.<\/li>\n<li><strong>Dise\u00f1o met\u00e1lico de primera calidad<\/strong>: resistente a las fugas, listo para llevar en el bolsillo y fabricado para durar.<\/li>\n<\/ul>\n<h3>Por qu\u00e9 destaca:<\/h3>\n<ul>\n<li><strong>Se acab\u00f3 llevar dos vaporizadores<\/strong>: un aparato, dos sabores completos.<\/li>\n<li><strong>Recargable y sin recambios<\/strong>: s\u00f3lo tienes que vapear y listo.<\/li>\n<li><strong>Perfecto para compradores al por mayor<\/strong>: abast\u00e9cete con esta oferta exclusiva de 10 unidades.<\/li>\n<\/ul>\n<\/div>\n<div>\n<h3><strong>Opciones de nicotina:<\/strong><\/h3>\n<p><strong>2% (20mg\/mL<\/strong> <strong> ) &#8211; Ideal <\/strong> para una experiencia de vapeo suave y sabrosa<br \/>\n<strong>5% (50mg\/mL<\/strong> <strong> ) &#8211; Dise\u00f1ado <\/strong>para un golpe de garganta m\u00e1s fuerte y satisfactorio<\/p>\n<h3>Especificaciones<\/h3>\n<table style=\"height: 449px;\" width=\"1340\">\n<tbody>\n<tr>\n<td>Puffs<\/td>\n<td><strong>50000+ Puffs<\/strong><\/td>\n<\/tr>\n<tr>\n<td>Capacidad del e-l\u00edquido<\/td>\n<td><strong>50 ml (25 ml por sabor)<\/strong><\/td>\n<\/tr>\n<tr>\n<td>Capacidad de la bater\u00eda<\/td>\n<td><strong>850 mAh<\/strong><\/td>\n<\/tr>\n<tr>\n<td>Tama\u00f1o<\/td>\n<td><strong>55,9*27,3*119,8 mm<\/strong><\/td>\n<\/tr>\n<tr>\n<td>Desechable o no<\/td>\n<td><strong>Desechable<\/strong><\/td>\n<\/tr>\n<tr>\n<td>Potencia ajustable<\/td>\n<td><strong>S\u00cd<\/strong><\/td>\n<\/tr>\n<tr>\n<td>M\u00e9todo de activaci\u00f3n<\/td>\n<td><strong>Sensor<\/strong><\/td>\n<\/tr>\n<tr>\n<td>Material<\/td>\n<td><strong>PCTG<\/strong><\/td>\n<\/tr>\n<tr>\n<td>Nivel de nicotina<\/td>\n<td><strong>2% (20mg\/mL) y 5% (50mg\/mL)<\/strong><\/td>\n<\/tr>\n<tr>\n<td>Sabores<\/td>\n<td><strong>12<\/strong><\/td>\n<\/tr>\n<tr>\n<td>Embalaje<\/td>\n<td><strong>Paquete de 10 unidades<\/strong><\/td>\n<\/tr>\n<tr>\n<td>Tiempo de carga<\/td>\n<td><strong>2 horas<\/strong><\/td>\n<\/tr>\n<tr>\n<td>Almacenamiento<\/td>\n<td><strong>Evita los entornos con altas temperaturas y gu\u00e1rdalo en un lugar fresco y seco.<\/strong><\/td>\n<\/tr>\n<tr>\n<td>Personas cuyo uso est\u00e1 prohibido<\/td>\n<td><strong>Menores, mujeres embarazadas y personas al\u00e9rgicas a los ingredientes del producto.<\/strong><\/td>\n<\/tr>\n<tr>\n<td>Precauci\u00f3n<\/td>\n<td><strong>No tragues esta sustancia. En caso de ingesti\u00f3n, enju\u00e1gate bien la boca inmediatamente. Si te encuentras mal, acude al m\u00e9dico. <\/strong><\/td>\n<\/tr>\n<\/tbody>\n<\/table>\n<h3>Lista de Sabores de Vape Desechables <strong>Fizzy Twins <\/strong>50000 Puffs:<\/h3>\n<ol>\n<li><a href=\"https:\/\/shop.fizzyvape.com\/producto\/fizzy-twins-watermelon-ice-strawberry-kiwi-50000-puffs-disposable-vape\/\">Sand\u00eda Helada y Fresa Kiwi<\/a><\/li>\n<li><a href=\"https:\/\/shop.fizzyvape.com\/producto\/fizzy-twins-strawberry-kiwi-pomegranate-red-bull-50000-puffs-disposable-vape\/\">Fresa Kiwi Granada y Red Bull<\/a><\/li>\n<li><a href=\"https:\/\/shop.fizzyvape.com\/producto\/fizzy-twins-blueberry-coconut-grape-ice-50000-puffs-disposable-vape\/\">Hielo de ar\u00e1ndanos, coco y uva<\/a><\/li>\n<li><a href=\"https:\/\/shop.fizzyvape.com\/producto\/fizzy-twins-blue-razz-lemonade-triple-melon-50000-puffs-disposable-vape\/\">Limonada Blue Razz y Mel\u00f3n Triple<\/a><\/li>\n<li><a href=\"https:\/\/shop.fizzyvape.com\/producto\/fizzy-twins-strawberry-watermelon-blueberry-ice-50000-puffs-disposable-vape\/\">Hielo de fresa, sand\u00eda y ar\u00e1ndanos<\/a><\/li>\n<li><a href=\"https:\/\/shop.fizzyvape.com\/producto\/fizzy-twins-peach-mango-watermelon-strawberry-banana-50000-puffs-disposable-vape\/\">Melocot\u00f3n Mango Sand\u00eda y Fresa Pl\u00e1tano<\/a><\/li>\n<li><a href=\"https:\/\/shop.fizzyvape.com\/producto\/fizzy-twins-raspberry-watermelon-kiwi-passion-fruit-guava-50000-puffs-disposable-vape\/\">Frambuesa Sand\u00eda y Kiwi Fruta de la Pasi\u00f3n Guayaba<\/a><\/li>\n<li><a href=\"https:\/\/shop.fizzyvape.com\/producto\/fizzy-twins-pineapple-peach-passion-fruit-blueberry-raspberry-50000-puffs-disposable-vape\/\">Pi\u00f1a Melocot\u00f3n Fruta de la Pasi\u00f3n y Ar\u00e1ndanos Frambuesa<\/a><\/li>\n<li><a href=\"https:\/\/shop.fizzyvape.com\/producto\/fizzy-twins-watermelon-ice-lemon-lime-50000-puffs-disposable-vape\/\">Hielo de sand\u00eda y lima lim\u00f3n<\/a><\/li>\n<li><a href=\"https:\/\/shop.fizzyvape.com\/producto\/fizzy-twins-mixed-berry-peach-ice-50000-puffs-disposable-vape\/\">Hielo de frutas del bosque y melocot\u00f3n<\/a><\/li>\n<li><a href=\"https:\/\/shop.fizzyvape.com\/producto\/fizzy-twins-strawberry-ice-fizzy-cherry-50000-puffs-disposable-vape\/\">Fresa helada y cereza efervescente<\/a><\/li>\n<li><a href=\"https:\/\/shop.fizzyvape.com\/producto\/fizzy-twins-raspberry-lemonade-strawberry-ice-50000-puffs-disposable-vape\/\">Limonada de Frambuesa y Hielo de Fresa<\/a><\/li>\n<\/ol>\n<h3><strong>Fizzy Twins Sabor Dual 50000 Puffs Vape Desechable &#8211; Preguntas frecuentes<\/strong><\/h3>\n<p><strong>\u00bfPuedo elegir diferentes sabores en el paquete de 10?<\/strong><br \/>\nS\u00ed, puedes combinar cualquiera de nuestras 12 combinaciones de doble sabor en tu pedido de 10 unidades. S\u00f3lo tienes que dejar tus selecciones en las notas del pedido al finalizar la compra, o ponerte en contacto con nuestro equipo de mayoristas para que te ayuden.<\/p>\n<p><strong>\u00bfCu\u00e1nto dura cada aparato?<\/strong><br \/>\nCada vape contiene 50 ml de e-l\u00edquido y proporciona hasta 50.000 caladas. Para la mayor\u00eda de los usuarios, eso significa 3-4 semanas de uso. Los vapeadores empedernidos pueden terminar un dispositivo en unas 2-3 semanas.<\/p>\n<p><strong>\u00bfQu\u00e9 diferencia hay entre el Modo Est\u00e1ndar y el Modo Impulso?<\/strong><\/p>\n<ul>\n<li><strong>El Modo Est\u00e1ndar<\/strong> ofrece un vapeo suave y equilibrado, ideal para el uso diario.<\/li>\n<li><strong>El modo Boost<\/strong> aumenta la intensidad del sabor y crea nubes m\u00e1s grandes y densas para un golpe m\u00e1s potente.<\/li>\n<\/ul>\n<\/div>\n","protected":false},"excerpt":{"rendered":"<p><strong>Aprovecha nuestra oferta limitada al por mayor del paquete de 10 Fizzy Twins!<\/strong><br \/>\nExperimenta el futuro del vapeo desechable con el <strong>Fizzy Twins Dual Flavor 50000 Puffs<\/strong>, ahora disponible en un <strong>paquete especial de 10 piezas a un precio exclusivo al por mayor<\/strong>. Cada dispositivo incluye <strong>dos sabores de primera<\/strong> en una elegante unidad, que proporciona <strong>hasta 50.000 caladas<\/strong> con ajustes de potencia y flujo de aire. Ideal para minoristas que quieran ofrecer uno de los vapeadores m\u00e1s avanzados y demandados del mercado actual.<\/p>\n","protected":false},"featured_media":20889,"comment_status":"open","ping_status":"closed","template":"","meta":[],"product_brand":[],"product_cat":[245,196,297,128,127],"product_tag":[140,141,132,131,133],"class_list":{"0":"post-19362","1":"product","2":"type-product","3":"status-publish","4":"has-post-thumbnail","6":"product_cat-10-unidades-de-vape-desechable","7":"product_cat-fizzy-twins-50k-puffs-al-por-mayor-es","8":"product_cat-almacen-de-la-ue","9":"product_cat-vapers-desechables-al-por-mayor","10":"product_cat-vapeador-desechable-fizzy-twins-50000-puffs","11":"product_tag-50k-puffs","12":"product_tag-doble-sabor","13":"product_tag-vaper-recargable","14":"product_tag-vape-desechable-online","15":"product_tag-venta-al-por-mayor","17":"first","18":"outofstock","19":"sale","20":"shipping-taxable","21":"purchasable","22":"product-type-variable"},"yoast_head":"<!-- This site is optimized with the Yoast SEO Premium plugin v24.8 (Yoast SEO v27.4) - https:\/\/yoast.com\/product\/yoast-seo-premium-wordpress\/ -->\n<title>Fizzy Twins Sabor Dual 50K 50000 Puffs Vape Desechable<\/title>\n<meta name=\"description\" content=\"\u00a1Paquete limitado de 10 unidades de Fizzy Twins de 50.000 caladas! Conmutador de doble sabor, carga USB-C, capacidad de 50 ml. Precio exclusivo al por mayor. \u00a1Haz tu pedido hoy mismo!\" \/>\n<meta name=\"robots\" content=\"index, follow, max-snippet:-1, max-image-preview:large, max-video-preview:-1\" \/>\n<link rel=\"canonical\" href=\"https:\/\/shop.fizzyvape.com\/es\/producto\/fizzy-twins-sabor-dual-50000-puffs-vape-desechable-10pcs\/\" \/>\n<meta property=\"og:locale\" content=\"es_ES\" \/>\n<meta property=\"og:type\" content=\"article\" \/>\n<meta property=\"og:title\" content=\"Fizzy Twins Sabor Dual 50000 Puffs Vape Desechable - 10pcs\" \/>\n<meta property=\"og:description\" content=\"\u00a1Paquete limitado de 10 unidades de Fizzy Twins de 50.000 caladas! Conmutador de doble sabor, carga USB-C, capacidad de 50 ml. Precio exclusivo al por mayor. \u00a1Haz tu pedido hoy mismo!\" \/>\n<meta property=\"og:url\" content=\"https:\/\/shop.fizzyvape.com\/es\/producto\/fizzy-twins-sabor-dual-50000-puffs-vape-desechable-10pcs\/\" \/>\n<meta property=\"og:site_name\" content=\"shop.fizzyvape.com\" \/>\n<meta property=\"article:modified_time\" content=\"2026-04-05T09:16:14+00:00\" \/>\n<meta property=\"og:image\" content=\"https:\/\/shop.fizzyvape.com\/wp-content\/uploads\/2025\/06\/Fizzy-Twins-50000-Puffs-Disposable-Vape-1-1.webp\" \/>\n\t<meta property=\"og:image:width\" content=\"800\" \/>\n\t<meta property=\"og:image:height\" content=\"800\" \/>\n\t<meta property=\"og:image:type\" content=\"image\/webp\" \/>\n<meta name=\"twitter:card\" content=\"summary_large_image\" \/>\n<meta name=\"twitter:label1\" content=\"Tiempo de lectura\" \/>\n\t<meta name=\"twitter:data1\" content=\"4 minutos\" \/>\n<script type=\"application\/ld+json\" class=\"yoast-schema-graph\">{\"@context\":\"https:\\\/\\\/schema.org\",\"@graph\":[{\"@type\":\"WebPage\",\"@id\":\"https:\\\/\\\/shop.fizzyvape.com\\\/es\\\/producto\\\/fizzy-twins-sabor-dual-50000-puffs-vape-desechable-10pcs\\\/\",\"url\":\"https:\\\/\\\/shop.fizzyvape.com\\\/es\\\/producto\\\/fizzy-twins-sabor-dual-50000-puffs-vape-desechable-10pcs\\\/\",\"name\":\"Fizzy Twins Sabor Dual 50K 50000 Puffs Vape Desechable\",\"isPartOf\":{\"@id\":\"https:\\\/\\\/shop.fizzyvape.com\\\/es\\\/#website\"},\"primaryImageOfPage\":{\"@id\":\"https:\\\/\\\/shop.fizzyvape.com\\\/es\\\/producto\\\/fizzy-twins-sabor-dual-50000-puffs-vape-desechable-10pcs\\\/#primaryimage\"},\"image\":{\"@id\":\"https:\\\/\\\/shop.fizzyvape.com\\\/es\\\/producto\\\/fizzy-twins-sabor-dual-50000-puffs-vape-desechable-10pcs\\\/#primaryimage\"},\"thumbnailUrl\":\"https:\\\/\\\/shop.fizzyvape.com\\\/wp-content\\\/uploads\\\/2025\\\/06\\\/Fizzy-Twins-50000-Puffs-Disposable-Vape-1-1.webp\",\"datePublished\":\"2025-06-24T10:28:15+00:00\",\"dateModified\":\"2026-04-05T09:16:14+00:00\",\"description\":\"\u00a1Paquete limitado de 10 unidades de Fizzy Twins de 50.000 caladas! Conmutador de doble sabor, carga USB-C, capacidad de 50 ml. Precio exclusivo al por mayor. \u00a1Haz tu pedido hoy mismo!\",\"breadcrumb\":{\"@id\":\"https:\\\/\\\/shop.fizzyvape.com\\\/es\\\/producto\\\/fizzy-twins-sabor-dual-50000-puffs-vape-desechable-10pcs\\\/#breadcrumb\"},\"inLanguage\":\"es\",\"potentialAction\":[{\"@type\":\"ReadAction\",\"target\":[\"https:\\\/\\\/shop.fizzyvape.com\\\/es\\\/producto\\\/fizzy-twins-sabor-dual-50000-puffs-vape-desechable-10pcs\\\/\"]}]},{\"@type\":\"ImageObject\",\"inLanguage\":\"es\",\"@id\":\"https:\\\/\\\/shop.fizzyvape.com\\\/es\\\/producto\\\/fizzy-twins-sabor-dual-50000-puffs-vape-desechable-10pcs\\\/#primaryimage\",\"url\":\"https:\\\/\\\/shop.fizzyvape.com\\\/wp-content\\\/uploads\\\/2025\\\/06\\\/Fizzy-Twins-50000-Puffs-Disposable-Vape-1-1.webp\",\"contentUrl\":\"https:\\\/\\\/shop.fizzyvape.com\\\/wp-content\\\/uploads\\\/2025\\\/06\\\/Fizzy-Twins-50000-Puffs-Disposable-Vape-1-1.webp\",\"width\":800,\"height\":800,\"caption\":\"Fizzy Twins 50k 50000 Puffs Disposable Vape-1\"},{\"@type\":\"BreadcrumbList\",\"@id\":\"https:\\\/\\\/shop.fizzyvape.com\\\/es\\\/producto\\\/fizzy-twins-sabor-dual-50000-puffs-vape-desechable-10pcs\\\/#breadcrumb\",\"itemListElement\":[{\"@type\":\"ListItem\",\"position\":1,\"name\":\"\u9996\u9875\",\"item\":\"https:\\\/\\\/shop.fizzyvape.com\\\/es\\\/\"},{\"@type\":\"ListItem\",\"position\":2,\"name\":\"Shop\",\"item\":\"https:\\\/\\\/shop.fizzyvape.com\\\/shop\\\/\"},{\"@type\":\"ListItem\",\"position\":3,\"name\":\"Fizzy Twins Sabor Dual 50000 Puffs Vape Desechable &#8211; 10pcs\"}]},{\"@type\":\"WebSite\",\"@id\":\"https:\\\/\\\/shop.fizzyvape.com\\\/es\\\/#website\",\"url\":\"https:\\\/\\\/shop.fizzyvape.com\\\/es\\\/\",\"name\":\"shop.fizzyvape.com\",\"description\":\"The Best Disposable Vape In Europe | 10000 - 60000 Puffs  | Free Shipping\",\"potentialAction\":[{\"@type\":\"SearchAction\",\"target\":{\"@type\":\"EntryPoint\",\"urlTemplate\":\"https:\\\/\\\/shop.fizzyvape.com\\\/es\\\/?s={search_term_string}\"},\"query-input\":{\"@type\":\"PropertyValueSpecification\",\"valueRequired\":true,\"valueName\":\"search_term_string\"}}],\"inLanguage\":\"es\"}]}<\/script>\n<!-- \/ Yoast SEO Premium plugin. -->","yoast_head_json":{"title":"Fizzy Twins Sabor Dual 50K 50000 Puffs Vape Desechable","description":"\u00a1Paquete limitado de 10 unidades de Fizzy Twins de 50.000 caladas! Conmutador de doble sabor, carga USB-C, capacidad de 50 ml. Precio exclusivo al por mayor. \u00a1Haz tu pedido hoy mismo!","robots":{"index":"index","follow":"follow","max-snippet":"max-snippet:-1","max-image-preview":"max-image-preview:large","max-video-preview":"max-video-preview:-1"},"canonical":"https:\/\/shop.fizzyvape.com\/es\/producto\/fizzy-twins-sabor-dual-50000-puffs-vape-desechable-10pcs\/","og_locale":"es_ES","og_type":"article","og_title":"Fizzy Twins Sabor Dual 50000 Puffs Vape Desechable - 10pcs","og_description":"\u00a1Paquete limitado de 10 unidades de Fizzy Twins de 50.000 caladas! Conmutador de doble sabor, carga USB-C, capacidad de 50 ml. Precio exclusivo al por mayor. \u00a1Haz tu pedido hoy mismo!","og_url":"https:\/\/shop.fizzyvape.com\/es\/producto\/fizzy-twins-sabor-dual-50000-puffs-vape-desechable-10pcs\/","og_site_name":"shop.fizzyvape.com","article_modified_time":"2026-04-05T09:16:14+00:00","og_image":[{"width":800,"height":800,"url":"https:\/\/shop.fizzyvape.com\/wp-content\/uploads\/2025\/06\/Fizzy-Twins-50000-Puffs-Disposable-Vape-1-1.webp","type":"image\/webp"}],"twitter_card":"summary_large_image","twitter_misc":{"Tiempo de lectura":"4 minutos"},"schema":{"@context":"https:\/\/schema.org","@graph":[{"@type":"WebPage","@id":"https:\/\/shop.fizzyvape.com\/es\/producto\/fizzy-twins-sabor-dual-50000-puffs-vape-desechable-10pcs\/","url":"https:\/\/shop.fizzyvape.com\/es\/producto\/fizzy-twins-sabor-dual-50000-puffs-vape-desechable-10pcs\/","name":"Fizzy Twins Sabor Dual 50K 50000 Puffs Vape Desechable","isPartOf":{"@id":"https:\/\/shop.fizzyvape.com\/es\/#website"},"primaryImageOfPage":{"@id":"https:\/\/shop.fizzyvape.com\/es\/producto\/fizzy-twins-sabor-dual-50000-puffs-vape-desechable-10pcs\/#primaryimage"},"image":{"@id":"https:\/\/shop.fizzyvape.com\/es\/producto\/fizzy-twins-sabor-dual-50000-puffs-vape-desechable-10pcs\/#primaryimage"},"thumbnailUrl":"https:\/\/shop.fizzyvape.com\/wp-content\/uploads\/2025\/06\/Fizzy-Twins-50000-Puffs-Disposable-Vape-1-1.webp","datePublished":"2025-06-24T10:28:15+00:00","dateModified":"2026-04-05T09:16:14+00:00","description":"\u00a1Paquete limitado de 10 unidades de Fizzy Twins de 50.000 caladas! Conmutador de doble sabor, carga USB-C, capacidad de 50 ml. Precio exclusivo al por mayor. \u00a1Haz tu pedido hoy mismo!","breadcrumb":{"@id":"https:\/\/shop.fizzyvape.com\/es\/producto\/fizzy-twins-sabor-dual-50000-puffs-vape-desechable-10pcs\/#breadcrumb"},"inLanguage":"es","potentialAction":[{"@type":"ReadAction","target":["https:\/\/shop.fizzyvape.com\/es\/producto\/fizzy-twins-sabor-dual-50000-puffs-vape-desechable-10pcs\/"]}]},{"@type":"ImageObject","inLanguage":"es","@id":"https:\/\/shop.fizzyvape.com\/es\/producto\/fizzy-twins-sabor-dual-50000-puffs-vape-desechable-10pcs\/#primaryimage","url":"https:\/\/shop.fizzyvape.com\/wp-content\/uploads\/2025\/06\/Fizzy-Twins-50000-Puffs-Disposable-Vape-1-1.webp","contentUrl":"https:\/\/shop.fizzyvape.com\/wp-content\/uploads\/2025\/06\/Fizzy-Twins-50000-Puffs-Disposable-Vape-1-1.webp","width":800,"height":800,"caption":"Fizzy Twins 50k 50000 Puffs Disposable Vape-1"},{"@type":"BreadcrumbList","@id":"https:\/\/shop.fizzyvape.com\/es\/producto\/fizzy-twins-sabor-dual-50000-puffs-vape-desechable-10pcs\/#breadcrumb","itemListElement":[{"@type":"ListItem","position":1,"name":"\u9996\u9875","item":"https:\/\/shop.fizzyvape.com\/es\/"},{"@type":"ListItem","position":2,"name":"Shop","item":"https:\/\/shop.fizzyvape.com\/shop\/"},{"@type":"ListItem","position":3,"name":"Fizzy Twins Sabor Dual 50000 Puffs Vape Desechable &#8211; 10pcs"}]},{"@type":"WebSite","@id":"https:\/\/shop.fizzyvape.com\/es\/#website","url":"https:\/\/shop.fizzyvape.com\/es\/","name":"shop.fizzyvape.com","description":"The Best Disposable Vape In Europe | 10000 - 60000 Puffs  | Free Shipping","potentialAction":[{"@type":"SearchAction","target":{"@type":"EntryPoint","urlTemplate":"https:\/\/shop.fizzyvape.com\/es\/?s={search_term_string}"},"query-input":{"@type":"PropertyValueSpecification","valueRequired":true,"valueName":"search_term_string"}}],"inLanguage":"es"}]}},"tiered_pricing_type":"fixed","tiered_pricing_fixed_rules":[],"tiered_pricing_product_settings":{"layout":"default","base_unit_name":{"singular":null,"plural":null},"default_variation":null},"tiered_pricing_minimum_quantity":null,"tiered_pricing_roles_data":[],"tiered_pricing_percentage_rules":[],"tiered_pricing_maximum_quantity":null,"tiered_pricing_quantity_step":null,"_links":{"self":[{"href":"https:\/\/shop.fizzyvape.com\/es\/wp-json\/wp\/v2\/product\/19362","targetHints":{"allow":["GET"]}}],"collection":[{"href":"https:\/\/shop.fizzyvape.com\/es\/wp-json\/wp\/v2\/product"}],"about":[{"href":"https:\/\/shop.fizzyvape.com\/es\/wp-json\/wp\/v2\/types\/product"}],"replies":[{"embeddable":true,"href":"https:\/\/shop.fizzyvape.com\/es\/wp-json\/wp\/v2\/comments?post=19362"}],"version-history":[{"count":1,"href":"https:\/\/shop.fizzyvape.com\/es\/wp-json\/wp\/v2\/product\/19362\/revisions"}],"predecessor-version":[{"id":28278,"href":"https:\/\/shop.fizzyvape.com\/es\/wp-json\/wp\/v2\/product\/19362\/revisions\/28278"}],"wp:featuredmedia":[{"embeddable":true,"href":"https:\/\/shop.fizzyvape.com\/es\/wp-json\/wp\/v2\/media\/20889"}],"wp:attachment":[{"href":"https:\/\/shop.fizzyvape.com\/es\/wp-json\/wp\/v2\/media?parent=19362"}],"wp:term":[{"taxonomy":"product_brand","embeddable":true,"href":"https:\/\/shop.fizzyvape.com\/es\/wp-json\/wp\/v2\/product_brand?post=19362"},{"taxonomy":"product_cat","embeddable":true,"href":"https:\/\/shop.fizzyvape.com\/es\/wp-json\/wp\/v2\/product_cat?post=19362"},{"taxonomy":"product_tag","embeddable":true,"href":"https:\/\/shop.fizzyvape.com\/es\/wp-json\/wp\/v2\/product_tag?post=19362"}],"curies":[{"name":"wp","href":"https:\/\/api.w.org\/{rel}","templated":true}]}}