{"id":19439,"date":"2025-06-24T06:55:36","date_gmt":"2025-06-24T06:55:36","guid":{"rendered":"https:\/\/shop.fizzyvape.com\/product\/fizzy-nova-plus-40000-puffs-vape-desechable-10pcs\/"},"modified":"2025-12-05T07:07:57","modified_gmt":"2025-12-05T07:07:57","slug":"fizzy-nova-plus-40000-puffs-vape-desechable-10pcs","status":"publish","type":"product","link":"https:\/\/shop.fizzyvape.com\/es\/producto\/fizzy-nova-plus-40000-puffs-vape-desechable-10pcs\/","title":{"rendered":"Fizzy Nova Plus 40000 Puffs Vape Desechable &#8211; 10pcs"},"content":{"rendered":"<div>\n<h1><strong>Fizzy Nova Plus 40000 Puffs Vape Desechable &#8211; Vaping Premium Redefinido<\/strong><\/h1>\n<p>Ad\u00e9ntrate en el futuro del vapeo con el <strong>Fizzy Nova Plus<\/strong>. Dise\u00f1ado para vapeadores que exigen rendimiento, sabor y estilo, este dispositivo ofrece <strong>hasta 40.000 caladas<\/strong>, dos modos de vapeo y un vapor rico y con cuerpo en un dise\u00f1o elegante y de primera calidad.<\/p>\n<h3>Aspectos destacados:<\/h3>\n<ul>\n<li><strong>40.000 Puffs<\/strong> &#8211; Uso prolongado sin comprometer el sabor<\/li>\n<li><strong>E-l\u00edquido de 40 ml<\/strong> &#8211; Precargado para semanas de disfrute constante<\/li>\n<li><strong>Bobinas de malla doble<\/strong>: vapor denso y sabor puro en todo momento<\/li>\n<li><strong>Modos Eco y Turbo<\/strong> &#8211; Cambia entre resistencia e intensidad<\/li>\n<li><strong>Pantalla LED inteligente<\/strong>: niveles de bater\u00eda y zumo en tiempo real<\/li>\n<li><strong>Recargable por USB-C<\/strong> &#8211; Bater\u00eda r\u00e1pida y fiable de 850 mAh<\/li>\n<\/ul>\n<h3>\u00bfPor qu\u00e9 elegir Fizzy Nova Plus?<\/h3>\n<ul>\n<li><strong>Vida \u00fatil 4 veces m\u00e1s larga<\/strong> que los desechables est\u00e1ndar<\/li>\n<li><strong>Elegante acabado met\u00e1lico<\/strong> &#8211; Construido con materiales de calidad aeroespacial<\/li>\n<li><strong>Mezclas de Sabores Premium<\/strong> &#8211; Seleccionadas por expertos mix\u00f3logos<\/li>\n<li><strong>Experiencia personalizable<\/strong>: un dispositivo, dos modos din\u00e1micos<\/li>\n<\/ul>\n<\/div>\n<div>\n<h3><strong>Opciones de nicotina:<\/strong><\/h3>\n<p><strong>2% (20mg\/mL<\/strong> <strong> ) &#8211; Ideal <\/strong> para una experiencia de vapeo suave y sabrosa<br \/>\n<strong>5% (50mg\/mL<\/strong> <strong> ) &#8211; Dise\u00f1ado <\/strong> para un golpe de garganta m\u00e1s fuerte y satisfactorio<\/p>\n<h3>Especificaciones<\/h3>\n<table style=\"height: 449px;\" width=\"1340\">\n<tbody>\n<tr>\n<td>Puffs<\/td>\n<td><strong>M\u00e1s de 40000 Puffs<\/strong><\/td>\n<\/tr>\n<tr>\n<td>Capacidad del e-l\u00edquido<\/td>\n<td><strong>40 ml<\/strong><\/td>\n<\/tr>\n<tr>\n<td>Capacidad de la bater\u00eda<\/td>\n<td><strong>850 mAh<\/strong><\/td>\n<\/tr>\n<tr>\n<td>Tama\u00f1o<\/td>\n<td><strong>52,5*24,5*104,3 mm<\/strong><\/td>\n<\/tr>\n<tr>\n<td>Desechable o no<\/td>\n<td><strong>Desechable<\/strong><\/td>\n<\/tr>\n<tr>\n<td>M\u00e9todo de carga<\/td>\n<td><strong>Cable<\/strong><\/td>\n<\/tr>\n<tr>\n<td>M\u00e9todo de activaci\u00f3n<\/td>\n<td><strong>Sensor<\/strong><\/td>\n<\/tr>\n<tr>\n<td>Material<\/td>\n<td><strong>PCTG<\/strong><\/td>\n<\/tr>\n<tr>\n<td>Nivel de nicotina<\/td>\n<td><strong>2% (20mg\/mL) y 5% (50mg\/mL)<\/strong><\/td>\n<\/tr>\n<tr>\n<td>Sabores<\/td>\n<td><strong>12<\/strong><\/td>\n<\/tr>\n<tr>\n<td>Embalaje<\/td>\n<td><strong>Paquete de 10 unidades<\/strong><\/td>\n<\/tr>\n<tr>\n<td>Tiempo de carga<\/td>\n<td><strong>2 horas<\/strong><\/td>\n<\/tr>\n<tr>\n<td>Almacenamiento<\/td>\n<td><strong>Evita los entornos con altas temperaturas y gu\u00e1rdalo en un lugar fresco y seco.<\/strong><\/td>\n<\/tr>\n<tr>\n<td>Personas cuyo uso est\u00e1 prohibido<\/td>\n<td><strong>Menores, mujeres embarazadas y personas al\u00e9rgicas a los ingredientes del producto.<\/strong><\/td>\n<\/tr>\n<tr>\n<td>Precauci\u00f3n<\/td>\n<td><strong>No tragues esta sustancia. En caso de ingesti\u00f3n, enju\u00e1gate bien la boca inmediatamente. Si te encuentras mal, acude al m\u00e9dico. <\/strong><\/td>\n<\/tr>\n<\/tbody>\n<\/table>\n<h3>Lista de sabores de <strong>Fizzy Nova Plus <\/strong>40000 Puffs:<\/h3>\n<ol>\n<li><a href=\"https:\/\/shop.fizzyvape.com\/product\/nova-plus-strawberry-kiwi-40000-puffs-10pcs\/\">Fresa Kiwi<\/a><\/li>\n<li><a href=\"https:\/\/shop.fizzyvape.com\/product\/nova-plus-blueberry-ice-40000-puffs-10pcs\/\">Hielo de ar\u00e1ndanos<\/a><\/li>\n<li><a href=\"https:\/\/shop.fizzyvape.com\/product\/nova-plus-watermelon-ice-40000-puffs-10pcs\/\">Hielo de sand\u00eda<\/a><\/li>\n<li><a href=\"https:\/\/shop.fizzyvape.com\/product\/nova-plus-peach-mango-watermelon-40000-puffs-10pcs\/\">Melocot\u00f3n Mango Sand\u00eda<\/a><\/li>\n<li><a href=\"https:\/\/shop.fizzyvape.com\/product\/nova-plus-kiwi-passion-fruit-guava-40000-puffs-10pcs\/\">Kiwi Fruta de la pasi\u00f3n Guayaba<\/a><\/li>\n<li><a href=\"https:\/\/shop.fizzyvape.com\/product\/nova-plus-raspberry-lemon-40000-puffs-10pcs\/\">Frambuesa Lim\u00f3n<\/a><\/li>\n<li><a href=\"https:\/\/shop.fizzyvape.com\/product\/nova-plus-triple-berry-40000-puffs-10pcs\/\">Triple baya<\/a><\/li>\n<li><a href=\"https:\/\/shop.fizzyvape.com\/product\/nova-plus-peach-ice-40000-puffs-10pcs\/\">Melocot\u00f3n helado<\/a><\/li>\n<li><a href=\"https:\/\/shop.fizzyvape.com\/product\/nova-plus-grape-lime-40000-puffs-10pcs\/\">Uva Lima<\/a><\/li>\n<li><a href=\"https:\/\/shop.fizzyvape.com\/product\/nova-plus-blue-razz-lemonade-40000-puffs-10pcs\/\">Limonada Blue Razz<\/a><\/li>\n<li><a href=\"https:\/\/shop.fizzyvape.com\/product\/nova-plus-strawberry-ice-40000-puffs-10pcs\/\">Hielo de fresa<\/a><\/li>\n<li><a href=\"https:\/\/shop.fizzyvape.com\/product\/nova-plus-blueberry-coconut-40000-puffs-10pcs\/\">Coco con ar\u00e1ndanos<\/a><\/li>\n<\/ol>\n<h3>Preguntas frecuentes sobre Fizzy Nova Plus 40000 Puffs Vape desechable<\/h3>\n<p><strong>1. \u00bfCu\u00e1nto dura un dispositivo?<\/strong><br \/>\nCada Fizzy Nova Plus proporciona hasta <strong>40.000 caladas<\/strong>, lo que supera con creces a los desechables est\u00e1ndar. Para la mayor\u00eda de los usuarios, eso significa <strong>varias semanas<\/strong> de uso diario antes de necesitar un recambio.<\/p>\n<p><strong>2. \u00bfQu\u00e9 hace que Nova Plus sea \u00fanico?<\/strong><br \/>\nNova Plus combina <strong>tecnolog\u00eda de doble bobina de malla<\/strong>, <strong>modos Eco\/Turbo ajustables<\/strong>, un <strong>gran dep\u00f3sito de e-l\u00edquido de 40 ml<\/strong> y una <strong>pantalla LED inteligente, para<\/strong>ofrecer una <strong>experiencia de vapeo<\/strong> realmente <strong>personalizable y de primera calidad<\/strong>.<\/p>\n<p><strong>3. \u00bfCu\u00e1l es la diferencia entre los modos Eco y Turbo?<\/strong><\/p>\n<ul>\n<li><strong>Modo Eco<\/strong> &#8211; Conserva la bater\u00eda y el e-l\u00edquido para sesiones m\u00e1s largas.<\/li>\n<li><strong>Modo Turbo<\/strong> &#8211; Aumenta el vapor y el sabor para un golpe m\u00e1s fuerte e intenso.<\/li>\n<\/ul>\n<p><strong>4. \u00bfQu\u00e9 concentraciones de nicotina hay disponibles?<\/strong><br \/>\nFizzy Nova Plus se presenta en dos opciones:<\/p>\n<ul>\n<li><strong>2% (20mg<\/strong> ) &#8211; Suave y meloso<\/li>\n<li><strong>5% (50mg<\/strong> ) &#8211; Golpe de garganta m\u00e1s fuerte y satisfacci\u00f3n m\u00e1s r\u00e1pida<\/li>\n<\/ul>\n<\/div>\n","protected":false},"excerpt":{"rendered":"<p>Disfruta de un vapeo ultralargo con hasta <strong>40.000 caladas<\/strong>, un rico sabor gracias a <strong>las bobinas de doble malla<\/strong> y una personalizaci\u00f3n inteligente con <strong>los modos Eco y Turbo<\/strong>. Con <strong>40 ml de e-l\u00edquido<\/strong>, una <strong>bater\u00eda recargable de 850 mAh<\/strong> y un <strong>elegante acabado met\u00e1lico<\/strong>, Nova Plus redefine lo que puede ser un vapeador desechable.<\/p>\n","protected":false},"featured_media":18841,"comment_status":"open","ping_status":"closed","template":"","meta":[],"product_brand":[],"product_cat":[245,195,297,128],"product_tag":[145,132,131,133],"class_list":{"0":"post-19439","1":"product","2":"type-product","3":"status-publish","4":"has-post-thumbnail","6":"product_cat-10-unidades-de-vape-desechable","7":"product_cat-fizzy-nova-plus-40000-puffs-al-por-mayor","8":"product_cat-almacen-de-la-ue","9":"product_cat-vapers-desechables-al-por-mayor","10":"product_tag-puffs-40k","11":"product_tag-vaper-recargable","12":"product_tag-vape-desechable-online","13":"product_tag-venta-al-por-mayor","15":"first","16":"outofstock","17":"sale","18":"shipping-taxable","19":"purchasable","20":"product-type-variable"},"yoast_head":"<!-- This site is optimized with the Yoast SEO Premium plugin v24.8 (Yoast SEO v27.4) - https:\/\/yoast.com\/product\/yoast-seo-premium-wordpress\/ -->\n<title>Fizzy Nova Plus 40000 Puffs Vape Desechable - 10pcs - shop.fizzyvape.com<\/title>\n<meta name=\"description\" content=\"\u00a110pcs Fizzy Nova Plus Triple Berry 40K caladas vape! Mezcla de fresa, ar\u00e1ndano y frambuesa, recargable por USB-C. Desechables premium. Comprar ahora\" \/>\n<meta name=\"robots\" content=\"index, follow, max-snippet:-1, max-image-preview:large, max-video-preview:-1\" \/>\n<link rel=\"canonical\" href=\"https:\/\/shop.fizzyvape.com\/es\/producto\/fizzy-nova-plus-40000-puffs-vape-desechable-10pcs\/\" \/>\n<meta property=\"og:locale\" content=\"es_ES\" \/>\n<meta property=\"og:type\" content=\"article\" \/>\n<meta property=\"og:title\" content=\"Fizzy Nova Plus 40000 Puffs Vape Desechable - 10pcs\" \/>\n<meta property=\"og:description\" content=\"\u00a110pcs Fizzy Nova Plus Triple Berry 40K caladas vape! Mezcla de fresa, ar\u00e1ndano y frambuesa, recargable por USB-C. Desechables premium. Comprar ahora\" \/>\n<meta property=\"og:url\" content=\"https:\/\/shop.fizzyvape.com\/es\/producto\/fizzy-nova-plus-40000-puffs-vape-desechable-10pcs\/\" \/>\n<meta property=\"og:site_name\" content=\"shop.fizzyvape.com\" \/>\n<meta property=\"article:modified_time\" content=\"2025-12-05T07:07:57+00:00\" \/>\n<meta property=\"og:image\" content=\"https:\/\/shop.fizzyvape.com\/wp-content\/uploads\/2025\/06\/Fizzy-Nova-Plus-40000-Puffs-Triple-Berry-10pcs.webp\" \/>\n\t<meta property=\"og:image:width\" content=\"800\" \/>\n\t<meta property=\"og:image:height\" content=\"800\" \/>\n\t<meta property=\"og:image:type\" content=\"image\/webp\" \/>\n<meta name=\"twitter:card\" content=\"summary_large_image\" \/>\n<meta name=\"twitter:label1\" content=\"Tiempo de lectura\" \/>\n\t<meta name=\"twitter:data1\" content=\"3 minutos\" \/>\n<script type=\"application\/ld+json\" class=\"yoast-schema-graph\">{\"@context\":\"https:\\\/\\\/schema.org\",\"@graph\":[{\"@type\":\"WebPage\",\"@id\":\"https:\\\/\\\/shop.fizzyvape.com\\\/es\\\/producto\\\/fizzy-nova-plus-40000-puffs-vape-desechable-10pcs\\\/\",\"url\":\"https:\\\/\\\/shop.fizzyvape.com\\\/es\\\/producto\\\/fizzy-nova-plus-40000-puffs-vape-desechable-10pcs\\\/\",\"name\":\"Fizzy Nova Plus 40000 Puffs Vape Desechable - 10pcs - shop.fizzyvape.com\",\"isPartOf\":{\"@id\":\"https:\\\/\\\/shop.fizzyvape.com\\\/es\\\/#website\"},\"primaryImageOfPage\":{\"@id\":\"https:\\\/\\\/shop.fizzyvape.com\\\/es\\\/producto\\\/fizzy-nova-plus-40000-puffs-vape-desechable-10pcs\\\/#primaryimage\"},\"image\":{\"@id\":\"https:\\\/\\\/shop.fizzyvape.com\\\/es\\\/producto\\\/fizzy-nova-plus-40000-puffs-vape-desechable-10pcs\\\/#primaryimage\"},\"thumbnailUrl\":\"https:\\\/\\\/shop.fizzyvape.com\\\/wp-content\\\/uploads\\\/2025\\\/06\\\/Fizzy-Nova-Plus-40000-Puffs-Triple-Berry-10pcs.webp\",\"datePublished\":\"2025-06-24T06:55:36+00:00\",\"dateModified\":\"2025-12-05T07:07:57+00:00\",\"description\":\"\u00a110pcs Fizzy Nova Plus Triple Berry 40K caladas vape! Mezcla de fresa, ar\u00e1ndano y frambuesa, recargable por USB-C. Desechables premium. Comprar ahora\",\"breadcrumb\":{\"@id\":\"https:\\\/\\\/shop.fizzyvape.com\\\/es\\\/producto\\\/fizzy-nova-plus-40000-puffs-vape-desechable-10pcs\\\/#breadcrumb\"},\"inLanguage\":\"es\",\"potentialAction\":[{\"@type\":\"ReadAction\",\"target\":[\"https:\\\/\\\/shop.fizzyvape.com\\\/es\\\/producto\\\/fizzy-nova-plus-40000-puffs-vape-desechable-10pcs\\\/\"]}]},{\"@type\":\"ImageObject\",\"inLanguage\":\"es\",\"@id\":\"https:\\\/\\\/shop.fizzyvape.com\\\/es\\\/producto\\\/fizzy-nova-plus-40000-puffs-vape-desechable-10pcs\\\/#primaryimage\",\"url\":\"https:\\\/\\\/shop.fizzyvape.com\\\/wp-content\\\/uploads\\\/2025\\\/06\\\/Fizzy-Nova-Plus-40000-Puffs-Triple-Berry-10pcs.webp\",\"contentUrl\":\"https:\\\/\\\/shop.fizzyvape.com\\\/wp-content\\\/uploads\\\/2025\\\/06\\\/Fizzy-Nova-Plus-40000-Puffs-Triple-Berry-10pcs.webp\",\"width\":800,\"height\":800},{\"@type\":\"BreadcrumbList\",\"@id\":\"https:\\\/\\\/shop.fizzyvape.com\\\/es\\\/producto\\\/fizzy-nova-plus-40000-puffs-vape-desechable-10pcs\\\/#breadcrumb\",\"itemListElement\":[{\"@type\":\"ListItem\",\"position\":1,\"name\":\"\u9996\u9875\",\"item\":\"https:\\\/\\\/shop.fizzyvape.com\\\/es\\\/\"},{\"@type\":\"ListItem\",\"position\":2,\"name\":\"Shop\",\"item\":\"https:\\\/\\\/shop.fizzyvape.com\\\/shop\\\/\"},{\"@type\":\"ListItem\",\"position\":3,\"name\":\"Fizzy Nova Plus 40000 Puffs Vape Desechable &#8211; 10pcs\"}]},{\"@type\":\"WebSite\",\"@id\":\"https:\\\/\\\/shop.fizzyvape.com\\\/es\\\/#website\",\"url\":\"https:\\\/\\\/shop.fizzyvape.com\\\/es\\\/\",\"name\":\"shop.fizzyvape.com\",\"description\":\"The Best Disposable Vape In Europe | 10000 - 60000 Puffs  | Free Shipping\",\"potentialAction\":[{\"@type\":\"SearchAction\",\"target\":{\"@type\":\"EntryPoint\",\"urlTemplate\":\"https:\\\/\\\/shop.fizzyvape.com\\\/es\\\/?s={search_term_string}\"},\"query-input\":{\"@type\":\"PropertyValueSpecification\",\"valueRequired\":true,\"valueName\":\"search_term_string\"}}],\"inLanguage\":\"es\"}]}<\/script>\n<!-- \/ Yoast SEO Premium plugin. -->","yoast_head_json":{"title":"Fizzy Nova Plus 40000 Puffs Vape Desechable - 10pcs - shop.fizzyvape.com","description":"\u00a110pcs Fizzy Nova Plus Triple Berry 40K caladas vape! Mezcla de fresa, ar\u00e1ndano y frambuesa, recargable por USB-C. Desechables premium. Comprar ahora","robots":{"index":"index","follow":"follow","max-snippet":"max-snippet:-1","max-image-preview":"max-image-preview:large","max-video-preview":"max-video-preview:-1"},"canonical":"https:\/\/shop.fizzyvape.com\/es\/producto\/fizzy-nova-plus-40000-puffs-vape-desechable-10pcs\/","og_locale":"es_ES","og_type":"article","og_title":"Fizzy Nova Plus 40000 Puffs Vape Desechable - 10pcs","og_description":"\u00a110pcs Fizzy Nova Plus Triple Berry 40K caladas vape! Mezcla de fresa, ar\u00e1ndano y frambuesa, recargable por USB-C. Desechables premium. Comprar ahora","og_url":"https:\/\/shop.fizzyvape.com\/es\/producto\/fizzy-nova-plus-40000-puffs-vape-desechable-10pcs\/","og_site_name":"shop.fizzyvape.com","article_modified_time":"2025-12-05T07:07:57+00:00","og_image":[{"width":800,"height":800,"url":"https:\/\/shop.fizzyvape.com\/wp-content\/uploads\/2025\/06\/Fizzy-Nova-Plus-40000-Puffs-Triple-Berry-10pcs.webp","type":"image\/webp"}],"twitter_card":"summary_large_image","twitter_misc":{"Tiempo de lectura":"3 minutos"},"schema":{"@context":"https:\/\/schema.org","@graph":[{"@type":"WebPage","@id":"https:\/\/shop.fizzyvape.com\/es\/producto\/fizzy-nova-plus-40000-puffs-vape-desechable-10pcs\/","url":"https:\/\/shop.fizzyvape.com\/es\/producto\/fizzy-nova-plus-40000-puffs-vape-desechable-10pcs\/","name":"Fizzy Nova Plus 40000 Puffs Vape Desechable - 10pcs - shop.fizzyvape.com","isPartOf":{"@id":"https:\/\/shop.fizzyvape.com\/es\/#website"},"primaryImageOfPage":{"@id":"https:\/\/shop.fizzyvape.com\/es\/producto\/fizzy-nova-plus-40000-puffs-vape-desechable-10pcs\/#primaryimage"},"image":{"@id":"https:\/\/shop.fizzyvape.com\/es\/producto\/fizzy-nova-plus-40000-puffs-vape-desechable-10pcs\/#primaryimage"},"thumbnailUrl":"https:\/\/shop.fizzyvape.com\/wp-content\/uploads\/2025\/06\/Fizzy-Nova-Plus-40000-Puffs-Triple-Berry-10pcs.webp","datePublished":"2025-06-24T06:55:36+00:00","dateModified":"2025-12-05T07:07:57+00:00","description":"\u00a110pcs Fizzy Nova Plus Triple Berry 40K caladas vape! Mezcla de fresa, ar\u00e1ndano y frambuesa, recargable por USB-C. Desechables premium. Comprar ahora","breadcrumb":{"@id":"https:\/\/shop.fizzyvape.com\/es\/producto\/fizzy-nova-plus-40000-puffs-vape-desechable-10pcs\/#breadcrumb"},"inLanguage":"es","potentialAction":[{"@type":"ReadAction","target":["https:\/\/shop.fizzyvape.com\/es\/producto\/fizzy-nova-plus-40000-puffs-vape-desechable-10pcs\/"]}]},{"@type":"ImageObject","inLanguage":"es","@id":"https:\/\/shop.fizzyvape.com\/es\/producto\/fizzy-nova-plus-40000-puffs-vape-desechable-10pcs\/#primaryimage","url":"https:\/\/shop.fizzyvape.com\/wp-content\/uploads\/2025\/06\/Fizzy-Nova-Plus-40000-Puffs-Triple-Berry-10pcs.webp","contentUrl":"https:\/\/shop.fizzyvape.com\/wp-content\/uploads\/2025\/06\/Fizzy-Nova-Plus-40000-Puffs-Triple-Berry-10pcs.webp","width":800,"height":800},{"@type":"BreadcrumbList","@id":"https:\/\/shop.fizzyvape.com\/es\/producto\/fizzy-nova-plus-40000-puffs-vape-desechable-10pcs\/#breadcrumb","itemListElement":[{"@type":"ListItem","position":1,"name":"\u9996\u9875","item":"https:\/\/shop.fizzyvape.com\/es\/"},{"@type":"ListItem","position":2,"name":"Shop","item":"https:\/\/shop.fizzyvape.com\/shop\/"},{"@type":"ListItem","position":3,"name":"Fizzy Nova Plus 40000 Puffs Vape Desechable &#8211; 10pcs"}]},{"@type":"WebSite","@id":"https:\/\/shop.fizzyvape.com\/es\/#website","url":"https:\/\/shop.fizzyvape.com\/es\/","name":"shop.fizzyvape.com","description":"The Best Disposable Vape In Europe | 10000 - 60000 Puffs  | Free Shipping","potentialAction":[{"@type":"SearchAction","target":{"@type":"EntryPoint","urlTemplate":"https:\/\/shop.fizzyvape.com\/es\/?s={search_term_string}"},"query-input":{"@type":"PropertyValueSpecification","valueRequired":true,"valueName":"search_term_string"}}],"inLanguage":"es"}]}},"tiered_pricing_type":"fixed","tiered_pricing_fixed_rules":[],"tiered_pricing_product_settings":{"layout":"default","base_unit_name":{"singular":null,"plural":null},"default_variation":null},"tiered_pricing_minimum_quantity":null,"tiered_pricing_roles_data":[],"tiered_pricing_percentage_rules":[],"tiered_pricing_maximum_quantity":null,"tiered_pricing_quantity_step":null,"_links":{"self":[{"href":"https:\/\/shop.fizzyvape.com\/es\/wp-json\/wp\/v2\/product\/19439","targetHints":{"allow":["GET"]}}],"collection":[{"href":"https:\/\/shop.fizzyvape.com\/es\/wp-json\/wp\/v2\/product"}],"about":[{"href":"https:\/\/shop.fizzyvape.com\/es\/wp-json\/wp\/v2\/types\/product"}],"replies":[{"embeddable":true,"href":"https:\/\/shop.fizzyvape.com\/es\/wp-json\/wp\/v2\/comments?post=19439"}],"version-history":[{"count":1,"href":"https:\/\/shop.fizzyvape.com\/es\/wp-json\/wp\/v2\/product\/19439\/revisions"}],"predecessor-version":[{"id":28279,"href":"https:\/\/shop.fizzyvape.com\/es\/wp-json\/wp\/v2\/product\/19439\/revisions\/28279"}],"wp:featuredmedia":[{"embeddable":true,"href":"https:\/\/shop.fizzyvape.com\/es\/wp-json\/wp\/v2\/media\/18841"}],"wp:attachment":[{"href":"https:\/\/shop.fizzyvape.com\/es\/wp-json\/wp\/v2\/media?parent=19439"}],"wp:term":[{"taxonomy":"product_brand","embeddable":true,"href":"https:\/\/shop.fizzyvape.com\/es\/wp-json\/wp\/v2\/product_brand?post=19439"},{"taxonomy":"product_cat","embeddable":true,"href":"https:\/\/shop.fizzyvape.com\/es\/wp-json\/wp\/v2\/product_cat?post=19439"},{"taxonomy":"product_tag","embeddable":true,"href":"https:\/\/shop.fizzyvape.com\/es\/wp-json\/wp\/v2\/product_tag?post=19439"}],"curies":[{"name":"wp","href":"https:\/\/api.w.org\/{rel}","templated":true}]}}