{"id":19468,"date":"2025-06-07T08:57:24","date_gmt":"2025-06-07T08:57:24","guid":{"rendered":"https:\/\/shop.fizzyvape.com\/product\/vapeador-desechable-recargable-fizzy-max-iii-6en1-60k-60000-puffs-caja-de-vapeador-desechable-misteriosa-pack-de-6\/"},"modified":"2026-02-28T10:27:47","modified_gmt":"2026-02-28T10:27:47","slug":"vapeador-desechable-recargable-fizzy-max-iii-6en1-60k-60000-puffs-caja-de-vapeador-desechable-misteriosa-pack-de-6","status":"publish","type":"product","link":"https:\/\/shop.fizzyvape.com\/es\/producto\/vapeador-desechable-recargable-fizzy-max-iii-6en1-60k-60000-puffs-caja-de-vapeador-desechable-misteriosa-pack-de-6\/","title":{"rendered":"Vapeador Desechable Recargable Fizzy Max III 6en1 60K 60000 Puffs &#8211; Caja de Vapeador Desechable Misteriosa (Pack de 6)"},"content":{"rendered":"<h2><strong>Vapeador Desechable Recargable Fizzy Max III 6en1 60K 60000 Puffs &#8211; Caja de Vapeador Desechable Misteriosa (Pack de 6)<\/strong><\/h2>\n<p><strong>6 Sabores \u00d7 6 Dispositivos &#8211; Una aventura sorpresa en cada calada<\/strong><\/p>\n<p>Libera la emoci\u00f3n de vapear con la <strong>Caja de Vapeo Desechable Misteriosa Fizzy Max III<\/strong>, un paquete sorpresa con <strong>6 dispositivos premium de 60000 caladas<\/strong>. Cada dispositivo de vapeo incluye <strong>3 sabores \u00fanicos<\/strong> y <strong>3<\/strong> modos de <strong>mezcla de sabores<\/strong>, que permiten cambiar f\u00e1cilmente mediante la rotaci\u00f3n de la boquilla para disfrutar de una experiencia de vapeo rica y diversa. Dise\u00f1ado para los buscadores de emociones y los amantes de los sabores, este set de vapeo desechable recargable combina <strong>rendimiento, variedad y comodidad<\/strong> en una colecci\u00f3n irresistible.<\/p>\n<h3><strong>Qu\u00e9 hay dentro &#8211; 6 combinaciones de sabores seleccionadas a mano<\/strong><\/h3>\n<p><strong>1. Fresa Uva y Ar\u00e1ndano Coco y Melocot\u00f3n Lim\u00f3n<\/strong><br \/>\n<strong>2. Frambuesa con ar\u00e1ndanos y triple helado de mel\u00f3n y fresa<\/strong><br \/>\n<strong>3. Mezcla de bayas y kiwi Fruta de la pasi\u00f3n Guayaba y fresa Sand\u00eda<\/strong><br \/>\n<strong>4. Hielo de fresa, kiwi, ar\u00e1ndanos y sand\u00eda<\/strong><br \/>\n<strong>5. Blue Razz Hielo y Fresa Kiwi y Pi\u00f1a Agria Naranja<\/strong><br \/>\n<strong>6. Fruta del drag\u00f3n de fresa &amp; Red Bull &amp; Sand\u00eda de frambuesa<\/strong><\/p>\n<p>Con cada dispositivo, gira la boquilla para recorrerlo:<\/p>\n<p><strong>A \u2192 Mezcla AB \u2192 B \u2192 Mezcla BC \u2192 C \u2192 Mezcla CA<\/strong><\/p>\n<p>Pasa sin problemas por los seis sabores posibles con un simple giro de la boquilla. Disfruta de la m\u00e1xima comodidad del sistema 6 en 1. \u00bfTe pica la curiosidad? Mira nuestro <a href=\"https:\/\/www.youtube.com\/watch?v=CoxB_HvaU3k\">v\u00eddeo de<\/a> demostraci\u00f3n.<\/p>\n<h3><strong>Productos destacados<\/strong><\/h3>\n<ul>\n<li><strong>Hasta 60.000 inhalaciones por dispositivo<\/strong><\/li>\n<li><strong>Sistema de sabores 6 en 1<\/strong> &#8211; G\u00edralo para explorar sabores simples y mezclados<\/li>\n<li><strong>6 x 60.000 caladas<\/strong> &#8211; Potencia de larga duraci\u00f3n con cada dispositivo, sin necesidad de recargas<\/li>\n<li><strong>Bater\u00eda recargable de 850 mAh<\/strong> &#8211; Carga r\u00e1pida USB-C<\/li>\n<li><strong>C\u00e1psulas triples de 20 ml (60 ml en total<\/strong> ) &#8211; No se necesitan recambios<\/li>\n<li><strong>Bobina de malla avanzada<\/strong> &#8211; Vapor suave y sabor intenso<\/li>\n<li><strong>Pantalla LED<\/strong> &#8211; Visibilidad en tiempo real de la bater\u00eda + modo<\/li>\n<li><strong>Opciones de nicotina<\/strong>: elige 2% (20 mg) o 5% (50 mg)<\/li>\n<\/ul>\n<h3><strong>Lista de Sabores de Vape Desechable Fizzy Max III 6en1 60000 Puffs:<\/strong><\/h3>\n<ol>\n<li><a href=\"https:\/\/shop.fizzyvape.com\/producto\/fizzy-max-iii-6in1-60k-60000-puffs-disposable-vape-strawberry-raspberry-mango-peach-blueberry-watermelon\/\">Fresa Frambuesa y Mango Melocot\u00f3n y Ar\u00e1ndanos Sand\u00eda<\/a><\/li>\n<li><a href=\"https:\/\/shop.fizzyvape.com\/producto\/fizzy-max-iii-6in1-60k-60000-puffs-disposable-vape-mixed-berry-kiwi-passion-fruit-guava-strawberry-watermelon\/\">Mezcla de bayas y kiwi Fruta de la pasi\u00f3n Guayaba y fresa Sand\u00eda<\/a><\/li>\n<li><a href=\"https:\/\/shop.fizzyvape.com\/producto\/fizzy-max-iii-6in1-60k-60000-puffs-disposable-vape-blueberry-raspberry-triple-melon-strawberry-ice\/\">Ar\u00e1ndano Frambuesa y Triple Helado de Mel\u00f3n y Fresa<\/a><\/li>\n<li><a href=\"https:\/\/shop.fizzyvape.com\/producto\/fizzy-max-iii-6in1-60k-60000-puffs-disposable-vape-strawberry-dragon-fruit-red-bull-raspberry-watermelon\/\">Fruta del Drag\u00f3n Fresa &amp; Red Bull &amp; Sand\u00eda Frambuesa<\/a><\/li>\n<li><a href=\"https:\/\/shop.fizzyvape.com\/producto\/fizzy-max-iii-6in1-60k-60000-puffs-disposable-vape-strawberry-kiwi-blueberry-ice-watermelon-ice\/\">Hielo de fresa, kiwi, ar\u00e1ndanos y sand\u00eda<\/a><\/li>\n<li><a href=\"https:\/\/shop.fizzyvape.com\/producto\/fizzy-max-iii-6in1-60k-60000-puffs-disposable-vape-blueberry-ice-fizzy-cherry-raspberry-lemon\/\">Hielo de Ar\u00e1ndano y Cereza efervescente y Frambuesa Lim\u00f3n<\/a><\/li>\n<li><a href=\"https:\/\/shop.fizzyvape.com\/producto\/fizzy-max-iii-6in1-60k-60000-puffs-disposable-vape-watermelon-ice-strawberry-vanilla-coke-mixed-berry\/\">Sand\u00eda Helada y Fresa Vainilla Coca-Cola y Mixta<\/a><\/li>\n<li><a href=\"https:\/\/shop.fizzyvape.com\/producto\/fizzy-max-iii-6in1-60k-60000-puffs-disposable-vape-strawberry-grape-blueberry-coconut-peach-lemon\/\">Fresa Uva y Ar\u00e1ndano Coco y Melocot\u00f3n Lim\u00f3n<\/a><\/li>\n<li><a href=\"https:\/\/shop.fizzyvape.com\/producto\/fizzy-max-iii-6in1-60k-60000-puffs-disposable-vape-blue-razz-ice-strawberry-kiwi-sour-pineapple-orange\/\">Blue Razz Hielo y Fresa Kiwi y Pi\u00f1a Agria Naranja<\/a><\/li>\n<li><a href=\"https:\/\/shop.fizzyvape.com\/producto\/fizzy-max-iii-6in1-60000-puffs-disposable-vape-strawberry-watermelon-lemon-lime-blueberry-coconut\/\">Fresa Sand\u00eda &amp; Lim\u00f3n Lima &amp; Ar\u00e1ndanos Coco<\/a><\/li>\n<\/ol>\n<h3><strong> Modos de vapeo para todas las preferencias<\/strong><\/h3>\n<p><strong> Modo Sabor \u00danico (MTL):<\/strong><br \/>\nSuaves caladas boca-pulm\u00f3n que ofrecen una inhalaci\u00f3n cl\u00e1sica, como la de un cigarrillo, perfecta para saborear cada sabor.<\/p>\n<p><strong> Modo de Mezcla de Sabor Dual (DL):<\/strong><br \/>\nEl flujo de aire mejorado proporciona golpes de pulm\u00f3n directo con m\u00e1s vapor y emocionantes mezclas de sabores.<\/p>\n<h3><strong>\u00bfPor qu\u00e9 te encantar\u00e1?<\/strong><\/h3>\n<ul>\n<li>F\u00e1cil cambio de sabor con una boquilla giratoria<\/li>\n<li>Bater\u00eda y e-l\u00edquido de larga duraci\u00f3n: hasta 60.000 caladas<\/li>\n<li>Env\u00edo r\u00e1pido desde Europa &#8211; entrega r\u00e1pida sin retrasos en aduanas<\/li>\n<li>Un paquete, 6 dispositivos, infinita variedad de sabores.<\/li>\n<li>Seis sabores en un dispositivo compacto y recargable<\/li>\n<\/ul>\n<h3><strong> FAQ &#8211; Fizzy Max III 6en1 60000 Puffs Vape Desechable<\/strong><\/h3>\n<ul>\n<li><strong>\u00bfCu\u00e1ntas caladas proporciona cada dispositivo?<\/strong><br \/>\nCada dispositivo Fizzy Max III ofrece hasta <strong>60.000 caladas<\/strong> para un uso duradero.<\/li>\n<li><strong>\u00bfEs recargable el dispositivo?<\/strong><br \/>\nS\u00ed, viene con una <strong>bater\u00eda recargable de 850 mAh<\/strong> y admite <strong>carga r\u00e1pida Tipo-C<\/strong>.<\/li>\n<li><strong>\u00bfC\u00f3mo cambio de sabor?<\/strong><br \/>\nS\u00f3lo tienes que <strong>levantar y girar la boquilla<\/strong> para pasar por 3 modos de sabor \u00fanico y 3 de sabor mixto.<\/li>\n<li><strong>\u00bfQu\u00e9 concentraciones de nicotina hay disponibles?<\/strong><br \/>\nDisponible en opciones de <strong>2% y 5% de nicotina<\/strong> para adaptarse a diferentes preferencias.<\/li>\n<li><strong>\u00bfTiene el aparato un indicador de bater\u00eda?<\/strong><br \/>\nS\u00ed, una <strong>pantalla LED<\/strong> muestra el estado de la bater\u00eda y el modo de sabor actual.<\/li>\n<\/ul>\n","protected":false},"excerpt":{"rendered":"<p>Descubre el pack sorpresa de <strong>vapeadores desechables recargables Fizzy Max III 6en1 60K<\/strong>:<strong> 6 dispositivos<\/strong> cargados con ricos sabores rotativos y hasta<strong> 60.000 caladas<\/strong> cada uno. Con bater\u00eda <strong>recargable<\/strong>, indicador<strong> LED<\/strong> y <strong>dos niveles de nicotina<\/strong>(2%\/5%), este paquete es perfecto para los buscadores de sabores que ans\u00edan variedad y comodidad.<\/p>\n","protected":false},"featured_media":18805,"comment_status":"open","ping_status":"closed","template":"","meta":[],"product_brand":[],"product_cat":[297,156,155,154],"product_tag":[129,130,132,131],"class_list":{"0":"post-19468","1":"product","2":"type-product","3":"status-publish","4":"has-post-thumbnail","6":"product_cat-almacen-de-la-ue","7":"product_cat-pack-vape-multisabores","8":"product_cat-vapeador-desechable-fizzy-max-iii-60000-puffs","9":"product_cat-vaper-recargable-online","10":"product_tag-6-sabores-en-1","11":"product_tag-60k-puffs","12":"product_tag-vaper-recargable","13":"product_tag-vape-desechable-online","15":"first","16":"outofstock","17":"sale","18":"shipping-taxable","19":"purchasable","20":"product-type-variable"},"yoast_head":"<!-- This site is optimized with the Yoast SEO Premium plugin v24.8 (Yoast SEO v27.4) - https:\/\/yoast.com\/product\/yoast-seo-premium-wordpress\/ -->\n<title>Vapeador Desechable Recargable Fizzy Max III 60000 Puffs - Paquete de 6<\/title>\n<meta name=\"description\" content=\"Cada vape recargable tiene 6 sabores intercambiables, hasta 60000 caladas, pantalla LED, 2%\/5% de nicotina y carga USB-C: variedad de sabores en cada calada.\" \/>\n<meta name=\"robots\" content=\"index, follow, max-snippet:-1, max-image-preview:large, max-video-preview:-1\" \/>\n<link rel=\"canonical\" href=\"https:\/\/shop.fizzyvape.com\/es\/producto\/vapeador-desechable-recargable-fizzy-max-iii-6en1-60k-60000-puffs-caja-de-vapeador-desechable-misteriosa-pack-de-6\/\" \/>\n<meta property=\"og:locale\" content=\"es_ES\" \/>\n<meta property=\"og:type\" content=\"article\" \/>\n<meta property=\"og:title\" content=\"Vapeador Desechable Recargable Fizzy Max III 6en1 60K 60000 Puffs - Caja de Vapeador Desechable Misteriosa (Pack de 6)\" \/>\n<meta property=\"og:description\" content=\"Cada vape recargable tiene 6 sabores intercambiables, hasta 60000 caladas, pantalla LED, 2%\/5% de nicotina y carga USB-C: variedad de sabores en cada calada.\" \/>\n<meta property=\"og:url\" content=\"https:\/\/shop.fizzyvape.com\/es\/producto\/vapeador-desechable-recargable-fizzy-max-iii-6en1-60k-60000-puffs-caja-de-vapeador-desechable-misteriosa-pack-de-6\/\" \/>\n<meta property=\"og:site_name\" content=\"shop.fizzyvape.com\" \/>\n<meta property=\"article:modified_time\" content=\"2026-02-28T10:27:47+00:00\" \/>\n<meta property=\"og:image\" content=\"https:\/\/shop.fizzyvape.com\/wp-content\/uploads\/2025\/06\/Fizzy-Max-III-6in1-60K-60000-Puffs-Disposable-Vape-02.webp\" \/>\n\t<meta property=\"og:image:width\" content=\"800\" \/>\n\t<meta property=\"og:image:height\" content=\"800\" \/>\n\t<meta property=\"og:image:type\" content=\"image\/webp\" \/>\n<meta name=\"twitter:card\" content=\"summary_large_image\" \/>\n<meta name=\"twitter:label1\" content=\"Tiempo de lectura\" \/>\n\t<meta name=\"twitter:data1\" content=\"4 minutos\" \/>\n<script type=\"application\/ld+json\" class=\"yoast-schema-graph\">{\"@context\":\"https:\\\/\\\/schema.org\",\"@graph\":[{\"@type\":\"WebPage\",\"@id\":\"https:\\\/\\\/shop.fizzyvape.com\\\/es\\\/producto\\\/vapeador-desechable-recargable-fizzy-max-iii-6en1-60k-60000-puffs-caja-de-vapeador-desechable-misteriosa-pack-de-6\\\/\",\"url\":\"https:\\\/\\\/shop.fizzyvape.com\\\/es\\\/producto\\\/vapeador-desechable-recargable-fizzy-max-iii-6en1-60k-60000-puffs-caja-de-vapeador-desechable-misteriosa-pack-de-6\\\/\",\"name\":\"Vapeador Desechable Recargable Fizzy Max III 60000 Puffs - Paquete de 6\",\"isPartOf\":{\"@id\":\"https:\\\/\\\/shop.fizzyvape.com\\\/es\\\/#website\"},\"primaryImageOfPage\":{\"@id\":\"https:\\\/\\\/shop.fizzyvape.com\\\/es\\\/producto\\\/vapeador-desechable-recargable-fizzy-max-iii-6en1-60k-60000-puffs-caja-de-vapeador-desechable-misteriosa-pack-de-6\\\/#primaryimage\"},\"image\":{\"@id\":\"https:\\\/\\\/shop.fizzyvape.com\\\/es\\\/producto\\\/vapeador-desechable-recargable-fizzy-max-iii-6en1-60k-60000-puffs-caja-de-vapeador-desechable-misteriosa-pack-de-6\\\/#primaryimage\"},\"thumbnailUrl\":\"https:\\\/\\\/shop.fizzyvape.com\\\/wp-content\\\/uploads\\\/2025\\\/06\\\/Fizzy-Max-III-6in1-60K-60000-Puffs-Disposable-Vape-02.webp\",\"datePublished\":\"2025-06-07T08:57:24+00:00\",\"dateModified\":\"2026-02-28T10:27:47+00:00\",\"description\":\"Cada vape recargable tiene 6 sabores intercambiables, hasta 60000 caladas, pantalla LED, 2%\\\/5% de nicotina y carga USB-C: variedad de sabores en cada calada.\",\"breadcrumb\":{\"@id\":\"https:\\\/\\\/shop.fizzyvape.com\\\/es\\\/producto\\\/vapeador-desechable-recargable-fizzy-max-iii-6en1-60k-60000-puffs-caja-de-vapeador-desechable-misteriosa-pack-de-6\\\/#breadcrumb\"},\"inLanguage\":\"es\",\"potentialAction\":[{\"@type\":\"ReadAction\",\"target\":[\"https:\\\/\\\/shop.fizzyvape.com\\\/es\\\/producto\\\/vapeador-desechable-recargable-fizzy-max-iii-6en1-60k-60000-puffs-caja-de-vapeador-desechable-misteriosa-pack-de-6\\\/\"]}]},{\"@type\":\"ImageObject\",\"inLanguage\":\"es\",\"@id\":\"https:\\\/\\\/shop.fizzyvape.com\\\/es\\\/producto\\\/vapeador-desechable-recargable-fizzy-max-iii-6en1-60k-60000-puffs-caja-de-vapeador-desechable-misteriosa-pack-de-6\\\/#primaryimage\",\"url\":\"https:\\\/\\\/shop.fizzyvape.com\\\/wp-content\\\/uploads\\\/2025\\\/06\\\/Fizzy-Max-III-6in1-60K-60000-Puffs-Disposable-Vape-02.webp\",\"contentUrl\":\"https:\\\/\\\/shop.fizzyvape.com\\\/wp-content\\\/uploads\\\/2025\\\/06\\\/Fizzy-Max-III-6in1-60K-60000-Puffs-Disposable-Vape-02.webp\",\"width\":800,\"height\":800,\"caption\":\"Fizzy Max III 6en1 60K 60000 Puffs Vape Desechable 02\"},{\"@type\":\"BreadcrumbList\",\"@id\":\"https:\\\/\\\/shop.fizzyvape.com\\\/es\\\/producto\\\/vapeador-desechable-recargable-fizzy-max-iii-6en1-60k-60000-puffs-caja-de-vapeador-desechable-misteriosa-pack-de-6\\\/#breadcrumb\",\"itemListElement\":[{\"@type\":\"ListItem\",\"position\":1,\"name\":\"\u9996\u9875\",\"item\":\"https:\\\/\\\/shop.fizzyvape.com\\\/es\\\/\"},{\"@type\":\"ListItem\",\"position\":2,\"name\":\"Shop\",\"item\":\"https:\\\/\\\/shop.fizzyvape.com\\\/shop\\\/\"},{\"@type\":\"ListItem\",\"position\":3,\"name\":\"Vapeador Desechable Recargable Fizzy Max III 6en1 60K 60000 Puffs &#8211; Caja de Vapeador Desechable Misteriosa (Pack de 6)\"}]},{\"@type\":\"WebSite\",\"@id\":\"https:\\\/\\\/shop.fizzyvape.com\\\/es\\\/#website\",\"url\":\"https:\\\/\\\/shop.fizzyvape.com\\\/es\\\/\",\"name\":\"shop.fizzyvape.com\",\"description\":\"The Best Disposable Vape In Europe | 10000 - 60000 Puffs  | Free Shipping\",\"potentialAction\":[{\"@type\":\"SearchAction\",\"target\":{\"@type\":\"EntryPoint\",\"urlTemplate\":\"https:\\\/\\\/shop.fizzyvape.com\\\/es\\\/?s={search_term_string}\"},\"query-input\":{\"@type\":\"PropertyValueSpecification\",\"valueRequired\":true,\"valueName\":\"search_term_string\"}}],\"inLanguage\":\"es\"}]}<\/script>\n<!-- \/ Yoast SEO Premium plugin. -->","yoast_head_json":{"title":"Vapeador Desechable Recargable Fizzy Max III 60000 Puffs - Paquete de 6","description":"Cada vape recargable tiene 6 sabores intercambiables, hasta 60000 caladas, pantalla LED, 2%\/5% de nicotina y carga USB-C: variedad de sabores en cada calada.","robots":{"index":"index","follow":"follow","max-snippet":"max-snippet:-1","max-image-preview":"max-image-preview:large","max-video-preview":"max-video-preview:-1"},"canonical":"https:\/\/shop.fizzyvape.com\/es\/producto\/vapeador-desechable-recargable-fizzy-max-iii-6en1-60k-60000-puffs-caja-de-vapeador-desechable-misteriosa-pack-de-6\/","og_locale":"es_ES","og_type":"article","og_title":"Vapeador Desechable Recargable Fizzy Max III 6en1 60K 60000 Puffs - Caja de Vapeador Desechable Misteriosa (Pack de 6)","og_description":"Cada vape recargable tiene 6 sabores intercambiables, hasta 60000 caladas, pantalla LED, 2%\/5% de nicotina y carga USB-C: variedad de sabores en cada calada.","og_url":"https:\/\/shop.fizzyvape.com\/es\/producto\/vapeador-desechable-recargable-fizzy-max-iii-6en1-60k-60000-puffs-caja-de-vapeador-desechable-misteriosa-pack-de-6\/","og_site_name":"shop.fizzyvape.com","article_modified_time":"2026-02-28T10:27:47+00:00","og_image":[{"width":800,"height":800,"url":"https:\/\/shop.fizzyvape.com\/wp-content\/uploads\/2025\/06\/Fizzy-Max-III-6in1-60K-60000-Puffs-Disposable-Vape-02.webp","type":"image\/webp"}],"twitter_card":"summary_large_image","twitter_misc":{"Tiempo de lectura":"4 minutos"},"schema":{"@context":"https:\/\/schema.org","@graph":[{"@type":"WebPage","@id":"https:\/\/shop.fizzyvape.com\/es\/producto\/vapeador-desechable-recargable-fizzy-max-iii-6en1-60k-60000-puffs-caja-de-vapeador-desechable-misteriosa-pack-de-6\/","url":"https:\/\/shop.fizzyvape.com\/es\/producto\/vapeador-desechable-recargable-fizzy-max-iii-6en1-60k-60000-puffs-caja-de-vapeador-desechable-misteriosa-pack-de-6\/","name":"Vapeador Desechable Recargable Fizzy Max III 60000 Puffs - Paquete de 6","isPartOf":{"@id":"https:\/\/shop.fizzyvape.com\/es\/#website"},"primaryImageOfPage":{"@id":"https:\/\/shop.fizzyvape.com\/es\/producto\/vapeador-desechable-recargable-fizzy-max-iii-6en1-60k-60000-puffs-caja-de-vapeador-desechable-misteriosa-pack-de-6\/#primaryimage"},"image":{"@id":"https:\/\/shop.fizzyvape.com\/es\/producto\/vapeador-desechable-recargable-fizzy-max-iii-6en1-60k-60000-puffs-caja-de-vapeador-desechable-misteriosa-pack-de-6\/#primaryimage"},"thumbnailUrl":"https:\/\/shop.fizzyvape.com\/wp-content\/uploads\/2025\/06\/Fizzy-Max-III-6in1-60K-60000-Puffs-Disposable-Vape-02.webp","datePublished":"2025-06-07T08:57:24+00:00","dateModified":"2026-02-28T10:27:47+00:00","description":"Cada vape recargable tiene 6 sabores intercambiables, hasta 60000 caladas, pantalla LED, 2%\/5% de nicotina y carga USB-C: variedad de sabores en cada calada.","breadcrumb":{"@id":"https:\/\/shop.fizzyvape.com\/es\/producto\/vapeador-desechable-recargable-fizzy-max-iii-6en1-60k-60000-puffs-caja-de-vapeador-desechable-misteriosa-pack-de-6\/#breadcrumb"},"inLanguage":"es","potentialAction":[{"@type":"ReadAction","target":["https:\/\/shop.fizzyvape.com\/es\/producto\/vapeador-desechable-recargable-fizzy-max-iii-6en1-60k-60000-puffs-caja-de-vapeador-desechable-misteriosa-pack-de-6\/"]}]},{"@type":"ImageObject","inLanguage":"es","@id":"https:\/\/shop.fizzyvape.com\/es\/producto\/vapeador-desechable-recargable-fizzy-max-iii-6en1-60k-60000-puffs-caja-de-vapeador-desechable-misteriosa-pack-de-6\/#primaryimage","url":"https:\/\/shop.fizzyvape.com\/wp-content\/uploads\/2025\/06\/Fizzy-Max-III-6in1-60K-60000-Puffs-Disposable-Vape-02.webp","contentUrl":"https:\/\/shop.fizzyvape.com\/wp-content\/uploads\/2025\/06\/Fizzy-Max-III-6in1-60K-60000-Puffs-Disposable-Vape-02.webp","width":800,"height":800,"caption":"Fizzy Max III 6en1 60K 60000 Puffs Vape Desechable 02"},{"@type":"BreadcrumbList","@id":"https:\/\/shop.fizzyvape.com\/es\/producto\/vapeador-desechable-recargable-fizzy-max-iii-6en1-60k-60000-puffs-caja-de-vapeador-desechable-misteriosa-pack-de-6\/#breadcrumb","itemListElement":[{"@type":"ListItem","position":1,"name":"\u9996\u9875","item":"https:\/\/shop.fizzyvape.com\/es\/"},{"@type":"ListItem","position":2,"name":"Shop","item":"https:\/\/shop.fizzyvape.com\/shop\/"},{"@type":"ListItem","position":3,"name":"Vapeador Desechable Recargable Fizzy Max III 6en1 60K 60000 Puffs &#8211; Caja de Vapeador Desechable Misteriosa (Pack de 6)"}]},{"@type":"WebSite","@id":"https:\/\/shop.fizzyvape.com\/es\/#website","url":"https:\/\/shop.fizzyvape.com\/es\/","name":"shop.fizzyvape.com","description":"The Best Disposable Vape In Europe | 10000 - 60000 Puffs  | Free Shipping","potentialAction":[{"@type":"SearchAction","target":{"@type":"EntryPoint","urlTemplate":"https:\/\/shop.fizzyvape.com\/es\/?s={search_term_string}"},"query-input":{"@type":"PropertyValueSpecification","valueRequired":true,"valueName":"search_term_string"}}],"inLanguage":"es"}]}},"tiered_pricing_type":"fixed","tiered_pricing_fixed_rules":[],"tiered_pricing_product_settings":{"layout":"default","base_unit_name":{"singular":null,"plural":null},"default_variation":null},"tiered_pricing_minimum_quantity":null,"tiered_pricing_roles_data":[],"tiered_pricing_percentage_rules":[],"tiered_pricing_maximum_quantity":null,"tiered_pricing_quantity_step":null,"_links":{"self":[{"href":"https:\/\/shop.fizzyvape.com\/es\/wp-json\/wp\/v2\/product\/19468","targetHints":{"allow":["GET"]}}],"collection":[{"href":"https:\/\/shop.fizzyvape.com\/es\/wp-json\/wp\/v2\/product"}],"about":[{"href":"https:\/\/shop.fizzyvape.com\/es\/wp-json\/wp\/v2\/types\/product"}],"replies":[{"embeddable":true,"href":"https:\/\/shop.fizzyvape.com\/es\/wp-json\/wp\/v2\/comments?post=19468"}],"version-history":[{"count":1,"href":"https:\/\/shop.fizzyvape.com\/es\/wp-json\/wp\/v2\/product\/19468\/revisions"}],"predecessor-version":[{"id":28280,"href":"https:\/\/shop.fizzyvape.com\/es\/wp-json\/wp\/v2\/product\/19468\/revisions\/28280"}],"wp:featuredmedia":[{"embeddable":true,"href":"https:\/\/shop.fizzyvape.com\/es\/wp-json\/wp\/v2\/media\/18805"}],"wp:attachment":[{"href":"https:\/\/shop.fizzyvape.com\/es\/wp-json\/wp\/v2\/media?parent=19468"}],"wp:term":[{"taxonomy":"product_brand","embeddable":true,"href":"https:\/\/shop.fizzyvape.com\/es\/wp-json\/wp\/v2\/product_brand?post=19468"},{"taxonomy":"product_cat","embeddable":true,"href":"https:\/\/shop.fizzyvape.com\/es\/wp-json\/wp\/v2\/product_cat?post=19468"},{"taxonomy":"product_tag","embeddable":true,"href":"https:\/\/shop.fizzyvape.com\/es\/wp-json\/wp\/v2\/product_tag?post=19468"}],"curies":[{"name":"wp","href":"https:\/\/api.w.org\/{rel}","templated":true}]}}