{"id":19479,"date":"2025-06-07T07:31:52","date_gmt":"2025-06-07T07:31:52","guid":{"rendered":"https:\/\/shop.fizzyvape.com\/product\/vapeador-desechable-recargable-fizzy-max-iii-6en1-60k-60000-puffs-coleccion-de-sabores-sorpresa-pack-de-6\/"},"modified":"2026-02-28T10:18:59","modified_gmt":"2026-02-28T10:18:59","slug":"vapeador-desechable-recargable-fizzy-max-iii-6en1-60k-60000-puffs-coleccion-de-sabores-sorpresa-pack-de-6","status":"publish","type":"product","link":"https:\/\/shop.fizzyvape.com\/es\/producto\/vapeador-desechable-recargable-fizzy-max-iii-6en1-60k-60000-puffs-coleccion-de-sabores-sorpresa-pack-de-6\/","title":{"rendered":"Vapeador Desechable Recargable Fizzy Max III 6en1 60K 60000 Puffs &#8211; Colecci\u00f3n de Sabores Sorpresa (pack de 6)"},"content":{"rendered":"<h1>Fizzy Max III 6en1 60K 60000 Puffs Vape Desechable &#8211; Colecci\u00f3n de Sabores Sorpresa (pack de 6)<\/h1>\n<p>Descubre la aventura de vapear definitiva con <strong>la Colecci\u00f3n de Sabores Sorpresa de Vape Desechable Recargable Fizzy Max III 60000 Puffs<\/strong>. Este paquete premium de 6 unidades incluye <strong>seis vaporizadores desechables recargables<\/strong>. Cada dispositivo de vapeo ofrece <strong>3<\/strong> sabores <strong>simples<\/strong> y <strong>3 mezclados<\/strong>, que se cambian f\u00e1cilmente girando la boquilla. Recargables y fabricados para durar, cada dispositivo proporciona hasta 60.000 caladas sin comprometer el sabor. Con <strong>la tecnolog\u00eda de boquilla gir<\/strong>atoria, puedes cambiar f\u00e1cilmente entre sabores simples y mezclados en cada dispositivo. Disfruta de un sabor atrevido, funciones de vanguardia y una variedad inigualable, todo en una emocionante caja misteriosa.<\/p>\n<h3><strong>Qu\u00e9 hay dentro &#8211; 6 combinaciones de sabores seleccionadas a mano<\/strong><\/h3>\n<p><strong><span style=\"color: #000000;\">1<\/span>. Fresa Sand\u00eda &amp; Lim\u00f3n Lima &amp; Ar\u00e1ndanos Coco <\/strong><br \/>\n<strong>2. Hielo de ar\u00e1ndano y cereza efervescente y lim\u00f3n con frambuesa<\/strong><br \/>\n<strong>3. Hielo de sand\u00eda y fresa Coca-Cola de vainilla y bayas mixtas<\/strong><br \/>\n<strong>4. Fruta del drag\u00f3n de fresa &amp; Red Bull &amp; Sand\u00eda de frambuesa<\/strong><br \/>\n<strong>5. Fresa Frambuesa y mango Melocot\u00f3n y ar\u00e1ndanos Sand\u00eda<\/strong><br \/>\n<strong>6. Mezcla de bayas y kiwi Fruta de la pasi\u00f3n Guayaba y fresa Sand\u00eda<\/strong><\/p>\n<p>Con cada dispositivo, gira la boquilla para recorrerlo:<\/p>\n<p><strong>A \u2192 Mezcla AB \u2192 B \u2192 Mezcla BC \u2192 C \u2192 Mezcla CA<\/strong><\/p>\n<p>Pasa sin problemas por los seis sabores posibles con un simple giro de la boquilla. Disfruta de la m\u00e1xima comodidad del sistema 6 en 1. \u00bfTe pica la curiosidad? Mira nuestro <a href=\"https:\/\/www.youtube.com\/watch?v=CoxB_HvaU3k\">v\u00eddeo de<\/a> demostraci\u00f3n.<\/p>\n<h3><strong>Productos destacados<\/strong><\/h3>\n<ul>\n<li><strong>Hasta 60.000 inhalaciones por dispositivo<\/strong><\/li>\n<li><strong>6 x 60.000 caladas<\/strong> &#8211; Potencia de larga duraci\u00f3n con cada dispositivo, sin necesidad de recargas<\/li>\n<li><strong>Sistema de sabor 6 en 1<\/strong> &#8211; Cada vape incluye 3 c\u00e1psulas distintas + 3 modos de mezcla para <strong>6 experiencias de sabor \u00fanicas<\/strong><\/li>\n<li><strong>Bater\u00eda recargable de 850 mAh<\/strong> &#8211; Disfruta hasta la \u00faltima gota con <strong>la carga r\u00e1pida USB-C<\/strong><\/li>\n<li><strong>Pantalla LED<\/strong> &#8211; Visibilidad del estado de la bater\u00eda y del modo en tiempo real<\/li>\n<li><strong>Tecnolog\u00eda avanzada de bobina de malla<\/strong>: vapor suave, sabor intenso y rendimiento constante<\/li>\n<li><strong>Modos de inhalaci\u00f3n duales<\/strong>: opciones de sabor MTL (simple) y DL (mixto) para adaptarse a tu estilo<\/li>\n<li><strong>Potencias de nicotina<\/strong> &#8211; Elige entre <strong>2% (20mg\/mL)<\/strong> o <strong>5% (50mg\/mL)<\/strong><\/li>\n<li><strong>Compacto y apto para viajar<\/strong> &#8211; Dise\u00f1o a prueba de fugas, apto para aviones y listo para llevar en el bolsillo<\/li>\n<\/ul>\n<h3><strong>Lista de Sabores de Vape Desechable Fizzy Max III 6en1 60000 Puffs:<\/strong><\/h3>\n<ol>\n<li><a href=\"https:\/\/shop.fizzyvape.com\/producto\/fizzy-max-iii-6in1-60k-60000-puffs-disposable-vape-strawberry-raspberry-mango-peach-blueberry-watermelon\/\">Fresa Frambuesa y Mango Melocot\u00f3n y Ar\u00e1ndanos Sand\u00eda<\/a><\/li>\n<li><a href=\"https:\/\/shop.fizzyvape.com\/producto\/fizzy-max-iii-6in1-60k-60000-puffs-disposable-vape-mixed-berry-kiwi-passion-fruit-guava-strawberry-watermelon\/\">Mezcla de bayas y kiwi Fruta de la pasi\u00f3n Guayaba y fresa Sand\u00eda<\/a><\/li>\n<li><a href=\"https:\/\/shop.fizzyvape.com\/producto\/fizzy-max-iii-6in1-60k-60000-puffs-disposable-vape-blueberry-raspberry-triple-melon-strawberry-ice\/\">Ar\u00e1ndano Frambuesa y Triple Helado de Mel\u00f3n y Fresa<\/a><\/li>\n<li><a href=\"https:\/\/shop.fizzyvape.com\/producto\/fizzy-max-iii-6in1-60k-60000-puffs-disposable-vape-strawberry-dragon-fruit-red-bull-raspberry-watermelon\/\">Fruta del Drag\u00f3n Fresa &amp; Red Bull &amp; Sand\u00eda Frambuesa<\/a><\/li>\n<li><a href=\"https:\/\/shop.fizzyvape.com\/producto\/fizzy-max-iii-6in1-60k-60000-puffs-disposable-vape-strawberry-kiwi-blueberry-ice-watermelon-ice\/\">Hielo de fresa, kiwi, ar\u00e1ndanos y sand\u00eda<\/a><\/li>\n<li><a href=\"https:\/\/shop.fizzyvape.com\/producto\/fizzy-max-iii-6in1-60k-60000-puffs-disposable-vape-blueberry-ice-fizzy-cherry-raspberry-lemon\/\">Hielo de Ar\u00e1ndano y Cereza efervescente y Frambuesa Lim\u00f3n<\/a><\/li>\n<li><a href=\"https:\/\/shop.fizzyvape.com\/producto\/fizzy-max-iii-6in1-60k-60000-puffs-disposable-vape-watermelon-ice-strawberry-vanilla-coke-mixed-berry\/\">Sand\u00eda Helada y Fresa Vainilla Coca-Cola y Mixta<\/a><\/li>\n<li><a href=\"https:\/\/shop.fizzyvape.com\/producto\/fizzy-max-iii-6in1-60k-60000-puffs-disposable-vape-strawberry-grape-blueberry-coconut-peach-lemon\/\">Fresa Uva y Ar\u00e1ndano Coco y Melocot\u00f3n Lim\u00f3n<\/a><\/li>\n<li><a href=\"https:\/\/shop.fizzyvape.com\/producto\/fizzy-max-iii-6in1-60k-60000-puffs-disposable-vape-blue-razz-ice-strawberry-kiwi-sour-pineapple-orange\/\">Blue Razz Hielo y Fresa Kiwi y Pi\u00f1a Agria Naranja<\/a><\/li>\n<li><a href=\"https:\/\/shop.fizzyvape.com\/producto\/fizzy-max-iii-6in1-60000-puffs-disposable-vape-strawberry-watermelon-lemon-lime-blueberry-coconut\/\">Fresa Sand\u00eda &amp; Lim\u00f3n Lima &amp; Ar\u00e1ndanos Coco<\/a><\/li>\n<\/ol>\n<h3><strong> Modos de vapeo para todas las preferencias<\/strong><\/h3>\n<p><strong> Modo Sabor \u00danico (MTL):<\/strong><br \/>\nSuaves caladas boca-pulm\u00f3n que ofrecen una inhalaci\u00f3n cl\u00e1sica, como la de un cigarrillo, perfecta para saborear cada sabor.<\/p>\n<p><strong> Modo de Mezcla de Sabor Dual (DL):<\/strong><br \/>\nEl flujo de aire mejorado proporciona golpes de pulm\u00f3n directo con m\u00e1s vapor y emocionantes mezclas de sabores.<\/p>\n<h3><strong>\u00bfPor qu\u00e9 te encantar\u00e1?<\/strong><\/h3>\n<ul>\n<li>F\u00e1cil cambio de sabor con una boquilla giratoria<\/li>\n<li>Bater\u00eda y e-l\u00edquido de larga duraci\u00f3n: hasta 60.000 caladas<\/li>\n<li>Env\u00edo r\u00e1pido desde Europa &#8211; entrega r\u00e1pida sin retrasos en aduanas<\/li>\n<li>Un paquete, 6 dispositivos, infinita variedad de sabores.<\/li>\n<li>Seis sabores en un dispositivo compacto y recargable<\/li>\n<\/ul>\n<h3><strong> FAQ &#8211; Fizzy Max III 6en1 60K Vape Desechable<\/strong><\/h3>\n<p><strong>1. \u00bfCu\u00e1ntas caladas ofrece cada dispositivo Fizzy Max III?<\/strong><br \/>\nCada dispositivo proporciona hasta <strong>60.000 caladas<\/strong>, gracias a su sistema de e-l\u00edquido de alta capacidad de 60 ml y a su bater\u00eda recargable.<\/p>\n<p><strong>2. \u00bfEs recargable el vaporizador desechable Fizzy Max III?<\/strong><br \/>\nS\u00ed. Incorpora una <strong>bater\u00eda recargable de 850 mAh<\/strong> con <strong>carga r\u00e1pida Tipo-C<\/strong>. Puedes recargarla varias veces para aprovechar al m\u00e1ximo todas las caladas.<\/p>\n<p><strong>3. \u00bfC\u00f3mo cambio de sabor en el dispositivo 6en1?<\/strong><br \/>\nSimplemente <strong>levanta y gira la boquilla<\/strong>. El sistema de rotaci\u00f3n inteligente pasa por <strong>3 sabores individuales<\/strong> y <strong>3 mezclas \u00fanicas<\/strong>, ofreciendo 6 modos en total.<\/p>\n<p><strong>4. \u00bfCu\u00e1ntos sabores hay en un dispositivo?<\/strong><br \/>\nCada dispositivo incluye <strong>3 c\u00e1psulas de sabores precargadas<\/strong>, y con los modos mixtos, obtienes <strong>6 experiencias de sabores<\/strong> con un solo vapeo.<\/p>\n<p><strong>5. \u00bfQu\u00e9 concentraciones de nicotina hay disponibles?<\/strong><br \/>\nLos vaporizadores Fizzy Max III est\u00e1n disponibles con concentraciones de nicotina <strong>del 2% (20mg\/mL<\/strong> ) y <strong>del 5% (50mg\/mL)<\/strong>, para adaptarse tanto a las preferencias ligeras como a las fuertes.<\/p>\n","protected":false},"excerpt":{"rendered":"<p>Experimenta una variedad infinita de sabores con el <strong>vaporizador desechable recargable Fizzy Max III 6en1 60K<\/strong>. Esta colecci\u00f3n sorpresa de <strong>6 paquetes<\/strong> incluye 6 dispositivos, cada uno de los cuales ofrece hasta<strong> 60.000 caladas<\/strong> y <strong>6 modos de sabor \u00fanicos<\/strong> con f\u00e1cil rotaci\u00f3n de la boquilla. <strong>Recargable<\/strong>, pantalla <strong>LED<\/strong> y <strong>opciones de nicotina<\/strong> incluidas para un viaje de vapeo de primera.<\/p>\n","protected":false},"featured_media":18803,"comment_status":"open","ping_status":"closed","template":"","meta":[],"product_brand":[],"product_cat":[297,156,155,154],"product_tag":[129,130,132,131],"class_list":{"0":"post-19479","1":"product","2":"type-product","3":"status-publish","4":"has-post-thumbnail","6":"product_cat-almacen-de-la-ue","7":"product_cat-pack-vape-multisabores","8":"product_cat-vapeador-desechable-fizzy-max-iii-60000-puffs","9":"product_cat-vaper-recargable-online","10":"product_tag-6-sabores-en-1","11":"product_tag-60k-puffs","12":"product_tag-vaper-recargable","13":"product_tag-vape-desechable-online","15":"first","16":"outofstock","17":"sale","18":"shipping-taxable","19":"purchasable","20":"product-type-variable"},"yoast_head":"<!-- This site is optimized with the Yoast SEO Premium plugin v24.8 (Yoast SEO v27.4) - https:\/\/yoast.com\/product\/yoast-seo-premium-wordpress\/ -->\n<title>60K Puffs Vape Desechable Recargable - Caja de 6 sabores<\/title>\n<meta name=\"description\" content=\"Consigue 6 vapeadores recargables, cada uno con 6 sabores intercambiables, 60000 caladas, pantalla LED y 2%\/5% de nicotina. El paquete de vapeo misterioso definitivo para los amantes de los sabores.\" \/>\n<meta name=\"robots\" content=\"index, follow, max-snippet:-1, max-image-preview:large, max-video-preview:-1\" \/>\n<link rel=\"canonical\" href=\"https:\/\/shop.fizzyvape.com\/es\/producto\/vapeador-desechable-recargable-fizzy-max-iii-6en1-60k-60000-puffs-coleccion-de-sabores-sorpresa-pack-de-6\/\" \/>\n<meta property=\"og:locale\" content=\"es_ES\" \/>\n<meta property=\"og:type\" content=\"article\" \/>\n<meta property=\"og:title\" content=\"Vapeador Desechable Recargable Fizzy Max III 6en1 60K 60000 Puffs - Colecci\u00f3n de Sabores Sorpresa (pack de 6)\" \/>\n<meta property=\"og:description\" content=\"Consigue 6 vapeadores recargables, cada uno con 6 sabores intercambiables, 60000 caladas, pantalla LED y 2%\/5% de nicotina. El paquete de vapeo misterioso definitivo para los amantes de los sabores.\" \/>\n<meta property=\"og:url\" content=\"https:\/\/shop.fizzyvape.com\/es\/producto\/vapeador-desechable-recargable-fizzy-max-iii-6en1-60k-60000-puffs-coleccion-de-sabores-sorpresa-pack-de-6\/\" \/>\n<meta property=\"og:site_name\" content=\"shop.fizzyvape.com\" \/>\n<meta property=\"article:modified_time\" content=\"2026-02-28T10:18:59+00:00\" \/>\n<meta property=\"og:image\" content=\"https:\/\/shop.fizzyvape.com\/wp-content\/uploads\/2025\/06\/Fizzy-Max-III-6in1-60K-60000-Puffs-Disposable-Vape-01.webp\" \/>\n\t<meta property=\"og:image:width\" content=\"800\" \/>\n\t<meta property=\"og:image:height\" content=\"800\" \/>\n\t<meta property=\"og:image:type\" content=\"image\/webp\" \/>\n<meta name=\"twitter:card\" content=\"summary_large_image\" \/>\n<meta name=\"twitter:label1\" content=\"Tiempo de lectura\" \/>\n\t<meta name=\"twitter:data1\" content=\"5 minutos\" \/>\n<script type=\"application\/ld+json\" class=\"yoast-schema-graph\">{\"@context\":\"https:\\\/\\\/schema.org\",\"@graph\":[{\"@type\":\"WebPage\",\"@id\":\"https:\\\/\\\/shop.fizzyvape.com\\\/es\\\/producto\\\/vapeador-desechable-recargable-fizzy-max-iii-6en1-60k-60000-puffs-coleccion-de-sabores-sorpresa-pack-de-6\\\/\",\"url\":\"https:\\\/\\\/shop.fizzyvape.com\\\/es\\\/producto\\\/vapeador-desechable-recargable-fizzy-max-iii-6en1-60k-60000-puffs-coleccion-de-sabores-sorpresa-pack-de-6\\\/\",\"name\":\"60K Puffs Vape Desechable Recargable - Caja de 6 sabores\",\"isPartOf\":{\"@id\":\"https:\\\/\\\/shop.fizzyvape.com\\\/es\\\/#website\"},\"primaryImageOfPage\":{\"@id\":\"https:\\\/\\\/shop.fizzyvape.com\\\/es\\\/producto\\\/vapeador-desechable-recargable-fizzy-max-iii-6en1-60k-60000-puffs-coleccion-de-sabores-sorpresa-pack-de-6\\\/#primaryimage\"},\"image\":{\"@id\":\"https:\\\/\\\/shop.fizzyvape.com\\\/es\\\/producto\\\/vapeador-desechable-recargable-fizzy-max-iii-6en1-60k-60000-puffs-coleccion-de-sabores-sorpresa-pack-de-6\\\/#primaryimage\"},\"thumbnailUrl\":\"https:\\\/\\\/shop.fizzyvape.com\\\/wp-content\\\/uploads\\\/2025\\\/06\\\/Fizzy-Max-III-6in1-60K-60000-Puffs-Disposable-Vape-01.webp\",\"datePublished\":\"2025-06-07T07:31:52+00:00\",\"dateModified\":\"2026-02-28T10:18:59+00:00\",\"description\":\"Consigue 6 vapeadores recargables, cada uno con 6 sabores intercambiables, 60000 caladas, pantalla LED y 2%\\\/5% de nicotina. El paquete de vapeo misterioso definitivo para los amantes de los sabores.\",\"breadcrumb\":{\"@id\":\"https:\\\/\\\/shop.fizzyvape.com\\\/es\\\/producto\\\/vapeador-desechable-recargable-fizzy-max-iii-6en1-60k-60000-puffs-coleccion-de-sabores-sorpresa-pack-de-6\\\/#breadcrumb\"},\"inLanguage\":\"es\",\"potentialAction\":[{\"@type\":\"ReadAction\",\"target\":[\"https:\\\/\\\/shop.fizzyvape.com\\\/es\\\/producto\\\/vapeador-desechable-recargable-fizzy-max-iii-6en1-60k-60000-puffs-coleccion-de-sabores-sorpresa-pack-de-6\\\/\"]}]},{\"@type\":\"ImageObject\",\"inLanguage\":\"es\",\"@id\":\"https:\\\/\\\/shop.fizzyvape.com\\\/es\\\/producto\\\/vapeador-desechable-recargable-fizzy-max-iii-6en1-60k-60000-puffs-coleccion-de-sabores-sorpresa-pack-de-6\\\/#primaryimage\",\"url\":\"https:\\\/\\\/shop.fizzyvape.com\\\/wp-content\\\/uploads\\\/2025\\\/06\\\/Fizzy-Max-III-6in1-60K-60000-Puffs-Disposable-Vape-01.webp\",\"contentUrl\":\"https:\\\/\\\/shop.fizzyvape.com\\\/wp-content\\\/uploads\\\/2025\\\/06\\\/Fizzy-Max-III-6in1-60K-60000-Puffs-Disposable-Vape-01.webp\",\"width\":800,\"height\":800,\"caption\":\"Fizzy Max III 6en1 60K 60000 Puffs Vape Desechable 01\"},{\"@type\":\"BreadcrumbList\",\"@id\":\"https:\\\/\\\/shop.fizzyvape.com\\\/es\\\/producto\\\/vapeador-desechable-recargable-fizzy-max-iii-6en1-60k-60000-puffs-coleccion-de-sabores-sorpresa-pack-de-6\\\/#breadcrumb\",\"itemListElement\":[{\"@type\":\"ListItem\",\"position\":1,\"name\":\"\u9996\u9875\",\"item\":\"https:\\\/\\\/shop.fizzyvape.com\\\/es\\\/\"},{\"@type\":\"ListItem\",\"position\":2,\"name\":\"Shop\",\"item\":\"https:\\\/\\\/shop.fizzyvape.com\\\/shop\\\/\"},{\"@type\":\"ListItem\",\"position\":3,\"name\":\"Vapeador Desechable Recargable Fizzy Max III 6en1 60K 60000 Puffs &#8211; Colecci\u00f3n de Sabores Sorpresa (pack de 6)\"}]},{\"@type\":\"WebSite\",\"@id\":\"https:\\\/\\\/shop.fizzyvape.com\\\/es\\\/#website\",\"url\":\"https:\\\/\\\/shop.fizzyvape.com\\\/es\\\/\",\"name\":\"shop.fizzyvape.com\",\"description\":\"The Best Disposable Vape In Europe | 10000 - 60000 Puffs  | Free Shipping\",\"potentialAction\":[{\"@type\":\"SearchAction\",\"target\":{\"@type\":\"EntryPoint\",\"urlTemplate\":\"https:\\\/\\\/shop.fizzyvape.com\\\/es\\\/?s={search_term_string}\"},\"query-input\":{\"@type\":\"PropertyValueSpecification\",\"valueRequired\":true,\"valueName\":\"search_term_string\"}}],\"inLanguage\":\"es\"}]}<\/script>\n<!-- \/ Yoast SEO Premium plugin. -->","yoast_head_json":{"title":"60K Puffs Vape Desechable Recargable - Caja de 6 sabores","description":"Consigue 6 vapeadores recargables, cada uno con 6 sabores intercambiables, 60000 caladas, pantalla LED y 2%\/5% de nicotina. El paquete de vapeo misterioso definitivo para los amantes de los sabores.","robots":{"index":"index","follow":"follow","max-snippet":"max-snippet:-1","max-image-preview":"max-image-preview:large","max-video-preview":"max-video-preview:-1"},"canonical":"https:\/\/shop.fizzyvape.com\/es\/producto\/vapeador-desechable-recargable-fizzy-max-iii-6en1-60k-60000-puffs-coleccion-de-sabores-sorpresa-pack-de-6\/","og_locale":"es_ES","og_type":"article","og_title":"Vapeador Desechable Recargable Fizzy Max III 6en1 60K 60000 Puffs - Colecci\u00f3n de Sabores Sorpresa (pack de 6)","og_description":"Consigue 6 vapeadores recargables, cada uno con 6 sabores intercambiables, 60000 caladas, pantalla LED y 2%\/5% de nicotina. El paquete de vapeo misterioso definitivo para los amantes de los sabores.","og_url":"https:\/\/shop.fizzyvape.com\/es\/producto\/vapeador-desechable-recargable-fizzy-max-iii-6en1-60k-60000-puffs-coleccion-de-sabores-sorpresa-pack-de-6\/","og_site_name":"shop.fizzyvape.com","article_modified_time":"2026-02-28T10:18:59+00:00","og_image":[{"width":800,"height":800,"url":"https:\/\/shop.fizzyvape.com\/wp-content\/uploads\/2025\/06\/Fizzy-Max-III-6in1-60K-60000-Puffs-Disposable-Vape-01.webp","type":"image\/webp"}],"twitter_card":"summary_large_image","twitter_misc":{"Tiempo de lectura":"5 minutos"},"schema":{"@context":"https:\/\/schema.org","@graph":[{"@type":"WebPage","@id":"https:\/\/shop.fizzyvape.com\/es\/producto\/vapeador-desechable-recargable-fizzy-max-iii-6en1-60k-60000-puffs-coleccion-de-sabores-sorpresa-pack-de-6\/","url":"https:\/\/shop.fizzyvape.com\/es\/producto\/vapeador-desechable-recargable-fizzy-max-iii-6en1-60k-60000-puffs-coleccion-de-sabores-sorpresa-pack-de-6\/","name":"60K Puffs Vape Desechable Recargable - Caja de 6 sabores","isPartOf":{"@id":"https:\/\/shop.fizzyvape.com\/es\/#website"},"primaryImageOfPage":{"@id":"https:\/\/shop.fizzyvape.com\/es\/producto\/vapeador-desechable-recargable-fizzy-max-iii-6en1-60k-60000-puffs-coleccion-de-sabores-sorpresa-pack-de-6\/#primaryimage"},"image":{"@id":"https:\/\/shop.fizzyvape.com\/es\/producto\/vapeador-desechable-recargable-fizzy-max-iii-6en1-60k-60000-puffs-coleccion-de-sabores-sorpresa-pack-de-6\/#primaryimage"},"thumbnailUrl":"https:\/\/shop.fizzyvape.com\/wp-content\/uploads\/2025\/06\/Fizzy-Max-III-6in1-60K-60000-Puffs-Disposable-Vape-01.webp","datePublished":"2025-06-07T07:31:52+00:00","dateModified":"2026-02-28T10:18:59+00:00","description":"Consigue 6 vapeadores recargables, cada uno con 6 sabores intercambiables, 60000 caladas, pantalla LED y 2%\/5% de nicotina. El paquete de vapeo misterioso definitivo para los amantes de los sabores.","breadcrumb":{"@id":"https:\/\/shop.fizzyvape.com\/es\/producto\/vapeador-desechable-recargable-fizzy-max-iii-6en1-60k-60000-puffs-coleccion-de-sabores-sorpresa-pack-de-6\/#breadcrumb"},"inLanguage":"es","potentialAction":[{"@type":"ReadAction","target":["https:\/\/shop.fizzyvape.com\/es\/producto\/vapeador-desechable-recargable-fizzy-max-iii-6en1-60k-60000-puffs-coleccion-de-sabores-sorpresa-pack-de-6\/"]}]},{"@type":"ImageObject","inLanguage":"es","@id":"https:\/\/shop.fizzyvape.com\/es\/producto\/vapeador-desechable-recargable-fizzy-max-iii-6en1-60k-60000-puffs-coleccion-de-sabores-sorpresa-pack-de-6\/#primaryimage","url":"https:\/\/shop.fizzyvape.com\/wp-content\/uploads\/2025\/06\/Fizzy-Max-III-6in1-60K-60000-Puffs-Disposable-Vape-01.webp","contentUrl":"https:\/\/shop.fizzyvape.com\/wp-content\/uploads\/2025\/06\/Fizzy-Max-III-6in1-60K-60000-Puffs-Disposable-Vape-01.webp","width":800,"height":800,"caption":"Fizzy Max III 6en1 60K 60000 Puffs Vape Desechable 01"},{"@type":"BreadcrumbList","@id":"https:\/\/shop.fizzyvape.com\/es\/producto\/vapeador-desechable-recargable-fizzy-max-iii-6en1-60k-60000-puffs-coleccion-de-sabores-sorpresa-pack-de-6\/#breadcrumb","itemListElement":[{"@type":"ListItem","position":1,"name":"\u9996\u9875","item":"https:\/\/shop.fizzyvape.com\/es\/"},{"@type":"ListItem","position":2,"name":"Shop","item":"https:\/\/shop.fizzyvape.com\/shop\/"},{"@type":"ListItem","position":3,"name":"Vapeador Desechable Recargable Fizzy Max III 6en1 60K 60000 Puffs &#8211; Colecci\u00f3n de Sabores Sorpresa (pack de 6)"}]},{"@type":"WebSite","@id":"https:\/\/shop.fizzyvape.com\/es\/#website","url":"https:\/\/shop.fizzyvape.com\/es\/","name":"shop.fizzyvape.com","description":"The Best Disposable Vape In Europe | 10000 - 60000 Puffs  | Free Shipping","potentialAction":[{"@type":"SearchAction","target":{"@type":"EntryPoint","urlTemplate":"https:\/\/shop.fizzyvape.com\/es\/?s={search_term_string}"},"query-input":{"@type":"PropertyValueSpecification","valueRequired":true,"valueName":"search_term_string"}}],"inLanguage":"es"}]}},"tiered_pricing_type":"fixed","tiered_pricing_fixed_rules":[],"tiered_pricing_product_settings":{"layout":"default","base_unit_name":{"singular":null,"plural":null},"default_variation":null},"tiered_pricing_minimum_quantity":null,"tiered_pricing_roles_data":[],"tiered_pricing_percentage_rules":[],"tiered_pricing_maximum_quantity":null,"tiered_pricing_quantity_step":null,"_links":{"self":[{"href":"https:\/\/shop.fizzyvape.com\/es\/wp-json\/wp\/v2\/product\/19479","targetHints":{"allow":["GET"]}}],"collection":[{"href":"https:\/\/shop.fizzyvape.com\/es\/wp-json\/wp\/v2\/product"}],"about":[{"href":"https:\/\/shop.fizzyvape.com\/es\/wp-json\/wp\/v2\/types\/product"}],"replies":[{"embeddable":true,"href":"https:\/\/shop.fizzyvape.com\/es\/wp-json\/wp\/v2\/comments?post=19479"}],"version-history":[{"count":1,"href":"https:\/\/shop.fizzyvape.com\/es\/wp-json\/wp\/v2\/product\/19479\/revisions"}],"predecessor-version":[{"id":28281,"href":"https:\/\/shop.fizzyvape.com\/es\/wp-json\/wp\/v2\/product\/19479\/revisions\/28281"}],"wp:featuredmedia":[{"embeddable":true,"href":"https:\/\/shop.fizzyvape.com\/es\/wp-json\/wp\/v2\/media\/18803"}],"wp:attachment":[{"href":"https:\/\/shop.fizzyvape.com\/es\/wp-json\/wp\/v2\/media?parent=19479"}],"wp:term":[{"taxonomy":"product_brand","embeddable":true,"href":"https:\/\/shop.fizzyvape.com\/es\/wp-json\/wp\/v2\/product_brand?post=19479"},{"taxonomy":"product_cat","embeddable":true,"href":"https:\/\/shop.fizzyvape.com\/es\/wp-json\/wp\/v2\/product_cat?post=19479"},{"taxonomy":"product_tag","embeddable":true,"href":"https:\/\/shop.fizzyvape.com\/es\/wp-json\/wp\/v2\/product_tag?post=19479"}],"curies":[{"name":"wp","href":"https:\/\/api.w.org\/{rel}","templated":true}]}}