{"id":19510,"date":"2025-06-06T03:16:49","date_gmt":"2025-06-06T03:16:49","guid":{"rendered":"https:\/\/shop.fizzyvape.com\/product\/fizzy-nova-plus-40000-puffs-desechables-vape-fruity-chill-set-6pcs-paquete-de-6-sabores\/"},"modified":"2025-11-22T02:13:10","modified_gmt":"2025-11-22T02:13:10","slug":"fizzy-nova-plus-40000-puffs-desechables-vape-fruity-chill-set-6pcs-paquete-de-6-sabores","status":"publish","type":"product","link":"https:\/\/shop.fizzyvape.com\/es\/producto\/fizzy-nova-plus-40000-puffs-desechables-vape-fruity-chill-set-6pcs-paquete-de-6-sabores\/","title":{"rendered":"Fizzy Nova Plus 40000 Puffs Desechables Vape Fruity Chill Set &#8211; 6pcs (Paquete de 6 sabores)"},"content":{"rendered":"<div>\n<h2><strong>Fizzy Nova Plus 40000 Puffs Vapeador Desechable &#8211; Fruity Chill Set Paquete de 6 sabores<\/strong><\/h2>\n<p>Experimenta atrevidas mezclas de frutas con el <strong>Fizzy Nova Plus 40000 Puffs Disposable Vape<\/strong> Fruity Chill Bundle. Cada <strong>vaporizador recargable<\/strong> cuenta con <strong>doble bobina de malla<\/strong>, <strong>modos Eco\/Turbo<\/strong>, <strong>pantalla LED<\/strong> y proporciona hasta <strong>40.000 caladas<\/strong> para un sabor suave y potente en cada calada.<\/p>\n<h3><strong>L\u00ednea de Sabores &#8211; 6 x 40.000 Puffs de Berry-Citrus Bliss<\/strong><\/h3>\n<ol>\n<li><strong>Kiwi Maracuy\u00e1 Guayaba<\/strong> &#8211; El sabor tropical se une a la dulzura ex\u00f3tica<\/li>\n<li><strong>Lim\u00f3n Frambuesa<\/strong> &#8211; El agudo lim\u00f3n choca con la jugosa delicia de la frambuesa<\/li>\n<li><strong>Triple Berry<\/strong> &#8211; Un rico tr\u00edo de fresa, ar\u00e1ndano y mora<\/li>\n<li><strong>Melocot\u00f3n helado<\/strong> &#8211; Melocot\u00f3n cremoso con un refrescante beso mentolado<\/li>\n<li><strong>Uva lima<\/strong> &#8211; La uva profunda se une a la chispa \u00e1cida de los c\u00edtricos<\/li>\n<li><strong>Limonada Blue Razz<\/strong> &#8211; Mezcla de frambuesa azul el\u00e9ctrica y limonada \u00e1cida<\/li>\n<\/ol>\n<h3><strong>Caracter\u00edsticas principales e innovaciones<\/strong><\/h3>\n<ul>\n<li><strong>6 dispositivos x 40.000 caladas<\/strong> &#8211; Disfruta de m\u00faltiples sabores con un tiempo de vapeo prolongado.<\/li>\n<li><strong>Tecnolog\u00eda de bobina de malla doble<\/strong>: vapor mejorado y suministro de sabor preciso<\/li>\n<li><strong>Funci\u00f3n inteligente de modo dual<\/strong>\n<ul>\n<li><em>Modo Eco<\/em> &#8211; Para una duraci\u00f3n m\u00e1s larga y eficiente de la bater\u00eda<\/li>\n<li><em>Modo turbo<\/em> &#8211; Para un vapor intensificado y audaces estallidos de sabor<\/li>\n<\/ul>\n<\/li>\n<li><strong>Carga r\u00e1pida USB-C<\/strong>: la bater\u00eda de 850 mAh se recarga por completo en <strong>s\u00f3lo 2 horas<\/strong><\/li>\n<li><strong>Cuerpo de aleaci\u00f3n de grado aeroespacial<\/strong>: ligero, duradero y listo para viajar<\/li>\n<li><strong>Dise\u00f1o delgado y a prueba de fugas<\/strong>: apto para el bolsillo y compatible con la TSA<\/li>\n<li><strong>Pantalla LED inteligente<\/strong> &#8211; Control en tiempo real de la bater\u00eda y el e-l\u00edquido<\/li>\n<\/ul>\n<h3><strong>Por qu\u00e9 elegir <\/strong><strong>Paquete Fizzy Nova Plus 40K<\/strong><strong>?<\/strong><\/h3>\n<ul>\n<li><strong>6 sabores exclusivos<\/strong> &#8211; Una gama rotativa de combinaciones de frutas dulces, \u00e1cidas y heladas<\/li>\n<li><strong>5 veces m\u00e1s longevidad<\/strong> &#8211; Dura hasta un 300% m\u00e1s que los desechables est\u00e1ndar<\/li>\n<li><strong>Elaborado por expertos en sabores<\/strong> &#8211; Dise\u00f1ado por los mejores qu\u00edmicos de vapeo del mundo<\/li>\n<li><strong>Perfecto para regalar o explorar<\/strong> &#8211; Ideal para vapers aventureros o buscadores de variedad<\/li>\n<\/ul>\n<h3><strong>Opciones de potencia de nicotina<\/strong><\/h3>\n<ul>\n<li><strong>2% (20mg\/mL<\/strong> ) &#8211; Para una experiencia de vapeo suave y melosa<\/li>\n<li><strong>5% (50mg\/mL<\/strong> ) &#8211; Para un golpe de nicotina audaz y satisfactorio<\/li>\n<\/ul>\n<\/div>\n<div>\n<h3>Especificaciones<\/h3>\n<table style=\"height: 449px;\" width=\"1340\">\n<tbody>\n<tr>\n<td>Puffs<\/td>\n<td><strong>M\u00e1s de 40000 Puffs<\/strong><\/td>\n<\/tr>\n<tr>\n<td>Capacidad del e-l\u00edquido<\/td>\n<td><strong>40 ml<\/strong><\/td>\n<\/tr>\n<tr>\n<td>Capacidad de la bater\u00eda<\/td>\n<td><strong>850 mAh<\/strong><\/td>\n<\/tr>\n<tr>\n<td>Tama\u00f1o<\/td>\n<td><strong>52,5*24,5*104,3 mm<\/strong><\/td>\n<\/tr>\n<tr>\n<td>Desechable o no<\/td>\n<td><strong>Desechable<\/strong><\/td>\n<\/tr>\n<tr>\n<td>M\u00e9todo de carga<\/td>\n<td><strong>Cable<\/strong><\/td>\n<\/tr>\n<tr>\n<td>M\u00e9todo de activaci\u00f3n<\/td>\n<td><strong>Sensor<\/strong><\/td>\n<\/tr>\n<tr>\n<td>Material<\/td>\n<td><strong>PCTG<\/strong><\/td>\n<\/tr>\n<tr>\n<td>Nivel de nicotina<\/td>\n<td><strong>2% (20mg\/mL) y 5% (50mg\/mL)<\/strong><\/td>\n<\/tr>\n<tr>\n<td>Sabores<\/td>\n<td><strong>12<\/strong><\/td>\n<\/tr>\n<tr>\n<td>Embalaje<\/td>\n<td><strong>1 paquete<\/strong><\/td>\n<\/tr>\n<tr>\n<td>Tiempo de carga<\/td>\n<td><strong>2 horas<\/strong><\/td>\n<\/tr>\n<tr>\n<td>Almacenamiento<\/td>\n<td><strong>Evita los entornos con altas temperaturas y gu\u00e1rdalo en un lugar fresco y seco.<\/strong><\/td>\n<\/tr>\n<tr>\n<td>Personas cuyo uso est\u00e1 prohibido<\/td>\n<td><strong>Menores, mujeres embarazadas y personas al\u00e9rgicas a los ingredientes del producto.<\/strong><\/td>\n<\/tr>\n<tr>\n<td>Precauci\u00f3n<\/td>\n<td><strong>No tragues esta sustancia. En caso de ingesti\u00f3n, enju\u00e1gate bien la boca inmediatamente. Si te encuentras mal, acude al m\u00e9dico. <\/strong><\/td>\n<\/tr>\n<\/tbody>\n<\/table>\n<h3>Lista de sabores de Vape Desechable <strong>Fizzy Nova Plus <\/strong>40000 Puffs:<\/h3>\n<ol>\n<li><a href=\"\/product\/nova-plus-strawberry-kiwi-40000-puffs-10pcs\/\">Fresa Kiwi<\/a><\/li>\n<li><a href=\"\/product\/nova-plus-blueberry-ice-40000-puffs-10pcs\/\">Hielo de ar\u00e1ndanos<\/a><\/li>\n<li><a href=\"\/product\/nova-plus-watermelon-ice-40000-puffs-10pcs\/\">Hielo de sand\u00eda<\/a><\/li>\n<li><a href=\"\/product\/nova-plus-peach-mango-watermelon-40000-puffs-10pcs\/\">Melocot\u00f3n Mango Sand\u00eda<\/a><\/li>\n<li><a href=\"\/product\/nova-plus-kiwi-passion-fruit-guava-40000-puffs-10pcs\/\">Kiwi Fruta de la pasi\u00f3n Guayaba<\/a><\/li>\n<li><a href=\"\/product\/nova-plus-raspberry-lemon-40000-puffs-10pcs\/\">Frambuesa Lim\u00f3n<\/a><\/li>\n<li><a href=\"\/product\/nova-plus-triple-berry-40000-puffs-10pcs\/\">Triple baya<\/a><\/li>\n<li><a href=\"\/product\/nova-plus-peach-ice-40000-puffs-10pcs\/\">Melocot\u00f3n helado<\/a><\/li>\n<li><a href=\"\/product\/nova-plus-grape-lime-40000-puffs-10pcs\/\">Uva Lima<\/a><\/li>\n<li><a href=\"\/product\/nova-plus-blue-razz-lemonade-40000-puffs-10pcs\/\">Limonada Blue Razz<\/a><\/li>\n<li><a href=\"\/product\/nova-plus-strawberry-ice-40000-puffs-10pcs\/\">Hielo de fresa<\/a><\/li>\n<li><a href=\"\/product\/nova-plus-blueberry-coconut-40000-puffs-10pcs\/\">Coco con ar\u00e1ndanos<\/a><\/li>\n<\/ol>\n<h3>Preguntas frecuentes sobre Fizzy Nova Plus 40000 Puffs Paquete desechable de 6 sabores<\/h3>\n<p><strong>\u00bfCu\u00e1nto dura cada dispositivo?<\/strong><br \/>\nCada Fizzy Nova Plus proporciona <strong>hasta 40.000 caladas, el equivalente<\/strong>a <strong>4-5 desechables normales<\/strong>. El paquete de 6 unidades proporciona <strong>hasta 12 semanas<\/strong> de vapeo a usuarios moderados.<\/p>\n<p><strong>\u00bfQu\u00e9 hace que este paquete sea \u00fanico?<\/strong><br \/>\nEs una <strong>exploraci\u00f3n repleta de sabor<\/strong> a bayas, frutas tropicales y limonada picante, con un equilibrio perfecto entre dulce, \u00e1cido y helado. Combinado con tecnolog\u00eda avanzada como el modo dual y las bobinas de malla, cada calada es rica y satisfactoria.<\/p>\n<p><strong>\u00bfEs f\u00e1cil de transportar?<\/strong><br \/>\n\u00a1S\u00ed! Con un <strong>dise\u00f1o a prueba de fugas<\/strong>, una <strong>bater\u00eda recargable<\/strong> y <strong>un cuerpo de aleaci\u00f3n resistente<\/strong>, la Fizzy Nova Plus es perfecta para la vida en movimiento y segura para los viajes en avi\u00f3n.<\/p>\n<p><strong>\u00bfQu\u00e9 concentraci\u00f3n de nicotina debo elegir?<\/strong><\/p>\n<ul>\n<li><strong>2% (20mg\/mL)<\/strong>: Ideal para vapear de forma suave y ocasional<\/li>\n<li><strong>5% (50mg\/mL)<\/strong>: Lo mejor para un golpe m\u00e1s fuerte y para ex fumadores<\/li>\n<\/ul>\n<\/div>\n","protected":false},"excerpt":{"rendered":"<p><strong>Fizzy Nova Plus 40000 caladas &#8211; Paquete de 6 sabores Berry Zesty Blast<\/strong><br \/>\n6 sabores individuales en un paquete, cada uno con 40.000 caladas. Dispone de indicador LED de la bater\u00eda, dos modos de potencia (Eco y Turbo), carga r\u00e1pida USB-C y tecnolog\u00eda de doble bobina de malla para disfrutar de un vapeo suave y vibrante de bayas y c\u00edtricos.<\/p>\n","protected":false},"featured_media":18785,"comment_status":"open","ping_status":"closed","template":"","meta":[],"product_brand":[],"product_cat":[156,154],"product_tag":[145,132,131],"class_list":{"0":"post-19510","1":"product","2":"type-product","3":"status-publish","4":"has-post-thumbnail","6":"product_cat-pack-vape-multisabores","7":"product_cat-vaper-recargable-online","8":"product_tag-puffs-40k","9":"product_tag-vaper-recargable","10":"product_tag-vape-desechable-online","12":"first","13":"outofstock","14":"sale","15":"shipping-taxable","16":"purchasable","17":"product-type-variable"},"yoast_head":"<!-- This site is optimized with the Yoast SEO Premium plugin v24.8 (Yoast SEO v26.1.1) - https:\/\/yoast.com\/wordpress\/plugins\/seo\/ -->\n<title>Fizzy Nova Plus 40000 Puffs - Vape recargable desechable<\/title>\n<meta name=\"description\" content=\"Fizzy Nova Plus 40000 Puffs: un vapeador desechable recargable con pantalla LED, modos Eco\/Turbo y doble bobina de malla. Suave, potente y hecho para durar\" \/>\n<meta name=\"robots\" content=\"index, follow, max-snippet:-1, max-image-preview:large, max-video-preview:-1\" \/>\n<link rel=\"canonical\" href=\"https:\/\/shop.fizzyvape.com\/es\/producto\/fizzy-nova-plus-40000-puffs-desechables-vape-fruity-chill-set-6pcs-paquete-de-6-sabores\/\" \/>\n<meta property=\"og:locale\" content=\"es_ES\" \/>\n<meta property=\"og:type\" content=\"article\" \/>\n<meta property=\"og:title\" content=\"Fizzy Nova Plus 40000 Puffs Desechables Vape Fruity Chill Set - 6pcs (Paquete de 6 sabores)\" \/>\n<meta property=\"og:description\" content=\"Fizzy Nova Plus 40000 Puffs: un vapeador desechable recargable con pantalla LED, modos Eco\/Turbo y doble bobina de malla. Suave, potente y hecho para durar\" \/>\n<meta property=\"og:url\" content=\"https:\/\/shop.fizzyvape.com\/es\/producto\/fizzy-nova-plus-40000-puffs-desechables-vape-fruity-chill-set-6pcs-paquete-de-6-sabores\/\" \/>\n<meta property=\"og:site_name\" content=\"shop.fizzyvape.com\" \/>\n<meta property=\"article:modified_time\" content=\"2025-11-22T02:13:10+00:00\" \/>\n<meta property=\"og:image\" content=\"https:\/\/shop.fizzyvape.com\/wp-content\/uploads\/2025\/06\/Fizzy-Nova-Plus-40000-Puffs-2-1.webp\" \/>\n\t<meta property=\"og:image:width\" content=\"800\" \/>\n\t<meta property=\"og:image:height\" content=\"800\" \/>\n\t<meta property=\"og:image:type\" content=\"image\/webp\" \/>\n<meta name=\"twitter:card\" content=\"summary_large_image\" \/>\n<meta name=\"twitter:label1\" content=\"Tiempo de lectura\" \/>\n\t<meta name=\"twitter:data1\" content=\"4 minutos\" \/>\n<script type=\"application\/ld+json\" class=\"yoast-schema-graph\">{\"@context\":\"https:\/\/schema.org\",\"@graph\":[{\"@type\":\"WebPage\",\"@id\":\"https:\/\/shop.fizzyvape.com\/es\/producto\/fizzy-nova-plus-40000-puffs-desechables-vape-fruity-chill-set-6pcs-paquete-de-6-sabores\/\",\"url\":\"https:\/\/shop.fizzyvape.com\/es\/producto\/fizzy-nova-plus-40000-puffs-desechables-vape-fruity-chill-set-6pcs-paquete-de-6-sabores\/\",\"name\":\"Fizzy Nova Plus 40000 Puffs - Vape recargable desechable\",\"isPartOf\":{\"@id\":\"https:\/\/shop.fizzyvape.com\/es\/#website\"},\"primaryImageOfPage\":{\"@id\":\"https:\/\/shop.fizzyvape.com\/es\/producto\/fizzy-nova-plus-40000-puffs-desechables-vape-fruity-chill-set-6pcs-paquete-de-6-sabores\/#primaryimage\"},\"image\":{\"@id\":\"https:\/\/shop.fizzyvape.com\/es\/producto\/fizzy-nova-plus-40000-puffs-desechables-vape-fruity-chill-set-6pcs-paquete-de-6-sabores\/#primaryimage\"},\"thumbnailUrl\":\"https:\/\/shop.fizzyvape.com\/wp-content\/uploads\/2025\/06\/Fizzy-Nova-Plus-40000-Puffs-2.webp\",\"datePublished\":\"2025-06-06T03:16:49+00:00\",\"dateModified\":\"2025-11-22T02:13:10+00:00\",\"description\":\"Fizzy Nova Plus 40000 Puffs: un vapeador desechable recargable con pantalla LED, modos Eco\/Turbo y doble bobina de malla. Suave, potente y hecho para durar\",\"breadcrumb\":{\"@id\":\"https:\/\/shop.fizzyvape.com\/es\/producto\/fizzy-nova-plus-40000-puffs-desechables-vape-fruity-chill-set-6pcs-paquete-de-6-sabores\/#breadcrumb\"},\"inLanguage\":\"es\",\"potentialAction\":[{\"@type\":\"ReadAction\",\"target\":[\"https:\/\/shop.fizzyvape.com\/es\/producto\/fizzy-nova-plus-40000-puffs-desechables-vape-fruity-chill-set-6pcs-paquete-de-6-sabores\/\"]}]},{\"@type\":\"ImageObject\",\"inLanguage\":\"es\",\"@id\":\"https:\/\/shop.fizzyvape.com\/es\/producto\/fizzy-nova-plus-40000-puffs-desechables-vape-fruity-chill-set-6pcs-paquete-de-6-sabores\/#primaryimage\",\"url\":\"https:\/\/shop.fizzyvape.com\/wp-content\/uploads\/2025\/06\/Fizzy-Nova-Plus-40000-Puffs-2.webp\",\"contentUrl\":\"https:\/\/shop.fizzyvape.com\/wp-content\/uploads\/2025\/06\/Fizzy-Nova-Plus-40000-Puffs-2.webp\",\"width\":800,\"height\":800,\"caption\":\"Fizzy-Nova-Plus-40000-Puffs-2\"},{\"@type\":\"BreadcrumbList\",\"@id\":\"https:\/\/shop.fizzyvape.com\/es\/producto\/fizzy-nova-plus-40000-puffs-desechables-vape-fruity-chill-set-6pcs-paquete-de-6-sabores\/#breadcrumb\",\"itemListElement\":[{\"@type\":\"ListItem\",\"position\":1,\"name\":\"\u9996\u9875\",\"item\":\"https:\/\/shop.fizzyvape.com\/es\/\"},{\"@type\":\"ListItem\",\"position\":2,\"name\":\"Shop\",\"item\":\"https:\/\/shop.fizzyvape.com\/shop\/\"},{\"@type\":\"ListItem\",\"position\":3,\"name\":\"Fizzy Nova Plus 40000 Puffs Desechables Vape Fruity Chill Set &#8211; 6pcs (Paquete de 6 sabores)\"}]},{\"@type\":\"WebSite\",\"@id\":\"https:\/\/shop.fizzyvape.com\/es\/#website\",\"url\":\"https:\/\/shop.fizzyvape.com\/es\/\",\"name\":\"shop.fizzyvape.com\",\"description\":\"The Best Disposable Vape In Europe | 10000 - 60000 Puffs  | Free Shipping\",\"potentialAction\":[{\"@type\":\"SearchAction\",\"target\":{\"@type\":\"EntryPoint\",\"urlTemplate\":\"https:\/\/shop.fizzyvape.com\/es\/?s={search_term_string}\"},\"query-input\":{\"@type\":\"PropertyValueSpecification\",\"valueRequired\":true,\"valueName\":\"search_term_string\"}}],\"inLanguage\":\"es\"}]}<\/script>\n<!-- \/ Yoast SEO Premium plugin. -->","yoast_head_json":{"title":"Fizzy Nova Plus 40000 Puffs - Vape recargable desechable","description":"Fizzy Nova Plus 40000 Puffs: un vapeador desechable recargable con pantalla LED, modos Eco\/Turbo y doble bobina de malla. Suave, potente y hecho para durar","robots":{"index":"index","follow":"follow","max-snippet":"max-snippet:-1","max-image-preview":"max-image-preview:large","max-video-preview":"max-video-preview:-1"},"canonical":"https:\/\/shop.fizzyvape.com\/es\/producto\/fizzy-nova-plus-40000-puffs-desechables-vape-fruity-chill-set-6pcs-paquete-de-6-sabores\/","og_locale":"es_ES","og_type":"article","og_title":"Fizzy Nova Plus 40000 Puffs Desechables Vape Fruity Chill Set - 6pcs (Paquete de 6 sabores)","og_description":"Fizzy Nova Plus 40000 Puffs: un vapeador desechable recargable con pantalla LED, modos Eco\/Turbo y doble bobina de malla. Suave, potente y hecho para durar","og_url":"https:\/\/shop.fizzyvape.com\/es\/producto\/fizzy-nova-plus-40000-puffs-desechables-vape-fruity-chill-set-6pcs-paquete-de-6-sabores\/","og_site_name":"shop.fizzyvape.com","article_modified_time":"2025-11-22T02:13:10+00:00","og_image":[{"width":800,"height":800,"url":"https:\/\/shop.fizzyvape.com\/wp-content\/uploads\/2025\/06\/Fizzy-Nova-Plus-40000-Puffs-2-1.webp","type":"image\/webp"}],"twitter_card":"summary_large_image","twitter_misc":{"Tiempo de lectura":"4 minutos"},"schema":{"@context":"https:\/\/schema.org","@graph":[{"@type":"WebPage","@id":"https:\/\/shop.fizzyvape.com\/es\/producto\/fizzy-nova-plus-40000-puffs-desechables-vape-fruity-chill-set-6pcs-paquete-de-6-sabores\/","url":"https:\/\/shop.fizzyvape.com\/es\/producto\/fizzy-nova-plus-40000-puffs-desechables-vape-fruity-chill-set-6pcs-paquete-de-6-sabores\/","name":"Fizzy Nova Plus 40000 Puffs - Vape recargable desechable","isPartOf":{"@id":"https:\/\/shop.fizzyvape.com\/es\/#website"},"primaryImageOfPage":{"@id":"https:\/\/shop.fizzyvape.com\/es\/producto\/fizzy-nova-plus-40000-puffs-desechables-vape-fruity-chill-set-6pcs-paquete-de-6-sabores\/#primaryimage"},"image":{"@id":"https:\/\/shop.fizzyvape.com\/es\/producto\/fizzy-nova-plus-40000-puffs-desechables-vape-fruity-chill-set-6pcs-paquete-de-6-sabores\/#primaryimage"},"thumbnailUrl":"https:\/\/shop.fizzyvape.com\/wp-content\/uploads\/2025\/06\/Fizzy-Nova-Plus-40000-Puffs-2.webp","datePublished":"2025-06-06T03:16:49+00:00","dateModified":"2025-11-22T02:13:10+00:00","description":"Fizzy Nova Plus 40000 Puffs: un vapeador desechable recargable con pantalla LED, modos Eco\/Turbo y doble bobina de malla. Suave, potente y hecho para durar","breadcrumb":{"@id":"https:\/\/shop.fizzyvape.com\/es\/producto\/fizzy-nova-plus-40000-puffs-desechables-vape-fruity-chill-set-6pcs-paquete-de-6-sabores\/#breadcrumb"},"inLanguage":"es","potentialAction":[{"@type":"ReadAction","target":["https:\/\/shop.fizzyvape.com\/es\/producto\/fizzy-nova-plus-40000-puffs-desechables-vape-fruity-chill-set-6pcs-paquete-de-6-sabores\/"]}]},{"@type":"ImageObject","inLanguage":"es","@id":"https:\/\/shop.fizzyvape.com\/es\/producto\/fizzy-nova-plus-40000-puffs-desechables-vape-fruity-chill-set-6pcs-paquete-de-6-sabores\/#primaryimage","url":"https:\/\/shop.fizzyvape.com\/wp-content\/uploads\/2025\/06\/Fizzy-Nova-Plus-40000-Puffs-2.webp","contentUrl":"https:\/\/shop.fizzyvape.com\/wp-content\/uploads\/2025\/06\/Fizzy-Nova-Plus-40000-Puffs-2.webp","width":800,"height":800,"caption":"Fizzy-Nova-Plus-40000-Puffs-2"},{"@type":"BreadcrumbList","@id":"https:\/\/shop.fizzyvape.com\/es\/producto\/fizzy-nova-plus-40000-puffs-desechables-vape-fruity-chill-set-6pcs-paquete-de-6-sabores\/#breadcrumb","itemListElement":[{"@type":"ListItem","position":1,"name":"\u9996\u9875","item":"https:\/\/shop.fizzyvape.com\/es\/"},{"@type":"ListItem","position":2,"name":"Shop","item":"https:\/\/shop.fizzyvape.com\/shop\/"},{"@type":"ListItem","position":3,"name":"Fizzy Nova Plus 40000 Puffs Desechables Vape Fruity Chill Set &#8211; 6pcs (Paquete de 6 sabores)"}]},{"@type":"WebSite","@id":"https:\/\/shop.fizzyvape.com\/es\/#website","url":"https:\/\/shop.fizzyvape.com\/es\/","name":"shop.fizzyvape.com","description":"The Best Disposable Vape In Europe | 10000 - 60000 Puffs  | Free Shipping","potentialAction":[{"@type":"SearchAction","target":{"@type":"EntryPoint","urlTemplate":"https:\/\/shop.fizzyvape.com\/es\/?s={search_term_string}"},"query-input":{"@type":"PropertyValueSpecification","valueRequired":true,"valueName":"search_term_string"}}],"inLanguage":"es"}]}},"tiered_pricing_type":"fixed","tiered_pricing_fixed_rules":[],"tiered_pricing_product_settings":{"layout":"default","base_unit_name":{"singular":null,"plural":null},"default_variation":null},"tiered_pricing_minimum_quantity":null,"tiered_pricing_roles_data":[],"tiered_pricing_percentage_rules":[],"tiered_pricing_maximum_quantity":null,"tiered_pricing_quantity_step":null,"_links":{"self":[{"href":"https:\/\/shop.fizzyvape.com\/es\/wp-json\/wp\/v2\/product\/19510","targetHints":{"allow":["GET"]}}],"collection":[{"href":"https:\/\/shop.fizzyvape.com\/es\/wp-json\/wp\/v2\/product"}],"about":[{"href":"https:\/\/shop.fizzyvape.com\/es\/wp-json\/wp\/v2\/types\/product"}],"replies":[{"embeddable":true,"href":"https:\/\/shop.fizzyvape.com\/es\/wp-json\/wp\/v2\/comments?post=19510"}],"version-history":[{"count":0,"href":"https:\/\/shop.fizzyvape.com\/es\/wp-json\/wp\/v2\/product\/19510\/revisions"}],"wp:featuredmedia":[{"embeddable":true,"href":"https:\/\/shop.fizzyvape.com\/es\/wp-json\/wp\/v2\/media\/18785"}],"wp:attachment":[{"href":"https:\/\/shop.fizzyvape.com\/es\/wp-json\/wp\/v2\/media?parent=19510"}],"wp:term":[{"taxonomy":"product_brand","embeddable":true,"href":"https:\/\/shop.fizzyvape.com\/es\/wp-json\/wp\/v2\/product_brand?post=19510"},{"taxonomy":"product_cat","embeddable":true,"href":"https:\/\/shop.fizzyvape.com\/es\/wp-json\/wp\/v2\/product_cat?post=19510"},{"taxonomy":"product_tag","embeddable":true,"href":"https:\/\/shop.fizzyvape.com\/es\/wp-json\/wp\/v2\/product_tag?post=19510"}],"curies":[{"name":"wp","href":"https:\/\/api.w.org\/{rel}","templated":true}]}}