{"id":19564,"date":"2025-05-15T07:08:22","date_gmt":"2025-05-15T07:08:22","guid":{"rendered":"https:\/\/shop.fizzyvape.com\/product\/fizzy-twins-frambuesa-sandia-y-kiwi-fruta-de-la-pasion-guayaba-50000-puffs-vape-desechable\/"},"modified":"2025-12-23T08:33:43","modified_gmt":"2025-12-23T08:33:43","slug":"fizzy-twins-frambuesa-sandia-y-kiwi-fruta-de-la-pasion-guayaba-50000-puffs-vape-desechable","status":"publish","type":"product","link":"https:\/\/shop.fizzyvape.com\/es\/producto\/fizzy-twins-frambuesa-sandia-y-kiwi-fruta-de-la-pasion-guayaba-50000-puffs-vape-desechable\/","title":{"rendered":"Fizzy Twins Frambuesa Sand\u00eda y Kiwi Fruta de la Pasi\u00f3n Guayaba &#8211; 50000 Puffs Vape Desechable"},"content":{"rendered":"<div>\n<h2>Vape Fizzy Twins Exotic Dual Flavor &#8211; 50000 Puffs (Sand\u00eda Frambuesa &amp; Guayaba Kiwi Maracuy\u00e1)<\/h2>\n<p>Descubre una atrevida explosi\u00f3n de fusi\u00f3n frutal con las <strong>50000 <\/strong><strong>caladas<\/strong> de Fizzy Twins Sand\u00eda Frambuesa y Kiwi Fruta de la Pasi\u00f3n Guayaba. Este <strong>vapeador desechable de doble sabor <\/strong>y alto rendimiento combina el dulce sabor de la sand\u00eda con frambuesa con las notas tropicales del kiwi, la fruta de la pasi\u00f3n y la guayaba. Dise\u00f1ado para un disfrute prolongado, proporciona hasta 50.000 caladas suaves e incorpora una potente bater\u00eda recargable de 850 mAh con <strong>carga <\/strong>r\u00e1pida <strong>USB-C <\/strong>para la m\u00e1xima comodidad.  <\/p>\n<h3>Caracter\u00edsticas principales:<\/h3>\n<ul>\n<li><strong>50.000 caladas masivas<\/strong>: uso prolongado durante semanas de vapeo constante.<\/li>\n<li><strong>Sistema de doble sabor<\/strong>: cambia f\u00e1cilmente entre <strong>Sand\u00eda helada<\/strong> y <strong>Lima lim\u00f3n<\/strong> para una experiencia variada y refrescante.<\/li>\n<li><strong>Innovador dise\u00f1o de doble dep\u00f3sito<\/strong>: mantiene la pureza del sabor sin contaminaci\u00f3n cruzada.<\/li>\n<li><strong>Bater\u00eda recargable de 850 mAh<\/strong> &#8211; Equipada con <strong>carga r\u00e1pida USB-C<\/strong> para un rendimiento fiable sobre la marcha.<\/li>\n<li><strong>50ML de E-l\u00edquido precargado<\/strong> &#8211; No es necesario rellenar: listo para vapear nada m\u00e1s sacarlo de la caja.<\/li>\n<li><strong>Control de flujo de aire personalizable<\/strong>: ajusta tu calada de suave a intensa.<\/li>\n<li><strong>Modos de potencia dual<\/strong>: elige entre <strong>el modo ECO<\/strong> para un equilibrio y <strong>el modo Boost<\/strong> para un vapor m\u00e1s fuerte.<\/li>\n<li><strong>Cuerpo met\u00e1lico duradero<\/strong>: dise\u00f1ado ergon\u00f3micamente para ofrecer comodidad, estilo y durabilidad.<\/li>\n<\/ul>\n<\/div>\n<div>\n<h3><strong>Opciones de nicotina:<\/strong><\/h3>\n<ul>\n<li><strong>2% (20mg\/mL <\/strong>) &#8211; Ideal para una experiencia de vapeo suave y sabrosa<\/li>\n<li><strong>5% (50mg\/mL <\/strong>) &#8211; Dise\u00f1ado para un golpe de garganta m\u00e1s fuerte y satisfactorio<\/li>\n<\/ul>\n<h3>Lista de sabores de <strong>Fizzy Twins <\/strong>50000 Puffs:<\/h3>\n<ol>\n<li><a href=\"https:\/\/shop.fizzyvape.com\/producto\/fizzy-twins-watermelon-ice-strawberry-kiwi-50000-puffs-disposable-vape\/\">Sand\u00eda Helada y Fresa Kiwi<\/a><\/li>\n<li><a href=\"https:\/\/shop.fizzyvape.com\/es\/producto\/fizzy-twins-fresa-kiwi-granada-red-bull-50000-puffs-vape-desechable\/\">Fresa Kiwi Granada y Red Bull<\/a><\/li>\n<li><a href=\"https:\/\/shop.fizzyvape.com\/es\/producto\/fizzy-twins-arandano-coco-y-uva-hielo-50000-puffs-vape-desechable\/\">Hielo de ar\u00e1ndanos, coco y uva<\/a><\/li>\n<li><a href=\"https:\/\/shop.fizzyvape.com\/es\/producto\/fizzy-twins-limonada-blue-razz-melon-triple-50000-puffs-vape-desechable\/\">Limonada Blue Razz y Mel\u00f3n Triple<\/a><\/li>\n<li><a href=\"https:\/\/shop.fizzyvape.com\/es\/producto\/fizzy-twins-fresa-sandia-y-arandanos-hielo-50000-puffs-vape-desechable\/\">Hielo de fresa, sand\u00eda y ar\u00e1ndanos<\/a><\/li>\n<li><a href=\"https:\/\/shop.fizzyvape.com\/es\/producto\/fizzy-twins-melocoton-mango-sandia-y-fresa-platano-50000-puffs-vape-desechable\/\">Melocot\u00f3n Mango Sand\u00eda y Fresa Pl\u00e1tano<\/a><\/li>\n<li><a href=\"https:\/\/shop.fizzyvape.com\/es\/producto\/fizzy-twins-frambuesa-sandia-y-kiwi-fruta-de-la-pasion-guayaba-50000-puffs-vape-desechable\/\">Frambuesa Sand\u00eda y Kiwi Fruta de la Pasi\u00f3n Guayaba<\/a><\/li>\n<li><a href=\"https:\/\/shop.fizzyvape.com\/es\/producto\/fizzy-twins-pina-melocoton-fruta-de-la-pasion-y-arandano-frambuesa-50000-puffs-vape-desechable\/\">Pi\u00f1a Melocot\u00f3n Fruta de la Pasi\u00f3n y Ar\u00e1ndanos Frambuesa<\/a><\/li>\n<li><a href=\"https:\/\/shop.fizzyvape.com\/es\/producto\/fizzy-twins-sandia-helada-y-lima-limon-50000-puffs-vape-desechable\/\">Hielo de sand\u00eda y lima lim\u00f3n<\/a><\/li>\n<li><a href=\"https:\/\/shop.fizzyvape.com\/producto\/fizzy-twins-mixed-berry-peach-ice-50000-puffs-disposable-vape\/\">Hielo de frutas del bosque y melocot\u00f3n<\/a><\/li>\n<li><a href=\"https:\/\/shop.fizzyvape.com\/producto\/fizzy-twins-strawberry-ice-fizzy-cherry-50000-puffs-disposable-vape\/\">Fresa helada y cereza efervescente<\/a><\/li>\n<li><a href=\"https:\/\/shop.fizzyvape.com\/es\/producto\/fizzy-twins-limonada-de-frambuesa-y-fresa-helada-50000-puffs-vape-desechable\/\">Limonada de Frambuesa y Hielo de Fresa<\/a><\/li>\n<\/ol>\n<h3>Preguntas frecuentes sobre Fizzy Twins Frambuesa Sand\u00eda y Kiwi Fruta de la Pasi\u00f3n Guayaba 50000 Puffs Vape<\/h3>\n<p><strong>1. \u00bfC\u00f3mo cambio entre los dos sabores?<\/strong><br \/>\nGracias al innovador dise\u00f1o de doble dep\u00f3sito, el cambio se realiza sin esfuerzo. S\u00f3lo tienes que pulsar el <strong>bot\u00f3n de selecci\u00f3n de sabor<\/strong> para alternar entre la dulce Sand\u00eda con Frambuesa y la tropical Guayaba con Kiwi y Fruta de la Pasi\u00f3n. <\/p>\n<p><strong>2. \u00bfCu\u00e1nto durar\u00e1n 50.000 caladas?<\/strong><br \/>\nCon una generosa cantidad de 50 ml de e-l\u00edquido precargado, la mayor\u00eda de los usuarios pueden disfrutar de <strong>3-4 semanas<\/strong> de vapeo. Para los usuarios m\u00e1s exigentes, el dispositivo suele durar <strong>entre 2 y 3 semanas<\/strong> antes de tener que sustituirlo. <\/p>\n<p><strong>3. \u00bfCu\u00e1l es la diferencia entre los modos Est\u00e1ndar y Boost?<\/strong><\/p>\n<ul>\n<li><strong>El Modo Est\u00e1ndar<\/strong> proporciona una experiencia de vapeo suave y equilibrada.<\/li>\n<li><strong>El modo Boost<\/strong> aumenta la intensidad del sabor y la producci\u00f3n de vapor para un golpe m\u00e1s potente.<br \/>\nPuedes cambiar de modo seg\u00fan tus preferencias personales.<\/li>\n<\/ul>\n<p><strong>4. \u00bfQu\u00e9 concentraci\u00f3n de nicotina es la adecuada para m\u00ed?<\/strong><\/p>\n<ul>\n<li><strong>2% (20mg\/mL)<\/strong> &#8211; Ideal para usuarios ligeros o que prefieren un vapeo m\u00e1s suave.<\/li>\n<li><strong>5% (50mg\/mL)<\/strong> &#8211; Ideal para quienes buscan un golpe de garganta m\u00e1s fuerte o un aporte de nicotina m\u00e1s satisfactorio.<\/li>\n<\/ul>\n<\/div>\n","protected":false},"excerpt":{"rendered":"<p>Disfruta de un vibrante d\u00fao de frutas con Fizzy Twins 50000 Puffs. Con sand\u00eda frambuesa y guayaba kiwi maracuy\u00e1, este vapeador de doble sabor ofrece caladas suaves y duraderas con carga r\u00e1pida USB-C y modos de potencia personalizables. <\/p>\n","protected":false},"featured_media":18527,"comment_status":"open","ping_status":"closed","template":"","meta":[],"product_brand":[],"product_cat":[127,154],"product_tag":[140,141,132,131],"class_list":{"0":"post-19564","1":"product","2":"type-product","3":"status-publish","4":"has-post-thumbnail","6":"product_cat-vapeador-desechable-fizzy-twins-50000-puffs","7":"product_cat-vaper-recargable-online","8":"product_tag-50k-puffs","9":"product_tag-doble-sabor","10":"product_tag-vaper-recargable","11":"product_tag-vape-desechable-online","13":"first","14":"outofstock","15":"shipping-taxable","16":"purchasable","17":"product-type-variable"},"yoast_head":"<!-- This site is optimized with the Yoast SEO Premium plugin v24.8 (Yoast SEO v27.4) - https:\/\/yoast.com\/product\/yoast-seo-premium-wordpress\/ -->\n<title>Fizzy Twins 50000 Puffs Vape Sabor Dual - USB-C Recargable<\/title>\n<meta name=\"description\" content=\"Fizzy Twins 50000 Puffs combina Sand\u00eda Frambuesa y Guayaba Kiwi Maracuy\u00e1 en un vaporizador USB-C. Sabor dual, duradero y ultrasuave.\" \/>\n<meta name=\"robots\" content=\"index, follow, max-snippet:-1, max-image-preview:large, max-video-preview:-1\" \/>\n<link rel=\"canonical\" href=\"https:\/\/shop.fizzyvape.com\/es\/producto\/fizzy-twins-frambuesa-sandia-y-kiwi-fruta-de-la-pasion-guayaba-50000-puffs-vape-desechable\/\" \/>\n<meta property=\"og:locale\" content=\"es_ES\" \/>\n<meta property=\"og:type\" content=\"article\" \/>\n<meta property=\"og:title\" content=\"Fizzy Twins Frambuesa Sand\u00eda y Kiwi Fruta de la Pasi\u00f3n Guayaba - 50000 Puffs Vape Desechable\" \/>\n<meta property=\"og:description\" content=\"Fizzy Twins 50000 Puffs combina Sand\u00eda Frambuesa y Guayaba Kiwi Maracuy\u00e1 en un vaporizador USB-C. Sabor dual, duradero y ultrasuave.\" \/>\n<meta property=\"og:url\" content=\"https:\/\/shop.fizzyvape.com\/es\/producto\/fizzy-twins-frambuesa-sandia-y-kiwi-fruta-de-la-pasion-guayaba-50000-puffs-vape-desechable\/\" \/>\n<meta property=\"og:site_name\" content=\"shop.fizzyvape.com\" \/>\n<meta property=\"article:modified_time\" content=\"2025-12-23T08:33:43+00:00\" \/>\n<meta name=\"twitter:card\" content=\"summary_large_image\" \/>\n<meta name=\"twitter:label1\" content=\"Tiempo de lectura\" \/>\n\t<meta name=\"twitter:data1\" content=\"3 minutos\" \/>\n<script type=\"application\/ld+json\" class=\"yoast-schema-graph\">{\"@context\":\"https:\\\/\\\/schema.org\",\"@graph\":[{\"@type\":\"WebPage\",\"@id\":\"https:\\\/\\\/shop.fizzyvape.com\\\/es\\\/producto\\\/fizzy-twins-frambuesa-sandia-y-kiwi-fruta-de-la-pasion-guayaba-50000-puffs-vape-desechable\\\/\",\"url\":\"https:\\\/\\\/shop.fizzyvape.com\\\/es\\\/producto\\\/fizzy-twins-frambuesa-sandia-y-kiwi-fruta-de-la-pasion-guayaba-50000-puffs-vape-desechable\\\/\",\"name\":\"Fizzy Twins 50000 Puffs Vape Sabor Dual - USB-C Recargable\",\"isPartOf\":{\"@id\":\"https:\\\/\\\/shop.fizzyvape.com\\\/es\\\/#website\"},\"primaryImageOfPage\":{\"@id\":\"https:\\\/\\\/shop.fizzyvape.com\\\/es\\\/producto\\\/fizzy-twins-frambuesa-sandia-y-kiwi-fruta-de-la-pasion-guayaba-50000-puffs-vape-desechable\\\/#primaryimage\"},\"image\":{\"@id\":\"https:\\\/\\\/shop.fizzyvape.com\\\/es\\\/producto\\\/fizzy-twins-frambuesa-sandia-y-kiwi-fruta-de-la-pasion-guayaba-50000-puffs-vape-desechable\\\/#primaryimage\"},\"thumbnailUrl\":\"https:\\\/\\\/shop.fizzyvape.com\\\/wp-content\\\/uploads\\\/2025\\\/05\\\/Raspberry-Watermelon-Kiwi-Passion-Fruit-Guava-50000-Puffs-Disposable-Vape.webp\",\"datePublished\":\"2025-05-15T07:08:22+00:00\",\"dateModified\":\"2025-12-23T08:33:43+00:00\",\"description\":\"Fizzy Twins 50000 Puffs combina Sand\u00eda Frambuesa y Guayaba Kiwi Maracuy\u00e1 en un vaporizador USB-C. Sabor dual, duradero y ultrasuave.\",\"breadcrumb\":{\"@id\":\"https:\\\/\\\/shop.fizzyvape.com\\\/es\\\/producto\\\/fizzy-twins-frambuesa-sandia-y-kiwi-fruta-de-la-pasion-guayaba-50000-puffs-vape-desechable\\\/#breadcrumb\"},\"inLanguage\":\"es\",\"potentialAction\":[{\"@type\":\"ReadAction\",\"target\":[\"https:\\\/\\\/shop.fizzyvape.com\\\/es\\\/producto\\\/fizzy-twins-frambuesa-sandia-y-kiwi-fruta-de-la-pasion-guayaba-50000-puffs-vape-desechable\\\/\"]}]},{\"@type\":\"ImageObject\",\"inLanguage\":\"es\",\"@id\":\"https:\\\/\\\/shop.fizzyvape.com\\\/es\\\/producto\\\/fizzy-twins-frambuesa-sandia-y-kiwi-fruta-de-la-pasion-guayaba-50000-puffs-vape-desechable\\\/#primaryimage\",\"url\":\"https:\\\/\\\/shop.fizzyvape.com\\\/wp-content\\\/uploads\\\/2025\\\/05\\\/Raspberry-Watermelon-Kiwi-Passion-Fruit-Guava-50000-Puffs-Disposable-Vape.webp\",\"contentUrl\":\"https:\\\/\\\/shop.fizzyvape.com\\\/wp-content\\\/uploads\\\/2025\\\/05\\\/Raspberry-Watermelon-Kiwi-Passion-Fruit-Guava-50000-Puffs-Disposable-Vape.webp\",\"width\":800,\"height\":800,\"caption\":\"Frambuesa Sand\u00eda y Kiwi Fruta de la Pasi\u00f3n Guayaba 50000 Puffs Vape Desechable\"},{\"@type\":\"BreadcrumbList\",\"@id\":\"https:\\\/\\\/shop.fizzyvape.com\\\/es\\\/producto\\\/fizzy-twins-frambuesa-sandia-y-kiwi-fruta-de-la-pasion-guayaba-50000-puffs-vape-desechable\\\/#breadcrumb\",\"itemListElement\":[{\"@type\":\"ListItem\",\"position\":1,\"name\":\"\u9996\u9875\",\"item\":\"https:\\\/\\\/shop.fizzyvape.com\\\/es\\\/\"},{\"@type\":\"ListItem\",\"position\":2,\"name\":\"Shop\",\"item\":\"https:\\\/\\\/shop.fizzyvape.com\\\/shop\\\/\"},{\"@type\":\"ListItem\",\"position\":3,\"name\":\"Fizzy Twins Frambuesa Sand\u00eda y Kiwi Fruta de la Pasi\u00f3n Guayaba &#8211; 50000 Puffs Vape Desechable\"}]},{\"@type\":\"WebSite\",\"@id\":\"https:\\\/\\\/shop.fizzyvape.com\\\/es\\\/#website\",\"url\":\"https:\\\/\\\/shop.fizzyvape.com\\\/es\\\/\",\"name\":\"shop.fizzyvape.com\",\"description\":\"The Best Disposable Vape In Europe | 10000 - 60000 Puffs  | Free Shipping\",\"potentialAction\":[{\"@type\":\"SearchAction\",\"target\":{\"@type\":\"EntryPoint\",\"urlTemplate\":\"https:\\\/\\\/shop.fizzyvape.com\\\/es\\\/?s={search_term_string}\"},\"query-input\":{\"@type\":\"PropertyValueSpecification\",\"valueRequired\":true,\"valueName\":\"search_term_string\"}}],\"inLanguage\":\"es\"}]}<\/script>\n<!-- \/ Yoast SEO Premium plugin. -->","yoast_head_json":{"title":"Fizzy Twins 50000 Puffs Vape Sabor Dual - USB-C Recargable","description":"Fizzy Twins 50000 Puffs combina Sand\u00eda Frambuesa y Guayaba Kiwi Maracuy\u00e1 en un vaporizador USB-C. Sabor dual, duradero y ultrasuave.","robots":{"index":"index","follow":"follow","max-snippet":"max-snippet:-1","max-image-preview":"max-image-preview:large","max-video-preview":"max-video-preview:-1"},"canonical":"https:\/\/shop.fizzyvape.com\/es\/producto\/fizzy-twins-frambuesa-sandia-y-kiwi-fruta-de-la-pasion-guayaba-50000-puffs-vape-desechable\/","og_locale":"es_ES","og_type":"article","og_title":"Fizzy Twins Frambuesa Sand\u00eda y Kiwi Fruta de la Pasi\u00f3n Guayaba - 50000 Puffs Vape Desechable","og_description":"Fizzy Twins 50000 Puffs combina Sand\u00eda Frambuesa y Guayaba Kiwi Maracuy\u00e1 en un vaporizador USB-C. Sabor dual, duradero y ultrasuave.","og_url":"https:\/\/shop.fizzyvape.com\/es\/producto\/fizzy-twins-frambuesa-sandia-y-kiwi-fruta-de-la-pasion-guayaba-50000-puffs-vape-desechable\/","og_site_name":"shop.fizzyvape.com","article_modified_time":"2025-12-23T08:33:43+00:00","twitter_card":"summary_large_image","twitter_misc":{"Tiempo de lectura":"3 minutos"},"schema":{"@context":"https:\/\/schema.org","@graph":[{"@type":"WebPage","@id":"https:\/\/shop.fizzyvape.com\/es\/producto\/fizzy-twins-frambuesa-sandia-y-kiwi-fruta-de-la-pasion-guayaba-50000-puffs-vape-desechable\/","url":"https:\/\/shop.fizzyvape.com\/es\/producto\/fizzy-twins-frambuesa-sandia-y-kiwi-fruta-de-la-pasion-guayaba-50000-puffs-vape-desechable\/","name":"Fizzy Twins 50000 Puffs Vape Sabor Dual - USB-C Recargable","isPartOf":{"@id":"https:\/\/shop.fizzyvape.com\/es\/#website"},"primaryImageOfPage":{"@id":"https:\/\/shop.fizzyvape.com\/es\/producto\/fizzy-twins-frambuesa-sandia-y-kiwi-fruta-de-la-pasion-guayaba-50000-puffs-vape-desechable\/#primaryimage"},"image":{"@id":"https:\/\/shop.fizzyvape.com\/es\/producto\/fizzy-twins-frambuesa-sandia-y-kiwi-fruta-de-la-pasion-guayaba-50000-puffs-vape-desechable\/#primaryimage"},"thumbnailUrl":"https:\/\/shop.fizzyvape.com\/wp-content\/uploads\/2025\/05\/Raspberry-Watermelon-Kiwi-Passion-Fruit-Guava-50000-Puffs-Disposable-Vape.webp","datePublished":"2025-05-15T07:08:22+00:00","dateModified":"2025-12-23T08:33:43+00:00","description":"Fizzy Twins 50000 Puffs combina Sand\u00eda Frambuesa y Guayaba Kiwi Maracuy\u00e1 en un vaporizador USB-C. Sabor dual, duradero y ultrasuave.","breadcrumb":{"@id":"https:\/\/shop.fizzyvape.com\/es\/producto\/fizzy-twins-frambuesa-sandia-y-kiwi-fruta-de-la-pasion-guayaba-50000-puffs-vape-desechable\/#breadcrumb"},"inLanguage":"es","potentialAction":[{"@type":"ReadAction","target":["https:\/\/shop.fizzyvape.com\/es\/producto\/fizzy-twins-frambuesa-sandia-y-kiwi-fruta-de-la-pasion-guayaba-50000-puffs-vape-desechable\/"]}]},{"@type":"ImageObject","inLanguage":"es","@id":"https:\/\/shop.fizzyvape.com\/es\/producto\/fizzy-twins-frambuesa-sandia-y-kiwi-fruta-de-la-pasion-guayaba-50000-puffs-vape-desechable\/#primaryimage","url":"https:\/\/shop.fizzyvape.com\/wp-content\/uploads\/2025\/05\/Raspberry-Watermelon-Kiwi-Passion-Fruit-Guava-50000-Puffs-Disposable-Vape.webp","contentUrl":"https:\/\/shop.fizzyvape.com\/wp-content\/uploads\/2025\/05\/Raspberry-Watermelon-Kiwi-Passion-Fruit-Guava-50000-Puffs-Disposable-Vape.webp","width":800,"height":800,"caption":"Frambuesa Sand\u00eda y Kiwi Fruta de la Pasi\u00f3n Guayaba 50000 Puffs Vape Desechable"},{"@type":"BreadcrumbList","@id":"https:\/\/shop.fizzyvape.com\/es\/producto\/fizzy-twins-frambuesa-sandia-y-kiwi-fruta-de-la-pasion-guayaba-50000-puffs-vape-desechable\/#breadcrumb","itemListElement":[{"@type":"ListItem","position":1,"name":"\u9996\u9875","item":"https:\/\/shop.fizzyvape.com\/es\/"},{"@type":"ListItem","position":2,"name":"Shop","item":"https:\/\/shop.fizzyvape.com\/shop\/"},{"@type":"ListItem","position":3,"name":"Fizzy Twins Frambuesa Sand\u00eda y Kiwi Fruta de la Pasi\u00f3n Guayaba &#8211; 50000 Puffs Vape Desechable"}]},{"@type":"WebSite","@id":"https:\/\/shop.fizzyvape.com\/es\/#website","url":"https:\/\/shop.fizzyvape.com\/es\/","name":"shop.fizzyvape.com","description":"The Best Disposable Vape In Europe | 10000 - 60000 Puffs  | Free Shipping","potentialAction":[{"@type":"SearchAction","target":{"@type":"EntryPoint","urlTemplate":"https:\/\/shop.fizzyvape.com\/es\/?s={search_term_string}"},"query-input":{"@type":"PropertyValueSpecification","valueRequired":true,"valueName":"search_term_string"}}],"inLanguage":"es"}]}},"tiered_pricing_type":"fixed","tiered_pricing_fixed_rules":[],"tiered_pricing_product_settings":{"layout":"default","base_unit_name":{"singular":null,"plural":null},"default_variation":null},"tiered_pricing_minimum_quantity":null,"tiered_pricing_roles_data":[],"tiered_pricing_percentage_rules":[],"tiered_pricing_maximum_quantity":null,"tiered_pricing_quantity_step":null,"_links":{"self":[{"href":"https:\/\/shop.fizzyvape.com\/es\/wp-json\/wp\/v2\/product\/19564","targetHints":{"allow":["GET"]}}],"collection":[{"href":"https:\/\/shop.fizzyvape.com\/es\/wp-json\/wp\/v2\/product"}],"about":[{"href":"https:\/\/shop.fizzyvape.com\/es\/wp-json\/wp\/v2\/types\/product"}],"replies":[{"embeddable":true,"href":"https:\/\/shop.fizzyvape.com\/es\/wp-json\/wp\/v2\/comments?post=19564"}],"version-history":[{"count":0,"href":"https:\/\/shop.fizzyvape.com\/es\/wp-json\/wp\/v2\/product\/19564\/revisions"}],"wp:featuredmedia":[{"embeddable":true,"href":"https:\/\/shop.fizzyvape.com\/es\/wp-json\/wp\/v2\/media\/18527"}],"wp:attachment":[{"href":"https:\/\/shop.fizzyvape.com\/es\/wp-json\/wp\/v2\/media?parent=19564"}],"wp:term":[{"taxonomy":"product_brand","embeddable":true,"href":"https:\/\/shop.fizzyvape.com\/es\/wp-json\/wp\/v2\/product_brand?post=19564"},{"taxonomy":"product_cat","embeddable":true,"href":"https:\/\/shop.fizzyvape.com\/es\/wp-json\/wp\/v2\/product_cat?post=19564"},{"taxonomy":"product_tag","embeddable":true,"href":"https:\/\/shop.fizzyvape.com\/es\/wp-json\/wp\/v2\/product_tag?post=19564"}],"curies":[{"name":"wp","href":"https:\/\/api.w.org\/{rel}","templated":true}]}}