{"id":19591,"date":"2025-05-15T05:39:18","date_gmt":"2025-05-15T05:39:18","guid":{"rendered":"https:\/\/shop.fizzyvape.com\/product\/fizzy-nova-plus-triple-berry-40000-caladas-vape-desechable\/"},"modified":"2025-11-11T08:11:57","modified_gmt":"2025-11-11T08:11:57","slug":"fizzy-nova-plus-triple-berry-40000-caladas-vape-desechable","status":"publish","type":"product","link":"https:\/\/shop.fizzyvape.com\/es\/producto\/fizzy-nova-plus-triple-berry-40000-caladas-vape-desechable\/","title":{"rendered":"Fizzy Nova Plus Triple Berry &#8211; 40000 caladas Vape desechable"},"content":{"rendered":"<div>\n<h1><strong>Fizzy Nova Plus <\/strong><strong>40000 Puffs <\/strong><strong>Triple Berry <\/strong><strong>Vape desechable<\/strong><\/h1>\n<p>Emb\u00e1rcate en una aventura llena de sabor con <strong>Fizzy Nova Plus Triple Berry 40000 caladas<\/strong>, con una deliciosa mezcla de fresas maduras, deliciosos ar\u00e1ndanos y \u00e1cidas frambuesas. Este vapeador desechable de alta calidad ofrece hasta <strong>40.000 caladas suaves<\/strong>, proporcionando una experiencia rica y vibrante de bayas que captura el sabor dulce y fresco de un parche de bayas maduradas al sol con cada inhalaci\u00f3n. <\/p>\n<h3>Caracter\u00edsticas principales:<\/h3>\n<ul>\n<li><strong>Rendimiento inigualable<\/strong>: hasta 40.000 inhalaciones, duran tres veces m\u00e1s que los desechables est\u00e1ndar<\/li>\n<li><strong>Construcci\u00f3n de primera calidad<\/strong> &#8211; Cuerpo de PCTG de calidad aeroespacial combinado con una boquilla ergon\u00f3mica para mayor comodidad y durabilidad<\/li>\n<li><strong>Maestr\u00eda del sabor<\/strong> &#8211; Elaborado por mix\u00f3logos galardonados para conseguir un sabor aut\u00e9ntico y fiel a la fruta<\/li>\n<li><strong>Tecnolog\u00eda adaptativa<\/strong>: el chipset inteligente garantiza un sabor uniforme desde la primera calada hasta la \u00faltima<\/li>\n<\/ul>\n<h3>\u00bfPor qu\u00e9 elegir Fizzy Nova Plus?<\/h3>\n<ul>\n<li><strong>Rendimiento redefinido<\/strong>: disfruta de una longevidad 3 veces mayor con 40.000 inhalaciones premium que superan a las desechables normales<\/li>\n<li><strong>Excelencia de ingenier\u00eda<\/strong>: carcasa duradera de calidad aeroespacial con un dise\u00f1o de boquilla optimizado para la comodidad<\/li>\n<li><strong>Sabor magistral<\/strong> &#8211; Formulado con precisi\u00f3n por especialistas en sabor de \u00e9lite para obtener una rica mezcla de bayas<\/li>\n<li><strong>Tecnolog\u00eda de Vaping Inteligente<\/strong> &#8211; El chipset avanzado optimiza el uso de energ\u00eda y mantiene la consistencia del sabor<\/li>\n<\/ul>\n<\/div>\n<div>\n<h3><strong>Opciones de nicotina:<\/strong><\/h3>\n<ul>\n<li><strong>2% (20mg\/mL <\/strong>) &#8211; Ideal para una experiencia de vapeo suave y sabrosa<\/li>\n<li><strong>5% (50mg\/mL <\/strong>) &#8211; Dise\u00f1ado para un golpe de garganta m\u00e1s fuerte y satisfactorio<\/li>\n<\/ul>\n<h3>Lista de sabores de <strong>Fizzy Nova Plus <\/strong>40000 Puffs:<\/h3>\n<ol>\n<li><a href=\"https:\/\/shop.fizzyvape.com\/producto\/fizzy-nova-plus-strawberry-kiwi-40000-puffs-disposable-vape\/\">Fresa Kiwi<\/a><\/li>\n<li><a href=\"https:\/\/shop.fizzyvape.com\/producto\/fizzy-nova-plus-blueberry-ice-40000-puffs-disposable-vape\/\">Hielo de ar\u00e1ndanos<\/a><\/li>\n<li><a href=\"https:\/\/shop.fizzyvape.com\/es\/producto\/fizzy-nova-plus-sandia-helada-40000-puffs-vape-desechable\/\">Hielo de sand\u00eda<\/a><\/li>\n<li><a href=\"https:\/\/shop.fizzyvape.com\/producto\/fizzy-nova-plus-peach-mango-watermelon-40000-puffs-disposable-vape\/\">Melocot\u00f3n Mango Sand\u00eda<\/a><\/li>\n<li><a href=\"https:\/\/shop.fizzyvape.com\/producto\/fizzy-nova-plus-kiwi-passion-fruit-guava-40000-puffs-disposable-vape\/\">Kiwi Fruta de la pasi\u00f3n Guayaba<\/a><\/li>\n<li><a href=\"https:\/\/shop.fizzyvape.com\/producto\/fizzy-nova-plus-raspberry-lemon-40000-puffs-disposable-vape\/\">Frambuesa Lim\u00f3n<\/a><\/li>\n<li><a href=\"https:\/\/shop.fizzyvape.com\/es\/producto\/fizzy-nova-plus-triple-berry-40000-caladas-vape-desechable\/\">Triple baya<\/a><\/li>\n<li><a href=\"https:\/\/shop.fizzyvape.com\/producto\/fizzy-nova-plus-peach-ice-40000-puffs-disposable-vape\/\">Melocot\u00f3n helado<\/a><\/li>\n<li><a href=\"https:\/\/shop.fizzyvape.com\/producto\/fizzy-grape-lime-40000-puffs-disposable-vape\/\">Uva Lima<\/a><\/li>\n<li><a href=\"https:\/\/shop.fizzyvape.com\/producto\/fizzy-nova-plus-blue-razz-lemonade-40000-puffs-disposable-vape\/\">Limonada Blue Razz<\/a><\/li>\n<li><a href=\"https:\/\/shop.fizzyvape.com\/producto\/fizzy-nova-plus-strawberry-ice-40000-puffs-disposable-vape\/\">Hielo de fresa<\/a><\/li>\n<li><a href=\"https:\/\/shop.fizzyvape.com\/producto\/fizzy-nova-plus-blueberry-coconut-40000-puffs-disposable-vape\/\">Coco con ar\u00e1ndanos<\/a><\/li>\n<\/ol>\n<h3>Preguntas frecuentes sobre Fizzy Nova Plus Triple Berry 40000 Puffs Vape<\/h3>\n<p><strong>\u00bfQu\u00e9 permite la capacidad de 40.000 bocanadas?<\/strong><br \/>\nLa combinaci\u00f3n de un gran dep\u00f3sito de e-l\u00edquido de 40 mL, un avanzado sistema de bobina de malla doble y una bater\u00eda recargable de 850 mAh gestionada por un chipset inteligente ofrece una vida \u00fatil tres veces superior a la de los desechables est\u00e1ndar.<\/p>\n<p><strong>\u00bfC\u00f3mo cambio entre los modos Eco y Turbo?<\/strong><br \/>\nPulsa el bot\u00f3n de encendido tres veces r\u00e1pidamente para cambiar de modo. El modo Eco maximiza la duraci\u00f3n de la bater\u00eda con caladas m\u00e1s suaves; el modo Turbo proporciona un sabor y un vapor m\u00e1s intensos. <\/p>\n<p><strong>\u00bfCu\u00e1nto dura Fizzy Nova Plus Triple Berry?<\/strong><br \/>\nCon 40.000 caladas, el dispositivo proporciona un uso prolongado que puede durar de semanas a meses, dependiendo de tus h\u00e1bitos de vapeo.<\/p>\n<\/div>\n","protected":false},"excerpt":{"rendered":"<p>Fizzy Nova Plus Triple Berry 40000 Puffs ofrece una rica mezcla de fresas, ar\u00e1ndanos y frambuesas en un vaporizador desechable de larga duraci\u00f3n y alto rendimiento, con doble bobina de malla, pantalla LED inteligente y modos Eco y Turbo personalizables.<\/p>\n","protected":false},"featured_media":18511,"comment_status":"open","ping_status":"closed","template":"","meta":[],"product_brand":[],"product_cat":[159,154],"product_tag":[145,132,131],"class_list":{"0":"post-19591","1":"product","2":"type-product","3":"status-publish","4":"has-post-thumbnail","6":"product_cat-vapeador-desechable-fizzy-nova-plus-40000-puffs","7":"product_cat-vaper-recargable-online","8":"product_tag-puffs-40k","9":"product_tag-vaper-recargable","10":"product_tag-vape-desechable-online","12":"first","13":"outofstock","14":"shipping-taxable","15":"purchasable","16":"product-type-variable"},"yoast_head":"<!-- This site is optimized with the Yoast SEO Premium plugin v24.8 (Yoast SEO v27.4) - https:\/\/yoast.com\/product\/yoast-seo-premium-wordpress\/ -->\n<title>Vapeador Desechable Fizzy Nova Plus 40000 Puffs Triple Berry<\/title>\n<meta name=\"description\" content=\"Vapeador desechable Triple Berry con 40.000 caladas. Disfruta de un audaz sabor a fresa, ar\u00e1ndano y frambuesa con bobinas de malla y modos Eco\/Turbo.\" \/>\n<meta name=\"robots\" content=\"index, follow, max-snippet:-1, max-image-preview:large, max-video-preview:-1\" \/>\n<link rel=\"canonical\" href=\"https:\/\/shop.fizzyvape.com\/es\/producto\/fizzy-nova-plus-triple-berry-40000-caladas-vape-desechable\/\" \/>\n<meta property=\"og:locale\" content=\"es_ES\" \/>\n<meta property=\"og:type\" content=\"article\" \/>\n<meta property=\"og:title\" content=\"Fizzy Nova Plus Triple Berry - 40000 caladas Vape desechable\" \/>\n<meta property=\"og:description\" content=\"Vapeador desechable Triple Berry con 40.000 caladas. Disfruta de un audaz sabor a fresa, ar\u00e1ndano y frambuesa con bobinas de malla y modos Eco\/Turbo.\" \/>\n<meta property=\"og:url\" content=\"https:\/\/shop.fizzyvape.com\/es\/producto\/fizzy-nova-plus-triple-berry-40000-caladas-vape-desechable\/\" \/>\n<meta property=\"og:site_name\" content=\"shop.fizzyvape.com\" \/>\n<meta property=\"article:modified_time\" content=\"2025-11-11T08:11:57+00:00\" \/>\n<meta property=\"og:image\" content=\"https:\/\/shop.fizzyvape.com\/wp-content\/uploads\/2025\/05\/Triple-Berry-40000-puffs.webp\" \/>\n\t<meta property=\"og:image:width\" content=\"800\" \/>\n\t<meta property=\"og:image:height\" content=\"800\" \/>\n\t<meta property=\"og:image:type\" content=\"image\/webp\" \/>\n<meta name=\"twitter:card\" content=\"summary_large_image\" \/>\n<meta name=\"twitter:label1\" content=\"Tiempo de lectura\" \/>\n\t<meta name=\"twitter:data1\" content=\"2 minutos\" \/>\n<script type=\"application\/ld+json\" class=\"yoast-schema-graph\">{\"@context\":\"https:\\\/\\\/schema.org\",\"@graph\":[{\"@type\":\"WebPage\",\"@id\":\"https:\\\/\\\/shop.fizzyvape.com\\\/es\\\/producto\\\/fizzy-nova-plus-triple-berry-40000-caladas-vape-desechable\\\/\",\"url\":\"https:\\\/\\\/shop.fizzyvape.com\\\/es\\\/producto\\\/fizzy-nova-plus-triple-berry-40000-caladas-vape-desechable\\\/\",\"name\":\"Vapeador Desechable Fizzy Nova Plus 40000 Puffs Triple Berry\",\"isPartOf\":{\"@id\":\"https:\\\/\\\/shop.fizzyvape.com\\\/es\\\/#website\"},\"primaryImageOfPage\":{\"@id\":\"https:\\\/\\\/shop.fizzyvape.com\\\/es\\\/producto\\\/fizzy-nova-plus-triple-berry-40000-caladas-vape-desechable\\\/#primaryimage\"},\"image\":{\"@id\":\"https:\\\/\\\/shop.fizzyvape.com\\\/es\\\/producto\\\/fizzy-nova-plus-triple-berry-40000-caladas-vape-desechable\\\/#primaryimage\"},\"thumbnailUrl\":\"https:\\\/\\\/shop.fizzyvape.com\\\/wp-content\\\/uploads\\\/2025\\\/05\\\/Triple-Berry-40000-puffs.webp\",\"datePublished\":\"2025-05-15T05:39:18+00:00\",\"dateModified\":\"2025-11-11T08:11:57+00:00\",\"description\":\"Vapeador desechable Triple Berry con 40.000 caladas. Disfruta de un audaz sabor a fresa, ar\u00e1ndano y frambuesa con bobinas de malla y modos Eco\\\/Turbo.\",\"breadcrumb\":{\"@id\":\"https:\\\/\\\/shop.fizzyvape.com\\\/es\\\/producto\\\/fizzy-nova-plus-triple-berry-40000-caladas-vape-desechable\\\/#breadcrumb\"},\"inLanguage\":\"es\",\"potentialAction\":[{\"@type\":\"ReadAction\",\"target\":[\"https:\\\/\\\/shop.fizzyvape.com\\\/es\\\/producto\\\/fizzy-nova-plus-triple-berry-40000-caladas-vape-desechable\\\/\"]}]},{\"@type\":\"ImageObject\",\"inLanguage\":\"es\",\"@id\":\"https:\\\/\\\/shop.fizzyvape.com\\\/es\\\/producto\\\/fizzy-nova-plus-triple-berry-40000-caladas-vape-desechable\\\/#primaryimage\",\"url\":\"https:\\\/\\\/shop.fizzyvape.com\\\/wp-content\\\/uploads\\\/2025\\\/05\\\/Triple-Berry-40000-puffs.webp\",\"contentUrl\":\"https:\\\/\\\/shop.fizzyvape.com\\\/wp-content\\\/uploads\\\/2025\\\/05\\\/Triple-Berry-40000-puffs.webp\",\"width\":800,\"height\":800,\"caption\":\"Triple baya 40000 caladas\"},{\"@type\":\"BreadcrumbList\",\"@id\":\"https:\\\/\\\/shop.fizzyvape.com\\\/es\\\/producto\\\/fizzy-nova-plus-triple-berry-40000-caladas-vape-desechable\\\/#breadcrumb\",\"itemListElement\":[{\"@type\":\"ListItem\",\"position\":1,\"name\":\"\u9996\u9875\",\"item\":\"https:\\\/\\\/shop.fizzyvape.com\\\/es\\\/\"},{\"@type\":\"ListItem\",\"position\":2,\"name\":\"Shop\",\"item\":\"https:\\\/\\\/shop.fizzyvape.com\\\/shop\\\/\"},{\"@type\":\"ListItem\",\"position\":3,\"name\":\"Fizzy Nova Plus Triple Berry &#8211; 40000 caladas Vape desechable\"}]},{\"@type\":\"WebSite\",\"@id\":\"https:\\\/\\\/shop.fizzyvape.com\\\/es\\\/#website\",\"url\":\"https:\\\/\\\/shop.fizzyvape.com\\\/es\\\/\",\"name\":\"shop.fizzyvape.com\",\"description\":\"The Best Disposable Vape In Europe | 10000 - 60000 Puffs  | Free Shipping\",\"potentialAction\":[{\"@type\":\"SearchAction\",\"target\":{\"@type\":\"EntryPoint\",\"urlTemplate\":\"https:\\\/\\\/shop.fizzyvape.com\\\/es\\\/?s={search_term_string}\"},\"query-input\":{\"@type\":\"PropertyValueSpecification\",\"valueRequired\":true,\"valueName\":\"search_term_string\"}}],\"inLanguage\":\"es\"}]}<\/script>\n<!-- \/ Yoast SEO Premium plugin. -->","yoast_head_json":{"title":"Vapeador Desechable Fizzy Nova Plus 40000 Puffs Triple Berry","description":"Vapeador desechable Triple Berry con 40.000 caladas. Disfruta de un audaz sabor a fresa, ar\u00e1ndano y frambuesa con bobinas de malla y modos Eco\/Turbo.","robots":{"index":"index","follow":"follow","max-snippet":"max-snippet:-1","max-image-preview":"max-image-preview:large","max-video-preview":"max-video-preview:-1"},"canonical":"https:\/\/shop.fizzyvape.com\/es\/producto\/fizzy-nova-plus-triple-berry-40000-caladas-vape-desechable\/","og_locale":"es_ES","og_type":"article","og_title":"Fizzy Nova Plus Triple Berry - 40000 caladas Vape desechable","og_description":"Vapeador desechable Triple Berry con 40.000 caladas. Disfruta de un audaz sabor a fresa, ar\u00e1ndano y frambuesa con bobinas de malla y modos Eco\/Turbo.","og_url":"https:\/\/shop.fizzyvape.com\/es\/producto\/fizzy-nova-plus-triple-berry-40000-caladas-vape-desechable\/","og_site_name":"shop.fizzyvape.com","article_modified_time":"2025-11-11T08:11:57+00:00","og_image":[{"width":800,"height":800,"url":"https:\/\/shop.fizzyvape.com\/wp-content\/uploads\/2025\/05\/Triple-Berry-40000-puffs.webp","type":"image\/webp"}],"twitter_card":"summary_large_image","twitter_misc":{"Tiempo de lectura":"2 minutos"},"schema":{"@context":"https:\/\/schema.org","@graph":[{"@type":"WebPage","@id":"https:\/\/shop.fizzyvape.com\/es\/producto\/fizzy-nova-plus-triple-berry-40000-caladas-vape-desechable\/","url":"https:\/\/shop.fizzyvape.com\/es\/producto\/fizzy-nova-plus-triple-berry-40000-caladas-vape-desechable\/","name":"Vapeador Desechable Fizzy Nova Plus 40000 Puffs Triple Berry","isPartOf":{"@id":"https:\/\/shop.fizzyvape.com\/es\/#website"},"primaryImageOfPage":{"@id":"https:\/\/shop.fizzyvape.com\/es\/producto\/fizzy-nova-plus-triple-berry-40000-caladas-vape-desechable\/#primaryimage"},"image":{"@id":"https:\/\/shop.fizzyvape.com\/es\/producto\/fizzy-nova-plus-triple-berry-40000-caladas-vape-desechable\/#primaryimage"},"thumbnailUrl":"https:\/\/shop.fizzyvape.com\/wp-content\/uploads\/2025\/05\/Triple-Berry-40000-puffs.webp","datePublished":"2025-05-15T05:39:18+00:00","dateModified":"2025-11-11T08:11:57+00:00","description":"Vapeador desechable Triple Berry con 40.000 caladas. Disfruta de un audaz sabor a fresa, ar\u00e1ndano y frambuesa con bobinas de malla y modos Eco\/Turbo.","breadcrumb":{"@id":"https:\/\/shop.fizzyvape.com\/es\/producto\/fizzy-nova-plus-triple-berry-40000-caladas-vape-desechable\/#breadcrumb"},"inLanguage":"es","potentialAction":[{"@type":"ReadAction","target":["https:\/\/shop.fizzyvape.com\/es\/producto\/fizzy-nova-plus-triple-berry-40000-caladas-vape-desechable\/"]}]},{"@type":"ImageObject","inLanguage":"es","@id":"https:\/\/shop.fizzyvape.com\/es\/producto\/fizzy-nova-plus-triple-berry-40000-caladas-vape-desechable\/#primaryimage","url":"https:\/\/shop.fizzyvape.com\/wp-content\/uploads\/2025\/05\/Triple-Berry-40000-puffs.webp","contentUrl":"https:\/\/shop.fizzyvape.com\/wp-content\/uploads\/2025\/05\/Triple-Berry-40000-puffs.webp","width":800,"height":800,"caption":"Triple baya 40000 caladas"},{"@type":"BreadcrumbList","@id":"https:\/\/shop.fizzyvape.com\/es\/producto\/fizzy-nova-plus-triple-berry-40000-caladas-vape-desechable\/#breadcrumb","itemListElement":[{"@type":"ListItem","position":1,"name":"\u9996\u9875","item":"https:\/\/shop.fizzyvape.com\/es\/"},{"@type":"ListItem","position":2,"name":"Shop","item":"https:\/\/shop.fizzyvape.com\/shop\/"},{"@type":"ListItem","position":3,"name":"Fizzy Nova Plus Triple Berry &#8211; 40000 caladas Vape desechable"}]},{"@type":"WebSite","@id":"https:\/\/shop.fizzyvape.com\/es\/#website","url":"https:\/\/shop.fizzyvape.com\/es\/","name":"shop.fizzyvape.com","description":"The Best Disposable Vape In Europe | 10000 - 60000 Puffs  | Free Shipping","potentialAction":[{"@type":"SearchAction","target":{"@type":"EntryPoint","urlTemplate":"https:\/\/shop.fizzyvape.com\/es\/?s={search_term_string}"},"query-input":{"@type":"PropertyValueSpecification","valueRequired":true,"valueName":"search_term_string"}}],"inLanguage":"es"}]}},"tiered_pricing_type":"fixed","tiered_pricing_fixed_rules":[],"tiered_pricing_product_settings":{"layout":"default","base_unit_name":{"singular":null,"plural":null},"default_variation":null},"tiered_pricing_minimum_quantity":null,"tiered_pricing_roles_data":[],"tiered_pricing_percentage_rules":[],"tiered_pricing_maximum_quantity":null,"tiered_pricing_quantity_step":null,"_links":{"self":[{"href":"https:\/\/shop.fizzyvape.com\/es\/wp-json\/wp\/v2\/product\/19591","targetHints":{"allow":["GET"]}}],"collection":[{"href":"https:\/\/shop.fizzyvape.com\/es\/wp-json\/wp\/v2\/product"}],"about":[{"href":"https:\/\/shop.fizzyvape.com\/es\/wp-json\/wp\/v2\/types\/product"}],"replies":[{"embeddable":true,"href":"https:\/\/shop.fizzyvape.com\/es\/wp-json\/wp\/v2\/comments?post=19591"}],"version-history":[{"count":0,"href":"https:\/\/shop.fizzyvape.com\/es\/wp-json\/wp\/v2\/product\/19591\/revisions"}],"wp:featuredmedia":[{"embeddable":true,"href":"https:\/\/shop.fizzyvape.com\/es\/wp-json\/wp\/v2\/media\/18511"}],"wp:attachment":[{"href":"https:\/\/shop.fizzyvape.com\/es\/wp-json\/wp\/v2\/media?parent=19591"}],"wp:term":[{"taxonomy":"product_brand","embeddable":true,"href":"https:\/\/shop.fizzyvape.com\/es\/wp-json\/wp\/v2\/product_brand?post=19591"},{"taxonomy":"product_cat","embeddable":true,"href":"https:\/\/shop.fizzyvape.com\/es\/wp-json\/wp\/v2\/product_cat?post=19591"},{"taxonomy":"product_tag","embeddable":true,"href":"https:\/\/shop.fizzyvape.com\/es\/wp-json\/wp\/v2\/product_tag?post=19591"}],"curies":[{"name":"wp","href":"https:\/\/api.w.org\/{rel}","templated":true}]}}