{"id":19621,"date":"2025-05-15T06:45:26","date_gmt":"2025-05-15T06:45:26","guid":{"rendered":"https:\/\/shop.fizzyvape.com\/product\/fizzy-nova-plus-blueberry-ice-40000-caladas-vape-desechable\/"},"modified":"2025-10-29T02:20:35","modified_gmt":"2025-10-29T02:20:35","slug":"fizzy-nova-plus-blueberry-ice-40000-caladas-vape-desechable","status":"publish","type":"product","link":"https:\/\/shop.fizzyvape.com\/es\/producto\/fizzy-nova-plus-blueberry-ice-40000-caladas-vape-desechable\/","title":{"rendered":"Fizzy Nova Plus Blueberry Ice &#8211; 40000 caladas Vape desechable"},"content":{"rendered":"<div>\n<h1><strong>Fizzy Nova Plus 40000 Puffs &#8211; Premium <\/strong><strong>Hielo de Ar\u00e1ndano <\/strong><strong>Vape desechable<\/strong><\/h1>\n<p>Descubre una refrescante r\u00e1faga de fr\u00edo con el <strong>Fizzy Nova Plus Blueberry <\/strong><strong>Ice<\/strong>, que ofrece una fusi\u00f3n perfecta de jugosos ar\u00e1ndanos silvestres y crujiente mentol en cada calada. Dise\u00f1ado para vapeadores que exigen longevidad y un sabor superior, este vapeador desechable ofrece la impresionante cifra de <strong>40.000 <\/strong><strong>caladas<\/strong>, garantizando semanas de suave y helada satisfacci\u00f3n sin concesiones. <\/p>\n<h3>Caracter\u00edsticas principales:<\/h3>\n<ul>\n<li><strong>40.000 caladas<\/strong> &#8211; El mayor n\u00famero de caladas del sector para un uso prolongado<\/li>\n<li><strong>E-l\u00edquido precargado de 40 ml<\/strong>: gran capacidad para que puedas vapear m\u00e1s tiempo<\/li>\n<li><strong>Sistema de bobina de malla doble<\/strong>: maximiza la riqueza del sabor y la densidad del vapor<\/li>\n<li><strong>Modos Eco y Turbo<\/strong>: alterna entre el ahorro de bater\u00eda y el vapeo de alto rendimiento<\/li>\n<li><strong>Pantalla LED inteligente<\/strong>: control en tiempo real de la duraci\u00f3n de la bater\u00eda y de los niveles de e-l\u00edquido<\/li>\n<li><strong>Carga r\u00e1pida Tipo-C<\/strong>: bater\u00eda recargable de 850 mAh para un r\u00e1pido aumento de potencia<\/li>\n<\/ul>\n<h3>\u00bfPor qu\u00e9 elegir Fizzy Nova Plus?<\/h3>\n<ul>\n<li><strong>Longevidad inigualable<\/strong> &#8211; Dura mucho m\u00e1s que los t\u00edpicos vaporizadores desechables<\/li>\n<li><strong>Construcci\u00f3n met\u00e1lica de primera calidad<\/strong>: dise\u00f1o duradero y ergon\u00f3mico pensado para la comodidad y el estilo<\/li>\n<li><strong>Sabor experto<\/strong> &#8211; Elaborado por expertos mix\u00f3logos para conseguir un aut\u00e9ntico sabor a ar\u00e1ndanos mentolados<\/li>\n<li><strong>Funciones f\u00e1ciles de usar<\/strong>: los modos inteligentes y la pantalla proporcionan una experiencia de vapeo personalizable<\/li>\n<\/ul>\n<\/div>\n<div>\n<h3><strong>Opciones de nicotina:<\/strong><\/h3>\n<ul>\n<li><strong>2% (20mg\/mL <\/strong>) &#8211; Ideal para una experiencia de vapeo suave y sabrosa<\/li>\n<li><strong>5% (50mg\/mL <\/strong>) &#8211; Dise\u00f1ado para un golpe de garganta m\u00e1s fuerte y satisfactorio<\/li>\n<\/ul>\n<h3>Lista de sabores de <strong>Fizzy Nova Plus <\/strong>40000 Puffs:<\/h3>\n<ol>\n<li><a href=\"https:\/\/shop.fizzyvape.com\/es\/producto\/fizzy-nova-plus-fresa-kiwi-40000-puffs-vape-desechable\/\">Fresa Kiwi<\/a><\/li>\n<li><a href=\"https:\/\/shop.fizzyvape.com\/es\/producto\/fizzy-nova-plus-blueberry-ice-40000-caladas-vape-desechable\/\">Hielo de ar\u00e1ndanos<\/a><\/li>\n<li><a href=\"https:\/\/shop.fizzyvape.com\/es\/producto\/fizzy-nova-plus-sandia-helada-40000-puffs-vape-desechable\/\">Hielo de sand\u00eda<\/a><\/li>\n<li><a href=\"https:\/\/shop.fizzyvape.com\/producto\/fizzy-nova-plus-peach-mango-watermelon-40000-puffs-disposable-vape\/\">Melocot\u00f3n Mango Sand\u00eda<\/a><\/li>\n<li><a href=\"https:\/\/shop.fizzyvape.com\/producto\/fizzy-nova-plus-kiwi-passion-fruit-guava-40000-puffs-disposable-vape\/\">Kiwi Fruta de la pasi\u00f3n Guayaba<\/a><\/li>\n<li><a href=\"https:\/\/shop.fizzyvape.com\/producto\/fizzy-nova-plus-raspberry-lemon-40000-puffs-disposable-vape\/\">Frambuesa Lim\u00f3n<\/a><\/li>\n<li><a href=\"https:\/\/shop.fizzyvape.com\/es\/producto\/fizzy-nova-plus-triple-berry-40000-caladas-vape-desechable\/\">Triple baya<\/a><\/li>\n<li><a href=\"https:\/\/shop.fizzyvape.com\/es\/producto\/fizzy-nova-plus-peach-ice-40000-caladas-vape-desechable\/\">Melocot\u00f3n helado<\/a><\/li>\n<li><a href=\"https:\/\/shop.fizzyvape.com\/producto\/fizzy-grape-lime-40000-puffs-disposable-vape\/\">Uva Lima<\/a><\/li>\n<li><a href=\"https:\/\/shop.fizzyvape.com\/es\/producto\/fizzy-nova-plus-limonada-blue-razz-40000-caladas-vape-desechable\/\">Limonada Blue Razz<\/a><\/li>\n<li><a href=\"https:\/\/shop.fizzyvape.com\/es\/producto\/fizzy-nova-plus-fresa-helada-40000-puffs-vape-desechable\/\">Hielo de fresa<\/a><\/li>\n<li><a href=\"https:\/\/shop.fizzyvape.com\/producto\/fizzy-nova-plus-blueberry-coconut-40000-puffs-disposable-vape\/\">Coco con ar\u00e1ndanos<\/a><\/li>\n<\/ol>\n<h3>Preguntas frecuentes sobre Fizzy Nova Plus Blueberry Ice 40000 Puffs Vape<\/h3>\n<p><strong>\u00bfQu\u00e9 sabor ofrece Fizzy Nova Plus Hielo de Ar\u00e1ndanos?<\/strong><br \/>\nUna refrescante mezcla de dulces ar\u00e1ndanos silvestres combinada con un crujiente final mentolado para un vape fresco y afrutado.<\/p>\n<p><strong>\u00bfCu\u00e1ntas caladas recibir\u00e9?<\/strong><br \/>\nHasta 40.000 caladas, ofreciendo semanas de placer ininterrumpido.<\/p>\n<p><strong>\u00bfQu\u00e9 concentraci\u00f3n de nicotina debo elegir?<\/strong><br \/>\nElige un 2% para una vaporizaci\u00f3n suave durante todo el d\u00eda o un 5% para un golpe de garganta m\u00e1s fuerte y un alivio m\u00e1s r\u00e1pido del antojo.<\/p>\n<p><strong>\u00bfTiene modos de potencia ajustables?<\/strong><br \/>\n\u00a1S\u00ed! El Modo Eco conserva la duraci\u00f3n de la bater\u00eda, mientras que el Modo Turbo proporciona un golpe potente e intenso. <\/p>\n<\/div>\n","protected":false},"excerpt":{"rendered":"<p>Fizzy Nova Plus Blueberry Ice ofrece 40.000 caladas de refrescante sabor a ar\u00e1ndanos silvestres y crujiente mentol. Dise\u00f1o recargable, tecnolog\u00eda de doble bobina de malla, indicador LED de potencia, modos Eco y Turbo. <\/p>\n","protected":false},"featured_media":18495,"comment_status":"open","ping_status":"closed","template":"","meta":[],"product_brand":[],"product_cat":[159,154],"product_tag":[145,132,131],"class_list":{"0":"post-19621","1":"product","2":"type-product","3":"status-publish","4":"has-post-thumbnail","6":"product_cat-vapeador-desechable-fizzy-nova-plus-40000-puffs","7":"product_cat-vaper-recargable-online","8":"product_tag-puffs-40k","9":"product_tag-vaper-recargable","10":"product_tag-vape-desechable-online","12":"first","13":"outofstock","14":"shipping-taxable","15":"purchasable","16":"product-type-variable"},"yoast_head":"<!-- This site is optimized with the Yoast SEO Premium plugin v24.8 (Yoast SEO v27.4) - https:\/\/yoast.com\/product\/yoast-seo-premium-wordpress\/ -->\n<title>Fizzy Nova Plus 40000 Puffs Blueberry Ice Vape Desechable | 40k<\/title>\n<meta name=\"description\" content=\"Experimenta 40000 caladas de fresco mentol de ar\u00e1ndano con el vaporizador desechable Fizzy Nova Plus Blueberry Ice. Duradero, recargable y lleno de sabor.\" \/>\n<meta name=\"robots\" content=\"index, follow, max-snippet:-1, max-image-preview:large, max-video-preview:-1\" \/>\n<link rel=\"canonical\" href=\"https:\/\/shop.fizzyvape.com\/es\/producto\/fizzy-nova-plus-blueberry-ice-40000-caladas-vape-desechable\/\" \/>\n<meta property=\"og:locale\" content=\"es_ES\" \/>\n<meta property=\"og:type\" content=\"article\" \/>\n<meta property=\"og:title\" content=\"Fizzy Nova Plus Blueberry Ice - 40000 caladas Vape desechable\" \/>\n<meta property=\"og:description\" content=\"Experimenta 40000 caladas de fresco mentol de ar\u00e1ndano con el vaporizador desechable Fizzy Nova Plus Blueberry Ice. Duradero, recargable y lleno de sabor.\" \/>\n<meta property=\"og:url\" content=\"https:\/\/shop.fizzyvape.com\/es\/producto\/fizzy-nova-plus-blueberry-ice-40000-caladas-vape-desechable\/\" \/>\n<meta property=\"og:site_name\" content=\"shop.fizzyvape.com\" \/>\n<meta property=\"article:modified_time\" content=\"2025-10-29T02:20:35+00:00\" \/>\n<meta name=\"twitter:card\" content=\"summary_large_image\" \/>\n<meta name=\"twitter:label1\" content=\"Tiempo de lectura\" \/>\n\t<meta name=\"twitter:data1\" content=\"2 minutos\" \/>\n<script type=\"application\/ld+json\" class=\"yoast-schema-graph\">{\"@context\":\"https:\\\/\\\/schema.org\",\"@graph\":[{\"@type\":\"WebPage\",\"@id\":\"https:\\\/\\\/shop.fizzyvape.com\\\/es\\\/producto\\\/fizzy-nova-plus-blueberry-ice-40000-caladas-vape-desechable\\\/\",\"url\":\"https:\\\/\\\/shop.fizzyvape.com\\\/es\\\/producto\\\/fizzy-nova-plus-blueberry-ice-40000-caladas-vape-desechable\\\/\",\"name\":\"Fizzy Nova Plus 40000 Puffs Blueberry Ice Vape Desechable | 40k\",\"isPartOf\":{\"@id\":\"https:\\\/\\\/shop.fizzyvape.com\\\/es\\\/#website\"},\"primaryImageOfPage\":{\"@id\":\"https:\\\/\\\/shop.fizzyvape.com\\\/es\\\/producto\\\/fizzy-nova-plus-blueberry-ice-40000-caladas-vape-desechable\\\/#primaryimage\"},\"image\":{\"@id\":\"https:\\\/\\\/shop.fizzyvape.com\\\/es\\\/producto\\\/fizzy-nova-plus-blueberry-ice-40000-caladas-vape-desechable\\\/#primaryimage\"},\"thumbnailUrl\":\"https:\\\/\\\/shop.fizzyvape.com\\\/wp-content\\\/uploads\\\/2025\\\/05\\\/Blueberry-Ice-40000-puffs.webp\",\"datePublished\":\"2025-05-15T06:45:26+00:00\",\"dateModified\":\"2025-10-29T02:20:35+00:00\",\"description\":\"Experimenta 40000 caladas de fresco mentol de ar\u00e1ndano con el vaporizador desechable Fizzy Nova Plus Blueberry Ice. Duradero, recargable y lleno de sabor.\",\"breadcrumb\":{\"@id\":\"https:\\\/\\\/shop.fizzyvape.com\\\/es\\\/producto\\\/fizzy-nova-plus-blueberry-ice-40000-caladas-vape-desechable\\\/#breadcrumb\"},\"inLanguage\":\"es\",\"potentialAction\":[{\"@type\":\"ReadAction\",\"target\":[\"https:\\\/\\\/shop.fizzyvape.com\\\/es\\\/producto\\\/fizzy-nova-plus-blueberry-ice-40000-caladas-vape-desechable\\\/\"]}]},{\"@type\":\"ImageObject\",\"inLanguage\":\"es\",\"@id\":\"https:\\\/\\\/shop.fizzyvape.com\\\/es\\\/producto\\\/fizzy-nova-plus-blueberry-ice-40000-caladas-vape-desechable\\\/#primaryimage\",\"url\":\"https:\\\/\\\/shop.fizzyvape.com\\\/wp-content\\\/uploads\\\/2025\\\/05\\\/Blueberry-Ice-40000-puffs.webp\",\"contentUrl\":\"https:\\\/\\\/shop.fizzyvape.com\\\/wp-content\\\/uploads\\\/2025\\\/05\\\/Blueberry-Ice-40000-puffs.webp\",\"width\":800,\"height\":800,\"caption\":\"Hielo de ar\u00e1ndano 40000 bocanadas\"},{\"@type\":\"BreadcrumbList\",\"@id\":\"https:\\\/\\\/shop.fizzyvape.com\\\/es\\\/producto\\\/fizzy-nova-plus-blueberry-ice-40000-caladas-vape-desechable\\\/#breadcrumb\",\"itemListElement\":[{\"@type\":\"ListItem\",\"position\":1,\"name\":\"\u9996\u9875\",\"item\":\"https:\\\/\\\/shop.fizzyvape.com\\\/es\\\/\"},{\"@type\":\"ListItem\",\"position\":2,\"name\":\"Shop\",\"item\":\"https:\\\/\\\/shop.fizzyvape.com\\\/shop\\\/\"},{\"@type\":\"ListItem\",\"position\":3,\"name\":\"Fizzy Nova Plus Blueberry Ice &#8211; 40000 caladas Vape desechable\"}]},{\"@type\":\"WebSite\",\"@id\":\"https:\\\/\\\/shop.fizzyvape.com\\\/es\\\/#website\",\"url\":\"https:\\\/\\\/shop.fizzyvape.com\\\/es\\\/\",\"name\":\"shop.fizzyvape.com\",\"description\":\"The Best Disposable Vape In Europe | 10000 - 60000 Puffs  | Free Shipping\",\"potentialAction\":[{\"@type\":\"SearchAction\",\"target\":{\"@type\":\"EntryPoint\",\"urlTemplate\":\"https:\\\/\\\/shop.fizzyvape.com\\\/es\\\/?s={search_term_string}\"},\"query-input\":{\"@type\":\"PropertyValueSpecification\",\"valueRequired\":true,\"valueName\":\"search_term_string\"}}],\"inLanguage\":\"es\"}]}<\/script>\n<!-- \/ Yoast SEO Premium plugin. -->","yoast_head_json":{"title":"Fizzy Nova Plus 40000 Puffs Blueberry Ice Vape Desechable | 40k","description":"Experimenta 40000 caladas de fresco mentol de ar\u00e1ndano con el vaporizador desechable Fizzy Nova Plus Blueberry Ice. Duradero, recargable y lleno de sabor.","robots":{"index":"index","follow":"follow","max-snippet":"max-snippet:-1","max-image-preview":"max-image-preview:large","max-video-preview":"max-video-preview:-1"},"canonical":"https:\/\/shop.fizzyvape.com\/es\/producto\/fizzy-nova-plus-blueberry-ice-40000-caladas-vape-desechable\/","og_locale":"es_ES","og_type":"article","og_title":"Fizzy Nova Plus Blueberry Ice - 40000 caladas Vape desechable","og_description":"Experimenta 40000 caladas de fresco mentol de ar\u00e1ndano con el vaporizador desechable Fizzy Nova Plus Blueberry Ice. Duradero, recargable y lleno de sabor.","og_url":"https:\/\/shop.fizzyvape.com\/es\/producto\/fizzy-nova-plus-blueberry-ice-40000-caladas-vape-desechable\/","og_site_name":"shop.fizzyvape.com","article_modified_time":"2025-10-29T02:20:35+00:00","twitter_card":"summary_large_image","twitter_misc":{"Tiempo de lectura":"2 minutos"},"schema":{"@context":"https:\/\/schema.org","@graph":[{"@type":"WebPage","@id":"https:\/\/shop.fizzyvape.com\/es\/producto\/fizzy-nova-plus-blueberry-ice-40000-caladas-vape-desechable\/","url":"https:\/\/shop.fizzyvape.com\/es\/producto\/fizzy-nova-plus-blueberry-ice-40000-caladas-vape-desechable\/","name":"Fizzy Nova Plus 40000 Puffs Blueberry Ice Vape Desechable | 40k","isPartOf":{"@id":"https:\/\/shop.fizzyvape.com\/es\/#website"},"primaryImageOfPage":{"@id":"https:\/\/shop.fizzyvape.com\/es\/producto\/fizzy-nova-plus-blueberry-ice-40000-caladas-vape-desechable\/#primaryimage"},"image":{"@id":"https:\/\/shop.fizzyvape.com\/es\/producto\/fizzy-nova-plus-blueberry-ice-40000-caladas-vape-desechable\/#primaryimage"},"thumbnailUrl":"https:\/\/shop.fizzyvape.com\/wp-content\/uploads\/2025\/05\/Blueberry-Ice-40000-puffs.webp","datePublished":"2025-05-15T06:45:26+00:00","dateModified":"2025-10-29T02:20:35+00:00","description":"Experimenta 40000 caladas de fresco mentol de ar\u00e1ndano con el vaporizador desechable Fizzy Nova Plus Blueberry Ice. Duradero, recargable y lleno de sabor.","breadcrumb":{"@id":"https:\/\/shop.fizzyvape.com\/es\/producto\/fizzy-nova-plus-blueberry-ice-40000-caladas-vape-desechable\/#breadcrumb"},"inLanguage":"es","potentialAction":[{"@type":"ReadAction","target":["https:\/\/shop.fizzyvape.com\/es\/producto\/fizzy-nova-plus-blueberry-ice-40000-caladas-vape-desechable\/"]}]},{"@type":"ImageObject","inLanguage":"es","@id":"https:\/\/shop.fizzyvape.com\/es\/producto\/fizzy-nova-plus-blueberry-ice-40000-caladas-vape-desechable\/#primaryimage","url":"https:\/\/shop.fizzyvape.com\/wp-content\/uploads\/2025\/05\/Blueberry-Ice-40000-puffs.webp","contentUrl":"https:\/\/shop.fizzyvape.com\/wp-content\/uploads\/2025\/05\/Blueberry-Ice-40000-puffs.webp","width":800,"height":800,"caption":"Hielo de ar\u00e1ndano 40000 bocanadas"},{"@type":"BreadcrumbList","@id":"https:\/\/shop.fizzyvape.com\/es\/producto\/fizzy-nova-plus-blueberry-ice-40000-caladas-vape-desechable\/#breadcrumb","itemListElement":[{"@type":"ListItem","position":1,"name":"\u9996\u9875","item":"https:\/\/shop.fizzyvape.com\/es\/"},{"@type":"ListItem","position":2,"name":"Shop","item":"https:\/\/shop.fizzyvape.com\/shop\/"},{"@type":"ListItem","position":3,"name":"Fizzy Nova Plus Blueberry Ice &#8211; 40000 caladas Vape desechable"}]},{"@type":"WebSite","@id":"https:\/\/shop.fizzyvape.com\/es\/#website","url":"https:\/\/shop.fizzyvape.com\/es\/","name":"shop.fizzyvape.com","description":"The Best Disposable Vape In Europe | 10000 - 60000 Puffs  | Free Shipping","potentialAction":[{"@type":"SearchAction","target":{"@type":"EntryPoint","urlTemplate":"https:\/\/shop.fizzyvape.com\/es\/?s={search_term_string}"},"query-input":{"@type":"PropertyValueSpecification","valueRequired":true,"valueName":"search_term_string"}}],"inLanguage":"es"}]}},"tiered_pricing_type":"fixed","tiered_pricing_fixed_rules":[],"tiered_pricing_product_settings":{"layout":"default","base_unit_name":{"singular":null,"plural":null},"default_variation":null},"tiered_pricing_minimum_quantity":null,"tiered_pricing_roles_data":[],"tiered_pricing_percentage_rules":[],"tiered_pricing_maximum_quantity":null,"tiered_pricing_quantity_step":null,"_links":{"self":[{"href":"https:\/\/shop.fizzyvape.com\/es\/wp-json\/wp\/v2\/product\/19621","targetHints":{"allow":["GET"]}}],"collection":[{"href":"https:\/\/shop.fizzyvape.com\/es\/wp-json\/wp\/v2\/product"}],"about":[{"href":"https:\/\/shop.fizzyvape.com\/es\/wp-json\/wp\/v2\/types\/product"}],"replies":[{"embeddable":true,"href":"https:\/\/shop.fizzyvape.com\/es\/wp-json\/wp\/v2\/comments?post=19621"}],"version-history":[{"count":0,"href":"https:\/\/shop.fizzyvape.com\/es\/wp-json\/wp\/v2\/product\/19621\/revisions"}],"wp:featuredmedia":[{"embeddable":true,"href":"https:\/\/shop.fizzyvape.com\/es\/wp-json\/wp\/v2\/media\/18495"}],"wp:attachment":[{"href":"https:\/\/shop.fizzyvape.com\/es\/wp-json\/wp\/v2\/media?parent=19621"}],"wp:term":[{"taxonomy":"product_brand","embeddable":true,"href":"https:\/\/shop.fizzyvape.com\/es\/wp-json\/wp\/v2\/product_brand?post=19621"},{"taxonomy":"product_cat","embeddable":true,"href":"https:\/\/shop.fizzyvape.com\/es\/wp-json\/wp\/v2\/product_cat?post=19621"},{"taxonomy":"product_tag","embeddable":true,"href":"https:\/\/shop.fizzyvape.com\/es\/wp-json\/wp\/v2\/product_tag?post=19621"}],"curies":[{"name":"wp","href":"https:\/\/api.w.org\/{rel}","templated":true}]}}