{"id":19633,"date":"2025-05-15T06:33:56","date_gmt":"2025-05-15T06:33:56","guid":{"rendered":"https:\/\/shop.fizzyvape.com\/product\/fizzy-nova-plus-arandano-coco-40000-puffs-vape-desechable\/"},"modified":"2025-11-11T08:11:27","modified_gmt":"2025-11-11T08:11:27","slug":"fizzy-nova-plus-arandano-coco-40000-puffs-vape-desechable","status":"publish","type":"product","link":"https:\/\/shop.fizzyvape.com\/es\/producto\/fizzy-nova-plus-arandano-coco-40000-puffs-vape-desechable\/","title":{"rendered":"Fizzy Nova Plus Ar\u00e1ndano Coco &#8211; 40000 Puffs Vape Desechable"},"content":{"rendered":"<div>\n<h1><strong>Fizzy Nova Plus Coco Ar\u00e1ndano 40000 Puffs &#8211; Vape desechable Premium Fusi\u00f3n Tropical<\/strong><\/h1>\n<p>Eleva tu experiencia de vapeo con el <strong>Fizzy <\/strong><strong>Nova Plus Blueberry <\/strong><strong>Coconut<\/strong>, que ofrece una exquisita mezcla de jugosos ar\u00e1ndanos silvestres y cremoso coco en un elegante dispositivo desechable de alto rendimiento. Dise\u00f1ado para los entusiastas de los sabores, este vapeador ofrece la impresionante cifra de <strong>40.000 <\/strong><strong>caladas<\/strong>, <strong>tres veces m\u00e1s que <\/strong><strong>los desechables<\/strong> <strong>est\u00e1ndar <\/strong>, lo que garantiza semanas de vapeo tropical sin interrupci\u00f3n. <\/p>\n<h3>Caracter\u00edsticas principales:<\/h3>\n<ul>\n<li><strong>Capacidad para 40.000 inhalaciones:<\/strong> Longevidad l\u00edder en el sector para un uso prolongado<\/li>\n<li><strong>E-l\u00edquido precargado de 40 ml:<\/strong> Gran dep\u00f3sito para un sabor y una producci\u00f3n de nubes constantes<\/li>\n<li><strong>Tecnolog\u00eda avanzada de bobina de malla doble:<\/strong> Mejora la extracci\u00f3n del sabor y la densidad del vapor<\/li>\n<li><strong>Modos de vapeo duales (Eco y Turbo):<\/strong> Cambia entre los ajustes de ahorro de bater\u00eda o de potenciaci\u00f3n del sabor<\/li>\n<li><strong>Pantalla LED inteligente:<\/strong> Control en tiempo real de la duraci\u00f3n de la bater\u00eda y de los niveles de e-l\u00edquido<\/li>\n<li><strong>Carga r\u00e1pida USB-C:<\/strong> Bater\u00eda recargable de 850 mAh con carga completa en s\u00f3lo 2 horas<\/li>\n<\/ul>\n<h3><strong>\u00bfPor qu\u00e9 elegir Fizzy Nova Plus?<\/strong><\/h3>\n<ul>\n<li><strong>Durabilidad inigualable:<\/strong> Dura hasta 3 veces m\u00e1s que los t\u00edpicos desechables<\/li>\n<li><strong>Cuerpo de aleaci\u00f3n de grado aeroespacial de primera calidad:<\/strong> Duradero pero ergon\u00f3micamente dise\u00f1ado para ofrecer comodidad y estilo<\/li>\n<li><strong>Sabor elaborado por expertos:<\/strong> Fusi\u00f3n tropical perfeccionada por especialistas en sabor de fama mundial<\/li>\n<li><strong>Dise\u00f1o f\u00e1cil de usar:<\/strong> No requiere recargas ni mantenimiento: simplemente vaporiza y recarga<\/li>\n<\/ul>\n<\/div>\n<div>\n<h3><strong>Opciones de nicotina:<\/strong><\/h3>\n<ul>\n<li><strong>2% (20mg\/mL <\/strong>) &#8211; Ideal para una experiencia de vapeo suave y sabrosa<\/li>\n<li><strong>5% (50mg\/mL <\/strong>) &#8211; Dise\u00f1ado para un golpe de garganta m\u00e1s fuerte y satisfactorio<\/li>\n<\/ul>\n<h3>Lista de sabores de <strong>Fizzy Nova Plus <\/strong>40000 Puffs:<\/h3>\n<ol>\n<li><a href=\"https:\/\/shop.fizzyvape.com\/es\/producto\/fizzy-nova-plus-fresa-kiwi-40000-puffs-vape-desechable\/\">Fresa Kiwi<\/a><\/li>\n<li><a href=\"https:\/\/shop.fizzyvape.com\/es\/producto\/fizzy-nova-plus-blueberry-ice-40000-caladas-vape-desechable\/\">Hielo de ar\u00e1ndanos<\/a><\/li>\n<li><a href=\"https:\/\/shop.fizzyvape.com\/es\/producto\/fizzy-nova-plus-sandia-helada-40000-puffs-vape-desechable\/\">Hielo de sand\u00eda<\/a><\/li>\n<li><a href=\"https:\/\/shop.fizzyvape.com\/producto\/fizzy-nova-plus-peach-mango-watermelon-40000-puffs-disposable-vape\/\">Melocot\u00f3n Mango Sand\u00eda<\/a><\/li>\n<li><a href=\"https:\/\/shop.fizzyvape.com\/producto\/fizzy-nova-plus-kiwi-passion-fruit-guava-40000-puffs-disposable-vape\/\">Kiwi Fruta de la pasi\u00f3n Guayaba<\/a><\/li>\n<li><a href=\"https:\/\/shop.fizzyvape.com\/es\/producto\/fizzy-nova-plus-frambuesa-limon-40000-puffs-vape-desechable\/\">Frambuesa Lim\u00f3n<\/a><\/li>\n<li><a href=\"https:\/\/shop.fizzyvape.com\/es\/producto\/fizzy-nova-plus-triple-berry-40000-caladas-vape-desechable\/\">Triple baya<\/a><\/li>\n<li><a href=\"https:\/\/shop.fizzyvape.com\/es\/producto\/fizzy-nova-plus-peach-ice-40000-caladas-vape-desechable\/\">Melocot\u00f3n helado<\/a><\/li>\n<li><a href=\"https:\/\/shop.fizzyvape.com\/es\/producto\/fizzy-nova-plus-grape-lime-40000-puffs-vape-desechable\/\">Uva Lima<\/a><\/li>\n<li><a href=\"https:\/\/shop.fizzyvape.com\/es\/producto\/fizzy-nova-plus-limonada-blue-razz-40000-caladas-vape-desechable\/\">Limonada Blue Razz<\/a><\/li>\n<li><a href=\"https:\/\/shop.fizzyvape.com\/es\/producto\/fizzy-nova-plus-fresa-helada-40000-puffs-vape-desechable\/\">Hielo de fresa<\/a><\/li>\n<li><a href=\"https:\/\/shop.fizzyvape.com\/es\/producto\/fizzy-nova-plus-arandano-coco-40000-puffs-vape-desechable\/\">Coco con ar\u00e1ndanos<\/a><\/li>\n<\/ol>\n<h3>Preguntas frecuentes sobre Fizzy Nova Plus Coco Ar\u00e1ndano 40000 Puffs Vape<\/h3>\n<p><strong>1. \u00bfCu\u00e1nto tiempo puedo usar el Fizzy Nova Plus Blueberry Coconut?<\/strong><br \/>\nDisfruta de un uso prolongado con hasta <strong>40.000 caladas<\/strong>, ofreciendo una longevidad significativamente mayor que los t\u00edpicos vapeadores desechables. Est\u00e1 dise\u00f1ado para durar <strong>hasta 3 veces m\u00e1s<\/strong>, por lo que es ideal para vapear de forma constante y a largo plazo, sin tener que sustituirlo constantemente. <\/p>\n<p><strong>2. \u00bfCu\u00e1l es el perfil de sabor de Blueberry Coconut?<\/strong><br \/>\nEspera una <strong>exuberante mezcla de jugosos ar\u00e1ndanos silvestres<\/strong> y <strong>coco suave y tropical<\/strong>, que proporciona un vapeo cremoso y afrutado, rico y refrescante a la vez, perfecto para los que disfrutan con los sabores ex\u00f3ticos en capas.<\/p>\n<p><strong>3. \u00bfQu\u00e9 diferencia al Fizzy Nova Plus de otros desechables?<\/strong><br \/>\nA diferencia de la mayor\u00eda de los desechables, este dispositivo est\u00e1 repleto de funciones de primera calidad, como un <strong>enorme dep\u00f3sito de e-l\u00edquido de 40 ml<\/strong>, un <strong>sistema de doble bobina de malla<\/strong>, <strong>modos Eco y Turbo ajustables<\/strong> y una <strong>pantalla LED inteligente<\/strong> que controla los niveles de bater\u00eda y e-l\u00edquido, ofreciendo una experiencia de vapeo m\u00e1s personalizable y de alto rendimiento.<\/p>\n<\/div>\n","protected":false},"excerpt":{"rendered":"<p>Saborea una mezcla tropical de ar\u00e1ndanos y coco con 40.000 caladas, modos duales, pantalla LED y un dise\u00f1o recargable.<\/p>\n","protected":false},"featured_media":18493,"comment_status":"open","ping_status":"closed","template":"","meta":[],"product_brand":[],"product_cat":[159,154],"product_tag":[145,132,131],"class_list":{"0":"post-19633","1":"product","2":"type-product","3":"status-publish","4":"has-post-thumbnail","6":"product_cat-vapeador-desechable-fizzy-nova-plus-40000-puffs","7":"product_cat-vaper-recargable-online","8":"product_tag-puffs-40k","9":"product_tag-vaper-recargable","10":"product_tag-vape-desechable-online","12":"first","13":"outofstock","14":"shipping-taxable","15":"purchasable","16":"product-type-variable"},"yoast_head":"<!-- This site is optimized with the Yoast SEO Premium plugin v24.8 (Yoast SEO v27.4) - https:\/\/yoast.com\/product\/yoast-seo-premium-wordpress\/ -->\n<title>Vapeador Desechable Fizzy Nova Plus 40000 Puffs Ar\u00e1ndano Coco<\/title>\n<meta name=\"description\" content=\"Disfruta de un vapeador desechable de primera calidad con 40.000 caladas de sabor a coco y ar\u00e1ndanos, doble bobina de malla, pantalla LED y carga r\u00e1pida USB-C.\" \/>\n<meta name=\"robots\" content=\"index, follow, max-snippet:-1, max-image-preview:large, max-video-preview:-1\" \/>\n<link rel=\"canonical\" href=\"https:\/\/shop.fizzyvape.com\/es\/producto\/fizzy-nova-plus-arandano-coco-40000-puffs-vape-desechable\/\" \/>\n<meta property=\"og:locale\" content=\"es_ES\" \/>\n<meta property=\"og:type\" content=\"article\" \/>\n<meta property=\"og:title\" content=\"Fizzy Nova Plus Ar\u00e1ndano Coco - 40000 Puffs Vape Desechable\" \/>\n<meta property=\"og:description\" content=\"Disfruta de un vapeador desechable de primera calidad con 40.000 caladas de sabor a coco y ar\u00e1ndanos, doble bobina de malla, pantalla LED y carga r\u00e1pida USB-C.\" \/>\n<meta property=\"og:url\" content=\"https:\/\/shop.fizzyvape.com\/es\/producto\/fizzy-nova-plus-arandano-coco-40000-puffs-vape-desechable\/\" \/>\n<meta property=\"og:site_name\" content=\"shop.fizzyvape.com\" \/>\n<meta property=\"article:modified_time\" content=\"2025-11-11T08:11:27+00:00\" \/>\n<meta property=\"og:image\" content=\"https:\/\/shop.fizzyvape.com\/wp-content\/uploads\/2025\/05\/Blueberry-Coconut-40000-puffs.webp\" \/>\n\t<meta property=\"og:image:width\" content=\"800\" \/>\n\t<meta property=\"og:image:height\" content=\"800\" \/>\n\t<meta property=\"og:image:type\" content=\"image\/webp\" \/>\n<meta name=\"twitter:card\" content=\"summary_large_image\" \/>\n<meta name=\"twitter:label1\" content=\"Tiempo de lectura\" \/>\n\t<meta name=\"twitter:data1\" content=\"3 minutos\" \/>\n<script type=\"application\/ld+json\" class=\"yoast-schema-graph\">{\"@context\":\"https:\\\/\\\/schema.org\",\"@graph\":[{\"@type\":\"WebPage\",\"@id\":\"https:\\\/\\\/shop.fizzyvape.com\\\/es\\\/producto\\\/fizzy-nova-plus-arandano-coco-40000-puffs-vape-desechable\\\/\",\"url\":\"https:\\\/\\\/shop.fizzyvape.com\\\/es\\\/producto\\\/fizzy-nova-plus-arandano-coco-40000-puffs-vape-desechable\\\/\",\"name\":\"Vapeador Desechable Fizzy Nova Plus 40000 Puffs Ar\u00e1ndano Coco\",\"isPartOf\":{\"@id\":\"https:\\\/\\\/shop.fizzyvape.com\\\/es\\\/#website\"},\"primaryImageOfPage\":{\"@id\":\"https:\\\/\\\/shop.fizzyvape.com\\\/es\\\/producto\\\/fizzy-nova-plus-arandano-coco-40000-puffs-vape-desechable\\\/#primaryimage\"},\"image\":{\"@id\":\"https:\\\/\\\/shop.fizzyvape.com\\\/es\\\/producto\\\/fizzy-nova-plus-arandano-coco-40000-puffs-vape-desechable\\\/#primaryimage\"},\"thumbnailUrl\":\"https:\\\/\\\/shop.fizzyvape.com\\\/wp-content\\\/uploads\\\/2025\\\/05\\\/Blueberry-Coconut-40000-puffs.webp\",\"datePublished\":\"2025-05-15T06:33:56+00:00\",\"dateModified\":\"2025-11-11T08:11:27+00:00\",\"description\":\"Disfruta de un vapeador desechable de primera calidad con 40.000 caladas de sabor a coco y ar\u00e1ndanos, doble bobina de malla, pantalla LED y carga r\u00e1pida USB-C.\",\"breadcrumb\":{\"@id\":\"https:\\\/\\\/shop.fizzyvape.com\\\/es\\\/producto\\\/fizzy-nova-plus-arandano-coco-40000-puffs-vape-desechable\\\/#breadcrumb\"},\"inLanguage\":\"es\",\"potentialAction\":[{\"@type\":\"ReadAction\",\"target\":[\"https:\\\/\\\/shop.fizzyvape.com\\\/es\\\/producto\\\/fizzy-nova-plus-arandano-coco-40000-puffs-vape-desechable\\\/\"]}]},{\"@type\":\"ImageObject\",\"inLanguage\":\"es\",\"@id\":\"https:\\\/\\\/shop.fizzyvape.com\\\/es\\\/producto\\\/fizzy-nova-plus-arandano-coco-40000-puffs-vape-desechable\\\/#primaryimage\",\"url\":\"https:\\\/\\\/shop.fizzyvape.com\\\/wp-content\\\/uploads\\\/2025\\\/05\\\/Blueberry-Coconut-40000-puffs.webp\",\"contentUrl\":\"https:\\\/\\\/shop.fizzyvape.com\\\/wp-content\\\/uploads\\\/2025\\\/05\\\/Blueberry-Coconut-40000-puffs.webp\",\"width\":800,\"height\":800,\"caption\":\"Coco Ar\u00e1ndano 40000 puffs\"},{\"@type\":\"BreadcrumbList\",\"@id\":\"https:\\\/\\\/shop.fizzyvape.com\\\/es\\\/producto\\\/fizzy-nova-plus-arandano-coco-40000-puffs-vape-desechable\\\/#breadcrumb\",\"itemListElement\":[{\"@type\":\"ListItem\",\"position\":1,\"name\":\"\u9996\u9875\",\"item\":\"https:\\\/\\\/shop.fizzyvape.com\\\/es\\\/\"},{\"@type\":\"ListItem\",\"position\":2,\"name\":\"Shop\",\"item\":\"https:\\\/\\\/shop.fizzyvape.com\\\/shop\\\/\"},{\"@type\":\"ListItem\",\"position\":3,\"name\":\"Fizzy Nova Plus Ar\u00e1ndano Coco &#8211; 40000 Puffs Vape Desechable\"}]},{\"@type\":\"WebSite\",\"@id\":\"https:\\\/\\\/shop.fizzyvape.com\\\/es\\\/#website\",\"url\":\"https:\\\/\\\/shop.fizzyvape.com\\\/es\\\/\",\"name\":\"shop.fizzyvape.com\",\"description\":\"The Best Disposable Vape In Europe | 10000 - 60000 Puffs  | Free Shipping\",\"potentialAction\":[{\"@type\":\"SearchAction\",\"target\":{\"@type\":\"EntryPoint\",\"urlTemplate\":\"https:\\\/\\\/shop.fizzyvape.com\\\/es\\\/?s={search_term_string}\"},\"query-input\":{\"@type\":\"PropertyValueSpecification\",\"valueRequired\":true,\"valueName\":\"search_term_string\"}}],\"inLanguage\":\"es\"}]}<\/script>\n<!-- \/ Yoast SEO Premium plugin. -->","yoast_head_json":{"title":"Vapeador Desechable Fizzy Nova Plus 40000 Puffs Ar\u00e1ndano Coco","description":"Disfruta de un vapeador desechable de primera calidad con 40.000 caladas de sabor a coco y ar\u00e1ndanos, doble bobina de malla, pantalla LED y carga r\u00e1pida USB-C.","robots":{"index":"index","follow":"follow","max-snippet":"max-snippet:-1","max-image-preview":"max-image-preview:large","max-video-preview":"max-video-preview:-1"},"canonical":"https:\/\/shop.fizzyvape.com\/es\/producto\/fizzy-nova-plus-arandano-coco-40000-puffs-vape-desechable\/","og_locale":"es_ES","og_type":"article","og_title":"Fizzy Nova Plus Ar\u00e1ndano Coco - 40000 Puffs Vape Desechable","og_description":"Disfruta de un vapeador desechable de primera calidad con 40.000 caladas de sabor a coco y ar\u00e1ndanos, doble bobina de malla, pantalla LED y carga r\u00e1pida USB-C.","og_url":"https:\/\/shop.fizzyvape.com\/es\/producto\/fizzy-nova-plus-arandano-coco-40000-puffs-vape-desechable\/","og_site_name":"shop.fizzyvape.com","article_modified_time":"2025-11-11T08:11:27+00:00","og_image":[{"width":800,"height":800,"url":"https:\/\/shop.fizzyvape.com\/wp-content\/uploads\/2025\/05\/Blueberry-Coconut-40000-puffs.webp","type":"image\/webp"}],"twitter_card":"summary_large_image","twitter_misc":{"Tiempo de lectura":"3 minutos"},"schema":{"@context":"https:\/\/schema.org","@graph":[{"@type":"WebPage","@id":"https:\/\/shop.fizzyvape.com\/es\/producto\/fizzy-nova-plus-arandano-coco-40000-puffs-vape-desechable\/","url":"https:\/\/shop.fizzyvape.com\/es\/producto\/fizzy-nova-plus-arandano-coco-40000-puffs-vape-desechable\/","name":"Vapeador Desechable Fizzy Nova Plus 40000 Puffs Ar\u00e1ndano Coco","isPartOf":{"@id":"https:\/\/shop.fizzyvape.com\/es\/#website"},"primaryImageOfPage":{"@id":"https:\/\/shop.fizzyvape.com\/es\/producto\/fizzy-nova-plus-arandano-coco-40000-puffs-vape-desechable\/#primaryimage"},"image":{"@id":"https:\/\/shop.fizzyvape.com\/es\/producto\/fizzy-nova-plus-arandano-coco-40000-puffs-vape-desechable\/#primaryimage"},"thumbnailUrl":"https:\/\/shop.fizzyvape.com\/wp-content\/uploads\/2025\/05\/Blueberry-Coconut-40000-puffs.webp","datePublished":"2025-05-15T06:33:56+00:00","dateModified":"2025-11-11T08:11:27+00:00","description":"Disfruta de un vapeador desechable de primera calidad con 40.000 caladas de sabor a coco y ar\u00e1ndanos, doble bobina de malla, pantalla LED y carga r\u00e1pida USB-C.","breadcrumb":{"@id":"https:\/\/shop.fizzyvape.com\/es\/producto\/fizzy-nova-plus-arandano-coco-40000-puffs-vape-desechable\/#breadcrumb"},"inLanguage":"es","potentialAction":[{"@type":"ReadAction","target":["https:\/\/shop.fizzyvape.com\/es\/producto\/fizzy-nova-plus-arandano-coco-40000-puffs-vape-desechable\/"]}]},{"@type":"ImageObject","inLanguage":"es","@id":"https:\/\/shop.fizzyvape.com\/es\/producto\/fizzy-nova-plus-arandano-coco-40000-puffs-vape-desechable\/#primaryimage","url":"https:\/\/shop.fizzyvape.com\/wp-content\/uploads\/2025\/05\/Blueberry-Coconut-40000-puffs.webp","contentUrl":"https:\/\/shop.fizzyvape.com\/wp-content\/uploads\/2025\/05\/Blueberry-Coconut-40000-puffs.webp","width":800,"height":800,"caption":"Coco Ar\u00e1ndano 40000 puffs"},{"@type":"BreadcrumbList","@id":"https:\/\/shop.fizzyvape.com\/es\/producto\/fizzy-nova-plus-arandano-coco-40000-puffs-vape-desechable\/#breadcrumb","itemListElement":[{"@type":"ListItem","position":1,"name":"\u9996\u9875","item":"https:\/\/shop.fizzyvape.com\/es\/"},{"@type":"ListItem","position":2,"name":"Shop","item":"https:\/\/shop.fizzyvape.com\/shop\/"},{"@type":"ListItem","position":3,"name":"Fizzy Nova Plus Ar\u00e1ndano Coco &#8211; 40000 Puffs Vape Desechable"}]},{"@type":"WebSite","@id":"https:\/\/shop.fizzyvape.com\/es\/#website","url":"https:\/\/shop.fizzyvape.com\/es\/","name":"shop.fizzyvape.com","description":"The Best Disposable Vape In Europe | 10000 - 60000 Puffs  | Free Shipping","potentialAction":[{"@type":"SearchAction","target":{"@type":"EntryPoint","urlTemplate":"https:\/\/shop.fizzyvape.com\/es\/?s={search_term_string}"},"query-input":{"@type":"PropertyValueSpecification","valueRequired":true,"valueName":"search_term_string"}}],"inLanguage":"es"}]}},"tiered_pricing_type":"fixed","tiered_pricing_fixed_rules":[],"tiered_pricing_product_settings":{"layout":"default","base_unit_name":{"singular":null,"plural":null},"default_variation":null},"tiered_pricing_minimum_quantity":null,"tiered_pricing_roles_data":[],"tiered_pricing_percentage_rules":[],"tiered_pricing_maximum_quantity":null,"tiered_pricing_quantity_step":null,"_links":{"self":[{"href":"https:\/\/shop.fizzyvape.com\/es\/wp-json\/wp\/v2\/product\/19633","targetHints":{"allow":["GET"]}}],"collection":[{"href":"https:\/\/shop.fizzyvape.com\/es\/wp-json\/wp\/v2\/product"}],"about":[{"href":"https:\/\/shop.fizzyvape.com\/es\/wp-json\/wp\/v2\/types\/product"}],"replies":[{"embeddable":true,"href":"https:\/\/shop.fizzyvape.com\/es\/wp-json\/wp\/v2\/comments?post=19633"}],"version-history":[{"count":0,"href":"https:\/\/shop.fizzyvape.com\/es\/wp-json\/wp\/v2\/product\/19633\/revisions"}],"wp:featuredmedia":[{"embeddable":true,"href":"https:\/\/shop.fizzyvape.com\/es\/wp-json\/wp\/v2\/media\/18493"}],"wp:attachment":[{"href":"https:\/\/shop.fizzyvape.com\/es\/wp-json\/wp\/v2\/media?parent=19633"}],"wp:term":[{"taxonomy":"product_brand","embeddable":true,"href":"https:\/\/shop.fizzyvape.com\/es\/wp-json\/wp\/v2\/product_brand?post=19633"},{"taxonomy":"product_cat","embeddable":true,"href":"https:\/\/shop.fizzyvape.com\/es\/wp-json\/wp\/v2\/product_cat?post=19633"},{"taxonomy":"product_tag","embeddable":true,"href":"https:\/\/shop.fizzyvape.com\/es\/wp-json\/wp\/v2\/product_tag?post=19633"}],"curies":[{"name":"wp","href":"https:\/\/api.w.org\/{rel}","templated":true}]}}