{"id":19635,"date":"2025-05-15T05:44:27","date_gmt":"2025-05-15T05:44:27","guid":{"rendered":"https:\/\/shop.fizzyvape.com\/product\/fizzy-nova-plus-frambuesa-limon-40000-puffs-vape-desechable\/"},"modified":"2025-10-29T07:56:21","modified_gmt":"2025-10-29T07:56:21","slug":"fizzy-nova-plus-frambuesa-limon-40000-puffs-vape-desechable","status":"publish","type":"product","link":"https:\/\/shop.fizzyvape.com\/es\/producto\/fizzy-nova-plus-frambuesa-limon-40000-puffs-vape-desechable\/","title":{"rendered":"Fizzy Nova Plus Frambuesa Lim\u00f3n &#8211; 40000 Puffs Vape Desechable"},"content":{"rendered":"<div>\n<h1><strong>Fizzy Nova Plus Frambuesa Lim\u00f3n 40000 Puffs &#8211; Vape desechable Vibrant Berry Citrus<\/strong><\/h1>\n<p>Experimenta un vapeo atrevido y refrescante con el <strong>Fizzy Nova Plus Frambuesa Lim\u00f3n<\/strong>, una mezcla magistralmente elaborada de jugosas frambuesas y sabroso lim\u00f3n. Dise\u00f1ado para un uso prolongado y rebosante de sabor, este vapeador desechable de primera calidad proporciona hasta <strong>40.000 caladas ultrasuaves<\/strong>, lo que lo hace perfecto para una satisfacci\u00f3n duradera y la comodidad de llevarlo encima. <\/p>\n<h3>Caracter\u00edsticas principales:<\/h3>\n<ul>\n<li><strong>40.000 caladas<\/strong> &#8211; El n\u00famero de caladas l\u00edder del sector para semanas de uso ininterrumpido<\/li>\n<li><strong>E-l\u00edquido precargado de 40 ml<\/strong> &#8211; Gran dep\u00f3sito de e-l\u00edquido para un disfrute prolongado<\/li>\n<li><strong>Tecnolog\u00eda de doble bobina de malla<\/strong>: produce un sabor rico y consistente y un vapor espeso<\/li>\n<li><strong>Pantalla LED inteligente<\/strong>: muestra claramente el nivel de bater\u00eda y el e-l\u00edquido restante<\/li>\n<li><strong>Carga r\u00e1pida Tipo-C<\/strong>: recarga la bater\u00eda integrada de 850 mAh de forma r\u00e1pida y sencilla<\/li>\n<li><strong>Modos Eco y Turbo<\/strong>: alterna entre caladas suaves y golpes potentes<\/li>\n<\/ul>\n<h3>\u00bfPor qu\u00e9 elegir Fizzy Nova Plus?<\/h3>\n<ul>\n<li><strong>Longevidad inigualable<\/strong> &#8211; Supera a los desechables est\u00e1ndar con hasta 40.000 inhalaciones<\/li>\n<li><strong>Construcci\u00f3n de primera<\/strong>: cuerpo de PCTG de calidad aeroespacial con un elegante dise\u00f1o met\u00e1lico<\/li>\n<li><strong>Mezcla experta de sabores<\/strong> &#8211; Frambuesa y lim\u00f3n elaborados por mix\u00f3logos profesionales<\/li>\n<li><strong>Tecnolog\u00eda<\/strong> inteligente: el chipset inteligente mantiene un suministro de sabor constante<\/li>\n<\/ul>\n<\/div>\n<div>\n<h3><strong>Opciones de nicotina:<\/strong><\/h3>\n<ul>\n<li><strong>2% (20mg\/mL <\/strong>) &#8211; Ideal para una experiencia de vapeo suave y sabrosa<\/li>\n<li><strong>5% (50mg\/mL <\/strong>) &#8211; Dise\u00f1ado para un golpe de garganta m\u00e1s fuerte y satisfactorio<\/li>\n<\/ul>\n<h3>Lista de sabores de <strong>Fizzy Nova Plus <\/strong>40000 Puffs:<\/h3>\n<ol>\n<li><a href=\"https:\/\/shop.fizzyvape.com\/es\/producto\/fizzy-nova-plus-fresa-kiwi-40000-puffs-vape-desechable\/\">Fresa Kiwi<\/a><\/li>\n<li><a href=\"https:\/\/shop.fizzyvape.com\/es\/producto\/fizzy-nova-plus-blueberry-ice-40000-caladas-vape-desechable\/\">Hielo de ar\u00e1ndanos<\/a><\/li>\n<li><a href=\"https:\/\/shop.fizzyvape.com\/es\/producto\/fizzy-nova-plus-sandia-helada-40000-puffs-vape-desechable\/\">Hielo de sand\u00eda<\/a><\/li>\n<li><a href=\"https:\/\/shop.fizzyvape.com\/producto\/fizzy-nova-plus-peach-mango-watermelon-40000-puffs-disposable-vape\/\">Melocot\u00f3n Mango Sand\u00eda<\/a><\/li>\n<li><a href=\"https:\/\/shop.fizzyvape.com\/producto\/fizzy-nova-plus-kiwi-passion-fruit-guava-40000-puffs-disposable-vape\/\">Kiwi Fruta de la pasi\u00f3n Guayaba<\/a><\/li>\n<li><a href=\"https:\/\/shop.fizzyvape.com\/es\/producto\/fizzy-nova-plus-frambuesa-limon-40000-puffs-vape-desechable\/\">Frambuesa Lim\u00f3n<\/a><\/li>\n<li><a href=\"https:\/\/shop.fizzyvape.com\/es\/producto\/fizzy-nova-plus-triple-berry-40000-caladas-vape-desechable\/\">Triple baya<\/a><\/li>\n<li><a href=\"https:\/\/shop.fizzyvape.com\/es\/producto\/fizzy-nova-plus-peach-ice-40000-caladas-vape-desechable\/\">Melocot\u00f3n helado<\/a><\/li>\n<li><a href=\"https:\/\/shop.fizzyvape.com\/es\/producto\/fizzy-nova-plus-grape-lime-40000-puffs-vape-desechable\/\">Uva Lima<\/a><\/li>\n<li><a href=\"https:\/\/shop.fizzyvape.com\/es\/producto\/fizzy-nova-plus-limonada-blue-razz-40000-caladas-vape-desechable\/\">Limonada Blue Razz<\/a><\/li>\n<li><a href=\"https:\/\/shop.fizzyvape.com\/es\/producto\/fizzy-nova-plus-fresa-helada-40000-puffs-vape-desechable\/\">Hielo de fresa<\/a><\/li>\n<li><a href=\"https:\/\/shop.fizzyvape.com\/es\/producto\/fizzy-nova-plus-arandano-coco-40000-puffs-vape-desechable\/\">Coco con ar\u00e1ndanos<\/a><\/li>\n<\/ol>\n<h3>Preguntas frecuentes sobre Fizzy Nova Plus Frambuesa Lim\u00f3n 40000 Puffs Vape<\/h3>\n<p><strong>\u00bfCu\u00e1nto dura el Fizzy Nova Plus Lim\u00f3n Frambuesa?<\/strong><br \/>\nCon hasta 40.000 caladas, suele durar de semanas a meses, dependiendo del uso.<\/p>\n<p><strong>\u00bfC\u00f3mo controlo los niveles de bater\u00eda y e-l\u00edquido?<\/strong><br \/>\nLa <strong>pantalla LED inteligente<\/strong> muestra tanto el estado de la bater\u00eda como el nivel de <strong>e-l\u00edquido<\/strong> en tiempo real.<\/p>\n<p><strong>\u00bfCu\u00e1l es la diferencia entre los modos Eco y Turbo?<\/strong><br \/>\nEl <strong>Modo Eco<\/strong> ofrece caladas suaves y m\u00e1s duraderas con eficiencia energ\u00e9tica, mientras que <strong>el Modo Turbo<\/strong> proporciona un sabor intenso y nubes de vapor m\u00e1s grandes.<\/p>\n<p><strong>\u00bfC\u00f3mo se carga el dispositivo?<\/strong><br \/>\nUtiliza el <strong>cable USB Tipo-C<\/strong> incluido. Una carga completa tarda unos <strong>60-90 minutos<\/strong>. <\/p>\n<\/div>\n","protected":false},"excerpt":{"rendered":"<p>Disfruta de un vibrante sabor a bayas y c\u00edtricos con el Fizzy Nova Plus Raspberry Lemon 40000 Puffs. Con doble bobina de malla, pantalla LED inteligente y carga Type-C, ofrece un vapeo ultrasuave y duradero con los modos Eco y Turbo. <\/p>\n","protected":false},"featured_media":18505,"comment_status":"open","ping_status":"closed","template":"","meta":[],"product_brand":[],"product_cat":[159,154],"product_tag":[145,132,131],"class_list":{"0":"post-19635","1":"product","2":"type-product","3":"status-publish","4":"has-post-thumbnail","6":"product_cat-vapeador-desechable-fizzy-nova-plus-40000-puffs","7":"product_cat-vaper-recargable-online","8":"product_tag-puffs-40k","9":"product_tag-vaper-recargable","10":"product_tag-vape-desechable-online","12":"first","13":"outofstock","14":"shipping-taxable","15":"purchasable","16":"product-type-variable"},"yoast_head":"<!-- This site is optimized with the Yoast SEO Premium plugin v24.8 (Yoast SEO v27.4) - https:\/\/yoast.com\/product\/yoast-seo-premium-wordpress\/ -->\n<title>Vapeador Desechable Fizzy Nova Plus 40000 Puffs Frambuesa Lim\u00f3n<\/title>\n<meta name=\"description\" content=\"El vaporizador desechable Fizzy Nova Plus Frambuesa Lim\u00f3n ofrece 40.000 caladas de suave sabor a bayas y c\u00edtricos, una pantalla LED inteligente y bobinas de doble malla.\" \/>\n<meta name=\"robots\" content=\"index, follow, max-snippet:-1, max-image-preview:large, max-video-preview:-1\" \/>\n<link rel=\"canonical\" href=\"https:\/\/shop.fizzyvape.com\/es\/producto\/fizzy-nova-plus-frambuesa-limon-40000-puffs-vape-desechable\/\" \/>\n<meta property=\"og:locale\" content=\"es_ES\" \/>\n<meta property=\"og:type\" content=\"article\" \/>\n<meta property=\"og:title\" content=\"Fizzy Nova Plus Frambuesa Lim\u00f3n - 40000 Puffs Vape Desechable\" \/>\n<meta property=\"og:description\" content=\"El vaporizador desechable Fizzy Nova Plus Frambuesa Lim\u00f3n ofrece 40.000 caladas de suave sabor a bayas y c\u00edtricos, una pantalla LED inteligente y bobinas de doble malla.\" \/>\n<meta property=\"og:url\" content=\"https:\/\/shop.fizzyvape.com\/es\/producto\/fizzy-nova-plus-frambuesa-limon-40000-puffs-vape-desechable\/\" \/>\n<meta property=\"og:site_name\" content=\"shop.fizzyvape.com\" \/>\n<meta property=\"article:modified_time\" content=\"2025-10-29T07:56:21+00:00\" \/>\n<meta property=\"og:image\" content=\"https:\/\/shop.fizzyvape.com\/wp-content\/uploads\/2025\/05\/Raspberry-Lemon-40000-puffs.webp\" \/>\n\t<meta property=\"og:image:width\" content=\"800\" \/>\n\t<meta property=\"og:image:height\" content=\"800\" \/>\n\t<meta property=\"og:image:type\" content=\"image\/webp\" \/>\n<meta name=\"twitter:card\" content=\"summary_large_image\" \/>\n<meta name=\"twitter:label1\" content=\"Tiempo de lectura\" \/>\n\t<meta name=\"twitter:data1\" content=\"2 minutos\" \/>\n<script type=\"application\/ld+json\" class=\"yoast-schema-graph\">{\"@context\":\"https:\\\/\\\/schema.org\",\"@graph\":[{\"@type\":\"WebPage\",\"@id\":\"https:\\\/\\\/shop.fizzyvape.com\\\/es\\\/producto\\\/fizzy-nova-plus-frambuesa-limon-40000-puffs-vape-desechable\\\/\",\"url\":\"https:\\\/\\\/shop.fizzyvape.com\\\/es\\\/producto\\\/fizzy-nova-plus-frambuesa-limon-40000-puffs-vape-desechable\\\/\",\"name\":\"Vapeador Desechable Fizzy Nova Plus 40000 Puffs Frambuesa Lim\u00f3n\",\"isPartOf\":{\"@id\":\"https:\\\/\\\/shop.fizzyvape.com\\\/es\\\/#website\"},\"primaryImageOfPage\":{\"@id\":\"https:\\\/\\\/shop.fizzyvape.com\\\/es\\\/producto\\\/fizzy-nova-plus-frambuesa-limon-40000-puffs-vape-desechable\\\/#primaryimage\"},\"image\":{\"@id\":\"https:\\\/\\\/shop.fizzyvape.com\\\/es\\\/producto\\\/fizzy-nova-plus-frambuesa-limon-40000-puffs-vape-desechable\\\/#primaryimage\"},\"thumbnailUrl\":\"https:\\\/\\\/shop.fizzyvape.com\\\/wp-content\\\/uploads\\\/2025\\\/05\\\/Raspberry-Lemon-40000-puffs.webp\",\"datePublished\":\"2025-05-15T05:44:27+00:00\",\"dateModified\":\"2025-10-29T07:56:21+00:00\",\"description\":\"El vaporizador desechable Fizzy Nova Plus Frambuesa Lim\u00f3n ofrece 40.000 caladas de suave sabor a bayas y c\u00edtricos, una pantalla LED inteligente y bobinas de doble malla.\",\"breadcrumb\":{\"@id\":\"https:\\\/\\\/shop.fizzyvape.com\\\/es\\\/producto\\\/fizzy-nova-plus-frambuesa-limon-40000-puffs-vape-desechable\\\/#breadcrumb\"},\"inLanguage\":\"es\",\"potentialAction\":[{\"@type\":\"ReadAction\",\"target\":[\"https:\\\/\\\/shop.fizzyvape.com\\\/es\\\/producto\\\/fizzy-nova-plus-frambuesa-limon-40000-puffs-vape-desechable\\\/\"]}]},{\"@type\":\"ImageObject\",\"inLanguage\":\"es\",\"@id\":\"https:\\\/\\\/shop.fizzyvape.com\\\/es\\\/producto\\\/fizzy-nova-plus-frambuesa-limon-40000-puffs-vape-desechable\\\/#primaryimage\",\"url\":\"https:\\\/\\\/shop.fizzyvape.com\\\/wp-content\\\/uploads\\\/2025\\\/05\\\/Raspberry-Lemon-40000-puffs.webp\",\"contentUrl\":\"https:\\\/\\\/shop.fizzyvape.com\\\/wp-content\\\/uploads\\\/2025\\\/05\\\/Raspberry-Lemon-40000-puffs.webp\",\"width\":800,\"height\":800,\"caption\":\"Frambuesa Lim\u00f3n 40000 bocanadas\"},{\"@type\":\"BreadcrumbList\",\"@id\":\"https:\\\/\\\/shop.fizzyvape.com\\\/es\\\/producto\\\/fizzy-nova-plus-frambuesa-limon-40000-puffs-vape-desechable\\\/#breadcrumb\",\"itemListElement\":[{\"@type\":\"ListItem\",\"position\":1,\"name\":\"\u9996\u9875\",\"item\":\"https:\\\/\\\/shop.fizzyvape.com\\\/es\\\/\"},{\"@type\":\"ListItem\",\"position\":2,\"name\":\"Shop\",\"item\":\"https:\\\/\\\/shop.fizzyvape.com\\\/shop\\\/\"},{\"@type\":\"ListItem\",\"position\":3,\"name\":\"Fizzy Nova Plus Frambuesa Lim\u00f3n &#8211; 40000 Puffs Vape Desechable\"}]},{\"@type\":\"WebSite\",\"@id\":\"https:\\\/\\\/shop.fizzyvape.com\\\/es\\\/#website\",\"url\":\"https:\\\/\\\/shop.fizzyvape.com\\\/es\\\/\",\"name\":\"shop.fizzyvape.com\",\"description\":\"The Best Disposable Vape In Europe | 10000 - 60000 Puffs  | Free Shipping\",\"potentialAction\":[{\"@type\":\"SearchAction\",\"target\":{\"@type\":\"EntryPoint\",\"urlTemplate\":\"https:\\\/\\\/shop.fizzyvape.com\\\/es\\\/?s={search_term_string}\"},\"query-input\":{\"@type\":\"PropertyValueSpecification\",\"valueRequired\":true,\"valueName\":\"search_term_string\"}}],\"inLanguage\":\"es\"}]}<\/script>\n<!-- \/ Yoast SEO Premium plugin. -->","yoast_head_json":{"title":"Vapeador Desechable Fizzy Nova Plus 40000 Puffs Frambuesa Lim\u00f3n","description":"El vaporizador desechable Fizzy Nova Plus Frambuesa Lim\u00f3n ofrece 40.000 caladas de suave sabor a bayas y c\u00edtricos, una pantalla LED inteligente y bobinas de doble malla.","robots":{"index":"index","follow":"follow","max-snippet":"max-snippet:-1","max-image-preview":"max-image-preview:large","max-video-preview":"max-video-preview:-1"},"canonical":"https:\/\/shop.fizzyvape.com\/es\/producto\/fizzy-nova-plus-frambuesa-limon-40000-puffs-vape-desechable\/","og_locale":"es_ES","og_type":"article","og_title":"Fizzy Nova Plus Frambuesa Lim\u00f3n - 40000 Puffs Vape Desechable","og_description":"El vaporizador desechable Fizzy Nova Plus Frambuesa Lim\u00f3n ofrece 40.000 caladas de suave sabor a bayas y c\u00edtricos, una pantalla LED inteligente y bobinas de doble malla.","og_url":"https:\/\/shop.fizzyvape.com\/es\/producto\/fizzy-nova-plus-frambuesa-limon-40000-puffs-vape-desechable\/","og_site_name":"shop.fizzyvape.com","article_modified_time":"2025-10-29T07:56:21+00:00","og_image":[{"width":800,"height":800,"url":"https:\/\/shop.fizzyvape.com\/wp-content\/uploads\/2025\/05\/Raspberry-Lemon-40000-puffs.webp","type":"image\/webp"}],"twitter_card":"summary_large_image","twitter_misc":{"Tiempo de lectura":"2 minutos"},"schema":{"@context":"https:\/\/schema.org","@graph":[{"@type":"WebPage","@id":"https:\/\/shop.fizzyvape.com\/es\/producto\/fizzy-nova-plus-frambuesa-limon-40000-puffs-vape-desechable\/","url":"https:\/\/shop.fizzyvape.com\/es\/producto\/fizzy-nova-plus-frambuesa-limon-40000-puffs-vape-desechable\/","name":"Vapeador Desechable Fizzy Nova Plus 40000 Puffs Frambuesa Lim\u00f3n","isPartOf":{"@id":"https:\/\/shop.fizzyvape.com\/es\/#website"},"primaryImageOfPage":{"@id":"https:\/\/shop.fizzyvape.com\/es\/producto\/fizzy-nova-plus-frambuesa-limon-40000-puffs-vape-desechable\/#primaryimage"},"image":{"@id":"https:\/\/shop.fizzyvape.com\/es\/producto\/fizzy-nova-plus-frambuesa-limon-40000-puffs-vape-desechable\/#primaryimage"},"thumbnailUrl":"https:\/\/shop.fizzyvape.com\/wp-content\/uploads\/2025\/05\/Raspberry-Lemon-40000-puffs.webp","datePublished":"2025-05-15T05:44:27+00:00","dateModified":"2025-10-29T07:56:21+00:00","description":"El vaporizador desechable Fizzy Nova Plus Frambuesa Lim\u00f3n ofrece 40.000 caladas de suave sabor a bayas y c\u00edtricos, una pantalla LED inteligente y bobinas de doble malla.","breadcrumb":{"@id":"https:\/\/shop.fizzyvape.com\/es\/producto\/fizzy-nova-plus-frambuesa-limon-40000-puffs-vape-desechable\/#breadcrumb"},"inLanguage":"es","potentialAction":[{"@type":"ReadAction","target":["https:\/\/shop.fizzyvape.com\/es\/producto\/fizzy-nova-plus-frambuesa-limon-40000-puffs-vape-desechable\/"]}]},{"@type":"ImageObject","inLanguage":"es","@id":"https:\/\/shop.fizzyvape.com\/es\/producto\/fizzy-nova-plus-frambuesa-limon-40000-puffs-vape-desechable\/#primaryimage","url":"https:\/\/shop.fizzyvape.com\/wp-content\/uploads\/2025\/05\/Raspberry-Lemon-40000-puffs.webp","contentUrl":"https:\/\/shop.fizzyvape.com\/wp-content\/uploads\/2025\/05\/Raspberry-Lemon-40000-puffs.webp","width":800,"height":800,"caption":"Frambuesa Lim\u00f3n 40000 bocanadas"},{"@type":"BreadcrumbList","@id":"https:\/\/shop.fizzyvape.com\/es\/producto\/fizzy-nova-plus-frambuesa-limon-40000-puffs-vape-desechable\/#breadcrumb","itemListElement":[{"@type":"ListItem","position":1,"name":"\u9996\u9875","item":"https:\/\/shop.fizzyvape.com\/es\/"},{"@type":"ListItem","position":2,"name":"Shop","item":"https:\/\/shop.fizzyvape.com\/shop\/"},{"@type":"ListItem","position":3,"name":"Fizzy Nova Plus Frambuesa Lim\u00f3n &#8211; 40000 Puffs Vape Desechable"}]},{"@type":"WebSite","@id":"https:\/\/shop.fizzyvape.com\/es\/#website","url":"https:\/\/shop.fizzyvape.com\/es\/","name":"shop.fizzyvape.com","description":"The Best Disposable Vape In Europe | 10000 - 60000 Puffs  | Free Shipping","potentialAction":[{"@type":"SearchAction","target":{"@type":"EntryPoint","urlTemplate":"https:\/\/shop.fizzyvape.com\/es\/?s={search_term_string}"},"query-input":{"@type":"PropertyValueSpecification","valueRequired":true,"valueName":"search_term_string"}}],"inLanguage":"es"}]}},"tiered_pricing_type":"fixed","tiered_pricing_fixed_rules":[],"tiered_pricing_product_settings":{"layout":"default","base_unit_name":{"singular":null,"plural":null},"default_variation":null},"tiered_pricing_minimum_quantity":null,"tiered_pricing_roles_data":[],"tiered_pricing_percentage_rules":[],"tiered_pricing_maximum_quantity":null,"tiered_pricing_quantity_step":null,"_links":{"self":[{"href":"https:\/\/shop.fizzyvape.com\/es\/wp-json\/wp\/v2\/product\/19635","targetHints":{"allow":["GET"]}}],"collection":[{"href":"https:\/\/shop.fizzyvape.com\/es\/wp-json\/wp\/v2\/product"}],"about":[{"href":"https:\/\/shop.fizzyvape.com\/es\/wp-json\/wp\/v2\/types\/product"}],"replies":[{"embeddable":true,"href":"https:\/\/shop.fizzyvape.com\/es\/wp-json\/wp\/v2\/comments?post=19635"}],"version-history":[{"count":0,"href":"https:\/\/shop.fizzyvape.com\/es\/wp-json\/wp\/v2\/product\/19635\/revisions"}],"wp:featuredmedia":[{"embeddable":true,"href":"https:\/\/shop.fizzyvape.com\/es\/wp-json\/wp\/v2\/media\/18505"}],"wp:attachment":[{"href":"https:\/\/shop.fizzyvape.com\/es\/wp-json\/wp\/v2\/media?parent=19635"}],"wp:term":[{"taxonomy":"product_brand","embeddable":true,"href":"https:\/\/shop.fizzyvape.com\/es\/wp-json\/wp\/v2\/product_brand?post=19635"},{"taxonomy":"product_cat","embeddable":true,"href":"https:\/\/shop.fizzyvape.com\/es\/wp-json\/wp\/v2\/product_cat?post=19635"},{"taxonomy":"product_tag","embeddable":true,"href":"https:\/\/shop.fizzyvape.com\/es\/wp-json\/wp\/v2\/product_tag?post=19635"}],"curies":[{"name":"wp","href":"https:\/\/api.w.org\/{rel}","templated":true}]}}