{"id":19648,"date":"2025-05-15T06:23:23","date_gmt":"2025-05-15T06:23:23","guid":{"rendered":"https:\/\/shop.fizzyvape.com\/product\/fizzy-nova-plus-kiwi-fruta-de-la-pasion-guayaba-40000-puffs-vape-desechable\/"},"modified":"2025-12-09T01:41:41","modified_gmt":"2025-12-09T01:41:41","slug":"fizzy-nova-plus-kiwi-fruta-de-la-pasion-guayaba-40000-puffs-vape-desechable","status":"publish","type":"product","link":"https:\/\/shop.fizzyvape.com\/es\/producto\/fizzy-nova-plus-kiwi-fruta-de-la-pasion-guayaba-40000-puffs-vape-desechable\/","title":{"rendered":"Fizzy Nova Plus Kiwi Fruta de la Pasi\u00f3n Guayaba &#8211; 40000 Puffs Vape Desechable"},"content":{"rendered":"<div>\n<h1><strong>Fizzy Nova Plus Kiwi Fruta de la Pasi\u00f3n Guayaba 40000 Puffs &#8211; Vape Desechable Fusi\u00f3n Tropical Ex\u00f3tica<\/strong><\/h1>\n<p><strong>Fizzy Nova Plus Kiwi Fr<\/strong> uta de la Pasi\u00f3n <strong>Guayaba<\/strong> combina la atrevida ralladura del kiwi, el picante brillo de la fruta de la pasi\u00f3n y la suave dulzura de la guayaba en una fusi\u00f3n de frutas ex\u00f3ticas. Dise\u00f1ado para el rendimiento y creado para el sabor, este <strong>vapeador desechable de primera calidad<\/strong> proporciona hasta <strong>40.000 caladas ultrasuaves, perfectas<\/strong>para una satisfacci\u00f3n duradera y una escapada tropical en cada calada. <\/p>\n<h3>Caracter\u00edsticas principales:<\/h3>\n<ul>\n<li><strong>40.000 caladas<\/strong>: capacidad l\u00edder en el sector para una experiencia de vapeo prolongada y sin preocupaciones<\/li>\n<li><strong>E-l\u00edquido precargado de 40 ml<\/strong> &#8211; Gran dep\u00f3sito de zumo para semanas de sabroso disfrute<\/li>\n<li><strong>Sistema de doble bobina de malla<\/strong>: sabor m\u00e1s rico y suave y vapor m\u00e1s denso con cada calada<\/li>\n<li><strong>Modos Eco y Turbo<\/strong>: elige entre un uso eficiente de la bater\u00eda o nubes potentes<\/li>\n<li><strong>Pantalla LED inteligente<\/strong> &#8211; Muestra el estado de la bater\u00eda y el e-l\u00edquido restante en tiempo real<\/li>\n<li><strong>Carga r\u00e1pida Tipo-C<\/strong>: recarga la <strong>bater\u00eda<\/strong> integrada <strong>de 850 mAh<\/strong> de forma r\u00e1pida y sencilla<\/li>\n<\/ul>\n<h3>\u00bfPor qu\u00e9 elegir Fizzy Nova Plus?<\/h3>\n<ul>\n<li><strong>Longevidad inigualable<\/strong>: disfruta de hasta 40.000 caladas sin recargas ni sustituciones<\/li>\n<li><strong>Dise\u00f1o premium<\/strong>: <strong>cuerpo de PCTG<\/strong> duradero con un elegante acabado met\u00e1lico<\/li>\n<li><strong>Sabores elaborados por expertos<\/strong> &#8211; Desarrollados por mix\u00f3logos profesionales para un aut\u00e9ntico sabor tropical<\/li>\n<li><strong>Experiencia de Vapeo Personalizada<\/strong> &#8211; Cambia entre <strong>el Modo Eco<\/strong> (suave y eficiente) y <strong>el Modo Turbo<\/strong> (atrevido e intenso)<\/li>\n<\/ul>\n<\/div>\n<div>\n<h3><strong>Opciones de nicotina:<\/strong><\/h3>\n<ul>\n<li><strong>2% (20mg\/mL <\/strong>) &#8211; Ideal para una experiencia de vapeo suave y sabrosa<\/li>\n<li><strong>5% (50mg\/mL <\/strong>) &#8211; Dise\u00f1ado para un golpe de garganta m\u00e1s fuerte y satisfactorio<\/li>\n<\/ul>\n<h3>Lista de sabores de <strong>Fizzy Nova Plus <\/strong>40000 Puffs:<\/h3>\n<ol>\n<li><a href=\"https:\/\/shop.fizzyvape.com\/es\/producto\/fizzy-nova-plus-fresa-kiwi-40000-puffs-vape-desechable\/\">Fresa Kiwi<\/a><\/li>\n<li><a href=\"https:\/\/shop.fizzyvape.com\/es\/producto\/fizzy-nova-plus-blueberry-ice-40000-caladas-vape-desechable\/\">Hielo de ar\u00e1ndanos<\/a><\/li>\n<li><a href=\"https:\/\/shop.fizzyvape.com\/es\/producto\/fizzy-nova-plus-sandia-helada-40000-puffs-vape-desechable\/\">Hielo de sand\u00eda<\/a><\/li>\n<li><a href=\"https:\/\/shop.fizzyvape.com\/es\/producto\/fizzy-nova-plus-melocoton-mango-sandia-40000-puffs-vape-desechable\/\">Melocot\u00f3n Mango Sand\u00eda<\/a><\/li>\n<li><a href=\"https:\/\/shop.fizzyvape.com\/es\/producto\/fizzy-nova-plus-kiwi-fruta-de-la-pasion-guayaba-40000-puffs-vape-desechable\/\">Kiwi Fruta de la pasi\u00f3n Guayaba<\/a><\/li>\n<li><a href=\"https:\/\/shop.fizzyvape.com\/es\/producto\/fizzy-nova-plus-frambuesa-limon-40000-puffs-vape-desechable\/\">Frambuesa Lim\u00f3n<\/a><\/li>\n<li><a href=\"https:\/\/shop.fizzyvape.com\/es\/producto\/fizzy-nova-plus-triple-berry-40000-caladas-vape-desechable\/\">Triple baya<\/a><\/li>\n<li><a href=\"https:\/\/shop.fizzyvape.com\/es\/producto\/fizzy-nova-plus-peach-ice-40000-caladas-vape-desechable\/\">Melocot\u00f3n helado<\/a><\/li>\n<li><a href=\"https:\/\/shop.fizzyvape.com\/es\/producto\/fizzy-nova-plus-grape-lime-40000-puffs-vape-desechable\/\">Uva Lima<\/a><\/li>\n<li><a href=\"https:\/\/shop.fizzyvape.com\/es\/producto\/fizzy-nova-plus-limonada-blue-razz-40000-caladas-vape-desechable\/\">Limonada Blue Razz<\/a><\/li>\n<li><a href=\"https:\/\/shop.fizzyvape.com\/es\/producto\/fizzy-nova-plus-fresa-helada-40000-puffs-vape-desechable\/\">Hielo de fresa<\/a><\/li>\n<li><a href=\"https:\/\/shop.fizzyvape.com\/es\/producto\/fizzy-nova-plus-arandano-coco-40000-puffs-vape-desechable\/\">Coco con ar\u00e1ndanos<\/a><\/li>\n<\/ol>\n<h3>Preguntas frecuentes sobre Fizzy Nova Plus Kiwi Maracuy\u00e1 Guayaba 40000 Puffs Vape<\/h3>\n<p><strong>1. \u00bfCu\u00e1nto dura?<\/strong><br \/>\nCon 40.000 caladas, la mayor\u00eda de los usuarios disfrutan de este aparato durante <strong>semanas o incluso meses<\/strong>, dependiendo de la frecuencia de uso.<\/p>\n<p><strong>2. \u00bfC\u00f3mo puedo comprobar los niveles de bater\u00eda o e-l\u00edquido?<\/strong><br \/>\nLa <strong>pantalla LED inteligente<\/strong> muestra los niveles de bater\u00eda y e-l\u00edquido de un vistazo:<\/p>\n<ul>\n<li>Icono de bater\u00eda = energ\u00eda restante<\/li>\n<li>Icono de zumo electr\u00f3nico = aviso de nivel de l\u00edquido<\/li>\n<\/ul>\n<p><strong>3. \u00bfCu\u00e1l es la diferencia entre los modos Eco y Turbo?<\/strong><\/p>\n<ul>\n<li><strong>Modo Eco<\/strong>: Extracciones suaves y mayor duraci\u00f3n de la bater\u00eda<\/li>\n<li><strong>Modo Turbo<\/strong>: Sabor m\u00e1s fuerte, m\u00e1s vapor y un golpe m\u00e1s audaz<\/li>\n<\/ul>\n<p><strong>4. \u00bfC\u00f3mo se carga?<\/strong><br \/>\nUtiliza el <strong>cable USB Tipo-C<\/strong> incluido. La carga completa tarda <strong>unos 60-90 minutos<\/strong>. <\/p>\n<\/div>\n","protected":false},"excerpt":{"rendered":"<p>Experimenta una atrevida fusi\u00f3n tropical con Fizzy Nova Plus Kiwi Fruta de la Pasi\u00f3n Guayaba. Disfruta de hasta 40.000 caladas de sabor ex\u00f3tico y ultrasuave gracias a las bobinas dobles de malla, los modos Eco y Turbo y una pantalla LED inteligente. <\/p>\n","protected":false},"featured_media":18499,"comment_status":"open","ping_status":"closed","template":"","meta":[],"product_brand":[],"product_cat":[159,154],"product_tag":[145,132,131],"class_list":{"0":"post-19648","1":"product","2":"type-product","3":"status-publish","4":"has-post-thumbnail","6":"product_cat-vapeador-desechable-fizzy-nova-plus-40000-puffs","7":"product_cat-vaper-recargable-online","8":"product_tag-puffs-40k","9":"product_tag-vaper-recargable","10":"product_tag-vape-desechable-online","12":"first","13":"outofstock","14":"shipping-taxable","15":"purchasable","16":"product-type-variable"},"yoast_head":"<!-- This site is optimized with the Yoast SEO Premium plugin v24.8 (Yoast SEO v27.4) - https:\/\/yoast.com\/product\/yoast-seo-premium-wordpress\/ -->\n<title>Fizzy Nova Plus Kiwi Guayaba 40000 Puffs - Vape desechable<\/title>\n<meta name=\"description\" content=\"Vapea felicidad tropical con kiwi, fruta de la pasi\u00f3n y guayaba. Disfruta de 40.000 caladas, doble bobina de malla, pantalla LED y carga r\u00e1pida USB-C en un dispositivo elegante.\" \/>\n<meta name=\"robots\" content=\"index, follow, max-snippet:-1, max-image-preview:large, max-video-preview:-1\" \/>\n<link rel=\"canonical\" href=\"https:\/\/shop.fizzyvape.com\/es\/producto\/fizzy-nova-plus-kiwi-fruta-de-la-pasion-guayaba-40000-puffs-vape-desechable\/\" \/>\n<meta property=\"og:locale\" content=\"es_ES\" \/>\n<meta property=\"og:type\" content=\"article\" \/>\n<meta property=\"og:title\" content=\"Fizzy Nova Plus Kiwi Fruta de la Pasi\u00f3n Guayaba - 40000 Puffs Vape Desechable\" \/>\n<meta property=\"og:description\" content=\"Vapea felicidad tropical con kiwi, fruta de la pasi\u00f3n y guayaba. Disfruta de 40.000 caladas, doble bobina de malla, pantalla LED y carga r\u00e1pida USB-C en un dispositivo elegante.\" \/>\n<meta property=\"og:url\" content=\"https:\/\/shop.fizzyvape.com\/es\/producto\/fizzy-nova-plus-kiwi-fruta-de-la-pasion-guayaba-40000-puffs-vape-desechable\/\" \/>\n<meta property=\"og:site_name\" content=\"shop.fizzyvape.com\" \/>\n<meta property=\"article:modified_time\" content=\"2025-12-09T01:41:41+00:00\" \/>\n<meta property=\"og:image\" content=\"https:\/\/shop.fizzyvape.com\/wp-content\/uploads\/2025\/05\/Kiwi-Passion-Fruit-Guava-40000-puffs.webp\" \/>\n\t<meta property=\"og:image:width\" content=\"800\" \/>\n\t<meta property=\"og:image:height\" content=\"800\" \/>\n\t<meta property=\"og:image:type\" content=\"image\/webp\" \/>\n<meta name=\"twitter:card\" content=\"summary_large_image\" \/>\n<meta name=\"twitter:label1\" content=\"Tiempo de lectura\" \/>\n\t<meta name=\"twitter:data1\" content=\"2 minutos\" \/>\n<script type=\"application\/ld+json\" class=\"yoast-schema-graph\">{\"@context\":\"https:\\\/\\\/schema.org\",\"@graph\":[{\"@type\":\"WebPage\",\"@id\":\"https:\\\/\\\/shop.fizzyvape.com\\\/es\\\/producto\\\/fizzy-nova-plus-kiwi-fruta-de-la-pasion-guayaba-40000-puffs-vape-desechable\\\/\",\"url\":\"https:\\\/\\\/shop.fizzyvape.com\\\/es\\\/producto\\\/fizzy-nova-plus-kiwi-fruta-de-la-pasion-guayaba-40000-puffs-vape-desechable\\\/\",\"name\":\"Fizzy Nova Plus Kiwi Guayaba 40000 Puffs - Vape desechable\",\"isPartOf\":{\"@id\":\"https:\\\/\\\/shop.fizzyvape.com\\\/es\\\/#website\"},\"primaryImageOfPage\":{\"@id\":\"https:\\\/\\\/shop.fizzyvape.com\\\/es\\\/producto\\\/fizzy-nova-plus-kiwi-fruta-de-la-pasion-guayaba-40000-puffs-vape-desechable\\\/#primaryimage\"},\"image\":{\"@id\":\"https:\\\/\\\/shop.fizzyvape.com\\\/es\\\/producto\\\/fizzy-nova-plus-kiwi-fruta-de-la-pasion-guayaba-40000-puffs-vape-desechable\\\/#primaryimage\"},\"thumbnailUrl\":\"https:\\\/\\\/shop.fizzyvape.com\\\/wp-content\\\/uploads\\\/2025\\\/05\\\/Kiwi-Passion-Fruit-Guava-40000-puffs.webp\",\"datePublished\":\"2025-05-15T06:23:23+00:00\",\"dateModified\":\"2025-12-09T01:41:41+00:00\",\"description\":\"Vapea felicidad tropical con kiwi, fruta de la pasi\u00f3n y guayaba. Disfruta de 40.000 caladas, doble bobina de malla, pantalla LED y carga r\u00e1pida USB-C en un dispositivo elegante.\",\"breadcrumb\":{\"@id\":\"https:\\\/\\\/shop.fizzyvape.com\\\/es\\\/producto\\\/fizzy-nova-plus-kiwi-fruta-de-la-pasion-guayaba-40000-puffs-vape-desechable\\\/#breadcrumb\"},\"inLanguage\":\"es\",\"potentialAction\":[{\"@type\":\"ReadAction\",\"target\":[\"https:\\\/\\\/shop.fizzyvape.com\\\/es\\\/producto\\\/fizzy-nova-plus-kiwi-fruta-de-la-pasion-guayaba-40000-puffs-vape-desechable\\\/\"]}]},{\"@type\":\"ImageObject\",\"inLanguage\":\"es\",\"@id\":\"https:\\\/\\\/shop.fizzyvape.com\\\/es\\\/producto\\\/fizzy-nova-plus-kiwi-fruta-de-la-pasion-guayaba-40000-puffs-vape-desechable\\\/#primaryimage\",\"url\":\"https:\\\/\\\/shop.fizzyvape.com\\\/wp-content\\\/uploads\\\/2025\\\/05\\\/Kiwi-Passion-Fruit-Guava-40000-puffs.webp\",\"contentUrl\":\"https:\\\/\\\/shop.fizzyvape.com\\\/wp-content\\\/uploads\\\/2025\\\/05\\\/Kiwi-Passion-Fruit-Guava-40000-puffs.webp\",\"width\":800,\"height\":800,\"caption\":\"Kiwi Fruta de la Pasi\u00f3n Guayaba 40000 puffs\"},{\"@type\":\"BreadcrumbList\",\"@id\":\"https:\\\/\\\/shop.fizzyvape.com\\\/es\\\/producto\\\/fizzy-nova-plus-kiwi-fruta-de-la-pasion-guayaba-40000-puffs-vape-desechable\\\/#breadcrumb\",\"itemListElement\":[{\"@type\":\"ListItem\",\"position\":1,\"name\":\"\u9996\u9875\",\"item\":\"https:\\\/\\\/shop.fizzyvape.com\\\/es\\\/\"},{\"@type\":\"ListItem\",\"position\":2,\"name\":\"Shop\",\"item\":\"https:\\\/\\\/shop.fizzyvape.com\\\/shop\\\/\"},{\"@type\":\"ListItem\",\"position\":3,\"name\":\"Fizzy Nova Plus Kiwi Fruta de la Pasi\u00f3n Guayaba &#8211; 40000 Puffs Vape Desechable\"}]},{\"@type\":\"WebSite\",\"@id\":\"https:\\\/\\\/shop.fizzyvape.com\\\/es\\\/#website\",\"url\":\"https:\\\/\\\/shop.fizzyvape.com\\\/es\\\/\",\"name\":\"shop.fizzyvape.com\",\"description\":\"The Best Disposable Vape In Europe | 10000 - 60000 Puffs  | Free Shipping\",\"potentialAction\":[{\"@type\":\"SearchAction\",\"target\":{\"@type\":\"EntryPoint\",\"urlTemplate\":\"https:\\\/\\\/shop.fizzyvape.com\\\/es\\\/?s={search_term_string}\"},\"query-input\":{\"@type\":\"PropertyValueSpecification\",\"valueRequired\":true,\"valueName\":\"search_term_string\"}}],\"inLanguage\":\"es\"}]}<\/script>\n<!-- \/ Yoast SEO Premium plugin. -->","yoast_head_json":{"title":"Fizzy Nova Plus Kiwi Guayaba 40000 Puffs - Vape desechable","description":"Vapea felicidad tropical con kiwi, fruta de la pasi\u00f3n y guayaba. Disfruta de 40.000 caladas, doble bobina de malla, pantalla LED y carga r\u00e1pida USB-C en un dispositivo elegante.","robots":{"index":"index","follow":"follow","max-snippet":"max-snippet:-1","max-image-preview":"max-image-preview:large","max-video-preview":"max-video-preview:-1"},"canonical":"https:\/\/shop.fizzyvape.com\/es\/producto\/fizzy-nova-plus-kiwi-fruta-de-la-pasion-guayaba-40000-puffs-vape-desechable\/","og_locale":"es_ES","og_type":"article","og_title":"Fizzy Nova Plus Kiwi Fruta de la Pasi\u00f3n Guayaba - 40000 Puffs Vape Desechable","og_description":"Vapea felicidad tropical con kiwi, fruta de la pasi\u00f3n y guayaba. Disfruta de 40.000 caladas, doble bobina de malla, pantalla LED y carga r\u00e1pida USB-C en un dispositivo elegante.","og_url":"https:\/\/shop.fizzyvape.com\/es\/producto\/fizzy-nova-plus-kiwi-fruta-de-la-pasion-guayaba-40000-puffs-vape-desechable\/","og_site_name":"shop.fizzyvape.com","article_modified_time":"2025-12-09T01:41:41+00:00","og_image":[{"width":800,"height":800,"url":"https:\/\/shop.fizzyvape.com\/wp-content\/uploads\/2025\/05\/Kiwi-Passion-Fruit-Guava-40000-puffs.webp","type":"image\/webp"}],"twitter_card":"summary_large_image","twitter_misc":{"Tiempo de lectura":"2 minutos"},"schema":{"@context":"https:\/\/schema.org","@graph":[{"@type":"WebPage","@id":"https:\/\/shop.fizzyvape.com\/es\/producto\/fizzy-nova-plus-kiwi-fruta-de-la-pasion-guayaba-40000-puffs-vape-desechable\/","url":"https:\/\/shop.fizzyvape.com\/es\/producto\/fizzy-nova-plus-kiwi-fruta-de-la-pasion-guayaba-40000-puffs-vape-desechable\/","name":"Fizzy Nova Plus Kiwi Guayaba 40000 Puffs - Vape desechable","isPartOf":{"@id":"https:\/\/shop.fizzyvape.com\/es\/#website"},"primaryImageOfPage":{"@id":"https:\/\/shop.fizzyvape.com\/es\/producto\/fizzy-nova-plus-kiwi-fruta-de-la-pasion-guayaba-40000-puffs-vape-desechable\/#primaryimage"},"image":{"@id":"https:\/\/shop.fizzyvape.com\/es\/producto\/fizzy-nova-plus-kiwi-fruta-de-la-pasion-guayaba-40000-puffs-vape-desechable\/#primaryimage"},"thumbnailUrl":"https:\/\/shop.fizzyvape.com\/wp-content\/uploads\/2025\/05\/Kiwi-Passion-Fruit-Guava-40000-puffs.webp","datePublished":"2025-05-15T06:23:23+00:00","dateModified":"2025-12-09T01:41:41+00:00","description":"Vapea felicidad tropical con kiwi, fruta de la pasi\u00f3n y guayaba. Disfruta de 40.000 caladas, doble bobina de malla, pantalla LED y carga r\u00e1pida USB-C en un dispositivo elegante.","breadcrumb":{"@id":"https:\/\/shop.fizzyvape.com\/es\/producto\/fizzy-nova-plus-kiwi-fruta-de-la-pasion-guayaba-40000-puffs-vape-desechable\/#breadcrumb"},"inLanguage":"es","potentialAction":[{"@type":"ReadAction","target":["https:\/\/shop.fizzyvape.com\/es\/producto\/fizzy-nova-plus-kiwi-fruta-de-la-pasion-guayaba-40000-puffs-vape-desechable\/"]}]},{"@type":"ImageObject","inLanguage":"es","@id":"https:\/\/shop.fizzyvape.com\/es\/producto\/fizzy-nova-plus-kiwi-fruta-de-la-pasion-guayaba-40000-puffs-vape-desechable\/#primaryimage","url":"https:\/\/shop.fizzyvape.com\/wp-content\/uploads\/2025\/05\/Kiwi-Passion-Fruit-Guava-40000-puffs.webp","contentUrl":"https:\/\/shop.fizzyvape.com\/wp-content\/uploads\/2025\/05\/Kiwi-Passion-Fruit-Guava-40000-puffs.webp","width":800,"height":800,"caption":"Kiwi Fruta de la Pasi\u00f3n Guayaba 40000 puffs"},{"@type":"BreadcrumbList","@id":"https:\/\/shop.fizzyvape.com\/es\/producto\/fizzy-nova-plus-kiwi-fruta-de-la-pasion-guayaba-40000-puffs-vape-desechable\/#breadcrumb","itemListElement":[{"@type":"ListItem","position":1,"name":"\u9996\u9875","item":"https:\/\/shop.fizzyvape.com\/es\/"},{"@type":"ListItem","position":2,"name":"Shop","item":"https:\/\/shop.fizzyvape.com\/shop\/"},{"@type":"ListItem","position":3,"name":"Fizzy Nova Plus Kiwi Fruta de la Pasi\u00f3n Guayaba &#8211; 40000 Puffs Vape Desechable"}]},{"@type":"WebSite","@id":"https:\/\/shop.fizzyvape.com\/es\/#website","url":"https:\/\/shop.fizzyvape.com\/es\/","name":"shop.fizzyvape.com","description":"The Best Disposable Vape In Europe | 10000 - 60000 Puffs  | Free Shipping","potentialAction":[{"@type":"SearchAction","target":{"@type":"EntryPoint","urlTemplate":"https:\/\/shop.fizzyvape.com\/es\/?s={search_term_string}"},"query-input":{"@type":"PropertyValueSpecification","valueRequired":true,"valueName":"search_term_string"}}],"inLanguage":"es"}]}},"tiered_pricing_type":"fixed","tiered_pricing_fixed_rules":[],"tiered_pricing_product_settings":{"layout":"default","base_unit_name":{"singular":null,"plural":null},"default_variation":null},"tiered_pricing_minimum_quantity":null,"tiered_pricing_roles_data":[],"tiered_pricing_percentage_rules":[],"tiered_pricing_maximum_quantity":null,"tiered_pricing_quantity_step":null,"_links":{"self":[{"href":"https:\/\/shop.fizzyvape.com\/es\/wp-json\/wp\/v2\/product\/19648","targetHints":{"allow":["GET"]}}],"collection":[{"href":"https:\/\/shop.fizzyvape.com\/es\/wp-json\/wp\/v2\/product"}],"about":[{"href":"https:\/\/shop.fizzyvape.com\/es\/wp-json\/wp\/v2\/types\/product"}],"replies":[{"embeddable":true,"href":"https:\/\/shop.fizzyvape.com\/es\/wp-json\/wp\/v2\/comments?post=19648"}],"version-history":[{"count":0,"href":"https:\/\/shop.fizzyvape.com\/es\/wp-json\/wp\/v2\/product\/19648\/revisions"}],"wp:featuredmedia":[{"embeddable":true,"href":"https:\/\/shop.fizzyvape.com\/es\/wp-json\/wp\/v2\/media\/18499"}],"wp:attachment":[{"href":"https:\/\/shop.fizzyvape.com\/es\/wp-json\/wp\/v2\/media?parent=19648"}],"wp:term":[{"taxonomy":"product_brand","embeddable":true,"href":"https:\/\/shop.fizzyvape.com\/es\/wp-json\/wp\/v2\/product_brand?post=19648"},{"taxonomy":"product_cat","embeddable":true,"href":"https:\/\/shop.fizzyvape.com\/es\/wp-json\/wp\/v2\/product_cat?post=19648"},{"taxonomy":"product_tag","embeddable":true,"href":"https:\/\/shop.fizzyvape.com\/es\/wp-json\/wp\/v2\/product_tag?post=19648"}],"curies":[{"name":"wp","href":"https:\/\/api.w.org\/{rel}","templated":true}]}}