{"id":19682,"date":"2025-05-30T07:53:06","date_gmt":"2025-05-30T07:53:06","guid":{"rendered":"https:\/\/shop.fizzyvape.com\/product\/vapeador-desechable-fizzy-max-iii-6en1-60k-60000-puffs-arandano-frambuesa-triple-melon-fresa-helada\/"},"modified":"2025-12-01T01:23:28","modified_gmt":"2025-12-01T01:23:28","slug":"vapeador-desechable-fizzy-max-iii-6en1-60k-60000-puffs-arandano-frambuesa-triple-melon-fresa-helada","status":"publish","type":"product","link":"https:\/\/shop.fizzyvape.com\/es\/producto\/vapeador-desechable-fizzy-max-iii-6en1-60k-60000-puffs-arandano-frambuesa-triple-melon-fresa-helada\/","title":{"rendered":"Vapeador Desechable Fizzy Max III 6en1 60K 60000 Puffs &#8211; Ar\u00e1ndano Frambuesa &amp; Triple Mel\u00f3n &amp; Fresa Helada"},"content":{"rendered":"<p><img decoding=\"async\" class=\"aligncenter\" src=\"https:\/\/shop.fizzyvape.com\/wp-content\/uploads\/2025\/05\/Fizzy-Max-III-6in1-60K-60000-Puffs-8-1.webp\" alt=\"Fizzy Max III 60000 Puffs 6en1 Vape Desechable (8)\"><\/p>\n<h1>Vapeador Desechable Fizzy Max III 6en1 60K 60000 Puffs &#8211; Ar\u00e1ndano Frambuesa &amp; Triple Mel\u00f3n &amp; Fresa Helada<\/h1>\n<h3><strong>6 sabores en 1 innovador vaporizador desechable<\/strong><\/h3>\n<p>Descubre la m\u00e1xima variedad de sabores con el <strong>Fizzy Max III 6en1<\/strong>, un revolucionario dispositivo de vapeo desechable que incluye <strong>tres c\u00e1psulas precargadas de 20 ml<\/strong>: <strong>Ar\u00e1ndano Frambuesa<\/strong>, <strong>Triple Mel\u00f3n<\/strong> y <strong>Fresa Hielo<\/strong>. Gracias a su boquilla giratoria inteligente, puedes cambiar sin esfuerzo entre <strong>seis combinaciones de sabores \u00fanicas<\/strong>, ofreci\u00e9ndote una versatilidad de vapeo sin igual en un solo dispositivo.  <\/p>\n<h4><strong>Modos de sabor:<\/strong><\/h4>\n<ul>\n<li><strong>Ar\u00e1ndano Frambuesa (A)<\/strong> &#8211; Jugosa mezcla de ar\u00e1ndanos maduros y frambuesas \u00e1cidas<\/li>\n<li><strong>Triple Mel\u00f3n (B)<\/strong> &#8211; Una refrescante mezcla de sand\u00eda dulce, mel\u00f3n dulce y mel\u00f3n cantalupo<\/li>\n<li><strong>Fresa helada (C)<\/strong> &#8211; Fresas dulces con un final helado y fresco<\/li>\n<\/ul>\n<h4><strong>Mezcla de sabores:<\/strong><\/h4>\n<ul>\n<li><strong>Mix AB<\/strong> &#8211; Una deliciosa fusi\u00f3n de ar\u00e1ndano, frambuesa y mel\u00f3n triple<\/li>\n<li><strong>Mix BC<\/strong> &#8211; Una mezcla fresca y afrutada de triple mel\u00f3n y fresa helada<\/li>\n<li><strong>Mix CA<\/strong> &#8211; Una refrescante mezcla de fresa helada y ar\u00e1ndano frambuesa<\/li>\n<\/ul>\n<p>Cambia de sabor f\u00e1cilmente <strong>levantando y girando la boquilla<\/strong> en este orden:<br \/>\n<strong>A \u2192 Mezcla AB \u2192 B \u2192 Mezcla BC \u2192 C \u2192 Mezcla CA<\/strong><\/p>\n<h3><strong>Productos destacados<\/strong><\/h3>\n<ul>\n<li><strong>Hasta 60.000 caladas<\/strong> para un uso prolongado<\/li>\n<li><strong>Sistema de sabores 6 en 1<\/strong> que combina 3 sabores simples y 3 mezclados<\/li>\n<li><strong>Capacidad de e-l\u00edquido:<\/strong> 60 ml en total (3 c\u00e1psulas de 20 ml)<\/li>\n<li><strong>Opciones de potencia de nicotina:<\/strong> 2% \/ 5%<\/li>\n<li><strong>Bater\u00eda:<\/strong> Potente de 850 mAh recargable mediante Tipo-C<\/li>\n<li><strong>Bobina:<\/strong> Bobina de malla avanzada para un sabor intenso y un vapor suave<\/li>\n<li><strong>Pantalla LED:<\/strong> Muestra el nivel de bater\u00eda y el estado del modo<\/li>\n<li><strong>Caducidad:<\/strong> 2 a\u00f1os<\/li>\n<\/ul>\n<h3><strong>Lista de Sabores de Vape Desechable Fizzy Max III 6en1 60000 Puffs:<\/strong><\/h3>\n<ol>\n<li><a href=\"https:\/\/shop.fizzyvape.com\/es\/producto\/fizzy-max-iii-6en1-60k-60000-puffs-vape-desechable-fresa-frambuesa-y-mango-melocoton-y-arandanos-sandia\/\">Fresa Frambuesa y Mango Melocot\u00f3n y Ar\u00e1ndanos Sand\u00eda<\/a><\/li>\n<li><a href=\"https:\/\/shop.fizzyvape.com\/es\/producto\/fizzy-max-iii-6en1-60k-60000-puffs-vape-desechable-mezcla-de-bayas-y-kiwi-fruta-de-la-pasion-guayaba-y-fresa-sandia\/\">Mezcla de bayas y kiwi Fruta de la pasi\u00f3n Guayaba y fresa Sand\u00eda<\/a><\/li>\n<li><a href=\"https:\/\/shop.fizzyvape.com\/es\/producto\/vapeador-desechable-fizzy-max-iii-6en1-60k-60000-puffs-arandano-frambuesa-triple-melon-fresa-helada\/\">Ar\u00e1ndano Frambuesa y Triple Helado de Mel\u00f3n y Fresa<\/a><\/li>\n<li><a href=\"https:\/\/shop.fizzyvape.com\/producto\/fizzy-max-iii-6in1-60k-60000-puffs-disposable-vape-strawberry-dragon-fruit-red-bull-raspberry-watermelon\/\">Fruta del Drag\u00f3n Fresa &amp; Red Bull &amp; Sand\u00eda Frambuesa<\/a><\/li>\n<li><a href=\"https:\/\/shop.fizzyvape.com\/producto\/fizzy-max-iii-6in1-60k-60000-puffs-disposable-vape-strawberry-kiwi-blueberry-ice-watermelon-ice\/\">Hielo de fresa, kiwi, ar\u00e1ndanos y sand\u00eda<\/a><\/li>\n<li><a href=\"https:\/\/shop.fizzyvape.com\/producto\/fizzy-max-iii-6in1-60k-60000-puffs-disposable-vape-blueberry-ice-fizzy-cherry-raspberry-lemon\/\">Hielo de Ar\u00e1ndano y Cereza efervescente y Frambuesa Lim\u00f3n<\/a><\/li>\n<li><a href=\"https:\/\/shop.fizzyvape.com\/producto\/fizzy-max-iii-6in1-60k-60000-puffs-disposable-vape-watermelon-ice-strawberry-vanilla-coke-mixed-berry\/\">Sand\u00eda Helada y Fresa Vainilla Coca-Cola y Mixta<\/a><\/li>\n<li><a href=\"https:\/\/shop.fizzyvape.com\/producto\/fizzy-max-iii-6in1-60k-60000-puffs-disposable-vape-strawberry-grape-blueberry-coconut-peach-lemon\/\">Fresa Uva y Ar\u00e1ndano Coco y Melocot\u00f3n Lim\u00f3n<\/a><\/li>\n<li><a href=\"https:\/\/shop.fizzyvape.com\/producto\/fizzy-max-iii-6in1-60k-60000-puffs-disposable-vape-blue-razz-ice-strawberry-kiwi-sour-pineapple-orange\/\">Blue Razz Hielo y Fresa Kiwi y Pi\u00f1a Agria Naranja<\/a><\/li>\n<li><a href=\"https:\/\/shop.fizzyvape.com\/producto\/fizzy-max-iii-6in1-60000-puffs-disposable-vape-strawberry-watermelon-lemon-lime-blueberry-coconut\/\">Fresa Sand\u00eda &amp; Lim\u00f3n Lima &amp; Ar\u00e1ndanos Coco<\/a><\/li>\n<\/ol>\n<h3><strong>Estilos de vapeo a tu medida<\/strong><\/h3>\n<p><strong>Modo Sabor \u00danico (MTL):<\/strong><br \/>\nDisfruta de suaves y sabrosas caladas boca-pulm\u00f3n, perfectas para quienes aprecian una experiencia similar a la de un cigarrillo cl\u00e1sico.<\/p>\n<p><strong>Modo de Mezcla de Sabor Dual (DL):<\/strong><br \/>\nExperimenta un mayor flujo de aire para unos golpes atrevidos de pulm\u00f3n directo con una producci\u00f3n de vapor mejorada y mezclas de sabor complejas.<\/p>\n<h3><strong>\u00bfPor qu\u00e9 elegir Fizzy Max III 6en1?<\/strong><\/h3>\n<ul>\n<li><strong>Cambio de sabor perfecto:<\/strong> gira la boquilla para explorar los 6 perfiles de sabor<\/li>\n<li><strong>Bater\u00eda y e-l\u00edquido de larga duraci\u00f3n:<\/strong> Hasta 60.000 caladas por dispositivo<\/li>\n<li><strong>Comodidad todo en uno:<\/strong> Seis sabores en un dispositivo compacto y recargable<\/li>\n<li><strong>Env\u00edo r\u00e1pido a la UE:<\/strong> Se env\u00eda r\u00e1pidamente desde nuestro <strong>almac\u00e9n europeo<\/strong>, sin problemas de aduanas<\/li>\n<\/ul>\n<h3><strong>FAQ &#8211; Fizzy Max III 6en1 60000 Puffs Vape Desechable<\/strong><\/h3>\n<ul>\n<li><strong>  \u00bfCu\u00e1ntas caladas puede proporcionar el Fizzy Max III?<\/strong><br \/>\nEl Fizzy Max III da hasta 60.000 caladas, lo que lo convierte en uno de los vaporizadores desechables m\u00e1s duraderos del mercado.<\/li>\n<li><strong>  \u00bfC\u00f3mo cambio de sabor en el Fizzy Max III?<\/strong><br \/>\nBasta con levantar y girar la boquilla para cambiar entre seis modos de sabor: tres simples y tres combinados.<\/li>\n<li><strong>  \u00bfEs recargable el vaporizador Fizzy Max III 60000 caladas?<\/strong><br \/>\nS\u00ed, viene con una bater\u00eda integrada de 850 mAh que se puede recargar mediante un cable Tipo-C.<\/li>\n<li><strong>  \u00bfQu\u00e9 concentraciones de nicotina hay disponibles para este dispositivo?<\/strong><br \/>\nEl Fizzy Max III ofrece dos opciones de nicotina: 2% (20mg) y 5% (50mg), seg\u00fan tus preferencias.<\/li>\n<li><strong>  \u00bfEl Fizzy Max III permite vapear tanto en MTL como en DL?<\/strong><br \/>\nS\u00ed. Utiliza el modo de sabor \u00fanico para el vapeo MTL (boca a pulm\u00f3n) o el modo de sabor mixto con flujo de aire abierto para el vapeo DL (pulm\u00f3n directo). <\/li>\n<\/ul>\n","protected":false},"excerpt":{"rendered":"<p>Fizzy Max III es un vaporizador desechable de 60000 caladas con 6 sabores en 1 dispositivo, y una bater\u00eda recargable de 850mAh.<\/p>\n","protected":false},"featured_media":18725,"comment_status":"open","ping_status":"closed","template":"","meta":[],"product_brand":[],"product_cat":[155,154],"product_tag":[129,130,132,131],"class_list":{"0":"post-19682","1":"product","2":"type-product","3":"status-publish","4":"has-post-thumbnail","6":"product_cat-vapeador-desechable-fizzy-max-iii-60000-puffs","7":"product_cat-vaper-recargable-online","8":"product_tag-6-sabores-en-1","9":"product_tag-60k-puffs","10":"product_tag-vaper-recargable","11":"product_tag-vape-desechable-online","13":"first","14":"outofstock","15":"shipping-taxable","16":"purchasable","17":"product-type-variable"},"yoast_head":"<!-- This site is optimized with the Yoast SEO Premium plugin v24.8 (Yoast SEO v27.4) - https:\/\/yoast.com\/product\/yoast-seo-premium-wordpress\/ -->\n<title>Fizzy Max III 60000 Puffs Vape Desechable - 6 Sabores<\/title>\n<meta name=\"description\" content=\"Disfruta de 60000 caladas con el vapeador desechable Fizzy Max III. 6 sabores, bater\u00eda recargable, bobina de malla y flujo de aire ajustable para un vapeo suave y rico.\" \/>\n<meta name=\"robots\" content=\"index, follow, max-snippet:-1, max-image-preview:large, max-video-preview:-1\" \/>\n<link rel=\"canonical\" href=\"https:\/\/shop.fizzyvape.com\/es\/producto\/vapeador-desechable-fizzy-max-iii-6en1-60k-60000-puffs-arandano-frambuesa-triple-melon-fresa-helada\/\" \/>\n<meta property=\"og:locale\" content=\"es_ES\" \/>\n<meta property=\"og:type\" content=\"article\" \/>\n<meta property=\"og:title\" content=\"Vapeador Desechable Fizzy Max III 6en1 60K 60000 Puffs - Ar\u00e1ndano Frambuesa &amp; Triple Mel\u00f3n &amp; Fresa Helada\" \/>\n<meta property=\"og:description\" content=\"Disfruta de 60000 caladas con el vapeador desechable Fizzy Max III. 6 sabores, bater\u00eda recargable, bobina de malla y flujo de aire ajustable para un vapeo suave y rico.\" \/>\n<meta property=\"og:url\" content=\"https:\/\/shop.fizzyvape.com\/es\/producto\/vapeador-desechable-fizzy-max-iii-6en1-60k-60000-puffs-arandano-frambuesa-triple-melon-fresa-helada\/\" \/>\n<meta property=\"og:site_name\" content=\"shop.fizzyvape.com\" \/>\n<meta property=\"article:modified_time\" content=\"2025-12-01T01:23:28+00:00\" \/>\n<meta property=\"og:image\" content=\"https:\/\/shop.fizzyvape.com\/wp-content\/uploads\/2025\/05\/Fizzy-Max-III-6in1-60K-60000-Puffs-8-1.webp\" \/>\n<meta name=\"twitter:card\" content=\"summary_large_image\" \/>\n<meta name=\"twitter:label1\" content=\"Tiempo de lectura\" \/>\n\t<meta name=\"twitter:data1\" content=\"3 minutos\" \/>\n<script type=\"application\/ld+json\" class=\"yoast-schema-graph\">{\"@context\":\"https:\\\/\\\/schema.org\",\"@graph\":[{\"@type\":\"WebPage\",\"@id\":\"https:\\\/\\\/shop.fizzyvape.com\\\/es\\\/producto\\\/vapeador-desechable-fizzy-max-iii-6en1-60k-60000-puffs-arandano-frambuesa-triple-melon-fresa-helada\\\/\",\"url\":\"https:\\\/\\\/shop.fizzyvape.com\\\/es\\\/producto\\\/vapeador-desechable-fizzy-max-iii-6en1-60k-60000-puffs-arandano-frambuesa-triple-melon-fresa-helada\\\/\",\"name\":\"Fizzy Max III 60000 Puffs Vape Desechable - 6 Sabores\",\"isPartOf\":{\"@id\":\"https:\\\/\\\/shop.fizzyvape.com\\\/es\\\/#website\"},\"primaryImageOfPage\":{\"@id\":\"https:\\\/\\\/shop.fizzyvape.com\\\/es\\\/producto\\\/vapeador-desechable-fizzy-max-iii-6en1-60k-60000-puffs-arandano-frambuesa-triple-melon-fresa-helada\\\/#primaryimage\"},\"image\":{\"@id\":\"https:\\\/\\\/shop.fizzyvape.com\\\/es\\\/producto\\\/vapeador-desechable-fizzy-max-iii-6en1-60k-60000-puffs-arandano-frambuesa-triple-melon-fresa-helada\\\/#primaryimage\"},\"thumbnailUrl\":\"https:\\\/\\\/shop.fizzyvape.com\\\/wp-content\\\/uploads\\\/2025\\\/05\\\/Fizzy-Max-III-6in1-60K-60000-Puffs-8.jpg\",\"datePublished\":\"2025-05-30T07:53:06+00:00\",\"dateModified\":\"2025-12-01T01:23:28+00:00\",\"description\":\"Disfruta de 60000 caladas con el vapeador desechable Fizzy Max III. 6 sabores, bater\u00eda recargable, bobina de malla y flujo de aire ajustable para un vapeo suave y rico.\",\"breadcrumb\":{\"@id\":\"https:\\\/\\\/shop.fizzyvape.com\\\/es\\\/producto\\\/vapeador-desechable-fizzy-max-iii-6en1-60k-60000-puffs-arandano-frambuesa-triple-melon-fresa-helada\\\/#breadcrumb\"},\"inLanguage\":\"es\",\"potentialAction\":[{\"@type\":\"ReadAction\",\"target\":[\"https:\\\/\\\/shop.fizzyvape.com\\\/es\\\/producto\\\/vapeador-desechable-fizzy-max-iii-6en1-60k-60000-puffs-arandano-frambuesa-triple-melon-fresa-helada\\\/\"]}]},{\"@type\":\"ImageObject\",\"inLanguage\":\"es\",\"@id\":\"https:\\\/\\\/shop.fizzyvape.com\\\/es\\\/producto\\\/vapeador-desechable-fizzy-max-iii-6en1-60k-60000-puffs-arandano-frambuesa-triple-melon-fresa-helada\\\/#primaryimage\",\"url\":\"https:\\\/\\\/shop.fizzyvape.com\\\/wp-content\\\/uploads\\\/2025\\\/05\\\/Fizzy-Max-III-6in1-60K-60000-Puffs-8.jpg\",\"contentUrl\":\"https:\\\/\\\/shop.fizzyvape.com\\\/wp-content\\\/uploads\\\/2025\\\/05\\\/Fizzy-Max-III-6in1-60K-60000-Puffs-8.jpg\",\"width\":800,\"height\":800,\"caption\":\"Fizzy Max III 6en1 60K 60000 Puffs-8\"},{\"@type\":\"BreadcrumbList\",\"@id\":\"https:\\\/\\\/shop.fizzyvape.com\\\/es\\\/producto\\\/vapeador-desechable-fizzy-max-iii-6en1-60k-60000-puffs-arandano-frambuesa-triple-melon-fresa-helada\\\/#breadcrumb\",\"itemListElement\":[{\"@type\":\"ListItem\",\"position\":1,\"name\":\"\u9996\u9875\",\"item\":\"https:\\\/\\\/shop.fizzyvape.com\\\/es\\\/\"},{\"@type\":\"ListItem\",\"position\":2,\"name\":\"Shop\",\"item\":\"https:\\\/\\\/shop.fizzyvape.com\\\/shop\\\/\"},{\"@type\":\"ListItem\",\"position\":3,\"name\":\"Vapeador Desechable Fizzy Max III 6en1 60K 60000 Puffs &#8211; Ar\u00e1ndano Frambuesa &amp; Triple Mel\u00f3n &amp; Fresa Helada\"}]},{\"@type\":\"WebSite\",\"@id\":\"https:\\\/\\\/shop.fizzyvape.com\\\/es\\\/#website\",\"url\":\"https:\\\/\\\/shop.fizzyvape.com\\\/es\\\/\",\"name\":\"shop.fizzyvape.com\",\"description\":\"The Best Disposable Vape In Europe | 10000 - 60000 Puffs  | Free Shipping\",\"potentialAction\":[{\"@type\":\"SearchAction\",\"target\":{\"@type\":\"EntryPoint\",\"urlTemplate\":\"https:\\\/\\\/shop.fizzyvape.com\\\/es\\\/?s={search_term_string}\"},\"query-input\":{\"@type\":\"PropertyValueSpecification\",\"valueRequired\":true,\"valueName\":\"search_term_string\"}}],\"inLanguage\":\"es\"}]}<\/script>\n<!-- \/ Yoast SEO Premium plugin. -->","yoast_head_json":{"title":"Fizzy Max III 60000 Puffs Vape Desechable - 6 Sabores","description":"Disfruta de 60000 caladas con el vapeador desechable Fizzy Max III. 6 sabores, bater\u00eda recargable, bobina de malla y flujo de aire ajustable para un vapeo suave y rico.","robots":{"index":"index","follow":"follow","max-snippet":"max-snippet:-1","max-image-preview":"max-image-preview:large","max-video-preview":"max-video-preview:-1"},"canonical":"https:\/\/shop.fizzyvape.com\/es\/producto\/vapeador-desechable-fizzy-max-iii-6en1-60k-60000-puffs-arandano-frambuesa-triple-melon-fresa-helada\/","og_locale":"es_ES","og_type":"article","og_title":"Vapeador Desechable Fizzy Max III 6en1 60K 60000 Puffs - Ar\u00e1ndano Frambuesa &amp; Triple Mel\u00f3n &amp; Fresa Helada","og_description":"Disfruta de 60000 caladas con el vapeador desechable Fizzy Max III. 6 sabores, bater\u00eda recargable, bobina de malla y flujo de aire ajustable para un vapeo suave y rico.","og_url":"https:\/\/shop.fizzyvape.com\/es\/producto\/vapeador-desechable-fizzy-max-iii-6en1-60k-60000-puffs-arandano-frambuesa-triple-melon-fresa-helada\/","og_site_name":"shop.fizzyvape.com","article_modified_time":"2025-12-01T01:23:28+00:00","og_image":[{"url":"https:\/\/shop.fizzyvape.com\/wp-content\/uploads\/2025\/05\/Fizzy-Max-III-6in1-60K-60000-Puffs-8-1.webp","type":"","width":"","height":""}],"twitter_card":"summary_large_image","twitter_misc":{"Tiempo de lectura":"3 minutos"},"schema":{"@context":"https:\/\/schema.org","@graph":[{"@type":"WebPage","@id":"https:\/\/shop.fizzyvape.com\/es\/producto\/vapeador-desechable-fizzy-max-iii-6en1-60k-60000-puffs-arandano-frambuesa-triple-melon-fresa-helada\/","url":"https:\/\/shop.fizzyvape.com\/es\/producto\/vapeador-desechable-fizzy-max-iii-6en1-60k-60000-puffs-arandano-frambuesa-triple-melon-fresa-helada\/","name":"Fizzy Max III 60000 Puffs Vape Desechable - 6 Sabores","isPartOf":{"@id":"https:\/\/shop.fizzyvape.com\/es\/#website"},"primaryImageOfPage":{"@id":"https:\/\/shop.fizzyvape.com\/es\/producto\/vapeador-desechable-fizzy-max-iii-6en1-60k-60000-puffs-arandano-frambuesa-triple-melon-fresa-helada\/#primaryimage"},"image":{"@id":"https:\/\/shop.fizzyvape.com\/es\/producto\/vapeador-desechable-fizzy-max-iii-6en1-60k-60000-puffs-arandano-frambuesa-triple-melon-fresa-helada\/#primaryimage"},"thumbnailUrl":"https:\/\/shop.fizzyvape.com\/wp-content\/uploads\/2025\/05\/Fizzy-Max-III-6in1-60K-60000-Puffs-8.jpg","datePublished":"2025-05-30T07:53:06+00:00","dateModified":"2025-12-01T01:23:28+00:00","description":"Disfruta de 60000 caladas con el vapeador desechable Fizzy Max III. 6 sabores, bater\u00eda recargable, bobina de malla y flujo de aire ajustable para un vapeo suave y rico.","breadcrumb":{"@id":"https:\/\/shop.fizzyvape.com\/es\/producto\/vapeador-desechable-fizzy-max-iii-6en1-60k-60000-puffs-arandano-frambuesa-triple-melon-fresa-helada\/#breadcrumb"},"inLanguage":"es","potentialAction":[{"@type":"ReadAction","target":["https:\/\/shop.fizzyvape.com\/es\/producto\/vapeador-desechable-fizzy-max-iii-6en1-60k-60000-puffs-arandano-frambuesa-triple-melon-fresa-helada\/"]}]},{"@type":"ImageObject","inLanguage":"es","@id":"https:\/\/shop.fizzyvape.com\/es\/producto\/vapeador-desechable-fizzy-max-iii-6en1-60k-60000-puffs-arandano-frambuesa-triple-melon-fresa-helada\/#primaryimage","url":"https:\/\/shop.fizzyvape.com\/wp-content\/uploads\/2025\/05\/Fizzy-Max-III-6in1-60K-60000-Puffs-8.jpg","contentUrl":"https:\/\/shop.fizzyvape.com\/wp-content\/uploads\/2025\/05\/Fizzy-Max-III-6in1-60K-60000-Puffs-8.jpg","width":800,"height":800,"caption":"Fizzy Max III 6en1 60K 60000 Puffs-8"},{"@type":"BreadcrumbList","@id":"https:\/\/shop.fizzyvape.com\/es\/producto\/vapeador-desechable-fizzy-max-iii-6en1-60k-60000-puffs-arandano-frambuesa-triple-melon-fresa-helada\/#breadcrumb","itemListElement":[{"@type":"ListItem","position":1,"name":"\u9996\u9875","item":"https:\/\/shop.fizzyvape.com\/es\/"},{"@type":"ListItem","position":2,"name":"Shop","item":"https:\/\/shop.fizzyvape.com\/shop\/"},{"@type":"ListItem","position":3,"name":"Vapeador Desechable Fizzy Max III 6en1 60K 60000 Puffs &#8211; Ar\u00e1ndano Frambuesa &amp; Triple Mel\u00f3n &amp; Fresa Helada"}]},{"@type":"WebSite","@id":"https:\/\/shop.fizzyvape.com\/es\/#website","url":"https:\/\/shop.fizzyvape.com\/es\/","name":"shop.fizzyvape.com","description":"The Best Disposable Vape In Europe | 10000 - 60000 Puffs  | Free Shipping","potentialAction":[{"@type":"SearchAction","target":{"@type":"EntryPoint","urlTemplate":"https:\/\/shop.fizzyvape.com\/es\/?s={search_term_string}"},"query-input":{"@type":"PropertyValueSpecification","valueRequired":true,"valueName":"search_term_string"}}],"inLanguage":"es"}]}},"tiered_pricing_type":"fixed","tiered_pricing_fixed_rules":[],"tiered_pricing_product_settings":{"layout":"default","base_unit_name":{"singular":null,"plural":null},"default_variation":null},"tiered_pricing_minimum_quantity":null,"tiered_pricing_roles_data":[],"tiered_pricing_percentage_rules":[],"tiered_pricing_maximum_quantity":null,"tiered_pricing_quantity_step":null,"_links":{"self":[{"href":"https:\/\/shop.fizzyvape.com\/es\/wp-json\/wp\/v2\/product\/19682","targetHints":{"allow":["GET"]}}],"collection":[{"href":"https:\/\/shop.fizzyvape.com\/es\/wp-json\/wp\/v2\/product"}],"about":[{"href":"https:\/\/shop.fizzyvape.com\/es\/wp-json\/wp\/v2\/types\/product"}],"replies":[{"embeddable":true,"href":"https:\/\/shop.fizzyvape.com\/es\/wp-json\/wp\/v2\/comments?post=19682"}],"version-history":[{"count":0,"href":"https:\/\/shop.fizzyvape.com\/es\/wp-json\/wp\/v2\/product\/19682\/revisions"}],"wp:featuredmedia":[{"embeddable":true,"href":"https:\/\/shop.fizzyvape.com\/es\/wp-json\/wp\/v2\/media\/18725"}],"wp:attachment":[{"href":"https:\/\/shop.fizzyvape.com\/es\/wp-json\/wp\/v2\/media?parent=19682"}],"wp:term":[{"taxonomy":"product_brand","embeddable":true,"href":"https:\/\/shop.fizzyvape.com\/es\/wp-json\/wp\/v2\/product_brand?post=19682"},{"taxonomy":"product_cat","embeddable":true,"href":"https:\/\/shop.fizzyvape.com\/es\/wp-json\/wp\/v2\/product_cat?post=19682"},{"taxonomy":"product_tag","embeddable":true,"href":"https:\/\/shop.fizzyvape.com\/es\/wp-json\/wp\/v2\/product_tag?post=19682"}],"curies":[{"name":"wp","href":"https:\/\/api.w.org\/{rel}","templated":true}]}}