{"id":19685,"date":"2025-05-30T07:53:04","date_gmt":"2025-05-30T07:53:04","guid":{"rendered":"https:\/\/shop.fizzyvape.com\/product\/fizzy-max-iii-6en1-60k-60000-puffs-vape-desechable-fruta-del-dragon-fresa-red-bull-sandia-frambuesa\/"},"modified":"2025-12-01T01:23:50","modified_gmt":"2025-12-01T01:23:50","slug":"fizzy-max-iii-6en1-60k-60000-puffs-vape-desechable-fruta-del-dragon-fresa-red-bull-sandia-frambuesa","status":"publish","type":"product","link":"https:\/\/shop.fizzyvape.com\/es\/producto\/fizzy-max-iii-6en1-60k-60000-puffs-vape-desechable-fruta-del-dragon-fresa-red-bull-sandia-frambuesa\/","title":{"rendered":"Fizzy Max III 6en1 60K 60000 Puffs Vape Desechable &#8211; Fruta del Drag\u00f3n Fresa &amp; Red Bull &amp; Sand\u00eda Frambuesa"},"content":{"rendered":"<p><img decoding=\"async\" class=\"aligncenter\" src=\"https:\/\/shop.fizzyvape.com\/wp-content\/uploads\/2025\/05\/Fizzy-Max-III-6in1-60K-60000-Puffs-7-1.webp\" alt=\"Fizzy Max III 60000 Puffs 6en1 Vape Desechable (7)\"><\/p>\n<h1>Fizzy Max III 6en1 60K 60000 Puffs Vape Desechable &#8211; Fruta del Drag\u00f3n Fresa &amp; Red Bull &amp; Sand\u00eda Frambuesa<\/h1>\n<h3><strong>6 Sabores en 1 Vape Potente<\/strong><\/h3>\n<p>Ad\u00e9ntrate en un mundo de sabores ex\u00f3ticos y satisfacci\u00f3n altamente energ\u00e9tica con el <strong>vaporizador desechable Fizzy Max III 6en1 60K 60000 Puffs<\/strong>, el revolucionario vaporizador desechable que incluye <strong>tres c\u00e1psulas precargadas de 20 ml<\/strong> y un <strong>sistema inteligente de sabores rotativos<\/strong>. Con <strong>Fruta del Drag\u00f3n Fresa<\/strong>, <strong>Red Bull<\/strong> y <strong>Sand\u00eda Frambuesa<\/strong>, no s\u00f3lo obtendr\u00e1s vibrantes sabores individuales, sino tambi\u00e9n <strong>tres atrevidas mezclas<\/strong>, todo en un elegante dispositivo. <\/p>\n<h4><strong>Modos de sabor:<\/strong><\/h4>\n<ul>\n<li><strong>Fresa Fruta<\/strong> del Drag\u00f3n <strong>(A)<\/strong> &#8211; Una fusi\u00f3n tropical de fresas dulces y ex\u00f3tica fruta del drag\u00f3n<\/li>\n<li><strong>Red Bull (B)<\/strong> &#8211; Inspirada en la cl\u00e1sica bebida energ\u00e9tica, efervescente y vigorizante<\/li>\n<li><strong>Sand\u00eda con frambuesa (C)<\/strong> &#8211; Una jugosa y \u00e1cida mezcla de bayas y mel\u00f3n<\/li>\n<\/ul>\n<h4><strong>Modos de mezcla:<\/strong><\/h4>\n<ul>\n<li><strong>Mix AB<\/strong> &#8211; Energ\u00eda de fresa tropical con un toque efervescente<\/li>\n<li><strong>Mix BC<\/strong> &#8211; Una fusi\u00f3n el\u00e9ctrica de Red Bull y frambuesa sand\u00eda<\/li>\n<li><strong>Mix CA<\/strong> &#8211; Ex\u00f3tica baya-mel\u00f3n con un toque de fruta tropical<\/li>\n<\/ul>\n<p><strong>Gira la boquilla<\/strong> para cambiar de sabor en este ciclo sin interrupciones:<br \/>\n<strong>A \u2192 Mezcla AB \u2192 B \u2192 Mezcla BC \u2192 C \u2192 Mezcla CA<\/strong><\/p>\n<p>Pasa sin problemas por los seis sabores posibles con un simple giro de la boquilla. Disfruta de la m\u00e1xima comodidad del sistema 6 en 1. \u00bfTe pica la curiosidad? Mira nuestro <a href=\"https:\/\/www.youtube.com\/watch?v=CoxB_HvaU3k\">v\u00eddeo de<\/a> demostraci\u00f3n.   <\/p>\n<h3><strong>Productos destacados<\/strong><\/h3>\n<ul>\n<li><strong>Hasta 60.000 caladas<\/strong><\/li>\n<li><strong>Sistema de sabores 6 en 1<\/strong> (3 sabores simples + 3 sabores mezclados)<\/li>\n<li><strong>E-l\u00edquido total:<\/strong> 60 ml (3 c\u00e1psulas de 20 ml)<\/li>\n<li><strong>Opciones de nicotina:<\/strong> 2% \/ 5%<\/li>\n<li><strong>Bater\u00eda:<\/strong> 850 mAh recargable (puerto Tipo-C)<\/li>\n<li><strong>Bobina:<\/strong> Bobina de malla para un vapor suave y abundante<\/li>\n<li><strong>Pantalla LED:<\/strong> Para el estado de la bater\u00eda y el modo<\/li>\n<li><strong>Caducidad:<\/strong> 2 a\u00f1os<\/li>\n<\/ul>\n<h3><strong>Lista de Sabores de Vape Desechable Fizzy Max III 6en1 60000 Puffs:<\/strong><\/h3>\n<ol>\n<li><a href=\"https:\/\/shop.fizzyvape.com\/es\/producto\/fizzy-max-iii-6en1-60k-60000-puffs-vape-desechable-fresa-frambuesa-y-mango-melocoton-y-arandanos-sandia\/\">Fresa Frambuesa y Mango Melocot\u00f3n y Ar\u00e1ndanos Sand\u00eda<\/a><\/li>\n<li><a href=\"https:\/\/shop.fizzyvape.com\/es\/producto\/fizzy-max-iii-6en1-60k-60000-puffs-vape-desechable-mezcla-de-bayas-y-kiwi-fruta-de-la-pasion-guayaba-y-fresa-sandia\/\">Mezcla de bayas y kiwi Fruta de la pasi\u00f3n Guayaba y fresa Sand\u00eda<\/a><\/li>\n<li><a href=\"https:\/\/shop.fizzyvape.com\/es\/producto\/vapeador-desechable-fizzy-max-iii-6en1-60k-60000-puffs-arandano-frambuesa-triple-melon-fresa-helada\/\">Ar\u00e1ndano Frambuesa y Triple Helado de Mel\u00f3n y Fresa<\/a><\/li>\n<li><a href=\"https:\/\/shop.fizzyvape.com\/es\/producto\/fizzy-max-iii-6en1-60k-60000-puffs-vape-desechable-fruta-del-dragon-fresa-red-bull-sandia-frambuesa\/\">Fruta del Drag\u00f3n Fresa &amp; Red Bull &amp; Sand\u00eda Frambuesa<\/a><\/li>\n<li><a href=\"https:\/\/shop.fizzyvape.com\/producto\/fizzy-max-iii-6in1-60k-60000-puffs-disposable-vape-strawberry-kiwi-blueberry-ice-watermelon-ice\/\">Hielo de fresa, kiwi, ar\u00e1ndanos y sand\u00eda<\/a><\/li>\n<li><a href=\"https:\/\/shop.fizzyvape.com\/producto\/fizzy-max-iii-6in1-60k-60000-puffs-disposable-vape-blueberry-ice-fizzy-cherry-raspberry-lemon\/\">Hielo de Ar\u00e1ndano y Cereza efervescente y Frambuesa Lim\u00f3n<\/a><\/li>\n<li><a href=\"https:\/\/shop.fizzyvape.com\/producto\/fizzy-max-iii-6in1-60k-60000-puffs-disposable-vape-watermelon-ice-strawberry-vanilla-coke-mixed-berry\/\">Sand\u00eda Helada y Fresa Vainilla Coca-Cola y Mixta<\/a><\/li>\n<li><a href=\"https:\/\/shop.fizzyvape.com\/producto\/fizzy-max-iii-6in1-60k-60000-puffs-disposable-vape-strawberry-grape-blueberry-coconut-peach-lemon\/\">Fresa Uva y Ar\u00e1ndano Coco y Melocot\u00f3n Lim\u00f3n<\/a><\/li>\n<li><a href=\"https:\/\/shop.fizzyvape.com\/producto\/fizzy-max-iii-6in1-60k-60000-puffs-disposable-vape-blue-razz-ice-strawberry-kiwi-sour-pineapple-orange\/\">Blue Razz Hielo y Fresa Kiwi y Pi\u00f1a Agria Naranja<\/a><\/li>\n<li><a href=\"https:\/\/shop.fizzyvape.com\/producto\/fizzy-max-iii-6in1-60000-puffs-disposable-vape-strawberry-watermelon-lemon-lime-blueberry-coconut\/\">Fresa Sand\u00eda &amp; Lim\u00f3n Lima &amp; Ar\u00e1ndanos Coco<\/a><\/li>\n<\/ol>\n<h3><strong>Modos de vapeo para todas las preferencias<\/strong><\/h3>\n<p><strong>Modo Sabor \u00danico (MTL):<\/strong><br \/>\nAspiraciones suaves y apretadas boca a pulm\u00f3n, ideales para saborear toda la riqueza de cada sabor.<\/p>\n<p><strong>Modo Mezcla de Sabor Dual (DL):<\/strong><br \/>\nFlujo de aire mejorado para inhalaciones profundas y audaces a pulm\u00f3n directo y nubes mezcladas complejas.<\/p>\n<h3><strong>\u00bfPor qu\u00e9 elegir Fizzy Max III 6en1?<\/strong><\/h3>\n<ul>\n<li><strong>Un dispositivo, seis sabores:<\/strong> Gira para cambiar: sin c\u00e1psulas, sin l\u00edos<\/li>\n<li><strong>Bater\u00eda de larga duraci\u00f3n:<\/strong> Disfruta de rendimiento durante todo el d\u00eda<\/li>\n<li><strong>Combinaciones de sabores audaces y \u00fanicos:<\/strong> Lo mejor de la innovaci\u00f3n gustativa<\/li>\n<li><strong>Env\u00edo r\u00e1pido a la UE:<\/strong> Se env\u00eda r\u00e1pidamente desde nuestro <strong>almac\u00e9n europeo<\/strong>, sin problemas de aduanas<\/li>\n<\/ul>\n<h3><strong>FAQ &#8211; Fizzy Max III 6en1 60K Vape Desechable<\/strong><\/h3>\n<h4>1. <strong>\u00bfC\u00f3mo cambio de un sabor a otro en el Fizzy Max III 6en1?<\/strong><\/h4>\n<p>Para cambiar de sabor, s\u00f3lo tienes que <strong>levantar y girar la boquilla<\/strong>. El sistema de rotaci\u00f3n inteligente te permite alternar entre seis perfiles de sabor en este orden:<br \/>\n<strong>A \u2192 Mezcla AB \u2192 B \u2192 Mezcla BC \u2192 C \u2192 Mezcla CA<\/strong> &#8211; lo que te permite acceder sin esfuerzo a todas las combinaciones simples y mixtas.<\/p>\n<h4>2. <strong>\u00bfCu\u00e1ntas caladas proporciona el Fizzy Max III 6en1?<\/strong><\/h4>\n<p>Este dispositivo proporciona <strong>hasta 60.000 caladas<\/strong>, gracias a su <strong>capacidad de 60 ml de e-l\u00edquido<\/strong> y a su potente <strong>bater\u00eda recargable de 850 mAh<\/strong>, lo que lo convierte en uno de los vaporizadores desechables m\u00e1s duraderos del mercado.<\/p>\n<h4>3. <strong>\u00bfEl Fizzy Max III es apto para los estilos de vapeo MTL y DL?<\/strong><\/h4>\n<p>S\u00ed.<\/p>\n<ul>\n<li>Utiliza <strong>el Modo Sabor \u00danico<\/strong> para una extracci\u00f3n <strong>boca a pulm\u00f3n (MTL<\/strong> ), ideal para quienes prefieren una experiencia similar a la de un cigarrillo.<\/li>\n<li>Cambia al <strong>Modo de Mezcla de Sabor Dual<\/strong> para vapear <strong>con pulm\u00f3n directo (DL)<\/strong>, optimizado para obtener grandes nubes y un sabor intenso con un mayor flujo de aire.<\/li>\n<\/ul>\n<h4>4. <strong>\u00bfEs recargable el aparato y c\u00f3mo lo cargo?<\/strong><\/h4>\n<p>Absolutamente. El Fizzy Max III 6en1 viene con una <strong>bater\u00eda recargable de 850 mAh<\/strong> y admite <strong>carga Tipo-C<\/strong>, lo que garantiza una recarga r\u00e1pida y c\u00f3moda siempre que sea necesario. <\/p>\n","protected":false},"excerpt":{"rendered":"<p>Disfruta de un aut\u00e9ntico vapeo para todo el d\u00eda con el Fizzy Max III 6en1, un vapeador desechable recargable de 60000 caladas repleto de 6 sabores atrevidos y rendimiento de bobina de malla.<\/p>\n","protected":false},"featured_media":18721,"comment_status":"open","ping_status":"closed","template":"","meta":[],"product_brand":[],"product_cat":[155,154],"product_tag":[129,130,132,131],"class_list":{"0":"post-19685","1":"product","2":"type-product","3":"status-publish","4":"has-post-thumbnail","6":"product_cat-vapeador-desechable-fizzy-max-iii-60000-puffs","7":"product_cat-vaper-recargable-online","8":"product_tag-6-sabores-en-1","9":"product_tag-60k-puffs","10":"product_tag-vaper-recargable","11":"product_tag-vape-desechable-online","13":"first","14":"outofstock","15":"shipping-taxable","16":"purchasable","17":"product-type-variable"},"yoast_head":"<!-- This site is optimized with the Yoast SEO Premium plugin v24.8 (Yoast SEO v26.1.1) - https:\/\/yoast.com\/wordpress\/plugins\/seo\/ -->\n<title>60000 Puffs Vape Desechable - Fizzy Max III 6en1 con 6 Sabores<\/title>\n<meta name=\"description\" content=\"Experimenta 60000 caladas en un potente vapeador desechable. Fizzy Max III 6en1 ofrece 6 sabores, bobina de malla, carga Type-C y flujo de aire ajustable.\" \/>\n<meta name=\"robots\" content=\"index, follow, max-snippet:-1, max-image-preview:large, max-video-preview:-1\" \/>\n<link rel=\"canonical\" href=\"https:\/\/shop.fizzyvape.com\/es\/producto\/fizzy-max-iii-6en1-60k-60000-puffs-vape-desechable-fruta-del-dragon-fresa-red-bull-sandia-frambuesa\/\" \/>\n<meta property=\"og:locale\" content=\"es_ES\" \/>\n<meta property=\"og:type\" content=\"article\" \/>\n<meta property=\"og:title\" content=\"Fizzy Max III 6en1 60K 60000 Puffs Vape Desechable - Fruta del Drag\u00f3n Fresa &amp; Red Bull &amp; Sand\u00eda Frambuesa\" \/>\n<meta property=\"og:description\" content=\"Experimenta 60000 caladas en un potente vapeador desechable. Fizzy Max III 6en1 ofrece 6 sabores, bobina de malla, carga Type-C y flujo de aire ajustable.\" \/>\n<meta property=\"og:url\" content=\"https:\/\/shop.fizzyvape.com\/es\/producto\/fizzy-max-iii-6en1-60k-60000-puffs-vape-desechable-fruta-del-dragon-fresa-red-bull-sandia-frambuesa\/\" \/>\n<meta property=\"og:site_name\" content=\"shop.fizzyvape.com\" \/>\n<meta property=\"article:modified_time\" content=\"2025-12-01T01:23:50+00:00\" \/>\n<meta property=\"og:image\" content=\"https:\/\/shop.fizzyvape.com\/wp-content\/uploads\/2025\/05\/Fizzy-Max-III-6in1-60K-60000-Puffs-7-1.webp\" \/>\n<meta name=\"twitter:card\" content=\"summary_large_image\" \/>\n<meta name=\"twitter:label1\" content=\"Tiempo de lectura\" \/>\n\t<meta name=\"twitter:data1\" content=\"4 minutos\" \/>\n<script type=\"application\/ld+json\" class=\"yoast-schema-graph\">{\"@context\":\"https:\/\/schema.org\",\"@graph\":[{\"@type\":\"WebPage\",\"@id\":\"https:\/\/shop.fizzyvape.com\/es\/producto\/fizzy-max-iii-6en1-60k-60000-puffs-vape-desechable-fruta-del-dragon-fresa-red-bull-sandia-frambuesa\/\",\"url\":\"https:\/\/shop.fizzyvape.com\/es\/producto\/fizzy-max-iii-6en1-60k-60000-puffs-vape-desechable-fruta-del-dragon-fresa-red-bull-sandia-frambuesa\/\",\"name\":\"60000 Puffs Vape Desechable - Fizzy Max III 6en1 con 6 Sabores\",\"isPartOf\":{\"@id\":\"https:\/\/shop.fizzyvape.com\/es\/#website\"},\"primaryImageOfPage\":{\"@id\":\"https:\/\/shop.fizzyvape.com\/es\/producto\/fizzy-max-iii-6en1-60k-60000-puffs-vape-desechable-fruta-del-dragon-fresa-red-bull-sandia-frambuesa\/#primaryimage\"},\"image\":{\"@id\":\"https:\/\/shop.fizzyvape.com\/es\/producto\/fizzy-max-iii-6en1-60k-60000-puffs-vape-desechable-fruta-del-dragon-fresa-red-bull-sandia-frambuesa\/#primaryimage\"},\"thumbnailUrl\":\"https:\/\/shop.fizzyvape.com\/wp-content\/uploads\/2025\/05\/Fizzy-Max-III-6in1-60K-60000-Puffs-7.jpg\",\"datePublished\":\"2025-05-30T07:53:04+00:00\",\"dateModified\":\"2025-12-01T01:23:50+00:00\",\"description\":\"Experimenta 60000 caladas en un potente vapeador desechable. Fizzy Max III 6en1 ofrece 6 sabores, bobina de malla, carga Type-C y flujo de aire ajustable.\",\"breadcrumb\":{\"@id\":\"https:\/\/shop.fizzyvape.com\/es\/producto\/fizzy-max-iii-6en1-60k-60000-puffs-vape-desechable-fruta-del-dragon-fresa-red-bull-sandia-frambuesa\/#breadcrumb\"},\"inLanguage\":\"es\",\"potentialAction\":[{\"@type\":\"ReadAction\",\"target\":[\"https:\/\/shop.fizzyvape.com\/es\/producto\/fizzy-max-iii-6en1-60k-60000-puffs-vape-desechable-fruta-del-dragon-fresa-red-bull-sandia-frambuesa\/\"]}]},{\"@type\":\"ImageObject\",\"inLanguage\":\"es\",\"@id\":\"https:\/\/shop.fizzyvape.com\/es\/producto\/fizzy-max-iii-6en1-60k-60000-puffs-vape-desechable-fruta-del-dragon-fresa-red-bull-sandia-frambuesa\/#primaryimage\",\"url\":\"https:\/\/shop.fizzyvape.com\/wp-content\/uploads\/2025\/05\/Fizzy-Max-III-6in1-60K-60000-Puffs-7.jpg\",\"contentUrl\":\"https:\/\/shop.fizzyvape.com\/wp-content\/uploads\/2025\/05\/Fizzy-Max-III-6in1-60K-60000-Puffs-7.jpg\",\"width\":800,\"height\":800,\"caption\":\"Fizzy Max III 6en1 60K 60000 Puffs-7\"},{\"@type\":\"BreadcrumbList\",\"@id\":\"https:\/\/shop.fizzyvape.com\/es\/producto\/fizzy-max-iii-6en1-60k-60000-puffs-vape-desechable-fruta-del-dragon-fresa-red-bull-sandia-frambuesa\/#breadcrumb\",\"itemListElement\":[{\"@type\":\"ListItem\",\"position\":1,\"name\":\"\u9996\u9875\",\"item\":\"https:\/\/shop.fizzyvape.com\/es\/\"},{\"@type\":\"ListItem\",\"position\":2,\"name\":\"Shop\",\"item\":\"https:\/\/shop.fizzyvape.com\/shop\/\"},{\"@type\":\"ListItem\",\"position\":3,\"name\":\"Fizzy Max III 6en1 60K 60000 Puffs Vape Desechable &#8211; Fruta del Drag\u00f3n Fresa &amp; Red Bull &amp; Sand\u00eda Frambuesa\"}]},{\"@type\":\"WebSite\",\"@id\":\"https:\/\/shop.fizzyvape.com\/es\/#website\",\"url\":\"https:\/\/shop.fizzyvape.com\/es\/\",\"name\":\"shop.fizzyvape.com\",\"description\":\"The Best Disposable Vape In Europe | 10000 - 60000 Puffs  | Free Shipping\",\"potentialAction\":[{\"@type\":\"SearchAction\",\"target\":{\"@type\":\"EntryPoint\",\"urlTemplate\":\"https:\/\/shop.fizzyvape.com\/es\/?s={search_term_string}\"},\"query-input\":{\"@type\":\"PropertyValueSpecification\",\"valueRequired\":true,\"valueName\":\"search_term_string\"}}],\"inLanguage\":\"es\"}]}<\/script>\n<!-- \/ Yoast SEO Premium plugin. -->","yoast_head_json":{"title":"60000 Puffs Vape Desechable - Fizzy Max III 6en1 con 6 Sabores","description":"Experimenta 60000 caladas en un potente vapeador desechable. Fizzy Max III 6en1 ofrece 6 sabores, bobina de malla, carga Type-C y flujo de aire ajustable.","robots":{"index":"index","follow":"follow","max-snippet":"max-snippet:-1","max-image-preview":"max-image-preview:large","max-video-preview":"max-video-preview:-1"},"canonical":"https:\/\/shop.fizzyvape.com\/es\/producto\/fizzy-max-iii-6en1-60k-60000-puffs-vape-desechable-fruta-del-dragon-fresa-red-bull-sandia-frambuesa\/","og_locale":"es_ES","og_type":"article","og_title":"Fizzy Max III 6en1 60K 60000 Puffs Vape Desechable - Fruta del Drag\u00f3n Fresa &amp; Red Bull &amp; Sand\u00eda Frambuesa","og_description":"Experimenta 60000 caladas en un potente vapeador desechable. Fizzy Max III 6en1 ofrece 6 sabores, bobina de malla, carga Type-C y flujo de aire ajustable.","og_url":"https:\/\/shop.fizzyvape.com\/es\/producto\/fizzy-max-iii-6en1-60k-60000-puffs-vape-desechable-fruta-del-dragon-fresa-red-bull-sandia-frambuesa\/","og_site_name":"shop.fizzyvape.com","article_modified_time":"2025-12-01T01:23:50+00:00","og_image":[{"url":"https:\/\/shop.fizzyvape.com\/wp-content\/uploads\/2025\/05\/Fizzy-Max-III-6in1-60K-60000-Puffs-7-1.webp","type":"","width":"","height":""}],"twitter_card":"summary_large_image","twitter_misc":{"Tiempo de lectura":"4 minutos"},"schema":{"@context":"https:\/\/schema.org","@graph":[{"@type":"WebPage","@id":"https:\/\/shop.fizzyvape.com\/es\/producto\/fizzy-max-iii-6en1-60k-60000-puffs-vape-desechable-fruta-del-dragon-fresa-red-bull-sandia-frambuesa\/","url":"https:\/\/shop.fizzyvape.com\/es\/producto\/fizzy-max-iii-6en1-60k-60000-puffs-vape-desechable-fruta-del-dragon-fresa-red-bull-sandia-frambuesa\/","name":"60000 Puffs Vape Desechable - Fizzy Max III 6en1 con 6 Sabores","isPartOf":{"@id":"https:\/\/shop.fizzyvape.com\/es\/#website"},"primaryImageOfPage":{"@id":"https:\/\/shop.fizzyvape.com\/es\/producto\/fizzy-max-iii-6en1-60k-60000-puffs-vape-desechable-fruta-del-dragon-fresa-red-bull-sandia-frambuesa\/#primaryimage"},"image":{"@id":"https:\/\/shop.fizzyvape.com\/es\/producto\/fizzy-max-iii-6en1-60k-60000-puffs-vape-desechable-fruta-del-dragon-fresa-red-bull-sandia-frambuesa\/#primaryimage"},"thumbnailUrl":"https:\/\/shop.fizzyvape.com\/wp-content\/uploads\/2025\/05\/Fizzy-Max-III-6in1-60K-60000-Puffs-7.jpg","datePublished":"2025-05-30T07:53:04+00:00","dateModified":"2025-12-01T01:23:50+00:00","description":"Experimenta 60000 caladas en un potente vapeador desechable. Fizzy Max III 6en1 ofrece 6 sabores, bobina de malla, carga Type-C y flujo de aire ajustable.","breadcrumb":{"@id":"https:\/\/shop.fizzyvape.com\/es\/producto\/fizzy-max-iii-6en1-60k-60000-puffs-vape-desechable-fruta-del-dragon-fresa-red-bull-sandia-frambuesa\/#breadcrumb"},"inLanguage":"es","potentialAction":[{"@type":"ReadAction","target":["https:\/\/shop.fizzyvape.com\/es\/producto\/fizzy-max-iii-6en1-60k-60000-puffs-vape-desechable-fruta-del-dragon-fresa-red-bull-sandia-frambuesa\/"]}]},{"@type":"ImageObject","inLanguage":"es","@id":"https:\/\/shop.fizzyvape.com\/es\/producto\/fizzy-max-iii-6en1-60k-60000-puffs-vape-desechable-fruta-del-dragon-fresa-red-bull-sandia-frambuesa\/#primaryimage","url":"https:\/\/shop.fizzyvape.com\/wp-content\/uploads\/2025\/05\/Fizzy-Max-III-6in1-60K-60000-Puffs-7.jpg","contentUrl":"https:\/\/shop.fizzyvape.com\/wp-content\/uploads\/2025\/05\/Fizzy-Max-III-6in1-60K-60000-Puffs-7.jpg","width":800,"height":800,"caption":"Fizzy Max III 6en1 60K 60000 Puffs-7"},{"@type":"BreadcrumbList","@id":"https:\/\/shop.fizzyvape.com\/es\/producto\/fizzy-max-iii-6en1-60k-60000-puffs-vape-desechable-fruta-del-dragon-fresa-red-bull-sandia-frambuesa\/#breadcrumb","itemListElement":[{"@type":"ListItem","position":1,"name":"\u9996\u9875","item":"https:\/\/shop.fizzyvape.com\/es\/"},{"@type":"ListItem","position":2,"name":"Shop","item":"https:\/\/shop.fizzyvape.com\/shop\/"},{"@type":"ListItem","position":3,"name":"Fizzy Max III 6en1 60K 60000 Puffs Vape Desechable &#8211; Fruta del Drag\u00f3n Fresa &amp; Red Bull &amp; Sand\u00eda Frambuesa"}]},{"@type":"WebSite","@id":"https:\/\/shop.fizzyvape.com\/es\/#website","url":"https:\/\/shop.fizzyvape.com\/es\/","name":"shop.fizzyvape.com","description":"The Best Disposable Vape In Europe | 10000 - 60000 Puffs  | Free Shipping","potentialAction":[{"@type":"SearchAction","target":{"@type":"EntryPoint","urlTemplate":"https:\/\/shop.fizzyvape.com\/es\/?s={search_term_string}"},"query-input":{"@type":"PropertyValueSpecification","valueRequired":true,"valueName":"search_term_string"}}],"inLanguage":"es"}]}},"tiered_pricing_type":"fixed","tiered_pricing_fixed_rules":[],"tiered_pricing_product_settings":{"layout":"default","base_unit_name":{"singular":null,"plural":null},"default_variation":null},"tiered_pricing_minimum_quantity":null,"tiered_pricing_roles_data":[],"tiered_pricing_percentage_rules":[],"tiered_pricing_maximum_quantity":null,"tiered_pricing_quantity_step":null,"_links":{"self":[{"href":"https:\/\/shop.fizzyvape.com\/es\/wp-json\/wp\/v2\/product\/19685","targetHints":{"allow":["GET"]}}],"collection":[{"href":"https:\/\/shop.fizzyvape.com\/es\/wp-json\/wp\/v2\/product"}],"about":[{"href":"https:\/\/shop.fizzyvape.com\/es\/wp-json\/wp\/v2\/types\/product"}],"replies":[{"embeddable":true,"href":"https:\/\/shop.fizzyvape.com\/es\/wp-json\/wp\/v2\/comments?post=19685"}],"version-history":[{"count":0,"href":"https:\/\/shop.fizzyvape.com\/es\/wp-json\/wp\/v2\/product\/19685\/revisions"}],"wp:featuredmedia":[{"embeddable":true,"href":"https:\/\/shop.fizzyvape.com\/es\/wp-json\/wp\/v2\/media\/18721"}],"wp:attachment":[{"href":"https:\/\/shop.fizzyvape.com\/es\/wp-json\/wp\/v2\/media?parent=19685"}],"wp:term":[{"taxonomy":"product_brand","embeddable":true,"href":"https:\/\/shop.fizzyvape.com\/es\/wp-json\/wp\/v2\/product_brand?post=19685"},{"taxonomy":"product_cat","embeddable":true,"href":"https:\/\/shop.fizzyvape.com\/es\/wp-json\/wp\/v2\/product_cat?post=19685"},{"taxonomy":"product_tag","embeddable":true,"href":"https:\/\/shop.fizzyvape.com\/es\/wp-json\/wp\/v2\/product_tag?post=19685"}],"curies":[{"name":"wp","href":"https:\/\/api.w.org\/{rel}","templated":true}]}}