{"id":19703,"date":"2025-05-30T07:52:59","date_gmt":"2025-05-30T07:52:59","guid":{"rendered":"https:\/\/shop.fizzyvape.com\/product\/fizzy-max-iii-6en1-60k-60000-puffs-vape-desechable-blueberry-ice-fizzy-cherry-raspberry-lemon\/"},"modified":"2025-12-01T01:22:50","modified_gmt":"2025-12-01T01:22:50","slug":"fizzy-max-iii-6en1-60k-60000-puffs-vape-desechable-blueberry-ice-fizzy-cherry-raspberry-lemon","status":"publish","type":"product","link":"https:\/\/shop.fizzyvape.com\/es\/producto\/fizzy-max-iii-6en1-60k-60000-puffs-vape-desechable-blueberry-ice-fizzy-cherry-raspberry-lemon\/","title":{"rendered":"Fizzy Max III 6en1 60K 60000 Puffs Vape Desechable &#8211; Blueberry Ice &amp; Fizzy Cherry &amp; Raspberry Lemon"},"content":{"rendered":"<p><img decoding=\"async\" class=\"aligncenter\" src=\"\/wp-content\/uploads\/2025\/05\/Fizzy-Max-III-6in1-60K-60000-Puffs-5-1.webp\" alt=\"Fizzy Max III 60000 Puffs 6en1 Vape Desechable (5)\"><\/p>\n<h1>Fizzy Max III 6en1 60K 60000 Puffs Vape Desechable &#8211; Blueberry Ice &amp; Fizzy Cherry &amp; Raspberry Lemon<\/h1>\n<p><strong>6 Sabores en 1 Dispositivo Revolucionario<\/strong><br \/>\nExperimenta una variedad y un rendimiento insuperables con el <strong>Vapeador Desechable Fizzy Max III 6en1 60K Puffs<\/strong>, un vapeador desechable de \u00faltima generaci\u00f3n que incluye <strong>tres c\u00e1psulas premium de 20 ml<\/strong> en un solo dispositivo: <strong>Blueberry Ice<\/strong>, <strong>Fizzy Cherry<\/strong> y <strong>Raspberry Lemon<\/strong>. Gracias a su sistema de rotaci\u00f3n inteligente, puedes disfrutar de <strong>seis perfiles de sabor \u00fanicos<\/strong>, sin rellenar ni cambiar de c\u00e1psula. <\/p>\n<h2>Modos de sabor:<\/h2>\n<ul>\n<li><strong>Hielo de ar\u00e1ndanos (A)<\/strong> &#8211; Un chorro crujiente y helado de ar\u00e1ndanos dulces<\/li>\n<li><strong>Cereza efervescente (B)<\/strong> &#8211; Refresco de cereza espumoso con un toque efervescente<\/li>\n<li><strong>Frambuesa Lim\u00f3n (C)<\/strong> &#8211; Una sabrosa mezcla de frambuesa \u00e1cida y lim\u00f3n picante<\/li>\n<li><strong>Mix AB<\/strong> &#8211; Refrescante efervescencia de ar\u00e1ndanos y cerezas con un toque helado<\/li>\n<li><strong>Mix BC<\/strong> &#8211; Una explosi\u00f3n efervescente de c\u00edtricos y cerezas<\/li>\n<li><strong>Mix CA<\/strong> &#8211; Limonada helada de bayas con un toque \u00e1cido<\/li>\n<\/ul>\n<p>Cambiar de sabor es f\u00e1cil: s\u00f3lo tienes que <strong>levantar y girar la boquilla<\/strong> para pasar de un sabor a otro:<br \/>\n<strong>A \u2192 Mezcla AB \u2192 B \u2192 Mezcla BC \u2192 C \u2192 Mezcla CA<\/strong><\/p>\n<p>Explora sin esfuerzo los seis perfiles de sabor con un dise\u00f1o giratorio inteligente que hace que el cambio de sabores sea suave y fluido. Mira c\u00f3mo funciona en nuestro <a href=\"https:\/\/www.youtube.com\/watch?v=CoxB_HvaU3k\">v\u00eddeo de demostraci\u00f3n<\/a>. <\/p>\n<h2>Productos destacados<\/h2>\n<ul>\n<li><strong>Bocanadas:<\/strong> Hasta <strong>60.000 caladas<\/strong><\/li>\n<li><strong>Sistema de Sabores 6 en 1<\/strong> &#8211; 3 individuales + 3 mezclas<\/li>\n<li><strong>E-l\u00edquido:<\/strong> 60 ml en total (3 c\u00e1psulas de 20 ml)<\/li>\n<li><strong>Nicotina:<\/strong> 2% \/ 5%<\/li>\n<li><strong>Bater\u00eda:<\/strong> 850mAh Recargable mediante <strong>Tipo-C<\/strong><\/li>\n<li><strong>Bobina:<\/strong> Bobina de malla para un sabor intenso y un vapor suave<\/li>\n<li><strong>Pantalla LED:<\/strong> Indicador de bater\u00eda y modo<\/li>\n<li><strong>Caducidad:<\/strong> 2 a\u00f1os<\/li>\n<\/ul>\n<h3><strong>Lista de Sabores de Vape Desechable Fizzy Max III 6en1 60000 Puffs:<\/strong><\/h3>\n<ol>\n<li><a href=\"https:\/\/shop.fizzyvape.com\/es\/producto\/fizzy-max-iii-6en1-60k-60000-puffs-vape-desechable-fresa-frambuesa-y-mango-melocoton-y-arandanos-sandia\/\">Fresa Frambuesa y Mango Melocot\u00f3n y Ar\u00e1ndanos Sand\u00eda<\/a><\/li>\n<li><a href=\"https:\/\/shop.fizzyvape.com\/es\/producto\/fizzy-max-iii-6en1-60k-60000-puffs-vape-desechable-mezcla-de-bayas-y-kiwi-fruta-de-la-pasion-guayaba-y-fresa-sandia\/\">Mezcla de bayas y kiwi Fruta de la pasi\u00f3n Guayaba y fresa Sand\u00eda<\/a><\/li>\n<li><a href=\"https:\/\/shop.fizzyvape.com\/es\/producto\/vapeador-desechable-fizzy-max-iii-6en1-60k-60000-puffs-arandano-frambuesa-triple-melon-fresa-helada\/\">Ar\u00e1ndano Frambuesa y Triple Helado de Mel\u00f3n y Fresa<\/a><\/li>\n<li><a href=\"https:\/\/shop.fizzyvape.com\/es\/producto\/fizzy-max-iii-6en1-60k-60000-puffs-vape-desechable-fruta-del-dragon-fresa-red-bull-sandia-frambuesa\/\">Fruta del Drag\u00f3n Fresa &amp; Red Bull &amp; Sand\u00eda Frambuesa<\/a><\/li>\n<li><a href=\"https:\/\/shop.fizzyvape.com\/producto\/fizzy-max-iii-6in1-60k-60000-puffs-disposable-vape-strawberry-kiwi-blueberry-ice-watermelon-ice\/\">Hielo de fresa, kiwi, ar\u00e1ndanos y sand\u00eda<\/a><\/li>\n<li><a href=\"https:\/\/shop.fizzyvape.com\/es\/producto\/fizzy-max-iii-6en1-60k-60000-puffs-vape-desechable-blueberry-ice-fizzy-cherry-raspberry-lemon\/\">Hielo de Ar\u00e1ndano y Cereza efervescente y Frambuesa Lim\u00f3n<\/a><\/li>\n<li><a href=\"https:\/\/shop.fizzyvape.com\/producto\/fizzy-max-iii-6in1-60k-60000-puffs-disposable-vape-watermelon-ice-strawberry-vanilla-coke-mixed-berry\/\">Sand\u00eda Helada y Fresa Vainilla Coca-Cola y Mixta<\/a><\/li>\n<li><a href=\"https:\/\/shop.fizzyvape.com\/producto\/fizzy-max-iii-6in1-60k-60000-puffs-disposable-vape-strawberry-grape-blueberry-coconut-peach-lemon\/\">Fresa Uva y Ar\u00e1ndano Coco y Melocot\u00f3n Lim\u00f3n<\/a><\/li>\n<li><a href=\"https:\/\/shop.fizzyvape.com\/producto\/fizzy-max-iii-6in1-60k-60000-puffs-disposable-vape-blue-razz-ice-strawberry-kiwi-sour-pineapple-orange\/\">Blue Razz Hielo y Fresa Kiwi y Pi\u00f1a Agria Naranja<\/a><\/li>\n<li><a href=\"https:\/\/shop.fizzyvape.com\/producto\/fizzy-max-iii-6in1-60000-puffs-disposable-vape-strawberry-watermelon-lemon-lime-blueberry-coconut\/\">Fresa Sand\u00eda &amp; Lim\u00f3n Lima &amp; Ar\u00e1ndanos Coco<\/a><\/li>\n<\/ol>\n<h3><strong>Para todos los estilos de vapeo<\/strong><\/h3>\n<p><strong>MTL &#8211; Modo Sabor \u00danico:<\/strong><br \/>\nPerfecto para suaves caladas boca-pulm\u00f3n y claridad de sabor, similar a la inhalaci\u00f3n de un cigarrillo tradicional.<\/p>\n<p><strong>DL &#8211; Modo de Mezcla de Sabor Dual:<\/strong><br \/>\nDise\u00f1ado para golpes audaces de pulm\u00f3n directo con mayor flujo de aire y nubes de sabor complejo, ideal para los cazadores de nubes.<\/p>\n<h2>\u00bfPor qu\u00e9 elegir Fizzy Max III 6en1?<\/h2>\n<ul>\n<li><strong>Cambio de sabor simplificado:<\/strong> Gira para cambiar de sabor en segundos<\/li>\n<li><strong>Potencia de larga duraci\u00f3n:<\/strong> Hasta 60.000 caladas con una sola carga<\/li>\n<li><strong>6 Sabores, 1 Dispositivo:<\/strong> La m\u00e1xima variedad en un formato compacto<\/li>\n<li><strong>Env\u00edo r\u00e1pido a la UE:<\/strong> Env\u00edo r\u00e1pido desde nuestro <strong>almac\u00e9n europeo<\/strong>, sin retrasos aduaneros<\/li>\n<\/ul>\n<h3><strong>FAQ &#8211; Fizzy Max III 6en1 60K Vape Desechable<\/strong><\/h3>\n<ul>\n<li><strong>\u00bfCu\u00e1ntos sabores incluye este vape?<\/strong><br \/>\nObtendr\u00e1s seis experiencias de sabor en un solo dispositivo: tres sabores \u00fanicos y tres mezclas de doble sabor, a los que se accede f\u00e1cilmente girando la boquilla.<\/li>\n<li><strong>\u00bfEs recargable el vaporizador Fizzy Max III?<\/strong><br \/>\nS\u00ed, viene con una bater\u00eda recargable de 850 mAh y admite carga r\u00e1pida Tipo-C para un uso continuo.<\/li>\n<li><strong>\u00bfC\u00f3mo cambio de sabor en el Fizzy Max III?<\/strong><br \/>\nS\u00f3lo tienes que levantar y girar la boquilla para recorrer los sabores en este orden: A \u2192 Mezcla AB \u2192 B \u2192 Mezcla BC \u2192 C \u2192 Mezcla CA.<\/li>\n<li><strong>\u00bfEste aparato es adecuado para principiantes?<\/strong><br \/>\nS\u00ed. El Vapeador Desechable Fizzy Max III 60K Puffs es f\u00e1cil de usar, sin necesidad de rellenarlo, sin cambiar de c\u00e1psula y con un funcionamiento intuitivo, ideal tanto para usuarios nuevos como experimentados. <\/li>\n<\/ul>\n","protected":false},"excerpt":{"rendered":"<p>Fizzy Max III proporciona 60.000 caladas con 6 opciones de sabor en un elegante vapeador desechable. Recargable, potente y perfecto para los amantes de los sabores. <\/p>\n","protected":false},"featured_media":18713,"comment_status":"open","ping_status":"closed","template":"","meta":[],"product_brand":[],"product_cat":[155,154],"product_tag":[129,130,132,131],"class_list":{"0":"post-19703","1":"product","2":"type-product","3":"status-publish","4":"has-post-thumbnail","6":"product_cat-vapeador-desechable-fizzy-max-iii-60000-puffs","7":"product_cat-vaper-recargable-online","8":"product_tag-6-sabores-en-1","9":"product_tag-60k-puffs","10":"product_tag-vaper-recargable","11":"product_tag-vape-desechable-online","13":"first","14":"outofstock","15":"shipping-taxable","16":"purchasable","17":"product-type-variable"},"yoast_head":"<!-- This site is optimized with the Yoast SEO Premium plugin v24.8 (Yoast SEO v27.4) - https:\/\/yoast.com\/product\/yoast-seo-premium-wordpress\/ -->\n<title>Fizzy Max III 6en1 - 60K Puffs Vape Desechable con 6 Sabores<\/title>\n<meta name=\"description\" content=\"Consigue hasta 60.000 caladas con el Vaporizador Desechable 6en1 Fizzy Max III. Disfruta de 6 sabores rotativos en un vape recargable de gran capacidad. Env\u00edo r\u00e1pido desde la UE.\" \/>\n<meta name=\"robots\" content=\"index, follow, max-snippet:-1, max-image-preview:large, max-video-preview:-1\" \/>\n<link rel=\"canonical\" href=\"https:\/\/shop.fizzyvape.com\/es\/producto\/fizzy-max-iii-6en1-60k-60000-puffs-vape-desechable-blueberry-ice-fizzy-cherry-raspberry-lemon\/\" \/>\n<meta property=\"og:locale\" content=\"es_ES\" \/>\n<meta property=\"og:type\" content=\"article\" \/>\n<meta property=\"og:title\" content=\"Fizzy Max III 6en1 60K 60000 Puffs Vape Desechable - Blueberry Ice &amp; Fizzy Cherry &amp; Raspberry Lemon\" \/>\n<meta property=\"og:description\" content=\"Consigue hasta 60.000 caladas con el Vaporizador Desechable 6en1 Fizzy Max III. Disfruta de 6 sabores rotativos en un vape recargable de gran capacidad. Env\u00edo r\u00e1pido desde la UE.\" \/>\n<meta property=\"og:url\" content=\"https:\/\/shop.fizzyvape.com\/es\/producto\/fizzy-max-iii-6en1-60k-60000-puffs-vape-desechable-blueberry-ice-fizzy-cherry-raspberry-lemon\/\" \/>\n<meta property=\"og:site_name\" content=\"shop.fizzyvape.com\" \/>\n<meta property=\"article:modified_time\" content=\"2025-12-01T01:22:50+00:00\" \/>\n<meta name=\"twitter:card\" content=\"summary_large_image\" \/>\n<meta name=\"twitter:label1\" content=\"Tiempo de lectura\" \/>\n\t<meta name=\"twitter:data1\" content=\"3 minutos\" \/>\n<script type=\"application\/ld+json\" class=\"yoast-schema-graph\">{\"@context\":\"https:\\\/\\\/schema.org\",\"@graph\":[{\"@type\":\"WebPage\",\"@id\":\"https:\\\/\\\/shop.fizzyvape.com\\\/es\\\/producto\\\/fizzy-max-iii-6en1-60k-60000-puffs-vape-desechable-blueberry-ice-fizzy-cherry-raspberry-lemon\\\/\",\"url\":\"https:\\\/\\\/shop.fizzyvape.com\\\/es\\\/producto\\\/fizzy-max-iii-6en1-60k-60000-puffs-vape-desechable-blueberry-ice-fizzy-cherry-raspberry-lemon\\\/\",\"name\":\"Fizzy Max III 6en1 - 60K Puffs Vape Desechable con 6 Sabores\",\"isPartOf\":{\"@id\":\"https:\\\/\\\/shop.fizzyvape.com\\\/es\\\/#website\"},\"primaryImageOfPage\":{\"@id\":\"https:\\\/\\\/shop.fizzyvape.com\\\/es\\\/producto\\\/fizzy-max-iii-6en1-60k-60000-puffs-vape-desechable-blueberry-ice-fizzy-cherry-raspberry-lemon\\\/#primaryimage\"},\"image\":{\"@id\":\"https:\\\/\\\/shop.fizzyvape.com\\\/es\\\/producto\\\/fizzy-max-iii-6en1-60k-60000-puffs-vape-desechable-blueberry-ice-fizzy-cherry-raspberry-lemon\\\/#primaryimage\"},\"thumbnailUrl\":\"https:\\\/\\\/shop.fizzyvape.com\\\/wp-content\\\/uploads\\\/2025\\\/05\\\/Fizzy-Max-III-6in1-60K-60000-Puffs-5.jpg\",\"datePublished\":\"2025-05-30T07:52:59+00:00\",\"dateModified\":\"2025-12-01T01:22:50+00:00\",\"description\":\"Consigue hasta 60.000 caladas con el Vaporizador Desechable 6en1 Fizzy Max III. Disfruta de 6 sabores rotativos en un vape recargable de gran capacidad. Env\u00edo r\u00e1pido desde la UE.\",\"breadcrumb\":{\"@id\":\"https:\\\/\\\/shop.fizzyvape.com\\\/es\\\/producto\\\/fizzy-max-iii-6en1-60k-60000-puffs-vape-desechable-blueberry-ice-fizzy-cherry-raspberry-lemon\\\/#breadcrumb\"},\"inLanguage\":\"es\",\"potentialAction\":[{\"@type\":\"ReadAction\",\"target\":[\"https:\\\/\\\/shop.fizzyvape.com\\\/es\\\/producto\\\/fizzy-max-iii-6en1-60k-60000-puffs-vape-desechable-blueberry-ice-fizzy-cherry-raspberry-lemon\\\/\"]}]},{\"@type\":\"ImageObject\",\"inLanguage\":\"es\",\"@id\":\"https:\\\/\\\/shop.fizzyvape.com\\\/es\\\/producto\\\/fizzy-max-iii-6en1-60k-60000-puffs-vape-desechable-blueberry-ice-fizzy-cherry-raspberry-lemon\\\/#primaryimage\",\"url\":\"https:\\\/\\\/shop.fizzyvape.com\\\/wp-content\\\/uploads\\\/2025\\\/05\\\/Fizzy-Max-III-6in1-60K-60000-Puffs-5.jpg\",\"contentUrl\":\"https:\\\/\\\/shop.fizzyvape.com\\\/wp-content\\\/uploads\\\/2025\\\/05\\\/Fizzy-Max-III-6in1-60K-60000-Puffs-5.jpg\",\"width\":800,\"height\":800,\"caption\":\"Fizzy Max III 6en1 60K 60000 Puffs-5\"},{\"@type\":\"BreadcrumbList\",\"@id\":\"https:\\\/\\\/shop.fizzyvape.com\\\/es\\\/producto\\\/fizzy-max-iii-6en1-60k-60000-puffs-vape-desechable-blueberry-ice-fizzy-cherry-raspberry-lemon\\\/#breadcrumb\",\"itemListElement\":[{\"@type\":\"ListItem\",\"position\":1,\"name\":\"\u9996\u9875\",\"item\":\"https:\\\/\\\/shop.fizzyvape.com\\\/es\\\/\"},{\"@type\":\"ListItem\",\"position\":2,\"name\":\"Shop\",\"item\":\"https:\\\/\\\/shop.fizzyvape.com\\\/shop\\\/\"},{\"@type\":\"ListItem\",\"position\":3,\"name\":\"Fizzy Max III 6en1 60K 60000 Puffs Vape Desechable &#8211; Blueberry Ice &amp; Fizzy Cherry &amp; Raspberry Lemon\"}]},{\"@type\":\"WebSite\",\"@id\":\"https:\\\/\\\/shop.fizzyvape.com\\\/es\\\/#website\",\"url\":\"https:\\\/\\\/shop.fizzyvape.com\\\/es\\\/\",\"name\":\"shop.fizzyvape.com\",\"description\":\"The Best Disposable Vape In Europe | 10000 - 60000 Puffs  | Free Shipping\",\"potentialAction\":[{\"@type\":\"SearchAction\",\"target\":{\"@type\":\"EntryPoint\",\"urlTemplate\":\"https:\\\/\\\/shop.fizzyvape.com\\\/es\\\/?s={search_term_string}\"},\"query-input\":{\"@type\":\"PropertyValueSpecification\",\"valueRequired\":true,\"valueName\":\"search_term_string\"}}],\"inLanguage\":\"es\"}]}<\/script>\n<!-- \/ Yoast SEO Premium plugin. -->","yoast_head_json":{"title":"Fizzy Max III 6en1 - 60K Puffs Vape Desechable con 6 Sabores","description":"Consigue hasta 60.000 caladas con el Vaporizador Desechable 6en1 Fizzy Max III. Disfruta de 6 sabores rotativos en un vape recargable de gran capacidad. Env\u00edo r\u00e1pido desde la UE.","robots":{"index":"index","follow":"follow","max-snippet":"max-snippet:-1","max-image-preview":"max-image-preview:large","max-video-preview":"max-video-preview:-1"},"canonical":"https:\/\/shop.fizzyvape.com\/es\/producto\/fizzy-max-iii-6en1-60k-60000-puffs-vape-desechable-blueberry-ice-fizzy-cherry-raspberry-lemon\/","og_locale":"es_ES","og_type":"article","og_title":"Fizzy Max III 6en1 60K 60000 Puffs Vape Desechable - Blueberry Ice &amp; Fizzy Cherry &amp; Raspberry Lemon","og_description":"Consigue hasta 60.000 caladas con el Vaporizador Desechable 6en1 Fizzy Max III. Disfruta de 6 sabores rotativos en un vape recargable de gran capacidad. Env\u00edo r\u00e1pido desde la UE.","og_url":"https:\/\/shop.fizzyvape.com\/es\/producto\/fizzy-max-iii-6en1-60k-60000-puffs-vape-desechable-blueberry-ice-fizzy-cherry-raspberry-lemon\/","og_site_name":"shop.fizzyvape.com","article_modified_time":"2025-12-01T01:22:50+00:00","twitter_card":"summary_large_image","twitter_misc":{"Tiempo de lectura":"3 minutos"},"schema":{"@context":"https:\/\/schema.org","@graph":[{"@type":"WebPage","@id":"https:\/\/shop.fizzyvape.com\/es\/producto\/fizzy-max-iii-6en1-60k-60000-puffs-vape-desechable-blueberry-ice-fizzy-cherry-raspberry-lemon\/","url":"https:\/\/shop.fizzyvape.com\/es\/producto\/fizzy-max-iii-6en1-60k-60000-puffs-vape-desechable-blueberry-ice-fizzy-cherry-raspberry-lemon\/","name":"Fizzy Max III 6en1 - 60K Puffs Vape Desechable con 6 Sabores","isPartOf":{"@id":"https:\/\/shop.fizzyvape.com\/es\/#website"},"primaryImageOfPage":{"@id":"https:\/\/shop.fizzyvape.com\/es\/producto\/fizzy-max-iii-6en1-60k-60000-puffs-vape-desechable-blueberry-ice-fizzy-cherry-raspberry-lemon\/#primaryimage"},"image":{"@id":"https:\/\/shop.fizzyvape.com\/es\/producto\/fizzy-max-iii-6en1-60k-60000-puffs-vape-desechable-blueberry-ice-fizzy-cherry-raspberry-lemon\/#primaryimage"},"thumbnailUrl":"https:\/\/shop.fizzyvape.com\/wp-content\/uploads\/2025\/05\/Fizzy-Max-III-6in1-60K-60000-Puffs-5.jpg","datePublished":"2025-05-30T07:52:59+00:00","dateModified":"2025-12-01T01:22:50+00:00","description":"Consigue hasta 60.000 caladas con el Vaporizador Desechable 6en1 Fizzy Max III. Disfruta de 6 sabores rotativos en un vape recargable de gran capacidad. Env\u00edo r\u00e1pido desde la UE.","breadcrumb":{"@id":"https:\/\/shop.fizzyvape.com\/es\/producto\/fizzy-max-iii-6en1-60k-60000-puffs-vape-desechable-blueberry-ice-fizzy-cherry-raspberry-lemon\/#breadcrumb"},"inLanguage":"es","potentialAction":[{"@type":"ReadAction","target":["https:\/\/shop.fizzyvape.com\/es\/producto\/fizzy-max-iii-6en1-60k-60000-puffs-vape-desechable-blueberry-ice-fizzy-cherry-raspberry-lemon\/"]}]},{"@type":"ImageObject","inLanguage":"es","@id":"https:\/\/shop.fizzyvape.com\/es\/producto\/fizzy-max-iii-6en1-60k-60000-puffs-vape-desechable-blueberry-ice-fizzy-cherry-raspberry-lemon\/#primaryimage","url":"https:\/\/shop.fizzyvape.com\/wp-content\/uploads\/2025\/05\/Fizzy-Max-III-6in1-60K-60000-Puffs-5.jpg","contentUrl":"https:\/\/shop.fizzyvape.com\/wp-content\/uploads\/2025\/05\/Fizzy-Max-III-6in1-60K-60000-Puffs-5.jpg","width":800,"height":800,"caption":"Fizzy Max III 6en1 60K 60000 Puffs-5"},{"@type":"BreadcrumbList","@id":"https:\/\/shop.fizzyvape.com\/es\/producto\/fizzy-max-iii-6en1-60k-60000-puffs-vape-desechable-blueberry-ice-fizzy-cherry-raspberry-lemon\/#breadcrumb","itemListElement":[{"@type":"ListItem","position":1,"name":"\u9996\u9875","item":"https:\/\/shop.fizzyvape.com\/es\/"},{"@type":"ListItem","position":2,"name":"Shop","item":"https:\/\/shop.fizzyvape.com\/shop\/"},{"@type":"ListItem","position":3,"name":"Fizzy Max III 6en1 60K 60000 Puffs Vape Desechable &#8211; Blueberry Ice &amp; Fizzy Cherry &amp; Raspberry Lemon"}]},{"@type":"WebSite","@id":"https:\/\/shop.fizzyvape.com\/es\/#website","url":"https:\/\/shop.fizzyvape.com\/es\/","name":"shop.fizzyvape.com","description":"The Best Disposable Vape In Europe | 10000 - 60000 Puffs  | Free Shipping","potentialAction":[{"@type":"SearchAction","target":{"@type":"EntryPoint","urlTemplate":"https:\/\/shop.fizzyvape.com\/es\/?s={search_term_string}"},"query-input":{"@type":"PropertyValueSpecification","valueRequired":true,"valueName":"search_term_string"}}],"inLanguage":"es"}]}},"tiered_pricing_type":"fixed","tiered_pricing_fixed_rules":[],"tiered_pricing_product_settings":{"layout":"default","base_unit_name":{"singular":null,"plural":null},"default_variation":null},"tiered_pricing_minimum_quantity":null,"tiered_pricing_roles_data":[],"tiered_pricing_percentage_rules":[],"tiered_pricing_maximum_quantity":null,"tiered_pricing_quantity_step":null,"_links":{"self":[{"href":"https:\/\/shop.fizzyvape.com\/es\/wp-json\/wp\/v2\/product\/19703","targetHints":{"allow":["GET"]}}],"collection":[{"href":"https:\/\/shop.fizzyvape.com\/es\/wp-json\/wp\/v2\/product"}],"about":[{"href":"https:\/\/shop.fizzyvape.com\/es\/wp-json\/wp\/v2\/types\/product"}],"replies":[{"embeddable":true,"href":"https:\/\/shop.fizzyvape.com\/es\/wp-json\/wp\/v2\/comments?post=19703"}],"version-history":[{"count":0,"href":"https:\/\/shop.fizzyvape.com\/es\/wp-json\/wp\/v2\/product\/19703\/revisions"}],"wp:featuredmedia":[{"embeddable":true,"href":"https:\/\/shop.fizzyvape.com\/es\/wp-json\/wp\/v2\/media\/18713"}],"wp:attachment":[{"href":"https:\/\/shop.fizzyvape.com\/es\/wp-json\/wp\/v2\/media?parent=19703"}],"wp:term":[{"taxonomy":"product_brand","embeddable":true,"href":"https:\/\/shop.fizzyvape.com\/es\/wp-json\/wp\/v2\/product_brand?post=19703"},{"taxonomy":"product_cat","embeddable":true,"href":"https:\/\/shop.fizzyvape.com\/es\/wp-json\/wp\/v2\/product_cat?post=19703"},{"taxonomy":"product_tag","embeddable":true,"href":"https:\/\/shop.fizzyvape.com\/es\/wp-json\/wp\/v2\/product_tag?post=19703"}],"curies":[{"name":"wp","href":"https:\/\/api.w.org\/{rel}","templated":true}]}}