{"id":19706,"date":"2025-05-30T07:52:57","date_gmt":"2025-05-30T07:52:57","guid":{"rendered":"https:\/\/shop.fizzyvape.com\/product\/fizzy-max-iii-6en1-60k-60000-puffs-vape-desechable-sandia-helada-y-fresa-vainilla-coca-cola-y-mezcla-de-bayas\/"},"modified":"2025-12-01T01:24:24","modified_gmt":"2025-12-01T01:24:24","slug":"fizzy-max-iii-6en1-60k-60000-puffs-vape-desechable-sandia-helada-y-fresa-vainilla-coca-cola-y-mezcla-de-bayas","status":"publish","type":"product","link":"https:\/\/shop.fizzyvape.com\/es\/producto\/fizzy-max-iii-6en1-60k-60000-puffs-vape-desechable-sandia-helada-y-fresa-vainilla-coca-cola-y-mezcla-de-bayas\/","title":{"rendered":"Fizzy Max III 6en1 60K 60000 Puffs Vape Desechable &#8211; Sand\u00eda Helada y Fresa Vainilla Coca-Cola y Mezcla de Bayas"},"content":{"rendered":"<p><img decoding=\"async\" class=\"aligncenter\" src=\"https:\/\/shop.fizzyvape.com\/wp-content\/uploads\/2025\/05\/Fizzy-Max-III-6in1-60K-60000-Puffs-4-1.webp\" alt=\"Fizzy Max III 60000 Puffs 6en1 Vape Desechable (4)\"><\/p>\n<h1>Fizzy Max III 6en1 60K 60000 Puffs Vape Desechable &#8211; Sand\u00eda Helada y Fresa Vainilla Coca-Cola y Mezcla de Bayas<\/h1>\n<p><strong>6 Sabores en 1 Dispositivo Revolucionario<\/strong><br \/>\nExplora un nuevo nivel de satisfacci\u00f3n al vapear con el <strong>Fizzy Max III 6en1<\/strong>, un vapeador desechable avanzado que incluye <strong>tres c\u00e1psulas precargadas de 20 ml<\/strong>: <strong>Hielo de Sand\u00eda<\/strong>, <strong>Coca-Cola de Fresa y Vainilla<\/strong> y <strong>Mezcla de Bayas<\/strong>. Gracias a su exclusivo mecanismo de mezcla de sabores, este \u00fanico dispositivo desbloquea <strong>seis experiencias de sabor<\/strong>, ofreciendo variedad, potencia y comodidad, todo en uno. <\/p>\n<h2>Modos de sabor:<\/h2>\n<ul>\n<li><strong>Sand\u00eda helada (A)<\/strong> &#8211; Un golpe refrescante de jugosa sand\u00eda con un final refrescante<\/li>\n<li><strong>Coca-Cola de Fresa y Vainilla (B)<\/strong> &#8211; Un refresco efervescente con dulce fresa y suave vainilla<\/li>\n<li><strong>Mezcla de bayas (C)<\/strong> &#8211; Una mezcla de bayas maduras y \u00e1cidas llenas de sabor<\/li>\n<li><strong>Mix AB<\/strong> &#8211; Refrescante cola de sand\u00eda con burbujas afrutadas<\/li>\n<li><strong>Mix BC<\/strong> &#8211; Cola espumosa de bayas con matices cremosos<\/li>\n<li><strong>Mix CA<\/strong> &#8211; Una refrescante mezcla de sand\u00eda helada y bayas silvestres<\/li>\n<\/ul>\n<p>Con una simple <strong>elevaci\u00f3n y rotaci\u00f3n de la boquilla<\/strong>, puedes cambiar entre los modos de sabor en esta secuencia:<br \/>\n<strong>A \u2192 Mezcla AB \u2192 B \u2192 Mezcla BC \u2192 C \u2192 Mezcla CA<\/strong><\/p>\n<p>Explora sin esfuerzo los seis perfiles de sabor con un dise\u00f1o giratorio inteligente que hace que el cambio de sabores sea suave y fluido. Mira c\u00f3mo funciona en nuestro <a href=\"https:\/\/www.youtube.com\/watch?v=CoxB_HvaU3k\">v\u00eddeo de demostraci\u00f3n<\/a>. <\/p>\n<h2>Productos destacados<\/h2>\n<ul>\n<li><strong>Bocanadas:<\/strong> Hasta <strong>60.000 caladas<\/strong><\/li>\n<li><strong>Sistema de sabores 6 en 1<\/strong> (3 combinaciones simples + 3 mixtas)<\/li>\n<li><strong>Capacidad del e-l\u00edquido:<\/strong> 60 ml (3 c\u00e1psulas de 20 ml)<\/li>\n<li><strong>Fuerza de la nicotina:<\/strong> 2% \/ 5%<\/li>\n<li><strong>Bater\u00eda:<\/strong> 850 mAh recargable (Tipo-C)<\/li>\n<li><strong>Bobina:<\/strong> Bobina de malla avanzada para un vapor m\u00e1s suave y rico<\/li>\n<li><strong>Pantalla LED:<\/strong> Muestra el nivel de bater\u00eda y el modo de vapeo<\/li>\n<li><strong>Caducidad:<\/strong> 2 a\u00f1os<\/li>\n<\/ul>\n<h3><strong>Lista de Sabores de Vape Desechable Fizzy Max III 6en1 60000 Puffs:<\/strong><\/h3>\n<ol>\n<li><a href=\"https:\/\/shop.fizzyvape.com\/es\/producto\/fizzy-max-iii-6en1-60k-60000-puffs-vape-desechable-fresa-frambuesa-y-mango-melocoton-y-arandanos-sandia\/\">Fresa Frambuesa y Mango Melocot\u00f3n y Ar\u00e1ndanos Sand\u00eda<\/a><\/li>\n<li><a href=\"https:\/\/shop.fizzyvape.com\/es\/producto\/fizzy-max-iii-6en1-60k-60000-puffs-vape-desechable-mezcla-de-bayas-y-kiwi-fruta-de-la-pasion-guayaba-y-fresa-sandia\/\">Mezcla de bayas y kiwi Fruta de la pasi\u00f3n Guayaba y fresa Sand\u00eda<\/a><\/li>\n<li><a href=\"https:\/\/shop.fizzyvape.com\/es\/producto\/vapeador-desechable-fizzy-max-iii-6en1-60k-60000-puffs-arandano-frambuesa-triple-melon-fresa-helada\/\">Ar\u00e1ndano Frambuesa y Triple Helado de Mel\u00f3n y Fresa<\/a><\/li>\n<li><a href=\"https:\/\/shop.fizzyvape.com\/es\/producto\/fizzy-max-iii-6en1-60k-60000-puffs-vape-desechable-fruta-del-dragon-fresa-red-bull-sandia-frambuesa\/\">Fruta del Drag\u00f3n Fresa &amp; Red Bull &amp; Sand\u00eda Frambuesa<\/a><\/li>\n<li><a href=\"https:\/\/shop.fizzyvape.com\/es\/producto\/fizzy-max-iii-6en1-60k-60000-puffs-vape-desechable-fresa-kiwi-arandano-hielo-sandia-hielo\/\">Hielo de fresa, kiwi, ar\u00e1ndanos y sand\u00eda<\/a><\/li>\n<li><a href=\"https:\/\/shop.fizzyvape.com\/es\/producto\/fizzy-max-iii-6en1-60k-60000-puffs-vape-desechable-blueberry-ice-fizzy-cherry-raspberry-lemon\/\">Hielo de Ar\u00e1ndano y Cereza efervescente y Frambuesa Lim\u00f3n<\/a><\/li>\n<li><a href=\"https:\/\/shop.fizzyvape.com\/es\/producto\/fizzy-max-iii-6en1-60k-60000-puffs-vape-desechable-sandia-helada-y-fresa-vainilla-coca-cola-y-mezcla-de-bayas\/\">Sand\u00eda Helada y Fresa Vainilla Coca-Cola y Mixta<\/a><\/li>\n<li><a href=\"https:\/\/shop.fizzyvape.com\/producto\/fizzy-max-iii-6in1-60k-60000-puffs-disposable-vape-strawberry-grape-blueberry-coconut-peach-lemon\/\">Fresa Uva y Ar\u00e1ndano Coco y Melocot\u00f3n Lim\u00f3n<\/a><\/li>\n<li><a href=\"https:\/\/shop.fizzyvape.com\/producto\/fizzy-max-iii-6in1-60k-60000-puffs-disposable-vape-blue-razz-ice-strawberry-kiwi-sour-pineapple-orange\/\">Blue Razz Hielo y Fresa Kiwi y Pi\u00f1a Agria Naranja<\/a><\/li>\n<li><a href=\"https:\/\/shop.fizzyvape.com\/producto\/fizzy-max-iii-6in1-60000-puffs-disposable-vape-strawberry-watermelon-lemon-lime-blueberry-coconut\/\">Fresa Sand\u00eda &amp; Lim\u00f3n Lima &amp; Ar\u00e1ndanos Coco<\/a><\/li>\n<\/ol>\n<h3><strong>MTL o DL &#8211; Vapea a tu manera<\/strong><\/h3>\n<p><strong>Modo Sabor \u00danico (MTL):<\/strong><br \/>\nDisfruta de caladas limpias y controladas boca a pulm\u00f3n, perfectas para saborear cada sabor individual.<\/p>\n<p><strong>Modo de Mezcla de Sabor Dual (DL):<\/strong><br \/>\nAumenta el flujo de aire y disfruta de nubes audaces y con cuerpo, con un sabor rico y complejo, ideal para vapeadores de pulm\u00f3n directo.<\/p>\n<h2>\u00bfPor qu\u00e9 elegir Fizzy Max III 6en1?<\/h2>\n<ul>\n<li><strong>Boquilla giratoria:<\/strong> Cambia instant\u00e1neamente de sabor sin cambiar de c\u00e1psula<\/li>\n<li><strong>Uso duradero:<\/strong> Hasta 60.000 caladas alimentadas por una bater\u00eda recargable de 850 mAh<\/li>\n<li><strong>6 Sabores, 1 Dispositivo:<\/strong> Una rotaci\u00f3n completa de sabores en tu bolsillo<\/li>\n<li><strong>Env\u00edo r\u00e1pido desde Europa:<\/strong> Se env\u00eda r\u00e1pidamente desde nuestro <strong>almac\u00e9n de la UE<\/strong> <strong>sin retrasos aduaneros<\/strong><\/li>\n<\/ul>\n<h3><strong>FAQ &#8211; Fizzy Max III 6en1 60000 Vape Desechable<\/strong><\/h3>\n<p><strong>1. \u00bfCu\u00e1ntas caladas proporciona el Fizzy Max III 6en1?<\/strong><br \/>\nEl Fizzy Max III ofrece hasta 60.000 caladas gracias a su gran capacidad de e-l\u00edquido de 60 ml y a su potente bater\u00eda recargable de 850 mAh.<\/p>\n<p><strong>2. \u00bfPuedo cambiar de sabor con este vaporizador desechable?<\/strong><br \/>\n\u00a1S\u00ed! S\u00f3lo tienes que levantar y girar la boquilla para pasar por seis combinaciones de sabores diferentes sin cambiar de c\u00e1psula. <\/p>\n<p><strong>3. \u00bfEs recargable el Fizzy Max III?<\/strong><br \/>\nS\u00ed, incluye una bater\u00eda recargable de 850 mAh con c\u00f3moda carga Tipo-C para un uso prolongado.<\/p>\n<p><strong>4. \u00bfQu\u00e9 concentraciones de nicotina hay disponibles en este vaporizador desechable?<\/strong><br \/>\nPuedes elegir entre una potencia de nicotina del 2% y del 5%, seg\u00fan tus preferencias.<\/p>\n<p><strong>5. \u00bfEl Fizzy Max III es apto para los estilos de vapeo MTL y DL?<\/strong><br \/>\n\u00a1Sin duda! Admite el modo boca a pulm\u00f3n (MTL) para extracciones suaves y el modo de pulm\u00f3n directo (DL) para nubes m\u00e1s grandes y sabores m\u00e1s intensos. <\/p>\n","protected":false},"excerpt":{"rendered":"<p>El Vapeador Desechable Recargable Fizzy Max III 6en1 60000 caladas ofrece 6 sabores, una boquilla giratoria y una bater\u00eda recargable de 850mAh para hasta 60.000 caladas.<\/p>\n","protected":false},"featured_media":18709,"comment_status":"open","ping_status":"closed","template":"","meta":[],"product_brand":[],"product_cat":[155,154],"product_tag":[129,130,132,131],"class_list":{"0":"post-19706","1":"product","2":"type-product","3":"status-publish","4":"has-post-thumbnail","6":"product_cat-vapeador-desechable-fizzy-max-iii-60000-puffs","7":"product_cat-vaper-recargable-online","8":"product_tag-6-sabores-en-1","9":"product_tag-60k-puffs","10":"product_tag-vaper-recargable","11":"product_tag-vape-desechable-online","13":"first","14":"outofstock","15":"shipping-taxable","16":"purchasable","17":"product-type-variable"},"yoast_head":"<!-- This site is optimized with the Yoast SEO Premium plugin v24.8 (Yoast SEO v26.1.1) - https:\/\/yoast.com\/wordpress\/plugins\/seo\/ -->\n<title>Vapeador Desechable Fizzy Max 6en1 60k 60000 Puffs - Larga duraci\u00f3n de vapeo<\/title>\n<meta name=\"description\" content=\"Fizzy Max III 6en1 ofrece 60000 caladas, seis sabores, bater\u00eda recargable, flujo de aire ajustable y modos duales. La mejor experiencia de vapeo desechable multi-sabor.\" \/>\n<meta name=\"robots\" content=\"index, follow, max-snippet:-1, max-image-preview:large, max-video-preview:-1\" \/>\n<link rel=\"canonical\" href=\"https:\/\/shop.fizzyvape.com\/es\/producto\/fizzy-max-iii-6en1-60k-60000-puffs-vape-desechable-sandia-helada-y-fresa-vainilla-coca-cola-y-mezcla-de-bayas\/\" \/>\n<meta property=\"og:locale\" content=\"es_ES\" \/>\n<meta property=\"og:type\" content=\"article\" \/>\n<meta property=\"og:title\" content=\"Fizzy Max III 6en1 60K 60000 Puffs Vape Desechable - Sand\u00eda Helada y Fresa Vainilla Coca-Cola y Mezcla de Bayas\" \/>\n<meta property=\"og:description\" content=\"Fizzy Max III 6en1 ofrece 60000 caladas, seis sabores, bater\u00eda recargable, flujo de aire ajustable y modos duales. La mejor experiencia de vapeo desechable multi-sabor.\" \/>\n<meta property=\"og:url\" content=\"https:\/\/shop.fizzyvape.com\/es\/producto\/fizzy-max-iii-6en1-60k-60000-puffs-vape-desechable-sandia-helada-y-fresa-vainilla-coca-cola-y-mezcla-de-bayas\/\" \/>\n<meta property=\"og:site_name\" content=\"shop.fizzyvape.com\" \/>\n<meta property=\"article:modified_time\" content=\"2025-12-01T01:24:24+00:00\" \/>\n<meta property=\"og:image\" content=\"https:\/\/shop.fizzyvape.com\/wp-content\/uploads\/2025\/05\/Fizzy-Max-III-6in1-60K-60000-Puffs-4-1.webp\" \/>\n<meta name=\"twitter:card\" content=\"summary_large_image\" \/>\n<meta name=\"twitter:label1\" content=\"Tiempo de lectura\" \/>\n\t<meta name=\"twitter:data1\" content=\"4 minutos\" \/>\n<script type=\"application\/ld+json\" class=\"yoast-schema-graph\">{\"@context\":\"https:\/\/schema.org\",\"@graph\":[{\"@type\":\"WebPage\",\"@id\":\"https:\/\/shop.fizzyvape.com\/es\/producto\/fizzy-max-iii-6en1-60k-60000-puffs-vape-desechable-sandia-helada-y-fresa-vainilla-coca-cola-y-mezcla-de-bayas\/\",\"url\":\"https:\/\/shop.fizzyvape.com\/es\/producto\/fizzy-max-iii-6en1-60k-60000-puffs-vape-desechable-sandia-helada-y-fresa-vainilla-coca-cola-y-mezcla-de-bayas\/\",\"name\":\"Vapeador Desechable Fizzy Max 6en1 60k 60000 Puffs - Larga duraci\u00f3n de vapeo\",\"isPartOf\":{\"@id\":\"https:\/\/shop.fizzyvape.com\/es\/#website\"},\"primaryImageOfPage\":{\"@id\":\"https:\/\/shop.fizzyvape.com\/es\/producto\/fizzy-max-iii-6en1-60k-60000-puffs-vape-desechable-sandia-helada-y-fresa-vainilla-coca-cola-y-mezcla-de-bayas\/#primaryimage\"},\"image\":{\"@id\":\"https:\/\/shop.fizzyvape.com\/es\/producto\/fizzy-max-iii-6en1-60k-60000-puffs-vape-desechable-sandia-helada-y-fresa-vainilla-coca-cola-y-mezcla-de-bayas\/#primaryimage\"},\"thumbnailUrl\":\"https:\/\/shop.fizzyvape.com\/wp-content\/uploads\/2025\/05\/Fizzy-Max-III-6in1-60K-60000-Puffs-4.jpg\",\"datePublished\":\"2025-05-30T07:52:57+00:00\",\"dateModified\":\"2025-12-01T01:24:24+00:00\",\"description\":\"Fizzy Max III 6en1 ofrece 60000 caladas, seis sabores, bater\u00eda recargable, flujo de aire ajustable y modos duales. La mejor experiencia de vapeo desechable multi-sabor.\",\"breadcrumb\":{\"@id\":\"https:\/\/shop.fizzyvape.com\/es\/producto\/fizzy-max-iii-6en1-60k-60000-puffs-vape-desechable-sandia-helada-y-fresa-vainilla-coca-cola-y-mezcla-de-bayas\/#breadcrumb\"},\"inLanguage\":\"es\",\"potentialAction\":[{\"@type\":\"ReadAction\",\"target\":[\"https:\/\/shop.fizzyvape.com\/es\/producto\/fizzy-max-iii-6en1-60k-60000-puffs-vape-desechable-sandia-helada-y-fresa-vainilla-coca-cola-y-mezcla-de-bayas\/\"]}]},{\"@type\":\"ImageObject\",\"inLanguage\":\"es\",\"@id\":\"https:\/\/shop.fizzyvape.com\/es\/producto\/fizzy-max-iii-6en1-60k-60000-puffs-vape-desechable-sandia-helada-y-fresa-vainilla-coca-cola-y-mezcla-de-bayas\/#primaryimage\",\"url\":\"https:\/\/shop.fizzyvape.com\/wp-content\/uploads\/2025\/05\/Fizzy-Max-III-6in1-60K-60000-Puffs-4.jpg\",\"contentUrl\":\"https:\/\/shop.fizzyvape.com\/wp-content\/uploads\/2025\/05\/Fizzy-Max-III-6in1-60K-60000-Puffs-4.jpg\",\"width\":800,\"height\":800,\"caption\":\"Fizzy Max III 6en1 60K 60000 Puffs-4\"},{\"@type\":\"BreadcrumbList\",\"@id\":\"https:\/\/shop.fizzyvape.com\/es\/producto\/fizzy-max-iii-6en1-60k-60000-puffs-vape-desechable-sandia-helada-y-fresa-vainilla-coca-cola-y-mezcla-de-bayas\/#breadcrumb\",\"itemListElement\":[{\"@type\":\"ListItem\",\"position\":1,\"name\":\"\u9996\u9875\",\"item\":\"https:\/\/shop.fizzyvape.com\/es\/\"},{\"@type\":\"ListItem\",\"position\":2,\"name\":\"Shop\",\"item\":\"https:\/\/shop.fizzyvape.com\/shop\/\"},{\"@type\":\"ListItem\",\"position\":3,\"name\":\"Fizzy Max III 6en1 60K 60000 Puffs Vape Desechable &#8211; Sand\u00eda Helada y Fresa Vainilla Coca-Cola y Mezcla de Bayas\"}]},{\"@type\":\"WebSite\",\"@id\":\"https:\/\/shop.fizzyvape.com\/es\/#website\",\"url\":\"https:\/\/shop.fizzyvape.com\/es\/\",\"name\":\"shop.fizzyvape.com\",\"description\":\"The Best Disposable Vape In Europe | 10000 - 60000 Puffs  | Free Shipping\",\"potentialAction\":[{\"@type\":\"SearchAction\",\"target\":{\"@type\":\"EntryPoint\",\"urlTemplate\":\"https:\/\/shop.fizzyvape.com\/es\/?s={search_term_string}\"},\"query-input\":{\"@type\":\"PropertyValueSpecification\",\"valueRequired\":true,\"valueName\":\"search_term_string\"}}],\"inLanguage\":\"es\"}]}<\/script>\n<!-- \/ Yoast SEO Premium plugin. -->","yoast_head_json":{"title":"Vapeador Desechable Fizzy Max 6en1 60k 60000 Puffs - Larga duraci\u00f3n de vapeo","description":"Fizzy Max III 6en1 ofrece 60000 caladas, seis sabores, bater\u00eda recargable, flujo de aire ajustable y modos duales. La mejor experiencia de vapeo desechable multi-sabor.","robots":{"index":"index","follow":"follow","max-snippet":"max-snippet:-1","max-image-preview":"max-image-preview:large","max-video-preview":"max-video-preview:-1"},"canonical":"https:\/\/shop.fizzyvape.com\/es\/producto\/fizzy-max-iii-6en1-60k-60000-puffs-vape-desechable-sandia-helada-y-fresa-vainilla-coca-cola-y-mezcla-de-bayas\/","og_locale":"es_ES","og_type":"article","og_title":"Fizzy Max III 6en1 60K 60000 Puffs Vape Desechable - Sand\u00eda Helada y Fresa Vainilla Coca-Cola y Mezcla de Bayas","og_description":"Fizzy Max III 6en1 ofrece 60000 caladas, seis sabores, bater\u00eda recargable, flujo de aire ajustable y modos duales. La mejor experiencia de vapeo desechable multi-sabor.","og_url":"https:\/\/shop.fizzyvape.com\/es\/producto\/fizzy-max-iii-6en1-60k-60000-puffs-vape-desechable-sandia-helada-y-fresa-vainilla-coca-cola-y-mezcla-de-bayas\/","og_site_name":"shop.fizzyvape.com","article_modified_time":"2025-12-01T01:24:24+00:00","og_image":[{"url":"https:\/\/shop.fizzyvape.com\/wp-content\/uploads\/2025\/05\/Fizzy-Max-III-6in1-60K-60000-Puffs-4-1.webp","type":"","width":"","height":""}],"twitter_card":"summary_large_image","twitter_misc":{"Tiempo de lectura":"4 minutos"},"schema":{"@context":"https:\/\/schema.org","@graph":[{"@type":"WebPage","@id":"https:\/\/shop.fizzyvape.com\/es\/producto\/fizzy-max-iii-6en1-60k-60000-puffs-vape-desechable-sandia-helada-y-fresa-vainilla-coca-cola-y-mezcla-de-bayas\/","url":"https:\/\/shop.fizzyvape.com\/es\/producto\/fizzy-max-iii-6en1-60k-60000-puffs-vape-desechable-sandia-helada-y-fresa-vainilla-coca-cola-y-mezcla-de-bayas\/","name":"Vapeador Desechable Fizzy Max 6en1 60k 60000 Puffs - Larga duraci\u00f3n de vapeo","isPartOf":{"@id":"https:\/\/shop.fizzyvape.com\/es\/#website"},"primaryImageOfPage":{"@id":"https:\/\/shop.fizzyvape.com\/es\/producto\/fizzy-max-iii-6en1-60k-60000-puffs-vape-desechable-sandia-helada-y-fresa-vainilla-coca-cola-y-mezcla-de-bayas\/#primaryimage"},"image":{"@id":"https:\/\/shop.fizzyvape.com\/es\/producto\/fizzy-max-iii-6en1-60k-60000-puffs-vape-desechable-sandia-helada-y-fresa-vainilla-coca-cola-y-mezcla-de-bayas\/#primaryimage"},"thumbnailUrl":"https:\/\/shop.fizzyvape.com\/wp-content\/uploads\/2025\/05\/Fizzy-Max-III-6in1-60K-60000-Puffs-4.jpg","datePublished":"2025-05-30T07:52:57+00:00","dateModified":"2025-12-01T01:24:24+00:00","description":"Fizzy Max III 6en1 ofrece 60000 caladas, seis sabores, bater\u00eda recargable, flujo de aire ajustable y modos duales. La mejor experiencia de vapeo desechable multi-sabor.","breadcrumb":{"@id":"https:\/\/shop.fizzyvape.com\/es\/producto\/fizzy-max-iii-6en1-60k-60000-puffs-vape-desechable-sandia-helada-y-fresa-vainilla-coca-cola-y-mezcla-de-bayas\/#breadcrumb"},"inLanguage":"es","potentialAction":[{"@type":"ReadAction","target":["https:\/\/shop.fizzyvape.com\/es\/producto\/fizzy-max-iii-6en1-60k-60000-puffs-vape-desechable-sandia-helada-y-fresa-vainilla-coca-cola-y-mezcla-de-bayas\/"]}]},{"@type":"ImageObject","inLanguage":"es","@id":"https:\/\/shop.fizzyvape.com\/es\/producto\/fizzy-max-iii-6en1-60k-60000-puffs-vape-desechable-sandia-helada-y-fresa-vainilla-coca-cola-y-mezcla-de-bayas\/#primaryimage","url":"https:\/\/shop.fizzyvape.com\/wp-content\/uploads\/2025\/05\/Fizzy-Max-III-6in1-60K-60000-Puffs-4.jpg","contentUrl":"https:\/\/shop.fizzyvape.com\/wp-content\/uploads\/2025\/05\/Fizzy-Max-III-6in1-60K-60000-Puffs-4.jpg","width":800,"height":800,"caption":"Fizzy Max III 6en1 60K 60000 Puffs-4"},{"@type":"BreadcrumbList","@id":"https:\/\/shop.fizzyvape.com\/es\/producto\/fizzy-max-iii-6en1-60k-60000-puffs-vape-desechable-sandia-helada-y-fresa-vainilla-coca-cola-y-mezcla-de-bayas\/#breadcrumb","itemListElement":[{"@type":"ListItem","position":1,"name":"\u9996\u9875","item":"https:\/\/shop.fizzyvape.com\/es\/"},{"@type":"ListItem","position":2,"name":"Shop","item":"https:\/\/shop.fizzyvape.com\/shop\/"},{"@type":"ListItem","position":3,"name":"Fizzy Max III 6en1 60K 60000 Puffs Vape Desechable &#8211; Sand\u00eda Helada y Fresa Vainilla Coca-Cola y Mezcla de Bayas"}]},{"@type":"WebSite","@id":"https:\/\/shop.fizzyvape.com\/es\/#website","url":"https:\/\/shop.fizzyvape.com\/es\/","name":"shop.fizzyvape.com","description":"The Best Disposable Vape In Europe | 10000 - 60000 Puffs  | Free Shipping","potentialAction":[{"@type":"SearchAction","target":{"@type":"EntryPoint","urlTemplate":"https:\/\/shop.fizzyvape.com\/es\/?s={search_term_string}"},"query-input":{"@type":"PropertyValueSpecification","valueRequired":true,"valueName":"search_term_string"}}],"inLanguage":"es"}]}},"tiered_pricing_type":"fixed","tiered_pricing_fixed_rules":[],"tiered_pricing_product_settings":{"layout":"default","base_unit_name":{"singular":null,"plural":null},"default_variation":null},"tiered_pricing_minimum_quantity":null,"tiered_pricing_roles_data":[],"tiered_pricing_percentage_rules":[],"tiered_pricing_maximum_quantity":null,"tiered_pricing_quantity_step":null,"_links":{"self":[{"href":"https:\/\/shop.fizzyvape.com\/es\/wp-json\/wp\/v2\/product\/19706","targetHints":{"allow":["GET"]}}],"collection":[{"href":"https:\/\/shop.fizzyvape.com\/es\/wp-json\/wp\/v2\/product"}],"about":[{"href":"https:\/\/shop.fizzyvape.com\/es\/wp-json\/wp\/v2\/types\/product"}],"replies":[{"embeddable":true,"href":"https:\/\/shop.fizzyvape.com\/es\/wp-json\/wp\/v2\/comments?post=19706"}],"version-history":[{"count":0,"href":"https:\/\/shop.fizzyvape.com\/es\/wp-json\/wp\/v2\/product\/19706\/revisions"}],"wp:featuredmedia":[{"embeddable":true,"href":"https:\/\/shop.fizzyvape.com\/es\/wp-json\/wp\/v2\/media\/18709"}],"wp:attachment":[{"href":"https:\/\/shop.fizzyvape.com\/es\/wp-json\/wp\/v2\/media?parent=19706"}],"wp:term":[{"taxonomy":"product_brand","embeddable":true,"href":"https:\/\/shop.fizzyvape.com\/es\/wp-json\/wp\/v2\/product_brand?post=19706"},{"taxonomy":"product_cat","embeddable":true,"href":"https:\/\/shop.fizzyvape.com\/es\/wp-json\/wp\/v2\/product_cat?post=19706"},{"taxonomy":"product_tag","embeddable":true,"href":"https:\/\/shop.fizzyvape.com\/es\/wp-json\/wp\/v2\/product_tag?post=19706"}],"curies":[{"name":"wp","href":"https:\/\/api.w.org\/{rel}","templated":true}]}}