{"id":19707,"date":"2025-05-30T07:53:01","date_gmt":"2025-05-30T07:53:01","guid":{"rendered":"https:\/\/shop.fizzyvape.com\/product\/fizzy-max-iii-6en1-60k-60000-puffs-vape-desechable-fresa-kiwi-arandano-hielo-sandia-hielo\/"},"modified":"2025-12-01T01:22:28","modified_gmt":"2025-12-01T01:22:28","slug":"fizzy-max-iii-6en1-60k-60000-puffs-vape-desechable-fresa-kiwi-arandano-hielo-sandia-hielo","status":"publish","type":"product","link":"https:\/\/shop.fizzyvape.com\/es\/producto\/fizzy-max-iii-6en1-60k-60000-puffs-vape-desechable-fresa-kiwi-arandano-hielo-sandia-hielo\/","title":{"rendered":"Fizzy Max III 6en1 60K 60000 Puffs Vape Desechable &#8211; Fresa Kiwi &amp; Ar\u00e1ndano Hielo &amp; Sand\u00eda Hielo"},"content":{"rendered":"<h1><img decoding=\"async\" class=\"aligncenter\" src=\"https:\/\/shop.fizzyvape.com\/wp-content\/uploads\/2025\/05\/Fizzy-Max-III-6in1-60K-60000-Puffs-6-1.webp\" alt=\"Fizzy Max III 60000 Puffs 6en1 Vape Desechable al por mayor (5)\"><\/h1>\n<h1>Fizzy Max III 6en1 60K 60000 Puffs Vape Desechable &#8211; Fresa Kiwi &amp; Ar\u00e1ndano Hielo &amp; Sand\u00eda Hielo<\/h1>\n<h3><strong>6 Sabores en 1 Vapeador Avanzado<\/strong><\/h3>\n<p>Descubre un mundo de refrescantes mezclas afrutadas con el <strong>Fizzy Max III 6en1<\/strong>, un vaporizador desechable de \u00faltima generaci\u00f3n que ofrece <strong>seis experiencias de sabor \u00fanicas<\/strong> con s\u00f3lo <strong>tres c\u00e1psulas<\/strong>: <strong>Fresa Kiwi<\/strong>, <strong>Ar\u00e1ndano Hielo<\/strong> y <strong>Sand\u00eda Hielo<\/strong>. Gracias a su sistema de rotaci\u00f3n inteligente, este dispositivo ofrece una variedad, potencia y sabor insuperables sin necesidad de cambiar de cartucho.   <\/p>\n<h4><strong>Modos de sabor:<\/strong><\/h4>\n<ul>\n<li><strong>Fresa Kiwi (A)<\/strong> &#8211; Una mezcla dulce y \u00e1cida de fresa madura y kiwi tropical<\/li>\n<li><strong>Hielo de ar\u00e1ndanos (B)<\/strong> &#8211; Un golpe helado de jugosos ar\u00e1ndanos con un final fresco<\/li>\n<li><strong>Sand\u00eda helada (C)<\/strong> &#8211; Refrescante sand\u00eda combinada con frescor helado<\/li>\n<li><strong>Mix AB<\/strong> &#8211; Una fusi\u00f3n fr\u00eda de bayas y kiwi con un toque vibrante<\/li>\n<li><strong>Mix BC<\/strong> &#8211; Una fresca mezcla de bayas y mel\u00f3n rebosante de sabor helado<\/li>\n<li><strong>Mix CA<\/strong> &#8211; Sand\u00eda de fresa congelada con notas tropicales<\/li>\n<\/ul>\n<p>Con <strong>levantar y girar la boquilla<\/strong>, puedes alternar sabores sin esfuerzo en este orden:<br \/>\n<strong>A \u2192 Mezcla AB \u2192 B \u2192 Mezcla BC \u2192 C \u2192 Mezcla CA<\/strong><\/p>\n<p>Pasa sin problemas por los seis sabores posibles con un simple giro de la boquilla. Disfruta de la m\u00e1xima comodidad del sistema 6 en 1. \u00bfTe pica la curiosidad? Mira nuestro <a href=\"https:\/\/www.youtube.com\/watch?v=CoxB_HvaU3k\">v\u00eddeo de<\/a> demostraci\u00f3n.   <\/p>\n<h3><strong>Productos destacados<\/strong><\/h3>\n<ul>\n<li><strong>Bocanadas:<\/strong> Hasta <strong>60.000 caladas<\/strong><\/li>\n<li><strong>Experiencia de sabor 6 en 1:<\/strong> 3 individuales + 3 combos mixtos<\/li>\n<li><strong>Capacidad del e-l\u00edquido:<\/strong> 60 ml (3 c\u00e1psulas de 20 ml)<\/li>\n<li><strong>Fuerza de la nicotina:<\/strong> 2% \/ 5%<\/li>\n<li><strong>Bater\u00eda:<\/strong> 850mAh Recargable mediante <strong>Tipo-C<\/strong><\/li>\n<li><strong>Bobina:<\/strong> Bobina de malla de alto rendimiento<\/li>\n<li><strong>Pantalla LED:<\/strong> Muestra el estado de la bater\u00eda y el modo<\/li>\n<li><strong>Caducidad:<\/strong> 2 a\u00f1os<\/li>\n<\/ul>\n<h3><strong>Lista de Sabores de Vape Desechable Fizzy Max III 6en1 60000 Puffs:<\/strong><\/h3>\n<ol>\n<li><a href=\"https:\/\/shop.fizzyvape.com\/es\/producto\/fizzy-max-iii-6en1-60k-60000-puffs-vape-desechable-fresa-frambuesa-y-mango-melocoton-y-arandanos-sandia\/\">Fresa Frambuesa y Mango Melocot\u00f3n y Ar\u00e1ndanos Sand\u00eda<\/a><\/li>\n<li><a href=\"https:\/\/shop.fizzyvape.com\/es\/producto\/fizzy-max-iii-6en1-60k-60000-puffs-vape-desechable-mezcla-de-bayas-y-kiwi-fruta-de-la-pasion-guayaba-y-fresa-sandia\/\">Mezcla de bayas y kiwi Fruta de la pasi\u00f3n Guayaba y fresa Sand\u00eda<\/a><\/li>\n<li><a href=\"https:\/\/shop.fizzyvape.com\/es\/producto\/vapeador-desechable-fizzy-max-iii-6en1-60k-60000-puffs-arandano-frambuesa-triple-melon-fresa-helada\/\">Ar\u00e1ndano Frambuesa y Triple Helado de Mel\u00f3n y Fresa<\/a><\/li>\n<li><a href=\"https:\/\/shop.fizzyvape.com\/es\/producto\/fizzy-max-iii-6en1-60k-60000-puffs-vape-desechable-fruta-del-dragon-fresa-red-bull-sandia-frambuesa\/\">Fruta del Drag\u00f3n Fresa &amp; Red Bull &amp; Sand\u00eda Frambuesa<\/a><\/li>\n<li><a href=\"https:\/\/shop.fizzyvape.com\/es\/producto\/fizzy-max-iii-6en1-60k-60000-puffs-vape-desechable-fresa-kiwi-arandano-hielo-sandia-hielo\/\">Hielo de fresa, kiwi, ar\u00e1ndanos y sand\u00eda<\/a><\/li>\n<li><a href=\"https:\/\/shop.fizzyvape.com\/es\/producto\/fizzy-max-iii-6en1-60k-60000-puffs-vape-desechable-blueberry-ice-fizzy-cherry-raspberry-lemon\/\">Hielo de Ar\u00e1ndano y Cereza efervescente y Frambuesa Lim\u00f3n<\/a><\/li>\n<li><a href=\"https:\/\/shop.fizzyvape.com\/es\/producto\/fizzy-max-iii-6en1-60k-60000-puffs-vape-desechable-sandia-helada-y-fresa-vainilla-coca-cola-y-mezcla-de-bayas\/\">Sand\u00eda Helada y Fresa Vainilla Coca-Cola y Mixta<\/a><\/li>\n<li><a href=\"https:\/\/shop.fizzyvape.com\/producto\/fizzy-max-iii-6in1-60k-60000-puffs-disposable-vape-strawberry-grape-blueberry-coconut-peach-lemon\/\">Fresa Uva y Ar\u00e1ndano Coco y Melocot\u00f3n Lim\u00f3n<\/a><\/li>\n<li><a href=\"https:\/\/shop.fizzyvape.com\/producto\/fizzy-max-iii-6in1-60k-60000-puffs-disposable-vape-blue-razz-ice-strawberry-kiwi-sour-pineapple-orange\/\">Blue Razz Hielo y Fresa Kiwi y Pi\u00f1a Agria Naranja<\/a><\/li>\n<li><a href=\"https:\/\/shop.fizzyvape.com\/producto\/fizzy-max-iii-6in1-60000-puffs-disposable-vape-strawberry-watermelon-lemon-lime-blueberry-coconut\/\">Fresa Sand\u00eda &amp; Lim\u00f3n Lima &amp; Ar\u00e1ndanos Coco<\/a><\/li>\n<\/ol>\n<h3><strong>MTL o DL &#8211; Vapear a tu manera<\/strong><\/h3>\n<p><strong>Modo de Sabor \u00danico (MTL):<\/strong><br \/>\nIdeal para caladas suaves boca-pulm\u00f3n: sabor rico y limpio con un tiro apretado.<\/p>\n<p><strong>Modo Mezcla de Sabor Dual (DL):<\/strong><br \/>\nEl flujo de aire mejorado proporciona potentes nubes de pulm\u00f3n directo con perfiles de sabor en capas, perfecto para los cazadores de nubes.<\/p>\n<h3><strong>\u00bfPor qu\u00e9 elegir Fizzy Max III 6en1?<\/strong><\/h3>\n<ul>\n<li><strong>Rotaci\u00f3n de sabores sin esfuerzo:<\/strong> Cambia entre 6 sabores al instante<\/li>\n<li><strong>Gran cantidad de caladas:<\/strong> Hasta 60.000 caladas con bater\u00eda de larga duraci\u00f3n<\/li>\n<li><strong>Variedad todo en uno:<\/strong> No necesitas llevar varios vapes<\/li>\n<li><strong>Env\u00edo europeo r\u00e1pido:<\/strong> Se env\u00eda r\u00e1pidamente desde nuestro <strong>almac\u00e9n de la UE<\/strong>, sin retrasos en aduanas<\/li>\n<\/ul>\n<h3><strong>FAQ &#8211; Fizzy Max III 6en1 60K Vape Desechable<\/strong><\/h3>\n<h4><strong>1. \u00bfCu\u00e1ntas caladas puedo esperar de Fizzy Max III 6en1?<\/strong><\/h4>\n<p>Puedes disfrutar de <strong>hasta 60.000 caladas<\/strong>, gracias a su <strong>capacidad de e-l\u00edquido de 60 mL<\/strong>, su <strong>sistema de bobina de malla<\/strong> y su <strong>bater\u00eda recargable de 850 mAh<\/strong>, que lo hacen ideal para un uso prolongado.<\/p>\n<h4><strong>2. \u00bfPuedo vapear estilos MTL y DL con este aparato?<\/strong><\/h4>\n<p>\u00a1S\u00ed! Usa <strong>el Modo Sabor \u00danico<\/strong> para suaves caladas <strong>boca a pulm\u00f3n (MTL<\/strong> ). Cambia al <strong>Modo Mezcla<\/strong> para vapear <strong>directamente al pulm\u00f3n (DL)<\/strong>, rico y lleno de nubes, con perfiles de sabor m\u00e1s atrevidos y m\u00e1s flujo de aire.  <\/p>\n<h4><strong>3. \u00bfEl Fizzy Max III 6en1 es recargable y c\u00f3mo se carga?<\/strong><\/h4>\n<p>Absolutamente. El dispositivo incorpora <strong>una bater\u00eda de 850 mAh<\/strong> y <strong>carga r\u00e1pida Tipo-C<\/strong>, lo que permite recargarlo r\u00e1pidamente y vapear sin interrupciones siempre que sea necesario. <\/p>\n","protected":false},"excerpt":{"rendered":"<p>Experimenta seis sabores frutales helados en un solo dispositivo con Fizzy Max III 6en1. Hasta 60.000 caladas, bobina de malla y carga r\u00e1pida mediante Tipo-C. <\/p>\n","protected":false},"featured_media":18717,"comment_status":"open","ping_status":"closed","template":"","meta":[],"product_brand":[],"product_cat":[155,154],"product_tag":[129,130,132,131],"class_list":{"0":"post-19707","1":"product","2":"type-product","3":"status-publish","4":"has-post-thumbnail","6":"product_cat-vapeador-desechable-fizzy-max-iii-60000-puffs","7":"product_cat-vaper-recargable-online","8":"product_tag-6-sabores-en-1","9":"product_tag-60k-puffs","10":"product_tag-vaper-recargable","11":"product_tag-vape-desechable-online","13":"first","14":"outofstock","15":"shipping-taxable","16":"purchasable","17":"product-type-variable"},"yoast_head":"<!-- This site is optimized with the Yoast SEO Premium plugin v24.8 (Yoast SEO v27.4) - https:\/\/yoast.com\/product\/yoast-seo-premium-wordpress\/ -->\n<title>Fizzy Max III 6en1 60K - Vape Fruta Helada con 6 Sabores<\/title>\n<meta name=\"description\" content=\"Fizzy Max III 6en1 ofrece 60000 caladas, 6 sabores frutales helados, dos modos de vapeo, bobina de malla, carga Type-C y pantalla LED. Env\u00edo r\u00e1pido desde Europa.\" \/>\n<meta name=\"robots\" content=\"index, follow, max-snippet:-1, max-image-preview:large, max-video-preview:-1\" \/>\n<link rel=\"canonical\" href=\"https:\/\/shop.fizzyvape.com\/es\/producto\/fizzy-max-iii-6en1-60k-60000-puffs-vape-desechable-fresa-kiwi-arandano-hielo-sandia-hielo\/\" \/>\n<meta property=\"og:locale\" content=\"es_ES\" \/>\n<meta property=\"og:type\" content=\"article\" \/>\n<meta property=\"og:title\" content=\"Fizzy Max III 6en1 60K 60000 Puffs Vape Desechable - Fresa Kiwi &amp; Ar\u00e1ndano Hielo &amp; Sand\u00eda Hielo\" \/>\n<meta property=\"og:description\" content=\"Fizzy Max III 6en1 ofrece 60000 caladas, 6 sabores frutales helados, dos modos de vapeo, bobina de malla, carga Type-C y pantalla LED. Env\u00edo r\u00e1pido desde Europa.\" \/>\n<meta property=\"og:url\" content=\"https:\/\/shop.fizzyvape.com\/es\/producto\/fizzy-max-iii-6en1-60k-60000-puffs-vape-desechable-fresa-kiwi-arandano-hielo-sandia-hielo\/\" \/>\n<meta property=\"og:site_name\" content=\"shop.fizzyvape.com\" \/>\n<meta property=\"article:modified_time\" content=\"2025-12-01T01:22:28+00:00\" \/>\n<meta property=\"og:image\" content=\"https:\/\/shop.fizzyvape.com\/wp-content\/uploads\/2025\/05\/Fizzy-Max-III-6in1-60K-60000-Puffs-6-1.webp\" \/>\n<meta name=\"twitter:card\" content=\"summary_large_image\" \/>\n<meta name=\"twitter:label1\" content=\"Tiempo de lectura\" \/>\n\t<meta name=\"twitter:data1\" content=\"3 minutos\" \/>\n<script type=\"application\/ld+json\" class=\"yoast-schema-graph\">{\"@context\":\"https:\\\/\\\/schema.org\",\"@graph\":[{\"@type\":\"WebPage\",\"@id\":\"https:\\\/\\\/shop.fizzyvape.com\\\/es\\\/producto\\\/fizzy-max-iii-6en1-60k-60000-puffs-vape-desechable-fresa-kiwi-arandano-hielo-sandia-hielo\\\/\",\"url\":\"https:\\\/\\\/shop.fizzyvape.com\\\/es\\\/producto\\\/fizzy-max-iii-6en1-60k-60000-puffs-vape-desechable-fresa-kiwi-arandano-hielo-sandia-hielo\\\/\",\"name\":\"Fizzy Max III 6en1 60K - Vape Fruta Helada con 6 Sabores\",\"isPartOf\":{\"@id\":\"https:\\\/\\\/shop.fizzyvape.com\\\/es\\\/#website\"},\"primaryImageOfPage\":{\"@id\":\"https:\\\/\\\/shop.fizzyvape.com\\\/es\\\/producto\\\/fizzy-max-iii-6en1-60k-60000-puffs-vape-desechable-fresa-kiwi-arandano-hielo-sandia-hielo\\\/#primaryimage\"},\"image\":{\"@id\":\"https:\\\/\\\/shop.fizzyvape.com\\\/es\\\/producto\\\/fizzy-max-iii-6en1-60k-60000-puffs-vape-desechable-fresa-kiwi-arandano-hielo-sandia-hielo\\\/#primaryimage\"},\"thumbnailUrl\":\"https:\\\/\\\/shop.fizzyvape.com\\\/wp-content\\\/uploads\\\/2025\\\/05\\\/Fizzy-Max-III-6in1-60K-60000-Puffs-6.jpg\",\"datePublished\":\"2025-05-30T07:53:01+00:00\",\"dateModified\":\"2025-12-01T01:22:28+00:00\",\"description\":\"Fizzy Max III 6en1 ofrece 60000 caladas, 6 sabores frutales helados, dos modos de vapeo, bobina de malla, carga Type-C y pantalla LED. Env\u00edo r\u00e1pido desde Europa.\",\"breadcrumb\":{\"@id\":\"https:\\\/\\\/shop.fizzyvape.com\\\/es\\\/producto\\\/fizzy-max-iii-6en1-60k-60000-puffs-vape-desechable-fresa-kiwi-arandano-hielo-sandia-hielo\\\/#breadcrumb\"},\"inLanguage\":\"es\",\"potentialAction\":[{\"@type\":\"ReadAction\",\"target\":[\"https:\\\/\\\/shop.fizzyvape.com\\\/es\\\/producto\\\/fizzy-max-iii-6en1-60k-60000-puffs-vape-desechable-fresa-kiwi-arandano-hielo-sandia-hielo\\\/\"]}]},{\"@type\":\"ImageObject\",\"inLanguage\":\"es\",\"@id\":\"https:\\\/\\\/shop.fizzyvape.com\\\/es\\\/producto\\\/fizzy-max-iii-6en1-60k-60000-puffs-vape-desechable-fresa-kiwi-arandano-hielo-sandia-hielo\\\/#primaryimage\",\"url\":\"https:\\\/\\\/shop.fizzyvape.com\\\/wp-content\\\/uploads\\\/2025\\\/05\\\/Fizzy-Max-III-6in1-60K-60000-Puffs-6.jpg\",\"contentUrl\":\"https:\\\/\\\/shop.fizzyvape.com\\\/wp-content\\\/uploads\\\/2025\\\/05\\\/Fizzy-Max-III-6in1-60K-60000-Puffs-6.jpg\",\"width\":800,\"height\":800,\"caption\":\"Fizzy Max III 6en1 60K 60000 Puffs-6\"},{\"@type\":\"BreadcrumbList\",\"@id\":\"https:\\\/\\\/shop.fizzyvape.com\\\/es\\\/producto\\\/fizzy-max-iii-6en1-60k-60000-puffs-vape-desechable-fresa-kiwi-arandano-hielo-sandia-hielo\\\/#breadcrumb\",\"itemListElement\":[{\"@type\":\"ListItem\",\"position\":1,\"name\":\"\u9996\u9875\",\"item\":\"https:\\\/\\\/shop.fizzyvape.com\\\/es\\\/\"},{\"@type\":\"ListItem\",\"position\":2,\"name\":\"Shop\",\"item\":\"https:\\\/\\\/shop.fizzyvape.com\\\/shop\\\/\"},{\"@type\":\"ListItem\",\"position\":3,\"name\":\"Fizzy Max III 6en1 60K 60000 Puffs Vape Desechable &#8211; Fresa Kiwi &amp; Ar\u00e1ndano Hielo &amp; Sand\u00eda Hielo\"}]},{\"@type\":\"WebSite\",\"@id\":\"https:\\\/\\\/shop.fizzyvape.com\\\/es\\\/#website\",\"url\":\"https:\\\/\\\/shop.fizzyvape.com\\\/es\\\/\",\"name\":\"shop.fizzyvape.com\",\"description\":\"The Best Disposable Vape In Europe | 10000 - 60000 Puffs  | Free Shipping\",\"potentialAction\":[{\"@type\":\"SearchAction\",\"target\":{\"@type\":\"EntryPoint\",\"urlTemplate\":\"https:\\\/\\\/shop.fizzyvape.com\\\/es\\\/?s={search_term_string}\"},\"query-input\":{\"@type\":\"PropertyValueSpecification\",\"valueRequired\":true,\"valueName\":\"search_term_string\"}}],\"inLanguage\":\"es\"}]}<\/script>\n<!-- \/ Yoast SEO Premium plugin. -->","yoast_head_json":{"title":"Fizzy Max III 6en1 60K - Vape Fruta Helada con 6 Sabores","description":"Fizzy Max III 6en1 ofrece 60000 caladas, 6 sabores frutales helados, dos modos de vapeo, bobina de malla, carga Type-C y pantalla LED. Env\u00edo r\u00e1pido desde Europa.","robots":{"index":"index","follow":"follow","max-snippet":"max-snippet:-1","max-image-preview":"max-image-preview:large","max-video-preview":"max-video-preview:-1"},"canonical":"https:\/\/shop.fizzyvape.com\/es\/producto\/fizzy-max-iii-6en1-60k-60000-puffs-vape-desechable-fresa-kiwi-arandano-hielo-sandia-hielo\/","og_locale":"es_ES","og_type":"article","og_title":"Fizzy Max III 6en1 60K 60000 Puffs Vape Desechable - Fresa Kiwi &amp; Ar\u00e1ndano Hielo &amp; Sand\u00eda Hielo","og_description":"Fizzy Max III 6en1 ofrece 60000 caladas, 6 sabores frutales helados, dos modos de vapeo, bobina de malla, carga Type-C y pantalla LED. Env\u00edo r\u00e1pido desde Europa.","og_url":"https:\/\/shop.fizzyvape.com\/es\/producto\/fizzy-max-iii-6en1-60k-60000-puffs-vape-desechable-fresa-kiwi-arandano-hielo-sandia-hielo\/","og_site_name":"shop.fizzyvape.com","article_modified_time":"2025-12-01T01:22:28+00:00","og_image":[{"url":"https:\/\/shop.fizzyvape.com\/wp-content\/uploads\/2025\/05\/Fizzy-Max-III-6in1-60K-60000-Puffs-6-1.webp","type":"","width":"","height":""}],"twitter_card":"summary_large_image","twitter_misc":{"Tiempo de lectura":"3 minutos"},"schema":{"@context":"https:\/\/schema.org","@graph":[{"@type":"WebPage","@id":"https:\/\/shop.fizzyvape.com\/es\/producto\/fizzy-max-iii-6en1-60k-60000-puffs-vape-desechable-fresa-kiwi-arandano-hielo-sandia-hielo\/","url":"https:\/\/shop.fizzyvape.com\/es\/producto\/fizzy-max-iii-6en1-60k-60000-puffs-vape-desechable-fresa-kiwi-arandano-hielo-sandia-hielo\/","name":"Fizzy Max III 6en1 60K - Vape Fruta Helada con 6 Sabores","isPartOf":{"@id":"https:\/\/shop.fizzyvape.com\/es\/#website"},"primaryImageOfPage":{"@id":"https:\/\/shop.fizzyvape.com\/es\/producto\/fizzy-max-iii-6en1-60k-60000-puffs-vape-desechable-fresa-kiwi-arandano-hielo-sandia-hielo\/#primaryimage"},"image":{"@id":"https:\/\/shop.fizzyvape.com\/es\/producto\/fizzy-max-iii-6en1-60k-60000-puffs-vape-desechable-fresa-kiwi-arandano-hielo-sandia-hielo\/#primaryimage"},"thumbnailUrl":"https:\/\/shop.fizzyvape.com\/wp-content\/uploads\/2025\/05\/Fizzy-Max-III-6in1-60K-60000-Puffs-6.jpg","datePublished":"2025-05-30T07:53:01+00:00","dateModified":"2025-12-01T01:22:28+00:00","description":"Fizzy Max III 6en1 ofrece 60000 caladas, 6 sabores frutales helados, dos modos de vapeo, bobina de malla, carga Type-C y pantalla LED. Env\u00edo r\u00e1pido desde Europa.","breadcrumb":{"@id":"https:\/\/shop.fizzyvape.com\/es\/producto\/fizzy-max-iii-6en1-60k-60000-puffs-vape-desechable-fresa-kiwi-arandano-hielo-sandia-hielo\/#breadcrumb"},"inLanguage":"es","potentialAction":[{"@type":"ReadAction","target":["https:\/\/shop.fizzyvape.com\/es\/producto\/fizzy-max-iii-6en1-60k-60000-puffs-vape-desechable-fresa-kiwi-arandano-hielo-sandia-hielo\/"]}]},{"@type":"ImageObject","inLanguage":"es","@id":"https:\/\/shop.fizzyvape.com\/es\/producto\/fizzy-max-iii-6en1-60k-60000-puffs-vape-desechable-fresa-kiwi-arandano-hielo-sandia-hielo\/#primaryimage","url":"https:\/\/shop.fizzyvape.com\/wp-content\/uploads\/2025\/05\/Fizzy-Max-III-6in1-60K-60000-Puffs-6.jpg","contentUrl":"https:\/\/shop.fizzyvape.com\/wp-content\/uploads\/2025\/05\/Fizzy-Max-III-6in1-60K-60000-Puffs-6.jpg","width":800,"height":800,"caption":"Fizzy Max III 6en1 60K 60000 Puffs-6"},{"@type":"BreadcrumbList","@id":"https:\/\/shop.fizzyvape.com\/es\/producto\/fizzy-max-iii-6en1-60k-60000-puffs-vape-desechable-fresa-kiwi-arandano-hielo-sandia-hielo\/#breadcrumb","itemListElement":[{"@type":"ListItem","position":1,"name":"\u9996\u9875","item":"https:\/\/shop.fizzyvape.com\/es\/"},{"@type":"ListItem","position":2,"name":"Shop","item":"https:\/\/shop.fizzyvape.com\/shop\/"},{"@type":"ListItem","position":3,"name":"Fizzy Max III 6en1 60K 60000 Puffs Vape Desechable &#8211; Fresa Kiwi &amp; Ar\u00e1ndano Hielo &amp; Sand\u00eda Hielo"}]},{"@type":"WebSite","@id":"https:\/\/shop.fizzyvape.com\/es\/#website","url":"https:\/\/shop.fizzyvape.com\/es\/","name":"shop.fizzyvape.com","description":"The Best Disposable Vape In Europe | 10000 - 60000 Puffs  | Free Shipping","potentialAction":[{"@type":"SearchAction","target":{"@type":"EntryPoint","urlTemplate":"https:\/\/shop.fizzyvape.com\/es\/?s={search_term_string}"},"query-input":{"@type":"PropertyValueSpecification","valueRequired":true,"valueName":"search_term_string"}}],"inLanguage":"es"}]}},"tiered_pricing_type":"fixed","tiered_pricing_fixed_rules":[],"tiered_pricing_product_settings":{"layout":"default","base_unit_name":{"singular":null,"plural":null},"default_variation":null},"tiered_pricing_minimum_quantity":null,"tiered_pricing_roles_data":[],"tiered_pricing_percentage_rules":[],"tiered_pricing_maximum_quantity":null,"tiered_pricing_quantity_step":null,"_links":{"self":[{"href":"https:\/\/shop.fizzyvape.com\/es\/wp-json\/wp\/v2\/product\/19707","targetHints":{"allow":["GET"]}}],"collection":[{"href":"https:\/\/shop.fizzyvape.com\/es\/wp-json\/wp\/v2\/product"}],"about":[{"href":"https:\/\/shop.fizzyvape.com\/es\/wp-json\/wp\/v2\/types\/product"}],"replies":[{"embeddable":true,"href":"https:\/\/shop.fizzyvape.com\/es\/wp-json\/wp\/v2\/comments?post=19707"}],"version-history":[{"count":0,"href":"https:\/\/shop.fizzyvape.com\/es\/wp-json\/wp\/v2\/product\/19707\/revisions"}],"wp:featuredmedia":[{"embeddable":true,"href":"https:\/\/shop.fizzyvape.com\/es\/wp-json\/wp\/v2\/media\/18717"}],"wp:attachment":[{"href":"https:\/\/shop.fizzyvape.com\/es\/wp-json\/wp\/v2\/media?parent=19707"}],"wp:term":[{"taxonomy":"product_brand","embeddable":true,"href":"https:\/\/shop.fizzyvape.com\/es\/wp-json\/wp\/v2\/product_brand?post=19707"},{"taxonomy":"product_cat","embeddable":true,"href":"https:\/\/shop.fizzyvape.com\/es\/wp-json\/wp\/v2\/product_cat?post=19707"},{"taxonomy":"product_tag","embeddable":true,"href":"https:\/\/shop.fizzyvape.com\/es\/wp-json\/wp\/v2\/product_tag?post=19707"}],"curies":[{"name":"wp","href":"https:\/\/api.w.org\/{rel}","templated":true}]}}