{"id":19716,"date":"2025-05-30T07:52:55","date_gmt":"2025-05-30T07:52:55","guid":{"rendered":"https:\/\/shop.fizzyvape.com\/product\/fizzy-max-iii-6en1-60k-60000-puffs-vape-desechable-fresa-uva-y-arandano-coco-y-melocoton-limon\/"},"modified":"2025-12-01T01:24:01","modified_gmt":"2025-12-01T01:24:01","slug":"fizzy-max-iii-6en1-60k-60000-puffs-vape-desechable-fresa-uva-y-arandano-coco-y-melocoton-limon","status":"publish","type":"product","link":"https:\/\/shop.fizzyvape.com\/es\/producto\/fizzy-max-iii-6en1-60k-60000-puffs-vape-desechable-fresa-uva-y-arandano-coco-y-melocoton-limon\/","title":{"rendered":"Fizzy Max III 6en1 60K 60000 Puffs Vape Desechable &#8211; Fresa Uva y Ar\u00e1ndano Coco y Melocot\u00f3n Lim\u00f3n"},"content":{"rendered":"<p><img decoding=\"async\" class=\"aligncenter\" src=\"https:\/\/shop.fizzyvape.com\/wp-content\/uploads\/2025\/05\/Fizzy-Max-III-6in1-60K-60000-Puffs-3-1.webp\" alt=\"Fizzy Max III 60000 Puffs 6en1 Vape Desechable (3)\"><\/p>\n<h1>Vapeador Desechable Recargable Fizzy Max III 6en1 60K 60000 Puffs &#8211; Fresa Uva &amp; Ar\u00e1ndano Coco &amp; Melocot\u00f3n Lim\u00f3n<\/h1>\n<p><strong>6 Sabores en 1 Dispositivo Revolucionario<\/strong><br \/>\nAd\u00e9ntrate en el futuro del vapeo desechable recargable con el <strong>Fizzy Max III 6en1 60000 Puffs<\/strong>, que combina un rendimiento avanzado, un dise\u00f1o intuitivo y una variedad de sabores insuperable. Precargado con <strong>tres c\u00e1psulas de 20 ml<\/strong><strong>-Uva<\/strong> <strong>Fresa<\/strong>, <strong>Coco Ar\u00e1ndano<\/strong> y <strong>Lim\u00f3n Melocot\u00f3n-, este<\/strong>innovador dispositivo ofrece <strong>seis experiencias de sabor distintas<\/strong> mediante un ingenioso sistema de mezcla de doble sabor. <\/p>\n<h2>Modos de sabor:<\/h2>\n<ul>\n<li><strong>Fresa Uva (A)<\/strong> &#8211; Una jugosa y dulce fusi\u00f3n de bayas y uvas<\/li>\n<li><strong>Coco con ar\u00e1ndanos (B)<\/strong> &#8211; Cremoso coco tropical con atrevidas notas de ar\u00e1ndanos<\/li>\n<li><strong>Melocot\u00f3n Lim\u00f3n (C)<\/strong> &#8211; Una sabrosa y refrescante mezcla de melocot\u00f3n dulce y lim\u00f3n \u00e1cido<\/li>\n<li><strong>Mix AB<\/strong> &#8211; Explosi\u00f3n tropical de bayas con un toque de coco<\/li>\n<li><strong>Mix BC<\/strong> &#8211; Una suave fusi\u00f3n de c\u00edtricos y coco<\/li>\n<li><strong>Mix CA<\/strong> &#8211; Dulces bayas de melocot\u00f3n con un brillante final c\u00edtrico<\/li>\n<\/ul>\n<p>Cambia entre los seis perfiles de sabor con s\u00f3lo <strong>levantar y girar<\/strong> la boquilla. El sistema giratorio incorporado te permite alternar sabores sin esfuerzo:<br \/>\n<strong>A \u2192 Mezcla AB \u2192 B \u2192 Mezcla BC \u2192 C \u2192 Mezcla CA<\/strong><\/p>\n<p>Explora sin esfuerzo los seis perfiles de sabor con un dise\u00f1o giratorio inteligente que hace que el cambio de sabores sea suave y fluido. Mira c\u00f3mo funciona en nuestro <a href=\"https:\/\/www.youtube.com\/watch?v=CoxB_HvaU3k\">v\u00eddeo de demostraci\u00f3n<\/a>. <\/p>\n<h2>Productos destacados<\/h2>\n<ul>\n<li><strong>Bocanadas:<\/strong> Hasta <strong>60.000 caladas<\/strong><\/li>\n<li><strong>Sistema de sabores 6 en 1<\/strong> (3 individuales + 3 mezclas)<\/li>\n<li><strong>Capacidad del e-l\u00edquido:<\/strong> 60 ml (3 c\u00e1psulas de 20 ml)<\/li>\n<li><strong>Fuerza de la nicotina:<\/strong> 2% \/ 5%<\/li>\n<li><strong>Bater\u00eda:<\/strong> 850mAh Recargable mediante Tipo-C<\/li>\n<li><strong>Bobina:<\/strong> Bobina de malla para un vapor consistente y un sabor intenso<\/li>\n<li><strong>Pantalla LED:<\/strong> Indicador de bater\u00eda y modo<\/li>\n<li><strong>Caducidad:<\/strong> 2 a\u00f1os<\/li>\n<\/ul>\n<h3><strong>Lista de Sabores de Vape Desechable Fizzy Max III 6en1 60000 Puffs:<\/strong><\/h3>\n<ol>\n<li><a href=\"https:\/\/shop.fizzyvape.com\/es\/producto\/fizzy-max-iii-6en1-60k-60000-puffs-vape-desechable-fresa-frambuesa-y-mango-melocoton-y-arandanos-sandia\/\">Fresa Frambuesa y Mango Melocot\u00f3n y Ar\u00e1ndanos Sand\u00eda<\/a><\/li>\n<li><a href=\"https:\/\/shop.fizzyvape.com\/es\/producto\/fizzy-max-iii-6en1-60k-60000-puffs-vape-desechable-mezcla-de-bayas-y-kiwi-fruta-de-la-pasion-guayaba-y-fresa-sandia\/\">Mezcla de bayas y kiwi Fruta de la pasi\u00f3n Guayaba y fresa Sand\u00eda<\/a><\/li>\n<li><a href=\"https:\/\/shop.fizzyvape.com\/es\/producto\/vapeador-desechable-fizzy-max-iii-6en1-60k-60000-puffs-arandano-frambuesa-triple-melon-fresa-helada\/\">Ar\u00e1ndano Frambuesa y Triple Helado de Mel\u00f3n y Fresa<\/a><\/li>\n<li><a href=\"https:\/\/shop.fizzyvape.com\/es\/producto\/fizzy-max-iii-6en1-60k-60000-puffs-vape-desechable-fruta-del-dragon-fresa-red-bull-sandia-frambuesa\/\">Fruta del Drag\u00f3n Fresa &amp; Red Bull &amp; Sand\u00eda Frambuesa<\/a><\/li>\n<li><a href=\"https:\/\/shop.fizzyvape.com\/es\/producto\/fizzy-max-iii-6en1-60k-60000-puffs-vape-desechable-fresa-kiwi-arandano-hielo-sandia-hielo\/\">Hielo de fresa, kiwi, ar\u00e1ndanos y sand\u00eda<\/a><\/li>\n<li><a href=\"https:\/\/shop.fizzyvape.com\/es\/producto\/fizzy-max-iii-6en1-60k-60000-puffs-vape-desechable-blueberry-ice-fizzy-cherry-raspberry-lemon\/\">Hielo de Ar\u00e1ndano y Cereza efervescente y Frambuesa Lim\u00f3n<\/a><\/li>\n<li><a href=\"https:\/\/shop.fizzyvape.com\/es\/producto\/fizzy-max-iii-6en1-60k-60000-puffs-vape-desechable-sandia-helada-y-fresa-vainilla-coca-cola-y-mezcla-de-bayas\/\">Sand\u00eda Helada y Fresa Vainilla Coca-Cola y Mixta<\/a><\/li>\n<li><a href=\"https:\/\/shop.fizzyvape.com\/es\/producto\/fizzy-max-iii-6en1-60k-60000-puffs-vape-desechable-fresa-uva-y-arandano-coco-y-melocoton-limon\/\">Fresa Uva y Ar\u00e1ndano Coco y Melocot\u00f3n Lim\u00f3n<\/a><\/li>\n<li><a href=\"https:\/\/shop.fizzyvape.com\/es\/producto\/fizzy-max-iii-6en1-60k-60000-puffs-vape-desechable-hielo-razz-azul-kiwi-fresa-naranja-pina-agria\/\">Blue Razz Hielo y Fresa Kiwi y Pi\u00f1a Agria Naranja<\/a><\/li>\n<li><a href=\"https:\/\/shop.fizzyvape.com\/producto\/fizzy-max-iii-6in1-60000-puffs-disposable-vape-strawberry-watermelon-lemon-lime-blueberry-coconut\/\">Fresa Sand\u00eda &amp; Lim\u00f3n Lima &amp; Ar\u00e1ndanos Coco<\/a><\/li>\n<\/ol>\n<h3><strong>A la medida de cada estilo de vapeo<\/strong><\/h3>\n<p><strong>Modo Sabor \u00danico (MTL):<\/strong><br \/>\nProporciona una calada apretada y sabrosa, perfecta para vapear <strong>boca a pulm\u00f3n<\/strong> y para la pureza del sabor.<\/p>\n<p><strong>Modo de Mezcla de Sabor Dual (DL):<\/strong><br \/>\nFlujo de aire potenciado y sabor mezclado para unos golpes de <strong>pulm\u00f3n directo<\/strong> audaces y aireados y nubes m\u00e1s grandes.<\/p>\n<h2>\u00bfPor qu\u00e9 elegir Fizzy Max III 6en1?<\/h2>\n<ul>\n<li><strong>Boquilla giratoria:<\/strong> Cambia de sabor al instante sin cambiar las c\u00e1psulas<\/li>\n<li><strong>Bater\u00eda de larga duraci\u00f3n:<\/strong> la bater\u00eda recargable de 850 mAh alimenta hasta 60.000 caladas<\/li>\n<li><strong>6 sabores, 1 dispositivo:<\/strong> Disfruta de la variedad sin llevar m\u00e1s vaporizadores<\/li>\n<li><strong>Env\u00edo r\u00e1pido desde Europa:<\/strong> Entrega r\u00e1pida desde nuestro <strong>almac\u00e9n de la UE<\/strong> <strong>sin retrasos aduaneros<\/strong><\/li>\n<\/ul>\n<h3><strong>FAQ &#8211; Fizzy Max III 6en1 60K Vape Desechable Recargable<\/strong><\/h3>\n<h4>1. <strong>\u00bfC\u00f3mo cambio de un sabor a otro en el Fizzy Max III 6en1?<\/strong><\/h4>\n<p>Para cambiar de sabor, s\u00f3lo tienes que <strong>levantar y girar la boquilla<\/strong>. El sistema de rotaci\u00f3n inteligente te permite alternar entre seis perfiles de sabor en este orden:<br \/>\n<strong>A \u2192 Mezcla AB \u2192 B \u2192 Mezcla BC \u2192 C \u2192 Mezcla CA<\/strong> &#8211; lo que te permite acceder sin esfuerzo a todas las combinaciones simples y mixtas.<\/p>\n<h4>2. <strong>\u00bfCu\u00e1ntas caladas proporciona el Fizzy Max III 6en1?<\/strong><\/h4>\n<p>Este dispositivo proporciona <strong>hasta 60.000 caladas<\/strong>, gracias a su <strong>capacidad de 60 ml de e-l\u00edquido<\/strong> y a su potente <strong>bater\u00eda recargable de 850 mAh<\/strong>, lo que lo convierte en uno de los vaporizadores desechables m\u00e1s duraderos del mercado.<\/p>\n<h4>3. <strong>\u00bfEl Fizzy Max III es apto para los estilos de vapeo MTL y DL?<\/strong><\/h4>\n<p>S\u00ed.<\/p>\n<ul>\n<li>Utiliza <strong>el Modo Sabor \u00danico<\/strong> para una extracci\u00f3n <strong>boca a pulm\u00f3n (MTL<\/strong> ), ideal para quienes prefieren una experiencia similar a la de un cigarrillo.<\/li>\n<li>Cambia al <strong>Modo de Mezcla de Sabor Dual<\/strong> para vapear <strong>con pulm\u00f3n directo (DL)<\/strong>, optimizado para obtener grandes nubes y un sabor intenso con un mayor flujo de aire.<\/li>\n<\/ul>\n<h4>4. <strong>\u00bfEs recargable el aparato y c\u00f3mo lo cargo?<\/strong><\/h4>\n<p>Absolutamente. El Fizzy Max III 6en1 viene con una <strong>bater\u00eda recargable de 850 mAh<\/strong> y admite <strong>carga Tipo-C<\/strong>, lo que garantiza una recarga r\u00e1pida y c\u00f3moda siempre que sea necesario. <\/p>\n","protected":false},"excerpt":{"rendered":"<p>Descubre Fizzy Max III, el vaporizador desechable recargable que ofrece 6 sabores \u00fanicos, 60.000 caladas, carga Type-C y dos modos de vaporizaci\u00f3n en un dispositivo elegante.<\/p>\n","protected":false},"featured_media":18705,"comment_status":"open","ping_status":"closed","template":"","meta":[],"product_brand":[],"product_cat":[155,154],"product_tag":[129,130,132,131],"class_list":{"0":"post-19716","1":"product","2":"type-product","3":"status-publish","4":"has-post-thumbnail","6":"product_cat-vapeador-desechable-fizzy-max-iii-60000-puffs","7":"product_cat-vaper-recargable-online","8":"product_tag-6-sabores-en-1","9":"product_tag-60k-puffs","10":"product_tag-vaper-recargable","11":"product_tag-vape-desechable-online","13":"first","14":"outofstock","15":"shipping-taxable","16":"purchasable","17":"product-type-variable"},"yoast_head":"<!-- This site is optimized with the Yoast SEO Premium plugin v24.8 (Yoast SEO v27.4) - https:\/\/yoast.com\/product\/yoast-seo-premium-wordpress\/ -->\n<title>Fizzy Max III - 6 Sabores, 60K Puff Vape Desechable Recargable<\/title>\n<meta name=\"description\" content=\"Experimenta el vapeador desechable recargable 6en1 Fizzy Max III con 60.000 caladas, 6 sabores \u00fanicos y una potente bater\u00eda de 850 mAh para vapear todo el d\u00eda.\" \/>\n<meta name=\"robots\" content=\"index, follow, max-snippet:-1, max-image-preview:large, max-video-preview:-1\" \/>\n<link rel=\"canonical\" href=\"https:\/\/shop.fizzyvape.com\/es\/producto\/fizzy-max-iii-6en1-60k-60000-puffs-vape-desechable-fresa-uva-y-arandano-coco-y-melocoton-limon\/\" \/>\n<meta property=\"og:locale\" content=\"es_ES\" \/>\n<meta property=\"og:type\" content=\"article\" \/>\n<meta property=\"og:title\" content=\"Fizzy Max III 6en1 60K 60000 Puffs Vape Desechable - Fresa Uva y Ar\u00e1ndano Coco y Melocot\u00f3n Lim\u00f3n\" \/>\n<meta property=\"og:description\" content=\"Experimenta el vapeador desechable recargable 6en1 Fizzy Max III con 60.000 caladas, 6 sabores \u00fanicos y una potente bater\u00eda de 850 mAh para vapear todo el d\u00eda.\" \/>\n<meta property=\"og:url\" content=\"https:\/\/shop.fizzyvape.com\/es\/producto\/fizzy-max-iii-6en1-60k-60000-puffs-vape-desechable-fresa-uva-y-arandano-coco-y-melocoton-limon\/\" \/>\n<meta property=\"og:site_name\" content=\"shop.fizzyvape.com\" \/>\n<meta property=\"article:modified_time\" content=\"2025-12-01T01:24:01+00:00\" \/>\n<meta property=\"og:image\" content=\"https:\/\/shop.fizzyvape.com\/wp-content\/uploads\/2025\/05\/Fizzy-Max-III-6in1-60K-60000-Puffs-3-1.webp\" \/>\n<meta name=\"twitter:card\" content=\"summary_large_image\" \/>\n<meta name=\"twitter:label1\" content=\"Tiempo de lectura\" \/>\n\t<meta name=\"twitter:data1\" content=\"4 minutos\" \/>\n<script type=\"application\/ld+json\" class=\"yoast-schema-graph\">{\"@context\":\"https:\\\/\\\/schema.org\",\"@graph\":[{\"@type\":\"WebPage\",\"@id\":\"https:\\\/\\\/shop.fizzyvape.com\\\/es\\\/producto\\\/fizzy-max-iii-6en1-60k-60000-puffs-vape-desechable-fresa-uva-y-arandano-coco-y-melocoton-limon\\\/\",\"url\":\"https:\\\/\\\/shop.fizzyvape.com\\\/es\\\/producto\\\/fizzy-max-iii-6en1-60k-60000-puffs-vape-desechable-fresa-uva-y-arandano-coco-y-melocoton-limon\\\/\",\"name\":\"Fizzy Max III - 6 Sabores, 60K Puff Vape Desechable Recargable\",\"isPartOf\":{\"@id\":\"https:\\\/\\\/shop.fizzyvape.com\\\/es\\\/#website\"},\"primaryImageOfPage\":{\"@id\":\"https:\\\/\\\/shop.fizzyvape.com\\\/es\\\/producto\\\/fizzy-max-iii-6en1-60k-60000-puffs-vape-desechable-fresa-uva-y-arandano-coco-y-melocoton-limon\\\/#primaryimage\"},\"image\":{\"@id\":\"https:\\\/\\\/shop.fizzyvape.com\\\/es\\\/producto\\\/fizzy-max-iii-6en1-60k-60000-puffs-vape-desechable-fresa-uva-y-arandano-coco-y-melocoton-limon\\\/#primaryimage\"},\"thumbnailUrl\":\"https:\\\/\\\/shop.fizzyvape.com\\\/wp-content\\\/uploads\\\/2025\\\/05\\\/Fizzy-Max-III-6in1-60K-60000-Puffs-3.jpg\",\"datePublished\":\"2025-05-30T07:52:55+00:00\",\"dateModified\":\"2025-12-01T01:24:01+00:00\",\"description\":\"Experimenta el vapeador desechable recargable 6en1 Fizzy Max III con 60.000 caladas, 6 sabores \u00fanicos y una potente bater\u00eda de 850 mAh para vapear todo el d\u00eda.\",\"breadcrumb\":{\"@id\":\"https:\\\/\\\/shop.fizzyvape.com\\\/es\\\/producto\\\/fizzy-max-iii-6en1-60k-60000-puffs-vape-desechable-fresa-uva-y-arandano-coco-y-melocoton-limon\\\/#breadcrumb\"},\"inLanguage\":\"es\",\"potentialAction\":[{\"@type\":\"ReadAction\",\"target\":[\"https:\\\/\\\/shop.fizzyvape.com\\\/es\\\/producto\\\/fizzy-max-iii-6en1-60k-60000-puffs-vape-desechable-fresa-uva-y-arandano-coco-y-melocoton-limon\\\/\"]}]},{\"@type\":\"ImageObject\",\"inLanguage\":\"es\",\"@id\":\"https:\\\/\\\/shop.fizzyvape.com\\\/es\\\/producto\\\/fizzy-max-iii-6en1-60k-60000-puffs-vape-desechable-fresa-uva-y-arandano-coco-y-melocoton-limon\\\/#primaryimage\",\"url\":\"https:\\\/\\\/shop.fizzyvape.com\\\/wp-content\\\/uploads\\\/2025\\\/05\\\/Fizzy-Max-III-6in1-60K-60000-Puffs-3.jpg\",\"contentUrl\":\"https:\\\/\\\/shop.fizzyvape.com\\\/wp-content\\\/uploads\\\/2025\\\/05\\\/Fizzy-Max-III-6in1-60K-60000-Puffs-3.jpg\",\"width\":800,\"height\":800,\"caption\":\"Fizzy Max III 6en1 60K 60000 Puffs-3\"},{\"@type\":\"BreadcrumbList\",\"@id\":\"https:\\\/\\\/shop.fizzyvape.com\\\/es\\\/producto\\\/fizzy-max-iii-6en1-60k-60000-puffs-vape-desechable-fresa-uva-y-arandano-coco-y-melocoton-limon\\\/#breadcrumb\",\"itemListElement\":[{\"@type\":\"ListItem\",\"position\":1,\"name\":\"\u9996\u9875\",\"item\":\"https:\\\/\\\/shop.fizzyvape.com\\\/es\\\/\"},{\"@type\":\"ListItem\",\"position\":2,\"name\":\"Shop\",\"item\":\"https:\\\/\\\/shop.fizzyvape.com\\\/shop\\\/\"},{\"@type\":\"ListItem\",\"position\":3,\"name\":\"Fizzy Max III 6en1 60K 60000 Puffs Vape Desechable &#8211; Fresa Uva y Ar\u00e1ndano Coco y Melocot\u00f3n Lim\u00f3n\"}]},{\"@type\":\"WebSite\",\"@id\":\"https:\\\/\\\/shop.fizzyvape.com\\\/es\\\/#website\",\"url\":\"https:\\\/\\\/shop.fizzyvape.com\\\/es\\\/\",\"name\":\"shop.fizzyvape.com\",\"description\":\"The Best Disposable Vape In Europe | 10000 - 60000 Puffs  | Free Shipping\",\"potentialAction\":[{\"@type\":\"SearchAction\",\"target\":{\"@type\":\"EntryPoint\",\"urlTemplate\":\"https:\\\/\\\/shop.fizzyvape.com\\\/es\\\/?s={search_term_string}\"},\"query-input\":{\"@type\":\"PropertyValueSpecification\",\"valueRequired\":true,\"valueName\":\"search_term_string\"}}],\"inLanguage\":\"es\"}]}<\/script>\n<!-- \/ Yoast SEO Premium plugin. -->","yoast_head_json":{"title":"Fizzy Max III - 6 Sabores, 60K Puff Vape Desechable Recargable","description":"Experimenta el vapeador desechable recargable 6en1 Fizzy Max III con 60.000 caladas, 6 sabores \u00fanicos y una potente bater\u00eda de 850 mAh para vapear todo el d\u00eda.","robots":{"index":"index","follow":"follow","max-snippet":"max-snippet:-1","max-image-preview":"max-image-preview:large","max-video-preview":"max-video-preview:-1"},"canonical":"https:\/\/shop.fizzyvape.com\/es\/producto\/fizzy-max-iii-6en1-60k-60000-puffs-vape-desechable-fresa-uva-y-arandano-coco-y-melocoton-limon\/","og_locale":"es_ES","og_type":"article","og_title":"Fizzy Max III 6en1 60K 60000 Puffs Vape Desechable - Fresa Uva y Ar\u00e1ndano Coco y Melocot\u00f3n Lim\u00f3n","og_description":"Experimenta el vapeador desechable recargable 6en1 Fizzy Max III con 60.000 caladas, 6 sabores \u00fanicos y una potente bater\u00eda de 850 mAh para vapear todo el d\u00eda.","og_url":"https:\/\/shop.fizzyvape.com\/es\/producto\/fizzy-max-iii-6en1-60k-60000-puffs-vape-desechable-fresa-uva-y-arandano-coco-y-melocoton-limon\/","og_site_name":"shop.fizzyvape.com","article_modified_time":"2025-12-01T01:24:01+00:00","og_image":[{"url":"https:\/\/shop.fizzyvape.com\/wp-content\/uploads\/2025\/05\/Fizzy-Max-III-6in1-60K-60000-Puffs-3-1.webp","type":"","width":"","height":""}],"twitter_card":"summary_large_image","twitter_misc":{"Tiempo de lectura":"4 minutos"},"schema":{"@context":"https:\/\/schema.org","@graph":[{"@type":"WebPage","@id":"https:\/\/shop.fizzyvape.com\/es\/producto\/fizzy-max-iii-6en1-60k-60000-puffs-vape-desechable-fresa-uva-y-arandano-coco-y-melocoton-limon\/","url":"https:\/\/shop.fizzyvape.com\/es\/producto\/fizzy-max-iii-6en1-60k-60000-puffs-vape-desechable-fresa-uva-y-arandano-coco-y-melocoton-limon\/","name":"Fizzy Max III - 6 Sabores, 60K Puff Vape Desechable Recargable","isPartOf":{"@id":"https:\/\/shop.fizzyvape.com\/es\/#website"},"primaryImageOfPage":{"@id":"https:\/\/shop.fizzyvape.com\/es\/producto\/fizzy-max-iii-6en1-60k-60000-puffs-vape-desechable-fresa-uva-y-arandano-coco-y-melocoton-limon\/#primaryimage"},"image":{"@id":"https:\/\/shop.fizzyvape.com\/es\/producto\/fizzy-max-iii-6en1-60k-60000-puffs-vape-desechable-fresa-uva-y-arandano-coco-y-melocoton-limon\/#primaryimage"},"thumbnailUrl":"https:\/\/shop.fizzyvape.com\/wp-content\/uploads\/2025\/05\/Fizzy-Max-III-6in1-60K-60000-Puffs-3.jpg","datePublished":"2025-05-30T07:52:55+00:00","dateModified":"2025-12-01T01:24:01+00:00","description":"Experimenta el vapeador desechable recargable 6en1 Fizzy Max III con 60.000 caladas, 6 sabores \u00fanicos y una potente bater\u00eda de 850 mAh para vapear todo el d\u00eda.","breadcrumb":{"@id":"https:\/\/shop.fizzyvape.com\/es\/producto\/fizzy-max-iii-6en1-60k-60000-puffs-vape-desechable-fresa-uva-y-arandano-coco-y-melocoton-limon\/#breadcrumb"},"inLanguage":"es","potentialAction":[{"@type":"ReadAction","target":["https:\/\/shop.fizzyvape.com\/es\/producto\/fizzy-max-iii-6en1-60k-60000-puffs-vape-desechable-fresa-uva-y-arandano-coco-y-melocoton-limon\/"]}]},{"@type":"ImageObject","inLanguage":"es","@id":"https:\/\/shop.fizzyvape.com\/es\/producto\/fizzy-max-iii-6en1-60k-60000-puffs-vape-desechable-fresa-uva-y-arandano-coco-y-melocoton-limon\/#primaryimage","url":"https:\/\/shop.fizzyvape.com\/wp-content\/uploads\/2025\/05\/Fizzy-Max-III-6in1-60K-60000-Puffs-3.jpg","contentUrl":"https:\/\/shop.fizzyvape.com\/wp-content\/uploads\/2025\/05\/Fizzy-Max-III-6in1-60K-60000-Puffs-3.jpg","width":800,"height":800,"caption":"Fizzy Max III 6en1 60K 60000 Puffs-3"},{"@type":"BreadcrumbList","@id":"https:\/\/shop.fizzyvape.com\/es\/producto\/fizzy-max-iii-6en1-60k-60000-puffs-vape-desechable-fresa-uva-y-arandano-coco-y-melocoton-limon\/#breadcrumb","itemListElement":[{"@type":"ListItem","position":1,"name":"\u9996\u9875","item":"https:\/\/shop.fizzyvape.com\/es\/"},{"@type":"ListItem","position":2,"name":"Shop","item":"https:\/\/shop.fizzyvape.com\/shop\/"},{"@type":"ListItem","position":3,"name":"Fizzy Max III 6en1 60K 60000 Puffs Vape Desechable &#8211; Fresa Uva y Ar\u00e1ndano Coco y Melocot\u00f3n Lim\u00f3n"}]},{"@type":"WebSite","@id":"https:\/\/shop.fizzyvape.com\/es\/#website","url":"https:\/\/shop.fizzyvape.com\/es\/","name":"shop.fizzyvape.com","description":"The Best Disposable Vape In Europe | 10000 - 60000 Puffs  | Free Shipping","potentialAction":[{"@type":"SearchAction","target":{"@type":"EntryPoint","urlTemplate":"https:\/\/shop.fizzyvape.com\/es\/?s={search_term_string}"},"query-input":{"@type":"PropertyValueSpecification","valueRequired":true,"valueName":"search_term_string"}}],"inLanguage":"es"}]}},"tiered_pricing_type":"fixed","tiered_pricing_fixed_rules":[],"tiered_pricing_product_settings":{"layout":"default","base_unit_name":{"singular":null,"plural":null},"default_variation":null},"tiered_pricing_minimum_quantity":null,"tiered_pricing_roles_data":[],"tiered_pricing_percentage_rules":[],"tiered_pricing_maximum_quantity":null,"tiered_pricing_quantity_step":null,"_links":{"self":[{"href":"https:\/\/shop.fizzyvape.com\/es\/wp-json\/wp\/v2\/product\/19716","targetHints":{"allow":["GET"]}}],"collection":[{"href":"https:\/\/shop.fizzyvape.com\/es\/wp-json\/wp\/v2\/product"}],"about":[{"href":"https:\/\/shop.fizzyvape.com\/es\/wp-json\/wp\/v2\/types\/product"}],"replies":[{"embeddable":true,"href":"https:\/\/shop.fizzyvape.com\/es\/wp-json\/wp\/v2\/comments?post=19716"}],"version-history":[{"count":0,"href":"https:\/\/shop.fizzyvape.com\/es\/wp-json\/wp\/v2\/product\/19716\/revisions"}],"wp:featuredmedia":[{"embeddable":true,"href":"https:\/\/shop.fizzyvape.com\/es\/wp-json\/wp\/v2\/media\/18705"}],"wp:attachment":[{"href":"https:\/\/shop.fizzyvape.com\/es\/wp-json\/wp\/v2\/media?parent=19716"}],"wp:term":[{"taxonomy":"product_brand","embeddable":true,"href":"https:\/\/shop.fizzyvape.com\/es\/wp-json\/wp\/v2\/product_brand?post=19716"},{"taxonomy":"product_cat","embeddable":true,"href":"https:\/\/shop.fizzyvape.com\/es\/wp-json\/wp\/v2\/product_cat?post=19716"},{"taxonomy":"product_tag","embeddable":true,"href":"https:\/\/shop.fizzyvape.com\/es\/wp-json\/wp\/v2\/product_tag?post=19716"}],"curies":[{"name":"wp","href":"https:\/\/api.w.org\/{rel}","templated":true}]}}