{"id":19731,"date":"2025-05-15T07:08:25","date_gmt":"2025-05-15T07:08:25","guid":{"rendered":"https:\/\/shop.fizzyvape.com\/product\/fizzy-twins-mixed-berry-peach-ice-50000-puffs-vape-desechable\/"},"modified":"2025-12-23T08:32:01","modified_gmt":"2025-12-23T08:32:01","slug":"fizzy-twins-mixed-berry-peach-ice-50000-puffs-vape-desechable","status":"publish","type":"product","link":"https:\/\/shop.fizzyvape.com\/es\/producto\/fizzy-twins-mixed-berry-peach-ice-50000-puffs-vape-desechable\/","title":{"rendered":"Fizzy Twins Mixed Berry &amp; Peach Ice 50000 Puffs Vape Desechable"},"content":{"rendered":"<div>\n<h2>Fizzy Twins Mixed Berry &amp; Peach Ice 50000 Puffs &#8211; Vape desechable refrescante de doble sabor<\/h2>\n<h4><strong>Doble sabor. Capacidad masiva. Puro Refresco.  <\/strong><\/h4>\n<p>Ad\u00e9ntrate en un mundo de sabores atrevidos y refrescantes con el vapeador <strong>Fizzy Twins Mixed Berry &amp; Peach Ice 50.000 Puffs<\/strong>. Dise\u00f1ado para ofrecer rendimiento y comodidad, este vapeador desechable de primera calidad combina la deliciosa dulzura de las <strong>bayas mixtas<\/strong> con el fresco frescor del <strong>melocot\u00f3n helado<\/strong>, proporcionando una vibrante experiencia de doble sabor con cada calada. <\/p>\n<h3><strong>Caracter\u00edsticas principales:<\/strong><\/h3>\n<ul>\n<li><strong>Hasta 50.000 inhalaciones<\/strong> &#8211; Ultralarga duraci\u00f3n para un uso diario prolongado sin interrupciones<\/li>\n<li><strong>Sistema de doble sabor<\/strong>: alterna entre dos sabores crujientes y refrescantes:\n<ul>\n<li><strong>Mezcla de bayas<\/strong> &#8211; Dulce, picante y vibrante<\/li>\n<li><strong>Melocot\u00f3n helado<\/strong> &#8211; Fresco, jugoso y refrescante<\/li>\n<\/ul>\n<\/li>\n<li><strong>Sistema de doble dep\u00f3sito<\/strong> &#8211; Mantiene cada sabor separado y puro<\/li>\n<li><strong>Bater\u00eda recargable (850mAh<\/strong> ) &#8211; Carga r\u00e1pida USB-C, siempre a punto<\/li>\n<li><strong>E-l\u00edquido precargado masivo de 50ML<\/strong> &#8211; Sin recargas, sin l\u00edos<\/li>\n<li><strong>Flujo de aire ajustable<\/strong>: suave o atrevido, como a ti te gusta<\/li>\n<li><strong>Modos de alimentaci\u00f3n dual<\/strong> &#8211;\n<ul>\n<li><strong>Modo ECO<\/strong> para un sabor y vapor equilibrados<\/li>\n<li><strong>Modo Boost<\/strong> para nubes m\u00e1s densas y golpes m\u00e1s fuertes<\/li>\n<\/ul>\n<\/li>\n<li><strong>Carcasa met\u00e1lica de primera calidad<\/strong>: elegante, ergon\u00f3mica y fabricada para ofrecer comodidad y durabilidad.<\/li>\n<\/ul>\n<\/div>\n<div>\n<h3><strong>Opciones de nicotina:<\/strong><\/h3>\n<ul>\n<li><strong>2% (20mg\/mL <\/strong>) &#8211; Ideal para una experiencia de vapeo suave y sabrosa<\/li>\n<li><strong>5% (50mg\/mL <\/strong>) &#8211; Dise\u00f1ado para un golpe de garganta m\u00e1s fuerte y satisfactorio<\/li>\n<\/ul>\n<h3>Lista de sabores de <strong>Fizzy Twins <\/strong>50000 Puffs:<\/h3>\n<ol>\n<li><a href=\"https:\/\/shop.fizzyvape.com\/producto\/fizzy-twins-watermelon-ice-strawberry-kiwi-50000-puffs-disposable-vape\/\">Sand\u00eda Helada y Fresa Kiwi<\/a><\/li>\n<li><a href=\"https:\/\/shop.fizzyvape.com\/es\/producto\/fizzy-twins-fresa-kiwi-granada-red-bull-50000-puffs-vape-desechable\/\">Fresa Kiwi Granada y Red Bull<\/a><\/li>\n<li><a href=\"https:\/\/shop.fizzyvape.com\/es\/producto\/fizzy-twins-arandano-coco-y-uva-hielo-50000-puffs-vape-desechable\/\">Hielo de ar\u00e1ndanos, coco y uva<\/a><\/li>\n<li><a href=\"https:\/\/shop.fizzyvape.com\/es\/producto\/fizzy-twins-limonada-blue-razz-melon-triple-50000-puffs-vape-desechable\/\">Limonada Blue Razz y Mel\u00f3n Triple<\/a><\/li>\n<li><a href=\"https:\/\/shop.fizzyvape.com\/es\/producto\/fizzy-twins-fresa-sandia-y-arandanos-hielo-50000-puffs-vape-desechable\/\">Hielo de fresa, sand\u00eda y ar\u00e1ndanos<\/a><\/li>\n<li><a href=\"https:\/\/shop.fizzyvape.com\/es\/producto\/fizzy-twins-melocoton-mango-sandia-y-fresa-platano-50000-puffs-vape-desechable\/\">Melocot\u00f3n Mango Sand\u00eda y Fresa Pl\u00e1tano<\/a><\/li>\n<li><a href=\"https:\/\/shop.fizzyvape.com\/es\/producto\/fizzy-twins-frambuesa-sandia-y-kiwi-fruta-de-la-pasion-guayaba-50000-puffs-vape-desechable\/\">Frambuesa Sand\u00eda y Kiwi Fruta de la Pasi\u00f3n Guayaba<\/a><\/li>\n<li><a href=\"https:\/\/shop.fizzyvape.com\/es\/producto\/fizzy-twins-pina-melocoton-fruta-de-la-pasion-y-arandano-frambuesa-50000-puffs-vape-desechable\/\">Pi\u00f1a Melocot\u00f3n Fruta de la Pasi\u00f3n y Ar\u00e1ndanos Frambuesa<\/a><\/li>\n<li><a href=\"https:\/\/shop.fizzyvape.com\/es\/producto\/fizzy-twins-sandia-helada-y-lima-limon-50000-puffs-vape-desechable\/\">Hielo de sand\u00eda y lima lim\u00f3n<\/a><\/li>\n<li><a href=\"https:\/\/shop.fizzyvape.com\/es\/producto\/fizzy-twins-mixed-berry-peach-ice-50000-puffs-vape-desechable\/\">Hielo de frutas del bosque y melocot\u00f3n<\/a><\/li>\n<li><a href=\"https:\/\/shop.fizzyvape.com\/es\/producto\/fizzy-twins-fresa-helada-y-cereza-efervescente-50000-caladas-vape-desechable\/\">Fresa helada y cereza efervescente<\/a><\/li>\n<li><a href=\"https:\/\/shop.fizzyvape.com\/es\/producto\/fizzy-twins-limonada-de-frambuesa-y-fresa-helada-50000-puffs-vape-desechable\/\">Limonada de Frambuesa y Hielo de Fresa<\/a><\/li>\n<\/ol>\n<h3>Preguntas frecuentes sobre Fizzy Twins Mixed Berry &amp; Peach Ice 50000 Puffs Vape<\/h3>\n<p><strong>1. \u00bfC\u00f3mo cambio entre los sabores Fruta mixta y Melocot\u00f3n helado?<\/strong><br \/>\nFizzy Twins utiliza un sistema de doble dep\u00f3sito que te permite alternar f\u00e1cilmente entre los dos sabores. S\u00f3lo tienes que activar el interruptor de sabor incorporado para disfrutar del dulce mixto de bayas o del fresco helado de melocot\u00f3n. <\/p>\n<p><strong>2. \u00bfEs recargable el aparato y cu\u00e1nto dura la bater\u00eda?<\/strong><br \/>\nS\u00ed, el vapeador incorpora una bater\u00eda recargable de 850 mAh con carga r\u00e1pida USB-C. La duraci\u00f3n de la bater\u00eda var\u00eda en funci\u00f3n del uso, pero est\u00e1 dise\u00f1ada para soportar varias sesiones largas de vapeo con una sola carga. <\/p>\n<p><strong>3. \u00bfPuedo ajustar el flujo de aire o la intensidad del vapor?<\/strong><br \/>\n\u00a1Sin duda! Este vape incluye flujo de aire ajustable y dos modos de potencia. Utiliza el Modo ECO para caladas m\u00e1s suaves y equilibradas o cambia al Modo Boost para un vapor m\u00e1s fuerte y un golpe de garganta m\u00e1s intenso.  <\/p>\n<p><strong>4. \u00bfTengo que rellenar el vape con e-l\u00edquido?<\/strong><br \/>\nNo es necesario rellenarlo. El dispositivo viene precargado con 50 ml de e-l\u00edquido de primera calidad; s\u00f3lo tienes que usarlo hasta que se agote y sustituirlo cuando sea necesario. <\/p>\n<p><strong>5. \u00bfQu\u00e9 diferencia a este vape de los desechables est\u00e1ndar?<\/strong><br \/>\nFizzy Twins destaca por su sistema de doble sabor, su enorme capacidad de 50.000 caladas, su dise\u00f1o recargable y sus funciones de vapeo personalizables, todo ello envuelto en una elegante y duradera carcasa met\u00e1lica.<\/p>\n<\/div>\n","protected":false},"excerpt":{"rendered":"<p>El vaporizador desechable Fizzy Twins Mixed Berry &amp; Peach Ice 50000 Puffs ofrece una refrescante experiencia de doble sabor con un rendimiento duradero, bater\u00eda recargable, flujo de aire ajustable y dos modos de potencia para un placer de vapeo personalizable.<\/p>\n","protected":false},"featured_media":18519,"comment_status":"open","ping_status":"closed","template":"","meta":[],"product_brand":[],"product_cat":[127,154],"product_tag":[140,141,132,131],"class_list":{"0":"post-19731","1":"product","2":"type-product","3":"status-publish","4":"has-post-thumbnail","6":"product_cat-vapeador-desechable-fizzy-twins-50000-puffs","7":"product_cat-vaper-recargable-online","8":"product_tag-50k-puffs","9":"product_tag-doble-sabor","10":"product_tag-vaper-recargable","11":"product_tag-vape-desechable-online","13":"first","14":"outofstock","15":"shipping-taxable","16":"purchasable","17":"product-type-variable"},"yoast_head":"<!-- This site is optimized with the Yoast SEO Premium plugin v24.8 (Yoast SEO v27.4) - https:\/\/yoast.com\/product\/yoast-seo-premium-wordpress\/ -->\n<title>Fizzy Twins 50000 Puffs Vape Desechable Doble Sabor<\/title>\n<meta name=\"description\" content=\"El vaporizador desechable Fizzy Twins 50000 Puffs ofrece sabores duales, carga USB-C, flujo de aire ajustable y rendimiento duradero.\" \/>\n<meta name=\"robots\" content=\"index, follow, max-snippet:-1, max-image-preview:large, max-video-preview:-1\" \/>\n<link rel=\"canonical\" href=\"https:\/\/shop.fizzyvape.com\/es\/producto\/fizzy-twins-mixed-berry-peach-ice-50000-puffs-vape-desechable\/\" \/>\n<meta property=\"og:locale\" content=\"es_ES\" \/>\n<meta property=\"og:type\" content=\"article\" \/>\n<meta property=\"og:title\" content=\"Fizzy Twins Mixed Berry &amp; Peach Ice 50000 Puffs Vape Desechable\" \/>\n<meta property=\"og:description\" content=\"El vaporizador desechable Fizzy Twins 50000 Puffs ofrece sabores duales, carga USB-C, flujo de aire ajustable y rendimiento duradero.\" \/>\n<meta property=\"og:url\" content=\"https:\/\/shop.fizzyvape.com\/es\/producto\/fizzy-twins-mixed-berry-peach-ice-50000-puffs-vape-desechable\/\" \/>\n<meta property=\"og:site_name\" content=\"shop.fizzyvape.com\" \/>\n<meta property=\"article:modified_time\" content=\"2025-12-23T08:32:01+00:00\" \/>\n<meta name=\"twitter:card\" content=\"summary_large_image\" \/>\n<meta name=\"twitter:label1\" content=\"Tiempo de lectura\" \/>\n\t<meta name=\"twitter:data1\" content=\"3 minutos\" \/>\n<script type=\"application\/ld+json\" class=\"yoast-schema-graph\">{\"@context\":\"https:\\\/\\\/schema.org\",\"@graph\":[{\"@type\":\"WebPage\",\"@id\":\"https:\\\/\\\/shop.fizzyvape.com\\\/es\\\/producto\\\/fizzy-twins-mixed-berry-peach-ice-50000-puffs-vape-desechable\\\/\",\"url\":\"https:\\\/\\\/shop.fizzyvape.com\\\/es\\\/producto\\\/fizzy-twins-mixed-berry-peach-ice-50000-puffs-vape-desechable\\\/\",\"name\":\"Fizzy Twins 50000 Puffs Vape Desechable Doble Sabor\",\"isPartOf\":{\"@id\":\"https:\\\/\\\/shop.fizzyvape.com\\\/es\\\/#website\"},\"primaryImageOfPage\":{\"@id\":\"https:\\\/\\\/shop.fizzyvape.com\\\/es\\\/producto\\\/fizzy-twins-mixed-berry-peach-ice-50000-puffs-vape-desechable\\\/#primaryimage\"},\"image\":{\"@id\":\"https:\\\/\\\/shop.fizzyvape.com\\\/es\\\/producto\\\/fizzy-twins-mixed-berry-peach-ice-50000-puffs-vape-desechable\\\/#primaryimage\"},\"thumbnailUrl\":\"https:\\\/\\\/shop.fizzyvape.com\\\/wp-content\\\/uploads\\\/2025\\\/05\\\/Mixed-Berry-Peach-Ice-50000-Puffs-Disposable-Vape.webp\",\"datePublished\":\"2025-05-15T07:08:25+00:00\",\"dateModified\":\"2025-12-23T08:32:01+00:00\",\"description\":\"El vaporizador desechable Fizzy Twins 50000 Puffs ofrece sabores duales, carga USB-C, flujo de aire ajustable y rendimiento duradero.\",\"breadcrumb\":{\"@id\":\"https:\\\/\\\/shop.fizzyvape.com\\\/es\\\/producto\\\/fizzy-twins-mixed-berry-peach-ice-50000-puffs-vape-desechable\\\/#breadcrumb\"},\"inLanguage\":\"es\",\"potentialAction\":[{\"@type\":\"ReadAction\",\"target\":[\"https:\\\/\\\/shop.fizzyvape.com\\\/es\\\/producto\\\/fizzy-twins-mixed-berry-peach-ice-50000-puffs-vape-desechable\\\/\"]}]},{\"@type\":\"ImageObject\",\"inLanguage\":\"es\",\"@id\":\"https:\\\/\\\/shop.fizzyvape.com\\\/es\\\/producto\\\/fizzy-twins-mixed-berry-peach-ice-50000-puffs-vape-desechable\\\/#primaryimage\",\"url\":\"https:\\\/\\\/shop.fizzyvape.com\\\/wp-content\\\/uploads\\\/2025\\\/05\\\/Mixed-Berry-Peach-Ice-50000-Puffs-Disposable-Vape.webp\",\"contentUrl\":\"https:\\\/\\\/shop.fizzyvape.com\\\/wp-content\\\/uploads\\\/2025\\\/05\\\/Mixed-Berry-Peach-Ice-50000-Puffs-Disposable-Vape.webp\",\"width\":800,\"height\":800,\"caption\":\"Mixed Berry &amp; Peach Ice 50000 Puffs Vape Desechable\"},{\"@type\":\"BreadcrumbList\",\"@id\":\"https:\\\/\\\/shop.fizzyvape.com\\\/es\\\/producto\\\/fizzy-twins-mixed-berry-peach-ice-50000-puffs-vape-desechable\\\/#breadcrumb\",\"itemListElement\":[{\"@type\":\"ListItem\",\"position\":1,\"name\":\"\u9996\u9875\",\"item\":\"https:\\\/\\\/shop.fizzyvape.com\\\/es\\\/\"},{\"@type\":\"ListItem\",\"position\":2,\"name\":\"Shop\",\"item\":\"https:\\\/\\\/shop.fizzyvape.com\\\/shop\\\/\"},{\"@type\":\"ListItem\",\"position\":3,\"name\":\"Fizzy Twins Mixed Berry &amp; Peach Ice 50000 Puffs Vape Desechable\"}]},{\"@type\":\"WebSite\",\"@id\":\"https:\\\/\\\/shop.fizzyvape.com\\\/es\\\/#website\",\"url\":\"https:\\\/\\\/shop.fizzyvape.com\\\/es\\\/\",\"name\":\"shop.fizzyvape.com\",\"description\":\"The Best Disposable Vape In Europe | 10000 - 60000 Puffs  | Free Shipping\",\"potentialAction\":[{\"@type\":\"SearchAction\",\"target\":{\"@type\":\"EntryPoint\",\"urlTemplate\":\"https:\\\/\\\/shop.fizzyvape.com\\\/es\\\/?s={search_term_string}\"},\"query-input\":{\"@type\":\"PropertyValueSpecification\",\"valueRequired\":true,\"valueName\":\"search_term_string\"}}],\"inLanguage\":\"es\"}]}<\/script>\n<!-- \/ Yoast SEO Premium plugin. -->","yoast_head_json":{"title":"Fizzy Twins 50000 Puffs Vape Desechable Doble Sabor","description":"El vaporizador desechable Fizzy Twins 50000 Puffs ofrece sabores duales, carga USB-C, flujo de aire ajustable y rendimiento duradero.","robots":{"index":"index","follow":"follow","max-snippet":"max-snippet:-1","max-image-preview":"max-image-preview:large","max-video-preview":"max-video-preview:-1"},"canonical":"https:\/\/shop.fizzyvape.com\/es\/producto\/fizzy-twins-mixed-berry-peach-ice-50000-puffs-vape-desechable\/","og_locale":"es_ES","og_type":"article","og_title":"Fizzy Twins Mixed Berry &amp; Peach Ice 50000 Puffs Vape Desechable","og_description":"El vaporizador desechable Fizzy Twins 50000 Puffs ofrece sabores duales, carga USB-C, flujo de aire ajustable y rendimiento duradero.","og_url":"https:\/\/shop.fizzyvape.com\/es\/producto\/fizzy-twins-mixed-berry-peach-ice-50000-puffs-vape-desechable\/","og_site_name":"shop.fizzyvape.com","article_modified_time":"2025-12-23T08:32:01+00:00","twitter_card":"summary_large_image","twitter_misc":{"Tiempo de lectura":"3 minutos"},"schema":{"@context":"https:\/\/schema.org","@graph":[{"@type":"WebPage","@id":"https:\/\/shop.fizzyvape.com\/es\/producto\/fizzy-twins-mixed-berry-peach-ice-50000-puffs-vape-desechable\/","url":"https:\/\/shop.fizzyvape.com\/es\/producto\/fizzy-twins-mixed-berry-peach-ice-50000-puffs-vape-desechable\/","name":"Fizzy Twins 50000 Puffs Vape Desechable Doble Sabor","isPartOf":{"@id":"https:\/\/shop.fizzyvape.com\/es\/#website"},"primaryImageOfPage":{"@id":"https:\/\/shop.fizzyvape.com\/es\/producto\/fizzy-twins-mixed-berry-peach-ice-50000-puffs-vape-desechable\/#primaryimage"},"image":{"@id":"https:\/\/shop.fizzyvape.com\/es\/producto\/fizzy-twins-mixed-berry-peach-ice-50000-puffs-vape-desechable\/#primaryimage"},"thumbnailUrl":"https:\/\/shop.fizzyvape.com\/wp-content\/uploads\/2025\/05\/Mixed-Berry-Peach-Ice-50000-Puffs-Disposable-Vape.webp","datePublished":"2025-05-15T07:08:25+00:00","dateModified":"2025-12-23T08:32:01+00:00","description":"El vaporizador desechable Fizzy Twins 50000 Puffs ofrece sabores duales, carga USB-C, flujo de aire ajustable y rendimiento duradero.","breadcrumb":{"@id":"https:\/\/shop.fizzyvape.com\/es\/producto\/fizzy-twins-mixed-berry-peach-ice-50000-puffs-vape-desechable\/#breadcrumb"},"inLanguage":"es","potentialAction":[{"@type":"ReadAction","target":["https:\/\/shop.fizzyvape.com\/es\/producto\/fizzy-twins-mixed-berry-peach-ice-50000-puffs-vape-desechable\/"]}]},{"@type":"ImageObject","inLanguage":"es","@id":"https:\/\/shop.fizzyvape.com\/es\/producto\/fizzy-twins-mixed-berry-peach-ice-50000-puffs-vape-desechable\/#primaryimage","url":"https:\/\/shop.fizzyvape.com\/wp-content\/uploads\/2025\/05\/Mixed-Berry-Peach-Ice-50000-Puffs-Disposable-Vape.webp","contentUrl":"https:\/\/shop.fizzyvape.com\/wp-content\/uploads\/2025\/05\/Mixed-Berry-Peach-Ice-50000-Puffs-Disposable-Vape.webp","width":800,"height":800,"caption":"Mixed Berry &amp; Peach Ice 50000 Puffs Vape Desechable"},{"@type":"BreadcrumbList","@id":"https:\/\/shop.fizzyvape.com\/es\/producto\/fizzy-twins-mixed-berry-peach-ice-50000-puffs-vape-desechable\/#breadcrumb","itemListElement":[{"@type":"ListItem","position":1,"name":"\u9996\u9875","item":"https:\/\/shop.fizzyvape.com\/es\/"},{"@type":"ListItem","position":2,"name":"Shop","item":"https:\/\/shop.fizzyvape.com\/shop\/"},{"@type":"ListItem","position":3,"name":"Fizzy Twins Mixed Berry &amp; Peach Ice 50000 Puffs Vape Desechable"}]},{"@type":"WebSite","@id":"https:\/\/shop.fizzyvape.com\/es\/#website","url":"https:\/\/shop.fizzyvape.com\/es\/","name":"shop.fizzyvape.com","description":"The Best Disposable Vape In Europe | 10000 - 60000 Puffs  | Free Shipping","potentialAction":[{"@type":"SearchAction","target":{"@type":"EntryPoint","urlTemplate":"https:\/\/shop.fizzyvape.com\/es\/?s={search_term_string}"},"query-input":{"@type":"PropertyValueSpecification","valueRequired":true,"valueName":"search_term_string"}}],"inLanguage":"es"}]}},"tiered_pricing_type":"fixed","tiered_pricing_fixed_rules":[],"tiered_pricing_product_settings":{"layout":"default","base_unit_name":{"singular":null,"plural":null},"default_variation":null},"tiered_pricing_minimum_quantity":null,"tiered_pricing_roles_data":[],"tiered_pricing_percentage_rules":[],"tiered_pricing_maximum_quantity":null,"tiered_pricing_quantity_step":null,"_links":{"self":[{"href":"https:\/\/shop.fizzyvape.com\/es\/wp-json\/wp\/v2\/product\/19731","targetHints":{"allow":["GET"]}}],"collection":[{"href":"https:\/\/shop.fizzyvape.com\/es\/wp-json\/wp\/v2\/product"}],"about":[{"href":"https:\/\/shop.fizzyvape.com\/es\/wp-json\/wp\/v2\/types\/product"}],"replies":[{"embeddable":true,"href":"https:\/\/shop.fizzyvape.com\/es\/wp-json\/wp\/v2\/comments?post=19731"}],"version-history":[{"count":0,"href":"https:\/\/shop.fizzyvape.com\/es\/wp-json\/wp\/v2\/product\/19731\/revisions"}],"wp:featuredmedia":[{"embeddable":true,"href":"https:\/\/shop.fizzyvape.com\/es\/wp-json\/wp\/v2\/media\/18519"}],"wp:attachment":[{"href":"https:\/\/shop.fizzyvape.com\/es\/wp-json\/wp\/v2\/media?parent=19731"}],"wp:term":[{"taxonomy":"product_brand","embeddable":true,"href":"https:\/\/shop.fizzyvape.com\/es\/wp-json\/wp\/v2\/product_brand?post=19731"},{"taxonomy":"product_cat","embeddable":true,"href":"https:\/\/shop.fizzyvape.com\/es\/wp-json\/wp\/v2\/product_cat?post=19731"},{"taxonomy":"product_tag","embeddable":true,"href":"https:\/\/shop.fizzyvape.com\/es\/wp-json\/wp\/v2\/product_tag?post=19731"}],"curies":[{"name":"wp","href":"https:\/\/api.w.org\/{rel}","templated":true}]}}