{"id":19739,"date":"2025-05-15T07:08:24","date_gmt":"2025-05-15T07:08:24","guid":{"rendered":"https:\/\/shop.fizzyvape.com\/product\/fizzy-twins-sandia-helada-y-fresa-kiwi-50000-puffs-vape-desechable\/"},"modified":"2025-12-23T08:28:20","modified_gmt":"2025-12-23T08:28:20","slug":"fizzy-twins-sandia-helada-y-fresa-kiwi-50000-puffs-vape-desechable","status":"publish","type":"product","link":"https:\/\/shop.fizzyvape.com\/es\/producto\/fizzy-twins-sandia-helada-y-fresa-kiwi-50000-puffs-vape-desechable\/","title":{"rendered":"Fizzy Twins Sand\u00eda Helada y Fresa Kiwi &#8211; 50000 Puffs Vape Desechable"},"content":{"rendered":"<div>\n<h1>Fizzy Twins Sand\u00eda Helada y Fresa Kiwi &#8211; 50000 Bocanadas Doble Sabor Desechables?Vape<\/h1>\n<h4><strong>Sabor Dual Definitivo. Ultra Larga Duraci\u00f3n. Sin compromisos.  <\/strong><\/h4>\n<p>Experimenta el siguiente nivel de comodidad al vapear con el <strong>Fizzy Twins 50000 Puffs<\/strong>. Con un avanzado <strong>sistema de doble dep\u00f3sito<\/strong>, este dispositivo te permite cambiar sin esfuerzo entre dos sabores atrevidos y refrescantes: <\/p>\n<ul>\n<li><strong>Sand\u00eda helada<\/strong> &#8211; Fresca, jugosa y ultrarrefrescante<\/li>\n<li><strong>Fresa Kiwi<\/strong> &#8211; Dulce y \u00e1cido, con un suave toque afrutado<\/li>\n<\/ul>\n<p>Con <strong>un flujo de aire ajustable<\/strong> y <strong>dos modos de potencia<\/strong>, tendr\u00e1s el control total de cada calada, desde suaves y suaves caladas hasta potentes y satisfactorias caladas.<\/p>\n<h3>Caracter\u00edsticas principales:<\/h3>\n<ul>\n<li><strong>Hasta 50.000 inhalaciones<\/strong> &#8211; Capacidad ultra alta para un uso prolongado<\/li>\n<li><strong>Bater\u00eda recargable de 850 mAh<\/strong> &#8211; Carga USB Tipo-C para una alimentaci\u00f3n r\u00e1pida y fiable<\/li>\n<li><strong>E-l\u00edquido precargado de 50ML<\/strong> &#8211; Sin rellenar, s\u00f3lo vapea y disfruta<\/li>\n<li><strong>Sistema de doble sabor<\/strong>: cambia sin problemas entre dos sabores distintos<\/li>\n<li><strong>Tecnolog\u00eda de doble dep\u00f3sito<\/strong>: evita la mezcla de sabores y mantiene la pureza<\/li>\n<li><strong>Flujo de aire ajustable<\/strong>: personaliza tu calada para una inhalaci\u00f3n m\u00e1s suave o m\u00e1s fuerte<\/li>\n<li><strong>Modos de potencia dual<\/strong>: elige el modo ECO para un vapeo equilibrado o el modo BOOST para m\u00e1s intensidad<\/li>\n<li><strong>Dise\u00f1o port\u00e1til y ergon\u00f3mico<\/strong> &#8211; Elegante, con estilo y c\u00f3modo en la mano<\/li>\n<li><strong>Carcasa met\u00e1lica de primera calidad<\/strong> &#8211; Acabado duradero y lujoso para el uso diario<\/li>\n<\/ul>\n<\/div>\n<div>\n<h3><strong>Opciones de nicotina:<\/strong><\/h3>\n<ul>\n<li><strong>2% (20mg\/mL <\/strong>) &#8211; Ideal para una experiencia de vapeo suave y sabrosa<\/li>\n<li><strong>5% (50mg\/mL <\/strong>) &#8211; Dise\u00f1ado para un golpe de garganta m\u00e1s fuerte y satisfactorio<\/li>\n<\/ul>\n<h3>Lista de sabores de <strong>Fizzy Twins <\/strong>50000 Puffs:<\/h3>\n<ol>\n<li><a href=\"https:\/\/shop.fizzyvape.com\/es\/producto\/fizzy-twins-sandia-helada-y-fresa-kiwi-50000-puffs-vape-desechable\/\">Sand\u00eda Helada y Fresa Kiwi<\/a><\/li>\n<li><a href=\"https:\/\/shop.fizzyvape.com\/es\/producto\/fizzy-twins-fresa-kiwi-granada-red-bull-50000-puffs-vape-desechable\/\">Fresa Kiwi Granada y Red Bull<\/a><\/li>\n<li><a href=\"https:\/\/shop.fizzyvape.com\/es\/producto\/fizzy-twins-arandano-coco-y-uva-hielo-50000-puffs-vape-desechable\/\">Hielo de ar\u00e1ndanos, coco y uva<\/a><\/li>\n<li><a href=\"https:\/\/shop.fizzyvape.com\/es\/producto\/fizzy-twins-limonada-blue-razz-melon-triple-50000-puffs-vape-desechable\/\">Limonada Blue Razz y Mel\u00f3n Triple<\/a><\/li>\n<li><a href=\"https:\/\/shop.fizzyvape.com\/es\/producto\/fizzy-twins-fresa-sandia-y-arandanos-hielo-50000-puffs-vape-desechable\/\">Hielo de fresa, sand\u00eda y ar\u00e1ndanos<\/a><\/li>\n<li><a href=\"https:\/\/shop.fizzyvape.com\/es\/producto\/fizzy-twins-melocoton-mango-sandia-y-fresa-platano-50000-puffs-vape-desechable\/\">Melocot\u00f3n Mango Sand\u00eda y Fresa Pl\u00e1tano<\/a><\/li>\n<li><a href=\"https:\/\/shop.fizzyvape.com\/es\/producto\/fizzy-twins-frambuesa-sandia-y-kiwi-fruta-de-la-pasion-guayaba-50000-puffs-vape-desechable\/\">Frambuesa Sand\u00eda y Kiwi Fruta de la Pasi\u00f3n Guayaba<\/a><\/li>\n<li><a href=\"https:\/\/shop.fizzyvape.com\/es\/producto\/fizzy-twins-pina-melocoton-fruta-de-la-pasion-y-arandano-frambuesa-50000-puffs-vape-desechable\/\">Pi\u00f1a Melocot\u00f3n Fruta de la Pasi\u00f3n y Ar\u00e1ndanos Frambuesa<\/a><\/li>\n<li><a href=\"https:\/\/shop.fizzyvape.com\/es\/producto\/fizzy-twins-sandia-helada-y-lima-limon-50000-puffs-vape-desechable\/\">Hielo de sand\u00eda y lima lim\u00f3n<\/a><\/li>\n<li><a href=\"https:\/\/shop.fizzyvape.com\/es\/producto\/fizzy-twins-mixed-berry-peach-ice-50000-puffs-vape-desechable\/\">Hielo de frutas del bosque y melocot\u00f3n<\/a><\/li>\n<li><a href=\"https:\/\/shop.fizzyvape.com\/es\/producto\/fizzy-twins-fresa-helada-y-cereza-efervescente-50000-caladas-vape-desechable\/\">Fresa helada y cereza efervescente<\/a><\/li>\n<li><a href=\"https:\/\/shop.fizzyvape.com\/es\/producto\/fizzy-twins-limonada-de-frambuesa-y-fresa-helada-50000-puffs-vape-desechable\/\">Limonada de Frambuesa y Hielo de Fresa<\/a><\/li>\n<\/ol>\n<h3>Preguntas frecuentes sobre Fizzy Twins Sand\u00eda Helada y Fresa Kiwi 50000 Puffs Vape<\/h3>\n<p><strong>1. \u00bfC\u00f3mo cambio entre los dos sabores?<\/strong><br \/>\nFizzy Twins est\u00e1 dise\u00f1ado con un avanzado <strong>sistema de doble dep\u00f3sito<\/strong> que te permite cambiar de sabor sin esfuerzo. S\u00f3lo tienes que utilizar el mecanismo de conmutaci\u00f3n integrado para elegir entre <strong>Sand\u00eda Helada<\/strong> y <strong>Fresa Kiwi<\/strong>, sin necesidad de configuraci\u00f3n adicional. <\/p>\n<p><strong>2. \u00bfC\u00f3mo se recarga el dispositivo y cu\u00e1nto dura la bater\u00eda?<\/strong><br \/>\nEl dispositivo dispone de una <strong>bater\u00eda recargable de 850 mAh<\/strong> y se carga mediante <strong>USB Tipo-C<\/strong> para una alimentaci\u00f3n r\u00e1pida y fiable. La duraci\u00f3n de la bater\u00eda var\u00eda con el uso, pero una carga completa suele durar <strong>varias sesiones de vapeo prolongadas<\/strong>. <\/p>\n<p><strong>3. \u00bfPuedo ajustar la intensidad de vaporizaci\u00f3n?<\/strong><br \/>\n\u00a1Sin duda! Fizzy Twins incluye <strong>flujo de aire ajustable<\/strong> y <strong>dos modos de potencia<\/strong> para adaptar tu experiencia. Elige <strong>el Modo ECO<\/strong> para un vapor m\u00e1s suave y moderado o <strong>el Modo Boost<\/strong> para un golpe de garganta m\u00e1s potente y nubes densas.  <\/p>\n<p><strong>4. \u00bfNecesito rellenarlo con e-l\u00edquido?<\/strong><br \/>\nNo es necesario rellenarlo. Cada dispositivo viene <strong>precargado con 50 ml de e-l\u00edquido de primera calidad<\/strong>, por lo que no necesita mantenimiento. Cuando se agote el e-l\u00edquido, s\u00f3lo tienes que sustituir el dispositivo por uno nuevo.  <\/p>\n<p><strong>5. \u00bfQu\u00e9 concentraciones de nicotina hay disponibles?<\/strong><br \/>\nFizzy Twins ofrece dos opciones de potencia de nicotina para adaptarse a tus preferencias:<\/p>\n<ul>\n<li><strong>2% (20mg\/mL<\/strong> ) &#8211; Suave y sabroso con un aporte moderado de nicotina<\/li>\n<li><strong>5% (50mg\/mL<\/strong> ) &#8211; M\u00e1s fuerte para los usuarios que buscan un golpe de garganta m\u00e1s intenso<\/li>\n<\/ul>\n<\/div>\n","protected":false},"excerpt":{"rendered":"<p>Descubre el refrescante vapeo de doble sabor con el vapeador desechable Fizzy Twins Watermelon Ice &amp; Strawberry Kiwi 50000 Puffs. Disfruta de un cambio suave entre dos sabores vibrantes, respaldado por una bater\u00eda recargable de 850 mAh, dos modos de alimentaci\u00f3n y 50 ml de e-l\u00edquido precargado, todo ello en un dise\u00f1o elegante y ergon\u00f3mico para un rendimiento duradero y lleno de sabor. <\/p>\n","protected":false},"featured_media":18537,"comment_status":"open","ping_status":"closed","template":"","meta":[],"product_brand":[],"product_cat":[127,154],"product_tag":[140,141,132,131],"class_list":{"0":"post-19739","1":"product","2":"type-product","3":"status-publish","4":"has-post-thumbnail","6":"product_cat-vapeador-desechable-fizzy-twins-50000-puffs","7":"product_cat-vaper-recargable-online","8":"product_tag-50k-puffs","9":"product_tag-doble-sabor","10":"product_tag-vaper-recargable","11":"product_tag-vape-desechable-online","13":"first","14":"outofstock","15":"shipping-taxable","16":"purchasable","17":"product-type-variable"},"yoast_head":"<!-- This site is optimized with the Yoast SEO Premium plugin v24.8 (Yoast SEO v27.4) - https:\/\/yoast.com\/product\/yoast-seo-premium-wordpress\/ -->\n<title>Fizzy Twins 50000 Puffs Vape - Sand\u00eda Helada y Fresa Kiwi<\/title>\n<meta name=\"description\" content=\"Descubre Fizzy Twins 50000 Puffs Vape con sabores Sand\u00eda Helada y Fresa Kiwi, dep\u00f3sitos dobles, flujo de aire ajustable y 2 opciones de nicotina%\/5%.\" \/>\n<meta name=\"robots\" content=\"index, follow, max-snippet:-1, max-image-preview:large, max-video-preview:-1\" \/>\n<link rel=\"canonical\" href=\"https:\/\/shop.fizzyvape.com\/es\/producto\/fizzy-twins-sandia-helada-y-fresa-kiwi-50000-puffs-vape-desechable\/\" \/>\n<meta property=\"og:locale\" content=\"es_ES\" \/>\n<meta property=\"og:type\" content=\"article\" \/>\n<meta property=\"og:title\" content=\"Fizzy Twins Sand\u00eda Helada y Fresa Kiwi - 50000 Puffs Vape Desechable\" \/>\n<meta property=\"og:description\" content=\"Descubre Fizzy Twins 50000 Puffs Vape con sabores Sand\u00eda Helada y Fresa Kiwi, dep\u00f3sitos dobles, flujo de aire ajustable y 2 opciones de nicotina%\/5%.\" \/>\n<meta property=\"og:url\" content=\"https:\/\/shop.fizzyvape.com\/es\/producto\/fizzy-twins-sandia-helada-y-fresa-kiwi-50000-puffs-vape-desechable\/\" \/>\n<meta property=\"og:site_name\" content=\"shop.fizzyvape.com\" \/>\n<meta property=\"article:modified_time\" content=\"2025-12-23T08:28:20+00:00\" \/>\n<meta name=\"twitter:card\" content=\"summary_large_image\" \/>\n<meta name=\"twitter:label1\" content=\"Tiempo de lectura\" \/>\n\t<meta name=\"twitter:data1\" content=\"3 minutos\" \/>\n<script type=\"application\/ld+json\" class=\"yoast-schema-graph\">{\"@context\":\"https:\\\/\\\/schema.org\",\"@graph\":[{\"@type\":\"WebPage\",\"@id\":\"https:\\\/\\\/shop.fizzyvape.com\\\/es\\\/producto\\\/fizzy-twins-sandia-helada-y-fresa-kiwi-50000-puffs-vape-desechable\\\/\",\"url\":\"https:\\\/\\\/shop.fizzyvape.com\\\/es\\\/producto\\\/fizzy-twins-sandia-helada-y-fresa-kiwi-50000-puffs-vape-desechable\\\/\",\"name\":\"Fizzy Twins 50000 Puffs Vape - Sand\u00eda Helada y Fresa Kiwi\",\"isPartOf\":{\"@id\":\"https:\\\/\\\/shop.fizzyvape.com\\\/es\\\/#website\"},\"primaryImageOfPage\":{\"@id\":\"https:\\\/\\\/shop.fizzyvape.com\\\/es\\\/producto\\\/fizzy-twins-sandia-helada-y-fresa-kiwi-50000-puffs-vape-desechable\\\/#primaryimage\"},\"image\":{\"@id\":\"https:\\\/\\\/shop.fizzyvape.com\\\/es\\\/producto\\\/fizzy-twins-sandia-helada-y-fresa-kiwi-50000-puffs-vape-desechable\\\/#primaryimage\"},\"thumbnailUrl\":\"https:\\\/\\\/shop.fizzyvape.com\\\/wp-content\\\/uploads\\\/2025\\\/05\\\/Watermelon-Ice-Strawberry-Kiwi-50000-Puffs-Disposable-Vape.webp\",\"datePublished\":\"2025-05-15T07:08:24+00:00\",\"dateModified\":\"2025-12-23T08:28:20+00:00\",\"description\":\"Descubre Fizzy Twins 50000 Puffs Vape con sabores Sand\u00eda Helada y Fresa Kiwi, dep\u00f3sitos dobles, flujo de aire ajustable y 2 opciones de nicotina%\\\/5%.\",\"breadcrumb\":{\"@id\":\"https:\\\/\\\/shop.fizzyvape.com\\\/es\\\/producto\\\/fizzy-twins-sandia-helada-y-fresa-kiwi-50000-puffs-vape-desechable\\\/#breadcrumb\"},\"inLanguage\":\"es\",\"potentialAction\":[{\"@type\":\"ReadAction\",\"target\":[\"https:\\\/\\\/shop.fizzyvape.com\\\/es\\\/producto\\\/fizzy-twins-sandia-helada-y-fresa-kiwi-50000-puffs-vape-desechable\\\/\"]}]},{\"@type\":\"ImageObject\",\"inLanguage\":\"es\",\"@id\":\"https:\\\/\\\/shop.fizzyvape.com\\\/es\\\/producto\\\/fizzy-twins-sandia-helada-y-fresa-kiwi-50000-puffs-vape-desechable\\\/#primaryimage\",\"url\":\"https:\\\/\\\/shop.fizzyvape.com\\\/wp-content\\\/uploads\\\/2025\\\/05\\\/Watermelon-Ice-Strawberry-Kiwi-50000-Puffs-Disposable-Vape.webp\",\"contentUrl\":\"https:\\\/\\\/shop.fizzyvape.com\\\/wp-content\\\/uploads\\\/2025\\\/05\\\/Watermelon-Ice-Strawberry-Kiwi-50000-Puffs-Disposable-Vape.webp\",\"width\":800,\"height\":800,\"caption\":\"Sand\u00eda Helada y Fresa Kiwi 50000 Puffs Vape Desechable\"},{\"@type\":\"BreadcrumbList\",\"@id\":\"https:\\\/\\\/shop.fizzyvape.com\\\/es\\\/producto\\\/fizzy-twins-sandia-helada-y-fresa-kiwi-50000-puffs-vape-desechable\\\/#breadcrumb\",\"itemListElement\":[{\"@type\":\"ListItem\",\"position\":1,\"name\":\"\u9996\u9875\",\"item\":\"https:\\\/\\\/shop.fizzyvape.com\\\/es\\\/\"},{\"@type\":\"ListItem\",\"position\":2,\"name\":\"Shop\",\"item\":\"https:\\\/\\\/shop.fizzyvape.com\\\/shop\\\/\"},{\"@type\":\"ListItem\",\"position\":3,\"name\":\"Fizzy Twins Sand\u00eda Helada y Fresa Kiwi &#8211; 50000 Puffs Vape Desechable\"}]},{\"@type\":\"WebSite\",\"@id\":\"https:\\\/\\\/shop.fizzyvape.com\\\/es\\\/#website\",\"url\":\"https:\\\/\\\/shop.fizzyvape.com\\\/es\\\/\",\"name\":\"shop.fizzyvape.com\",\"description\":\"The Best Disposable Vape In Europe | 10000 - 60000 Puffs  | Free Shipping\",\"potentialAction\":[{\"@type\":\"SearchAction\",\"target\":{\"@type\":\"EntryPoint\",\"urlTemplate\":\"https:\\\/\\\/shop.fizzyvape.com\\\/es\\\/?s={search_term_string}\"},\"query-input\":{\"@type\":\"PropertyValueSpecification\",\"valueRequired\":true,\"valueName\":\"search_term_string\"}}],\"inLanguage\":\"es\"}]}<\/script>\n<!-- \/ Yoast SEO Premium plugin. -->","yoast_head_json":{"title":"Fizzy Twins 50000 Puffs Vape - Sand\u00eda Helada y Fresa Kiwi","description":"Descubre Fizzy Twins 50000 Puffs Vape con sabores Sand\u00eda Helada y Fresa Kiwi, dep\u00f3sitos dobles, flujo de aire ajustable y 2 opciones de nicotina%\/5%.","robots":{"index":"index","follow":"follow","max-snippet":"max-snippet:-1","max-image-preview":"max-image-preview:large","max-video-preview":"max-video-preview:-1"},"canonical":"https:\/\/shop.fizzyvape.com\/es\/producto\/fizzy-twins-sandia-helada-y-fresa-kiwi-50000-puffs-vape-desechable\/","og_locale":"es_ES","og_type":"article","og_title":"Fizzy Twins Sand\u00eda Helada y Fresa Kiwi - 50000 Puffs Vape Desechable","og_description":"Descubre Fizzy Twins 50000 Puffs Vape con sabores Sand\u00eda Helada y Fresa Kiwi, dep\u00f3sitos dobles, flujo de aire ajustable y 2 opciones de nicotina%\/5%.","og_url":"https:\/\/shop.fizzyvape.com\/es\/producto\/fizzy-twins-sandia-helada-y-fresa-kiwi-50000-puffs-vape-desechable\/","og_site_name":"shop.fizzyvape.com","article_modified_time":"2025-12-23T08:28:20+00:00","twitter_card":"summary_large_image","twitter_misc":{"Tiempo de lectura":"3 minutos"},"schema":{"@context":"https:\/\/schema.org","@graph":[{"@type":"WebPage","@id":"https:\/\/shop.fizzyvape.com\/es\/producto\/fizzy-twins-sandia-helada-y-fresa-kiwi-50000-puffs-vape-desechable\/","url":"https:\/\/shop.fizzyvape.com\/es\/producto\/fizzy-twins-sandia-helada-y-fresa-kiwi-50000-puffs-vape-desechable\/","name":"Fizzy Twins 50000 Puffs Vape - Sand\u00eda Helada y Fresa Kiwi","isPartOf":{"@id":"https:\/\/shop.fizzyvape.com\/es\/#website"},"primaryImageOfPage":{"@id":"https:\/\/shop.fizzyvape.com\/es\/producto\/fizzy-twins-sandia-helada-y-fresa-kiwi-50000-puffs-vape-desechable\/#primaryimage"},"image":{"@id":"https:\/\/shop.fizzyvape.com\/es\/producto\/fizzy-twins-sandia-helada-y-fresa-kiwi-50000-puffs-vape-desechable\/#primaryimage"},"thumbnailUrl":"https:\/\/shop.fizzyvape.com\/wp-content\/uploads\/2025\/05\/Watermelon-Ice-Strawberry-Kiwi-50000-Puffs-Disposable-Vape.webp","datePublished":"2025-05-15T07:08:24+00:00","dateModified":"2025-12-23T08:28:20+00:00","description":"Descubre Fizzy Twins 50000 Puffs Vape con sabores Sand\u00eda Helada y Fresa Kiwi, dep\u00f3sitos dobles, flujo de aire ajustable y 2 opciones de nicotina%\/5%.","breadcrumb":{"@id":"https:\/\/shop.fizzyvape.com\/es\/producto\/fizzy-twins-sandia-helada-y-fresa-kiwi-50000-puffs-vape-desechable\/#breadcrumb"},"inLanguage":"es","potentialAction":[{"@type":"ReadAction","target":["https:\/\/shop.fizzyvape.com\/es\/producto\/fizzy-twins-sandia-helada-y-fresa-kiwi-50000-puffs-vape-desechable\/"]}]},{"@type":"ImageObject","inLanguage":"es","@id":"https:\/\/shop.fizzyvape.com\/es\/producto\/fizzy-twins-sandia-helada-y-fresa-kiwi-50000-puffs-vape-desechable\/#primaryimage","url":"https:\/\/shop.fizzyvape.com\/wp-content\/uploads\/2025\/05\/Watermelon-Ice-Strawberry-Kiwi-50000-Puffs-Disposable-Vape.webp","contentUrl":"https:\/\/shop.fizzyvape.com\/wp-content\/uploads\/2025\/05\/Watermelon-Ice-Strawberry-Kiwi-50000-Puffs-Disposable-Vape.webp","width":800,"height":800,"caption":"Sand\u00eda Helada y Fresa Kiwi 50000 Puffs Vape Desechable"},{"@type":"BreadcrumbList","@id":"https:\/\/shop.fizzyvape.com\/es\/producto\/fizzy-twins-sandia-helada-y-fresa-kiwi-50000-puffs-vape-desechable\/#breadcrumb","itemListElement":[{"@type":"ListItem","position":1,"name":"\u9996\u9875","item":"https:\/\/shop.fizzyvape.com\/es\/"},{"@type":"ListItem","position":2,"name":"Shop","item":"https:\/\/shop.fizzyvape.com\/shop\/"},{"@type":"ListItem","position":3,"name":"Fizzy Twins Sand\u00eda Helada y Fresa Kiwi &#8211; 50000 Puffs Vape Desechable"}]},{"@type":"WebSite","@id":"https:\/\/shop.fizzyvape.com\/es\/#website","url":"https:\/\/shop.fizzyvape.com\/es\/","name":"shop.fizzyvape.com","description":"The Best Disposable Vape In Europe | 10000 - 60000 Puffs  | Free Shipping","potentialAction":[{"@type":"SearchAction","target":{"@type":"EntryPoint","urlTemplate":"https:\/\/shop.fizzyvape.com\/es\/?s={search_term_string}"},"query-input":{"@type":"PropertyValueSpecification","valueRequired":true,"valueName":"search_term_string"}}],"inLanguage":"es"}]}},"tiered_pricing_type":"fixed","tiered_pricing_fixed_rules":[],"tiered_pricing_product_settings":{"layout":"default","base_unit_name":{"singular":null,"plural":null},"default_variation":null},"tiered_pricing_minimum_quantity":null,"tiered_pricing_roles_data":[],"tiered_pricing_percentage_rules":[],"tiered_pricing_maximum_quantity":null,"tiered_pricing_quantity_step":null,"_links":{"self":[{"href":"https:\/\/shop.fizzyvape.com\/es\/wp-json\/wp\/v2\/product\/19739","targetHints":{"allow":["GET"]}}],"collection":[{"href":"https:\/\/shop.fizzyvape.com\/es\/wp-json\/wp\/v2\/product"}],"about":[{"href":"https:\/\/shop.fizzyvape.com\/es\/wp-json\/wp\/v2\/types\/product"}],"replies":[{"embeddable":true,"href":"https:\/\/shop.fizzyvape.com\/es\/wp-json\/wp\/v2\/comments?post=19739"}],"version-history":[{"count":0,"href":"https:\/\/shop.fizzyvape.com\/es\/wp-json\/wp\/v2\/product\/19739\/revisions"}],"wp:featuredmedia":[{"embeddable":true,"href":"https:\/\/shop.fizzyvape.com\/es\/wp-json\/wp\/v2\/media\/18537"}],"wp:attachment":[{"href":"https:\/\/shop.fizzyvape.com\/es\/wp-json\/wp\/v2\/media?parent=19739"}],"wp:term":[{"taxonomy":"product_brand","embeddable":true,"href":"https:\/\/shop.fizzyvape.com\/es\/wp-json\/wp\/v2\/product_brand?post=19739"},{"taxonomy":"product_cat","embeddable":true,"href":"https:\/\/shop.fizzyvape.com\/es\/wp-json\/wp\/v2\/product_cat?post=19739"},{"taxonomy":"product_tag","embeddable":true,"href":"https:\/\/shop.fizzyvape.com\/es\/wp-json\/wp\/v2\/product_tag?post=19739"}],"curies":[{"name":"wp","href":"https:\/\/api.w.org\/{rel}","templated":true}]}}