{"id":19742,"date":"2025-06-24T06:55:59","date_gmt":"2025-06-24T06:55:59","guid":{"rendered":"https:\/\/shop.fizzyvape.com\/product\/fizzy-pandora-12000-puffs-50pcs\/"},"modified":"2025-06-24T06:55:59","modified_gmt":"2025-06-24T06:55:59","slug":"fizzy-pandora-12000-puffs-50pcs","status":"publish","type":"product","link":"https:\/\/shop.fizzyvape.com\/es\/producto\/fizzy-pandora-12000-puffs-50pcs\/","title":{"rendered":"Fizzy Pandora &#8211; 12000 Puffs &#8211; 50pcs"},"content":{"rendered":"<div>\n<h2>Fizzy Pandora 12000 Puffs Desechables Vape Blind Box (50pcs) &#8211; Sabores Misteriosos Premium<\/h2>\n<p>Descubre la emoci\u00f3n de la variedad con la <strong>Caja Ciega Fizzy Pandora 12.000 Puffs<\/strong>, que incluye 50 vapeadores desechables de primera calidad seleccionados al azar entre 12 sabores elaborados por expertos. Cada dispositivo proporciona una experiencia de vapeo suave y satisfactoria con m\u00e1s de 12.000 caladas de rico sabor desarrollado en laboratorio. Ya sea la dulzura tropical del Mango, el fr\u00edo refrescante de la Menta Helada o la vibrante mezcla de Fresa, Kiwi y Granada, cada caja promete una nueva aventura de sabores.  <\/p>\n<h3>\u00bfPor qu\u00e9 elegir la Caja ciega Pandora efervescente?<\/h3>\n<ul>\n<li><strong>50 Unidades de Sorpresa Sabrosa<\/strong><br \/>\nUna mezcla curada dise\u00f1ada para maximizar la variedad y minimizar las repeticiones en 12 perfiles de sabor populares.<\/li>\n<li><strong>Rendimiento duradero<\/strong><br \/>\nCada vape ofrece m\u00e1s de 12.000 caladas suaves alimentadas por una avanzada tecnolog\u00eda de bobina de malla y una fiable bater\u00eda recargable de 650 mAh.<\/li>\n<li><strong>Recarga r\u00e1pida y c\u00f3moda por USB-C<\/strong><br \/>\nRecarga sobre la marcha para aproximadamente 4.000 caladas adicionales por carga, alargando la vida y la satisfacci\u00f3n del dispositivo.<\/li>\n<li><strong>Dise\u00f1o a prueba de fugas y listo para viajar<\/strong><br \/>\nSu construcci\u00f3n compacta y sellada garantiza la seguridad, la portabilidad y el cumplimiento de la normativa TSA cuando proceda.<\/li>\n<li><strong>Opciones de sal de nicotina suave<\/strong><br \/>\nDisponible en concentraciones equilibradas del 2% y el 5% de nicotina para satisfacer preferencias variadas sin golpes fuertes en la garganta.<\/li>\n<\/ul>\n<\/div>\n<div>\n<h3>Especificaciones<\/h3>\n<table>\n<tbody>\n<tr>\n<td>Puffs<\/td>\n<td><strong>12000+ Puffs<\/strong><\/td>\n<\/tr>\n<tr>\n<td>Capacidad del e-l\u00edquido<\/td>\n<td><strong>20 ml<\/strong><\/td>\n<\/tr>\n<tr>\n<td>Capacidad de la bater\u00eda<\/td>\n<td><strong>650 mAh<\/strong><\/td>\n<\/tr>\n<tr>\n<td>Bobina<\/td>\n<td><strong>Bobina de malla<\/strong><\/td>\n<\/tr>\n<tr>\n<td>Tama\u00f1o<\/td>\n<td><strong>48*20,6*88 mm<\/strong><\/td>\n<\/tr>\n<tr>\n<td>Desechable o no<\/td>\n<td><strong>Desechable<\/strong><\/td>\n<\/tr>\n<tr>\n<td>M\u00e9todo de carga<\/td>\n<td><strong>Cable<\/strong><\/td>\n<\/tr>\n<tr>\n<td>M\u00e9todo de activaci\u00f3n<\/td>\n<td><strong>Sensor<\/strong><\/td>\n<\/tr>\n<tr>\n<td>Nivel de nicotina<\/td>\n<td><strong>2%(20mg\/ml) y 5%(50mg\/ml)<\/strong><\/td>\n<\/tr>\n<tr>\n<td>Sabores<\/td>\n<td><strong>12<\/strong><\/td>\n<\/tr>\n<tr>\n<td>Embalaje<\/td>\n<td><strong>1 paquete<\/strong><\/td>\n<\/tr>\n<tr>\n<td>Tiempo de carga<\/td>\n<td><strong>2 horas<\/strong><\/td>\n<\/tr>\n<tr>\n<td>Almacenamiento<\/td>\n<td><strong>Evita los entornos con altas temperaturas y gu\u00e1rdalo en un lugar fresco y seco.<\/strong><\/td>\n<\/tr>\n<tr>\n<td>Personas cuyo uso est\u00e1 prohibido<\/td>\n<td><strong>Menores, mujeres embarazadas y personas al\u00e9rgicas a los ingredientes del producto.<\/strong><\/td>\n<\/tr>\n<tr>\n<td>Precauci\u00f3n<\/td>\n<td><strong>No tragues esta sustancia. En caso de ingesti\u00f3n, enju\u00e1gate bien la boca inmediatamente. Si te encuentras mal, acude al m\u00e9dico.  <\/strong><\/td>\n<\/tr>\n<\/tbody>\n<\/table>\n<h3>Lista de sabores de <strong>Fizzy Pandora <\/strong>12000 Puffs:<\/h3>\n<ol>\n<li>Sand\u00eda<\/li>\n<li>Mango<\/li>\n<li>Uva<\/li>\n<li>Granada<\/li>\n<li>Melocot\u00f3n<\/li>\n<li>Ar\u00e1ndano Frambuesa<\/li>\n<li>Naranja Mango Sand\u00eda<\/li>\n<li>Menta helada<\/li>\n<li>Fresa Kiwi Granada<\/li>\n<li>Ar\u00e1ndanos<\/li>\n<li>Fresa<\/li>\n<li>Sand\u00eda Ar\u00e1ndano<\/li>\n<\/ol>\n<h3>FAQ sobre Fizzy Pandora 12000 Puffs Caja ciega (50pcs)<\/h3>\n<p><strong>\u00bfHabr\u00e1 sabores repetidos en la caja ciega?<\/strong><br \/>\nLa caja est\u00e1 cuidadosamente seleccionada para garantizar una amplia variedad con un m\u00ednimo de repeticiones, ofreci\u00e9ndote una experiencia de sabores diversos.<\/p>\n<p><strong>\u00bfEst\u00e1n los dispositivos listos para usar nada m\u00e1s sacarlos de la caja?<\/strong><br \/>\nS\u00ed, cada vape viene precargado y listo para disfrutar. La carga r\u00e1pida USB-C ampl\u00eda el uso cuando es necesario. <\/p>\n<p><strong>\u00bfEste producto es apto para la reventa?<\/strong><br \/>\nPor supuesto. Cada unidad est\u00e1 empaquetada para la venta al por menor, por lo que es perfecta para tiendas f\u00edsicas, quioscos y vendedores online. <\/p>\n<\/div>\n","protected":false},"excerpt":{"rendered":"<p>Descubre la variedad del vapeo con la caja ciega Fizzy Pandora 12.000 caladas (50 unidades), con 12 sabores populares empaquetados al azar. Cada dispositivo proporciona 12.000 caladas suaves y duraderas con carga r\u00e1pida USB-C y tecnolog\u00eda avanzada de bobina de malla. Ideal para mayoristas y compradores al por mayor que almacenan desechables premium de gran demanda.  <\/p>\n<p><strong>Oferta limitada: \u00a1Consigue 50 unidades a un precio especial con descuento!<\/strong><\/p>\n","protected":false},"featured_media":18929,"comment_status":"open","ping_status":"closed","template":"","meta":[],"product_brand":[],"product_cat":[126],"product_tag":[161],"class_list":{"0":"post-19742","1":"product","2":"type-product","3":"status-publish","4":"has-post-thumbnail","6":"product_cat-fizzy-twins-50000-puffs-eldobhato-vape","7":"product_tag-12k-puffs","9":"first","10":"outofstock","11":"sale","12":"shipping-taxable","13":"purchasable","14":"product-type-variable"},"yoast_head":"<!-- This site is optimized with the Yoast SEO Premium plugin v24.8 (Yoast SEO v26.1.1) - https:\/\/yoast.com\/wordpress\/plugins\/seo\/ -->\n<title>Fizzy Pandora - 12000 Puffs - 50pcs - shop.fizzyvape.com<\/title>\n<meta name=\"description\" content=\"50 vapeadores premium, 12000 caladas cada uno. Descubre 12 sabores sorpresa en el granel para vapear desechable Fizzy Pandora: una aventura de vapeo duradera y llena de sabor.\" \/>\n<meta name=\"robots\" content=\"index, follow, max-snippet:-1, max-image-preview:large, max-video-preview:-1\" \/>\n<link rel=\"canonical\" href=\"https:\/\/shop.fizzyvape.com\/es\/producto\/fizzy-pandora-12000-puffs-50pcs\/\" \/>\n<meta property=\"og:locale\" content=\"es_ES\" \/>\n<meta property=\"og:type\" content=\"article\" \/>\n<meta property=\"og:title\" content=\"Fizzy Pandora - 12000 Puffs - 50pcs\" \/>\n<meta property=\"og:description\" content=\"50 vapeadores premium, 12000 caladas cada uno. Descubre 12 sabores sorpresa en el granel para vapear desechable Fizzy Pandora: una aventura de vapeo duradera y llena de sabor.\" \/>\n<meta property=\"og:url\" content=\"https:\/\/shop.fizzyvape.com\/es\/producto\/fizzy-pandora-12000-puffs-50pcs\/\" \/>\n<meta property=\"og:site_name\" content=\"shop.fizzyvape.com\" \/>\n<meta property=\"og:image\" content=\"https:\/\/shop.fizzyvape.com\/wp-content\/uploads\/2025\/06\/Fizzy-Pandora-12000PUFF.jpg\" \/>\n\t<meta property=\"og:image:width\" content=\"1057\" \/>\n\t<meta property=\"og:image:height\" content=\"1037\" \/>\n\t<meta property=\"og:image:type\" content=\"image\/jpeg\" \/>\n<meta name=\"twitter:card\" content=\"summary_large_image\" \/>\n<meta name=\"twitter:label1\" content=\"Tiempo de lectura\" \/>\n\t<meta name=\"twitter:data1\" content=\"2 minutos\" \/>\n<script type=\"application\/ld+json\" class=\"yoast-schema-graph\">{\"@context\":\"https:\/\/schema.org\",\"@graph\":[{\"@type\":\"WebPage\",\"@id\":\"https:\/\/shop.fizzyvape.com\/es\/producto\/fizzy-pandora-12000-puffs-50pcs\/\",\"url\":\"https:\/\/shop.fizzyvape.com\/es\/producto\/fizzy-pandora-12000-puffs-50pcs\/\",\"name\":\"Fizzy Pandora - 12000 Puffs - 50pcs - shop.fizzyvape.com\",\"isPartOf\":{\"@id\":\"https:\/\/shop.fizzyvape.com\/es\/#website\"},\"primaryImageOfPage\":{\"@id\":\"https:\/\/shop.fizzyvape.com\/es\/producto\/fizzy-pandora-12000-puffs-50pcs\/#primaryimage\"},\"image\":{\"@id\":\"https:\/\/shop.fizzyvape.com\/es\/producto\/fizzy-pandora-12000-puffs-50pcs\/#primaryimage\"},\"thumbnailUrl\":\"https:\/\/shop.fizzyvape.com\/wp-content\/uploads\/2025\/06\/Fizzy-Pandora-12000PUFF.jpg\",\"datePublished\":\"2025-06-24T06:55:59+00:00\",\"description\":\"50 vapeadores premium, 12000 caladas cada uno. Descubre 12 sabores sorpresa en el granel para vapear desechable Fizzy Pandora: una aventura de vapeo duradera y llena de sabor.\",\"breadcrumb\":{\"@id\":\"https:\/\/shop.fizzyvape.com\/es\/producto\/fizzy-pandora-12000-puffs-50pcs\/#breadcrumb\"},\"inLanguage\":\"es\",\"potentialAction\":[{\"@type\":\"ReadAction\",\"target\":[\"https:\/\/shop.fizzyvape.com\/es\/producto\/fizzy-pandora-12000-puffs-50pcs\/\"]}]},{\"@type\":\"ImageObject\",\"inLanguage\":\"es\",\"@id\":\"https:\/\/shop.fizzyvape.com\/es\/producto\/fizzy-pandora-12000-puffs-50pcs\/#primaryimage\",\"url\":\"https:\/\/shop.fizzyvape.com\/wp-content\/uploads\/2025\/06\/Fizzy-Pandora-12000PUFF.jpg\",\"contentUrl\":\"https:\/\/shop.fizzyvape.com\/wp-content\/uploads\/2025\/06\/Fizzy-Pandora-12000PUFF.jpg\",\"width\":1057,\"height\":1037},{\"@type\":\"BreadcrumbList\",\"@id\":\"https:\/\/shop.fizzyvape.com\/es\/producto\/fizzy-pandora-12000-puffs-50pcs\/#breadcrumb\",\"itemListElement\":[{\"@type\":\"ListItem\",\"position\":1,\"name\":\"\u9996\u9875\",\"item\":\"https:\/\/shop.fizzyvape.com\/es\/\"},{\"@type\":\"ListItem\",\"position\":2,\"name\":\"Shop\",\"item\":\"https:\/\/shop.fizzyvape.com\/shop\/\"},{\"@type\":\"ListItem\",\"position\":3,\"name\":\"Fizzy Pandora &#8211; 12000 Puffs &#8211; 50pcs\"}]},{\"@type\":\"WebSite\",\"@id\":\"https:\/\/shop.fizzyvape.com\/es\/#website\",\"url\":\"https:\/\/shop.fizzyvape.com\/es\/\",\"name\":\"shop.fizzyvape.com\",\"description\":\"The Best Disposable Vape In Europe | 10000 - 60000 Puffs  | Free Shipping\",\"potentialAction\":[{\"@type\":\"SearchAction\",\"target\":{\"@type\":\"EntryPoint\",\"urlTemplate\":\"https:\/\/shop.fizzyvape.com\/es\/?s={search_term_string}\"},\"query-input\":{\"@type\":\"PropertyValueSpecification\",\"valueRequired\":true,\"valueName\":\"search_term_string\"}}],\"inLanguage\":\"es\"}]}<\/script>\n<!-- \/ Yoast SEO Premium plugin. -->","yoast_head_json":{"title":"Fizzy Pandora - 12000 Puffs - 50pcs - shop.fizzyvape.com","description":"50 vapeadores premium, 12000 caladas cada uno. Descubre 12 sabores sorpresa en el granel para vapear desechable Fizzy Pandora: una aventura de vapeo duradera y llena de sabor.","robots":{"index":"index","follow":"follow","max-snippet":"max-snippet:-1","max-image-preview":"max-image-preview:large","max-video-preview":"max-video-preview:-1"},"canonical":"https:\/\/shop.fizzyvape.com\/es\/producto\/fizzy-pandora-12000-puffs-50pcs\/","og_locale":"es_ES","og_type":"article","og_title":"Fizzy Pandora - 12000 Puffs - 50pcs","og_description":"50 vapeadores premium, 12000 caladas cada uno. Descubre 12 sabores sorpresa en el granel para vapear desechable Fizzy Pandora: una aventura de vapeo duradera y llena de sabor.","og_url":"https:\/\/shop.fizzyvape.com\/es\/producto\/fizzy-pandora-12000-puffs-50pcs\/","og_site_name":"shop.fizzyvape.com","og_image":[{"width":1057,"height":1037,"url":"https:\/\/shop.fizzyvape.com\/wp-content\/uploads\/2025\/06\/Fizzy-Pandora-12000PUFF.jpg","type":"image\/jpeg"}],"twitter_card":"summary_large_image","twitter_misc":{"Tiempo de lectura":"2 minutos"},"schema":{"@context":"https:\/\/schema.org","@graph":[{"@type":"WebPage","@id":"https:\/\/shop.fizzyvape.com\/es\/producto\/fizzy-pandora-12000-puffs-50pcs\/","url":"https:\/\/shop.fizzyvape.com\/es\/producto\/fizzy-pandora-12000-puffs-50pcs\/","name":"Fizzy Pandora - 12000 Puffs - 50pcs - shop.fizzyvape.com","isPartOf":{"@id":"https:\/\/shop.fizzyvape.com\/es\/#website"},"primaryImageOfPage":{"@id":"https:\/\/shop.fizzyvape.com\/es\/producto\/fizzy-pandora-12000-puffs-50pcs\/#primaryimage"},"image":{"@id":"https:\/\/shop.fizzyvape.com\/es\/producto\/fizzy-pandora-12000-puffs-50pcs\/#primaryimage"},"thumbnailUrl":"https:\/\/shop.fizzyvape.com\/wp-content\/uploads\/2025\/06\/Fizzy-Pandora-12000PUFF.jpg","datePublished":"2025-06-24T06:55:59+00:00","description":"50 vapeadores premium, 12000 caladas cada uno. Descubre 12 sabores sorpresa en el granel para vapear desechable Fizzy Pandora: una aventura de vapeo duradera y llena de sabor.","breadcrumb":{"@id":"https:\/\/shop.fizzyvape.com\/es\/producto\/fizzy-pandora-12000-puffs-50pcs\/#breadcrumb"},"inLanguage":"es","potentialAction":[{"@type":"ReadAction","target":["https:\/\/shop.fizzyvape.com\/es\/producto\/fizzy-pandora-12000-puffs-50pcs\/"]}]},{"@type":"ImageObject","inLanguage":"es","@id":"https:\/\/shop.fizzyvape.com\/es\/producto\/fizzy-pandora-12000-puffs-50pcs\/#primaryimage","url":"https:\/\/shop.fizzyvape.com\/wp-content\/uploads\/2025\/06\/Fizzy-Pandora-12000PUFF.jpg","contentUrl":"https:\/\/shop.fizzyvape.com\/wp-content\/uploads\/2025\/06\/Fizzy-Pandora-12000PUFF.jpg","width":1057,"height":1037},{"@type":"BreadcrumbList","@id":"https:\/\/shop.fizzyvape.com\/es\/producto\/fizzy-pandora-12000-puffs-50pcs\/#breadcrumb","itemListElement":[{"@type":"ListItem","position":1,"name":"\u9996\u9875","item":"https:\/\/shop.fizzyvape.com\/es\/"},{"@type":"ListItem","position":2,"name":"Shop","item":"https:\/\/shop.fizzyvape.com\/shop\/"},{"@type":"ListItem","position":3,"name":"Fizzy Pandora &#8211; 12000 Puffs &#8211; 50pcs"}]},{"@type":"WebSite","@id":"https:\/\/shop.fizzyvape.com\/es\/#website","url":"https:\/\/shop.fizzyvape.com\/es\/","name":"shop.fizzyvape.com","description":"The Best Disposable Vape In Europe | 10000 - 60000 Puffs  | Free Shipping","potentialAction":[{"@type":"SearchAction","target":{"@type":"EntryPoint","urlTemplate":"https:\/\/shop.fizzyvape.com\/es\/?s={search_term_string}"},"query-input":{"@type":"PropertyValueSpecification","valueRequired":true,"valueName":"search_term_string"}}],"inLanguage":"es"}]}},"tiered_pricing_type":"fixed","tiered_pricing_fixed_rules":[],"tiered_pricing_product_settings":{"layout":"default","base_unit_name":{"singular":null,"plural":null},"default_variation":null},"tiered_pricing_minimum_quantity":null,"tiered_pricing_roles_data":[],"tiered_pricing_percentage_rules":[],"tiered_pricing_maximum_quantity":null,"tiered_pricing_quantity_step":null,"_links":{"self":[{"href":"https:\/\/shop.fizzyvape.com\/es\/wp-json\/wp\/v2\/product\/19742","targetHints":{"allow":["GET"]}}],"collection":[{"href":"https:\/\/shop.fizzyvape.com\/es\/wp-json\/wp\/v2\/product"}],"about":[{"href":"https:\/\/shop.fizzyvape.com\/es\/wp-json\/wp\/v2\/types\/product"}],"replies":[{"embeddable":true,"href":"https:\/\/shop.fizzyvape.com\/es\/wp-json\/wp\/v2\/comments?post=19742"}],"version-history":[{"count":0,"href":"https:\/\/shop.fizzyvape.com\/es\/wp-json\/wp\/v2\/product\/19742\/revisions"}],"wp:featuredmedia":[{"embeddable":true,"href":"https:\/\/shop.fizzyvape.com\/es\/wp-json\/wp\/v2\/media\/18929"}],"wp:attachment":[{"href":"https:\/\/shop.fizzyvape.com\/es\/wp-json\/wp\/v2\/media?parent=19742"}],"wp:term":[{"taxonomy":"product_brand","embeddable":true,"href":"https:\/\/shop.fizzyvape.com\/es\/wp-json\/wp\/v2\/product_brand?post=19742"},{"taxonomy":"product_cat","embeddable":true,"href":"https:\/\/shop.fizzyvape.com\/es\/wp-json\/wp\/v2\/product_cat?post=19742"},{"taxonomy":"product_tag","embeddable":true,"href":"https:\/\/shop.fizzyvape.com\/es\/wp-json\/wp\/v2\/product_tag?post=19742"}],"curies":[{"name":"wp","href":"https:\/\/api.w.org\/{rel}","templated":true}]}}