{"id":19745,"date":"2025-06-24T06:55:59","date_gmt":"2025-06-24T06:55:59","guid":{"rendered":"https:\/\/shop.fizzyvape.com\/product\/fizzy-great-10000-bocanadas-50pcs\/"},"modified":"2025-06-24T06:55:59","modified_gmt":"2025-06-24T06:55:59","slug":"fizzy-great-10000-bocanadas-50pcs","status":"publish","type":"product","link":"https:\/\/shop.fizzyvape.com\/es\/producto\/fizzy-great-10000-bocanadas-50pcs\/","title":{"rendered":"Fizzy Great 10000 bocanadas &#8211; 50pcs"},"content":{"rendered":"<div>\n<h2>Fizzy Great 10.000 Puffs Vape Desechable &#8211; 50pcs Mystery Flavor Blind Box<\/h2>\n<p>\u00a1Desata la emoci\u00f3n con la Caja Ciega de Sabores Misteriosos Fizzy Great! Este set de edici\u00f3n limitada contiene 50 vaporizadores desechables de primera calidad, cada uno de los cuales proporciona 10.000 caladas ultrasuaves infusionadas con sabores seleccionados al azar entre los m\u00e1s vendidos de Fizzy Great. \u00bfObtendr\u00e1s jugosa sand\u00eda, tropical melocot\u00f3n con pi\u00f1a o refrescante ar\u00e1ndano helado? \u00a1La sorpresa es parte de la diversi\u00f3n!   <\/p>\n<h3>\u00bfPor qu\u00e9 elegir la Caja Ciega Misteriosa?<\/h3>\n<ul>\n<li><strong>Variedad emocionante:<\/strong> Cada dispositivo ofrece una aventura de sabores \u00fanica.<\/li>\n<li><strong>Ahorro por volumen:<\/strong> Consigue 50 unidades con un importante descuento frente a los precios de venta al p\u00fablico.<\/li>\n<li><strong>Perfecto para revendedores:<\/strong> Producto de gran demanda, visualmente atractivo y con un fuerte atractivo al desembalar.<\/li>\n<li><strong>Listo para usar:<\/strong> Precargado, precargado y sin mantenimiento.<\/li>\n<li><strong>Bobina de malla avanzada:<\/strong> Garantiza un sabor rico y consistente y nubes de vapor densas.<\/li>\n<li><strong>Compacta y f\u00e1cil de transportar:<\/strong> compatible con la TSA donde est\u00e9 permitido.<\/li>\n<\/ul>\n<h1><span style=\"font-size: 22px;\">Especificaciones<\/span><\/h1>\n<\/div>\n<div>\n<table>\n<tbody>\n<tr>\n<td>Puffs<\/td>\n<td><strong>10000+ Puffs<\/strong><\/td>\n<\/tr>\n<tr>\n<td>Capacidad del e-l\u00edquido<\/td>\n<td><strong>18 ml<\/strong><\/td>\n<\/tr>\n<tr>\n<td>Capacidad de la bater\u00eda<\/td>\n<td><strong>650 mAh<\/strong><\/td>\n<\/tr>\n<tr>\n<td>Bobina<\/td>\n<td><strong>Bobina de malla<\/strong><\/td>\n<\/tr>\n<tr>\n<td>Tama\u00f1o<\/td>\n<td><strong>53*30*85,3 mm<\/strong><\/td>\n<\/tr>\n<tr>\n<td>Desechable o no<\/td>\n<td><strong>Desechable<\/strong><\/td>\n<\/tr>\n<tr>\n<td>M\u00e9todo de carga<\/td>\n<td><strong>Cable<\/strong><\/td>\n<\/tr>\n<tr>\n<td>M\u00e9todo de activaci\u00f3n<\/td>\n<td><strong>\u00c1cidoSensor<\/strong><\/td>\n<\/tr>\n<tr>\n<td>Nivel de nicotina<\/td>\n<td><strong>2%(20mg\/ml) y 5%(50mg\/ml)<\/strong><\/td>\n<\/tr>\n<tr>\n<td>Sabores<\/td>\n<td><strong>10<\/strong><\/td>\n<\/tr>\n<tr>\n<td>Embalaje<\/td>\n<td><strong>1 paquete<\/strong><\/td>\n<\/tr>\n<tr>\n<td>Tiempo de carga<\/td>\n<td><strong>2 horas<\/strong><\/td>\n<\/tr>\n<tr>\n<td>Almacenamiento<\/td>\n<td><strong>Evita los entornos con altas temperaturas y gu\u00e1rdalo en un lugar fresco y seco.<\/strong><\/td>\n<\/tr>\n<tr>\n<td>Personas cuyo uso est\u00e1 prohibido<\/td>\n<td><strong>Menores, mujeres embarazadas y personas al\u00e9rgicas a los ingredientes del producto.<\/strong><\/td>\n<\/tr>\n<tr>\n<td>Precauci\u00f3n<\/td>\n<td><strong>No tragues esta sustancia. En caso de ingesti\u00f3n, enju\u00e1gate bien la boca inmediatamente. Si te encuentras mal, acude al m\u00e9dico.  <\/strong><\/td>\n<\/tr>\n<\/tbody>\n<\/table>\n<h3>Lista de sabores de <strong>Fizzy Great<\/strong> 10000 Puffs:<\/h3>\n<ol>\n<li>Sand\u00eda<\/li>\n<li>Hielo de ar\u00e1ndanos<\/li>\n<li>Hielo de uva<\/li>\n<li>Lichi Lim\u00f3n<\/li>\n<li>Pi\u00f1a Melocot\u00f3n Fruta de la pasi\u00f3n<\/li>\n<li>Frambuesa Uva<\/li>\n<li>Melocot\u00f3n<\/li>\n<li>Mango Melocot\u00f3n<\/li>\n<li>Mezcla de bayas<\/li>\n<li>Limonada de fresa y sand\u00eda<\/li>\n<\/ol>\n<h3><strong>Preguntas frecuentes <\/strong><strong>Fizzy Great 10000 Puffs <\/strong><strong>Vapea<\/strong><\/h3>\n<p><strong>1. \u00bfHasta qu\u00e9 punto son aleatorios los sabores de la caja ciega?<\/strong><br \/>\nCada caja contiene 50 dispositivos seleccionados al azar de entre nuestros 10 mejores sabores, sin duplicados en la misma caja. Te espera una vibrante mezcla de perfiles afrutados, helados y tropicales para una variedad infinita. <\/p>\n<p><strong>2. \u00bfEs la caja ciega un buen valor en comparaci\u00f3n con la compra de individuales?<\/strong><br \/>\n\u00a1Sin duda! Conseguir\u00e1s m\u00e1s de 500.000 caladas en total con hasta un 30% de descuento sobre el precio de venta al p\u00fablico, adem\u00e1s de la emoci\u00f3n de la sorpresa: ideal para uso personal o reventa. <\/p>\n<p><strong>3. \u00bfPuedo solicitar o excluir sabores espec\u00edficos?<\/strong><br \/>\nLas selecciones de sabores son aleatorias para mantener la sorpresa. Las 10 opciones son las favoritas de los clientes, lo que garantiza una experiencia de vapeo satisfactoria sea cual sea. <\/p>\n<\/div>\n","protected":false},"excerpt":{"rendered":"<p>Abast\u00e9cete con este paquete al por mayor de 50 vaporizadores desechables de primera calidad que proporcionan m\u00e1s de 10.000 caladas cada uno. Con una mezcla sorpresa de los 10 mejores sabores, tecnolog\u00eda de bobina de malla y un dise\u00f1o apto para la TSA, perfecto para mayoristas y compradores al por mayor que buscan variedad y una fuerte demanda. <\/p>\n<p><strong>Oferta limitada: \u00a1Consigue 50 unidades a un precio especial con descuento!<\/strong><\/p>\n","protected":false},"featured_media":18923,"comment_status":"open","ping_status":"closed","template":"","meta":[],"product_brand":[],"product_cat":[126],"product_tag":[162],"class_list":{"0":"post-19745","1":"product","2":"type-product","3":"status-publish","4":"has-post-thumbnail","6":"product_cat-fizzy-twins-50000-puffs-eldobhato-vape","7":"product_tag-10k-bocanadas","9":"first","10":"outofstock","11":"sale","12":"shipping-taxable","13":"purchasable","14":"product-type-variable"},"yoast_head":"<!-- This site is optimized with the Yoast SEO Premium plugin v24.8 (Yoast SEO v26.1.1) - https:\/\/yoast.com\/wordpress\/plugins\/seo\/ -->\n<title>Fizzy Great 10000 bocanadas - 50pcs - shop.fizzyvape.com<\/title>\n<meta name=\"description\" content=\"Fizzy Great Watermelon Strawberry Lemonade 10000 Puffs - vape de verano con sand\u00eda jugosa, fresa y limonada picante. \u00a1Precio especial de 50 unidades!\" \/>\n<meta name=\"robots\" content=\"index, follow, max-snippet:-1, max-image-preview:large, max-video-preview:-1\" \/>\n<link rel=\"canonical\" href=\"https:\/\/shop.fizzyvape.com\/es\/producto\/fizzy-great-10000-bocanadas-50pcs\/\" \/>\n<meta property=\"og:locale\" content=\"es_ES\" \/>\n<meta property=\"og:type\" content=\"article\" \/>\n<meta property=\"og:title\" content=\"Fizzy Great 10000 bocanadas - 50pcs\" \/>\n<meta property=\"og:description\" content=\"Fizzy Great Watermelon Strawberry Lemonade 10000 Puffs - vape de verano con sand\u00eda jugosa, fresa y limonada picante. \u00a1Precio especial de 50 unidades!\" \/>\n<meta property=\"og:url\" content=\"https:\/\/shop.fizzyvape.com\/es\/producto\/fizzy-great-10000-bocanadas-50pcs\/\" \/>\n<meta property=\"og:site_name\" content=\"shop.fizzyvape.com\" \/>\n<meta property=\"og:image\" content=\"https:\/\/shop.fizzyvape.com\/wp-content\/uploads\/2025\/06\/FizzyVape-Great-10KPuff-Main08.jpg\" \/>\n\t<meta property=\"og:image:width\" content=\"1057\" \/>\n\t<meta property=\"og:image:height\" content=\"1037\" \/>\n\t<meta property=\"og:image:type\" content=\"image\/jpeg\" \/>\n<meta name=\"twitter:card\" content=\"summary_large_image\" \/>\n<meta name=\"twitter:label1\" content=\"Tiempo de lectura\" \/>\n\t<meta name=\"twitter:data1\" content=\"2 minutos\" \/>\n<script type=\"application\/ld+json\" class=\"yoast-schema-graph\">{\"@context\":\"https:\/\/schema.org\",\"@graph\":[{\"@type\":\"WebPage\",\"@id\":\"https:\/\/shop.fizzyvape.com\/es\/producto\/fizzy-great-10000-bocanadas-50pcs\/\",\"url\":\"https:\/\/shop.fizzyvape.com\/es\/producto\/fizzy-great-10000-bocanadas-50pcs\/\",\"name\":\"Fizzy Great 10000 bocanadas - 50pcs - shop.fizzyvape.com\",\"isPartOf\":{\"@id\":\"https:\/\/shop.fizzyvape.com\/es\/#website\"},\"primaryImageOfPage\":{\"@id\":\"https:\/\/shop.fizzyvape.com\/es\/producto\/fizzy-great-10000-bocanadas-50pcs\/#primaryimage\"},\"image\":{\"@id\":\"https:\/\/shop.fizzyvape.com\/es\/producto\/fizzy-great-10000-bocanadas-50pcs\/#primaryimage\"},\"thumbnailUrl\":\"https:\/\/shop.fizzyvape.com\/wp-content\/uploads\/2025\/06\/FizzyVape-Great-10KPuff-Main08.jpg\",\"datePublished\":\"2025-06-24T06:55:59+00:00\",\"description\":\"Fizzy Great Watermelon Strawberry Lemonade 10000 Puffs - vape de verano con sand\u00eda jugosa, fresa y limonada picante. \u00a1Precio especial de 50 unidades!\",\"breadcrumb\":{\"@id\":\"https:\/\/shop.fizzyvape.com\/es\/producto\/fizzy-great-10000-bocanadas-50pcs\/#breadcrumb\"},\"inLanguage\":\"es\",\"potentialAction\":[{\"@type\":\"ReadAction\",\"target\":[\"https:\/\/shop.fizzyvape.com\/es\/producto\/fizzy-great-10000-bocanadas-50pcs\/\"]}]},{\"@type\":\"ImageObject\",\"inLanguage\":\"es\",\"@id\":\"https:\/\/shop.fizzyvape.com\/es\/producto\/fizzy-great-10000-bocanadas-50pcs\/#primaryimage\",\"url\":\"https:\/\/shop.fizzyvape.com\/wp-content\/uploads\/2025\/06\/FizzyVape-Great-10KPuff-Main08.jpg\",\"contentUrl\":\"https:\/\/shop.fizzyvape.com\/wp-content\/uploads\/2025\/06\/FizzyVape-Great-10KPuff-Main08.jpg\",\"width\":1057,\"height\":1037},{\"@type\":\"BreadcrumbList\",\"@id\":\"https:\/\/shop.fizzyvape.com\/es\/producto\/fizzy-great-10000-bocanadas-50pcs\/#breadcrumb\",\"itemListElement\":[{\"@type\":\"ListItem\",\"position\":1,\"name\":\"\u9996\u9875\",\"item\":\"https:\/\/shop.fizzyvape.com\/es\/\"},{\"@type\":\"ListItem\",\"position\":2,\"name\":\"Shop\",\"item\":\"https:\/\/shop.fizzyvape.com\/shop\/\"},{\"@type\":\"ListItem\",\"position\":3,\"name\":\"Fizzy Great 10000 bocanadas &#8211; 50pcs\"}]},{\"@type\":\"WebSite\",\"@id\":\"https:\/\/shop.fizzyvape.com\/es\/#website\",\"url\":\"https:\/\/shop.fizzyvape.com\/es\/\",\"name\":\"shop.fizzyvape.com\",\"description\":\"The Best Disposable Vape In Europe | 10000 - 60000 Puffs  | Free Shipping\",\"potentialAction\":[{\"@type\":\"SearchAction\",\"target\":{\"@type\":\"EntryPoint\",\"urlTemplate\":\"https:\/\/shop.fizzyvape.com\/es\/?s={search_term_string}\"},\"query-input\":{\"@type\":\"PropertyValueSpecification\",\"valueRequired\":true,\"valueName\":\"search_term_string\"}}],\"inLanguage\":\"es\"}]}<\/script>\n<!-- \/ Yoast SEO Premium plugin. -->","yoast_head_json":{"title":"Fizzy Great 10000 bocanadas - 50pcs - shop.fizzyvape.com","description":"Fizzy Great Watermelon Strawberry Lemonade 10000 Puffs - vape de verano con sand\u00eda jugosa, fresa y limonada picante. \u00a1Precio especial de 50 unidades!","robots":{"index":"index","follow":"follow","max-snippet":"max-snippet:-1","max-image-preview":"max-image-preview:large","max-video-preview":"max-video-preview:-1"},"canonical":"https:\/\/shop.fizzyvape.com\/es\/producto\/fizzy-great-10000-bocanadas-50pcs\/","og_locale":"es_ES","og_type":"article","og_title":"Fizzy Great 10000 bocanadas - 50pcs","og_description":"Fizzy Great Watermelon Strawberry Lemonade 10000 Puffs - vape de verano con sand\u00eda jugosa, fresa y limonada picante. \u00a1Precio especial de 50 unidades!","og_url":"https:\/\/shop.fizzyvape.com\/es\/producto\/fizzy-great-10000-bocanadas-50pcs\/","og_site_name":"shop.fizzyvape.com","og_image":[{"width":1057,"height":1037,"url":"https:\/\/shop.fizzyvape.com\/wp-content\/uploads\/2025\/06\/FizzyVape-Great-10KPuff-Main08.jpg","type":"image\/jpeg"}],"twitter_card":"summary_large_image","twitter_misc":{"Tiempo de lectura":"2 minutos"},"schema":{"@context":"https:\/\/schema.org","@graph":[{"@type":"WebPage","@id":"https:\/\/shop.fizzyvape.com\/es\/producto\/fizzy-great-10000-bocanadas-50pcs\/","url":"https:\/\/shop.fizzyvape.com\/es\/producto\/fizzy-great-10000-bocanadas-50pcs\/","name":"Fizzy Great 10000 bocanadas - 50pcs - shop.fizzyvape.com","isPartOf":{"@id":"https:\/\/shop.fizzyvape.com\/es\/#website"},"primaryImageOfPage":{"@id":"https:\/\/shop.fizzyvape.com\/es\/producto\/fizzy-great-10000-bocanadas-50pcs\/#primaryimage"},"image":{"@id":"https:\/\/shop.fizzyvape.com\/es\/producto\/fizzy-great-10000-bocanadas-50pcs\/#primaryimage"},"thumbnailUrl":"https:\/\/shop.fizzyvape.com\/wp-content\/uploads\/2025\/06\/FizzyVape-Great-10KPuff-Main08.jpg","datePublished":"2025-06-24T06:55:59+00:00","description":"Fizzy Great Watermelon Strawberry Lemonade 10000 Puffs - vape de verano con sand\u00eda jugosa, fresa y limonada picante. \u00a1Precio especial de 50 unidades!","breadcrumb":{"@id":"https:\/\/shop.fizzyvape.com\/es\/producto\/fizzy-great-10000-bocanadas-50pcs\/#breadcrumb"},"inLanguage":"es","potentialAction":[{"@type":"ReadAction","target":["https:\/\/shop.fizzyvape.com\/es\/producto\/fizzy-great-10000-bocanadas-50pcs\/"]}]},{"@type":"ImageObject","inLanguage":"es","@id":"https:\/\/shop.fizzyvape.com\/es\/producto\/fizzy-great-10000-bocanadas-50pcs\/#primaryimage","url":"https:\/\/shop.fizzyvape.com\/wp-content\/uploads\/2025\/06\/FizzyVape-Great-10KPuff-Main08.jpg","contentUrl":"https:\/\/shop.fizzyvape.com\/wp-content\/uploads\/2025\/06\/FizzyVape-Great-10KPuff-Main08.jpg","width":1057,"height":1037},{"@type":"BreadcrumbList","@id":"https:\/\/shop.fizzyvape.com\/es\/producto\/fizzy-great-10000-bocanadas-50pcs\/#breadcrumb","itemListElement":[{"@type":"ListItem","position":1,"name":"\u9996\u9875","item":"https:\/\/shop.fizzyvape.com\/es\/"},{"@type":"ListItem","position":2,"name":"Shop","item":"https:\/\/shop.fizzyvape.com\/shop\/"},{"@type":"ListItem","position":3,"name":"Fizzy Great 10000 bocanadas &#8211; 50pcs"}]},{"@type":"WebSite","@id":"https:\/\/shop.fizzyvape.com\/es\/#website","url":"https:\/\/shop.fizzyvape.com\/es\/","name":"shop.fizzyvape.com","description":"The Best Disposable Vape In Europe | 10000 - 60000 Puffs  | Free Shipping","potentialAction":[{"@type":"SearchAction","target":{"@type":"EntryPoint","urlTemplate":"https:\/\/shop.fizzyvape.com\/es\/?s={search_term_string}"},"query-input":{"@type":"PropertyValueSpecification","valueRequired":true,"valueName":"search_term_string"}}],"inLanguage":"es"}]}},"tiered_pricing_type":"fixed","tiered_pricing_fixed_rules":[],"tiered_pricing_product_settings":{"layout":"default","base_unit_name":{"singular":null,"plural":null},"default_variation":null},"tiered_pricing_minimum_quantity":null,"tiered_pricing_roles_data":[],"tiered_pricing_percentage_rules":[],"tiered_pricing_maximum_quantity":null,"tiered_pricing_quantity_step":null,"_links":{"self":[{"href":"https:\/\/shop.fizzyvape.com\/es\/wp-json\/wp\/v2\/product\/19745","targetHints":{"allow":["GET"]}}],"collection":[{"href":"https:\/\/shop.fizzyvape.com\/es\/wp-json\/wp\/v2\/product"}],"about":[{"href":"https:\/\/shop.fizzyvape.com\/es\/wp-json\/wp\/v2\/types\/product"}],"replies":[{"embeddable":true,"href":"https:\/\/shop.fizzyvape.com\/es\/wp-json\/wp\/v2\/comments?post=19745"}],"version-history":[{"count":0,"href":"https:\/\/shop.fizzyvape.com\/es\/wp-json\/wp\/v2\/product\/19745\/revisions"}],"wp:featuredmedia":[{"embeddable":true,"href":"https:\/\/shop.fizzyvape.com\/es\/wp-json\/wp\/v2\/media\/18923"}],"wp:attachment":[{"href":"https:\/\/shop.fizzyvape.com\/es\/wp-json\/wp\/v2\/media?parent=19745"}],"wp:term":[{"taxonomy":"product_brand","embeddable":true,"href":"https:\/\/shop.fizzyvape.com\/es\/wp-json\/wp\/v2\/product_brand?post=19745"},{"taxonomy":"product_cat","embeddable":true,"href":"https:\/\/shop.fizzyvape.com\/es\/wp-json\/wp\/v2\/product_cat?post=19745"},{"taxonomy":"product_tag","embeddable":true,"href":"https:\/\/shop.fizzyvape.com\/es\/wp-json\/wp\/v2\/product_tag?post=19745"}],"curies":[{"name":"wp","href":"https:\/\/api.w.org\/{rel}","templated":true}]}}