{"id":19778,"date":"2025-06-24T06:55:59","date_gmt":"2025-06-24T06:55:59","guid":{"rendered":"https:\/\/shop.fizzyvape.com\/product\/fizzy-boom-13000-puffs-50pcs\/"},"modified":"2025-06-24T06:55:59","modified_gmt":"2025-06-24T06:55:59","slug":"fizzy-boom-13000-puffs-50pcs","status":"publish","type":"product","link":"https:\/\/shop.fizzyvape.com\/es\/producto\/fizzy-boom-13000-puffs-50pcs\/","title":{"rendered":"Fizzy Boom &#8211; 13000 Puffs &#8211; 50pcs"},"content":{"rendered":"<div>\n<h2>Fizzy Boom 13000 Puffs Vape Desechable &#8211; 50pcs Mystery Flavor Blind Box<\/h2>\n<p>Sum\u00e9rgete en la emoci\u00f3n de 50 vaporizadores desechables premium Fizzy Boom con esta exclusiva caja misteriosa. Cada dispositivo proporciona unas impresionantes 13.000 caladas ultrasuaves de sabor elaborado por expertos, alimentado por una avanzada tecnolog\u00eda de bobina de malla y una bater\u00eda recargable de 650 mAh con carga r\u00e1pida USB-C. \u00bfDescubrir\u00e1s el Melocot\u00f3n Jugoso, el Ar\u00e1ndano Helado o la Sand\u00eda Tropical con Cereza? Cada unboxing es un nuevo viaje de sabor.   <\/p>\n<h3>\u00bfPor qu\u00e9 elegir la caja ciega Fizzy Boom?<\/h3>\n<ul>\n<li><strong>Variedad emocionante:<\/strong> Cada caja contiene un surtido aleatorio de los 12 sabores m\u00e1s vendidos, lo que garantiza una mezcla din\u00e1mica de mezclas afrutadas y heladas con cada compra.<\/li>\n<li><strong>Ahorro por volumen:<\/strong> Ahorra m\u00e1s del 79% en comparaci\u00f3n con la compra de unidades individuales: perfecto para compradores al por mayor y a granel.<\/li>\n<li><strong>Apto para revendedores:<\/strong> El envase listo para la venta al por menor y la gran demanda de los consumidores lo convierten en un producto ideal para tiendas, quioscos y vendedores en l\u00ednea.<\/li>\n<li><strong>Recargable y eficiente:<\/strong> La carga r\u00e1pida USB-C te permite disfrutar hasta la \u00faltima gota del e-l\u00edquido de 21 ml por dispositivo con m\u00faltiples ciclos de recarga.<\/li>\n<li><strong>Vapor y sabor intensos:<\/strong> Las bobinas de doble malla producen nubes m\u00e1s densas y un sabor m\u00e1s rico para una experiencia de vapeo de primera.<\/li>\n<li><strong>Dise\u00f1o vibrante y a prueba de fugas:<\/strong> El colorido exterior inspirado en el carnaval con una construcci\u00f3n duradera y sellada garantiza la portabilidad y la seguridad.<\/li>\n<\/ul>\n<h3>Opciones de potencia de nicotina<\/h3>\n<ul>\n<li><strong>2% (20mg\/mL):<\/strong> Experiencia suave y equilibrada, ideal para vapeadores ocasionales.<\/li>\n<li><strong>5% (50mg\/mL):<\/strong> Un golpe de garganta m\u00e1s fuerte para los que buscan una satisfacci\u00f3n nicot\u00ednica m\u00e1s intensa.<\/li>\n<\/ul>\n<\/div>\n<div>\n<h3>Especificaciones<\/h3>\n<table>\n<tbody>\n<tr>\n<td>Puffs<\/td>\n<td><strong>M\u00e1s de 13000 Puffs<\/strong><\/td>\n<\/tr>\n<tr>\n<td>Capacidad del e-l\u00edquido<\/td>\n<td><strong>21 ml<\/strong><\/td>\n<\/tr>\n<tr>\n<td>Capacidad de la bater\u00eda<\/td>\n<td><strong>650 mAh<\/strong><\/td>\n<\/tr>\n<tr>\n<td>Bobina<\/td>\n<td><strong>Bobina de malla<\/strong><\/td>\n<\/tr>\n<tr>\n<td>Tama\u00f1o<\/td>\n<td><strong>52,8*76,5*25 mm<\/strong><\/td>\n<\/tr>\n<tr>\n<td>Desechable o no<\/td>\n<td><strong>Desechable<\/strong><\/td>\n<\/tr>\n<tr>\n<td>M\u00e9todo de carga<\/td>\n<td><strong>Cable<\/strong><\/td>\n<\/tr>\n<tr>\n<td>M\u00e9todo de activaci\u00f3n<\/td>\n<td><strong>Sensor<\/strong><\/td>\n<\/tr>\n<tr>\n<td>Nivel de nicotina<\/td>\n<td><strong>2% (20mg\/mL) y 5% (50mg\/mL)<\/strong><\/td>\n<\/tr>\n<tr>\n<td>Sabores<\/td>\n<td><strong>12<\/strong><\/td>\n<\/tr>\n<tr>\n<td>Embalaje<\/td>\n<td><strong>1 paquete<\/strong><\/td>\n<\/tr>\n<tr>\n<td>Tiempo de carga<\/td>\n<td><strong>2 horas<\/strong><\/td>\n<\/tr>\n<tr>\n<td>Almacenamiento<\/td>\n<td><strong>Evita los entornos con altas temperaturas y gu\u00e1rdalo en un lugar fresco y seco.<\/strong><\/td>\n<\/tr>\n<tr>\n<td>Personas cuyo uso est\u00e1 prohibido<\/td>\n<td><strong>Menores, mujeres embarazadas y personas al\u00e9rgicas a los ingredientes del producto.<\/strong><\/td>\n<\/tr>\n<tr>\n<td>Precauci\u00f3n<\/td>\n<td><strong>No tragues esta sustancia. En caso de ingesti\u00f3n, enju\u00e1gate bien la boca inmediatamente. Si te encuentras mal, acude al m\u00e9dico.  <\/strong><\/td>\n<\/tr>\n<\/tbody>\n<\/table>\n<h3>Lista de sabores de <strong>Fizzy Boom <\/strong>13000 Puffs:<\/h3>\n<ol>\n<li>Melocot\u00f3n<\/li>\n<li>Hielo de ar\u00e1ndanos<\/li>\n<li>Hielo de uva<\/li>\n<li>Fresa<\/li>\n<li>Hielo de sand\u00eda<\/li>\n<li>Ar\u00e1ndano Sand\u00eda Chicle<\/li>\n<li>Manzana \u00e1cida<\/li>\n<li>Sand\u00eda Cereza<\/li>\n<li>Ar\u00e1ndano Mel\u00f3n<\/li>\n<li>Hielo de kiwi y bayas<\/li>\n<li>Ar\u00e1ndano Frambuesa Lim\u00f3n<\/li>\n<li>Fresa Sand\u00eda Granada<\/li>\n<\/ol>\n<h3>Preguntas frecuentes sobre Fizzy Boom 13000 Puffs Vape<\/h3>\n<p><strong>\u00bfCu\u00e1ntos sabores recibir\u00e9 en la caja ciega?<\/strong><br \/>\nRecibir\u00e1s una selecci\u00f3n aleatoria de los 12 sabores populares, dise\u00f1ada para ofrecer una variedad emocionante.<\/p>\n<p><strong>\u00bfPuedo seleccionar mi concentraci\u00f3n de nicotina preferida para todo el pedido?<\/strong><br \/>\nS\u00ed, puedes elegir una concentraci\u00f3n de nicotina del 2% o del 5% para todos los dispositivos de tu caja al pagar.<\/p>\n<p><strong>\u00bfLos aparatos son recargables y cu\u00e1ntas veces puedo recargarlos?<\/strong><br \/>\nS\u00ed, cada vape dispone de carga r\u00e1pida USB-C y puede recargarse varias veces -t\u00edpicamente 2-3 ciclos- para utilizar completamente la capacidad de 21 ml de e-l\u00edquido y alcanzar las 13.000 caladas.<\/p>\n<\/div>\n","protected":false},"excerpt":{"rendered":"<p>Fizzy Boom 13.000 Puffs Blind Box &#8211; 50 vaporizadores recargables USB-C con sabores superiores aleatorios. Las bobinas de doble malla proporcionan un vapor intenso. Perfecto para mayoristas y almacenamiento a granel.  <\/p>\n<p><span style=\"color: #ff0000;\"><strong>Oferta limitada: \u00a1Consigue 50 unidades a un precio especial con descuento!<\/strong><\/span><\/p>\n","protected":false},"featured_media":18935,"comment_status":"open","ping_status":"closed","template":"","meta":[],"product_brand":[],"product_cat":[126],"product_tag":[165],"class_list":{"0":"post-19778","1":"product","2":"type-product","3":"status-publish","4":"has-post-thumbnail","6":"product_cat-fizzy-twins-50000-puffs-eldobhato-vape","7":"product_tag-13k-puffs-es","9":"first","10":"outofstock","11":"sale","12":"shipping-taxable","13":"purchasable","14":"product-type-variable"},"yoast_head":"<!-- This site is optimized with the Yoast SEO Premium plugin v24.8 (Yoast SEO v26.1.1) - https:\/\/yoast.com\/wordpress\/plugins\/seo\/ -->\n<title>Fizzy Boom - 13000 Puffs - 50pcs - shop.fizzyvape.com<\/title>\n<meta name=\"description\" content=\"50 vaporizadores misteriosos Fizzy Boom 13K Puff - 650K+ caladas, 12 sabores, USB-C recargable y bobinas de malla dobles. \u00a1Descuento por volumen por tiempo limitado! Compra ahora.\" \/>\n<meta name=\"robots\" content=\"index, follow, max-snippet:-1, max-image-preview:large, max-video-preview:-1\" \/>\n<link rel=\"canonical\" href=\"https:\/\/shop.fizzyvape.com\/es\/producto\/fizzy-boom-13000-puffs-50pcs\/\" \/>\n<meta property=\"og:locale\" content=\"es_ES\" \/>\n<meta property=\"og:type\" content=\"article\" \/>\n<meta property=\"og:title\" content=\"Fizzy Boom - 13000 Puffs - 50pcs\" \/>\n<meta property=\"og:description\" content=\"50 vaporizadores misteriosos Fizzy Boom 13K Puff - 650K+ caladas, 12 sabores, USB-C recargable y bobinas de malla dobles. \u00a1Descuento por volumen por tiempo limitado! Compra ahora.\" \/>\n<meta property=\"og:url\" content=\"https:\/\/shop.fizzyvape.com\/es\/producto\/fizzy-boom-13000-puffs-50pcs\/\" \/>\n<meta property=\"og:site_name\" content=\"shop.fizzyvape.com\" \/>\n<meta property=\"og:image\" content=\"https:\/\/shop.fizzyvape.com\/wp-content\/uploads\/2025\/06\/FizzyVape-Boom-13000puff-Main030.jpg\" \/>\n\t<meta property=\"og:image:width\" content=\"1500\" \/>\n\t<meta property=\"og:image:height\" content=\"1500\" \/>\n\t<meta property=\"og:image:type\" content=\"image\/jpeg\" \/>\n<meta name=\"twitter:card\" content=\"summary_large_image\" \/>\n<meta name=\"twitter:label1\" content=\"Tiempo de lectura\" \/>\n\t<meta name=\"twitter:data1\" content=\"3 minutos\" \/>\n<script type=\"application\/ld+json\" class=\"yoast-schema-graph\">{\"@context\":\"https:\/\/schema.org\",\"@graph\":[{\"@type\":\"WebPage\",\"@id\":\"https:\/\/shop.fizzyvape.com\/es\/producto\/fizzy-boom-13000-puffs-50pcs\/\",\"url\":\"https:\/\/shop.fizzyvape.com\/es\/producto\/fizzy-boom-13000-puffs-50pcs\/\",\"name\":\"Fizzy Boom - 13000 Puffs - 50pcs - shop.fizzyvape.com\",\"isPartOf\":{\"@id\":\"https:\/\/shop.fizzyvape.com\/es\/#website\"},\"primaryImageOfPage\":{\"@id\":\"https:\/\/shop.fizzyvape.com\/es\/producto\/fizzy-boom-13000-puffs-50pcs\/#primaryimage\"},\"image\":{\"@id\":\"https:\/\/shop.fizzyvape.com\/es\/producto\/fizzy-boom-13000-puffs-50pcs\/#primaryimage\"},\"thumbnailUrl\":\"https:\/\/shop.fizzyvape.com\/wp-content\/uploads\/2025\/06\/FizzyVape-Boom-13000puff-Main030.jpg\",\"datePublished\":\"2025-06-24T06:55:59+00:00\",\"description\":\"50 vaporizadores misteriosos Fizzy Boom 13K Puff - 650K+ caladas, 12 sabores, USB-C recargable y bobinas de malla dobles. \u00a1Descuento por volumen por tiempo limitado! Compra ahora.\",\"breadcrumb\":{\"@id\":\"https:\/\/shop.fizzyvape.com\/es\/producto\/fizzy-boom-13000-puffs-50pcs\/#breadcrumb\"},\"inLanguage\":\"es\",\"potentialAction\":[{\"@type\":\"ReadAction\",\"target\":[\"https:\/\/shop.fizzyvape.com\/es\/producto\/fizzy-boom-13000-puffs-50pcs\/\"]}]},{\"@type\":\"ImageObject\",\"inLanguage\":\"es\",\"@id\":\"https:\/\/shop.fizzyvape.com\/es\/producto\/fizzy-boom-13000-puffs-50pcs\/#primaryimage\",\"url\":\"https:\/\/shop.fizzyvape.com\/wp-content\/uploads\/2025\/06\/FizzyVape-Boom-13000puff-Main030.jpg\",\"contentUrl\":\"https:\/\/shop.fizzyvape.com\/wp-content\/uploads\/2025\/06\/FizzyVape-Boom-13000puff-Main030.jpg\",\"width\":1500,\"height\":1500},{\"@type\":\"BreadcrumbList\",\"@id\":\"https:\/\/shop.fizzyvape.com\/es\/producto\/fizzy-boom-13000-puffs-50pcs\/#breadcrumb\",\"itemListElement\":[{\"@type\":\"ListItem\",\"position\":1,\"name\":\"\u9996\u9875\",\"item\":\"https:\/\/shop.fizzyvape.com\/es\/\"},{\"@type\":\"ListItem\",\"position\":2,\"name\":\"Shop\",\"item\":\"https:\/\/shop.fizzyvape.com\/shop\/\"},{\"@type\":\"ListItem\",\"position\":3,\"name\":\"Fizzy Boom &#8211; 13000 Puffs &#8211; 50pcs\"}]},{\"@type\":\"WebSite\",\"@id\":\"https:\/\/shop.fizzyvape.com\/es\/#website\",\"url\":\"https:\/\/shop.fizzyvape.com\/es\/\",\"name\":\"shop.fizzyvape.com\",\"description\":\"The Best Disposable Vape In Europe | 10000 - 60000 Puffs  | Free Shipping\",\"potentialAction\":[{\"@type\":\"SearchAction\",\"target\":{\"@type\":\"EntryPoint\",\"urlTemplate\":\"https:\/\/shop.fizzyvape.com\/es\/?s={search_term_string}\"},\"query-input\":{\"@type\":\"PropertyValueSpecification\",\"valueRequired\":true,\"valueName\":\"search_term_string\"}}],\"inLanguage\":\"es\"}]}<\/script>\n<!-- \/ Yoast SEO Premium plugin. -->","yoast_head_json":{"title":"Fizzy Boom - 13000 Puffs - 50pcs - shop.fizzyvape.com","description":"50 vaporizadores misteriosos Fizzy Boom 13K Puff - 650K+ caladas, 12 sabores, USB-C recargable y bobinas de malla dobles. \u00a1Descuento por volumen por tiempo limitado! Compra ahora.","robots":{"index":"index","follow":"follow","max-snippet":"max-snippet:-1","max-image-preview":"max-image-preview:large","max-video-preview":"max-video-preview:-1"},"canonical":"https:\/\/shop.fizzyvape.com\/es\/producto\/fizzy-boom-13000-puffs-50pcs\/","og_locale":"es_ES","og_type":"article","og_title":"Fizzy Boom - 13000 Puffs - 50pcs","og_description":"50 vaporizadores misteriosos Fizzy Boom 13K Puff - 650K+ caladas, 12 sabores, USB-C recargable y bobinas de malla dobles. \u00a1Descuento por volumen por tiempo limitado! Compra ahora.","og_url":"https:\/\/shop.fizzyvape.com\/es\/producto\/fizzy-boom-13000-puffs-50pcs\/","og_site_name":"shop.fizzyvape.com","og_image":[{"width":1500,"height":1500,"url":"https:\/\/shop.fizzyvape.com\/wp-content\/uploads\/2025\/06\/FizzyVape-Boom-13000puff-Main030.jpg","type":"image\/jpeg"}],"twitter_card":"summary_large_image","twitter_misc":{"Tiempo de lectura":"3 minutos"},"schema":{"@context":"https:\/\/schema.org","@graph":[{"@type":"WebPage","@id":"https:\/\/shop.fizzyvape.com\/es\/producto\/fizzy-boom-13000-puffs-50pcs\/","url":"https:\/\/shop.fizzyvape.com\/es\/producto\/fizzy-boom-13000-puffs-50pcs\/","name":"Fizzy Boom - 13000 Puffs - 50pcs - shop.fizzyvape.com","isPartOf":{"@id":"https:\/\/shop.fizzyvape.com\/es\/#website"},"primaryImageOfPage":{"@id":"https:\/\/shop.fizzyvape.com\/es\/producto\/fizzy-boom-13000-puffs-50pcs\/#primaryimage"},"image":{"@id":"https:\/\/shop.fizzyvape.com\/es\/producto\/fizzy-boom-13000-puffs-50pcs\/#primaryimage"},"thumbnailUrl":"https:\/\/shop.fizzyvape.com\/wp-content\/uploads\/2025\/06\/FizzyVape-Boom-13000puff-Main030.jpg","datePublished":"2025-06-24T06:55:59+00:00","description":"50 vaporizadores misteriosos Fizzy Boom 13K Puff - 650K+ caladas, 12 sabores, USB-C recargable y bobinas de malla dobles. \u00a1Descuento por volumen por tiempo limitado! Compra ahora.","breadcrumb":{"@id":"https:\/\/shop.fizzyvape.com\/es\/producto\/fizzy-boom-13000-puffs-50pcs\/#breadcrumb"},"inLanguage":"es","potentialAction":[{"@type":"ReadAction","target":["https:\/\/shop.fizzyvape.com\/es\/producto\/fizzy-boom-13000-puffs-50pcs\/"]}]},{"@type":"ImageObject","inLanguage":"es","@id":"https:\/\/shop.fizzyvape.com\/es\/producto\/fizzy-boom-13000-puffs-50pcs\/#primaryimage","url":"https:\/\/shop.fizzyvape.com\/wp-content\/uploads\/2025\/06\/FizzyVape-Boom-13000puff-Main030.jpg","contentUrl":"https:\/\/shop.fizzyvape.com\/wp-content\/uploads\/2025\/06\/FizzyVape-Boom-13000puff-Main030.jpg","width":1500,"height":1500},{"@type":"BreadcrumbList","@id":"https:\/\/shop.fizzyvape.com\/es\/producto\/fizzy-boom-13000-puffs-50pcs\/#breadcrumb","itemListElement":[{"@type":"ListItem","position":1,"name":"\u9996\u9875","item":"https:\/\/shop.fizzyvape.com\/es\/"},{"@type":"ListItem","position":2,"name":"Shop","item":"https:\/\/shop.fizzyvape.com\/shop\/"},{"@type":"ListItem","position":3,"name":"Fizzy Boom &#8211; 13000 Puffs &#8211; 50pcs"}]},{"@type":"WebSite","@id":"https:\/\/shop.fizzyvape.com\/es\/#website","url":"https:\/\/shop.fizzyvape.com\/es\/","name":"shop.fizzyvape.com","description":"The Best Disposable Vape In Europe | 10000 - 60000 Puffs  | Free Shipping","potentialAction":[{"@type":"SearchAction","target":{"@type":"EntryPoint","urlTemplate":"https:\/\/shop.fizzyvape.com\/es\/?s={search_term_string}"},"query-input":{"@type":"PropertyValueSpecification","valueRequired":true,"valueName":"search_term_string"}}],"inLanguage":"es"}]}},"tiered_pricing_type":"fixed","tiered_pricing_fixed_rules":[],"tiered_pricing_product_settings":{"layout":"default","base_unit_name":{"singular":null,"plural":null},"default_variation":null},"tiered_pricing_minimum_quantity":null,"tiered_pricing_roles_data":[],"tiered_pricing_percentage_rules":[],"tiered_pricing_maximum_quantity":null,"tiered_pricing_quantity_step":null,"_links":{"self":[{"href":"https:\/\/shop.fizzyvape.com\/es\/wp-json\/wp\/v2\/product\/19778","targetHints":{"allow":["GET"]}}],"collection":[{"href":"https:\/\/shop.fizzyvape.com\/es\/wp-json\/wp\/v2\/product"}],"about":[{"href":"https:\/\/shop.fizzyvape.com\/es\/wp-json\/wp\/v2\/types\/product"}],"replies":[{"embeddable":true,"href":"https:\/\/shop.fizzyvape.com\/es\/wp-json\/wp\/v2\/comments?post=19778"}],"version-history":[{"count":0,"href":"https:\/\/shop.fizzyvape.com\/es\/wp-json\/wp\/v2\/product\/19778\/revisions"}],"wp:featuredmedia":[{"embeddable":true,"href":"https:\/\/shop.fizzyvape.com\/es\/wp-json\/wp\/v2\/media\/18935"}],"wp:attachment":[{"href":"https:\/\/shop.fizzyvape.com\/es\/wp-json\/wp\/v2\/media?parent=19778"}],"wp:term":[{"taxonomy":"product_brand","embeddable":true,"href":"https:\/\/shop.fizzyvape.com\/es\/wp-json\/wp\/v2\/product_brand?post=19778"},{"taxonomy":"product_cat","embeddable":true,"href":"https:\/\/shop.fizzyvape.com\/es\/wp-json\/wp\/v2\/product_cat?post=19778"},{"taxonomy":"product_tag","embeddable":true,"href":"https:\/\/shop.fizzyvape.com\/es\/wp-json\/wp\/v2\/product_tag?post=19778"}],"curies":[{"name":"wp","href":"https:\/\/api.w.org\/{rel}","templated":true}]}}