{"id":21146,"date":"2025-07-31T03:23:41","date_gmt":"2025-07-31T03:23:41","guid":{"rendered":"https:\/\/shop.fizzyvape.com\/?post_type=product&#038;p=21146"},"modified":"2026-03-01T09:51:15","modified_gmt":"2026-03-01T09:51:15","slug":"fizzy-max-iii-6en1-60k-60000-puffs-vape-desechable-recargable-10pcs","status":"publish","type":"product","link":"https:\/\/shop.fizzyvape.com\/es\/producto\/fizzy-max-iii-6en1-60k-60000-puffs-vape-desechable-recargable-10pcs\/","title":{"rendered":"Fizzy Max III 6en1 60K 60000 Puffs Vape Desechable Recargable &#8211; 10pcs"},"content":{"rendered":"<div style=\"width: 853px;\" class=\"wp-video\"><!--[if lt IE 9]><script>document.createElement('video');<\/script><![endif]-->\n<video class=\"wp-video-shortcode\" id=\"video-21146-1\" width=\"853\" height=\"480\" preload=\"metadata\" controls=\"controls\"><source type=\"video\/mp4\" src=\"https:\/\/shop.fizzyvape.com\/wp-content\/uploads\/2025\/06\/fizzy-max-iii-60000-puff-disposable-vape-wholesal-trusted-pro-disposable-vape-supplier.mp4?_=1\" \/><a href=\"https:\/\/shop.fizzyvape.com\/wp-content\/uploads\/2025\/06\/fizzy-max-iii-60000-puff-disposable-vape-wholesal-trusted-pro-disposable-vape-supplier.mp4\">https:\/\/shop.fizzyvape.com\/wp-content\/uploads\/2025\/06\/fizzy-max-iii-60000-puff-disposable-vape-wholesal-trusted-pro-disposable-vape-supplier.mp4<\/a><\/video><\/div>\n<h1><strong>Fizzy Max III 6en1 60K 60000 Puffs Recargable Vape Desechable 10pcs <\/strong><\/h1>\n<h2><strong>Un dispositivo. Seis sabores. 60.000 caladas de vapeo premium. <\/strong><\/h2>\n<p>Descubre el vapeo de nivel superior con el <strong>Vaporizador Desechable Fizzy Max III 6 en 1 60000 caladas<\/strong>, un innovador vapeador desechable recargable que ofrece seis experiencias de sabor \u00fanicas en un solo dispositivo. Con <strong>60 ml de e-l\u00edquido<\/strong>, <strong>60.000 caladas<\/strong> y una <strong>boquilla giratoria inteligente<\/strong>, est\u00e1 dise\u00f1ado para los amantes de los sabores que buscan variedad, rendimiento y comodidad, todo en uno.<\/p>\n<h4><strong>Sistema de sabor 6 en 1<\/strong><\/h4>\n<p>Ciclo sin esfuerzo a trav\u00e9s de 6 modos de sabor:<\/p>\n<ul>\n<li><strong>3 sabores individuales<\/strong>: Fresa Kiwi, Ar\u00e1ndano Hielo, Sand\u00eda Hielo<\/li>\n<li><strong>3 modos de mezcla<\/strong>: Mezclas AB, BC, CA para experiencias de sabor por capas<br \/>\nS\u00f3lo tienes que girar la boquilla para cambiar: sin rellenar, sin cambiar dispositivos.<\/li>\n<\/ul>\n<p>Con <strong>levantar y girar la boquilla<\/strong>, puedes alternar sabores sin esfuerzo en este orden:<br \/>\n<strong>A \u2192 Mezcla AB \u2192 B \u2192 Mezcla BC \u2192 C \u2192 Mezcla CA<\/strong><\/p>\n<h4><strong>Potencia de larga duraci\u00f3n y recargabilidad<\/strong><\/h4>\n<ul>\n<li><strong>60.000 caladas<\/strong> &#8211; Uso prolongado alimentado por vainas triples de 20 ml<\/li>\n<li><strong>Bater\u00eda de 850 mAh<\/strong> &#8211; Carga r\u00e1pida USB-C, lista en menos de 2 horas<\/li>\n<li><strong>Pantalla LED<\/strong> &#8211; Comprueba la bater\u00eda y el modo de sabor de un vistazo<\/li>\n<\/ul>\n<h3>Caracter\u00edsticas principales<\/h3>\n<p><strong>Capacidad para 60.000 caladas<\/strong><br \/>\nEquipado con 60 ml de e-l\u00edquido y bobinas de malla avanzadas para una producci\u00f3n de vapor constante y duradera.<\/p>\n<p><strong>Seis sabores en un solo aparato<\/strong><br \/>\nIncluye tres monodosis de un solo sabor (Fresa Kiwi, Ar\u00e1ndano Hielo, Sand\u00eda Hielo) m\u00e1s tres modos de mezcla \u00fanicos, que ofrecen seis experiencias de sabor distintas.<\/p>\n<p><strong>Boquilla giratoria inteligente<\/strong><br \/>\nCambia f\u00e1cilmente de sabor levantando y girando la boquilla en esta secuencia:<br \/>\nA \u2192 Mix AB \u2192 B \u2192 Mix BC \u2192 C \u2192 Mix CA.<\/p>\n<p><strong>Recargable mediante USB-C<\/strong><br \/>\nLa bater\u00eda integrada de 850 mAh admite la carga r\u00e1pida Tipo-C para mayor comodidad y sostenibilidad.<\/p>\n<p><strong>Pantalla LED<\/strong><br \/>\nLos claros indicadores del nivel de bater\u00eda y del modo de sabor te mantienen informado de un vistazo.<\/p>\n<p><strong>Gran capacidad de e-l\u00edquido<\/strong><br \/>\nTres c\u00e1psulas de 20 ml (60 ml en total) proporcionan caladas ricas y sabrosas hasta la \u00faltima calada.<\/p>\n<p><strong>Opciones de concentraci\u00f3n de nicotina<\/strong><br \/>\nDisponible en concentraciones de nicotina del 2% (20 mg) y del 5% (50 mg) para adaptarse a tus preferencias.<\/p>\n<h3><strong>Lista de Sabores de Vape Desechable Fizzy Max III 6en1 60000 Puffs:<\/strong><\/h3>\n<ol>\n<li><a href=\"https:\/\/shop.fizzyvape.com\/es\/producto\/fizzy-max-iii-6en1-60k-60000-puffs-vape-desechable-fresa-frambuesa-y-mango-melocoton-y-arandanos-sandia\/\">Fresa Frambuesa y Mango Melocot\u00f3n y Ar\u00e1ndanos Sand\u00eda<\/a><\/li>\n<li><a href=\"https:\/\/shop.fizzyvape.com\/es\/producto\/fizzy-max-iii-6en1-60k-60000-puffs-vape-desechable-mezcla-de-bayas-y-kiwi-fruta-de-la-pasion-guayaba-y-fresa-sandia\/\">Mezcla de bayas y kiwi Fruta de la pasi\u00f3n Guayaba y fresa Sand\u00eda<\/a><\/li>\n<li><a href=\"https:\/\/shop.fizzyvape.com\/es\/producto\/vapeador-desechable-fizzy-max-iii-6en1-60k-60000-puffs-arandano-frambuesa-triple-melon-fresa-helada\/\">Ar\u00e1ndano Frambuesa y Triple Helado de Mel\u00f3n y Fresa<\/a><\/li>\n<li><a href=\"https:\/\/shop.fizzyvape.com\/es\/producto\/fizzy-max-iii-6en1-60k-60000-puffs-vape-desechable-fruta-del-dragon-fresa-red-bull-sandia-frambuesa\/\">Fruta del Drag\u00f3n Fresa &amp; Red Bull &amp; Sand\u00eda Frambuesa<\/a><\/li>\n<li><a href=\"https:\/\/shop.fizzyvape.com\/es\/producto\/fizzy-max-iii-6en1-60k-60000-puffs-vape-desechable-fresa-kiwi-arandano-hielo-sandia-hielo\/\">Hielo de fresa, kiwi, ar\u00e1ndanos y sand\u00eda<\/a><\/li>\n<li><a href=\"https:\/\/shop.fizzyvape.com\/es\/producto\/fizzy-max-iii-6en1-60k-60000-puffs-vape-desechable-blueberry-ice-fizzy-cherry-raspberry-lemon\/\">Hielo de Ar\u00e1ndano y Cereza efervescente y Frambuesa Lim\u00f3n<\/a><\/li>\n<li><a href=\"https:\/\/shop.fizzyvape.com\/es\/producto\/fizzy-max-iii-6en1-60k-60000-puffs-vape-desechable-sandia-helada-y-fresa-vainilla-coca-cola-y-mezcla-de-bayas\/\">Sand\u00eda Helada y Fresa Vainilla Coca-Cola y Mixta<\/a><\/li>\n<li><a href=\"https:\/\/shop.fizzyvape.com\/es\/producto\/fizzy-max-iii-6en1-60k-60000-puffs-vape-desechable-fresa-uva-y-arandano-coco-y-melocoton-limon\/\">Fresa Uva y Ar\u00e1ndano Coco y Melocot\u00f3n Lim\u00f3n<\/a><\/li>\n<li><a href=\"https:\/\/shop.fizzyvape.com\/es\/producto\/fizzy-max-iii-6en1-60k-60000-puffs-vape-desechable-hielo-razz-azul-kiwi-fresa-naranja-pina-agria\/\">Blue Razz Hielo y Fresa Kiwi y Pi\u00f1a Agria Naranja<\/a><\/li>\n<li><a href=\"https:\/\/shop.fizzyvape.com\/es\/producto\/fizzy-max-iii-6en1-60k-60000-puffs-vape-desechable-fresa-sandia-limon-lima-arandano-coco\/\">Fresa Sand\u00eda &amp; Lim\u00f3n Lima &amp; Ar\u00e1ndanos Coco<\/a><\/li>\n<\/ol>\n<h2><strong>Vapea a tu manera: Compatible con MTL o DL<\/strong><\/h2>\n<ul>\n<li><strong>MTL (Mouth-To-Lung<\/strong> ) &#8211; Para caladas suaves de estilo cl\u00e1sico<\/li>\n<li><strong>DL (Pulm\u00f3n Directo<\/strong> ) &#8211; Para nubes densas y sabores mezclados y atrevidos<\/li>\n<\/ul>\n<h3><strong>FAQ &#8211; Fizzy Max III 6en1 60K Puffs Vape Desechable<\/strong><\/h3>\n<ul>\n<li><strong>\u00bfCu\u00e1ntas caladas proporciona el Fizzy Max III 6en1?<\/strong><br \/>\nCada dispositivo ofrece hasta 60.000 caladas para un vapeo duradero.<\/li>\n<li><strong>\u00bfEs recargable el Fizzy Max III 6en1?<\/strong><br \/>\nS\u00ed, incorpora un puerto USB Tipo-C para una carga r\u00e1pida y c\u00f3moda.<\/li>\n<li><strong>\u00bfQu\u00e9 sabores incluye el 6en1 Fizzy Max III?<\/strong><br \/>\nEl aparato ofrece seis deliciosos sabores, como fresa, uva, ar\u00e1ndanos, coco, melocot\u00f3n y lim\u00f3n.<\/li>\n<li><strong>\u00bfCu\u00e1nto tarda el env\u00edo?<\/strong><br \/>\nLos pedidos se env\u00edan desde Europa y suelen entregarse en un plazo de 2 a 7 d\u00edas laborables.<\/li>\n<li><strong>\u00bfEl Fizzy Max III 6en1 es adecuado para principiantes?<\/strong><br \/>\nS\u00ed, es f\u00e1cil de usar, sin necesidad de recargas ni cambios de bobina, perfecto tanto para principiantes como para vapeadores experimentados.<\/li>\n<\/ul>\n","protected":false},"excerpt":{"rendered":"<p>Disfruta de seis deliciosos sabores en un elegante vapeador: el Fizzy Max III ofrece hasta 60.000 caladas con una bater\u00eda recargable de 850 mAh y 60 ml de e-l\u00edquido de primera calidad. Con una pantalla LED clara y cambio de sabor sin esfuerzo mediante una boquilla giratoria inteligente. Elige entre una concentraci\u00f3n de nicotina del 2% o del 5%.<\/p>\n","protected":false},"featured_media":20886,"comment_status":"open","ping_status":"closed","template":"","meta":[],"product_brand":[],"product_cat":[297,128,155,245,197],"product_tag":[129,130,132,131,133],"class_list":{"0":"post-21146","1":"product","2":"type-product","3":"status-publish","4":"has-post-thumbnail","6":"product_cat-almacen-de-la-ue","7":"product_cat-vapers-desechables-al-por-mayor","8":"product_cat-vapeador-desechable-fizzy-max-iii-60000-puffs","9":"product_cat-10-unidades-de-vape-desechable","10":"product_cat-fizzy-max-iii-60000-puffs-al-por-mayor-es","11":"product_tag-6-sabores-en-1","12":"product_tag-60k-puffs","13":"product_tag-vaper-recargable","14":"product_tag-vape-desechable-online","15":"product_tag-venta-al-por-mayor","17":"first","18":"outofstock","19":"sale","20":"shipping-taxable","21":"purchasable","22":"product-type-variable"},"yoast_head":"<!-- This site is optimized with the Yoast SEO Premium plugin v24.8 (Yoast SEO v26.1.1) - https:\/\/yoast.com\/wordpress\/plugins\/seo\/ -->\n<title>Fizzy Max III 6en1 60000 Puffs - Vape recargable desechable<\/title>\n<meta name=\"description\" content=\"Descubre el vaporizador desechable recargable Fizzy Max III 6en1 60k con 60000 caladas. M\u00faltiples sabores, env\u00edo r\u00e1pido desde Europa. \u00a1Compra ahora el aut\u00e9ntico!\" \/>\n<meta name=\"robots\" content=\"index, follow, max-snippet:-1, max-image-preview:large, max-video-preview:-1\" \/>\n<link rel=\"canonical\" href=\"https:\/\/shop.fizzyvape.com\/es\/producto\/fizzy-max-iii-6en1-60k-60000-puffs-vape-desechable-recargable-10pcs\/\" \/>\n<meta property=\"og:locale\" content=\"es_ES\" \/>\n<meta property=\"og:type\" content=\"article\" \/>\n<meta property=\"og:title\" content=\"Fizzy Max III 6en1 60K 60000 Puffs Vape Desechable Recargable - 10pcs\" \/>\n<meta property=\"og:description\" content=\"Descubre el vaporizador desechable recargable Fizzy Max III 6en1 60k con 60000 caladas. M\u00faltiples sabores, env\u00edo r\u00e1pido desde Europa. \u00a1Compra ahora el aut\u00e9ntico!\" \/>\n<meta property=\"og:url\" content=\"https:\/\/shop.fizzyvape.com\/es\/producto\/fizzy-max-iii-6en1-60k-60000-puffs-vape-desechable-recargable-10pcs\/\" \/>\n<meta property=\"og:site_name\" content=\"shop.fizzyvape.com\" \/>\n<meta property=\"article:modified_time\" content=\"2026-03-01T09:51:15+00:00\" \/>\n<meta property=\"og:image\" content=\"https:\/\/shop.fizzyvape.com\/wp-content\/uploads\/2025\/06\/Fizzy-Max-60k-60000-Puffs-Disposable-Vape.webp\" \/>\n\t<meta property=\"og:image:width\" content=\"800\" \/>\n\t<meta property=\"og:image:height\" content=\"800\" \/>\n\t<meta property=\"og:image:type\" content=\"image\/webp\" \/>\n<meta name=\"twitter:card\" content=\"summary_large_image\" \/>\n<meta name=\"twitter:label1\" content=\"Tiempo de lectura\" \/>\n\t<meta name=\"twitter:data1\" content=\"4 minutos\" \/>\n<script type=\"application\/ld+json\" class=\"yoast-schema-graph\">{\"@context\":\"https:\/\/schema.org\",\"@graph\":[{\"@type\":\"WebPage\",\"@id\":\"https:\/\/shop.fizzyvape.com\/es\/producto\/fizzy-max-iii-6en1-60k-60000-puffs-vape-desechable-recargable-10pcs\/\",\"url\":\"https:\/\/shop.fizzyvape.com\/es\/producto\/fizzy-max-iii-6en1-60k-60000-puffs-vape-desechable-recargable-10pcs\/\",\"name\":\"Fizzy Max III 6en1 60000 Puffs - Vape recargable desechable\",\"isPartOf\":{\"@id\":\"https:\/\/shop.fizzyvape.com\/es\/#website\"},\"primaryImageOfPage\":{\"@id\":\"https:\/\/shop.fizzyvape.com\/es\/producto\/fizzy-max-iii-6en1-60k-60000-puffs-vape-desechable-recargable-10pcs\/#primaryimage\"},\"image\":{\"@id\":\"https:\/\/shop.fizzyvape.com\/es\/producto\/fizzy-max-iii-6en1-60k-60000-puffs-vape-desechable-recargable-10pcs\/#primaryimage\"},\"thumbnailUrl\":\"https:\/\/shop.fizzyvape.com\/wp-content\/uploads\/2025\/06\/Fizzy-Max-60k-60000-Puffs-Disposable-Vape.webp\",\"datePublished\":\"2025-07-31T03:23:41+00:00\",\"dateModified\":\"2026-03-01T09:51:15+00:00\",\"description\":\"Descubre el vaporizador desechable recargable Fizzy Max III 6en1 60k con 60000 caladas. M\u00faltiples sabores, env\u00edo r\u00e1pido desde Europa. \u00a1Compra ahora el aut\u00e9ntico!\",\"breadcrumb\":{\"@id\":\"https:\/\/shop.fizzyvape.com\/es\/producto\/fizzy-max-iii-6en1-60k-60000-puffs-vape-desechable-recargable-10pcs\/#breadcrumb\"},\"inLanguage\":\"es\",\"potentialAction\":[{\"@type\":\"ReadAction\",\"target\":[\"https:\/\/shop.fizzyvape.com\/es\/producto\/fizzy-max-iii-6en1-60k-60000-puffs-vape-desechable-recargable-10pcs\/\"]}]},{\"@type\":\"ImageObject\",\"inLanguage\":\"es\",\"@id\":\"https:\/\/shop.fizzyvape.com\/es\/producto\/fizzy-max-iii-6en1-60k-60000-puffs-vape-desechable-recargable-10pcs\/#primaryimage\",\"url\":\"https:\/\/shop.fizzyvape.com\/wp-content\/uploads\/2025\/06\/Fizzy-Max-60k-60000-Puffs-Disposable-Vape.webp\",\"contentUrl\":\"https:\/\/shop.fizzyvape.com\/wp-content\/uploads\/2025\/06\/Fizzy-Max-60k-60000-Puffs-Disposable-Vape.webp\",\"width\":800,\"height\":800,\"caption\":\"Vapeador Desechable Fizzy Max 60k 60000 Puffs\"},{\"@type\":\"BreadcrumbList\",\"@id\":\"https:\/\/shop.fizzyvape.com\/es\/producto\/fizzy-max-iii-6en1-60k-60000-puffs-vape-desechable-recargable-10pcs\/#breadcrumb\",\"itemListElement\":[{\"@type\":\"ListItem\",\"position\":1,\"name\":\"\u9996\u9875\",\"item\":\"https:\/\/shop.fizzyvape.com\/es\/\"},{\"@type\":\"ListItem\",\"position\":2,\"name\":\"Shop\",\"item\":\"https:\/\/shop.fizzyvape.com\/shop\/\"},{\"@type\":\"ListItem\",\"position\":3,\"name\":\"Fizzy Max III 6en1 60K 60000 Puffs Vape Desechable Recargable &#8211; 10pcs\"}]},{\"@type\":\"WebSite\",\"@id\":\"https:\/\/shop.fizzyvape.com\/es\/#website\",\"url\":\"https:\/\/shop.fizzyvape.com\/es\/\",\"name\":\"shop.fizzyvape.com\",\"description\":\"The Best Disposable Vape In Europe | 10000 - 60000 Puffs  | Free Shipping\",\"potentialAction\":[{\"@type\":\"SearchAction\",\"target\":{\"@type\":\"EntryPoint\",\"urlTemplate\":\"https:\/\/shop.fizzyvape.com\/es\/?s={search_term_string}\"},\"query-input\":{\"@type\":\"PropertyValueSpecification\",\"valueRequired\":true,\"valueName\":\"search_term_string\"}}],\"inLanguage\":\"es\"}]}<\/script>\n<!-- \/ Yoast SEO Premium plugin. -->","yoast_head_json":{"title":"Fizzy Max III 6en1 60000 Puffs - Vape recargable desechable","description":"Descubre el vaporizador desechable recargable Fizzy Max III 6en1 60k con 60000 caladas. M\u00faltiples sabores, env\u00edo r\u00e1pido desde Europa. \u00a1Compra ahora el aut\u00e9ntico!","robots":{"index":"index","follow":"follow","max-snippet":"max-snippet:-1","max-image-preview":"max-image-preview:large","max-video-preview":"max-video-preview:-1"},"canonical":"https:\/\/shop.fizzyvape.com\/es\/producto\/fizzy-max-iii-6en1-60k-60000-puffs-vape-desechable-recargable-10pcs\/","og_locale":"es_ES","og_type":"article","og_title":"Fizzy Max III 6en1 60K 60000 Puffs Vape Desechable Recargable - 10pcs","og_description":"Descubre el vaporizador desechable recargable Fizzy Max III 6en1 60k con 60000 caladas. M\u00faltiples sabores, env\u00edo r\u00e1pido desde Europa. \u00a1Compra ahora el aut\u00e9ntico!","og_url":"https:\/\/shop.fizzyvape.com\/es\/producto\/fizzy-max-iii-6en1-60k-60000-puffs-vape-desechable-recargable-10pcs\/","og_site_name":"shop.fizzyvape.com","article_modified_time":"2026-03-01T09:51:15+00:00","og_image":[{"width":800,"height":800,"url":"https:\/\/shop.fizzyvape.com\/wp-content\/uploads\/2025\/06\/Fizzy-Max-60k-60000-Puffs-Disposable-Vape.webp","type":"image\/webp"}],"twitter_card":"summary_large_image","twitter_misc":{"Tiempo de lectura":"4 minutos"},"schema":{"@context":"https:\/\/schema.org","@graph":[{"@type":"WebPage","@id":"https:\/\/shop.fizzyvape.com\/es\/producto\/fizzy-max-iii-6en1-60k-60000-puffs-vape-desechable-recargable-10pcs\/","url":"https:\/\/shop.fizzyvape.com\/es\/producto\/fizzy-max-iii-6en1-60k-60000-puffs-vape-desechable-recargable-10pcs\/","name":"Fizzy Max III 6en1 60000 Puffs - Vape recargable desechable","isPartOf":{"@id":"https:\/\/shop.fizzyvape.com\/es\/#website"},"primaryImageOfPage":{"@id":"https:\/\/shop.fizzyvape.com\/es\/producto\/fizzy-max-iii-6en1-60k-60000-puffs-vape-desechable-recargable-10pcs\/#primaryimage"},"image":{"@id":"https:\/\/shop.fizzyvape.com\/es\/producto\/fizzy-max-iii-6en1-60k-60000-puffs-vape-desechable-recargable-10pcs\/#primaryimage"},"thumbnailUrl":"https:\/\/shop.fizzyvape.com\/wp-content\/uploads\/2025\/06\/Fizzy-Max-60k-60000-Puffs-Disposable-Vape.webp","datePublished":"2025-07-31T03:23:41+00:00","dateModified":"2026-03-01T09:51:15+00:00","description":"Descubre el vaporizador desechable recargable Fizzy Max III 6en1 60k con 60000 caladas. M\u00faltiples sabores, env\u00edo r\u00e1pido desde Europa. \u00a1Compra ahora el aut\u00e9ntico!","breadcrumb":{"@id":"https:\/\/shop.fizzyvape.com\/es\/producto\/fizzy-max-iii-6en1-60k-60000-puffs-vape-desechable-recargable-10pcs\/#breadcrumb"},"inLanguage":"es","potentialAction":[{"@type":"ReadAction","target":["https:\/\/shop.fizzyvape.com\/es\/producto\/fizzy-max-iii-6en1-60k-60000-puffs-vape-desechable-recargable-10pcs\/"]}]},{"@type":"ImageObject","inLanguage":"es","@id":"https:\/\/shop.fizzyvape.com\/es\/producto\/fizzy-max-iii-6en1-60k-60000-puffs-vape-desechable-recargable-10pcs\/#primaryimage","url":"https:\/\/shop.fizzyvape.com\/wp-content\/uploads\/2025\/06\/Fizzy-Max-60k-60000-Puffs-Disposable-Vape.webp","contentUrl":"https:\/\/shop.fizzyvape.com\/wp-content\/uploads\/2025\/06\/Fizzy-Max-60k-60000-Puffs-Disposable-Vape.webp","width":800,"height":800,"caption":"Vapeador Desechable Fizzy Max 60k 60000 Puffs"},{"@type":"BreadcrumbList","@id":"https:\/\/shop.fizzyvape.com\/es\/producto\/fizzy-max-iii-6en1-60k-60000-puffs-vape-desechable-recargable-10pcs\/#breadcrumb","itemListElement":[{"@type":"ListItem","position":1,"name":"\u9996\u9875","item":"https:\/\/shop.fizzyvape.com\/es\/"},{"@type":"ListItem","position":2,"name":"Shop","item":"https:\/\/shop.fizzyvape.com\/shop\/"},{"@type":"ListItem","position":3,"name":"Fizzy Max III 6en1 60K 60000 Puffs Vape Desechable Recargable &#8211; 10pcs"}]},{"@type":"WebSite","@id":"https:\/\/shop.fizzyvape.com\/es\/#website","url":"https:\/\/shop.fizzyvape.com\/es\/","name":"shop.fizzyvape.com","description":"The Best Disposable Vape In Europe | 10000 - 60000 Puffs  | Free Shipping","potentialAction":[{"@type":"SearchAction","target":{"@type":"EntryPoint","urlTemplate":"https:\/\/shop.fizzyvape.com\/es\/?s={search_term_string}"},"query-input":{"@type":"PropertyValueSpecification","valueRequired":true,"valueName":"search_term_string"}}],"inLanguage":"es"}]}},"tiered_pricing_type":"fixed","tiered_pricing_fixed_rules":[],"tiered_pricing_product_settings":{"layout":"default","base_unit_name":{"singular":null,"plural":null},"default_variation":null},"tiered_pricing_minimum_quantity":null,"tiered_pricing_roles_data":[],"tiered_pricing_percentage_rules":[],"tiered_pricing_maximum_quantity":null,"tiered_pricing_quantity_step":null,"_links":{"self":[{"href":"https:\/\/shop.fizzyvape.com\/es\/wp-json\/wp\/v2\/product\/21146","targetHints":{"allow":["GET"]}}],"collection":[{"href":"https:\/\/shop.fizzyvape.com\/es\/wp-json\/wp\/v2\/product"}],"about":[{"href":"https:\/\/shop.fizzyvape.com\/es\/wp-json\/wp\/v2\/types\/product"}],"replies":[{"embeddable":true,"href":"https:\/\/shop.fizzyvape.com\/es\/wp-json\/wp\/v2\/comments?post=21146"}],"version-history":[{"count":2,"href":"https:\/\/shop.fizzyvape.com\/es\/wp-json\/wp\/v2\/product\/21146\/revisions"}],"predecessor-version":[{"id":29581,"href":"https:\/\/shop.fizzyvape.com\/es\/wp-json\/wp\/v2\/product\/21146\/revisions\/29581"}],"wp:featuredmedia":[{"embeddable":true,"href":"https:\/\/shop.fizzyvape.com\/es\/wp-json\/wp\/v2\/media\/20886"}],"wp:attachment":[{"href":"https:\/\/shop.fizzyvape.com\/es\/wp-json\/wp\/v2\/media?parent=21146"}],"wp:term":[{"taxonomy":"product_brand","embeddable":true,"href":"https:\/\/shop.fizzyvape.com\/es\/wp-json\/wp\/v2\/product_brand?post=21146"},{"taxonomy":"product_cat","embeddable":true,"href":"https:\/\/shop.fizzyvape.com\/es\/wp-json\/wp\/v2\/product_cat?post=21146"},{"taxonomy":"product_tag","embeddable":true,"href":"https:\/\/shop.fizzyvape.com\/es\/wp-json\/wp\/v2\/product_tag?post=21146"}],"curies":[{"name":"wp","href":"https:\/\/api.w.org\/{rel}","templated":true}]}}