{"id":25760,"date":"2025-09-03T09:19:08","date_gmt":"2025-09-03T09:19:08","guid":{"rendered":"https:\/\/shop.fizzyvape.com\/product\/fizzy-nova-plus-40000-puffs-todos-los-sabores\/"},"modified":"2025-09-15T09:14:14","modified_gmt":"2025-09-15T09:14:14","slug":"fizzy-nova-plus-40000-puffs-todos-los-sabores","status":"publish","type":"product","link":"https:\/\/shop.fizzyvape.com\/es\/producto\/fizzy-nova-plus-40000-puffs-todos-los-sabores\/","title":{"rendered":"Fizzy Nova Plus 40000 Puffs (Todos los sabores)"},"content":{"rendered":"<p><img decoding=\"async\" class=\"aligncenter\" src=\"https:\/\/shop.fizzyvape.com\/wp-content\/uploads\/2025\/09\/FIZZY-NOVA-PLUS-40K-40000-puffs-Flavors--scaled.jpg\" alt=\"FIZZY-NOVA-PLUS-40K-40000-puffs\" \/><\/p>\n<h1>Fizzy Nova Plus 40000 Puffs &#8211; Vapeador desechable de modo dual<\/h1>\n<p>El <strong>Fizzy Nova Plus 40.000 Puffs<\/strong> est\u00e1 dise\u00f1ado para los que quieren <strong>potencia y flexibilidad<\/strong> en un solo dispositivo. Con un <strong>impresionante recuento de caladas<\/strong>, <strong>funci\u00f3n de modo dual<\/strong> y <strong>recargabilidad USB-C<\/strong>, ofrece una experiencia de vapeo de primera que dura. Tanto si prefieres las caladas suaves de cada d\u00eda como un golpe m\u00e1s fuerte, Nova Plus se adapta a tu estilo al instante.<\/p>\n<h3>Productos destacados<\/h3>\n<ul>\n<li><strong>Masivas 40.000 caladas<\/strong> &#8211; Dise\u00f1adas para un disfrute duradero.<\/li>\n<li><strong>Sistema de Modo Dual<\/strong> &#8211; Cambia entre <strong>el Modo Normal<\/strong> para caladas suaves o <strong>el Modo Turbo<\/strong> para un golpe m\u00e1s fuerte.<\/li>\n<li><strong>Comodidad recargable<\/strong>: la carga USB-C te mantiene alimentado hasta la \u00faltima calada.<\/li>\n<li><strong>Bobina de malla premium<\/strong>: proporciona un sabor rico y consistente en cada inhalaci\u00f3n.<\/li>\n<li><strong>Compacta y port\u00e1til<\/strong>: dise\u00f1o elegante, perfecta para llevarla encima.<\/li>\n<li><strong>Amplia selecci\u00f3n de sabores<\/strong>: elige entre m\u00faltiples sabores superventas adaptados a tu gusto.<\/li>\n<\/ul>\n<h3>Lista de sabores de <strong>Fizzy Nova Plus <\/strong>40000 Puffs:<\/h3>\n<ol>\n<li><a href=\"https:\/\/shop.fizzyvape.com\/es\/producto\/fizzy-nova-plus-fresa-kiwi-40000-puffs-vape-desechable\/\">Fresa Kiwi<\/a><\/li>\n<li><a href=\"https:\/\/shop.fizzyvape.com\/es\/producto\/fizzy-nova-plus-blueberry-ice-40000-caladas-vape-desechable\/\">Hielo de ar\u00e1ndanos<\/a><\/li>\n<li><a href=\"https:\/\/shop.fizzyvape.com\/es\/producto\/fizzy-nova-plus-sandia-helada-40000-puffs-vape-desechable\/\">Hielo de sand\u00eda<\/a><\/li>\n<li><a href=\"https:\/\/shop.fizzyvape.com\/es\/producto\/fizzy-nova-plus-melocoton-mango-sandia-40000-puffs-vape-desechable\/\">Melocot\u00f3n Mango Sand\u00eda<\/a><\/li>\n<li><a href=\"https:\/\/shop.fizzyvape.com\/es\/producto\/fizzy-nova-plus-kiwi-fruta-de-la-pasion-guayaba-40000-puffs-vape-desechable\/\">Kiwi Fruta de la pasi\u00f3n Guayaba<\/a><\/li>\n<li><a href=\"https:\/\/shop.fizzyvape.com\/es\/producto\/fizzy-nova-plus-frambuesa-limon-40000-puffs-vape-desechable\/\">Frambuesa Lim\u00f3n<\/a><\/li>\n<li><a href=\"https:\/\/shop.fizzyvape.com\/es\/producto\/fizzy-nova-plus-triple-berry-40000-caladas-vape-desechable\/\">Triple baya<\/a><\/li>\n<li><a href=\"https:\/\/shop.fizzyvape.com\/es\/producto\/fizzy-nova-plus-peach-ice-40000-caladas-vape-desechable\/\">Melocot\u00f3n helado<\/a><\/li>\n<li><a href=\"https:\/\/shop.fizzyvape.com\/es\/producto\/fizzy-nova-plus-grape-lime-40000-puffs-vape-desechable\/\">Uva Lima<\/a><\/li>\n<li><a href=\"https:\/\/shop.fizzyvape.com\/es\/producto\/fizzy-nova-plus-limonada-blue-razz-40000-caladas-vape-desechable\/\">Limonada Blue Razz<\/a><\/li>\n<li><a href=\"https:\/\/shop.fizzyvape.com\/es\/producto\/fizzy-nova-plus-fresa-helada-40000-puffs-vape-desechable\/\">Hielo de fresa<\/a><\/li>\n<li><a href=\"https:\/\/shop.fizzyvape.com\/es\/producto\/fizzy-nova-plus-arandano-coco-40000-puffs-vape-desechable\/\">Coco con ar\u00e1ndanos<\/a><\/li>\n<\/ol>\n<h3>\u00bfPor qu\u00e9 elegir Fizzy Nova Plus?<\/h3>\n<p>A diferencia de las desechables est\u00e1ndar, la <strong>Fizzy Nova Plus 40K<\/strong> te ofrece <strong>potencia y flexibilidad<\/strong>. La funci\u00f3n de modo dual te permite disfrutar de una sesi\u00f3n relajada o intensificar tu experiencia al instante. Con un impresionante <strong>recuento de 40.000 caladas<\/strong> y un rendimiento recargable, es una de las <strong>opciones con mejor relaci\u00f3n calidad-precio<\/strong> para quienes desean tanto <strong>longevidad como sabor de primera<\/strong>.<\/p>\n<h3>Entrega r\u00e1pida y fiable<\/h3>\n<ul>\n<li>Enviado <strong>directamente desde nuestro almac\u00e9n de la UE<\/strong><\/li>\n<li>Embalaje seguro y procesamiento r\u00e1pido<\/li>\n<li><strong>Se aceptan pedidos al por mayor<\/strong><\/li>\n<\/ul>\n<h3>Preguntas frecuentes sobre Fizzy Nova Plus 40000 Puffs Vape<\/h3>\n<p><strong>P1: \u00bfCu\u00e1nto dura Fizzy Nova Plus 40.000 caladas?<\/strong><br \/>\nR: Proporciona hasta <strong>40.000 caladas<\/strong>, que duran varias semanas seg\u00fan el uso.<\/p>\n<p><strong>P2: \u00bfPuedo recargar Fizzy Nova Plus?<\/strong><br \/>\nR: S\u00ed, admite <strong>carga r\u00e1pida USB-C<\/strong>, lo que garantiza que puedas utilizarla hasta la \u00faltima calada.<\/p>\n<p><strong>P3: \u00bfNecesita recarga?<\/strong><br \/>\nR: No, el dispositivo viene <strong>precargado<\/strong> con e-l\u00edquido de primera calidad. S\u00f3lo tienes que recargarlo y disfrutar.<\/p>\n<p><strong>P4: \u00bfQu\u00e9 diferencia a Fizzy Nova Plus de otros vapes?<\/strong><br \/>\nR: El <strong>sistema de modo dual<\/strong> te permite elegir entre <strong>caladas suaves o potentes<\/strong>, lo que te da m\u00e1s flexibilidad en comparaci\u00f3n con los desechables est\u00e1ndar.<\/p>\n<p><strong>P5: \u00bfDesde d\u00f3nde se env\u00eda?<\/strong><br \/>\nR: Todos los pedidos se env\u00edan <strong>directamente desde nuestro almac\u00e9n de la UE<\/strong> para una entrega m\u00e1s r\u00e1pida.<\/p>\n<p>&nbsp;<\/p>\n","protected":false},"excerpt":{"rendered":"<p>Fizzy Nova Plus 40000 Puffs combina <strong>rendimiento en modo dual, dise\u00f1o recargable y sabor duradero<\/strong> para una experiencia de vapeo de primera.<\/p>\n","protected":false},"featured_media":25721,"comment_status":"open","ping_status":"closed","template":"","meta":[],"product_brand":[],"product_cat":[159],"product_tag":[],"class_list":{"0":"post-25760","1":"product","2":"type-product","3":"status-publish","4":"has-post-thumbnail","6":"product_cat-vapeador-desechable-fizzy-nova-plus-40000-puffs","8":"first","9":"outofstock","10":"sale","11":"shipping-taxable","12":"purchasable","13":"product-type-variable"},"yoast_head":"<!-- This site is optimized with the Yoast SEO Premium plugin v24.8 (Yoast SEO v26.1.1) - https:\/\/yoast.com\/wordpress\/plugins\/seo\/ -->\n<title>Fizzy Nova Plus 40.000 caladas - Vape desechable recargable y de modo dual<\/title>\n<meta name=\"description\" content=\"Descubre Fizzy Nova Plus 40000 Puffs con sistema de modo dual, recarga USB-C y sabores premium. De larga duraci\u00f3n y enviado desde la UE.\" \/>\n<meta name=\"robots\" content=\"index, follow, max-snippet:-1, max-image-preview:large, max-video-preview:-1\" \/>\n<link rel=\"canonical\" href=\"https:\/\/shop.fizzyvape.com\/es\/producto\/fizzy-nova-plus-40000-puffs-todos-los-sabores\/\" \/>\n<meta property=\"og:locale\" content=\"es_ES\" \/>\n<meta property=\"og:type\" content=\"article\" \/>\n<meta property=\"og:title\" content=\"Fizzy Nova Plus 40000 Puffs (Todos los sabores)\" \/>\n<meta property=\"og:description\" content=\"Descubre Fizzy Nova Plus 40000 Puffs con sistema de modo dual, recarga USB-C y sabores premium. De larga duraci\u00f3n y enviado desde la UE.\" \/>\n<meta property=\"og:url\" content=\"https:\/\/shop.fizzyvape.com\/es\/producto\/fizzy-nova-plus-40000-puffs-todos-los-sabores\/\" \/>\n<meta property=\"og:site_name\" content=\"shop.fizzyvape.com\" \/>\n<meta property=\"article:modified_time\" content=\"2025-09-15T09:14:14+00:00\" \/>\n<meta property=\"og:image\" content=\"https:\/\/shop.fizzyvape.com\/wp-content\/uploads\/2025\/09\/Fizzy-Nova-Plus-40000-Puffs-4.jpg\" \/>\n\t<meta property=\"og:image:width\" content=\"1920\" \/>\n\t<meta property=\"og:image:height\" content=\"1920\" \/>\n\t<meta property=\"og:image:type\" content=\"image\/jpeg\" \/>\n<meta name=\"twitter:card\" content=\"summary_large_image\" \/>\n<meta name=\"twitter:label1\" content=\"Tiempo de lectura\" \/>\n\t<meta name=\"twitter:data1\" content=\"3 minutos\" \/>\n<script type=\"application\/ld+json\" class=\"yoast-schema-graph\">{\"@context\":\"https:\/\/schema.org\",\"@graph\":[{\"@type\":\"WebPage\",\"@id\":\"https:\/\/shop.fizzyvape.com\/es\/producto\/fizzy-nova-plus-40000-puffs-todos-los-sabores\/\",\"url\":\"https:\/\/shop.fizzyvape.com\/es\/producto\/fizzy-nova-plus-40000-puffs-todos-los-sabores\/\",\"name\":\"Fizzy Nova Plus 40.000 caladas - Vape desechable recargable y de modo dual\",\"isPartOf\":{\"@id\":\"https:\/\/shop.fizzyvape.com\/es\/#website\"},\"primaryImageOfPage\":{\"@id\":\"https:\/\/shop.fizzyvape.com\/es\/producto\/fizzy-nova-plus-40000-puffs-todos-los-sabores\/#primaryimage\"},\"image\":{\"@id\":\"https:\/\/shop.fizzyvape.com\/es\/producto\/fizzy-nova-plus-40000-puffs-todos-los-sabores\/#primaryimage\"},\"thumbnailUrl\":\"https:\/\/shop.fizzyvape.com\/wp-content\/uploads\/2025\/09\/Fizzy-Nova-Plus-40000-Puffs-4.jpg\",\"datePublished\":\"2025-09-03T09:19:08+00:00\",\"dateModified\":\"2025-09-15T09:14:14+00:00\",\"description\":\"Descubre Fizzy Nova Plus 40000 Puffs con sistema de modo dual, recarga USB-C y sabores premium. De larga duraci\u00f3n y enviado desde la UE.\",\"breadcrumb\":{\"@id\":\"https:\/\/shop.fizzyvape.com\/es\/producto\/fizzy-nova-plus-40000-puffs-todos-los-sabores\/#breadcrumb\"},\"inLanguage\":\"es\",\"potentialAction\":[{\"@type\":\"ReadAction\",\"target\":[\"https:\/\/shop.fizzyvape.com\/es\/producto\/fizzy-nova-plus-40000-puffs-todos-los-sabores\/\"]}]},{\"@type\":\"ImageObject\",\"inLanguage\":\"es\",\"@id\":\"https:\/\/shop.fizzyvape.com\/es\/producto\/fizzy-nova-plus-40000-puffs-todos-los-sabores\/#primaryimage\",\"url\":\"https:\/\/shop.fizzyvape.com\/wp-content\/uploads\/2025\/09\/Fizzy-Nova-Plus-40000-Puffs-4.jpg\",\"contentUrl\":\"https:\/\/shop.fizzyvape.com\/wp-content\/uploads\/2025\/09\/Fizzy-Nova-Plus-40000-Puffs-4.jpg\",\"width\":1920,\"height\":1920,\"caption\":\"Fizzy Nova Plus 40000 Puffs-4\"},{\"@type\":\"BreadcrumbList\",\"@id\":\"https:\/\/shop.fizzyvape.com\/es\/producto\/fizzy-nova-plus-40000-puffs-todos-los-sabores\/#breadcrumb\",\"itemListElement\":[{\"@type\":\"ListItem\",\"position\":1,\"name\":\"\u9996\u9875\",\"item\":\"https:\/\/shop.fizzyvape.com\/es\/\"},{\"@type\":\"ListItem\",\"position\":2,\"name\":\"Shop\",\"item\":\"https:\/\/shop.fizzyvape.com\/shop\/\"},{\"@type\":\"ListItem\",\"position\":3,\"name\":\"Fizzy Nova Plus 40000 Puffs (Todos los sabores)\"}]},{\"@type\":\"WebSite\",\"@id\":\"https:\/\/shop.fizzyvape.com\/es\/#website\",\"url\":\"https:\/\/shop.fizzyvape.com\/es\/\",\"name\":\"shop.fizzyvape.com\",\"description\":\"The Best Disposable Vape In Europe | 10000 - 60000 Puffs  | Free Shipping\",\"potentialAction\":[{\"@type\":\"SearchAction\",\"target\":{\"@type\":\"EntryPoint\",\"urlTemplate\":\"https:\/\/shop.fizzyvape.com\/es\/?s={search_term_string}\"},\"query-input\":{\"@type\":\"PropertyValueSpecification\",\"valueRequired\":true,\"valueName\":\"search_term_string\"}}],\"inLanguage\":\"es\"}]}<\/script>\n<!-- \/ Yoast SEO Premium plugin. -->","yoast_head_json":{"title":"Fizzy Nova Plus 40.000 caladas - Vape desechable recargable y de modo dual","description":"Descubre Fizzy Nova Plus 40000 Puffs con sistema de modo dual, recarga USB-C y sabores premium. De larga duraci\u00f3n y enviado desde la UE.","robots":{"index":"index","follow":"follow","max-snippet":"max-snippet:-1","max-image-preview":"max-image-preview:large","max-video-preview":"max-video-preview:-1"},"canonical":"https:\/\/shop.fizzyvape.com\/es\/producto\/fizzy-nova-plus-40000-puffs-todos-los-sabores\/","og_locale":"es_ES","og_type":"article","og_title":"Fizzy Nova Plus 40000 Puffs (Todos los sabores)","og_description":"Descubre Fizzy Nova Plus 40000 Puffs con sistema de modo dual, recarga USB-C y sabores premium. De larga duraci\u00f3n y enviado desde la UE.","og_url":"https:\/\/shop.fizzyvape.com\/es\/producto\/fizzy-nova-plus-40000-puffs-todos-los-sabores\/","og_site_name":"shop.fizzyvape.com","article_modified_time":"2025-09-15T09:14:14+00:00","og_image":[{"width":1920,"height":1920,"url":"https:\/\/shop.fizzyvape.com\/wp-content\/uploads\/2025\/09\/Fizzy-Nova-Plus-40000-Puffs-4.jpg","type":"image\/jpeg"}],"twitter_card":"summary_large_image","twitter_misc":{"Tiempo de lectura":"3 minutos"},"schema":{"@context":"https:\/\/schema.org","@graph":[{"@type":"WebPage","@id":"https:\/\/shop.fizzyvape.com\/es\/producto\/fizzy-nova-plus-40000-puffs-todos-los-sabores\/","url":"https:\/\/shop.fizzyvape.com\/es\/producto\/fizzy-nova-plus-40000-puffs-todos-los-sabores\/","name":"Fizzy Nova Plus 40.000 caladas - Vape desechable recargable y de modo dual","isPartOf":{"@id":"https:\/\/shop.fizzyvape.com\/es\/#website"},"primaryImageOfPage":{"@id":"https:\/\/shop.fizzyvape.com\/es\/producto\/fizzy-nova-plus-40000-puffs-todos-los-sabores\/#primaryimage"},"image":{"@id":"https:\/\/shop.fizzyvape.com\/es\/producto\/fizzy-nova-plus-40000-puffs-todos-los-sabores\/#primaryimage"},"thumbnailUrl":"https:\/\/shop.fizzyvape.com\/wp-content\/uploads\/2025\/09\/Fizzy-Nova-Plus-40000-Puffs-4.jpg","datePublished":"2025-09-03T09:19:08+00:00","dateModified":"2025-09-15T09:14:14+00:00","description":"Descubre Fizzy Nova Plus 40000 Puffs con sistema de modo dual, recarga USB-C y sabores premium. De larga duraci\u00f3n y enviado desde la UE.","breadcrumb":{"@id":"https:\/\/shop.fizzyvape.com\/es\/producto\/fizzy-nova-plus-40000-puffs-todos-los-sabores\/#breadcrumb"},"inLanguage":"es","potentialAction":[{"@type":"ReadAction","target":["https:\/\/shop.fizzyvape.com\/es\/producto\/fizzy-nova-plus-40000-puffs-todos-los-sabores\/"]}]},{"@type":"ImageObject","inLanguage":"es","@id":"https:\/\/shop.fizzyvape.com\/es\/producto\/fizzy-nova-plus-40000-puffs-todos-los-sabores\/#primaryimage","url":"https:\/\/shop.fizzyvape.com\/wp-content\/uploads\/2025\/09\/Fizzy-Nova-Plus-40000-Puffs-4.jpg","contentUrl":"https:\/\/shop.fizzyvape.com\/wp-content\/uploads\/2025\/09\/Fizzy-Nova-Plus-40000-Puffs-4.jpg","width":1920,"height":1920,"caption":"Fizzy Nova Plus 40000 Puffs-4"},{"@type":"BreadcrumbList","@id":"https:\/\/shop.fizzyvape.com\/es\/producto\/fizzy-nova-plus-40000-puffs-todos-los-sabores\/#breadcrumb","itemListElement":[{"@type":"ListItem","position":1,"name":"\u9996\u9875","item":"https:\/\/shop.fizzyvape.com\/es\/"},{"@type":"ListItem","position":2,"name":"Shop","item":"https:\/\/shop.fizzyvape.com\/shop\/"},{"@type":"ListItem","position":3,"name":"Fizzy Nova Plus 40000 Puffs (Todos los sabores)"}]},{"@type":"WebSite","@id":"https:\/\/shop.fizzyvape.com\/es\/#website","url":"https:\/\/shop.fizzyvape.com\/es\/","name":"shop.fizzyvape.com","description":"The Best Disposable Vape In Europe | 10000 - 60000 Puffs  | Free Shipping","potentialAction":[{"@type":"SearchAction","target":{"@type":"EntryPoint","urlTemplate":"https:\/\/shop.fizzyvape.com\/es\/?s={search_term_string}"},"query-input":{"@type":"PropertyValueSpecification","valueRequired":true,"valueName":"search_term_string"}}],"inLanguage":"es"}]}},"tiered_pricing_type":"fixed","tiered_pricing_fixed_rules":[],"tiered_pricing_product_settings":{"layout":"default","base_unit_name":{"singular":null,"plural":null},"default_variation":null},"tiered_pricing_minimum_quantity":null,"tiered_pricing_roles_data":[],"tiered_pricing_percentage_rules":[],"tiered_pricing_maximum_quantity":null,"tiered_pricing_quantity_step":null,"_links":{"self":[{"href":"https:\/\/shop.fizzyvape.com\/es\/wp-json\/wp\/v2\/product\/25760","targetHints":{"allow":["GET"]}}],"collection":[{"href":"https:\/\/shop.fizzyvape.com\/es\/wp-json\/wp\/v2\/product"}],"about":[{"href":"https:\/\/shop.fizzyvape.com\/es\/wp-json\/wp\/v2\/types\/product"}],"replies":[{"embeddable":true,"href":"https:\/\/shop.fizzyvape.com\/es\/wp-json\/wp\/v2\/comments?post=25760"}],"version-history":[{"count":1,"href":"https:\/\/shop.fizzyvape.com\/es\/wp-json\/wp\/v2\/product\/25760\/revisions"}],"predecessor-version":[{"id":26260,"href":"https:\/\/shop.fizzyvape.com\/es\/wp-json\/wp\/v2\/product\/25760\/revisions\/26260"}],"wp:featuredmedia":[{"embeddable":true,"href":"https:\/\/shop.fizzyvape.com\/es\/wp-json\/wp\/v2\/media\/25721"}],"wp:attachment":[{"href":"https:\/\/shop.fizzyvape.com\/es\/wp-json\/wp\/v2\/media?parent=25760"}],"wp:term":[{"taxonomy":"product_brand","embeddable":true,"href":"https:\/\/shop.fizzyvape.com\/es\/wp-json\/wp\/v2\/product_brand?post=25760"},{"taxonomy":"product_cat","embeddable":true,"href":"https:\/\/shop.fizzyvape.com\/es\/wp-json\/wp\/v2\/product_cat?post=25760"},{"taxonomy":"product_tag","embeddable":true,"href":"https:\/\/shop.fizzyvape.com\/es\/wp-json\/wp\/v2\/product_tag?post=25760"}],"curies":[{"name":"wp","href":"https:\/\/api.w.org\/{rel}","templated":true}]}}