{"id":25785,"date":"2025-09-03T09:44:57","date_gmt":"2025-09-03T09:44:57","guid":{"rendered":"https:\/\/shop.fizzyvape.com\/product\/fizzy-max-iii-6en1-60000-puffs-todos-los-sabores\/"},"modified":"2025-10-17T23:22:35","modified_gmt":"2025-10-17T23:22:35","slug":"fizzy-max-iii-6en1-60000-puffs-todos-los-sabores","status":"publish","type":"product","link":"https:\/\/shop.fizzyvape.com\/es\/producto\/fizzy-max-iii-6en1-60000-puffs-todos-los-sabores\/","title":{"rendered":"Fizzy Max III 6en1 60000 Puffs (Todos los sabores)"},"content":{"rendered":"<div style=\"width: 853px;\" class=\"wp-video\"><!--[if lt IE 9]><script>document.createElement('video');<\/script><![endif]-->\n<video class=\"wp-video-shortcode\" id=\"video-25785-1\" width=\"853\" height=\"480\" preload=\"metadata\" controls=\"controls\"><source type=\"video\/mp4\" src=\"https:\/\/shop.fizzyvape.com\/wp-content\/uploads\/2025\/06\/fizzy-max-iii-60000-puff-disposable-vape-wholesal-trusted-pro-disposable-vape-supplier.mp4?_=1\" \/><a href=\"https:\/\/shop.fizzyvape.com\/wp-content\/uploads\/2025\/06\/fizzy-max-iii-60000-puff-disposable-vape-wholesal-trusted-pro-disposable-vape-supplier.mp4\">https:\/\/shop.fizzyvape.com\/wp-content\/uploads\/2025\/06\/fizzy-max-iii-60000-puff-disposable-vape-wholesal-trusted-pro-disposable-vape-supplier.mp4<\/a><\/video><\/div>\n<h1>Fizzy Max III 6en1 60000 Puffs &#8211; 6 sabores en un dispositivo inteligente<\/h1>\n<p>El <strong>Fizzy Max III 6en1 60.000 Puffs<\/strong> redefine el vapeo desechable con su <strong>innovador sistema de 6 sabores<\/strong>, que te permite disfrutar de seis sabores \u00fanicos en un solo dispositivo. Dise\u00f1ado para una satisfacci\u00f3n duradera, proporciona hasta <strong>60.000 caladas<\/strong> y funciona con una <strong>bater\u00eda recargable USB-C<\/strong>. Con una <strong>pantalla LED<\/strong> que muestra los niveles de bater\u00eda y e-l\u00edquido, adem\u00e1s de una <strong>bobina de malla de primera calidad<\/strong> para un sabor uniforme, es la <strong>elecci\u00f3n definitiva<\/strong> para los usuarios que buscan variedad y rendimiento.  <\/p>\n<h3>\ud83c\udf1f Caracter\u00edsticas principales<\/h3>\n<ul>\n<li><strong>6 sabores en 1 aparato<\/strong> &#8211; Cambia instant\u00e1neamente entre seis sabores premium<\/li>\n<li><strong>Hasta 60.000 inhalaciones<\/strong> &#8211; Uno de los desechables m\u00e1s duraderos del mercado<\/li>\n<li><strong>Recargable por USB-C<\/strong> &#8211; Potente y c\u00f3modo<\/li>\n<li><strong>Pantalla LED<\/strong> &#8211; Control en tiempo real de la bater\u00eda y el e-l\u00edquido<\/li>\n<li><strong>Bobina de malla Premium<\/strong> &#8211; Vapor rico y consistencia de sabor<\/li>\n<li><strong>Dise\u00f1o compacto y elegante<\/strong> &#8211; Elegante y f\u00e1cil de llevar<\/li>\n<li><strong>Perfecto para los amantes de la variedad<\/strong>: disfruta de m\u00faltiples sabores sin cambiar de aparato<\/li>\n<\/ul>\n<p><img decoding=\"async\" class=\"aligncenter\" src=\"https:\/\/shop.fizzyvape.com\/wp-content\/uploads\/2025\/09\/9f4da2e4b660925faf475b7247a19a5.jpg\" alt=\"FIZZY-Max-6-in-1-60K-60000-puffs\"><\/p>\n<h3><strong>Lista de Sabores de Vape Desechable Fizzy Max III 6en1 60000 Puffs:<\/strong><\/h3>\n<ol>\n<li><a href=\"https:\/\/shop.fizzyvape.com\/es\/producto\/fizzy-max-iii-6en1-60k-60000-puffs-vape-desechable-fresa-frambuesa-y-mango-melocoton-y-arandanos-sandia\/\">Fresa Frambuesa y Mango Melocot\u00f3n y Ar\u00e1ndanos Sand\u00eda<\/a><\/li>\n<li><a href=\"https:\/\/shop.fizzyvape.com\/es\/producto\/fizzy-max-iii-6en1-60k-60000-puffs-vape-desechable-mezcla-de-bayas-y-kiwi-fruta-de-la-pasion-guayaba-y-fresa-sandia\/\">Mezcla de bayas y kiwi Fruta de la pasi\u00f3n Guayaba y fresa Sand\u00eda<\/a><\/li>\n<li><a href=\"https:\/\/shop.fizzyvape.com\/es\/producto\/vapeador-desechable-fizzy-max-iii-6en1-60k-60000-puffs-arandano-frambuesa-triple-melon-fresa-helada\/\">Ar\u00e1ndano Frambuesa y Triple Helado de Mel\u00f3n y Fresa<\/a><\/li>\n<li><a href=\"https:\/\/shop.fizzyvape.com\/es\/producto\/fizzy-max-iii-6en1-60k-60000-puffs-vape-desechable-fruta-del-dragon-fresa-red-bull-sandia-frambuesa\/\">Fruta del Drag\u00f3n Fresa &amp; Red Bull &amp; Sand\u00eda Frambuesa<\/a><\/li>\n<li><a href=\"https:\/\/shop.fizzyvape.com\/es\/producto\/fizzy-max-iii-6en1-60k-60000-puffs-vape-desechable-fresa-kiwi-arandano-hielo-sandia-hielo\/\">Hielo de fresa, kiwi, ar\u00e1ndanos y sand\u00eda<\/a><\/li>\n<li><a href=\"https:\/\/shop.fizzyvape.com\/es\/producto\/fizzy-max-iii-6en1-60k-60000-puffs-vape-desechable-blueberry-ice-fizzy-cherry-raspberry-lemon\/\">Hielo de Ar\u00e1ndano y Cereza efervescente y Frambuesa Lim\u00f3n<\/a><\/li>\n<li><a href=\"https:\/\/shop.fizzyvape.com\/es\/producto\/fizzy-max-iii-6en1-60k-60000-puffs-vape-desechable-sandia-helada-y-fresa-vainilla-coca-cola-y-mezcla-de-bayas\/\">Sand\u00eda Helada y Fresa Vainilla Coca-Cola y Mixta<\/a><\/li>\n<li><a href=\"https:\/\/shop.fizzyvape.com\/es\/producto\/fizzy-max-iii-6en1-60k-60000-puffs-vape-desechable-fresa-uva-y-arandano-coco-y-melocoton-limon\/\">Fresa Uva y Ar\u00e1ndano Coco y Melocot\u00f3n Lim\u00f3n<\/a><\/li>\n<li><a href=\"https:\/\/shop.fizzyvape.com\/es\/producto\/fizzy-max-iii-6en1-60k-60000-puffs-vape-desechable-hielo-razz-azul-kiwi-fresa-naranja-pina-agria\/\">Blue Razz Hielo y Fresa Kiwi y Pi\u00f1a Agria Naranja<\/a><\/li>\n<li><a href=\"https:\/\/shop.fizzyvape.com\/es\/producto\/fizzy-max-iii-6en1-60k-60000-puffs-vape-desechable-fresa-sandia-limon-lima-arandano-coco\/\">Fresa Sand\u00eda &amp; Lim\u00f3n Lima &amp; Ar\u00e1ndanos Coco<\/a><\/li>\n<\/ol>\n<h3>Env\u00edo y servicio<\/h3>\n<ul>\n<li><strong>Env\u00edo r\u00e1pido a la UE<\/strong> desde nuestro almac\u00e9n europeo<\/li>\n<li>Embalaje seguro y seguimiento de cada pedido<\/li>\n<li><strong>Opciones de compra al por mayor<\/strong> <\/li>\n<\/ul>\n<h3><strong>FAQ &#8211; Fizzy Max III 6 en 1 60K Vape Desechable<\/strong><\/h3>\n<p><strong>P1: \u00bfCu\u00e1ntos sabores incluye Fizzy Max III 6en1?<\/strong><br \/>\nR: Cada aparato viene con <strong>6 sabores diferentes<\/strong> entre los que puedes cambiar en cualquier momento.<\/p>\n<p><strong>P2: \u00bfCu\u00e1nto dura?<\/strong><br \/>\nR: Hasta <strong>60.000 caladas<\/strong>, lo que la convierte en una de las desechables m\u00e1s duraderas que existen.<\/p>\n<p><strong>P3: \u00bfPuedo recargarlo?<\/strong><br \/>\nR: S\u00ed, admite <strong>carga r\u00e1pida USB-C<\/strong>, lo que te garantiza que lo utilizar\u00e1s hasta el final.<\/p>\n<p><strong>P4: \u00bfMuestra los niveles de bater\u00eda y l\u00edquido?<\/strong><br \/>\nR: S\u00ed, la <strong>pantalla LED<\/strong> indica claramente tanto la duraci\u00f3n de la bater\u00eda como el estado del e-l\u00edquido.<\/p>\n<p><strong>P5: \u00bfQu\u00e9 hace diferente a Fizzy Max III?<\/strong><br \/>\nR: A diferencia de los desechables est\u00e1ndar, Fizzy Max III combina <strong>6 sabores, un gran n\u00famero de caladas, un dise\u00f1o recargable y una pantalla LED<\/strong> en un solo dispositivo inteligente.<\/p>\n","protected":false},"excerpt":{"rendered":"<p>Fizzy Max III 6en1 60.000 caladas combina <strong data-start=\"183\" data-end=\"273\">seis sabores en un dispositivo, dise\u00f1o recargable, pantalla LED y una enorme capacidad de caladas:<\/strong>lo \u00faltimo en experiencia de vapeo todo en uno.<\/p>\n","protected":false},"featured_media":19125,"comment_status":"open","ping_status":"closed","template":"","meta":[],"product_brand":[],"product_cat":[155],"product_tag":[],"class_list":{"0":"post-25785","1":"product","2":"type-product","3":"status-publish","4":"has-post-thumbnail","6":"product_cat-vapeador-desechable-fizzy-max-iii-60000-puffs","8":"first","9":"outofstock","10":"sale","11":"shipping-taxable","12":"purchasable","13":"product-type-variable"},"yoast_head":"<!-- This site is optimized with the Yoast SEO Premium plugin v24.8 (Yoast SEO v26.1.1) - https:\/\/yoast.com\/wordpress\/plugins\/seo\/ -->\n<title>Fizzy Max III 6en1 60000 Puffs - 6 Sabores, Vape Desechable Recargable<\/title>\n<meta name=\"description\" content=\"Explora Fizzy Max III 6en1 60000 caladas con 6 opciones de sabor, bater\u00eda recargable, pantalla LED y bobina de malla de primera calidad. Env\u00edo r\u00e1pido desde la UE.\" \/>\n<meta name=\"robots\" content=\"index, follow, max-snippet:-1, max-image-preview:large, max-video-preview:-1\" \/>\n<link rel=\"canonical\" href=\"https:\/\/shop.fizzyvape.com\/es\/producto\/fizzy-max-iii-6en1-60000-puffs-todos-los-sabores\/\" \/>\n<meta property=\"og:locale\" content=\"es_ES\" \/>\n<meta property=\"og:type\" content=\"article\" \/>\n<meta property=\"og:title\" content=\"Fizzy Max III 6en1 60000 Puffs (Todos los sabores)\" \/>\n<meta property=\"og:description\" content=\"Explora Fizzy Max III 6en1 60000 caladas con 6 opciones de sabor, bater\u00eda recargable, pantalla LED y bobina de malla de primera calidad. Env\u00edo r\u00e1pido desde la UE.\" \/>\n<meta property=\"og:url\" content=\"https:\/\/shop.fizzyvape.com\/es\/producto\/fizzy-max-iii-6en1-60000-puffs-todos-los-sabores\/\" \/>\n<meta property=\"og:site_name\" content=\"shop.fizzyvape.com\" \/>\n<meta property=\"article:modified_time\" content=\"2025-10-17T23:22:35+00:00\" \/>\n<meta property=\"og:image\" content=\"https:\/\/shop.fizzyvape.com\/wp-content\/uploads\/2025\/06\/Fizzy-max-60K-60000-Puffs-Disposable-Vape-74.webp\" \/>\n\t<meta property=\"og:image:width\" content=\"800\" \/>\n\t<meta property=\"og:image:height\" content=\"800\" \/>\n\t<meta property=\"og:image:type\" content=\"image\/webp\" \/>\n<meta name=\"twitter:card\" content=\"summary_large_image\" \/>\n<meta name=\"twitter:label1\" content=\"Tiempo de lectura\" \/>\n\t<meta name=\"twitter:data1\" content=\"2 minutos\" \/>\n<script type=\"application\/ld+json\" class=\"yoast-schema-graph\">{\"@context\":\"https:\/\/schema.org\",\"@graph\":[{\"@type\":\"WebPage\",\"@id\":\"https:\/\/shop.fizzyvape.com\/es\/producto\/fizzy-max-iii-6en1-60000-puffs-todos-los-sabores\/\",\"url\":\"https:\/\/shop.fizzyvape.com\/es\/producto\/fizzy-max-iii-6en1-60000-puffs-todos-los-sabores\/\",\"name\":\"Fizzy Max III 6en1 60000 Puffs - 6 Sabores, Vape Desechable Recargable\",\"isPartOf\":{\"@id\":\"https:\/\/shop.fizzyvape.com\/es\/#website\"},\"primaryImageOfPage\":{\"@id\":\"https:\/\/shop.fizzyvape.com\/es\/producto\/fizzy-max-iii-6en1-60000-puffs-todos-los-sabores\/#primaryimage\"},\"image\":{\"@id\":\"https:\/\/shop.fizzyvape.com\/es\/producto\/fizzy-max-iii-6en1-60000-puffs-todos-los-sabores\/#primaryimage\"},\"thumbnailUrl\":\"https:\/\/shop.fizzyvape.com\/wp-content\/uploads\/2025\/06\/Fizzy-max-60K-60000-Puffs-Disposable-Vape-74.webp\",\"datePublished\":\"2025-09-03T09:44:57+00:00\",\"dateModified\":\"2025-10-17T23:22:35+00:00\",\"description\":\"Explora Fizzy Max III 6en1 60000 caladas con 6 opciones de sabor, bater\u00eda recargable, pantalla LED y bobina de malla de primera calidad. Env\u00edo r\u00e1pido desde la UE.\",\"breadcrumb\":{\"@id\":\"https:\/\/shop.fizzyvape.com\/es\/producto\/fizzy-max-iii-6en1-60000-puffs-todos-los-sabores\/#breadcrumb\"},\"inLanguage\":\"es\",\"potentialAction\":[{\"@type\":\"ReadAction\",\"target\":[\"https:\/\/shop.fizzyvape.com\/es\/producto\/fizzy-max-iii-6en1-60000-puffs-todos-los-sabores\/\"]}]},{\"@type\":\"ImageObject\",\"inLanguage\":\"es\",\"@id\":\"https:\/\/shop.fizzyvape.com\/es\/producto\/fizzy-max-iii-6en1-60000-puffs-todos-los-sabores\/#primaryimage\",\"url\":\"https:\/\/shop.fizzyvape.com\/wp-content\/uploads\/2025\/06\/Fizzy-max-60K-60000-Puffs-Disposable-Vape-74.webp\",\"contentUrl\":\"https:\/\/shop.fizzyvape.com\/wp-content\/uploads\/2025\/06\/Fizzy-max-60K-60000-Puffs-Disposable-Vape-74.webp\",\"width\":800,\"height\":800,\"caption\":\"Vapeador Desechable Fizzy max 60K 60000 Puffs - 74\"},{\"@type\":\"BreadcrumbList\",\"@id\":\"https:\/\/shop.fizzyvape.com\/es\/producto\/fizzy-max-iii-6en1-60000-puffs-todos-los-sabores\/#breadcrumb\",\"itemListElement\":[{\"@type\":\"ListItem\",\"position\":1,\"name\":\"\u9996\u9875\",\"item\":\"https:\/\/shop.fizzyvape.com\/es\/\"},{\"@type\":\"ListItem\",\"position\":2,\"name\":\"Shop\",\"item\":\"https:\/\/shop.fizzyvape.com\/shop\/\"},{\"@type\":\"ListItem\",\"position\":3,\"name\":\"Fizzy Max III 6en1 60000 Puffs (Todos los sabores)\"}]},{\"@type\":\"WebSite\",\"@id\":\"https:\/\/shop.fizzyvape.com\/es\/#website\",\"url\":\"https:\/\/shop.fizzyvape.com\/es\/\",\"name\":\"shop.fizzyvape.com\",\"description\":\"The Best Disposable Vape In Europe | 10000 - 60000 Puffs  | Free Shipping\",\"potentialAction\":[{\"@type\":\"SearchAction\",\"target\":{\"@type\":\"EntryPoint\",\"urlTemplate\":\"https:\/\/shop.fizzyvape.com\/es\/?s={search_term_string}\"},\"query-input\":{\"@type\":\"PropertyValueSpecification\",\"valueRequired\":true,\"valueName\":\"search_term_string\"}}],\"inLanguage\":\"es\"}]}<\/script>\n<!-- \/ Yoast SEO Premium plugin. -->","yoast_head_json":{"title":"Fizzy Max III 6en1 60000 Puffs - 6 Sabores, Vape Desechable Recargable","description":"Explora Fizzy Max III 6en1 60000 caladas con 6 opciones de sabor, bater\u00eda recargable, pantalla LED y bobina de malla de primera calidad. Env\u00edo r\u00e1pido desde la UE.","robots":{"index":"index","follow":"follow","max-snippet":"max-snippet:-1","max-image-preview":"max-image-preview:large","max-video-preview":"max-video-preview:-1"},"canonical":"https:\/\/shop.fizzyvape.com\/es\/producto\/fizzy-max-iii-6en1-60000-puffs-todos-los-sabores\/","og_locale":"es_ES","og_type":"article","og_title":"Fizzy Max III 6en1 60000 Puffs (Todos los sabores)","og_description":"Explora Fizzy Max III 6en1 60000 caladas con 6 opciones de sabor, bater\u00eda recargable, pantalla LED y bobina de malla de primera calidad. Env\u00edo r\u00e1pido desde la UE.","og_url":"https:\/\/shop.fizzyvape.com\/es\/producto\/fizzy-max-iii-6en1-60000-puffs-todos-los-sabores\/","og_site_name":"shop.fizzyvape.com","article_modified_time":"2025-10-17T23:22:35+00:00","og_image":[{"width":800,"height":800,"url":"https:\/\/shop.fizzyvape.com\/wp-content\/uploads\/2025\/06\/Fizzy-max-60K-60000-Puffs-Disposable-Vape-74.webp","type":"image\/webp"}],"twitter_card":"summary_large_image","twitter_misc":{"Tiempo de lectura":"2 minutos"},"schema":{"@context":"https:\/\/schema.org","@graph":[{"@type":"WebPage","@id":"https:\/\/shop.fizzyvape.com\/es\/producto\/fizzy-max-iii-6en1-60000-puffs-todos-los-sabores\/","url":"https:\/\/shop.fizzyvape.com\/es\/producto\/fizzy-max-iii-6en1-60000-puffs-todos-los-sabores\/","name":"Fizzy Max III 6en1 60000 Puffs - 6 Sabores, Vape Desechable Recargable","isPartOf":{"@id":"https:\/\/shop.fizzyvape.com\/es\/#website"},"primaryImageOfPage":{"@id":"https:\/\/shop.fizzyvape.com\/es\/producto\/fizzy-max-iii-6en1-60000-puffs-todos-los-sabores\/#primaryimage"},"image":{"@id":"https:\/\/shop.fizzyvape.com\/es\/producto\/fizzy-max-iii-6en1-60000-puffs-todos-los-sabores\/#primaryimage"},"thumbnailUrl":"https:\/\/shop.fizzyvape.com\/wp-content\/uploads\/2025\/06\/Fizzy-max-60K-60000-Puffs-Disposable-Vape-74.webp","datePublished":"2025-09-03T09:44:57+00:00","dateModified":"2025-10-17T23:22:35+00:00","description":"Explora Fizzy Max III 6en1 60000 caladas con 6 opciones de sabor, bater\u00eda recargable, pantalla LED y bobina de malla de primera calidad. Env\u00edo r\u00e1pido desde la UE.","breadcrumb":{"@id":"https:\/\/shop.fizzyvape.com\/es\/producto\/fizzy-max-iii-6en1-60000-puffs-todos-los-sabores\/#breadcrumb"},"inLanguage":"es","potentialAction":[{"@type":"ReadAction","target":["https:\/\/shop.fizzyvape.com\/es\/producto\/fizzy-max-iii-6en1-60000-puffs-todos-los-sabores\/"]}]},{"@type":"ImageObject","inLanguage":"es","@id":"https:\/\/shop.fizzyvape.com\/es\/producto\/fizzy-max-iii-6en1-60000-puffs-todos-los-sabores\/#primaryimage","url":"https:\/\/shop.fizzyvape.com\/wp-content\/uploads\/2025\/06\/Fizzy-max-60K-60000-Puffs-Disposable-Vape-74.webp","contentUrl":"https:\/\/shop.fizzyvape.com\/wp-content\/uploads\/2025\/06\/Fizzy-max-60K-60000-Puffs-Disposable-Vape-74.webp","width":800,"height":800,"caption":"Vapeador Desechable Fizzy max 60K 60000 Puffs - 74"},{"@type":"BreadcrumbList","@id":"https:\/\/shop.fizzyvape.com\/es\/producto\/fizzy-max-iii-6en1-60000-puffs-todos-los-sabores\/#breadcrumb","itemListElement":[{"@type":"ListItem","position":1,"name":"\u9996\u9875","item":"https:\/\/shop.fizzyvape.com\/es\/"},{"@type":"ListItem","position":2,"name":"Shop","item":"https:\/\/shop.fizzyvape.com\/shop\/"},{"@type":"ListItem","position":3,"name":"Fizzy Max III 6en1 60000 Puffs (Todos los sabores)"}]},{"@type":"WebSite","@id":"https:\/\/shop.fizzyvape.com\/es\/#website","url":"https:\/\/shop.fizzyvape.com\/es\/","name":"shop.fizzyvape.com","description":"The Best Disposable Vape In Europe | 10000 - 60000 Puffs  | Free Shipping","potentialAction":[{"@type":"SearchAction","target":{"@type":"EntryPoint","urlTemplate":"https:\/\/shop.fizzyvape.com\/es\/?s={search_term_string}"},"query-input":{"@type":"PropertyValueSpecification","valueRequired":true,"valueName":"search_term_string"}}],"inLanguage":"es"}]}},"tiered_pricing_type":"fixed","tiered_pricing_fixed_rules":[],"tiered_pricing_product_settings":{"layout":"default","base_unit_name":{"singular":null,"plural":null},"default_variation":null},"tiered_pricing_minimum_quantity":null,"tiered_pricing_roles_data":[],"tiered_pricing_percentage_rules":[],"tiered_pricing_maximum_quantity":null,"tiered_pricing_quantity_step":null,"_links":{"self":[{"href":"https:\/\/shop.fizzyvape.com\/es\/wp-json\/wp\/v2\/product\/25785","targetHints":{"allow":["GET"]}}],"collection":[{"href":"https:\/\/shop.fizzyvape.com\/es\/wp-json\/wp\/v2\/product"}],"about":[{"href":"https:\/\/shop.fizzyvape.com\/es\/wp-json\/wp\/v2\/types\/product"}],"replies":[{"embeddable":true,"href":"https:\/\/shop.fizzyvape.com\/es\/wp-json\/wp\/v2\/comments?post=25785"}],"version-history":[{"count":0,"href":"https:\/\/shop.fizzyvape.com\/es\/wp-json\/wp\/v2\/product\/25785\/revisions"}],"wp:featuredmedia":[{"embeddable":true,"href":"https:\/\/shop.fizzyvape.com\/es\/wp-json\/wp\/v2\/media\/19125"}],"wp:attachment":[{"href":"https:\/\/shop.fizzyvape.com\/es\/wp-json\/wp\/v2\/media?parent=25785"}],"wp:term":[{"taxonomy":"product_brand","embeddable":true,"href":"https:\/\/shop.fizzyvape.com\/es\/wp-json\/wp\/v2\/product_brand?post=25785"},{"taxonomy":"product_cat","embeddable":true,"href":"https:\/\/shop.fizzyvape.com\/es\/wp-json\/wp\/v2\/product_cat?post=25785"},{"taxonomy":"product_tag","embeddable":true,"href":"https:\/\/shop.fizzyvape.com\/es\/wp-json\/wp\/v2\/product_tag?post=25785"}],"curies":[{"name":"wp","href":"https:\/\/api.w.org\/{rel}","templated":true}]}}