{"id":26787,"date":"2025-09-30T09:32:16","date_gmt":"2025-09-30T09:32:16","guid":{"rendered":"https:\/\/shop.fizzyvape.com\/product\/fizzy-twins-sabor-dual-50k-50000-puffs-recargable-vape-desechable-mayorista\/"},"modified":"2025-12-20T03:37:22","modified_gmt":"2025-12-20T03:37:22","slug":"fizzy-twins-sabor-dual-50k-50000-puffs-recargable-vape-desechable-mayorista","status":"publish","type":"product","link":"https:\/\/shop.fizzyvape.com\/es\/producto\/fizzy-twins-sabor-dual-50k-50000-puffs-recargable-vape-desechable-mayorista\/","title":{"rendered":"Fizzy Twins Sabor Dual 50k 50000 Puffs Recargable Vape Desechable Mayorista"},"content":{"rendered":"<div>\n<div style=\"width: 853px;\" class=\"wp-video\"><!--[if lt IE 9]><script>document.createElement('video');<\/script><![endif]-->\n<video class=\"wp-video-shortcode\" id=\"video-26787-1\" width=\"853\" height=\"480\" preload=\"metadata\" controls=\"controls\"><source type=\"video\/mp4\" src=\"https:\/\/shop.fizzyvape.com\/wp-content\/uploads\/2025\/06\/Fizzy-Twins-50000-Puffs-Disposable-Vape.mp4?_=1\" \/><a href=\"https:\/\/shop.fizzyvape.com\/wp-content\/uploads\/2025\/06\/Fizzy-Twins-50000-Puffs-Disposable-Vape.mp4\">https:\/\/shop.fizzyvape.com\/wp-content\/uploads\/2025\/06\/Fizzy-Twins-50000-Puffs-Disposable-Vape.mp4<\/a><\/video><\/div>\n<h1>Fizzy Twins Sabor Dual 50000 Puffs Recargable Vape Desechable al por mayor<\/h1>\n<p><!-- Short Intro --><\/p>\n<p><strong>Fizzy Twins 50000 Puffs<\/strong> presenta un innovador <em>modo de cambio de sabor dual<\/em>, que da a los vapeadores la libertad de disfrutar de dos excitantes sabores en un solo dispositivo. Con sus <strong>50.000 caladas<\/strong> masivas, su dise\u00f1o recargable y su funcionalidad de modo dual, este dispositivo es perfecto para minoristas y compradores al por mayor que buscan satisfacer las diversas preferencias de los clientes.<\/p>\n<p><!-- Key Features --><\/p>\n<h2>Caracter\u00edsticas principales<\/h2>\n<ul>\n<li><strong>50.000 caladas<\/strong> &#8211; Uso prolongado con rendimiento de gran capacidad.<\/li>\n<li><strong>Tecnolog\u00eda de doble sabor<\/strong>: cambia entre dos sabores en un solo dispositivo.<\/li>\n<li><strong>Dise\u00f1o recargable<\/strong>: la carga Tipo-C garantiza un rendimiento constante.<\/li>\n<li><strong>Bobina de malla de alta calidad<\/strong>: proporciona un sabor suave y rico.<\/li>\n<li><strong>Preparado para la venta al por mayor<\/strong> &#8211; Optimizado para pedidos al por mayor con suministro estable.<\/li>\n<\/ul>\n<p><img decoding=\"async\" src=\"https:\/\/shop.fizzyvape.com\/wp-content\/uploads\/2025\/09\/FIZZY-Twins-50K-50000-puffs-Flavors--scaled.jpg\" alt=\"Fizzy-Twins-Dual-Flavor-50k-50000-Puffs-Recargable-Disposable-Vape-Wholesale\" \/><\/p>\n<h3>\u00bfPor qu\u00e9 elegir <strong>Fizzy Twins Sabor Dual 50000 Puffs<\/strong>?<\/h3>\n<p>\ud83c\udfaf <strong>Conmutador de doble<\/strong> sabor: disfruta de dos sabores en un solo dispositivo con el innovador dise\u00f1o de conmutaci\u00f3n de sabores<br \/>\n\ud83d\ude80 <strong>Capacidad masiva<\/strong>: hasta <strong>50.000 caladas<\/strong> por dispositivo, perfecto para sesiones de larga duraci\u00f3n<br \/>\n\ud83d\udd0b B <strong>ater\u00eda recargable<\/strong>: la carga de tipo C garantiza el uso completo de cada calada<br \/>\n\ud83c\udf2c\ufe0f <strong>Tecnolog\u00eda de bobina de malla<\/strong>: proporciona nubes de vapor suaves, ricas y consistentes<br \/>\n\ud83c\udf47 <strong>Amplias combinaciones de sabores<\/strong> &#8211; Disponibles opciones afrutadas, heladas, bebidas y mezclas<br \/>\n\ud83d\udee1\ufe0f <strong>Autenticidad garantizada<\/strong> &#8211; Productos Fizzy Vape 100% aut\u00e9nticos, enviados desde Europa<br \/>\n\ud83d\udcb0 <strong>Ventaja de la venta al por mayor<\/strong> &#8211; Suministro estable, descuentos por volumen y m\u00e1rgenes favorables al revendedor<\/p>\n<h3>Beneficios al por mayor<\/h3>\n<p>\ud83d\udce6 Cantidades a granel flexibles (a partir de 30 uds.)<br \/>\n\ud83d\ude9a Env\u00edo r\u00e1pido directamente desde los almacenes europeos<br \/>\n\ud83d\udd12 Productos Fizzy Vape aut\u00e9nticos garantizados con suministro trazable<br \/>\n\ud83d\udcb8 Niveles de precios competitivos para maximizar los beneficios de los distribuidores<br \/>\n\ud83c\udf0d Cobertura mayorista en toda Europa, incluidos Espa\u00f1a, Francia, Alemania, Hungr\u00eda, etc.<\/p>\n<h3>Perfecto para<\/h3>\n<p><span style=\"color: #785ec8;\">\u2714 <\/span>Vape shops que buscan productos de gran demanda<br \/>\n<span style=\"color: #785ec8;\">\u2714<\/span> Los vendedores de vape online ampl\u00edan su cat\u00e1logo<br \/>\n<span style=\"color: #785ec8;\">\u2714<\/span> Mayoristas y distribuidores que sirven a m\u00faltiples mercados<br \/>\n<span style=\"color: #785ec8;\">\u2714<\/span> Tiendas de conveniencia y revendedores que buscan los dispositivos m\u00e1s vendidos<\/p>\n<h3>Fortalezas de la nicotina<\/h3>\n<ul>\n<li><strong>2% (20mg\/mL)<\/strong> &#8211; Suave y sabroso para el uso diario.<\/li>\n<li><strong>5% (50mg\/mL)<\/strong> &#8211; Golpe de garganta m\u00e1s fuerte y satisfacci\u00f3n m\u00e1s profunda.<\/li>\n<\/ul>\n<\/div>\n<div>\n<h3>Especificaciones<\/h3>\n<table style=\"height: 449px;\" width=\"1340\">\n<tbody>\n<tr>\n<td>Puffs<\/td>\n<td><strong>50000+ Puffs<\/strong><\/td>\n<\/tr>\n<tr>\n<td>Capacidad del e-l\u00edquido<\/td>\n<td><strong>50 ml (25 ml por sabor)<\/strong><\/td>\n<\/tr>\n<tr>\n<td>Capacidad de la bater\u00eda<\/td>\n<td><strong>850 mAh<\/strong><\/td>\n<\/tr>\n<tr>\n<td>Tama\u00f1o<\/td>\n<td><strong>55,9*27,3*119,8 mm<\/strong><\/td>\n<\/tr>\n<tr>\n<td>Desechable o no<\/td>\n<td><strong>Desechable<\/strong><\/td>\n<\/tr>\n<tr>\n<td>Potencia ajustable<\/td>\n<td><strong>S\u00cd<\/strong><\/td>\n<\/tr>\n<tr>\n<td>M\u00e9todo de activaci\u00f3n<\/td>\n<td><strong>Sensor<\/strong><\/td>\n<\/tr>\n<tr>\n<td>Material<\/td>\n<td><strong>PCTG<\/strong><\/td>\n<\/tr>\n<tr>\n<td>Nivel de nicotina<\/td>\n<td><strong>2% (20mg\/mL) y 5% (50mg\/mL)<\/strong><\/td>\n<\/tr>\n<tr>\n<td>Sabores<\/td>\n<td><strong>12<\/strong><\/td>\n<\/tr>\n<tr>\n<td>Tiempo de carga<\/td>\n<td><strong>2 horas<\/strong><\/td>\n<\/tr>\n<tr>\n<td>Almacenamiento<\/td>\n<td><strong>Evita los entornos con altas temperaturas y gu\u00e1rdalo en un lugar fresco y seco.<\/strong><\/td>\n<\/tr>\n<tr>\n<td>Personas cuyo uso est\u00e1 prohibido<\/td>\n<td><strong>Menores, mujeres embarazadas y personas al\u00e9rgicas a los ingredientes del producto.<\/strong><\/td>\n<\/tr>\n<tr>\n<td>Precauci\u00f3n<\/td>\n<td><strong>No tragues esta sustancia. En caso de ingesti\u00f3n, enju\u00e1gate bien la boca inmediatamente. Si te encuentras mal, acude al m\u00e9dico. <\/strong><\/td>\n<\/tr>\n<\/tbody>\n<\/table>\n<h3>Lista de sabores de <strong>Fizzy Twins <\/strong>50000 Dual Flavor Puffs:<\/h3>\n<ol>\n<li><a href=\"https:\/\/shop.fizzyvape.com\/es\/producto\/fizzy-twins-sandia-helada-y-fresa-kiwi-50000-puffs-vape-desechable\/\">Sand\u00eda Helada y Fresa Kiwi<\/a><\/li>\n<li><a href=\"https:\/\/shop.fizzyvape.com\/es\/producto\/fizzy-twins-fresa-kiwi-granada-red-bull-50000-puffs-vape-desechable\/\">Fresa Kiwi Granada y Red Bull<\/a><\/li>\n<li><a href=\"https:\/\/shop.fizzyvape.com\/es\/producto\/fizzy-twins-arandano-coco-y-uva-hielo-50000-puffs-vape-desechable\/\">Hielo de ar\u00e1ndanos, coco y uva<\/a><\/li>\n<li><a href=\"https:\/\/shop.fizzyvape.com\/es\/producto\/fizzy-twins-limonada-blue-razz-melon-triple-50000-puffs-vape-desechable\/\">Limonada Blue Razz y Mel\u00f3n Triple<\/a><\/li>\n<li><a href=\"https:\/\/shop.fizzyvape.com\/es\/producto\/fizzy-twins-fresa-sandia-y-arandanos-hielo-50000-puffs-vape-desechable\/\">Hielo de fresa, sand\u00eda y ar\u00e1ndanos<\/a><\/li>\n<li><a href=\"https:\/\/shop.fizzyvape.com\/es\/producto\/fizzy-twins-melocoton-mango-sandia-y-fresa-platano-50000-puffs-vape-desechable\/\">Melocot\u00f3n Mango Sand\u00eda y Fresa Pl\u00e1tano<\/a><\/li>\n<li><a href=\"https:\/\/shop.fizzyvape.com\/es\/producto\/fizzy-twins-frambuesa-sandia-y-kiwi-fruta-de-la-pasion-guayaba-50000-puffs-vape-desechable\/\">Frambuesa Sand\u00eda y Kiwi Fruta de la Pasi\u00f3n Guayaba<\/a><\/li>\n<li><a href=\"https:\/\/shop.fizzyvape.com\/es\/producto\/fizzy-twins-pina-melocoton-fruta-de-la-pasion-y-arandano-frambuesa-50000-puffs-vape-desechable\/\">Pi\u00f1a Melocot\u00f3n Fruta de la Pasi\u00f3n y Ar\u00e1ndanos Frambuesa<\/a><\/li>\n<li><a href=\"https:\/\/shop.fizzyvape.com\/es\/producto\/fizzy-twins-sandia-helada-y-lima-limon-50000-puffs-vape-desechable\/\">Hielo de sand\u00eda y lima lim\u00f3n<\/a><\/li>\n<li><a href=\"https:\/\/shop.fizzyvape.com\/es\/producto\/fizzy-twins-mixed-berry-peach-ice-50000-puffs-vape-desechable\/\">Hielo de frutas del bosque y melocot\u00f3n<\/a><\/li>\n<li><a href=\"https:\/\/shop.fizzyvape.com\/es\/producto\/fizzy-twins-fresa-helada-y-cereza-efervescente-50000-caladas-vape-desechable\/\">Fresa helada y cereza efervescente<\/a><\/li>\n<li><a href=\"https:\/\/shop.fizzyvape.com\/es\/producto\/fizzy-twins-limonada-de-frambuesa-y-fresa-helada-50000-puffs-vape-desechable\/\">Limonada de Frambuesa y Hielo de Fresa<\/a><\/li>\n<\/ol>\n<h3 data-start=\"101\" data-end=\"123\">Opiniones de clientes<\/h3>\n<p data-start=\"125\" data-end=\"270\">\u2b50\ufe0f\u2b50\ufe0f\u2b50\ufe0f\u2b50\ufe0f\u2b50\ufe0f<br data-start=\"135\" data-end=\"138\" \/>&#8220;\u00a1Los sabores duales cambian las reglas del juego! A los clientes de mi tienda les encanta cambiar entre dos sabores en un solo aparato.&#8221; &#8211; Marco (Minorista de Italia)<\/p>\n<p data-start=\"272\" data-end=\"405\">\u2b50\ufe0f\u2b50\ufe0f\u2b50\ufe0f\u2b50\ufe0f\u2b50\ufe0f<br data-start=\"282\" data-end=\"285\" \/>&#8220;50.000 caladas m\u00e1s la bater\u00eda recargable hacen que \u00e9ste sea nuestro producto al por mayor m\u00e1s rentable&#8221;. &#8211; Anna (Distribuidora de Polonia)<\/p>\n<p data-start=\"407\" data-end=\"531\">\u2b50\ufe0f\u2b50\ufe0f\u2b50\ufe0f\u2b50\ufe0f\u2b50\ufe0f<br data-start=\"417\" data-end=\"420\" \/>&#8220;Env\u00edo fiable a la UE, aut\u00e9ntica calidad Fizzy, y mis clientes vuelven a hacer pedidos todas las semanas&#8221;. &#8211; Luis (Mayorista Espa\u00f1a)<\/p>\n<h3>Preguntas frecuentes sobre Fizzy Twins Dual Flavor 50000 Puffs Vape<\/h3>\n<div class=\"fv-faq\">\n<h4>1. \u00bfC\u00f3mo funciona el modo de doble sabor?<\/h4>\n<p>El Fizzy Twins permite a los usuarios cambiar entre dos sabores distintos dentro de un mismo dispositivo, ofreciendo m\u00e1s variedad y comodidad en comparaci\u00f3n con los vaporizadores desechables tradicionales.<\/p>\n<h4>2. \u00bfEs recargable el aparato?<\/h4>\n<p>S\u00ed, el Fizzy Twins 50k viene con un puerto de carga Tipo-C, que garantiza que los usuarios puedan disfrutar plenamente del m\u00e1ximo de 50.000 caladas.<\/p>\n<h4>3. \u00bfQu\u00e9 concentraciones de nicotina hay disponibles?<\/h4>\n<p>Ofrecemos opciones de 2% y 5% de nicotina para satisfacer las distintas demandas del mercado.<\/p>\n<h4>4. \u00bfPuedo hacer pedidos al por mayor?<\/h4>\n<p>Por supuesto. Ofrecemos niveles de precios al por mayor para pedidos a partir de 30 piezas, con atractivos descuentos para vol\u00famenes mayores.<\/p>\n<h4>5. \u00bfCu\u00e1l es la rapidez de entrega en Europa?<\/h4>\n<p>Todos los pedidos se env\u00edan directamente desde nuestro almac\u00e9n europeo con una entrega r\u00e1pida y fiable.<\/p>\n<\/div>\n<\/div>\n","protected":false},"excerpt":{"rendered":"[html_block id=\"27286\"]\n","protected":false},"featured_media":18963,"comment_status":"open","ping_status":"closed","template":"","meta":[],"product_brand":[],"product_cat":[196,128,154,243],"product_tag":[],"class_list":{"0":"post-26787","1":"product","2":"type-product","3":"status-publish","4":"has-post-thumbnail","6":"product_cat-fizzy-twins-50k-puffs-al-por-mayor-es","7":"product_cat-vapers-desechables-al-por-mayor","8":"product_cat-vaper-recargable-online","9":"product_cat-fizzy-vapers-al-por-mayor-y-proveedor-oficial-de-vapes-desechables-recargables","11":"first","12":"instock","13":"shipping-taxable","14":"product-type-simple"},"yoast_head":"<!-- This site is optimized with the Yoast SEO Premium plugin v24.8 (Yoast SEO v27.4) - https:\/\/yoast.com\/product\/yoast-seo-premium-wordpress\/ -->\n<title>Fizzy Twins 50000 Puffs Vape Desechable Mayorista UE<\/title>\n<meta name=\"description\" content=\"Comprar Vapeador Desechable Recargable Fizzy Twins Sabor Dual 50000 Puffs. Precios al por mayor, env\u00edo al almac\u00e9n de la UE, perfecto para tiendas y revendedores.\" \/>\n<meta name=\"robots\" content=\"index, follow, max-snippet:-1, max-image-preview:large, max-video-preview:-1\" \/>\n<link rel=\"canonical\" href=\"https:\/\/shop.fizzyvape.com\/es\/producto\/fizzy-twins-sabor-dual-50k-50000-puffs-recargable-vape-desechable-mayorista\/\" \/>\n<meta property=\"og:locale\" content=\"es_ES\" \/>\n<meta property=\"og:type\" content=\"article\" \/>\n<meta property=\"og:title\" content=\"Fizzy Twins Sabor Dual 50k 50000 Puffs Recargable Vape Desechable Mayorista\" \/>\n<meta property=\"og:description\" content=\"Comprar Vapeador Desechable Recargable Fizzy Twins Sabor Dual 50000 Puffs. Precios al por mayor, env\u00edo al almac\u00e9n de la UE, perfecto para tiendas y revendedores.\" \/>\n<meta property=\"og:url\" content=\"https:\/\/shop.fizzyvape.com\/es\/producto\/fizzy-twins-sabor-dual-50k-50000-puffs-recargable-vape-desechable-mayorista\/\" \/>\n<meta property=\"og:site_name\" content=\"shop.fizzyvape.com\" \/>\n<meta property=\"article:modified_time\" content=\"2025-12-20T03:37:22+00:00\" \/>\n<meta property=\"og:image\" content=\"https:\/\/shop.fizzyvape.com\/wp-content\/uploads\/2025\/06\/Fizzy-Twins-50000Puffs-2-1.webp\" \/>\n\t<meta property=\"og:image:width\" content=\"800\" \/>\n\t<meta property=\"og:image:height\" content=\"800\" \/>\n\t<meta property=\"og:image:type\" content=\"image\/webp\" \/>\n<meta name=\"twitter:card\" content=\"summary_large_image\" \/>\n<meta name=\"twitter:label1\" content=\"Tiempo de lectura\" \/>\n\t<meta name=\"twitter:data1\" content=\"5 minutos\" \/>\n<script type=\"application\/ld+json\" class=\"yoast-schema-graph\">{\"@context\":\"https:\\\/\\\/schema.org\",\"@graph\":[{\"@type\":\"WebPage\",\"@id\":\"https:\\\/\\\/shop.fizzyvape.com\\\/es\\\/producto\\\/fizzy-twins-sabor-dual-50k-50000-puffs-recargable-vape-desechable-mayorista\\\/\",\"url\":\"https:\\\/\\\/shop.fizzyvape.com\\\/es\\\/producto\\\/fizzy-twins-sabor-dual-50k-50000-puffs-recargable-vape-desechable-mayorista\\\/\",\"name\":\"Fizzy Twins 50000 Puffs Vape Desechable Mayorista UE\",\"isPartOf\":{\"@id\":\"https:\\\/\\\/shop.fizzyvape.com\\\/es\\\/#website\"},\"primaryImageOfPage\":{\"@id\":\"https:\\\/\\\/shop.fizzyvape.com\\\/es\\\/producto\\\/fizzy-twins-sabor-dual-50k-50000-puffs-recargable-vape-desechable-mayorista\\\/#primaryimage\"},\"image\":{\"@id\":\"https:\\\/\\\/shop.fizzyvape.com\\\/es\\\/producto\\\/fizzy-twins-sabor-dual-50k-50000-puffs-recargable-vape-desechable-mayorista\\\/#primaryimage\"},\"thumbnailUrl\":\"https:\\\/\\\/shop.fizzyvape.com\\\/wp-content\\\/uploads\\\/2025\\\/06\\\/Fizzy-Twins-50000Puffs-2-1.webp\",\"datePublished\":\"2025-09-30T09:32:16+00:00\",\"dateModified\":\"2025-12-20T03:37:22+00:00\",\"description\":\"Comprar Vapeador Desechable Recargable Fizzy Twins Sabor Dual 50000 Puffs. Precios al por mayor, env\u00edo al almac\u00e9n de la UE, perfecto para tiendas y revendedores.\",\"breadcrumb\":{\"@id\":\"https:\\\/\\\/shop.fizzyvape.com\\\/es\\\/producto\\\/fizzy-twins-sabor-dual-50k-50000-puffs-recargable-vape-desechable-mayorista\\\/#breadcrumb\"},\"inLanguage\":\"es\",\"potentialAction\":[{\"@type\":\"ReadAction\",\"target\":[\"https:\\\/\\\/shop.fizzyvape.com\\\/es\\\/producto\\\/fizzy-twins-sabor-dual-50k-50000-puffs-recargable-vape-desechable-mayorista\\\/\"]}]},{\"@type\":\"ImageObject\",\"inLanguage\":\"es\",\"@id\":\"https:\\\/\\\/shop.fizzyvape.com\\\/es\\\/producto\\\/fizzy-twins-sabor-dual-50k-50000-puffs-recargable-vape-desechable-mayorista\\\/#primaryimage\",\"url\":\"https:\\\/\\\/shop.fizzyvape.com\\\/wp-content\\\/uploads\\\/2025\\\/06\\\/Fizzy-Twins-50000Puffs-2-1.webp\",\"contentUrl\":\"https:\\\/\\\/shop.fizzyvape.com\\\/wp-content\\\/uploads\\\/2025\\\/06\\\/Fizzy-Twins-50000Puffs-2-1.webp\",\"width\":800,\"height\":800},{\"@type\":\"BreadcrumbList\",\"@id\":\"https:\\\/\\\/shop.fizzyvape.com\\\/es\\\/producto\\\/fizzy-twins-sabor-dual-50k-50000-puffs-recargable-vape-desechable-mayorista\\\/#breadcrumb\",\"itemListElement\":[{\"@type\":\"ListItem\",\"position\":1,\"name\":\"\u9996\u9875\",\"item\":\"https:\\\/\\\/shop.fizzyvape.com\\\/es\\\/\"},{\"@type\":\"ListItem\",\"position\":2,\"name\":\"Shop\",\"item\":\"https:\\\/\\\/shop.fizzyvape.com\\\/shop\\\/\"},{\"@type\":\"ListItem\",\"position\":3,\"name\":\"Fizzy Twins Sabor Dual 50k 50000 Puffs Recargable Vape Desechable Mayorista\"}]},{\"@type\":\"WebSite\",\"@id\":\"https:\\\/\\\/shop.fizzyvape.com\\\/es\\\/#website\",\"url\":\"https:\\\/\\\/shop.fizzyvape.com\\\/es\\\/\",\"name\":\"shop.fizzyvape.com\",\"description\":\"The Best Disposable Vape In Europe | 10000 - 60000 Puffs  | Free Shipping\",\"potentialAction\":[{\"@type\":\"SearchAction\",\"target\":{\"@type\":\"EntryPoint\",\"urlTemplate\":\"https:\\\/\\\/shop.fizzyvape.com\\\/es\\\/?s={search_term_string}\"},\"query-input\":{\"@type\":\"PropertyValueSpecification\",\"valueRequired\":true,\"valueName\":\"search_term_string\"}}],\"inLanguage\":\"es\"}]}<\/script>\n<!-- \/ Yoast SEO Premium plugin. -->","yoast_head_json":{"title":"Fizzy Twins 50000 Puffs Vape Desechable Mayorista UE","description":"Comprar Vapeador Desechable Recargable Fizzy Twins Sabor Dual 50000 Puffs. Precios al por mayor, env\u00edo al almac\u00e9n de la UE, perfecto para tiendas y revendedores.","robots":{"index":"index","follow":"follow","max-snippet":"max-snippet:-1","max-image-preview":"max-image-preview:large","max-video-preview":"max-video-preview:-1"},"canonical":"https:\/\/shop.fizzyvape.com\/es\/producto\/fizzy-twins-sabor-dual-50k-50000-puffs-recargable-vape-desechable-mayorista\/","og_locale":"es_ES","og_type":"article","og_title":"Fizzy Twins Sabor Dual 50k 50000 Puffs Recargable Vape Desechable Mayorista","og_description":"Comprar Vapeador Desechable Recargable Fizzy Twins Sabor Dual 50000 Puffs. Precios al por mayor, env\u00edo al almac\u00e9n de la UE, perfecto para tiendas y revendedores.","og_url":"https:\/\/shop.fizzyvape.com\/es\/producto\/fizzy-twins-sabor-dual-50k-50000-puffs-recargable-vape-desechable-mayorista\/","og_site_name":"shop.fizzyvape.com","article_modified_time":"2025-12-20T03:37:22+00:00","og_image":[{"width":800,"height":800,"url":"https:\/\/shop.fizzyvape.com\/wp-content\/uploads\/2025\/06\/Fizzy-Twins-50000Puffs-2-1.webp","type":"image\/webp"}],"twitter_card":"summary_large_image","twitter_misc":{"Tiempo de lectura":"5 minutos"},"schema":{"@context":"https:\/\/schema.org","@graph":[{"@type":"WebPage","@id":"https:\/\/shop.fizzyvape.com\/es\/producto\/fizzy-twins-sabor-dual-50k-50000-puffs-recargable-vape-desechable-mayorista\/","url":"https:\/\/shop.fizzyvape.com\/es\/producto\/fizzy-twins-sabor-dual-50k-50000-puffs-recargable-vape-desechable-mayorista\/","name":"Fizzy Twins 50000 Puffs Vape Desechable Mayorista UE","isPartOf":{"@id":"https:\/\/shop.fizzyvape.com\/es\/#website"},"primaryImageOfPage":{"@id":"https:\/\/shop.fizzyvape.com\/es\/producto\/fizzy-twins-sabor-dual-50k-50000-puffs-recargable-vape-desechable-mayorista\/#primaryimage"},"image":{"@id":"https:\/\/shop.fizzyvape.com\/es\/producto\/fizzy-twins-sabor-dual-50k-50000-puffs-recargable-vape-desechable-mayorista\/#primaryimage"},"thumbnailUrl":"https:\/\/shop.fizzyvape.com\/wp-content\/uploads\/2025\/06\/Fizzy-Twins-50000Puffs-2-1.webp","datePublished":"2025-09-30T09:32:16+00:00","dateModified":"2025-12-20T03:37:22+00:00","description":"Comprar Vapeador Desechable Recargable Fizzy Twins Sabor Dual 50000 Puffs. Precios al por mayor, env\u00edo al almac\u00e9n de la UE, perfecto para tiendas y revendedores.","breadcrumb":{"@id":"https:\/\/shop.fizzyvape.com\/es\/producto\/fizzy-twins-sabor-dual-50k-50000-puffs-recargable-vape-desechable-mayorista\/#breadcrumb"},"inLanguage":"es","potentialAction":[{"@type":"ReadAction","target":["https:\/\/shop.fizzyvape.com\/es\/producto\/fizzy-twins-sabor-dual-50k-50000-puffs-recargable-vape-desechable-mayorista\/"]}]},{"@type":"ImageObject","inLanguage":"es","@id":"https:\/\/shop.fizzyvape.com\/es\/producto\/fizzy-twins-sabor-dual-50k-50000-puffs-recargable-vape-desechable-mayorista\/#primaryimage","url":"https:\/\/shop.fizzyvape.com\/wp-content\/uploads\/2025\/06\/Fizzy-Twins-50000Puffs-2-1.webp","contentUrl":"https:\/\/shop.fizzyvape.com\/wp-content\/uploads\/2025\/06\/Fizzy-Twins-50000Puffs-2-1.webp","width":800,"height":800},{"@type":"BreadcrumbList","@id":"https:\/\/shop.fizzyvape.com\/es\/producto\/fizzy-twins-sabor-dual-50k-50000-puffs-recargable-vape-desechable-mayorista\/#breadcrumb","itemListElement":[{"@type":"ListItem","position":1,"name":"\u9996\u9875","item":"https:\/\/shop.fizzyvape.com\/es\/"},{"@type":"ListItem","position":2,"name":"Shop","item":"https:\/\/shop.fizzyvape.com\/shop\/"},{"@type":"ListItem","position":3,"name":"Fizzy Twins Sabor Dual 50k 50000 Puffs Recargable Vape Desechable Mayorista"}]},{"@type":"WebSite","@id":"https:\/\/shop.fizzyvape.com\/es\/#website","url":"https:\/\/shop.fizzyvape.com\/es\/","name":"shop.fizzyvape.com","description":"The Best Disposable Vape In Europe | 10000 - 60000 Puffs  | Free Shipping","potentialAction":[{"@type":"SearchAction","target":{"@type":"EntryPoint","urlTemplate":"https:\/\/shop.fizzyvape.com\/es\/?s={search_term_string}"},"query-input":{"@type":"PropertyValueSpecification","valueRequired":true,"valueName":"search_term_string"}}],"inLanguage":"es"}]}},"tiered_pricing_type":"fixed","tiered_pricing_fixed_rules":[],"tiered_pricing_product_settings":{"layout":"default","base_unit_name":{"singular":null,"plural":null},"default_variation":null},"tiered_pricing_minimum_quantity":null,"tiered_pricing_roles_data":[],"tiered_pricing_percentage_rules":[],"tiered_pricing_maximum_quantity":null,"tiered_pricing_quantity_step":null,"_links":{"self":[{"href":"https:\/\/shop.fizzyvape.com\/es\/wp-json\/wp\/v2\/product\/26787","targetHints":{"allow":["GET"]}}],"collection":[{"href":"https:\/\/shop.fizzyvape.com\/es\/wp-json\/wp\/v2\/product"}],"about":[{"href":"https:\/\/shop.fizzyvape.com\/es\/wp-json\/wp\/v2\/types\/product"}],"replies":[{"embeddable":true,"href":"https:\/\/shop.fizzyvape.com\/es\/wp-json\/wp\/v2\/comments?post=26787"}],"version-history":[{"count":5,"href":"https:\/\/shop.fizzyvape.com\/es\/wp-json\/wp\/v2\/product\/26787\/revisions"}],"predecessor-version":[{"id":28468,"href":"https:\/\/shop.fizzyvape.com\/es\/wp-json\/wp\/v2\/product\/26787\/revisions\/28468"}],"wp:featuredmedia":[{"embeddable":true,"href":"https:\/\/shop.fizzyvape.com\/es\/wp-json\/wp\/v2\/media\/18963"}],"wp:attachment":[{"href":"https:\/\/shop.fizzyvape.com\/es\/wp-json\/wp\/v2\/media?parent=26787"}],"wp:term":[{"taxonomy":"product_brand","embeddable":true,"href":"https:\/\/shop.fizzyvape.com\/es\/wp-json\/wp\/v2\/product_brand?post=26787"},{"taxonomy":"product_cat","embeddable":true,"href":"https:\/\/shop.fizzyvape.com\/es\/wp-json\/wp\/v2\/product_cat?post=26787"},{"taxonomy":"product_tag","embeddable":true,"href":"https:\/\/shop.fizzyvape.com\/es\/wp-json\/wp\/v2\/product_tag?post=26787"}],"curies":[{"name":"wp","href":"https:\/\/api.w.org\/{rel}","templated":true}]}}