{"id":29155,"date":"2026-01-12T07:10:49","date_gmt":"2026-01-12T07:10:49","guid":{"rendered":"https:\/\/shop.fizzyvape.com\/product\/150k-puffs-fresa-helada-y-kiwi-fruta-de-la-pasion-guayaba-y-melocoton-mango-sandia-y-uva-burst\/"},"modified":"2026-01-12T07:10:49","modified_gmt":"2026-01-12T07:10:49","slug":"150k-puffs-fresa-helada-y-kiwi-fruta-de-la-pasion-guayaba-y-melocoton-mango-sandia-y-uva-burst","status":"publish","type":"product","link":"https:\/\/shop.fizzyvape.com\/es\/producto\/150k-puffs-fresa-helada-y-kiwi-fruta-de-la-pasion-guayaba-y-melocoton-mango-sandia-y-uva-burst\/","title":{"rendered":"150K Puffs &#8211; Fresa Helada y Kiwi Fruta de la Pasi\u00f3n Guayaba y Melocot\u00f3n Mango Sand\u00eda y Uva Burst"},"content":{"rendered":"<div id=\"attachment_28651\" style=\"width: 810px\" class=\"wp-caption aligncenter\"><img decoding=\"async\" aria-describedby=\"caption-attachment-28651\" class=\"size-full wp-image-28651\" src=\"https:\/\/shop.fizzyvape.com\/wp-content\/uploads\/2025\/12\/Fizzy-150K-Puffs-15-in-1-Smart-Multi-Flavor-Rechargeable-Disposable-Vape-2.jpg\" alt=\"Fizzy 150K Puffs - Vapeador Desechable Recargable Multisabor Inteligente 15 en 1 2\" width=\"800\" height=\"800\" srcset=\"https:\/\/shop.fizzyvape.com\/wp-content\/uploads\/2025\/12\/Fizzy-150K-Puffs-15-in-1-Smart-Multi-Flavor-Rechargeable-Disposable-Vape-2.jpg 800w, https:\/\/shop.fizzyvape.com\/wp-content\/uploads\/2025\/12\/Fizzy-150K-Puffs-15-in-1-Smart-Multi-Flavor-Rechargeable-Disposable-Vape-2-300x300.jpg 300w, https:\/\/shop.fizzyvape.com\/wp-content\/uploads\/2025\/12\/Fizzy-150K-Puffs-15-in-1-Smart-Multi-Flavor-Rechargeable-Disposable-Vape-2-150x150.jpg 150w, https:\/\/shop.fizzyvape.com\/wp-content\/uploads\/2025\/12\/Fizzy-150K-Puffs-15-in-1-Smart-Multi-Flavor-Rechargeable-Disposable-Vape-2-768x768.jpg 768w, https:\/\/shop.fizzyvape.com\/wp-content\/uploads\/2025\/12\/Fizzy-150K-Puffs-15-in-1-Smart-Multi-Flavor-Rechargeable-Disposable-Vape-2-100x100.jpg 100w, https:\/\/shop.fizzyvape.com\/wp-content\/uploads\/2025\/12\/Fizzy-150K-Puffs-15-in-1-Smart-Multi-Flavor-Rechargeable-Disposable-Vape-2-200x200.jpg 200w, https:\/\/shop.fizzyvape.com\/wp-content\/uploads\/2025\/12\/Fizzy-150K-Puffs-15-in-1-Smart-Multi-Flavor-Rechargeable-Disposable-Vape-2-400x400.jpg 400w, https:\/\/shop.fizzyvape.com\/wp-content\/uploads\/2025\/12\/Fizzy-150K-Puffs-15-in-1-Smart-Multi-Flavor-Rechargeable-Disposable-Vape-2-500x500.jpg 500w, https:\/\/shop.fizzyvape.com\/wp-content\/uploads\/2025\/12\/Fizzy-150K-Puffs-15-in-1-Smart-Multi-Flavor-Rechargeable-Disposable-Vape-2-430x430.jpg 430w, https:\/\/shop.fizzyvape.com\/wp-content\/uploads\/2025\/12\/Fizzy-150K-Puffs-15-in-1-Smart-Multi-Flavor-Rechargeable-Disposable-Vape-2-700x700.jpg 700w\" sizes=\"(max-width: 800px) 100vw, 800px\" \/><p id=\"caption-attachment-28651\" class=\"wp-caption-text\">Fizzy 150K Puffs &#8211; Vapeador Desechable Recargable Multisabor Inteligente 15 en 1 2<\/p><\/div>\n<h1>Fizzy 150K Puffs &#8211; Fresa Helada y Kiwi Fruta de la Pasi\u00f3n Guayaba y Melocot\u00f3n Mango Sand\u00eda y Uva Burst<\/h1>\n<p><b>150.000 caladas | 4 c\u00e1psulas independientes | Tecnolog\u00eda de sabor 15 en 1 | Pantalla LED inteligente<\/b><\/p>\n<p>Sum\u00e9rgete en un para\u00edso tropical con <b>los Fizzy 150K Puffs (Edici\u00f3n Ex\u00f3tica)<\/b>. Este selecto set combina el cl\u00e1sico frescor de la Fresa Helada con el complejo dulzor de m\u00faltiples capas de los favoritos tropicales, como la Fruta de la Pasi\u00f3n, la Guayaba y el Melocot\u00f3n Mango. Con una <b>bater\u00eda de 1000 mAh<\/b> y un enorme <b>dep\u00f3sito de e-l\u00edquido de 80 ml<\/b>, es la elecci\u00f3n definitiva para los vapeadores que anhelan una variedad ex\u00f3tica y un rendimiento duradero.  <\/p>\n<h2>\ud83d\ude80 Especificaciones t\u00e9cnicas<\/h2>\n<table>\n<thead>\n<tr>\n<td><strong>Caracter\u00edstica<\/strong><\/td>\n<td><strong>Especificaci\u00f3n profesional<\/strong><\/td>\n<\/tr>\n<\/thead>\n<tbody>\n<tr>\n<td><b>Puffs totales<\/b><\/td>\n<td>Hasta 150.000<\/td>\n<\/tr>\n<tr>\n<td><b>E-l\u00edquido Vol.<\/b><\/td>\n<td>80 ml (20 ml x 4 c\u00e1psulas)<\/td>\n<\/tr>\n<tr>\n<td><b>Bater\u00eda<\/b><\/td>\n<td>1000mAh Recargable (Tipo-C)<\/td>\n<\/tr>\n<tr>\n<td><b>Bobinas<\/b><\/td>\n<td>4 bobinas de malla de 1,0 \u03a9<\/td>\n<\/tr>\n<tr>\n<td><b>Mostrar<\/b><\/td>\n<td>Jugo LED inteligente y control de potencia<\/td>\n<\/tr>\n<\/tbody>\n<\/table>\n<h2>\ud83c\udf47 El perfil de sabor: Mezcla ex\u00f3tica de 4 c\u00e1psulas<\/h2>\n<p><i>Esta edici\u00f3n incluye cuatro c\u00e1psulas independientes de 20 ml. Cambia entre ellas o m\u00e9zclalas para descubrir hasta 15 perfiles de sabor \u00fanicos: <\/i><\/p>\n<ul>\n<li>Vaina A: Fresa HeladaUn eterno favorito. Dulces fresas maduradas al sol mezcladas con un acabado helado crujiente y refrescante para un vapeo perfecto durante todo el d\u00eda. <\/li>\n<li>Vaina B: Kiwi Fruta de la Pasi\u00f3n GuayabaEl tr\u00edo tropical definitivo. El sabroso kiwi, la \u00e1cida fruta de la pasi\u00f3n y la arom\u00e1tica guayaba crean una escapada ex\u00f3tica compleja y relajante. <\/li>\n<li>Vaina C: Melocot\u00f3n Mango Sand\u00edaUna dorada fusi\u00f3n de frutas. La dulzura aterciopelada del melocot\u00f3n y el mango se une a la esencia hidratante y jugosa de la sand\u00eda fresca. <\/li>\n<li>Vaina D: R\u00e1faga de UvasUna explosi\u00f3n de uvas ricas y oscuras. Dulce y ligeramente \u00e1cida, ofrece un atrevido golpe de fruta que perdura deliciosamente en el paladar. <\/li>\n<\/ul>\n<p><img decoding=\"async\" class=\"wp-image-28634 size-full\" src=\"https:\/\/shop.fizzyvape.com\/wp-content\/uploads\/2025\/12\/Fizzy-15-in-1-150K-Puffs-Rechargeable-Disposable-Vape-Flavors-List-scaled.jpg\" alt=\"Lista de Sabores de Vape Desechables Recargables Fizzy 15 en 1 150K Puffs\" width=\"1663\" height=\"2560\" srcset=\"https:\/\/shop.fizzyvape.com\/wp-content\/uploads\/2025\/12\/Fizzy-15-in-1-150K-Puffs-Rechargeable-Disposable-Vape-Flavors-List-scaled.jpg 1663w, https:\/\/shop.fizzyvape.com\/wp-content\/uploads\/2025\/12\/Fizzy-15-in-1-150K-Puffs-Rechargeable-Disposable-Vape-Flavors-List-195x300.jpg 195w, https:\/\/shop.fizzyvape.com\/wp-content\/uploads\/2025\/12\/Fizzy-15-in-1-150K-Puffs-Rechargeable-Disposable-Vape-Flavors-List-520x800.jpg 520w, https:\/\/shop.fizzyvape.com\/wp-content\/uploads\/2025\/12\/Fizzy-15-in-1-150K-Puffs-Rechargeable-Disposable-Vape-Flavors-List-768x1182.jpg 768w, https:\/\/shop.fizzyvape.com\/wp-content\/uploads\/2025\/12\/Fizzy-15-in-1-150K-Puffs-Rechargeable-Disposable-Vape-Flavors-List-998x1536.jpg 998w, https:\/\/shop.fizzyvape.com\/wp-content\/uploads\/2025\/12\/Fizzy-15-in-1-150K-Puffs-Rechargeable-Disposable-Vape-Flavors-List-1330x2048.jpg 1330w, https:\/\/shop.fizzyvape.com\/wp-content\/uploads\/2025\/12\/Fizzy-15-in-1-150K-Puffs-Rechargeable-Disposable-Vape-Flavors-List-430x662.jpg 430w, https:\/\/shop.fizzyvape.com\/wp-content\/uploads\/2025\/12\/Fizzy-15-in-1-150K-Puffs-Rechargeable-Disposable-Vape-Flavors-List-700x1078.jpg 700w, https:\/\/shop.fizzyvape.com\/wp-content\/uploads\/2025\/12\/Fizzy-15-in-1-150K-Puffs-Rechargeable-Disposable-Vape-Flavors-List-150x231.jpg 150w\" sizes=\"(max-width: 1663px) 100vw, 1663px\" \/><\/p>\n<h2><strong>Lista de Sabores de Vape Desechable<\/strong> Recargable Fizzy 15 en 1 150K Puffs <strong>:<\/strong><\/h2>\n<ol>\n<li><a href=\"\/product\/fizzy-150k-puffs\/watermelon-red-bull-ice-set\/\">Hielo de Sand\u00eda &amp; Red Bull &amp; Frambuesa Fresa &amp; Triple Hielo de Mel\u00f3n<\/a><\/li>\n<li><a href=\"\/product\/fizzy-150k-puffs\/strawberry-kiwi-guava-peach-set\/\">Fresa Helada y Kiwi Fruta de la Pasi\u00f3n Guayaba y Melocot\u00f3n Mango Sand\u00eda y Uva Burst<\/a><\/li>\n<li><a href=\"\/product\/fizzy-150k-puffs\/red-bull-kiwi-pomegranate-ice-set\/\">Red Bull &amp; Fresa Kiwi Granada &amp; Ar\u00e1ndano Hielo &amp; Pi\u00f1a Coco<\/a><\/li>\n<li><a href=\"\/product\/fizzy-150k-puffs\/strawberry-kiwi-watermelon-bubblegum-set\/\">Fresa Kiwi &amp; Frutas del bosque &amp; Sand\u00eda Chicle &amp; Melocot\u00f3n jugoso<\/a><\/li>\n<li><a href=\"\/product\/fizzy-150k-puffs\/blueberry-raspberry-set\/\">Helado de Frambuesa y Fresa y Limonada Blue Razz y Gomita de Sand\u00eda<\/a><\/li>\n<li><a href=\"\/product\/fizzy-150k-puffs\/strawberry-skittles-tropical-punch-set\/\">Ponche de frutas tropicales y sand\u00eda Frambuesa y ar\u00e1ndanos Coco y fresa Skittles<\/a><\/li>\n<li><a href=\"\/product\/fizzy-150k-puffs\/love-66-strawberry-kiwi-berry-lemonade-set\/\">Amor 66 y Fresa Kiwi y Sand\u00eda Ar\u00e1ndano y Frambuesa Limonada<\/a><\/li>\n<li><a href=\"\/product\/fizzy-150k-puffs\/mixed-berry-fizzy-cola-tropical-set\/\">Mezcla de bayas y pi\u00f1a Melocot\u00f3n Fruta de la pasi\u00f3n y Cola efervescente y Fresa Frambuesa<\/a><\/li>\n<li><a href=\"\/product\/fizzy-150k-puffs\/blue-razz-watermelon-cherry-passion-set\/\">Blue Razz Zarzamora y Sand\u00eda Cereza Helada y Fresa Uva y Fruta de la Pasi\u00f3n Naranja Melocot\u00f3n<\/a><\/li>\n<li><a href=\"\/product\/fizzy-150k-puffs\/fizzy-cherry-strawberry-dragon-fruit-set\/\">Cereza efervescente &amp; Fresa Fruta del drag\u00f3n &amp; Lim\u00f3n Lima &amp; Sand\u00eda Ar\u00e1ndano<\/a><\/li>\n<li><a href=\"\/product\/fizzy-150k-puffs\/strawberry-vanilla-coke-cherry-berry-set\/\">Coca-Cola de fresa y vainilla &amp; Frambuesa de ar\u00e1ndanos &amp; Hielo de sand\u00eda &amp; Cereza de bayas<\/a><\/li>\n<li><a href=\"\/product\/fizzy-150k-puffs\/mojito-strawberry-watermelon-kiwi-guava-set\/\">Blueberry Ice &amp; Fresa Sand\u00eda &amp; Mojito &amp; Kiwi Fruta de la Pasi\u00f3n Guayaba<\/a><\/li>\n<\/ol>\n<h2>\ud83d\udc8e \u00bfPor qu\u00e9 elegir la Edici\u00f3n Ex\u00f3tica Fizzy 150K?<\/h2>\n<ol start=\"1\">\n<li>Longevidad inigualable de 150.000 caladasDise\u00f1ado para el largo plazo. Este dispositivo sustituye la necesidad de docenas de desechables m\u00e1s peque\u00f1os, ofreciendo la experiencia de inhalaci\u00f3n m\u00e1s rentable y sostenible del mercado. <\/li>\n<li>Separaci\u00f3n de sabores pura (Quad-Mesh)Con cuatro bobinas independientes de malla de 1,0\u03a9, tu &#8220;Strawberry Ice&#8221; nunca se mezclar\u00e1 con tu &#8220;Grape Burst&#8221;. Cada vaina permanece aislada, garantizando un sabor puro e intenso de principio a fin. <\/li>\n<li>Inteligencia inteligente en tiempo realLa pantalla LED de alta definici\u00f3n elimina las conjeturas. Controla tu % de bater\u00eda y los niveles individuales de zumo de las cuatro c\u00e1psulas simult\u00e1neamente. <\/li>\n<li>Calidad aut\u00e9ntica oficialComo tienda oficial de Fizzy, proporcionamos dispositivos 100% aut\u00e9nticos con c\u00f3digos de seguridad verificables, lotes frescos de f\u00e1brica y salud optimizada de la bater\u00eda.<\/li>\n<\/ol>\n<h2>\u2753 Preguntas frecuentes (FAQ)<\/h2>\n<p>P: \u00bfC\u00f3mo activo el cambio de sabor &#8220;15 en 1&#8221;?<\/p>\n<p>R: El dispositivo dispone de un mecanismo de conmutaci\u00f3n inteligente. Puedes rotar entre las cuatro c\u00e1psulas principales o activar el modo multi-sabor para experimentar mezclas h\u00edbridas \u00fanicas creadas por el sistema de malla cu\u00e1druple. <\/p>\n<p>P: \u00bfNecesita mantenimiento el aparato?<\/p>\n<p>R: No requiere mantenimiento. Basta con recargar la bater\u00eda de 1000 mAh a trav\u00e9s del puerto Tipo-C cuando sea necesario. Una vez agotados los 80 ml de e-l\u00edquido, el dispositivo est\u00e1 listo para ser sustituido.  <\/p>\n<p>P: \u00bfEl Hielo de Fresa es muy &#8220;guay&#8221;?<\/p>\n<p>R: Presenta un nivel de hielo &#8220;Medio-Alto&#8221;, dise\u00f1ado para proporcionar un refrescante golpe de garganta que complementa el dulzor de la fresa sin ser abrumador.<\/p>\n<p>P: \u00bfPuedo ver cu\u00e1nto zumo queda en cada vaina concreta?<\/p>\n<p>R: \u00a1S\u00ed! La pantalla LED inteligente tiene 4 indicadores individuales de zumo, que te permiten saber exactamente cu\u00e1ndo se est\u00e1 acabando un sabor espec\u00edfico (como el R\u00e1faga de uva). <\/p>\n","protected":false},"excerpt":{"rendered":"[html_block id=\"28835\"]\n","protected":false},"featured_media":28653,"comment_status":"open","ping_status":"closed","template":"","meta":[],"product_brand":[],"product_cat":[320],"product_tag":[],"class_list":{"0":"post-29155","1":"product","2":"type-product","3":"status-publish","4":"has-post-thumbnail","6":"product_cat-vaporizador-desechable-fizzy-de-150-000-caladas-15-en-1-recargable","8":"first","9":"outofstock","10":"shipping-taxable","11":"purchasable","12":"product-type-variable"},"yoast_head":"<!-- This site is optimized with the Yoast SEO Premium plugin v24.8 (Yoast SEO v27.4) - https:\/\/yoast.com\/product\/yoast-seo-premium-wordpress\/ -->\n<title>Fizzy 150K Puffs | Edici\u00f3n Fresa Helada y Kiwi Fruta de la Pasi\u00f3n Guayaba<\/title>\n<meta name=\"description\" content=\"Experimenta la edici\u00f3n Fizzy 150K Puffs Fresa y Frutas Ex\u00f3ticas. Tecnolog\u00eda de sabor 15 en 1 y monitorizaci\u00f3n inteligente. Aut\u00e9ntica tienda oficial. \u00a1Compra ahora!\" \/>\n<meta name=\"robots\" content=\"index, follow, max-snippet:-1, max-image-preview:large, max-video-preview:-1\" \/>\n<link rel=\"canonical\" href=\"https:\/\/shop.fizzyvape.com\/es\/producto\/150k-puffs-fresa-helada-y-kiwi-fruta-de-la-pasion-guayaba-y-melocoton-mango-sandia-y-uva-burst\/\" \/>\n<meta property=\"og:locale\" content=\"es_ES\" \/>\n<meta property=\"og:type\" content=\"article\" \/>\n<meta property=\"og:title\" content=\"150K Puffs - Fresa Helada y Kiwi Fruta de la Pasi\u00f3n Guayaba y Melocot\u00f3n Mango Sand\u00eda y Uva Burst\" \/>\n<meta property=\"og:description\" content=\"Experimenta la edici\u00f3n Fizzy 150K Puffs Fresa y Frutas Ex\u00f3ticas. Tecnolog\u00eda de sabor 15 en 1 y monitorizaci\u00f3n inteligente. Aut\u00e9ntica tienda oficial. \u00a1Compra ahora!\" \/>\n<meta property=\"og:url\" content=\"https:\/\/shop.fizzyvape.com\/es\/producto\/150k-puffs-fresa-helada-y-kiwi-fruta-de-la-pasion-guayaba-y-melocoton-mango-sandia-y-uva-burst\/\" \/>\n<meta property=\"og:site_name\" content=\"shop.fizzyvape.com\" \/>\n<meta property=\"og:image\" content=\"https:\/\/shop.fizzyvape.com\/wp-content\/uploads\/2025\/12\/Fizzy-150K-Puffs-15-in-1-Smart-Multi-Flavor-Rechargeable-Disposable-Vape-2.jpg\" \/>\n\t<meta property=\"og:image:width\" content=\"800\" \/>\n\t<meta property=\"og:image:height\" content=\"800\" \/>\n\t<meta property=\"og:image:type\" content=\"image\/jpeg\" \/>\n<meta name=\"twitter:card\" content=\"summary_large_image\" \/>\n<meta name=\"twitter:label1\" content=\"Tiempo de lectura\" \/>\n\t<meta name=\"twitter:data1\" content=\"4 minutos\" \/>\n<script type=\"application\/ld+json\" class=\"yoast-schema-graph\">{\"@context\":\"https:\\\/\\\/schema.org\",\"@graph\":[{\"@type\":\"WebPage\",\"@id\":\"https:\\\/\\\/shop.fizzyvape.com\\\/es\\\/producto\\\/150k-puffs-fresa-helada-y-kiwi-fruta-de-la-pasion-guayaba-y-melocoton-mango-sandia-y-uva-burst\\\/\",\"url\":\"https:\\\/\\\/shop.fizzyvape.com\\\/es\\\/producto\\\/150k-puffs-fresa-helada-y-kiwi-fruta-de-la-pasion-guayaba-y-melocoton-mango-sandia-y-uva-burst\\\/\",\"name\":\"Fizzy 150K Puffs | Edici\u00f3n Fresa Helada y Kiwi Fruta de la Pasi\u00f3n Guayaba\",\"isPartOf\":{\"@id\":\"https:\\\/\\\/shop.fizzyvape.com\\\/es\\\/#website\"},\"primaryImageOfPage\":{\"@id\":\"https:\\\/\\\/shop.fizzyvape.com\\\/es\\\/producto\\\/150k-puffs-fresa-helada-y-kiwi-fruta-de-la-pasion-guayaba-y-melocoton-mango-sandia-y-uva-burst\\\/#primaryimage\"},\"image\":{\"@id\":\"https:\\\/\\\/shop.fizzyvape.com\\\/es\\\/producto\\\/150k-puffs-fresa-helada-y-kiwi-fruta-de-la-pasion-guayaba-y-melocoton-mango-sandia-y-uva-burst\\\/#primaryimage\"},\"thumbnailUrl\":\"https:\\\/\\\/shop.fizzyvape.com\\\/wp-content\\\/uploads\\\/2025\\\/12\\\/Fizzy-150K-Puffs-15-in-1-Smart-Multi-Flavor-Rechargeable-Disposable-Vape-2.jpg\",\"datePublished\":\"2026-01-12T07:10:49+00:00\",\"description\":\"Experimenta la edici\u00f3n Fizzy 150K Puffs Fresa y Frutas Ex\u00f3ticas. Tecnolog\u00eda de sabor 15 en 1 y monitorizaci\u00f3n inteligente. Aut\u00e9ntica tienda oficial. \u00a1Compra ahora!\",\"breadcrumb\":{\"@id\":\"https:\\\/\\\/shop.fizzyvape.com\\\/es\\\/producto\\\/150k-puffs-fresa-helada-y-kiwi-fruta-de-la-pasion-guayaba-y-melocoton-mango-sandia-y-uva-burst\\\/#breadcrumb\"},\"inLanguage\":\"es\",\"potentialAction\":[{\"@type\":\"ReadAction\",\"target\":[\"https:\\\/\\\/shop.fizzyvape.com\\\/es\\\/producto\\\/150k-puffs-fresa-helada-y-kiwi-fruta-de-la-pasion-guayaba-y-melocoton-mango-sandia-y-uva-burst\\\/\"]}]},{\"@type\":\"ImageObject\",\"inLanguage\":\"es\",\"@id\":\"https:\\\/\\\/shop.fizzyvape.com\\\/es\\\/producto\\\/150k-puffs-fresa-helada-y-kiwi-fruta-de-la-pasion-guayaba-y-melocoton-mango-sandia-y-uva-burst\\\/#primaryimage\",\"url\":\"https:\\\/\\\/shop.fizzyvape.com\\\/wp-content\\\/uploads\\\/2025\\\/12\\\/Fizzy-150K-Puffs-15-in-1-Smart-Multi-Flavor-Rechargeable-Disposable-Vape-2.jpg\",\"contentUrl\":\"https:\\\/\\\/shop.fizzyvape.com\\\/wp-content\\\/uploads\\\/2025\\\/12\\\/Fizzy-150K-Puffs-15-in-1-Smart-Multi-Flavor-Rechargeable-Disposable-Vape-2.jpg\",\"width\":800,\"height\":800,\"caption\":\"Fizzy 150K Puffs - Vapeador Desechable Recargable Multisabor Inteligente 15 en 1 2\"},{\"@type\":\"BreadcrumbList\",\"@id\":\"https:\\\/\\\/shop.fizzyvape.com\\\/es\\\/producto\\\/150k-puffs-fresa-helada-y-kiwi-fruta-de-la-pasion-guayaba-y-melocoton-mango-sandia-y-uva-burst\\\/#breadcrumb\",\"itemListElement\":[{\"@type\":\"ListItem\",\"position\":1,\"name\":\"\u9996\u9875\",\"item\":\"https:\\\/\\\/shop.fizzyvape.com\\\/es\\\/\"},{\"@type\":\"ListItem\",\"position\":2,\"name\":\"Shop\",\"item\":\"https:\\\/\\\/shop.fizzyvape.com\\\/shop\\\/\"},{\"@type\":\"ListItem\",\"position\":3,\"name\":\"150K Puffs &#8211; Fresa Helada y Kiwi Fruta de la Pasi\u00f3n Guayaba y Melocot\u00f3n Mango Sand\u00eda y Uva Burst\"}]},{\"@type\":\"WebSite\",\"@id\":\"https:\\\/\\\/shop.fizzyvape.com\\\/es\\\/#website\",\"url\":\"https:\\\/\\\/shop.fizzyvape.com\\\/es\\\/\",\"name\":\"shop.fizzyvape.com\",\"description\":\"The Best Disposable Vape In Europe | 10000 - 60000 Puffs  | Free Shipping\",\"potentialAction\":[{\"@type\":\"SearchAction\",\"target\":{\"@type\":\"EntryPoint\",\"urlTemplate\":\"https:\\\/\\\/shop.fizzyvape.com\\\/es\\\/?s={search_term_string}\"},\"query-input\":{\"@type\":\"PropertyValueSpecification\",\"valueRequired\":true,\"valueName\":\"search_term_string\"}}],\"inLanguage\":\"es\"}]}<\/script>\n<!-- \/ Yoast SEO Premium plugin. -->","yoast_head_json":{"title":"Fizzy 150K Puffs | Edici\u00f3n Fresa Helada y Kiwi Fruta de la Pasi\u00f3n Guayaba","description":"Experimenta la edici\u00f3n Fizzy 150K Puffs Fresa y Frutas Ex\u00f3ticas. Tecnolog\u00eda de sabor 15 en 1 y monitorizaci\u00f3n inteligente. Aut\u00e9ntica tienda oficial. \u00a1Compra ahora!","robots":{"index":"index","follow":"follow","max-snippet":"max-snippet:-1","max-image-preview":"max-image-preview:large","max-video-preview":"max-video-preview:-1"},"canonical":"https:\/\/shop.fizzyvape.com\/es\/producto\/150k-puffs-fresa-helada-y-kiwi-fruta-de-la-pasion-guayaba-y-melocoton-mango-sandia-y-uva-burst\/","og_locale":"es_ES","og_type":"article","og_title":"150K Puffs - Fresa Helada y Kiwi Fruta de la Pasi\u00f3n Guayaba y Melocot\u00f3n Mango Sand\u00eda y Uva Burst","og_description":"Experimenta la edici\u00f3n Fizzy 150K Puffs Fresa y Frutas Ex\u00f3ticas. Tecnolog\u00eda de sabor 15 en 1 y monitorizaci\u00f3n inteligente. Aut\u00e9ntica tienda oficial. \u00a1Compra ahora!","og_url":"https:\/\/shop.fizzyvape.com\/es\/producto\/150k-puffs-fresa-helada-y-kiwi-fruta-de-la-pasion-guayaba-y-melocoton-mango-sandia-y-uva-burst\/","og_site_name":"shop.fizzyvape.com","og_image":[{"width":800,"height":800,"url":"https:\/\/shop.fizzyvape.com\/wp-content\/uploads\/2025\/12\/Fizzy-150K-Puffs-15-in-1-Smart-Multi-Flavor-Rechargeable-Disposable-Vape-2.jpg","type":"image\/jpeg"}],"twitter_card":"summary_large_image","twitter_misc":{"Tiempo de lectura":"4 minutos"},"schema":{"@context":"https:\/\/schema.org","@graph":[{"@type":"WebPage","@id":"https:\/\/shop.fizzyvape.com\/es\/producto\/150k-puffs-fresa-helada-y-kiwi-fruta-de-la-pasion-guayaba-y-melocoton-mango-sandia-y-uva-burst\/","url":"https:\/\/shop.fizzyvape.com\/es\/producto\/150k-puffs-fresa-helada-y-kiwi-fruta-de-la-pasion-guayaba-y-melocoton-mango-sandia-y-uva-burst\/","name":"Fizzy 150K Puffs | Edici\u00f3n Fresa Helada y Kiwi Fruta de la Pasi\u00f3n Guayaba","isPartOf":{"@id":"https:\/\/shop.fizzyvape.com\/es\/#website"},"primaryImageOfPage":{"@id":"https:\/\/shop.fizzyvape.com\/es\/producto\/150k-puffs-fresa-helada-y-kiwi-fruta-de-la-pasion-guayaba-y-melocoton-mango-sandia-y-uva-burst\/#primaryimage"},"image":{"@id":"https:\/\/shop.fizzyvape.com\/es\/producto\/150k-puffs-fresa-helada-y-kiwi-fruta-de-la-pasion-guayaba-y-melocoton-mango-sandia-y-uva-burst\/#primaryimage"},"thumbnailUrl":"https:\/\/shop.fizzyvape.com\/wp-content\/uploads\/2025\/12\/Fizzy-150K-Puffs-15-in-1-Smart-Multi-Flavor-Rechargeable-Disposable-Vape-2.jpg","datePublished":"2026-01-12T07:10:49+00:00","description":"Experimenta la edici\u00f3n Fizzy 150K Puffs Fresa y Frutas Ex\u00f3ticas. Tecnolog\u00eda de sabor 15 en 1 y monitorizaci\u00f3n inteligente. Aut\u00e9ntica tienda oficial. \u00a1Compra ahora!","breadcrumb":{"@id":"https:\/\/shop.fizzyvape.com\/es\/producto\/150k-puffs-fresa-helada-y-kiwi-fruta-de-la-pasion-guayaba-y-melocoton-mango-sandia-y-uva-burst\/#breadcrumb"},"inLanguage":"es","potentialAction":[{"@type":"ReadAction","target":["https:\/\/shop.fizzyvape.com\/es\/producto\/150k-puffs-fresa-helada-y-kiwi-fruta-de-la-pasion-guayaba-y-melocoton-mango-sandia-y-uva-burst\/"]}]},{"@type":"ImageObject","inLanguage":"es","@id":"https:\/\/shop.fizzyvape.com\/es\/producto\/150k-puffs-fresa-helada-y-kiwi-fruta-de-la-pasion-guayaba-y-melocoton-mango-sandia-y-uva-burst\/#primaryimage","url":"https:\/\/shop.fizzyvape.com\/wp-content\/uploads\/2025\/12\/Fizzy-150K-Puffs-15-in-1-Smart-Multi-Flavor-Rechargeable-Disposable-Vape-2.jpg","contentUrl":"https:\/\/shop.fizzyvape.com\/wp-content\/uploads\/2025\/12\/Fizzy-150K-Puffs-15-in-1-Smart-Multi-Flavor-Rechargeable-Disposable-Vape-2.jpg","width":800,"height":800,"caption":"Fizzy 150K Puffs - Vapeador Desechable Recargable Multisabor Inteligente 15 en 1 2"},{"@type":"BreadcrumbList","@id":"https:\/\/shop.fizzyvape.com\/es\/producto\/150k-puffs-fresa-helada-y-kiwi-fruta-de-la-pasion-guayaba-y-melocoton-mango-sandia-y-uva-burst\/#breadcrumb","itemListElement":[{"@type":"ListItem","position":1,"name":"\u9996\u9875","item":"https:\/\/shop.fizzyvape.com\/es\/"},{"@type":"ListItem","position":2,"name":"Shop","item":"https:\/\/shop.fizzyvape.com\/shop\/"},{"@type":"ListItem","position":3,"name":"150K Puffs &#8211; Fresa Helada y Kiwi Fruta de la Pasi\u00f3n Guayaba y Melocot\u00f3n Mango Sand\u00eda y Uva Burst"}]},{"@type":"WebSite","@id":"https:\/\/shop.fizzyvape.com\/es\/#website","url":"https:\/\/shop.fizzyvape.com\/es\/","name":"shop.fizzyvape.com","description":"The Best Disposable Vape In Europe | 10000 - 60000 Puffs  | Free Shipping","potentialAction":[{"@type":"SearchAction","target":{"@type":"EntryPoint","urlTemplate":"https:\/\/shop.fizzyvape.com\/es\/?s={search_term_string}"},"query-input":{"@type":"PropertyValueSpecification","valueRequired":true,"valueName":"search_term_string"}}],"inLanguage":"es"}]}},"tiered_pricing_type":"fixed","tiered_pricing_fixed_rules":[],"tiered_pricing_product_settings":{"layout":"default","base_unit_name":{"singular":null,"plural":null},"default_variation":null},"tiered_pricing_minimum_quantity":null,"tiered_pricing_roles_data":[],"tiered_pricing_percentage_rules":[],"tiered_pricing_maximum_quantity":null,"tiered_pricing_quantity_step":null,"_links":{"self":[{"href":"https:\/\/shop.fizzyvape.com\/es\/wp-json\/wp\/v2\/product\/29155","targetHints":{"allow":["GET"]}}],"collection":[{"href":"https:\/\/shop.fizzyvape.com\/es\/wp-json\/wp\/v2\/product"}],"about":[{"href":"https:\/\/shop.fizzyvape.com\/es\/wp-json\/wp\/v2\/types\/product"}],"replies":[{"embeddable":true,"href":"https:\/\/shop.fizzyvape.com\/es\/wp-json\/wp\/v2\/comments?post=29155"}],"version-history":[{"count":0,"href":"https:\/\/shop.fizzyvape.com\/es\/wp-json\/wp\/v2\/product\/29155\/revisions"}],"wp:featuredmedia":[{"embeddable":true,"href":"https:\/\/shop.fizzyvape.com\/es\/wp-json\/wp\/v2\/media\/28653"}],"wp:attachment":[{"href":"https:\/\/shop.fizzyvape.com\/es\/wp-json\/wp\/v2\/media?parent=29155"}],"wp:term":[{"taxonomy":"product_brand","embeddable":true,"href":"https:\/\/shop.fizzyvape.com\/es\/wp-json\/wp\/v2\/product_brand?post=29155"},{"taxonomy":"product_cat","embeddable":true,"href":"https:\/\/shop.fizzyvape.com\/es\/wp-json\/wp\/v2\/product_cat?post=29155"},{"taxonomy":"product_tag","embeddable":true,"href":"https:\/\/shop.fizzyvape.com\/es\/wp-json\/wp\/v2\/product_tag?post=29155"}],"curies":[{"name":"wp","href":"https:\/\/api.w.org\/{rel}","templated":true}]}}