{"id":29161,"date":"2026-01-12T07:30:57","date_gmt":"2026-01-12T07:30:57","guid":{"rendered":"https:\/\/shop.fizzyvape.com\/product\/150k-puffs-red-bull-y-fresa-kiwi-granada-y-arandanos-hielo-y-pina-coco\/"},"modified":"2026-01-12T07:30:57","modified_gmt":"2026-01-12T07:30:57","slug":"150k-puffs-red-bull-y-fresa-kiwi-granada-y-arandanos-hielo-y-pina-coco","status":"publish","type":"product","link":"https:\/\/shop.fizzyvape.com\/es\/product\/150k-puffs-red-bull-y-fresa-kiwi-granada-y-arandanos-hielo-y-pina-coco\/","title":{"rendered":"150K Puffs &#8211; Red Bull y Fresa Kiwi Granada y Ar\u00e1ndanos Hielo y Pi\u00f1a Coco"},"content":{"rendered":"<p><img decoding=\"async\" class=\"size-full wp-image-28654 aligncenter\" src=\"https:\/\/shop.fizzyvape.com\/wp-content\/uploads\/2025\/12\/Fizzy-150K-Puffs-15-in-1-Smart-Multi-Flavor-Rechargeable-Disposable-Vape-3.jpg\" alt=\"Fizzy 150K Puffs - 15 en 1 Vape recargable desechable inteligente multi-sabor 3\" width=\"800\" height=\"800\" srcset=\"https:\/\/shop.fizzyvape.com\/wp-content\/uploads\/2025\/12\/Fizzy-150K-Puffs-15-in-1-Smart-Multi-Flavor-Rechargeable-Disposable-Vape-3.jpg 800w, https:\/\/shop.fizzyvape.com\/wp-content\/uploads\/2025\/12\/Fizzy-150K-Puffs-15-in-1-Smart-Multi-Flavor-Rechargeable-Disposable-Vape-3-300x300.jpg 300w, https:\/\/shop.fizzyvape.com\/wp-content\/uploads\/2025\/12\/Fizzy-150K-Puffs-15-in-1-Smart-Multi-Flavor-Rechargeable-Disposable-Vape-3-150x150.jpg 150w, https:\/\/shop.fizzyvape.com\/wp-content\/uploads\/2025\/12\/Fizzy-150K-Puffs-15-in-1-Smart-Multi-Flavor-Rechargeable-Disposable-Vape-3-768x768.jpg 768w, https:\/\/shop.fizzyvape.com\/wp-content\/uploads\/2025\/12\/Fizzy-150K-Puffs-15-in-1-Smart-Multi-Flavor-Rechargeable-Disposable-Vape-3-100x100.jpg 100w, https:\/\/shop.fizzyvape.com\/wp-content\/uploads\/2025\/12\/Fizzy-150K-Puffs-15-in-1-Smart-Multi-Flavor-Rechargeable-Disposable-Vape-3-200x200.jpg 200w, https:\/\/shop.fizzyvape.com\/wp-content\/uploads\/2025\/12\/Fizzy-150K-Puffs-15-in-1-Smart-Multi-Flavor-Rechargeable-Disposable-Vape-3-400x400.jpg 400w, https:\/\/shop.fizzyvape.com\/wp-content\/uploads\/2025\/12\/Fizzy-150K-Puffs-15-in-1-Smart-Multi-Flavor-Rechargeable-Disposable-Vape-3-500x500.jpg 500w, https:\/\/shop.fizzyvape.com\/wp-content\/uploads\/2025\/12\/Fizzy-150K-Puffs-15-in-1-Smart-Multi-Flavor-Rechargeable-Disposable-Vape-3-430x430.jpg 430w, https:\/\/shop.fizzyvape.com\/wp-content\/uploads\/2025\/12\/Fizzy-150K-Puffs-15-in-1-Smart-Multi-Flavor-Rechargeable-Disposable-Vape-3-700x700.jpg 700w\" sizes=\"(max-width: 800px) 100vw, 800px\" \/><\/p>\n<h1>150K Puffs Red Bull y Fresa Kiwi Granada y Ar\u00e1ndanos Hielo y Pi\u00f1a Coco<\/h1>\n<p><b>150.000 caladas | 4 c\u00e1psulas independientes | Conmutaci\u00f3n inteligente de sabores | Pantalla LED HD<\/b><\/p>\n<p>Alimenta tu d\u00eda con <b>los Fizzy 150K Puffs (Power Mix)<\/b>. Esta selecta colecci\u00f3n est\u00e1 dise\u00f1ada para los vapeadores que anhelan la dulzura punzante de las bebidas energ\u00e9ticas mezclada con la complejidad profunda y estratificada de las frutas ex\u00f3ticas. Con <b>80 ml de e-l\u00edquido de primera calidad<\/b> y una <b>bater\u00eda de 1000 mAh<\/b>, este dispositivo ofrece una longevidad y una consistencia de sabor inigualables.  <\/p>\n<h2>\ud83d\ude80 Especificaciones t\u00e9cnicas<\/h2>\n<table>\n<thead>\n<tr>\n<td><strong>Caracter\u00edsticas<\/strong><\/td>\n<td><strong>Especificaciones de nivel profesional<\/strong><\/td>\n<\/tr>\n<\/thead>\n<tbody>\n<tr>\n<td><b>Total Puffs<\/b><\/td>\n<td>150,000+<\/td>\n<\/tr>\n<tr>\n<td><b>Tipo de bobina<\/b><\/td>\n<td>4 bobinas de malla de 1,0\u03a9<\/td>\n<\/tr>\n<tr>\n<td><b>E-l\u00edquido<\/b><\/td>\n<td>80 ml en total (20 ml por c\u00e1psula)<\/td>\n<\/tr>\n<tr>\n<td><b>Bater\u00eda<\/b><\/td>\n<td>1000mAh (Recargable)<\/td>\n<\/tr>\n<tr>\n<td><b>Carga<\/b><\/td>\n<td>Carga r\u00e1pida Tipo-C<\/td>\n<\/tr>\n<\/tbody>\n<\/table>\n<h2>\ud83e\uddea La alineaci\u00f3n de sabores: 4-Pod Power Mix<\/h2>\n<p><i>Explora cuatro perfiles de sabor distintos en un solo dispositivo. Utiliza la palanca inteligente para disfrutarlos solos o crear tus propias mezclas h\u00edbridas 15 en 1: <\/i><\/p>\n<ul>\n<li>Vaina A: Red Bull (Energ\u00eda)El cl\u00e1sico y estimulante sabor de tu bebida energ\u00e9tica favorita. Agudo, dulce e incre\u00edblemente refrescante para un impulso durante todo el d\u00eda. <\/li>\n<li>Vaina B: Fresa Kiwi GranadaUn sofisticado tr\u00edo de frutas. La dulzura de la fresa y la ralladura del kiwi se ven realzadas por la acidez profunda y rub\u00ed de la granada. <\/li>\n<li>Vaina C: Blueberry IceSimple, atrevido y helado. Una explosi\u00f3n de dulces ar\u00e1ndanos silvestres acabada con un potente escalofr\u00edo mentolado. <\/li>\n<li>Vaina D: Pi\u00f1a CocoUnas vacaciones en cada calada. El coco cremoso se une a la pi\u00f1a ba\u00f1ada por el sol para una escapada tropical suave y aterciopelada. <\/li>\n<\/ul>\n<p><img decoding=\"async\" class=\"wp-image-28634 size-full\" src=\"https:\/\/shop.fizzyvape.com\/wp-content\/uploads\/2025\/12\/Fizzy-15-in-1-150K-Puffs-Rechargeable-Disposable-Vape-Flavors-List-scaled.jpg\" alt=\"Lista de Sabores de Vape Desechables Recargables Fizzy 15 en 1 150K Puffs\" width=\"1663\" height=\"2560\" srcset=\"https:\/\/shop.fizzyvape.com\/wp-content\/uploads\/2025\/12\/Fizzy-15-in-1-150K-Puffs-Rechargeable-Disposable-Vape-Flavors-List-scaled.jpg 1663w, https:\/\/shop.fizzyvape.com\/wp-content\/uploads\/2025\/12\/Fizzy-15-in-1-150K-Puffs-Rechargeable-Disposable-Vape-Flavors-List-195x300.jpg 195w, https:\/\/shop.fizzyvape.com\/wp-content\/uploads\/2025\/12\/Fizzy-15-in-1-150K-Puffs-Rechargeable-Disposable-Vape-Flavors-List-520x800.jpg 520w, https:\/\/shop.fizzyvape.com\/wp-content\/uploads\/2025\/12\/Fizzy-15-in-1-150K-Puffs-Rechargeable-Disposable-Vape-Flavors-List-768x1182.jpg 768w, https:\/\/shop.fizzyvape.com\/wp-content\/uploads\/2025\/12\/Fizzy-15-in-1-150K-Puffs-Rechargeable-Disposable-Vape-Flavors-List-998x1536.jpg 998w, https:\/\/shop.fizzyvape.com\/wp-content\/uploads\/2025\/12\/Fizzy-15-in-1-150K-Puffs-Rechargeable-Disposable-Vape-Flavors-List-1330x2048.jpg 1330w, https:\/\/shop.fizzyvape.com\/wp-content\/uploads\/2025\/12\/Fizzy-15-in-1-150K-Puffs-Rechargeable-Disposable-Vape-Flavors-List-430x662.jpg 430w, https:\/\/shop.fizzyvape.com\/wp-content\/uploads\/2025\/12\/Fizzy-15-in-1-150K-Puffs-Rechargeable-Disposable-Vape-Flavors-List-700x1078.jpg 700w, https:\/\/shop.fizzyvape.com\/wp-content\/uploads\/2025\/12\/Fizzy-15-in-1-150K-Puffs-Rechargeable-Disposable-Vape-Flavors-List-150x231.jpg 150w\" sizes=\"(max-width: 1663px) 100vw, 1663px\" \/><\/p>\n<h2><strong>Lista de Sabores de Vape Desechable<\/strong> Recargable Fizzy 15 en 1 150K Puffs <strong>:<\/strong><\/h2>\n<ol>\n<li><a href=\"\/product\/fizzy-150k-puffs\/watermelon-red-bull-ice-set\/\">Hielo de Sand\u00eda &amp; Red Bull &amp; Frambuesa Fresa &amp; Triple Hielo de Mel\u00f3n<\/a><\/li>\n<li><a href=\"\/product\/fizzy-150k-puffs\/strawberry-kiwi-guava-peach-set\/\">Fresa Helada y Kiwi Fruta de la Pasi\u00f3n Guayaba y Melocot\u00f3n Mango Sand\u00eda y Uva Burst<\/a><\/li>\n<li><a href=\"\/product\/fizzy-150k-puffs\/red-bull-kiwi-pomegranate-ice-set\/\">Red Bull &amp; Fresa Kiwi Granada &amp; Ar\u00e1ndano Hielo &amp; Pi\u00f1a Coco<\/a><\/li>\n<li><a href=\"\/product\/fizzy-150k-puffs\/strawberry-kiwi-watermelon-bubblegum-set\/\">Fresa Kiwi &amp; Frutas del bosque &amp; Sand\u00eda Chicle &amp; Melocot\u00f3n jugoso<\/a><\/li>\n<li><a href=\"\/product\/fizzy-150k-puffs\/blueberry-raspberry-set\/\">Helado de Frambuesa y Fresa y Limonada Blue Razz y Gomita de Sand\u00eda<\/a><\/li>\n<li><a href=\"\/product\/fizzy-150k-puffs\/strawberry-skittles-tropical-punch-set\/\">Ponche de frutas tropicales y sand\u00eda Frambuesa y ar\u00e1ndanos Coco y fresa Skittles<\/a><\/li>\n<li><a href=\"\/product\/fizzy-150k-puffs\/love-66-strawberry-kiwi-berry-lemonade-set\/\">Amor 66 y Fresa Kiwi y Sand\u00eda Ar\u00e1ndano y Frambuesa Limonada<\/a><\/li>\n<li><a href=\"\/product\/fizzy-150k-puffs\/mixed-berry-fizzy-cola-tropical-set\/\">Mezcla de bayas y pi\u00f1a Melocot\u00f3n Fruta de la pasi\u00f3n y Cola efervescente y Fresa Frambuesa<\/a><\/li>\n<li><a href=\"\/product\/fizzy-150k-puffs\/blue-razz-watermelon-cherry-passion-set\/\">Blue Razz Zarzamora y Sand\u00eda Cereza Helada y Fresa Uva y Fruta de la Pasi\u00f3n Naranja Melocot\u00f3n<\/a><\/li>\n<li><a href=\"\/product\/fizzy-150k-puffs\/fizzy-cherry-strawberry-dragon-fruit-set\/\">Cereza efervescente &amp; Fresa Fruta del drag\u00f3n &amp; Lim\u00f3n Lima &amp; Sand\u00eda Ar\u00e1ndano<\/a><\/li>\n<li><a href=\"\/product\/fizzy-150k-puffs\/strawberry-vanilla-coke-cherry-berry-set\/\">Coca-Cola de fresa y vainilla &amp; Frambuesa de ar\u00e1ndanos &amp; Hielo de sand\u00eda &amp; Cereza de bayas<\/a><\/li>\n<li><a href=\"\/product\/fizzy-150k-puffs\/mojito-strawberry-watermelon-kiwi-guava-set\/\">Blueberry Ice &amp; Fresa Sand\u00eda &amp; Mojito &amp; Kiwi Fruta de la Pasi\u00f3n Guayaba<\/a><\/li>\n<\/ol>\n<h2>\ud83d\udc8e \u00bfPor qu\u00e9 elegir el Fizzy 150K Power Edition?<\/h2>\n<ol>\n<li>Capacidad masiva de 150.000 caladasUn dispositivo, semanas de diversi\u00f3n. Deja de llevar varios desechables: Fizzy 150K est\u00e1 fabricado para durar m\u00e1s que la competencia, manteniendo un rendimiento m\u00e1ximo. <\/li>\n<li>Aislamiento del sabor Quad-MeshCon cuatro bobinas independientes de malla de 1,0 \u03a9. Esto garantiza que tu energ\u00eda &#8220;Red Bull&#8221; nunca se mezcle con tu &#8220;Pineapple Coconut&#8221;, proporcionando un sabor limpio y puro para cada vaina espec\u00edfica. <\/li>\n<li>Monitorizaci\u00f3n LED avanzadaLa pantalla HD integrada proporciona datos en tiempo real sobre el porcentaje de bater\u00eda y los niveles individuales de zumo de los Pods A, B, C y D. Nunca te pillar\u00e1n con una calada seca.<\/li>\n<li>Frescura oficial de f\u00e1bricaComo tienda oficial de Fizzy, garantizamos un hardware 100% aut\u00e9ntico, los \u00faltimos lotes de e-l\u00edquidos para un sabor m\u00e1ximo y un env\u00edo internacional seguro.<\/li>\n<\/ol>\n<h3>\u2753 Preguntas frecuentes (FAQ)<\/h3>\n<p>P: \u00bfDe verdad puedo obtener 15 sabores con este aparato?<\/p>\n<p>R: \u00a1S\u00ed! Utilizando el sistema de cambio inteligente, puedes acceder a los 4 sabores base o activar el modo m\u00faltiple para experimentar 11 perfiles de sabor h\u00edbridos adicionales. <\/p>\n<p>P: \u00bfCu\u00e1nto dura la bater\u00eda?<\/p>\n<p>R: La bater\u00eda de 1000 mAh est\u00e1 dise\u00f1ada para ofrecer estabilidad. Dependiendo del uso, una carga completa suele durar 1-2 d\u00edas y se puede recargar r\u00e1pidamente mediante USB Tipo-C. <\/p>\n<p>P: \u00bfEs muy dulce el Coco con Pi\u00f1a?<\/p>\n<p>R: Est\u00e1 dise\u00f1ado para ser un perfil &#8220;Cremoso y Suave&#8221;. Proporciona un dulzor frutal natural, equilibrado y no dominante, que contrasta perfectamente con la aguda vaina de Red Bull. <\/p>\n","protected":false},"excerpt":{"rendered":"[html_block id=\"28835\"]\n","protected":false},"featured_media":28656,"comment_status":"open","ping_status":"closed","template":"","meta":[],"product_brand":[],"product_cat":[320],"product_tag":[],"class_list":{"0":"post-29161","1":"product","2":"type-product","3":"status-publish","4":"has-post-thumbnail","6":"product_cat-vaporizador-desechable-fizzy-de-150-000-caladas-15-en-1-recargable","8":"first","9":"outofstock","10":"shipping-taxable","11":"purchasable","12":"product-type-variable"},"yoast_head":"<!-- This site is optimized with the Yoast SEO Premium plugin v24.8 (Yoast SEO v27.4) - https:\/\/yoast.com\/product\/yoast-seo-premium-wordpress\/ -->\n<title>Fizzy 150K Puffs | Red Bull &amp; Edici\u00f3n Fresa Kiwi Granada<\/title>\n<meta name=\"description\" content=\"Compra la mezcla Fizzy 150K Puffs Energy &amp; Tropical. Con Red Bull, Fresa Kiwi Granada y m\u00e1s. 150.000 puffs de puro rendimiento de sabor\" \/>\n<meta name=\"robots\" content=\"index, follow, max-snippet:-1, max-image-preview:large, max-video-preview:-1\" \/>\n<link rel=\"canonical\" href=\"https:\/\/shop.fizzyvape.com\/es\/product\/150k-puffs-red-bull-y-fresa-kiwi-granada-y-arandanos-hielo-y-pina-coco\/\" \/>\n<meta property=\"og:locale\" content=\"es_ES\" \/>\n<meta property=\"og:type\" content=\"article\" \/>\n<meta property=\"og:title\" content=\"150K Puffs - Red Bull y Fresa Kiwi Granada y Ar\u00e1ndanos Hielo y Pi\u00f1a Coco\" \/>\n<meta property=\"og:description\" content=\"Compra la mezcla Fizzy 150K Puffs Energy &amp; Tropical. Con Red Bull, Fresa Kiwi Granada y m\u00e1s. 150.000 puffs de puro rendimiento de sabor\" \/>\n<meta property=\"og:url\" content=\"https:\/\/shop.fizzyvape.com\/es\/product\/150k-puffs-red-bull-y-fresa-kiwi-granada-y-arandanos-hielo-y-pina-coco\/\" \/>\n<meta property=\"og:site_name\" content=\"shop.fizzyvape.com\" \/>\n<meta property=\"og:image\" content=\"https:\/\/shop.fizzyvape.com\/wp-content\/uploads\/2025\/12\/Fizzy-150K-Puffs-15-in-1-Smart-Multi-Flavor-Rechargeable-Disposable-Vape-3.jpg\" \/>\n\t<meta property=\"og:image:width\" content=\"800\" \/>\n\t<meta property=\"og:image:height\" content=\"800\" \/>\n\t<meta property=\"og:image:type\" content=\"image\/jpeg\" \/>\n<meta name=\"twitter:card\" content=\"summary_large_image\" \/>\n<meta name=\"twitter:label1\" content=\"Tiempo de lectura\" \/>\n\t<meta name=\"twitter:data1\" content=\"4 minutos\" \/>\n<script type=\"application\/ld+json\" class=\"yoast-schema-graph\">{\"@context\":\"https:\\\/\\\/schema.org\",\"@graph\":[{\"@type\":\"WebPage\",\"@id\":\"https:\\\/\\\/shop.fizzyvape.com\\\/es\\\/product\\\/150k-puffs-red-bull-y-fresa-kiwi-granada-y-arandanos-hielo-y-pina-coco\\\/\",\"url\":\"https:\\\/\\\/shop.fizzyvape.com\\\/es\\\/product\\\/150k-puffs-red-bull-y-fresa-kiwi-granada-y-arandanos-hielo-y-pina-coco\\\/\",\"name\":\"Fizzy 150K Puffs | Red Bull & Edici\u00f3n Fresa Kiwi Granada\",\"isPartOf\":{\"@id\":\"https:\\\/\\\/shop.fizzyvape.com\\\/es\\\/#website\"},\"primaryImageOfPage\":{\"@id\":\"https:\\\/\\\/shop.fizzyvape.com\\\/es\\\/product\\\/150k-puffs-red-bull-y-fresa-kiwi-granada-y-arandanos-hielo-y-pina-coco\\\/#primaryimage\"},\"image\":{\"@id\":\"https:\\\/\\\/shop.fizzyvape.com\\\/es\\\/product\\\/150k-puffs-red-bull-y-fresa-kiwi-granada-y-arandanos-hielo-y-pina-coco\\\/#primaryimage\"},\"thumbnailUrl\":\"https:\\\/\\\/shop.fizzyvape.com\\\/wp-content\\\/uploads\\\/2025\\\/12\\\/Fizzy-150K-Puffs-15-in-1-Smart-Multi-Flavor-Rechargeable-Disposable-Vape-3.jpg\",\"datePublished\":\"2026-01-12T07:30:57+00:00\",\"description\":\"Compra la mezcla Fizzy 150K Puffs Energy & Tropical. Con Red Bull, Fresa Kiwi Granada y m\u00e1s. 150.000 puffs de puro rendimiento de sabor\",\"breadcrumb\":{\"@id\":\"https:\\\/\\\/shop.fizzyvape.com\\\/es\\\/product\\\/150k-puffs-red-bull-y-fresa-kiwi-granada-y-arandanos-hielo-y-pina-coco\\\/#breadcrumb\"},\"inLanguage\":\"es\",\"potentialAction\":[{\"@type\":\"ReadAction\",\"target\":[\"https:\\\/\\\/shop.fizzyvape.com\\\/es\\\/product\\\/150k-puffs-red-bull-y-fresa-kiwi-granada-y-arandanos-hielo-y-pina-coco\\\/\"]}]},{\"@type\":\"ImageObject\",\"inLanguage\":\"es\",\"@id\":\"https:\\\/\\\/shop.fizzyvape.com\\\/es\\\/product\\\/150k-puffs-red-bull-y-fresa-kiwi-granada-y-arandanos-hielo-y-pina-coco\\\/#primaryimage\",\"url\":\"https:\\\/\\\/shop.fizzyvape.com\\\/wp-content\\\/uploads\\\/2025\\\/12\\\/Fizzy-150K-Puffs-15-in-1-Smart-Multi-Flavor-Rechargeable-Disposable-Vape-3.jpg\",\"contentUrl\":\"https:\\\/\\\/shop.fizzyvape.com\\\/wp-content\\\/uploads\\\/2025\\\/12\\\/Fizzy-150K-Puffs-15-in-1-Smart-Multi-Flavor-Rechargeable-Disposable-Vape-3.jpg\",\"width\":800,\"height\":800,\"caption\":\"Fizzy 150K Puffs - 15 en 1 Vape recargable desechable inteligente multi-sabor 3\"},{\"@type\":\"BreadcrumbList\",\"@id\":\"https:\\\/\\\/shop.fizzyvape.com\\\/es\\\/product\\\/150k-puffs-red-bull-y-fresa-kiwi-granada-y-arandanos-hielo-y-pina-coco\\\/#breadcrumb\",\"itemListElement\":[{\"@type\":\"ListItem\",\"position\":1,\"name\":\"\u9996\u9875\",\"item\":\"https:\\\/\\\/shop.fizzyvape.com\\\/es\\\/\"},{\"@type\":\"ListItem\",\"position\":2,\"name\":\"Shop\",\"item\":\"https:\\\/\\\/shop.fizzyvape.com\\\/shop\\\/\"},{\"@type\":\"ListItem\",\"position\":3,\"name\":\"150K Puffs &#8211; Red Bull y Fresa Kiwi Granada y Ar\u00e1ndanos Hielo y Pi\u00f1a Coco\"}]},{\"@type\":\"WebSite\",\"@id\":\"https:\\\/\\\/shop.fizzyvape.com\\\/es\\\/#website\",\"url\":\"https:\\\/\\\/shop.fizzyvape.com\\\/es\\\/\",\"name\":\"shop.fizzyvape.com\",\"description\":\"The Best Disposable Vape In Europe | 10000 - 60000 Puffs  | Free Shipping\",\"potentialAction\":[{\"@type\":\"SearchAction\",\"target\":{\"@type\":\"EntryPoint\",\"urlTemplate\":\"https:\\\/\\\/shop.fizzyvape.com\\\/es\\\/?s={search_term_string}\"},\"query-input\":{\"@type\":\"PropertyValueSpecification\",\"valueRequired\":true,\"valueName\":\"search_term_string\"}}],\"inLanguage\":\"es\"}]}<\/script>\n<!-- \/ Yoast SEO Premium plugin. -->","yoast_head_json":{"title":"Fizzy 150K Puffs | Red Bull & Edici\u00f3n Fresa Kiwi Granada","description":"Compra la mezcla Fizzy 150K Puffs Energy & Tropical. Con Red Bull, Fresa Kiwi Granada y m\u00e1s. 150.000 puffs de puro rendimiento de sabor","robots":{"index":"index","follow":"follow","max-snippet":"max-snippet:-1","max-image-preview":"max-image-preview:large","max-video-preview":"max-video-preview:-1"},"canonical":"https:\/\/shop.fizzyvape.com\/es\/product\/150k-puffs-red-bull-y-fresa-kiwi-granada-y-arandanos-hielo-y-pina-coco\/","og_locale":"es_ES","og_type":"article","og_title":"150K Puffs - Red Bull y Fresa Kiwi Granada y Ar\u00e1ndanos Hielo y Pi\u00f1a Coco","og_description":"Compra la mezcla Fizzy 150K Puffs Energy & Tropical. Con Red Bull, Fresa Kiwi Granada y m\u00e1s. 150.000 puffs de puro rendimiento de sabor","og_url":"https:\/\/shop.fizzyvape.com\/es\/product\/150k-puffs-red-bull-y-fresa-kiwi-granada-y-arandanos-hielo-y-pina-coco\/","og_site_name":"shop.fizzyvape.com","og_image":[{"width":800,"height":800,"url":"https:\/\/shop.fizzyvape.com\/wp-content\/uploads\/2025\/12\/Fizzy-150K-Puffs-15-in-1-Smart-Multi-Flavor-Rechargeable-Disposable-Vape-3.jpg","type":"image\/jpeg"}],"twitter_card":"summary_large_image","twitter_misc":{"Tiempo de lectura":"4 minutos"},"schema":{"@context":"https:\/\/schema.org","@graph":[{"@type":"WebPage","@id":"https:\/\/shop.fizzyvape.com\/es\/product\/150k-puffs-red-bull-y-fresa-kiwi-granada-y-arandanos-hielo-y-pina-coco\/","url":"https:\/\/shop.fizzyvape.com\/es\/product\/150k-puffs-red-bull-y-fresa-kiwi-granada-y-arandanos-hielo-y-pina-coco\/","name":"Fizzy 150K Puffs | Red Bull & Edici\u00f3n Fresa Kiwi Granada","isPartOf":{"@id":"https:\/\/shop.fizzyvape.com\/es\/#website"},"primaryImageOfPage":{"@id":"https:\/\/shop.fizzyvape.com\/es\/product\/150k-puffs-red-bull-y-fresa-kiwi-granada-y-arandanos-hielo-y-pina-coco\/#primaryimage"},"image":{"@id":"https:\/\/shop.fizzyvape.com\/es\/product\/150k-puffs-red-bull-y-fresa-kiwi-granada-y-arandanos-hielo-y-pina-coco\/#primaryimage"},"thumbnailUrl":"https:\/\/shop.fizzyvape.com\/wp-content\/uploads\/2025\/12\/Fizzy-150K-Puffs-15-in-1-Smart-Multi-Flavor-Rechargeable-Disposable-Vape-3.jpg","datePublished":"2026-01-12T07:30:57+00:00","description":"Compra la mezcla Fizzy 150K Puffs Energy & Tropical. Con Red Bull, Fresa Kiwi Granada y m\u00e1s. 150.000 puffs de puro rendimiento de sabor","breadcrumb":{"@id":"https:\/\/shop.fizzyvape.com\/es\/product\/150k-puffs-red-bull-y-fresa-kiwi-granada-y-arandanos-hielo-y-pina-coco\/#breadcrumb"},"inLanguage":"es","potentialAction":[{"@type":"ReadAction","target":["https:\/\/shop.fizzyvape.com\/es\/product\/150k-puffs-red-bull-y-fresa-kiwi-granada-y-arandanos-hielo-y-pina-coco\/"]}]},{"@type":"ImageObject","inLanguage":"es","@id":"https:\/\/shop.fizzyvape.com\/es\/product\/150k-puffs-red-bull-y-fresa-kiwi-granada-y-arandanos-hielo-y-pina-coco\/#primaryimage","url":"https:\/\/shop.fizzyvape.com\/wp-content\/uploads\/2025\/12\/Fizzy-150K-Puffs-15-in-1-Smart-Multi-Flavor-Rechargeable-Disposable-Vape-3.jpg","contentUrl":"https:\/\/shop.fizzyvape.com\/wp-content\/uploads\/2025\/12\/Fizzy-150K-Puffs-15-in-1-Smart-Multi-Flavor-Rechargeable-Disposable-Vape-3.jpg","width":800,"height":800,"caption":"Fizzy 150K Puffs - 15 en 1 Vape recargable desechable inteligente multi-sabor 3"},{"@type":"BreadcrumbList","@id":"https:\/\/shop.fizzyvape.com\/es\/product\/150k-puffs-red-bull-y-fresa-kiwi-granada-y-arandanos-hielo-y-pina-coco\/#breadcrumb","itemListElement":[{"@type":"ListItem","position":1,"name":"\u9996\u9875","item":"https:\/\/shop.fizzyvape.com\/es\/"},{"@type":"ListItem","position":2,"name":"Shop","item":"https:\/\/shop.fizzyvape.com\/shop\/"},{"@type":"ListItem","position":3,"name":"150K Puffs &#8211; Red Bull y Fresa Kiwi Granada y Ar\u00e1ndanos Hielo y Pi\u00f1a Coco"}]},{"@type":"WebSite","@id":"https:\/\/shop.fizzyvape.com\/es\/#website","url":"https:\/\/shop.fizzyvape.com\/es\/","name":"shop.fizzyvape.com","description":"The Best Disposable Vape In Europe | 10000 - 60000 Puffs  | Free Shipping","potentialAction":[{"@type":"SearchAction","target":{"@type":"EntryPoint","urlTemplate":"https:\/\/shop.fizzyvape.com\/es\/?s={search_term_string}"},"query-input":{"@type":"PropertyValueSpecification","valueRequired":true,"valueName":"search_term_string"}}],"inLanguage":"es"}]}},"tiered_pricing_type":"fixed","tiered_pricing_fixed_rules":[],"tiered_pricing_product_settings":{"layout":"default","base_unit_name":{"singular":null,"plural":null},"default_variation":null},"tiered_pricing_minimum_quantity":null,"tiered_pricing_roles_data":[],"tiered_pricing_percentage_rules":[],"tiered_pricing_maximum_quantity":null,"tiered_pricing_quantity_step":null,"_links":{"self":[{"href":"https:\/\/shop.fizzyvape.com\/es\/wp-json\/wp\/v2\/product\/29161","targetHints":{"allow":["GET"]}}],"collection":[{"href":"https:\/\/shop.fizzyvape.com\/es\/wp-json\/wp\/v2\/product"}],"about":[{"href":"https:\/\/shop.fizzyvape.com\/es\/wp-json\/wp\/v2\/types\/product"}],"replies":[{"embeddable":true,"href":"https:\/\/shop.fizzyvape.com\/es\/wp-json\/wp\/v2\/comments?post=29161"}],"version-history":[{"count":0,"href":"https:\/\/shop.fizzyvape.com\/es\/wp-json\/wp\/v2\/product\/29161\/revisions"}],"wp:featuredmedia":[{"embeddable":true,"href":"https:\/\/shop.fizzyvape.com\/es\/wp-json\/wp\/v2\/media\/28656"}],"wp:attachment":[{"href":"https:\/\/shop.fizzyvape.com\/es\/wp-json\/wp\/v2\/media?parent=29161"}],"wp:term":[{"taxonomy":"product_brand","embeddable":true,"href":"https:\/\/shop.fizzyvape.com\/es\/wp-json\/wp\/v2\/product_brand?post=29161"},{"taxonomy":"product_cat","embeddable":true,"href":"https:\/\/shop.fizzyvape.com\/es\/wp-json\/wp\/v2\/product_cat?post=29161"},{"taxonomy":"product_tag","embeddable":true,"href":"https:\/\/shop.fizzyvape.com\/es\/wp-json\/wp\/v2\/product_tag?post=29161"}],"curies":[{"name":"wp","href":"https:\/\/api.w.org\/{rel}","templated":true}]}}