{"id":29167,"date":"2026-01-12T07:45:27","date_gmt":"2026-01-12T07:45:27","guid":{"rendered":"https:\/\/shop.fizzyvape.com\/product\/150k-puffs-fresa-kiwi-frutas-del-bosque-sandia-chicle-melocoton-jugoso\/"},"modified":"2026-01-12T07:45:27","modified_gmt":"2026-01-12T07:45:27","slug":"150k-puffs-fresa-kiwi-frutas-del-bosque-sandia-chicle-melocoton-jugoso","status":"publish","type":"product","link":"https:\/\/shop.fizzyvape.com\/es\/product\/150k-puffs-fresa-kiwi-frutas-del-bosque-sandia-chicle-melocoton-jugoso\/","title":{"rendered":"150K Puffs &#8211; Fresa Kiwi &amp; Frutas del Bosque &amp; Sand\u00eda Chicle &amp; Melocot\u00f3n Jugoso"},"content":{"rendered":"<p><img decoding=\"async\" class=\"size-full wp-image-28657 aligncenter\" src=\"https:\/\/shop.fizzyvape.com\/wp-content\/uploads\/2025\/12\/Fizzy-150K-Puffs-15-in-1-Smart-Multi-Flavor-Rechargeable-Disposable-Vape-4.jpg\" alt=\"Fizzy 150K Puffs - Vapeador Desechable Recargable Multisabor 15 en 1 4\" width=\"800\" height=\"800\" srcset=\"https:\/\/shop.fizzyvape.com\/wp-content\/uploads\/2025\/12\/Fizzy-150K-Puffs-15-in-1-Smart-Multi-Flavor-Rechargeable-Disposable-Vape-4.jpg 800w, https:\/\/shop.fizzyvape.com\/wp-content\/uploads\/2025\/12\/Fizzy-150K-Puffs-15-in-1-Smart-Multi-Flavor-Rechargeable-Disposable-Vape-4-300x300.jpg 300w, https:\/\/shop.fizzyvape.com\/wp-content\/uploads\/2025\/12\/Fizzy-150K-Puffs-15-in-1-Smart-Multi-Flavor-Rechargeable-Disposable-Vape-4-150x150.jpg 150w, https:\/\/shop.fizzyvape.com\/wp-content\/uploads\/2025\/12\/Fizzy-150K-Puffs-15-in-1-Smart-Multi-Flavor-Rechargeable-Disposable-Vape-4-768x768.jpg 768w, https:\/\/shop.fizzyvape.com\/wp-content\/uploads\/2025\/12\/Fizzy-150K-Puffs-15-in-1-Smart-Multi-Flavor-Rechargeable-Disposable-Vape-4-100x100.jpg 100w, https:\/\/shop.fizzyvape.com\/wp-content\/uploads\/2025\/12\/Fizzy-150K-Puffs-15-in-1-Smart-Multi-Flavor-Rechargeable-Disposable-Vape-4-200x200.jpg 200w, https:\/\/shop.fizzyvape.com\/wp-content\/uploads\/2025\/12\/Fizzy-150K-Puffs-15-in-1-Smart-Multi-Flavor-Rechargeable-Disposable-Vape-4-400x400.jpg 400w, https:\/\/shop.fizzyvape.com\/wp-content\/uploads\/2025\/12\/Fizzy-150K-Puffs-15-in-1-Smart-Multi-Flavor-Rechargeable-Disposable-Vape-4-500x500.jpg 500w, https:\/\/shop.fizzyvape.com\/wp-content\/uploads\/2025\/12\/Fizzy-150K-Puffs-15-in-1-Smart-Multi-Flavor-Rechargeable-Disposable-Vape-4-430x430.jpg 430w, https:\/\/shop.fizzyvape.com\/wp-content\/uploads\/2025\/12\/Fizzy-150K-Puffs-15-in-1-Smart-Multi-Flavor-Rechargeable-Disposable-Vape-4-700x700.jpg 700w\" sizes=\"(max-width: 800px) 100vw, 800px\" \/><\/p>\n<h1>Fizzy 150K Puffs: Fresa Kiwi &amp; Frutas del Bosque &amp; Sand\u00eda Chicle &amp; Melocot\u00f3n Jugoso<\/h1>\n<p><b>150.000 caladas | 4 c\u00e1psulas independientes | Conmutaci\u00f3n inteligente de sabores | Pantalla LED HD<\/b><\/p>\n<p>Date un capricho goloso con el <b>Fizzy 150K Puffs (Edici\u00f3n Dulce)<\/b>. Este set curado es un sue\u00f1o para los vapeadores que adoran las notas cl\u00e1sicas inspiradas en los caramelos y las exuberantes frutas del huerto. Con <b>80 ml de e-l\u00edquido de primera calidad<\/b> y una <b>bater\u00eda de 1000 mAh<\/b>, este dispositivo garantiza que tus sabores dulces favoritos se mantengan vibrantes e intensos durante semanas.  <\/p>\n<h2>\ud83d\ude80 Especificaciones t\u00e9cnicas<\/h2>\n<table>\n<thead>\n<tr>\n<td><strong>Caracter\u00edsticas<\/strong><\/td>\n<td><strong>Especificaciones de nivel profesional<\/strong><\/td>\n<\/tr>\n<\/thead>\n<tbody>\n<tr>\n<td><b>Puffs totales<\/b><\/td>\n<td>M\u00e1s de 150.000 Puffs<\/td>\n<\/tr>\n<tr>\n<td><b>Tipo de bobina<\/b><\/td>\n<td>Tecnolog\u00eda Quad-Mesh (4 bobinas de malla de 1,0 \u03a9)<\/td>\n<\/tr>\n<tr>\n<td><b>Capacidad de E-l\u00edquido<\/b><\/td>\n<td>80 ml en total (20 ml por c\u00e1psula individual)<\/td>\n<\/tr>\n<tr>\n<td><b>Bater\u00eda<\/b><\/td>\n<td>1000mAh Cobalto Puro (Recargable)<\/td>\n<\/tr>\n<tr>\n<td><b>Carga<\/b><\/td>\n<td>Carga r\u00e1pida Tipo-C<\/td>\n<\/tr>\n<tr>\n<td><b>Pantalla<\/b><\/td>\n<td>LED inteligente (seguimiento individual del zumo y la bater\u00eda)<\/td>\n<\/tr>\n<tr>\n<td><b>Sistema de sabor<\/b><\/td>\n<td><b>Tecnolog\u00eda de conmutaci\u00f3n inteligente 15 en 1<\/b><\/td>\n<\/tr>\n<\/tbody>\n<\/table>\n<h2>\ud83e\uddea La l\u00ednea de sabores: Mezcla dulce de 4 c\u00e1psulas<\/h2>\n<p><i>Cambia entre 4 c\u00e1psulas independientes de 20 ml para disfrutar de cl\u00e1sicos individuales o m\u00e9zclalas para una experiencia personalizada 15 en 1:<\/i><\/p>\n<ul>\n<li>Vaina A: Fresa KiwiUn d\u00fao atemporal. La dulzura de la fresa, acariciada por el sol, perfectamente equilibrada por el picante y ex\u00f3tico sabor del kiwi. <\/li>\n<li>Vaina B: Mixed BerryUna profunda explosi\u00f3n de frutas del bosque. Una mezcla secreta de ar\u00e1ndanos, frambuesas y moras para una rica sensaci\u00f3n de mermelada. <\/li>\n<li>Vaina C: Sand\u00eda ChicleNostalgia en cada calada. Notas dulces y confitadas de sand\u00eda con ese inconfundible y juguet\u00f3n final de chicle. <\/li>\n<li>Vaina D: Melocot\u00f3n JugosoSuave, aterciopelado y rebosante de dulzura. Un sabor puro y aut\u00e9ntico a melocot\u00f3n de huerto, incre\u00edblemente suave al exhalar. <\/li>\n<\/ul>\n<p><img decoding=\"async\" class=\"wp-image-28634 size-full\" src=\"https:\/\/shop.fizzyvape.com\/wp-content\/uploads\/2025\/12\/Fizzy-15-in-1-150K-Puffs-Rechargeable-Disposable-Vape-Flavors-List-scaled.jpg\" alt=\"Lista de Sabores de Vape Desechables Recargables Fizzy 15 en 1 150K Puffs\" width=\"1663\" height=\"2560\" srcset=\"https:\/\/shop.fizzyvape.com\/wp-content\/uploads\/2025\/12\/Fizzy-15-in-1-150K-Puffs-Rechargeable-Disposable-Vape-Flavors-List-scaled.jpg 1663w, https:\/\/shop.fizzyvape.com\/wp-content\/uploads\/2025\/12\/Fizzy-15-in-1-150K-Puffs-Rechargeable-Disposable-Vape-Flavors-List-195x300.jpg 195w, https:\/\/shop.fizzyvape.com\/wp-content\/uploads\/2025\/12\/Fizzy-15-in-1-150K-Puffs-Rechargeable-Disposable-Vape-Flavors-List-520x800.jpg 520w, https:\/\/shop.fizzyvape.com\/wp-content\/uploads\/2025\/12\/Fizzy-15-in-1-150K-Puffs-Rechargeable-Disposable-Vape-Flavors-List-768x1182.jpg 768w, https:\/\/shop.fizzyvape.com\/wp-content\/uploads\/2025\/12\/Fizzy-15-in-1-150K-Puffs-Rechargeable-Disposable-Vape-Flavors-List-998x1536.jpg 998w, https:\/\/shop.fizzyvape.com\/wp-content\/uploads\/2025\/12\/Fizzy-15-in-1-150K-Puffs-Rechargeable-Disposable-Vape-Flavors-List-1330x2048.jpg 1330w, https:\/\/shop.fizzyvape.com\/wp-content\/uploads\/2025\/12\/Fizzy-15-in-1-150K-Puffs-Rechargeable-Disposable-Vape-Flavors-List-430x662.jpg 430w, https:\/\/shop.fizzyvape.com\/wp-content\/uploads\/2025\/12\/Fizzy-15-in-1-150K-Puffs-Rechargeable-Disposable-Vape-Flavors-List-700x1078.jpg 700w, https:\/\/shop.fizzyvape.com\/wp-content\/uploads\/2025\/12\/Fizzy-15-in-1-150K-Puffs-Rechargeable-Disposable-Vape-Flavors-List-150x231.jpg 150w\" sizes=\"(max-width: 1663px) 100vw, 1663px\" \/><\/p>\n<h2><strong>Lista de Sabores de Vape Desechable<\/strong> Recargable Fizzy 15 en 1 150K Puffs <strong>:<\/strong><\/h2>\n<ol>\n<li><a href=\"\/product\/fizzy-150k-puffs\/watermelon-red-bull-ice-set\/\">Hielo de Sand\u00eda &amp; Red Bull &amp; Frambuesa Fresa &amp; Triple Hielo de Mel\u00f3n<\/a><\/li>\n<li><a href=\"\/product\/fizzy-150k-puffs\/strawberry-kiwi-guava-peach-set\/\">Fresa Helada y Kiwi Fruta de la Pasi\u00f3n Guayaba y Melocot\u00f3n Mango Sand\u00eda y Uva Burst<\/a><\/li>\n<li><a href=\"\/product\/fizzy-150k-puffs\/red-bull-kiwi-pomegranate-ice-set\/\">Red Bull &amp; Fresa Kiwi Granada &amp; Ar\u00e1ndano Hielo &amp; Pi\u00f1a Coco<\/a><\/li>\n<li><a href=\"\/product\/fizzy-150k-puffs\/strawberry-kiwi-watermelon-bubblegum-set\/\">Fresa Kiwi &amp; Frutas del bosque &amp; Sand\u00eda Chicle &amp; Melocot\u00f3n jugoso<\/a><\/li>\n<li><a href=\"\/product\/fizzy-150k-puffs\/blueberry-raspberry-set\/\">Helado de Frambuesa y Fresa y Limonada Blue Razz y Gomita de Sand\u00eda<\/a><\/li>\n<li><a href=\"\/product\/fizzy-150k-puffs\/strawberry-skittles-tropical-punch-set\/\">Ponche de frutas tropicales y sand\u00eda Frambuesa y ar\u00e1ndanos Coco y fresa Skittles<\/a><\/li>\n<li><a href=\"\/product\/fizzy-150k-puffs\/love-66-strawberry-kiwi-berry-lemonade-set\/\">Amor 66 y Fresa Kiwi y Sand\u00eda Ar\u00e1ndano y Frambuesa Limonada<\/a><\/li>\n<li><a href=\"\/product\/fizzy-150k-puffs\/mixed-berry-fizzy-cola-tropical-set\/\">Mezcla de bayas y pi\u00f1a Melocot\u00f3n Fruta de la pasi\u00f3n y Cola efervescente y Fresa Frambuesa<\/a><\/li>\n<li><a href=\"\/product\/fizzy-150k-puffs\/blue-razz-watermelon-cherry-passion-set\/\">Blue Razz Zarzamora y Sand\u00eda Cereza Helada y Fresa Uva y Fruta de la Pasi\u00f3n Naranja Melocot\u00f3n<\/a><\/li>\n<li><a href=\"\/product\/fizzy-150k-puffs\/fizzy-cherry-strawberry-dragon-fruit-set\/\">Cereza efervescente &amp; Fresa Fruta del drag\u00f3n &amp; Lim\u00f3n Lima &amp; Sand\u00eda Ar\u00e1ndano<\/a><\/li>\n<li><a href=\"\/product\/fizzy-150k-puffs\/strawberry-vanilla-coke-cherry-berry-set\/\">Coca-Cola de fresa y vainilla &amp; Frambuesa de ar\u00e1ndanos &amp; Hielo de sand\u00eda &amp; Cereza de bayas<\/a><\/li>\n<li><a href=\"\/product\/fizzy-150k-puffs\/mojito-strawberry-watermelon-kiwi-guava-set\/\">Blueberry Ice &amp; Fresa Sand\u00eda &amp; Mojito &amp; Kiwi Fruta de la Pasi\u00f3n Guayaba<\/a><\/li>\n<\/ol>\n<h2>\ud83d\udc8e \u00bfPor qu\u00e9 elegir la Edici\u00f3n Dulce Fizzy 150K?<\/h2>\n<ol>\n<li>Resistencia masiva de 150.000 caladasDi adi\u00f3s a las sustituciones frecuentes. Un Fizzy 150K proporciona el equivalente a docenas de desechables est\u00e1ndar, lo que lo convierte en la forma m\u00e1s rentable de vapear tus sabores favoritos. <\/li>\n<li>Sin fantasmas de sabor (Quad-Mesh)Con cuatro bobinas independientes de malla de 1,0\u03a9, tu &#8220;Watermelon Bubblegum&#8221; nunca sabr\u00e1 a &#8220;Mixed Berry&#8221;. Cada sabor permanece pr\u00edstino y aislado dentro de su propia vaina de 20 ml. <\/li>\n<li>Inteligencia en tiempo realLa pantalla HD integrada controla tu % de bater\u00eda y los niveles de zumo de los Pods A, B, C y D individualmente. Conoce siempre con exactitud cu\u00e1nta vida le queda a cada sabor. <\/li>\n<li>Garant\u00eda de la tienda oficialCompra con confianza en shop.fizzyvape.com. Garantizamos dispositivos 100% aut\u00e9nticos, e-l\u00edquidos frescos de f\u00e1brica y un env\u00edo r\u00e1pido y global directamente a tu puerta. <\/li>\n<\/ol>\n<h3>\u2753 Preguntas frecuentes (FAQ)<\/h3>\n<p>P: \u00bfEl sabor Sand\u00eda Chicle es muy helado?<\/p>\n<p>R: Esta serie espec\u00edfica se centra m\u00e1s en las notas &#8220;Dulces y afrutadas&#8221;. Aunque hay una sutil suavidad, es mucho menos helada que nuestra serie &#8220;Hielo&#8221;, lo que acent\u00faa los perfiles de caramelo y fruta. <\/p>\n<p>P: \u00bfC\u00f3mo creo una mezcla personalizada?<\/p>\n<p>R: Nuestro sistema de conmutaci\u00f3n inteligente te permite activar varias c\u00e1psulas simult\u00e1neamente, lo que te permite descubrir 11 sabores h\u00edbridos adicionales m\u00e1s all\u00e1 de las 4 c\u00e1psulas base.<\/p>\n<p>P: \u00bfViene precargado?<\/p>\n<p>R: S\u00ed, viene con una carga parcial para que puedas vapear inmediatamente. Sin embargo, recomendamos una carga completa a trav\u00e9s del puerto Tipo-C para obtener el mejor rendimiento inicial. <\/p>\n","protected":false},"excerpt":{"rendered":"[html_block id=\"28835\"]\n","protected":false},"featured_media":28659,"comment_status":"open","ping_status":"closed","template":"","meta":[],"product_brand":[],"product_cat":[320],"product_tag":[],"class_list":{"0":"post-29167","1":"product","2":"type-product","3":"status-publish","4":"has-post-thumbnail","6":"product_cat-vaporizador-desechable-fizzy-de-150-000-caladas-15-en-1-recargable","8":"first","9":"outofstock","10":"shipping-taxable","11":"purchasable","12":"product-type-variable"},"yoast_head":"<!-- This site is optimized with the Yoast SEO Premium plugin v24.8 (Yoast SEO v27.4) - https:\/\/yoast.com\/product\/yoast-seo-premium-wordpress\/ -->\n<title>Fizzy 150K Puffs | Edici\u00f3n Fresa Kiwi y Sand\u00eda Chicle<\/title>\n<meta name=\"description\" content=\"Compra la mezcla Fizzy 150K Puffs Dulces y Caramelos. Con Fresa Kiwi, Sand\u00eda Chicle y m\u00e1s. 150.000 puffs con pantalla LED inteligente. \u00a1Haz tu pedido ahora!\" \/>\n<meta name=\"robots\" content=\"index, follow, max-snippet:-1, max-image-preview:large, max-video-preview:-1\" \/>\n<link rel=\"canonical\" href=\"https:\/\/shop.fizzyvape.com\/es\/product\/150k-puffs-fresa-kiwi-frutas-del-bosque-sandia-chicle-melocoton-jugoso\/\" \/>\n<meta property=\"og:locale\" content=\"es_ES\" \/>\n<meta property=\"og:type\" content=\"article\" \/>\n<meta property=\"og:title\" content=\"150K Puffs - Fresa Kiwi &amp; Frutas del Bosque &amp; Sand\u00eda Chicle &amp; Melocot\u00f3n Jugoso\" \/>\n<meta property=\"og:description\" content=\"Compra la mezcla Fizzy 150K Puffs Dulces y Caramelos. Con Fresa Kiwi, Sand\u00eda Chicle y m\u00e1s. 150.000 puffs con pantalla LED inteligente. \u00a1Haz tu pedido ahora!\" \/>\n<meta property=\"og:url\" content=\"https:\/\/shop.fizzyvape.com\/es\/product\/150k-puffs-fresa-kiwi-frutas-del-bosque-sandia-chicle-melocoton-jugoso\/\" \/>\n<meta property=\"og:site_name\" content=\"shop.fizzyvape.com\" \/>\n<meta property=\"og:image\" content=\"https:\/\/shop.fizzyvape.com\/wp-content\/uploads\/2025\/12\/Fizzy-150K-Puffs-15-in-1-Smart-Multi-Flavor-Rechargeable-Disposable-Vape-4.jpg\" \/>\n\t<meta property=\"og:image:width\" content=\"800\" \/>\n\t<meta property=\"og:image:height\" content=\"800\" \/>\n\t<meta property=\"og:image:type\" content=\"image\/jpeg\" \/>\n<meta name=\"twitter:card\" content=\"summary_large_image\" \/>\n<meta name=\"twitter:label1\" content=\"Tiempo de lectura\" \/>\n\t<meta name=\"twitter:data1\" content=\"4 minutos\" \/>\n<script type=\"application\/ld+json\" class=\"yoast-schema-graph\">{\"@context\":\"https:\\\/\\\/schema.org\",\"@graph\":[{\"@type\":\"WebPage\",\"@id\":\"https:\\\/\\\/shop.fizzyvape.com\\\/es\\\/product\\\/150k-puffs-fresa-kiwi-frutas-del-bosque-sandia-chicle-melocoton-jugoso\\\/\",\"url\":\"https:\\\/\\\/shop.fizzyvape.com\\\/es\\\/product\\\/150k-puffs-fresa-kiwi-frutas-del-bosque-sandia-chicle-melocoton-jugoso\\\/\",\"name\":\"Fizzy 150K Puffs | Edici\u00f3n Fresa Kiwi y Sand\u00eda Chicle\",\"isPartOf\":{\"@id\":\"https:\\\/\\\/shop.fizzyvape.com\\\/es\\\/#website\"},\"primaryImageOfPage\":{\"@id\":\"https:\\\/\\\/shop.fizzyvape.com\\\/es\\\/product\\\/150k-puffs-fresa-kiwi-frutas-del-bosque-sandia-chicle-melocoton-jugoso\\\/#primaryimage\"},\"image\":{\"@id\":\"https:\\\/\\\/shop.fizzyvape.com\\\/es\\\/product\\\/150k-puffs-fresa-kiwi-frutas-del-bosque-sandia-chicle-melocoton-jugoso\\\/#primaryimage\"},\"thumbnailUrl\":\"https:\\\/\\\/shop.fizzyvape.com\\\/wp-content\\\/uploads\\\/2025\\\/12\\\/Fizzy-150K-Puffs-15-in-1-Smart-Multi-Flavor-Rechargeable-Disposable-Vape-4.jpg\",\"datePublished\":\"2026-01-12T07:45:27+00:00\",\"description\":\"Compra la mezcla Fizzy 150K Puffs Dulces y Caramelos. Con Fresa Kiwi, Sand\u00eda Chicle y m\u00e1s. 150.000 puffs con pantalla LED inteligente. \u00a1Haz tu pedido ahora!\",\"breadcrumb\":{\"@id\":\"https:\\\/\\\/shop.fizzyvape.com\\\/es\\\/product\\\/150k-puffs-fresa-kiwi-frutas-del-bosque-sandia-chicle-melocoton-jugoso\\\/#breadcrumb\"},\"inLanguage\":\"es\",\"potentialAction\":[{\"@type\":\"ReadAction\",\"target\":[\"https:\\\/\\\/shop.fizzyvape.com\\\/es\\\/product\\\/150k-puffs-fresa-kiwi-frutas-del-bosque-sandia-chicle-melocoton-jugoso\\\/\"]}]},{\"@type\":\"ImageObject\",\"inLanguage\":\"es\",\"@id\":\"https:\\\/\\\/shop.fizzyvape.com\\\/es\\\/product\\\/150k-puffs-fresa-kiwi-frutas-del-bosque-sandia-chicle-melocoton-jugoso\\\/#primaryimage\",\"url\":\"https:\\\/\\\/shop.fizzyvape.com\\\/wp-content\\\/uploads\\\/2025\\\/12\\\/Fizzy-150K-Puffs-15-in-1-Smart-Multi-Flavor-Rechargeable-Disposable-Vape-4.jpg\",\"contentUrl\":\"https:\\\/\\\/shop.fizzyvape.com\\\/wp-content\\\/uploads\\\/2025\\\/12\\\/Fizzy-150K-Puffs-15-in-1-Smart-Multi-Flavor-Rechargeable-Disposable-Vape-4.jpg\",\"width\":800,\"height\":800,\"caption\":\"Fizzy 150K Puffs - Vapeador Desechable Recargable Multisabor 15 en 1 4\"},{\"@type\":\"BreadcrumbList\",\"@id\":\"https:\\\/\\\/shop.fizzyvape.com\\\/es\\\/product\\\/150k-puffs-fresa-kiwi-frutas-del-bosque-sandia-chicle-melocoton-jugoso\\\/#breadcrumb\",\"itemListElement\":[{\"@type\":\"ListItem\",\"position\":1,\"name\":\"\u9996\u9875\",\"item\":\"https:\\\/\\\/shop.fizzyvape.com\\\/es\\\/\"},{\"@type\":\"ListItem\",\"position\":2,\"name\":\"Shop\",\"item\":\"https:\\\/\\\/shop.fizzyvape.com\\\/shop\\\/\"},{\"@type\":\"ListItem\",\"position\":3,\"name\":\"150K Puffs &#8211; Fresa Kiwi &amp; Frutas del Bosque &amp; Sand\u00eda Chicle &amp; Melocot\u00f3n Jugoso\"}]},{\"@type\":\"WebSite\",\"@id\":\"https:\\\/\\\/shop.fizzyvape.com\\\/es\\\/#website\",\"url\":\"https:\\\/\\\/shop.fizzyvape.com\\\/es\\\/\",\"name\":\"shop.fizzyvape.com\",\"description\":\"The Best Disposable Vape In Europe | 10000 - 60000 Puffs  | Free Shipping\",\"potentialAction\":[{\"@type\":\"SearchAction\",\"target\":{\"@type\":\"EntryPoint\",\"urlTemplate\":\"https:\\\/\\\/shop.fizzyvape.com\\\/es\\\/?s={search_term_string}\"},\"query-input\":{\"@type\":\"PropertyValueSpecification\",\"valueRequired\":true,\"valueName\":\"search_term_string\"}}],\"inLanguage\":\"es\"}]}<\/script>\n<!-- \/ Yoast SEO Premium plugin. -->","yoast_head_json":{"title":"Fizzy 150K Puffs | Edici\u00f3n Fresa Kiwi y Sand\u00eda Chicle","description":"Compra la mezcla Fizzy 150K Puffs Dulces y Caramelos. Con Fresa Kiwi, Sand\u00eda Chicle y m\u00e1s. 150.000 puffs con pantalla LED inteligente. \u00a1Haz tu pedido ahora!","robots":{"index":"index","follow":"follow","max-snippet":"max-snippet:-1","max-image-preview":"max-image-preview:large","max-video-preview":"max-video-preview:-1"},"canonical":"https:\/\/shop.fizzyvape.com\/es\/product\/150k-puffs-fresa-kiwi-frutas-del-bosque-sandia-chicle-melocoton-jugoso\/","og_locale":"es_ES","og_type":"article","og_title":"150K Puffs - Fresa Kiwi &amp; Frutas del Bosque &amp; Sand\u00eda Chicle &amp; Melocot\u00f3n Jugoso","og_description":"Compra la mezcla Fizzy 150K Puffs Dulces y Caramelos. Con Fresa Kiwi, Sand\u00eda Chicle y m\u00e1s. 150.000 puffs con pantalla LED inteligente. \u00a1Haz tu pedido ahora!","og_url":"https:\/\/shop.fizzyvape.com\/es\/product\/150k-puffs-fresa-kiwi-frutas-del-bosque-sandia-chicle-melocoton-jugoso\/","og_site_name":"shop.fizzyvape.com","og_image":[{"width":800,"height":800,"url":"https:\/\/shop.fizzyvape.com\/wp-content\/uploads\/2025\/12\/Fizzy-150K-Puffs-15-in-1-Smart-Multi-Flavor-Rechargeable-Disposable-Vape-4.jpg","type":"image\/jpeg"}],"twitter_card":"summary_large_image","twitter_misc":{"Tiempo de lectura":"4 minutos"},"schema":{"@context":"https:\/\/schema.org","@graph":[{"@type":"WebPage","@id":"https:\/\/shop.fizzyvape.com\/es\/product\/150k-puffs-fresa-kiwi-frutas-del-bosque-sandia-chicle-melocoton-jugoso\/","url":"https:\/\/shop.fizzyvape.com\/es\/product\/150k-puffs-fresa-kiwi-frutas-del-bosque-sandia-chicle-melocoton-jugoso\/","name":"Fizzy 150K Puffs | Edici\u00f3n Fresa Kiwi y Sand\u00eda Chicle","isPartOf":{"@id":"https:\/\/shop.fizzyvape.com\/es\/#website"},"primaryImageOfPage":{"@id":"https:\/\/shop.fizzyvape.com\/es\/product\/150k-puffs-fresa-kiwi-frutas-del-bosque-sandia-chicle-melocoton-jugoso\/#primaryimage"},"image":{"@id":"https:\/\/shop.fizzyvape.com\/es\/product\/150k-puffs-fresa-kiwi-frutas-del-bosque-sandia-chicle-melocoton-jugoso\/#primaryimage"},"thumbnailUrl":"https:\/\/shop.fizzyvape.com\/wp-content\/uploads\/2025\/12\/Fizzy-150K-Puffs-15-in-1-Smart-Multi-Flavor-Rechargeable-Disposable-Vape-4.jpg","datePublished":"2026-01-12T07:45:27+00:00","description":"Compra la mezcla Fizzy 150K Puffs Dulces y Caramelos. Con Fresa Kiwi, Sand\u00eda Chicle y m\u00e1s. 150.000 puffs con pantalla LED inteligente. \u00a1Haz tu pedido ahora!","breadcrumb":{"@id":"https:\/\/shop.fizzyvape.com\/es\/product\/150k-puffs-fresa-kiwi-frutas-del-bosque-sandia-chicle-melocoton-jugoso\/#breadcrumb"},"inLanguage":"es","potentialAction":[{"@type":"ReadAction","target":["https:\/\/shop.fizzyvape.com\/es\/product\/150k-puffs-fresa-kiwi-frutas-del-bosque-sandia-chicle-melocoton-jugoso\/"]}]},{"@type":"ImageObject","inLanguage":"es","@id":"https:\/\/shop.fizzyvape.com\/es\/product\/150k-puffs-fresa-kiwi-frutas-del-bosque-sandia-chicle-melocoton-jugoso\/#primaryimage","url":"https:\/\/shop.fizzyvape.com\/wp-content\/uploads\/2025\/12\/Fizzy-150K-Puffs-15-in-1-Smart-Multi-Flavor-Rechargeable-Disposable-Vape-4.jpg","contentUrl":"https:\/\/shop.fizzyvape.com\/wp-content\/uploads\/2025\/12\/Fizzy-150K-Puffs-15-in-1-Smart-Multi-Flavor-Rechargeable-Disposable-Vape-4.jpg","width":800,"height":800,"caption":"Fizzy 150K Puffs - Vapeador Desechable Recargable Multisabor 15 en 1 4"},{"@type":"BreadcrumbList","@id":"https:\/\/shop.fizzyvape.com\/es\/product\/150k-puffs-fresa-kiwi-frutas-del-bosque-sandia-chicle-melocoton-jugoso\/#breadcrumb","itemListElement":[{"@type":"ListItem","position":1,"name":"\u9996\u9875","item":"https:\/\/shop.fizzyvape.com\/es\/"},{"@type":"ListItem","position":2,"name":"Shop","item":"https:\/\/shop.fizzyvape.com\/shop\/"},{"@type":"ListItem","position":3,"name":"150K Puffs &#8211; Fresa Kiwi &amp; Frutas del Bosque &amp; Sand\u00eda Chicle &amp; Melocot\u00f3n Jugoso"}]},{"@type":"WebSite","@id":"https:\/\/shop.fizzyvape.com\/es\/#website","url":"https:\/\/shop.fizzyvape.com\/es\/","name":"shop.fizzyvape.com","description":"The Best Disposable Vape In Europe | 10000 - 60000 Puffs  | Free Shipping","potentialAction":[{"@type":"SearchAction","target":{"@type":"EntryPoint","urlTemplate":"https:\/\/shop.fizzyvape.com\/es\/?s={search_term_string}"},"query-input":{"@type":"PropertyValueSpecification","valueRequired":true,"valueName":"search_term_string"}}],"inLanguage":"es"}]}},"tiered_pricing_type":"fixed","tiered_pricing_fixed_rules":[],"tiered_pricing_product_settings":{"layout":"default","base_unit_name":{"singular":null,"plural":null},"default_variation":null},"tiered_pricing_minimum_quantity":null,"tiered_pricing_roles_data":[],"tiered_pricing_percentage_rules":[],"tiered_pricing_maximum_quantity":null,"tiered_pricing_quantity_step":null,"_links":{"self":[{"href":"https:\/\/shop.fizzyvape.com\/es\/wp-json\/wp\/v2\/product\/29167","targetHints":{"allow":["GET"]}}],"collection":[{"href":"https:\/\/shop.fizzyvape.com\/es\/wp-json\/wp\/v2\/product"}],"about":[{"href":"https:\/\/shop.fizzyvape.com\/es\/wp-json\/wp\/v2\/types\/product"}],"replies":[{"embeddable":true,"href":"https:\/\/shop.fizzyvape.com\/es\/wp-json\/wp\/v2\/comments?post=29167"}],"version-history":[{"count":0,"href":"https:\/\/shop.fizzyvape.com\/es\/wp-json\/wp\/v2\/product\/29167\/revisions"}],"wp:featuredmedia":[{"embeddable":true,"href":"https:\/\/shop.fizzyvape.com\/es\/wp-json\/wp\/v2\/media\/28659"}],"wp:attachment":[{"href":"https:\/\/shop.fizzyvape.com\/es\/wp-json\/wp\/v2\/media?parent=29167"}],"wp:term":[{"taxonomy":"product_brand","embeddable":true,"href":"https:\/\/shop.fizzyvape.com\/es\/wp-json\/wp\/v2\/product_brand?post=29167"},{"taxonomy":"product_cat","embeddable":true,"href":"https:\/\/shop.fizzyvape.com\/es\/wp-json\/wp\/v2\/product_cat?post=29167"},{"taxonomy":"product_tag","embeddable":true,"href":"https:\/\/shop.fizzyvape.com\/es\/wp-json\/wp\/v2\/product_tag?post=29167"}],"curies":[{"name":"wp","href":"https:\/\/api.w.org\/{rel}","templated":true}]}}