{"id":29179,"date":"2026-01-12T08:31:43","date_gmt":"2026-01-12T08:31:43","guid":{"rendered":"https:\/\/shop.fizzyvape.com\/product\/150k-puffs-ponche-de-frutas-tropicales-y-sandia-frambuesa-y-arandanos-coco-y-fresa-skittles\/"},"modified":"2026-01-12T08:31:43","modified_gmt":"2026-01-12T08:31:43","slug":"150k-puffs-ponche-de-frutas-tropicales-y-sandia-frambuesa-y-arandanos-coco-y-fresa-skittles","status":"publish","type":"product","link":"https:\/\/shop.fizzyvape.com\/es\/producto\/150k-puffs-ponche-de-frutas-tropicales-y-sandia-frambuesa-y-arandanos-coco-y-fresa-skittles\/","title":{"rendered":"150K Puffs &#8211; Ponche de Frutas Tropicales y Sand\u00eda Frambuesa y Ar\u00e1ndanos Coco y Fresa Skittles"},"content":{"rendered":"<p><img decoding=\"async\" class=\"size-full wp-image-28663 aligncenter\" src=\"https:\/\/shop.fizzyvape.com\/wp-content\/uploads\/2025\/12\/Fizzy-150K-Puffs-15-in-1-Smart-Multi-Flavor-Rechargeable-Disposable-Vape-6.jpg\" alt=\"Fizzy 150K Puffs - 15 en 1 Vape recargable desechable inteligente multi-sabor 6\" width=\"800\" height=\"800\" srcset=\"https:\/\/shop.fizzyvape.com\/wp-content\/uploads\/2025\/12\/Fizzy-150K-Puffs-15-in-1-Smart-Multi-Flavor-Rechargeable-Disposable-Vape-6.jpg 800w, https:\/\/shop.fizzyvape.com\/wp-content\/uploads\/2025\/12\/Fizzy-150K-Puffs-15-in-1-Smart-Multi-Flavor-Rechargeable-Disposable-Vape-6-300x300.jpg 300w, https:\/\/shop.fizzyvape.com\/wp-content\/uploads\/2025\/12\/Fizzy-150K-Puffs-15-in-1-Smart-Multi-Flavor-Rechargeable-Disposable-Vape-6-150x150.jpg 150w, https:\/\/shop.fizzyvape.com\/wp-content\/uploads\/2025\/12\/Fizzy-150K-Puffs-15-in-1-Smart-Multi-Flavor-Rechargeable-Disposable-Vape-6-768x768.jpg 768w, https:\/\/shop.fizzyvape.com\/wp-content\/uploads\/2025\/12\/Fizzy-150K-Puffs-15-in-1-Smart-Multi-Flavor-Rechargeable-Disposable-Vape-6-100x100.jpg 100w, https:\/\/shop.fizzyvape.com\/wp-content\/uploads\/2025\/12\/Fizzy-150K-Puffs-15-in-1-Smart-Multi-Flavor-Rechargeable-Disposable-Vape-6-200x200.jpg 200w, https:\/\/shop.fizzyvape.com\/wp-content\/uploads\/2025\/12\/Fizzy-150K-Puffs-15-in-1-Smart-Multi-Flavor-Rechargeable-Disposable-Vape-6-400x400.jpg 400w, https:\/\/shop.fizzyvape.com\/wp-content\/uploads\/2025\/12\/Fizzy-150K-Puffs-15-in-1-Smart-Multi-Flavor-Rechargeable-Disposable-Vape-6-500x500.jpg 500w, https:\/\/shop.fizzyvape.com\/wp-content\/uploads\/2025\/12\/Fizzy-150K-Puffs-15-in-1-Smart-Multi-Flavor-Rechargeable-Disposable-Vape-6-430x430.jpg 430w, https:\/\/shop.fizzyvape.com\/wp-content\/uploads\/2025\/12\/Fizzy-150K-Puffs-15-in-1-Smart-Multi-Flavor-Rechargeable-Disposable-Vape-6-700x700.jpg 700w\" sizes=\"(max-width: 800px) 100vw, 800px\" \/><\/p>\n<h1>Fizzy 150K Puffs: Ponche de Frutas Tropicales y Sand\u00eda Frambuesa y Ar\u00e1ndanos Coco y Fresa Skittles<\/h1>\n<p><b>150.000 caladas | 4 c\u00e1psulas independientes | Conmutaci\u00f3n inteligente de sabores | Pantalla LED HD<\/b><\/p>\n<p>Ad\u00e9ntrate en un mundo de sabor vibrante con <b>los Puffs Efervescentes 150K (Edici\u00f3n Caramelo y Tropical)<\/b>. Esta selecta colecci\u00f3n est\u00e1 dise\u00f1ada para los amantes del sabor dulce de alta intensidad, desde los cl\u00e1sicos nost\u00e1lgicos de la tienda de caramelos hasta las cremosas mezclas isle\u00f1as. Con <b>80 ml de e-l\u00edquido de primera calidad<\/b> y una robusta <b>bater\u00eda de 1000 mAh<\/b>, este dispositivo ofrece una clase magistral de longevidad y variedad de sabores.  <\/p>\n<h4>\ud83d\ude80 Especificaciones t\u00e9cnicas<\/h4>\n<table>\n<thead>\n<tr>\n<td><strong>Caracter\u00edsticas<\/strong><\/td>\n<td><strong>Especificaciones de nivel profesional<\/strong><\/td>\n<\/tr>\n<\/thead>\n<tbody>\n<tr>\n<td><b>Puffs totales<\/b><\/td>\n<td>M\u00e1s de 150.000 Puffs<\/td>\n<\/tr>\n<tr>\n<td><b>Tipo de bobina<\/b><\/td>\n<td>Tecnolog\u00eda Quad-Mesh (4 bobinas de malla de 1,0 \u03a9)<\/td>\n<\/tr>\n<tr>\n<td><b>Capacidad de E-l\u00edquido<\/b><\/td>\n<td>80 ml en total (20 ml por c\u00e1psula individual)<\/td>\n<\/tr>\n<tr>\n<td><b>Bater\u00eda<\/b><\/td>\n<td>1000mAh Cobalto Puro (Recargable)<\/td>\n<\/tr>\n<tr>\n<td><b>Carga<\/b><\/td>\n<td>Carga r\u00e1pida Tipo-C<\/td>\n<\/tr>\n<tr>\n<td><b>Pantalla<\/b><\/td>\n<td>LED inteligente (seguimiento individual del zumo y la bater\u00eda)<\/td>\n<\/tr>\n<tr>\n<td><b>Sistema de sabor<\/b><\/td>\n<td><b>Tecnolog\u00eda de conmutaci\u00f3n inteligente 15 en 1<\/b><\/td>\n<\/tr>\n<\/tbody>\n<\/table>\n<h4>\ud83e\uddea La alineaci\u00f3n de sabores: Mezcla de Carnaval de 4 c\u00e1psulas<\/h4>\n<p><i>Cambia entre cuatro c\u00e1psulas independientes de 20 ml o m\u00e9zclalas para descubrir 15 perfiles \u00fanicos de m\u00faltiples capas:<\/i><\/p>\n<ul>\n<li>Vaina A: Ponche de Frutas TropicalesUna festiva explosi\u00f3n de pi\u00f1a, naranja y bayas ex\u00f3ticas. Es dulce, ligeramente \u00e1cido y sabe a vacaciones llenas de sol. <\/li>\n<li>Vaina B: Sand\u00eda FrambuesaEl d\u00fao hidratante definitivo. La dulce y crujiente sand\u00eda se encuentra con el \u00e1cido y jugoso estallido de las frambuesas maduras para una exhalaci\u00f3n perfectamente equilibrada. <\/li>\n<li>Vaina C: Ar\u00e1ndano CocoUna escapada sofisticada y cremosa. Los suaves matices de la leche de coco complementan a la perfecci\u00f3n las notas dulces y terrosas de los ar\u00e1ndanos silvestres. <\/li>\n<li>Vaina D: Skittles de fresaSaborea el arco iris. Una explosi\u00f3n nost\u00e1lgica y azucarada de fresas confitadas que captura la dulzura ic\u00f3nica y picante de tus caramelos masticables de fruta favoritos. <\/li>\n<\/ul>\n<p><img decoding=\"async\" class=\"wp-image-28634 size-full\" src=\"https:\/\/shop.fizzyvape.com\/wp-content\/uploads\/2025\/12\/Fizzy-15-in-1-150K-Puffs-Rechargeable-Disposable-Vape-Flavors-List-scaled.jpg\" alt=\"Lista de Sabores de Vape Desechables Recargables Fizzy 15 en 1 150K Puffs\" width=\"1663\" height=\"2560\" srcset=\"https:\/\/shop.fizzyvape.com\/wp-content\/uploads\/2025\/12\/Fizzy-15-in-1-150K-Puffs-Rechargeable-Disposable-Vape-Flavors-List-scaled.jpg 1663w, https:\/\/shop.fizzyvape.com\/wp-content\/uploads\/2025\/12\/Fizzy-15-in-1-150K-Puffs-Rechargeable-Disposable-Vape-Flavors-List-195x300.jpg 195w, https:\/\/shop.fizzyvape.com\/wp-content\/uploads\/2025\/12\/Fizzy-15-in-1-150K-Puffs-Rechargeable-Disposable-Vape-Flavors-List-520x800.jpg 520w, https:\/\/shop.fizzyvape.com\/wp-content\/uploads\/2025\/12\/Fizzy-15-in-1-150K-Puffs-Rechargeable-Disposable-Vape-Flavors-List-768x1182.jpg 768w, https:\/\/shop.fizzyvape.com\/wp-content\/uploads\/2025\/12\/Fizzy-15-in-1-150K-Puffs-Rechargeable-Disposable-Vape-Flavors-List-998x1536.jpg 998w, https:\/\/shop.fizzyvape.com\/wp-content\/uploads\/2025\/12\/Fizzy-15-in-1-150K-Puffs-Rechargeable-Disposable-Vape-Flavors-List-1330x2048.jpg 1330w, https:\/\/shop.fizzyvape.com\/wp-content\/uploads\/2025\/12\/Fizzy-15-in-1-150K-Puffs-Rechargeable-Disposable-Vape-Flavors-List-430x662.jpg 430w, https:\/\/shop.fizzyvape.com\/wp-content\/uploads\/2025\/12\/Fizzy-15-in-1-150K-Puffs-Rechargeable-Disposable-Vape-Flavors-List-700x1078.jpg 700w, https:\/\/shop.fizzyvape.com\/wp-content\/uploads\/2025\/12\/Fizzy-15-in-1-150K-Puffs-Rechargeable-Disposable-Vape-Flavors-List-150x231.jpg 150w\" sizes=\"(max-width: 1663px) 100vw, 1663px\" \/><\/p>\n<h2><strong>Lista de Sabores de Vape Desechable<\/strong> Recargable Fizzy 15 en 1 150K Puffs <strong>:<\/strong><\/h2>\n<ol>\n<li><a href=\"\/product\/fizzy-150k-puffs\/watermelon-red-bull-ice-set\/\">Hielo de Sand\u00eda &amp; Red Bull &amp; Frambuesa Fresa &amp; Triple Hielo de Mel\u00f3n<\/a><\/li>\n<li><a href=\"\/product\/fizzy-150k-puffs\/strawberry-kiwi-guava-peach-set\/\">Fresa Helada y Kiwi Fruta de la Pasi\u00f3n Guayaba y Melocot\u00f3n Mango Sand\u00eda y Uva Burst<\/a><\/li>\n<li><a href=\"\/product\/fizzy-150k-puffs\/red-bull-kiwi-pomegranate-ice-set\/\">Red Bull &amp; Fresa Kiwi Granada &amp; Ar\u00e1ndano Hielo &amp; Pi\u00f1a Coco<\/a><\/li>\n<li><a href=\"\/product\/fizzy-150k-puffs\/strawberry-kiwi-watermelon-bubblegum-set\/\">Fresa Kiwi &amp; Frutas del bosque &amp; Sand\u00eda Chicle &amp; Melocot\u00f3n jugoso<\/a><\/li>\n<li><a href=\"\/product\/fizzy-150k-puffs\/blueberry-raspberry-set\/\">Helado de Frambuesa y Fresa y Limonada Blue Razz y Gomita de Sand\u00eda<\/a><\/li>\n<li><a href=\"\/product\/fizzy-150k-puffs\/strawberry-skittles-tropical-punch-set\/\">Ponche de frutas tropicales y sand\u00eda Frambuesa y ar\u00e1ndanos Coco y fresa Skittles<\/a><\/li>\n<li><a href=\"\/product\/fizzy-150k-puffs\/love-66-strawberry-kiwi-berry-lemonade-set\/\">Amor 66 y Fresa Kiwi y Sand\u00eda Ar\u00e1ndano y Frambuesa Limonada<\/a><\/li>\n<li><a href=\"\/product\/fizzy-150k-puffs\/mixed-berry-fizzy-cola-tropical-set\/\">Mezcla de bayas y pi\u00f1a Melocot\u00f3n Fruta de la pasi\u00f3n y Cola efervescente y Fresa Frambuesa<\/a><\/li>\n<li><a href=\"\/product\/fizzy-150k-puffs\/blue-razz-watermelon-cherry-passion-set\/\">Blue Razz Zarzamora y Sand\u00eda Cereza Helada y Fresa Uva y Fruta de la Pasi\u00f3n Naranja Melocot\u00f3n<\/a><\/li>\n<li><a href=\"\/product\/fizzy-150k-puffs\/fizzy-cherry-strawberry-dragon-fruit-set\/\">Cereza efervescente &amp; Fresa Fruta del drag\u00f3n &amp; Lim\u00f3n Lima &amp; Sand\u00eda Ar\u00e1ndano<\/a><\/li>\n<li><a href=\"\/product\/fizzy-150k-puffs\/strawberry-vanilla-coke-cherry-berry-set\/\">Coca-Cola de fresa y vainilla &amp; Frambuesa de ar\u00e1ndanos &amp; Hielo de sand\u00eda &amp; Cereza de bayas<\/a><\/li>\n<li><a href=\"\/product\/fizzy-150k-puffs\/mojito-strawberry-watermelon-kiwi-guava-set\/\">Blueberry Ice &amp; Fresa Sand\u00eda &amp; Mojito &amp; Kiwi Fruta de la Pasi\u00f3n Guayaba<\/a><\/li>\n<\/ol>\n<h4>\ud83d\udc8e \u00bfPor qu\u00e9 elegir la Edici\u00f3n Caramelo Fizzy 150K?<\/h4>\n<ol start=\"1\">\n<li>Resistencia masiva de 150.000 caladasDise\u00f1ado para el usuario de \u00e9lite. Este \u00fanico dispositivo ofrece la vida \u00fatil de 15 desechables est\u00e1ndar, proporcionando una experiencia de inhalaci\u00f3n alta m\u00e1s respetuosa con el medio ambiente y m\u00e1s rentable. <\/li>\n<li>Aislamiento del Sabor (Tecnolog\u00eda Quad-Mesh)Equipado con cuatro bobinas independientes de malla de 1,0\u03a9. Tus &#8220;Skittles de fresa&#8221; permanecen vibrantemente dulces sin ning\u00fan sabor fantasma de &#8220;Coco de ar\u00e1ndanos&#8221;. Sabor puro en cada vaina.  <\/li>\n<li>Inteligencia LED HD inteligenteMant\u00e9n el control de tu sesi\u00f3n. La pantalla de alta definici\u00f3n muestra tu % de bater\u00eda y los niveles individuales de zumo de los Pods A, B, C y D en tiempo real. <\/li>\n<li>Fuente oficial autorizadaS\u00f3lo shop.fizzyvape.com proporciona hardware 100% aut\u00e9ntico, lotes frescos de f\u00e1brica para conseguir la m\u00e1xima intensidad de sabor, y env\u00edo seguro a todo el mundo.<\/li>\n<\/ol>\n<h4>\u2753 Preguntas frecuentes (FAQ)<\/h4>\n<p>P: \u00bfLos Skittles de fresa saben a caramelo de verdad?<\/p>\n<p>R: \u00a1S\u00ed! Est\u00e1 formulado espec\u00edficamente para imitar el perfil de fruta azucarada y de m\u00faltiples capas del famoso caramelo, proporcionando una experiencia de vapeo &#8220;muy dulce&#8221;. <\/p>\n<p>P: \u00bfC\u00f3mo cambio de sabor?<\/p>\n<p>R: Simplemente utiliza la palanca inteligente del dispositivo. Puedes seleccionar una vaina cada vez o utilizar el modo m\u00faltiple para combinar las salidas de las vainas y obtener un sabor h\u00edbrido personalizado. <\/p>\n<p>P: \u00bfHay &#8220;Hielo&#8221; en este conjunto?<\/p>\n<p>R: Este conjunto se centra en perfiles &#8220;Dulces y Tropicales&#8221;. Tiene un agente refrigerante muy suave para mantener la suavidad del vapor, pero no es una colecci\u00f3n de &#8220;Hielo Pesado&#8221;. <\/p>\n","protected":false},"excerpt":{"rendered":"[html_block id=\"28835\"]\n","protected":false},"featured_media":28665,"comment_status":"open","ping_status":"closed","template":"","meta":[],"product_brand":[],"product_cat":[320],"product_tag":[],"class_list":{"0":"post-29179","1":"product","2":"type-product","3":"status-publish","4":"has-post-thumbnail","6":"product_cat-vaporizador-desechable-fizzy-de-150-000-caladas-15-en-1-recargable","8":"first","9":"outofstock","10":"shipping-taxable","11":"purchasable","12":"product-type-variable"},"yoast_head":"<!-- This site is optimized with the Yoast SEO Premium plugin v24.8 (Yoast SEO v27.4) - https:\/\/yoast.com\/product\/yoast-seo-premium-wordpress\/ -->\n<title>Comprar Juego de 150K Puffs efervescentes | Skittles de fresa y Ponche de frutas tropicales<\/title>\n<meta name=\"description\" content=\"Saborea el arco iris con Fizzy 150K Puffs Strawberry Skittles &amp; Tropical Fruit Punch. 150.000 caladas, 80 ml de capacidad y control LED inteligente. Tienda oficial.\" \/>\n<meta name=\"robots\" content=\"index, follow, max-snippet:-1, max-image-preview:large, max-video-preview:-1\" \/>\n<link rel=\"canonical\" href=\"https:\/\/shop.fizzyvape.com\/es\/producto\/150k-puffs-ponche-de-frutas-tropicales-y-sandia-frambuesa-y-arandanos-coco-y-fresa-skittles\/\" \/>\n<meta property=\"og:locale\" content=\"es_ES\" \/>\n<meta property=\"og:type\" content=\"article\" \/>\n<meta property=\"og:title\" content=\"150K Puffs - Ponche de Frutas Tropicales y Sand\u00eda Frambuesa y Ar\u00e1ndanos Coco y Fresa Skittles\" \/>\n<meta property=\"og:description\" content=\"Saborea el arco iris con Fizzy 150K Puffs Strawberry Skittles &amp; Tropical Fruit Punch. 150.000 caladas, 80 ml de capacidad y control LED inteligente. Tienda oficial.\" \/>\n<meta property=\"og:url\" content=\"https:\/\/shop.fizzyvape.com\/es\/producto\/150k-puffs-ponche-de-frutas-tropicales-y-sandia-frambuesa-y-arandanos-coco-y-fresa-skittles\/\" \/>\n<meta property=\"og:site_name\" content=\"shop.fizzyvape.com\" \/>\n<meta property=\"og:image\" content=\"https:\/\/shop.fizzyvape.com\/wp-content\/uploads\/2025\/12\/Fizzy-150K-Puffs-15-in-1-Smart-Multi-Flavor-Rechargeable-Disposable-Vape-6.jpg\" \/>\n\t<meta property=\"og:image:width\" content=\"800\" \/>\n\t<meta property=\"og:image:height\" content=\"800\" \/>\n\t<meta property=\"og:image:type\" content=\"image\/jpeg\" \/>\n<meta name=\"twitter:card\" content=\"summary_large_image\" \/>\n<meta name=\"twitter:label1\" content=\"Tiempo de lectura\" \/>\n\t<meta name=\"twitter:data1\" content=\"4 minutos\" \/>\n<script type=\"application\/ld+json\" class=\"yoast-schema-graph\">{\"@context\":\"https:\\\/\\\/schema.org\",\"@graph\":[{\"@type\":\"WebPage\",\"@id\":\"https:\\\/\\\/shop.fizzyvape.com\\\/es\\\/producto\\\/150k-puffs-ponche-de-frutas-tropicales-y-sandia-frambuesa-y-arandanos-coco-y-fresa-skittles\\\/\",\"url\":\"https:\\\/\\\/shop.fizzyvape.com\\\/es\\\/producto\\\/150k-puffs-ponche-de-frutas-tropicales-y-sandia-frambuesa-y-arandanos-coco-y-fresa-skittles\\\/\",\"name\":\"Comprar Juego de 150K Puffs efervescentes | Skittles de fresa y Ponche de frutas tropicales\",\"isPartOf\":{\"@id\":\"https:\\\/\\\/shop.fizzyvape.com\\\/es\\\/#website\"},\"primaryImageOfPage\":{\"@id\":\"https:\\\/\\\/shop.fizzyvape.com\\\/es\\\/producto\\\/150k-puffs-ponche-de-frutas-tropicales-y-sandia-frambuesa-y-arandanos-coco-y-fresa-skittles\\\/#primaryimage\"},\"image\":{\"@id\":\"https:\\\/\\\/shop.fizzyvape.com\\\/es\\\/producto\\\/150k-puffs-ponche-de-frutas-tropicales-y-sandia-frambuesa-y-arandanos-coco-y-fresa-skittles\\\/#primaryimage\"},\"thumbnailUrl\":\"https:\\\/\\\/shop.fizzyvape.com\\\/wp-content\\\/uploads\\\/2025\\\/12\\\/Fizzy-150K-Puffs-15-in-1-Smart-Multi-Flavor-Rechargeable-Disposable-Vape-6.jpg\",\"datePublished\":\"2026-01-12T08:31:43+00:00\",\"description\":\"Saborea el arco iris con Fizzy 150K Puffs Strawberry Skittles & Tropical Fruit Punch. 150.000 caladas, 80 ml de capacidad y control LED inteligente. Tienda oficial.\",\"breadcrumb\":{\"@id\":\"https:\\\/\\\/shop.fizzyvape.com\\\/es\\\/producto\\\/150k-puffs-ponche-de-frutas-tropicales-y-sandia-frambuesa-y-arandanos-coco-y-fresa-skittles\\\/#breadcrumb\"},\"inLanguage\":\"es\",\"potentialAction\":[{\"@type\":\"ReadAction\",\"target\":[\"https:\\\/\\\/shop.fizzyvape.com\\\/es\\\/producto\\\/150k-puffs-ponche-de-frutas-tropicales-y-sandia-frambuesa-y-arandanos-coco-y-fresa-skittles\\\/\"]}]},{\"@type\":\"ImageObject\",\"inLanguage\":\"es\",\"@id\":\"https:\\\/\\\/shop.fizzyvape.com\\\/es\\\/producto\\\/150k-puffs-ponche-de-frutas-tropicales-y-sandia-frambuesa-y-arandanos-coco-y-fresa-skittles\\\/#primaryimage\",\"url\":\"https:\\\/\\\/shop.fizzyvape.com\\\/wp-content\\\/uploads\\\/2025\\\/12\\\/Fizzy-150K-Puffs-15-in-1-Smart-Multi-Flavor-Rechargeable-Disposable-Vape-6.jpg\",\"contentUrl\":\"https:\\\/\\\/shop.fizzyvape.com\\\/wp-content\\\/uploads\\\/2025\\\/12\\\/Fizzy-150K-Puffs-15-in-1-Smart-Multi-Flavor-Rechargeable-Disposable-Vape-6.jpg\",\"width\":800,\"height\":800,\"caption\":\"Fizzy 150K Puffs - 15 en 1 Vape recargable desechable inteligente multi-sabor 6\"},{\"@type\":\"BreadcrumbList\",\"@id\":\"https:\\\/\\\/shop.fizzyvape.com\\\/es\\\/producto\\\/150k-puffs-ponche-de-frutas-tropicales-y-sandia-frambuesa-y-arandanos-coco-y-fresa-skittles\\\/#breadcrumb\",\"itemListElement\":[{\"@type\":\"ListItem\",\"position\":1,\"name\":\"\u9996\u9875\",\"item\":\"https:\\\/\\\/shop.fizzyvape.com\\\/es\\\/\"},{\"@type\":\"ListItem\",\"position\":2,\"name\":\"Shop\",\"item\":\"https:\\\/\\\/shop.fizzyvape.com\\\/shop\\\/\"},{\"@type\":\"ListItem\",\"position\":3,\"name\":\"150K Puffs &#8211; Ponche de Frutas Tropicales y Sand\u00eda Frambuesa y Ar\u00e1ndanos Coco y Fresa Skittles\"}]},{\"@type\":\"WebSite\",\"@id\":\"https:\\\/\\\/shop.fizzyvape.com\\\/es\\\/#website\",\"url\":\"https:\\\/\\\/shop.fizzyvape.com\\\/es\\\/\",\"name\":\"shop.fizzyvape.com\",\"description\":\"The Best Disposable Vape In Europe | 10000 - 60000 Puffs  | Free Shipping\",\"potentialAction\":[{\"@type\":\"SearchAction\",\"target\":{\"@type\":\"EntryPoint\",\"urlTemplate\":\"https:\\\/\\\/shop.fizzyvape.com\\\/es\\\/?s={search_term_string}\"},\"query-input\":{\"@type\":\"PropertyValueSpecification\",\"valueRequired\":true,\"valueName\":\"search_term_string\"}}],\"inLanguage\":\"es\"}]}<\/script>\n<!-- \/ Yoast SEO Premium plugin. -->","yoast_head_json":{"title":"Comprar Juego de 150K Puffs efervescentes | Skittles de fresa y Ponche de frutas tropicales","description":"Saborea el arco iris con Fizzy 150K Puffs Strawberry Skittles & Tropical Fruit Punch. 150.000 caladas, 80 ml de capacidad y control LED inteligente. Tienda oficial.","robots":{"index":"index","follow":"follow","max-snippet":"max-snippet:-1","max-image-preview":"max-image-preview:large","max-video-preview":"max-video-preview:-1"},"canonical":"https:\/\/shop.fizzyvape.com\/es\/producto\/150k-puffs-ponche-de-frutas-tropicales-y-sandia-frambuesa-y-arandanos-coco-y-fresa-skittles\/","og_locale":"es_ES","og_type":"article","og_title":"150K Puffs - Ponche de Frutas Tropicales y Sand\u00eda Frambuesa y Ar\u00e1ndanos Coco y Fresa Skittles","og_description":"Saborea el arco iris con Fizzy 150K Puffs Strawberry Skittles & Tropical Fruit Punch. 150.000 caladas, 80 ml de capacidad y control LED inteligente. Tienda oficial.","og_url":"https:\/\/shop.fizzyvape.com\/es\/producto\/150k-puffs-ponche-de-frutas-tropicales-y-sandia-frambuesa-y-arandanos-coco-y-fresa-skittles\/","og_site_name":"shop.fizzyvape.com","og_image":[{"width":800,"height":800,"url":"https:\/\/shop.fizzyvape.com\/wp-content\/uploads\/2025\/12\/Fizzy-150K-Puffs-15-in-1-Smart-Multi-Flavor-Rechargeable-Disposable-Vape-6.jpg","type":"image\/jpeg"}],"twitter_card":"summary_large_image","twitter_misc":{"Tiempo de lectura":"4 minutos"},"schema":{"@context":"https:\/\/schema.org","@graph":[{"@type":"WebPage","@id":"https:\/\/shop.fizzyvape.com\/es\/producto\/150k-puffs-ponche-de-frutas-tropicales-y-sandia-frambuesa-y-arandanos-coco-y-fresa-skittles\/","url":"https:\/\/shop.fizzyvape.com\/es\/producto\/150k-puffs-ponche-de-frutas-tropicales-y-sandia-frambuesa-y-arandanos-coco-y-fresa-skittles\/","name":"Comprar Juego de 150K Puffs efervescentes | Skittles de fresa y Ponche de frutas tropicales","isPartOf":{"@id":"https:\/\/shop.fizzyvape.com\/es\/#website"},"primaryImageOfPage":{"@id":"https:\/\/shop.fizzyvape.com\/es\/producto\/150k-puffs-ponche-de-frutas-tropicales-y-sandia-frambuesa-y-arandanos-coco-y-fresa-skittles\/#primaryimage"},"image":{"@id":"https:\/\/shop.fizzyvape.com\/es\/producto\/150k-puffs-ponche-de-frutas-tropicales-y-sandia-frambuesa-y-arandanos-coco-y-fresa-skittles\/#primaryimage"},"thumbnailUrl":"https:\/\/shop.fizzyvape.com\/wp-content\/uploads\/2025\/12\/Fizzy-150K-Puffs-15-in-1-Smart-Multi-Flavor-Rechargeable-Disposable-Vape-6.jpg","datePublished":"2026-01-12T08:31:43+00:00","description":"Saborea el arco iris con Fizzy 150K Puffs Strawberry Skittles & Tropical Fruit Punch. 150.000 caladas, 80 ml de capacidad y control LED inteligente. Tienda oficial.","breadcrumb":{"@id":"https:\/\/shop.fizzyvape.com\/es\/producto\/150k-puffs-ponche-de-frutas-tropicales-y-sandia-frambuesa-y-arandanos-coco-y-fresa-skittles\/#breadcrumb"},"inLanguage":"es","potentialAction":[{"@type":"ReadAction","target":["https:\/\/shop.fizzyvape.com\/es\/producto\/150k-puffs-ponche-de-frutas-tropicales-y-sandia-frambuesa-y-arandanos-coco-y-fresa-skittles\/"]}]},{"@type":"ImageObject","inLanguage":"es","@id":"https:\/\/shop.fizzyvape.com\/es\/producto\/150k-puffs-ponche-de-frutas-tropicales-y-sandia-frambuesa-y-arandanos-coco-y-fresa-skittles\/#primaryimage","url":"https:\/\/shop.fizzyvape.com\/wp-content\/uploads\/2025\/12\/Fizzy-150K-Puffs-15-in-1-Smart-Multi-Flavor-Rechargeable-Disposable-Vape-6.jpg","contentUrl":"https:\/\/shop.fizzyvape.com\/wp-content\/uploads\/2025\/12\/Fizzy-150K-Puffs-15-in-1-Smart-Multi-Flavor-Rechargeable-Disposable-Vape-6.jpg","width":800,"height":800,"caption":"Fizzy 150K Puffs - 15 en 1 Vape recargable desechable inteligente multi-sabor 6"},{"@type":"BreadcrumbList","@id":"https:\/\/shop.fizzyvape.com\/es\/producto\/150k-puffs-ponche-de-frutas-tropicales-y-sandia-frambuesa-y-arandanos-coco-y-fresa-skittles\/#breadcrumb","itemListElement":[{"@type":"ListItem","position":1,"name":"\u9996\u9875","item":"https:\/\/shop.fizzyvape.com\/es\/"},{"@type":"ListItem","position":2,"name":"Shop","item":"https:\/\/shop.fizzyvape.com\/shop\/"},{"@type":"ListItem","position":3,"name":"150K Puffs &#8211; Ponche de Frutas Tropicales y Sand\u00eda Frambuesa y Ar\u00e1ndanos Coco y Fresa Skittles"}]},{"@type":"WebSite","@id":"https:\/\/shop.fizzyvape.com\/es\/#website","url":"https:\/\/shop.fizzyvape.com\/es\/","name":"shop.fizzyvape.com","description":"The Best Disposable Vape In Europe | 10000 - 60000 Puffs  | Free Shipping","potentialAction":[{"@type":"SearchAction","target":{"@type":"EntryPoint","urlTemplate":"https:\/\/shop.fizzyvape.com\/es\/?s={search_term_string}"},"query-input":{"@type":"PropertyValueSpecification","valueRequired":true,"valueName":"search_term_string"}}],"inLanguage":"es"}]}},"tiered_pricing_type":"fixed","tiered_pricing_fixed_rules":[],"tiered_pricing_product_settings":{"layout":"default","base_unit_name":{"singular":null,"plural":null},"default_variation":null},"tiered_pricing_minimum_quantity":null,"tiered_pricing_roles_data":[],"tiered_pricing_percentage_rules":[],"tiered_pricing_maximum_quantity":null,"tiered_pricing_quantity_step":null,"_links":{"self":[{"href":"https:\/\/shop.fizzyvape.com\/es\/wp-json\/wp\/v2\/product\/29179","targetHints":{"allow":["GET"]}}],"collection":[{"href":"https:\/\/shop.fizzyvape.com\/es\/wp-json\/wp\/v2\/product"}],"about":[{"href":"https:\/\/shop.fizzyvape.com\/es\/wp-json\/wp\/v2\/types\/product"}],"replies":[{"embeddable":true,"href":"https:\/\/shop.fizzyvape.com\/es\/wp-json\/wp\/v2\/comments?post=29179"}],"version-history":[{"count":0,"href":"https:\/\/shop.fizzyvape.com\/es\/wp-json\/wp\/v2\/product\/29179\/revisions"}],"wp:featuredmedia":[{"embeddable":true,"href":"https:\/\/shop.fizzyvape.com\/es\/wp-json\/wp\/v2\/media\/28665"}],"wp:attachment":[{"href":"https:\/\/shop.fizzyvape.com\/es\/wp-json\/wp\/v2\/media?parent=29179"}],"wp:term":[{"taxonomy":"product_brand","embeddable":true,"href":"https:\/\/shop.fizzyvape.com\/es\/wp-json\/wp\/v2\/product_brand?post=29179"},{"taxonomy":"product_cat","embeddable":true,"href":"https:\/\/shop.fizzyvape.com\/es\/wp-json\/wp\/v2\/product_cat?post=29179"},{"taxonomy":"product_tag","embeddable":true,"href":"https:\/\/shop.fizzyvape.com\/es\/wp-json\/wp\/v2\/product_tag?post=29179"}],"curies":[{"name":"wp","href":"https:\/\/api.w.org\/{rel}","templated":true}]}}