{"id":29203,"date":"2026-01-12T09:50:05","date_gmt":"2026-01-12T09:50:05","guid":{"rendered":"https:\/\/shop.fizzyvape.com\/product\/150k-puffs-cereza-efervescente-fresa-fruta-del-dragon-lima-limon-sandia-arandano\/"},"modified":"2026-01-12T09:50:05","modified_gmt":"2026-01-12T09:50:05","slug":"150k-puffs-cereza-efervescente-fresa-fruta-del-dragon-lima-limon-sandia-arandano","status":"publish","type":"product","link":"https:\/\/shop.fizzyvape.com\/es\/producto\/150k-puffs-cereza-efervescente-fresa-fruta-del-dragon-lima-limon-sandia-arandano\/","title":{"rendered":"150K Puffs &#8211; Cereza efervescente &amp; Fresa Fruta del drag\u00f3n &amp; Lima lim\u00f3n &amp; Sand\u00eda Ar\u00e1ndano"},"content":{"rendered":"<p><img decoding=\"async\" class=\"size-full wp-image-28675 aligncenter\" src=\"https:\/\/shop.fizzyvape.com\/wp-content\/uploads\/2025\/12\/Fizzy-150K-Puffs-15-in-1-Smart-Multi-Flavor-Rechargeable-Disposable-Vape-10.jpg\" alt=\"Fizzy 150K Puffs - Vapeador Desechable Recargable Multisabor Inteligente 15 en 1 10\" width=\"800\" height=\"800\" srcset=\"https:\/\/shop.fizzyvape.com\/wp-content\/uploads\/2025\/12\/Fizzy-150K-Puffs-15-in-1-Smart-Multi-Flavor-Rechargeable-Disposable-Vape-10.jpg 800w, https:\/\/shop.fizzyvape.com\/wp-content\/uploads\/2025\/12\/Fizzy-150K-Puffs-15-in-1-Smart-Multi-Flavor-Rechargeable-Disposable-Vape-10-300x300.jpg 300w, https:\/\/shop.fizzyvape.com\/wp-content\/uploads\/2025\/12\/Fizzy-150K-Puffs-15-in-1-Smart-Multi-Flavor-Rechargeable-Disposable-Vape-10-150x150.jpg 150w, https:\/\/shop.fizzyvape.com\/wp-content\/uploads\/2025\/12\/Fizzy-150K-Puffs-15-in-1-Smart-Multi-Flavor-Rechargeable-Disposable-Vape-10-768x768.jpg 768w, https:\/\/shop.fizzyvape.com\/wp-content\/uploads\/2025\/12\/Fizzy-150K-Puffs-15-in-1-Smart-Multi-Flavor-Rechargeable-Disposable-Vape-10-100x100.jpg 100w, https:\/\/shop.fizzyvape.com\/wp-content\/uploads\/2025\/12\/Fizzy-150K-Puffs-15-in-1-Smart-Multi-Flavor-Rechargeable-Disposable-Vape-10-200x200.jpg 200w, https:\/\/shop.fizzyvape.com\/wp-content\/uploads\/2025\/12\/Fizzy-150K-Puffs-15-in-1-Smart-Multi-Flavor-Rechargeable-Disposable-Vape-10-400x400.jpg 400w, https:\/\/shop.fizzyvape.com\/wp-content\/uploads\/2025\/12\/Fizzy-150K-Puffs-15-in-1-Smart-Multi-Flavor-Rechargeable-Disposable-Vape-10-500x500.jpg 500w, https:\/\/shop.fizzyvape.com\/wp-content\/uploads\/2025\/12\/Fizzy-150K-Puffs-15-in-1-Smart-Multi-Flavor-Rechargeable-Disposable-Vape-10-430x430.jpg 430w, https:\/\/shop.fizzyvape.com\/wp-content\/uploads\/2025\/12\/Fizzy-150K-Puffs-15-in-1-Smart-Multi-Flavor-Rechargeable-Disposable-Vape-10-700x700.jpg 700w\" sizes=\"(max-width: 800px) 100vw, 800px\" \/><\/p>\n<h1>Fizzy 150K Puffs: Cereza efervescente &amp; Fresa Fruta del drag\u00f3n &amp; Lima lim\u00f3n &amp; Sand\u00eda Ar\u00e1ndano<\/h1>\n<p><b>150.000 caladas | 4 c\u00e1psulas independientes | Cambio de sabor 15 en 1 | Control LED HD<\/b><\/p>\n<p>Del\u00e9itate con el coraz\u00f3n de la marca con los <b>Fizzy 150K Puffs (Edici\u00f3n Exclusiva)<\/b>. Esta colecci\u00f3n presenta nuestro mundialmente famoso Fizzy Cherry, perfectamente complementado con una selecci\u00f3n de c\u00edtricos picantes y frutas tropicales ex\u00f3ticas. Con <b>80 ml de e-l\u00edquido de primera calidad<\/b> y una potente <b>bater\u00eda de 1000 mAh<\/b>, este dispositivo es la cumbre de la variedad de sabores y el rendimiento duradero.  <\/p>\n<h2>\ud83d\ude80 Especificaciones t\u00e9cnicas<\/h2>\n<table>\n<thead>\n<tr>\n<td><strong>Caracter\u00edsticas<\/strong><\/td>\n<td><strong>Especificaciones de nivel profesional<\/strong><\/td>\n<\/tr>\n<\/thead>\n<tbody>\n<tr>\n<td><b>Puffs totales<\/b><\/td>\n<td>M\u00e1s de 150.000 Puffs<\/td>\n<\/tr>\n<tr>\n<td><b>Tipo de bobina<\/b><\/td>\n<td>Tecnolog\u00eda Quad-Mesh (4 bobinas de malla de 1,0 \u03a9)<\/td>\n<\/tr>\n<tr>\n<td><b>Capacidad de E-l\u00edquido<\/b><\/td>\n<td>80 ml en total (20 ml por c\u00e1psula individual)<\/td>\n<\/tr>\n<tr>\n<td><b>Bater\u00eda<\/b><\/td>\n<td>1000mAh Cobalto Puro (Recargable)<\/td>\n<\/tr>\n<tr>\n<td><b>Carga<\/b><\/td>\n<td>Carga r\u00e1pida Tipo-C<\/td>\n<\/tr>\n<tr>\n<td><b>Pantalla<\/b><\/td>\n<td>LED inteligente (seguimiento individual del zumo y la bater\u00eda)<\/td>\n<\/tr>\n<tr>\n<td><b>Sistema de sabor<\/b><\/td>\n<td><b>Tecnolog\u00eda de conmutaci\u00f3n inteligente 15 en 1<\/b><\/td>\n<\/tr>\n<\/tbody>\n<\/table>\n<h2>\ud83e\uddea La Matriz de Sabores 15 en 1<\/h2>\n<p><i>Libera tu creatividad. Explora 15 perfiles de sabor distintos cambiando entre nuestras 4 c\u00e1psulas independientes de 20 ml: <\/i><\/p>\n<ul>\n<li><b>Los 4 Solo Masters:<\/b> <b>Cereza Efervescente<\/b> Pura, <b>Fruta del Drag\u00f3n Fresa<\/b>, <b>Lima Lim\u00f3n<\/b> o <b>Sand\u00eda Ar\u00e1ndano<\/b>.<\/li>\n<li><b>Las 6 Mezclas Dobles:<\/b> Descubre fusiones como <i>Cereza efervescente + Lima lim\u00f3n<\/i> (Cherry Limeade) o <i>Fruta del drag\u00f3n fresa + Sand\u00eda<\/i>.<\/li>\n<li><b>Las 4 Fusiones Triples:<\/b> Perfiles complejos y estratificados para el vapeador aventurero.<\/li>\n<li><b>La mezcla cu\u00e1druple definitiva:<\/b> Las cuatro vainas activadas para una explosi\u00f3n de fruta realmente sinf\u00f3nica.<\/li>\n<\/ul>\n<h2>\ud83d\udc09 La l\u00ednea de sabores: Mezcla de 4 c\u00e1psulas<\/h2>\n<ul>\n<li>Vaina A: Cereza efervescenteEl hom\u00f3nimo de nuestra marca. Un profundo y rico sabor a cereza con una sensaci\u00f3n chispeante caracter\u00edstica y un final crujiente. Es el cl\u00e1sico refrescante por excelencia.  <\/li>\n<li>Vaina B: Fresa Fruta del Drag\u00f3nUna ex\u00f3tica escapada isle\u00f1a. Las notas dulces y familiares de la fresa se mezclan con la esencia cremosa y sutilmente parecida a la pera de la fruta del drag\u00f3n roja. <\/li>\n<li>Vaina C: Lim\u00f3n LimaEl mejor limpiador del paladar. Una mezcla de c\u00edtricos afilada, picante y ultrarrefrescante que proporciona una exhalaci\u00f3n limpia y energizante. <\/li>\n<li>Vaina D: Sand\u00eda Ar\u00e1ndanosUna exuberante delicia de huerto. La refrescante y jugosa sand\u00eda se une a los tonos dulces y terrosos de los ar\u00e1ndanos silvestres para un vapeo suave durante todo el d\u00eda. <\/li>\n<\/ul>\n<p><img decoding=\"async\" class=\"wp-image-28634 size-full\" src=\"https:\/\/shop.fizzyvape.com\/wp-content\/uploads\/2025\/12\/Fizzy-15-in-1-150K-Puffs-Rechargeable-Disposable-Vape-Flavors-List-scaled.jpg\" alt=\"Lista de Sabores de Vape Desechables Recargables Fizzy 15 en 1 150K Puffs\" width=\"1663\" height=\"2560\" srcset=\"https:\/\/shop.fizzyvape.com\/wp-content\/uploads\/2025\/12\/Fizzy-15-in-1-150K-Puffs-Rechargeable-Disposable-Vape-Flavors-List-scaled.jpg 1663w, https:\/\/shop.fizzyvape.com\/wp-content\/uploads\/2025\/12\/Fizzy-15-in-1-150K-Puffs-Rechargeable-Disposable-Vape-Flavors-List-195x300.jpg 195w, https:\/\/shop.fizzyvape.com\/wp-content\/uploads\/2025\/12\/Fizzy-15-in-1-150K-Puffs-Rechargeable-Disposable-Vape-Flavors-List-520x800.jpg 520w, https:\/\/shop.fizzyvape.com\/wp-content\/uploads\/2025\/12\/Fizzy-15-in-1-150K-Puffs-Rechargeable-Disposable-Vape-Flavors-List-768x1182.jpg 768w, https:\/\/shop.fizzyvape.com\/wp-content\/uploads\/2025\/12\/Fizzy-15-in-1-150K-Puffs-Rechargeable-Disposable-Vape-Flavors-List-998x1536.jpg 998w, https:\/\/shop.fizzyvape.com\/wp-content\/uploads\/2025\/12\/Fizzy-15-in-1-150K-Puffs-Rechargeable-Disposable-Vape-Flavors-List-1330x2048.jpg 1330w, https:\/\/shop.fizzyvape.com\/wp-content\/uploads\/2025\/12\/Fizzy-15-in-1-150K-Puffs-Rechargeable-Disposable-Vape-Flavors-List-430x662.jpg 430w, https:\/\/shop.fizzyvape.com\/wp-content\/uploads\/2025\/12\/Fizzy-15-in-1-150K-Puffs-Rechargeable-Disposable-Vape-Flavors-List-700x1078.jpg 700w, https:\/\/shop.fizzyvape.com\/wp-content\/uploads\/2025\/12\/Fizzy-15-in-1-150K-Puffs-Rechargeable-Disposable-Vape-Flavors-List-150x231.jpg 150w\" sizes=\"(max-width: 1663px) 100vw, 1663px\" \/><\/p>\n<h2><strong>Lista de Sabores de Vape Desechable<\/strong> Recargable Fizzy 15 en 1 150K Puffs <strong>:<\/strong><\/h2>\n<ol>\n<li><a href=\"\/product\/fizzy-150k-puffs\/watermelon-red-bull-ice-set\/\">Hielo de Sand\u00eda &amp; Red Bull &amp; Frambuesa Fresa &amp; Triple Hielo de Mel\u00f3n<\/a><\/li>\n<li><a href=\"\/product\/fizzy-150k-puffs\/strawberry-kiwi-guava-peach-set\/\">Fresa Helada y Kiwi Fruta de la Pasi\u00f3n Guayaba y Melocot\u00f3n Mango Sand\u00eda y Uva Burst<\/a><\/li>\n<li><a href=\"\/product\/fizzy-150k-puffs\/red-bull-kiwi-pomegranate-ice-set\/\">Red Bull &amp; Fresa Kiwi Granada &amp; Ar\u00e1ndano Hielo &amp; Pi\u00f1a Coco<\/a><\/li>\n<li><a href=\"\/product\/fizzy-150k-puffs\/strawberry-kiwi-watermelon-bubblegum-set\/\">Fresa Kiwi &amp; Frutas del bosque &amp; Sand\u00eda Chicle &amp; Melocot\u00f3n jugoso<\/a><\/li>\n<li><a href=\"\/product\/fizzy-150k-puffs\/blueberry-raspberry-set\/\">Helado de Frambuesa y Fresa y Limonada Blue Razz y Gomita de Sand\u00eda<\/a><\/li>\n<li><a href=\"\/product\/fizzy-150k-puffs\/strawberry-skittles-tropical-punch-set\/\">Ponche de frutas tropicales y sand\u00eda Frambuesa y ar\u00e1ndanos Coco y fresa Skittles<\/a><\/li>\n<li><a href=\"\/product\/fizzy-150k-puffs\/love-66-strawberry-kiwi-berry-lemonade-set\/\">Amor 66 y Fresa Kiwi y Sand\u00eda Ar\u00e1ndano y Frambuesa Limonada<\/a><\/li>\n<li><a href=\"\/product\/fizzy-150k-puffs\/mixed-berry-fizzy-cola-tropical-set\/\">Mezcla de bayas y pi\u00f1a Melocot\u00f3n Fruta de la pasi\u00f3n y Cola efervescente y Fresa Frambuesa<\/a><\/li>\n<li><a href=\"\/product\/fizzy-150k-puffs\/blue-razz-watermelon-cherry-passion-set\/\">Blue Razz Zarzamora y Sand\u00eda Cereza Helada y Fresa Uva y Fruta de la Pasi\u00f3n Naranja Melocot\u00f3n<\/a><\/li>\n<li><a href=\"\/product\/fizzy-150k-puffs\/fizzy-cherry-strawberry-dragon-fruit-set\/\">Cereza efervescente &amp; Fresa Fruta del drag\u00f3n &amp; Lim\u00f3n Lima &amp; Sand\u00eda Ar\u00e1ndano<\/a><\/li>\n<li><a href=\"\/product\/fizzy-150k-puffs\/strawberry-vanilla-coke-cherry-berry-set\/\">Coca-Cola de fresa y vainilla &amp; Frambuesa de ar\u00e1ndanos &amp; Hielo de sand\u00eda &amp; Cereza de bayas<\/a><\/li>\n<li><a href=\"\/product\/fizzy-150k-puffs\/mojito-strawberry-watermelon-kiwi-guava-set\/\">Blueberry Ice &amp; Fresa Sand\u00eda &amp; Mojito &amp; Kiwi Fruta de la Pasi\u00f3n Guayaba<\/a><\/li>\n<\/ol>\n<h2>\ud83d\udc8e \u00bfPor qu\u00e9 elegir la Edici\u00f3n Fizzy 150K Signature?<\/h2>\n<ol>\n<li>Longevidad inigualable de 150.000 caladasEl rey de los desechables de gran cantidad de caladas. Un dispositivo dura m\u00e1s que 15 vapeadores est\u00e1ndar, proporcionando la forma m\u00e1s sostenible y econ\u00f3mica de disfrutar de los sabores premium de Fizzy. <\/li>\n<li>Integridad del sabor (Tecnolog\u00eda Quad-Mesh)Equipado con cuatro bobinas independientes de malla de 1,0\u03a9. Tu &#8220;Lima Lim\u00f3n&#8221; se mantiene n\u00edtido y c\u00edtrico, sin enturbiar nunca el sabor de tu &#8220;Fruta del Drag\u00f3n Fresa&#8221;. <\/li>\n<li>Monitorizaci\u00f3n inteligente en tiempo realLa pantalla HD integrada realiza un seguimiento del % de bater\u00eda y de los niveles individuales de zumo de los Pods A, B, C y D. Siempre tendr\u00e1s el control de tu sesi\u00f3n de vapeo.<\/li>\n<li>Calidad oficial directa de f\u00e1bricaCompra en shop.fizzyvape.com para obtener un 100% de autenticidad, los \u00faltimos lotes de e-l\u00edquidos para obtener la m\u00e1xima potencia de sabor y un env\u00edo global seguro.<\/li>\n<\/ol>\n<h3>\u2753 Preguntas frecuentes (FAQ)<\/h3>\n<p>P: \u00bfEn qu\u00e9 se diferencia la &#8220;Cereza efervescente&#8221; de la cereza normal?<\/p>\n<p>R: Cereza efervescente es nuestra mezcla patentada que incluye un componente arom\u00e1tico &#8220;efervescente&#8221;, que imita la sensaci\u00f3n refrescante de un refresco de cereza en lugar de un sabor a fruta plano.<\/p>\n<p>P: \u00bfPuedo mezclar los cuatro sabores a la vez?<\/p>\n<p>R: \u00a1S\u00ed! Utilizando la palanca inteligente para activar todas las c\u00e1psulas, puedes experimentar un h\u00edbrido personalizado de los 4 sabores, con un total de 15 combinaciones \u00fanicas. <\/p>\n<p>P: \u00bfC\u00f3mo s\u00e9 cu\u00e1ndo est\u00e1 vac\u00eda una c\u00e1psula concreta?<\/p>\n<p>R: La pantalla HD tiene 4 iconos de zumo distintos. Cuando el icono de la c\u00e1psula A (cereza efervescente) llega a la parte inferior, sabes que esa c\u00e1psula espec\u00edfica de 20 ml se ha terminado. <\/p>\n","protected":false},"excerpt":{"rendered":"[html_block id=\"28835\"]\n","protected":false},"featured_media":28677,"comment_status":"open","ping_status":"closed","template":"","meta":[],"product_brand":[],"product_cat":[320],"product_tag":[],"class_list":{"0":"post-29203","1":"product","2":"type-product","3":"status-publish","4":"has-post-thumbnail","6":"product_cat-vaporizador-desechable-fizzy-de-150-000-caladas-15-en-1-recargable","8":"first","9":"outofstock","10":"shipping-taxable","11":"purchasable","12":"product-type-variable"},"yoast_head":"<!-- This site is optimized with the Yoast SEO Premium plugin v24.8 (Yoast SEO v27.4) - https:\/\/yoast.com\/product\/yoast-seo-premium-wordpress\/ -->\n<title>Comprar Fizzy 150K Puffs | Fizzy Cherry &amp; Strawberry Dragon Fruit Set<\/title>\n<meta name=\"description\" content=\"Experimenta la emblem\u00e1tica Cereza efervescente y la ex\u00f3tica Fruta del drag\u00f3n con fresa con Fizzy 150K Puffs. 150.000 caladas, conmutaci\u00f3n inteligente 15 en 1 y pantalla LED. Tienda oficial.\" \/>\n<meta name=\"robots\" content=\"index, follow, max-snippet:-1, max-image-preview:large, max-video-preview:-1\" \/>\n<link rel=\"canonical\" href=\"https:\/\/shop.fizzyvape.com\/es\/producto\/150k-puffs-cereza-efervescente-fresa-fruta-del-dragon-lima-limon-sandia-arandano\/\" \/>\n<meta property=\"og:locale\" content=\"es_ES\" \/>\n<meta property=\"og:type\" content=\"article\" \/>\n<meta property=\"og:title\" content=\"150K Puffs - Cereza efervescente &amp; Fresa Fruta del drag\u00f3n &amp; Lima lim\u00f3n &amp; Sand\u00eda Ar\u00e1ndano\" \/>\n<meta property=\"og:description\" content=\"Experimenta la emblem\u00e1tica Cereza efervescente y la ex\u00f3tica Fruta del drag\u00f3n con fresa con Fizzy 150K Puffs. 150.000 caladas, conmutaci\u00f3n inteligente 15 en 1 y pantalla LED. Tienda oficial.\" \/>\n<meta property=\"og:url\" content=\"https:\/\/shop.fizzyvape.com\/es\/producto\/150k-puffs-cereza-efervescente-fresa-fruta-del-dragon-lima-limon-sandia-arandano\/\" \/>\n<meta property=\"og:site_name\" content=\"shop.fizzyvape.com\" \/>\n<meta property=\"og:image\" content=\"https:\/\/shop.fizzyvape.com\/wp-content\/uploads\/2025\/12\/Fizzy-150K-Puffs-15-in-1-Smart-Multi-Flavor-Rechargeable-Disposable-Vape-10.jpg\" \/>\n\t<meta property=\"og:image:width\" content=\"800\" \/>\n\t<meta property=\"og:image:height\" content=\"800\" \/>\n\t<meta property=\"og:image:type\" content=\"image\/jpeg\" \/>\n<meta name=\"twitter:card\" content=\"summary_large_image\" \/>\n<meta name=\"twitter:label1\" content=\"Tiempo de lectura\" \/>\n\t<meta name=\"twitter:data1\" content=\"5 minutos\" \/>\n<script type=\"application\/ld+json\" class=\"yoast-schema-graph\">{\"@context\":\"https:\\\/\\\/schema.org\",\"@graph\":[{\"@type\":\"WebPage\",\"@id\":\"https:\\\/\\\/shop.fizzyvape.com\\\/es\\\/producto\\\/150k-puffs-cereza-efervescente-fresa-fruta-del-dragon-lima-limon-sandia-arandano\\\/\",\"url\":\"https:\\\/\\\/shop.fizzyvape.com\\\/es\\\/producto\\\/150k-puffs-cereza-efervescente-fresa-fruta-del-dragon-lima-limon-sandia-arandano\\\/\",\"name\":\"Comprar Fizzy 150K Puffs | Fizzy Cherry & Strawberry Dragon Fruit Set\",\"isPartOf\":{\"@id\":\"https:\\\/\\\/shop.fizzyvape.com\\\/es\\\/#website\"},\"primaryImageOfPage\":{\"@id\":\"https:\\\/\\\/shop.fizzyvape.com\\\/es\\\/producto\\\/150k-puffs-cereza-efervescente-fresa-fruta-del-dragon-lima-limon-sandia-arandano\\\/#primaryimage\"},\"image\":{\"@id\":\"https:\\\/\\\/shop.fizzyvape.com\\\/es\\\/producto\\\/150k-puffs-cereza-efervescente-fresa-fruta-del-dragon-lima-limon-sandia-arandano\\\/#primaryimage\"},\"thumbnailUrl\":\"https:\\\/\\\/shop.fizzyvape.com\\\/wp-content\\\/uploads\\\/2025\\\/12\\\/Fizzy-150K-Puffs-15-in-1-Smart-Multi-Flavor-Rechargeable-Disposable-Vape-10.jpg\",\"datePublished\":\"2026-01-12T09:50:05+00:00\",\"description\":\"Experimenta la emblem\u00e1tica Cereza efervescente y la ex\u00f3tica Fruta del drag\u00f3n con fresa con Fizzy 150K Puffs. 150.000 caladas, conmutaci\u00f3n inteligente 15 en 1 y pantalla LED. Tienda oficial.\",\"breadcrumb\":{\"@id\":\"https:\\\/\\\/shop.fizzyvape.com\\\/es\\\/producto\\\/150k-puffs-cereza-efervescente-fresa-fruta-del-dragon-lima-limon-sandia-arandano\\\/#breadcrumb\"},\"inLanguage\":\"es\",\"potentialAction\":[{\"@type\":\"ReadAction\",\"target\":[\"https:\\\/\\\/shop.fizzyvape.com\\\/es\\\/producto\\\/150k-puffs-cereza-efervescente-fresa-fruta-del-dragon-lima-limon-sandia-arandano\\\/\"]}]},{\"@type\":\"ImageObject\",\"inLanguage\":\"es\",\"@id\":\"https:\\\/\\\/shop.fizzyvape.com\\\/es\\\/producto\\\/150k-puffs-cereza-efervescente-fresa-fruta-del-dragon-lima-limon-sandia-arandano\\\/#primaryimage\",\"url\":\"https:\\\/\\\/shop.fizzyvape.com\\\/wp-content\\\/uploads\\\/2025\\\/12\\\/Fizzy-150K-Puffs-15-in-1-Smart-Multi-Flavor-Rechargeable-Disposable-Vape-10.jpg\",\"contentUrl\":\"https:\\\/\\\/shop.fizzyvape.com\\\/wp-content\\\/uploads\\\/2025\\\/12\\\/Fizzy-150K-Puffs-15-in-1-Smart-Multi-Flavor-Rechargeable-Disposable-Vape-10.jpg\",\"width\":800,\"height\":800,\"caption\":\"Fizzy 150K Puffs - Vapeador Desechable Recargable Multisabor Inteligente 15 en 1 10\"},{\"@type\":\"BreadcrumbList\",\"@id\":\"https:\\\/\\\/shop.fizzyvape.com\\\/es\\\/producto\\\/150k-puffs-cereza-efervescente-fresa-fruta-del-dragon-lima-limon-sandia-arandano\\\/#breadcrumb\",\"itemListElement\":[{\"@type\":\"ListItem\",\"position\":1,\"name\":\"\u9996\u9875\",\"item\":\"https:\\\/\\\/shop.fizzyvape.com\\\/es\\\/\"},{\"@type\":\"ListItem\",\"position\":2,\"name\":\"Shop\",\"item\":\"https:\\\/\\\/shop.fizzyvape.com\\\/shop\\\/\"},{\"@type\":\"ListItem\",\"position\":3,\"name\":\"150K Puffs &#8211; Cereza efervescente &amp; Fresa Fruta del drag\u00f3n &amp; Lima lim\u00f3n &amp; Sand\u00eda Ar\u00e1ndano\"}]},{\"@type\":\"WebSite\",\"@id\":\"https:\\\/\\\/shop.fizzyvape.com\\\/es\\\/#website\",\"url\":\"https:\\\/\\\/shop.fizzyvape.com\\\/es\\\/\",\"name\":\"shop.fizzyvape.com\",\"description\":\"The Best Disposable Vape In Europe | 10000 - 60000 Puffs  | Free Shipping\",\"potentialAction\":[{\"@type\":\"SearchAction\",\"target\":{\"@type\":\"EntryPoint\",\"urlTemplate\":\"https:\\\/\\\/shop.fizzyvape.com\\\/es\\\/?s={search_term_string}\"},\"query-input\":{\"@type\":\"PropertyValueSpecification\",\"valueRequired\":true,\"valueName\":\"search_term_string\"}}],\"inLanguage\":\"es\"}]}<\/script>\n<!-- \/ Yoast SEO Premium plugin. -->","yoast_head_json":{"title":"Comprar Fizzy 150K Puffs | Fizzy Cherry & Strawberry Dragon Fruit Set","description":"Experimenta la emblem\u00e1tica Cereza efervescente y la ex\u00f3tica Fruta del drag\u00f3n con fresa con Fizzy 150K Puffs. 150.000 caladas, conmutaci\u00f3n inteligente 15 en 1 y pantalla LED. Tienda oficial.","robots":{"index":"index","follow":"follow","max-snippet":"max-snippet:-1","max-image-preview":"max-image-preview:large","max-video-preview":"max-video-preview:-1"},"canonical":"https:\/\/shop.fizzyvape.com\/es\/producto\/150k-puffs-cereza-efervescente-fresa-fruta-del-dragon-lima-limon-sandia-arandano\/","og_locale":"es_ES","og_type":"article","og_title":"150K Puffs - Cereza efervescente &amp; Fresa Fruta del drag\u00f3n &amp; Lima lim\u00f3n &amp; Sand\u00eda Ar\u00e1ndano","og_description":"Experimenta la emblem\u00e1tica Cereza efervescente y la ex\u00f3tica Fruta del drag\u00f3n con fresa con Fizzy 150K Puffs. 150.000 caladas, conmutaci\u00f3n inteligente 15 en 1 y pantalla LED. Tienda oficial.","og_url":"https:\/\/shop.fizzyvape.com\/es\/producto\/150k-puffs-cereza-efervescente-fresa-fruta-del-dragon-lima-limon-sandia-arandano\/","og_site_name":"shop.fizzyvape.com","og_image":[{"width":800,"height":800,"url":"https:\/\/shop.fizzyvape.com\/wp-content\/uploads\/2025\/12\/Fizzy-150K-Puffs-15-in-1-Smart-Multi-Flavor-Rechargeable-Disposable-Vape-10.jpg","type":"image\/jpeg"}],"twitter_card":"summary_large_image","twitter_misc":{"Tiempo de lectura":"5 minutos"},"schema":{"@context":"https:\/\/schema.org","@graph":[{"@type":"WebPage","@id":"https:\/\/shop.fizzyvape.com\/es\/producto\/150k-puffs-cereza-efervescente-fresa-fruta-del-dragon-lima-limon-sandia-arandano\/","url":"https:\/\/shop.fizzyvape.com\/es\/producto\/150k-puffs-cereza-efervescente-fresa-fruta-del-dragon-lima-limon-sandia-arandano\/","name":"Comprar Fizzy 150K Puffs | Fizzy Cherry & Strawberry Dragon Fruit Set","isPartOf":{"@id":"https:\/\/shop.fizzyvape.com\/es\/#website"},"primaryImageOfPage":{"@id":"https:\/\/shop.fizzyvape.com\/es\/producto\/150k-puffs-cereza-efervescente-fresa-fruta-del-dragon-lima-limon-sandia-arandano\/#primaryimage"},"image":{"@id":"https:\/\/shop.fizzyvape.com\/es\/producto\/150k-puffs-cereza-efervescente-fresa-fruta-del-dragon-lima-limon-sandia-arandano\/#primaryimage"},"thumbnailUrl":"https:\/\/shop.fizzyvape.com\/wp-content\/uploads\/2025\/12\/Fizzy-150K-Puffs-15-in-1-Smart-Multi-Flavor-Rechargeable-Disposable-Vape-10.jpg","datePublished":"2026-01-12T09:50:05+00:00","description":"Experimenta la emblem\u00e1tica Cereza efervescente y la ex\u00f3tica Fruta del drag\u00f3n con fresa con Fizzy 150K Puffs. 150.000 caladas, conmutaci\u00f3n inteligente 15 en 1 y pantalla LED. Tienda oficial.","breadcrumb":{"@id":"https:\/\/shop.fizzyvape.com\/es\/producto\/150k-puffs-cereza-efervescente-fresa-fruta-del-dragon-lima-limon-sandia-arandano\/#breadcrumb"},"inLanguage":"es","potentialAction":[{"@type":"ReadAction","target":["https:\/\/shop.fizzyvape.com\/es\/producto\/150k-puffs-cereza-efervescente-fresa-fruta-del-dragon-lima-limon-sandia-arandano\/"]}]},{"@type":"ImageObject","inLanguage":"es","@id":"https:\/\/shop.fizzyvape.com\/es\/producto\/150k-puffs-cereza-efervescente-fresa-fruta-del-dragon-lima-limon-sandia-arandano\/#primaryimage","url":"https:\/\/shop.fizzyvape.com\/wp-content\/uploads\/2025\/12\/Fizzy-150K-Puffs-15-in-1-Smart-Multi-Flavor-Rechargeable-Disposable-Vape-10.jpg","contentUrl":"https:\/\/shop.fizzyvape.com\/wp-content\/uploads\/2025\/12\/Fizzy-150K-Puffs-15-in-1-Smart-Multi-Flavor-Rechargeable-Disposable-Vape-10.jpg","width":800,"height":800,"caption":"Fizzy 150K Puffs - Vapeador Desechable Recargable Multisabor Inteligente 15 en 1 10"},{"@type":"BreadcrumbList","@id":"https:\/\/shop.fizzyvape.com\/es\/producto\/150k-puffs-cereza-efervescente-fresa-fruta-del-dragon-lima-limon-sandia-arandano\/#breadcrumb","itemListElement":[{"@type":"ListItem","position":1,"name":"\u9996\u9875","item":"https:\/\/shop.fizzyvape.com\/es\/"},{"@type":"ListItem","position":2,"name":"Shop","item":"https:\/\/shop.fizzyvape.com\/shop\/"},{"@type":"ListItem","position":3,"name":"150K Puffs &#8211; Cereza efervescente &amp; Fresa Fruta del drag\u00f3n &amp; Lima lim\u00f3n &amp; Sand\u00eda Ar\u00e1ndano"}]},{"@type":"WebSite","@id":"https:\/\/shop.fizzyvape.com\/es\/#website","url":"https:\/\/shop.fizzyvape.com\/es\/","name":"shop.fizzyvape.com","description":"The Best Disposable Vape In Europe | 10000 - 60000 Puffs  | Free Shipping","potentialAction":[{"@type":"SearchAction","target":{"@type":"EntryPoint","urlTemplate":"https:\/\/shop.fizzyvape.com\/es\/?s={search_term_string}"},"query-input":{"@type":"PropertyValueSpecification","valueRequired":true,"valueName":"search_term_string"}}],"inLanguage":"es"}]}},"tiered_pricing_type":"fixed","tiered_pricing_fixed_rules":[],"tiered_pricing_product_settings":{"layout":"default","base_unit_name":{"singular":null,"plural":null},"default_variation":null},"tiered_pricing_minimum_quantity":null,"tiered_pricing_roles_data":[],"tiered_pricing_percentage_rules":[],"tiered_pricing_maximum_quantity":null,"tiered_pricing_quantity_step":null,"_links":{"self":[{"href":"https:\/\/shop.fizzyvape.com\/es\/wp-json\/wp\/v2\/product\/29203","targetHints":{"allow":["GET"]}}],"collection":[{"href":"https:\/\/shop.fizzyvape.com\/es\/wp-json\/wp\/v2\/product"}],"about":[{"href":"https:\/\/shop.fizzyvape.com\/es\/wp-json\/wp\/v2\/types\/product"}],"replies":[{"embeddable":true,"href":"https:\/\/shop.fizzyvape.com\/es\/wp-json\/wp\/v2\/comments?post=29203"}],"version-history":[{"count":0,"href":"https:\/\/shop.fizzyvape.com\/es\/wp-json\/wp\/v2\/product\/29203\/revisions"}],"wp:featuredmedia":[{"embeddable":true,"href":"https:\/\/shop.fizzyvape.com\/es\/wp-json\/wp\/v2\/media\/28677"}],"wp:attachment":[{"href":"https:\/\/shop.fizzyvape.com\/es\/wp-json\/wp\/v2\/media?parent=29203"}],"wp:term":[{"taxonomy":"product_brand","embeddable":true,"href":"https:\/\/shop.fizzyvape.com\/es\/wp-json\/wp\/v2\/product_brand?post=29203"},{"taxonomy":"product_cat","embeddable":true,"href":"https:\/\/shop.fizzyvape.com\/es\/wp-json\/wp\/v2\/product_cat?post=29203"},{"taxonomy":"product_tag","embeddable":true,"href":"https:\/\/shop.fizzyvape.com\/es\/wp-json\/wp\/v2\/product_tag?post=29203"}],"curies":[{"name":"wp","href":"https:\/\/api.w.org\/{rel}","templated":true}]}}