{"id":19234,"date":"2025-05-21T09:11:19","date_gmt":"2025-05-21T09:11:19","guid":{"rendered":"https:\/\/shop.fizzyvape.com\/megrendelesek-nyomon-kovetese\/"},"modified":"2025-07-10T08:03:36","modified_gmt":"2025-07-10T08:03:36","slug":"megrendelesek-nyomon-kovetese","status":"publish","type":"page","link":"https:\/\/shop.fizzyvape.com\/hu\/megrendelesek-nyomon-kovetese\/","title":{"rendered":"Megrendel\u00e9sek nyomon k\u00f6vet\u00e9se"},"content":{"rendered":"\t\t<div data-elementor-type=\"wp-page\" data-elementor-id=\"19234\" class=\"elementor elementor-19234 elementor-15986\">\n\t\t\t\t<div class=\"wd-negative-gap elementor-element elementor-element-9acd215 e-flex e-con-boxed e-con e-parent\" data-id=\"9acd215\" data-element_type=\"container\" data-e-type=\"container\">\n\t\t\t\t\t<div class=\"e-con-inner\">\n\t\t\t\t<div class=\"elementor-element elementor-element-ae38bc2 elementor-widget elementor-widget-shortcode\" data-id=\"ae38bc2\" data-element_type=\"widget\" data-e-type=\"widget\" data-widget_type=\"shortcode.default\">\n\t\t\t\t<div class=\"elementor-widget-container\">\n\t\t\t\t\t\t\t<div class=\"elementor-shortcode\">\n<div class=\"yith-ywot-check-tracking-info-form-container\">\n\t<div class=\"ywot-check-tracking-info-form\">\n\t\t<form method=\"post\" name=\"form-check-tracking-info\">\n\t\t\t<div class=\"ywot-check-tracking-info-form-email\">\n\t\t\t\t<label for=\"ywot-check-email\">Enter your email: <\/label>\n\t\t\t\t<input type=\"email\" name=\"ywot-check-email\" id=\"ywot-check-email\">\n\t\t\t<\/div>\n\t\t\t<div class=\"ywot-check-tracking-info-form-order-id\">\n\t\t\t\t<label for=\"ywot-check-order-id\">Enter your order ID: <\/label>\n\t\t\t\t<input type=\"text\" name=\"ywot-check-order-id\" id=\"ywot-check-order-id\">\n\t\t\t<\/div>\n\t\t\t<button class=\"button\" type=\"submit\">Track order<\/button>\n\t\t<\/form>\n\t<\/div>\n<\/div>\n\n<\/div>\n\t\t\t\t\t\t<\/div>\n\t\t\t\t<\/div>\n\t\t\t\t\t<\/div>\n\t\t\t\t<\/div>\n\t\t\t\t<\/div>\n\t\t","protected":false},"excerpt":{"rendered":"","protected":false},"author":4,"featured_media":0,"parent":0,"menu_order":0,"comment_status":"closed","ping_status":"closed","template":"elementor_header_footer","meta":{"footnotes":""},"class_list":["post-19234","page","type-page","status-publish","hentry"],"yoast_head":"<!-- This site is optimized with the Yoast SEO Premium plugin v24.8 (Yoast SEO v27.4) - https:\/\/yoast.com\/product\/yoast-seo-premium-wordpress\/ -->\n<title>Megrendel\u00e9sek nyomon k\u00f6vet\u00e9se - shop.fizzyvape.com<\/title>\n<meta name=\"robots\" content=\"index, follow, max-snippet:-1, max-image-preview:large, max-video-preview:-1\" \/>\n<link rel=\"canonical\" href=\"https:\/\/shop.fizzyvape.com\/hu\/megrendelesek-nyomon-kovetese\/\" \/>\n<meta property=\"og:locale\" content=\"hu_HU\" \/>\n<meta property=\"og:type\" content=\"article\" \/>\n<meta property=\"og:title\" content=\"Megrendel\u00e9sek nyomon k\u00f6vet\u00e9se\" \/>\n<meta property=\"og:url\" content=\"https:\/\/shop.fizzyvape.com\/hu\/megrendelesek-nyomon-kovetese\/\" \/>\n<meta property=\"og:site_name\" content=\"shop.fizzyvape.com\" \/>\n<meta property=\"article:modified_time\" content=\"2025-07-10T08:03:36+00:00\" \/>\n<meta name=\"twitter:card\" content=\"summary_large_image\" \/>\n<script type=\"application\/ld+json\" class=\"yoast-schema-graph\">{\"@context\":\"https:\\\/\\\/schema.org\",\"@graph\":[{\"@type\":\"WebPage\",\"@id\":\"https:\\\/\\\/shop.fizzyvape.com\\\/hu\\\/megrendelesek-nyomon-kovetese\\\/\",\"url\":\"https:\\\/\\\/shop.fizzyvape.com\\\/hu\\\/megrendelesek-nyomon-kovetese\\\/\",\"name\":\"Megrendel\u00e9sek nyomon k\u00f6vet\u00e9se - shop.fizzyvape.com\",\"isPartOf\":{\"@id\":\"https:\\\/\\\/shop.fizzyvape.com\\\/hu\\\/#website\"},\"datePublished\":\"2025-05-21T09:11:19+00:00\",\"dateModified\":\"2025-07-10T08:03:36+00:00\",\"breadcrumb\":{\"@id\":\"https:\\\/\\\/shop.fizzyvape.com\\\/hu\\\/megrendelesek-nyomon-kovetese\\\/#breadcrumb\"},\"inLanguage\":\"hu\",\"potentialAction\":[{\"@type\":\"ReadAction\",\"target\":[\"https:\\\/\\\/shop.fizzyvape.com\\\/hu\\\/megrendelesek-nyomon-kovetese\\\/\"]}]},{\"@type\":\"BreadcrumbList\",\"@id\":\"https:\\\/\\\/shop.fizzyvape.com\\\/hu\\\/megrendelesek-nyomon-kovetese\\\/#breadcrumb\",\"itemListElement\":[{\"@type\":\"ListItem\",\"position\":1,\"name\":\"\u9996\u9875\",\"item\":\"https:\\\/\\\/shop.fizzyvape.com\\\/hu\\\/\"},{\"@type\":\"ListItem\",\"position\":2,\"name\":\"Megrendel\u00e9sek nyomon k\u00f6vet\u00e9se\"}]},{\"@type\":\"WebSite\",\"@id\":\"https:\\\/\\\/shop.fizzyvape.com\\\/hu\\\/#website\",\"url\":\"https:\\\/\\\/shop.fizzyvape.com\\\/hu\\\/\",\"name\":\"shop.fizzyvape.com\",\"description\":\"The Best Disposable Vape In Europe | 10000 - 60000 Puffs  | Free Shipping\",\"potentialAction\":[{\"@type\":\"SearchAction\",\"target\":{\"@type\":\"EntryPoint\",\"urlTemplate\":\"https:\\\/\\\/shop.fizzyvape.com\\\/hu\\\/?s={search_term_string}\"},\"query-input\":{\"@type\":\"PropertyValueSpecification\",\"valueRequired\":true,\"valueName\":\"search_term_string\"}}],\"inLanguage\":\"hu\"}]}<\/script>\n<!-- \/ Yoast SEO Premium plugin. -->","yoast_head_json":{"title":"Megrendel\u00e9sek nyomon k\u00f6vet\u00e9se - shop.fizzyvape.com","robots":{"index":"index","follow":"follow","max-snippet":"max-snippet:-1","max-image-preview":"max-image-preview:large","max-video-preview":"max-video-preview:-1"},"canonical":"https:\/\/shop.fizzyvape.com\/hu\/megrendelesek-nyomon-kovetese\/","og_locale":"hu_HU","og_type":"article","og_title":"Megrendel\u00e9sek nyomon k\u00f6vet\u00e9se","og_url":"https:\/\/shop.fizzyvape.com\/hu\/megrendelesek-nyomon-kovetese\/","og_site_name":"shop.fizzyvape.com","article_modified_time":"2025-07-10T08:03:36+00:00","twitter_card":"summary_large_image","schema":{"@context":"https:\/\/schema.org","@graph":[{"@type":"WebPage","@id":"https:\/\/shop.fizzyvape.com\/hu\/megrendelesek-nyomon-kovetese\/","url":"https:\/\/shop.fizzyvape.com\/hu\/megrendelesek-nyomon-kovetese\/","name":"Megrendel\u00e9sek nyomon k\u00f6vet\u00e9se - shop.fizzyvape.com","isPartOf":{"@id":"https:\/\/shop.fizzyvape.com\/hu\/#website"},"datePublished":"2025-05-21T09:11:19+00:00","dateModified":"2025-07-10T08:03:36+00:00","breadcrumb":{"@id":"https:\/\/shop.fizzyvape.com\/hu\/megrendelesek-nyomon-kovetese\/#breadcrumb"},"inLanguage":"hu","potentialAction":[{"@type":"ReadAction","target":["https:\/\/shop.fizzyvape.com\/hu\/megrendelesek-nyomon-kovetese\/"]}]},{"@type":"BreadcrumbList","@id":"https:\/\/shop.fizzyvape.com\/hu\/megrendelesek-nyomon-kovetese\/#breadcrumb","itemListElement":[{"@type":"ListItem","position":1,"name":"\u9996\u9875","item":"https:\/\/shop.fizzyvape.com\/hu\/"},{"@type":"ListItem","position":2,"name":"Megrendel\u00e9sek nyomon k\u00f6vet\u00e9se"}]},{"@type":"WebSite","@id":"https:\/\/shop.fizzyvape.com\/hu\/#website","url":"https:\/\/shop.fizzyvape.com\/hu\/","name":"shop.fizzyvape.com","description":"The Best Disposable Vape In Europe | 10000 - 60000 Puffs  | Free Shipping","potentialAction":[{"@type":"SearchAction","target":{"@type":"EntryPoint","urlTemplate":"https:\/\/shop.fizzyvape.com\/hu\/?s={search_term_string}"},"query-input":{"@type":"PropertyValueSpecification","valueRequired":true,"valueName":"search_term_string"}}],"inLanguage":"hu"}]}},"_links":{"self":[{"href":"https:\/\/shop.fizzyvape.com\/hu\/wp-json\/wp\/v2\/pages\/19234","targetHints":{"allow":["GET"]}}],"collection":[{"href":"https:\/\/shop.fizzyvape.com\/hu\/wp-json\/wp\/v2\/pages"}],"about":[{"href":"https:\/\/shop.fizzyvape.com\/hu\/wp-json\/wp\/v2\/types\/page"}],"author":[{"embeddable":true,"href":"https:\/\/shop.fizzyvape.com\/hu\/wp-json\/wp\/v2\/users\/4"}],"replies":[{"embeddable":true,"href":"https:\/\/shop.fizzyvape.com\/hu\/wp-json\/wp\/v2\/comments?post=19234"}],"version-history":[{"count":0,"href":"https:\/\/shop.fizzyvape.com\/hu\/wp-json\/wp\/v2\/pages\/19234\/revisions"}],"wp:attachment":[{"href":"https:\/\/shop.fizzyvape.com\/hu\/wp-json\/wp\/v2\/media?parent=19234"}],"curies":[{"name":"wp","href":"https:\/\/api.w.org\/{rel}","templated":true}]}}