{"id":19262,"date":"2021-10-12T16:27:24","date_gmt":"2021-10-12T16:27:24","guid":{"rendered":"https:\/\/shop.fizzyvape.com\/kapcsolatfelvetel\/"},"modified":"2025-07-25T06:39:46","modified_gmt":"2025-07-25T06:39:46","slug":"kapcsolatfelvetel","status":"publish","type":"page","link":"https:\/\/shop.fizzyvape.com\/hu\/kapcsolatfelvetel\/","title":{"rendered":"Kapcsolatfelv\u00e9tel"},"content":{"rendered":"\t\t<div data-elementor-type=\"wp-page\" data-elementor-id=\"19262\" class=\"elementor elementor-19262 elementor-4439\">\n\t\t\t\t<div class=\"wd-negative-gap elementor-element elementor-element-cb322d0 e-flex e-con-boxed e-con e-parent\" data-id=\"cb322d0\" data-element_type=\"container\" data-e-type=\"container\">\n\t\t\t\t\t<div class=\"e-con-inner\">\n\t\t<div class=\"elementor-element elementor-element-1f0abe4 e-con-full e-flex e-con e-child\" data-id=\"1f0abe4\" data-element_type=\"container\" data-e-type=\"container\">\n\t\t\t\t<div class=\"elementor-element elementor-element-071523a wd-width-100 elementor-widget elementor-widget-wd_title\" data-id=\"071523a\" data-element_type=\"widget\" data-e-type=\"widget\" data-widget_type=\"wd_title.default\">\n\t\t\t\t<div class=\"elementor-widget-container\">\n\t\t\t\t\t\t\t<div class=\"title-wrapper wd-set-mb reset-last-child wd-title-color-default wd-title-style-default wd-title-size-default text-left\">\n\n\t\t\t\n\t\t\t<div class=\"liner-continer\">\n\t\t\t\t<h4 class=\"woodmart-title-container title wd-fontsize-l\">GYAKRAN ISM\u00c9TELT K\u00c9RD\u00c9SEK<\/h4> \n\t\t\t\t\t\t\t<\/div>\n\n\t\t\t\t\t<\/div>\n\t\t\t\t\t\t<\/div>\n\t\t\t\t<\/div>\n\t\t\t\t<div class=\"elementor-element elementor-element-2a7c1c6 elementor-widget elementor-widget-wd_accordion\" data-id=\"2a7c1c6\" data-element_type=\"widget\" data-e-type=\"widget\" data-widget_type=\"wd_accordion.default\">\n\t\t\t\t<div class=\"elementor-widget-container\">\n\t\t\t\t\t\n\t\t<div class=\"wd-accordion wd-style-default wd-titles-left wd-opener-pos-right wd-opener-style-arrow\" data-state=\"first\">\n\t\t\t\t\t\t\t\n\t\t\t\t<div class=\"wd-accordion-item\">\n\t\t\t\t\t<div class=\"wd-accordion-title wd-role-btn wd-active\" data-accordion-index=\"0\" tabindex=\"0\">\n\t\t\t\t\t\t<div class=\"wd-accordion-title-text\">\n\t\t\t\t\t\t\t\t\t\t\t\t\t\t<span>\n\t\t\t\t\t\t\t\tA Fizzy Vapes hiteles a boltj\u00e1ban?\t\t\t\t\t\t\t<\/span>\n\t\t\t\t\t\t<\/div>\n\t\t\t\t\t\t<span class=\"wd-accordion-opener\"><\/span>\n\t\t\t\t\t<\/div>\n\n\t\t\t\t\t<div class=\"wd-accordion-content wd-entry-content wd-active\" data-accordion-index=\"0\">\n\t\t\t\t\t\t\t\t\t\t\t\t\t\n\t\t\t\t\t\t\t<p><span class=\"_fadeIn_m1hgl_8\">Igen,  <\/span><span class=\"_fadeIn_m1hgl_8\">mi  <\/span><span class=\"_fadeIn_m1hgl_8\">csak  <\/span><span class=\"_fadeIn_m1hgl_8\">eladni  <\/span><span class=\"_fadeIn_m1hgl_8\">100%  <\/span><span class=\"_fadeIn_m1hgl_8\">hiteles  <\/span><span class=\"_fadeIn_m1hgl_8\">Fizzy  <\/span><span class=\"_fadeIn_m1hgl_8\">Vape  <\/span><span class=\"_fadeIn_m1hgl_8\">term\u00e9kek  <\/span><span class=\"_fadeIn_m1hgl_8\">forr\u00e1s:  <\/span><span class=\"_fadeIn_m1hgl_8\">k\u00f6zvetlen\u00fcl  <\/span><span class=\"_fadeIn_m1hgl_8\">a  c\u00edmr\u0151l  <\/span><span class=\"_fadeIn_m1hgl_8\">a  <\/span><span class=\"_fadeIn_m1hgl_8\">gy\u00e1rt\u00f3  <\/span><span class=\"_fadeIn_m1hgl_8\">vagy  <\/span><span class=\"_fadeIn_m1hgl_8\">enged\u00e9lyezett  <\/span><span class=\"_fadeIn_m1hgl_8\">forgalmaz\u00f3k.<\/span><\/p>\n\t\t\t\t\t\t\t\t\t\t\t\t\t\t\t\t\t\t<\/div>\n\t\t\t\t<\/div>\n\t\t\t\t\t\t\t\n\t\t\t\t<div class=\"wd-accordion-item\">\n\t\t\t\t\t<div class=\"wd-accordion-title wd-role-btn\" data-accordion-index=\"1\" tabindex=\"0\">\n\t\t\t\t\t\t<div class=\"wd-accordion-title-text\">\n\t\t\t\t\t\t\t\t\t\t\t\t\t\t<span>\n\t\t\t\t\t\t\t\tSz\u00e1ll\u00edtanak Eur\u00f3p\u00e1n kereszt\u00fcl?\t\t\t\t\t\t\t<\/span>\n\t\t\t\t\t\t<\/div>\n\t\t\t\t\t\t<span class=\"wd-accordion-opener\"><\/span>\n\t\t\t\t\t<\/div>\n\n\t\t\t\t\t<div class=\"wd-accordion-content wd-entry-content\" data-accordion-index=\"1\">\n\t\t\t\t\t\t\t\t\t\t\t\t\t\n\t\t\t\t\t\t\t<p><span class=\"_fadeIn_m1hgl_8\">Abszol\u00fat.  <\/span><span class=\"_fadeIn_m1hgl_8\">Mi  <\/span><span class=\"_fadeIn_m1hgl_8\">aj\u00e1nlat  <\/span><span class=\"_fadeIn_m1hgl_8\">gyors  <\/span><span class=\"_fadeIn_m1hgl_8\">\u00e9s  <\/span><span class=\"_fadeIn_m1hgl_8\">megb\u00edzhat\u00f3  <\/span><span class=\"_fadeIn_m1hgl_8\">sz\u00e1ll\u00edt\u00e1s  <\/span><span class=\"_fadeIn_m1hgl_8\">a  oldalon kereszt\u00fcl  <\/span><span class=\"_fadeIn_m1hgl_8\">a legt\u00f6bb  <\/span><span class=\"_fadeIn_m1hgl_8\">Eur\u00f3pai  <\/span><span class=\"_fadeIn_m1hgl_8\">orsz\u00e1gok.  <\/span><span class=\"_fadeIn_m1hgl_8\">Sz\u00e1ll\u00edt\u00e1s  <\/span><span class=\"_fadeIn_m1hgl_8\">times  <\/span><span class=\"_fadeIn_m1hgl_8\">v\u00e1ltozik  <\/span><span class=\"_fadeIn_m1hgl_8\">a  <\/span><span class=\"_fadeIn_m1hgl_8\">helysz\u00edn,  <\/span><span class=\"_fadeIn_m1hgl_8\">jellemz\u0151en  <\/span><span class=\"_fadeIn_m1hgl_8\">3-<\/span><span class=\"_fadeIn_m1hgl_8\">7  <\/span><span class=\"_fadeIn_m1hgl_8\">\u00fczleti  <\/span><span class=\"_fadeIn_m1hgl_8\">napok.<\/span><\/p>\n\t\t\t\t\t\t\t\t\t\t\t\t\t\t\t\t\t\t<\/div>\n\t\t\t\t<\/div>\n\t\t\t\t\t\t\t\n\t\t\t\t<div class=\"wd-accordion-item\">\n\t\t\t\t\t<div class=\"wd-accordion-title wd-role-btn\" data-accordion-index=\"2\" tabindex=\"0\">\n\t\t\t\t\t\t<div class=\"wd-accordion-title-text\">\n\t\t\t\t\t\t\t\t\t\t\t\t\t\t<span>\n\t\t\t\t\t\t\t\tMelyik Fizzy Vape modelleket \u00e1rulja?\t\t\t\t\t\t\t<\/span>\n\t\t\t\t\t\t<\/div>\n\t\t\t\t\t\t<span class=\"wd-accordion-opener\"><\/span>\n\t\t\t\t\t<\/div>\n\n\t\t\t\t\t<div class=\"wd-accordion-content wd-entry-content\" data-accordion-index=\"2\">\n\t\t\t\t\t\t\t\t\t\t\t\t\t\n\t\t\t\t\t\t\t<p><span class=\"_fadeIn_m1hgl_8\">Mi  <\/span><span class=\"_fadeIn_m1hgl_8\">aj\u00e1nlat  <\/span><span class=\"_fadeIn_m1hgl_8\">a  <\/span><span class=\"_fadeIn_m1hgl_8\">sz\u00e9les  <\/span><span class=\"_fadeIn_m1hgl_8\">tartom\u00e1ny  <\/span><span class=\"_fadeIn_m1hgl_8\">a  <\/span><span class=\"_fadeIn_m1hgl_8\">Fizzy  <\/span><span class=\"_fadeIn_m1hgl_8\">Vapes,  <\/span><span class=\"_fadeIn_m1hgl_8\">bele\u00e9rtve a  honlapot is.  <\/span><span class=\"_fadeIn_m1hgl_8\">magas  <\/span><span class=\"_fadeIn_m1hgl_8\">puff  <\/span><span class=\"_fadeIn_m1hgl_8\">modellek  <\/span><span class=\"_fadeIn_m1hgl_8\">mint a  <\/span><span class=\"_fadeIn_m1hgl_8\">50,000  <\/span><span class=\"_fadeIn_m1hgl_8\">puffok  <\/span><span class=\"_fadeIn_m1hgl_8\">\u00e9s  <\/span><span class=\"_fadeIn_m1hgl_8\">40,000  <\/span><span class=\"_fadeIn_m1hgl_8\">puff,  <\/span><span class=\"_fadeIn_m1hgl_8\">mint  <\/span><span class=\"_fadeIn_m1hgl_8\">nos  <\/span><span class=\"_fadeIn_m1hgl_8\">mint  <\/span><span class=\"_fadeIn_m1hgl_8\">meglepet\u00e9s  <\/span><span class=\"_fadeIn_m1hgl_8\">\u00edz  <\/span><span class=\"_fadeIn_m1hgl_8\">k\u00f6tegek.<\/span><\/p>\n\t\t\t\t\t\t\t\t\t\t\t\t\t\t\t\t\t\t<\/div>\n\t\t\t\t<\/div>\n\t\t\t\t\t\t\t\n\t\t\t\t<div class=\"wd-accordion-item\">\n\t\t\t\t\t<div class=\"wd-accordion-title wd-role-btn\" data-accordion-index=\"3\" tabindex=\"0\">\n\t\t\t\t\t\t<div class=\"wd-accordion-title-text\">\n\t\t\t\t\t\t\t\t\t\t\t\t\t\t<span>\n\t\t\t\t\t\t\t\tBiztons\u00e1gos a fizet\u00e9s az \u00d6n webhely\u00e9n?\t\t\t\t\t\t\t<\/span>\n\t\t\t\t\t\t<\/div>\n\t\t\t\t\t\t<span class=\"wd-accordion-opener\"><\/span>\n\t\t\t\t\t<\/div>\n\n\t\t\t\t\t<div class=\"wd-accordion-content wd-entry-content\" data-accordion-index=\"3\">\n\t\t\t\t\t\t\t\t\t\t\t\t\t\n\t\t\t\t\t\t\t<p><span class=\"_fadeIn_m1hgl_8\">Igen.  <\/span><span class=\"_fadeIn_m1hgl_8\">A  <\/span><span class=\"_fadeIn_m1hgl_8\">t\u00e1rolja  <\/span><span class=\"_fadeIn_m1hgl_8\">a  c\u00edmet haszn\u00e1lja.  <\/span><span class=\"_fadeIn_m1hgl_8\">titkos\u00edtott  <\/span><span class=\"_fadeIn_m1hgl_8\">fizet\u00e9s  <\/span><span class=\"_fadeIn_m1hgl_8\">\u00e1tj\u00e1r\u00f3k  <\/span><span class=\"_fadeIn_m1hgl_8\">a  c\u00edmre.  <\/span><span class=\"_fadeIn_m1hgl_8\">biztos\u00edtja a  c\u00edmet.  <\/span><span class=\"_fadeIn_m1hgl_8\">a  <\/span><span class=\"_fadeIn_m1hgl_8\">inform\u00e1ci\u00f3  <\/span><span class=\"_fadeIn_m1hgl_8\">a  <\/span><span class=\"_fadeIn_m1hgl_8\">v\u00e9dett.  <\/span><span class=\"_fadeIn_m1hgl_8\">Mi  <\/span><span class=\"_fadeIn_m1hgl_8\">t\u00e1mogat\u00e1s  <\/span><span class=\"_fadeIn_m1hgl_8\">jelent\u0151s  <\/span><span class=\"_fadeIn_m1hgl_8\">hitel\/<\/span><span class=\"_fadeIn_m1hgl_8\">terhel\u00e9s  <\/span><span class=\"_fadeIn_m1hgl_8\">k\u00e1rty\u00e1k  <\/span><span class=\"_fadeIn_m1hgl_8\">\u00e9s  <\/span><span class=\"_fadeIn_m1hgl_8\">biztons\u00e1gos  <\/span><span class=\"_fadeIn_m1hgl_8\">fizet\u00e9s  <\/span><span class=\"_fadeIn_m1hgl_8\">szolg\u00e1ltat\u00f3k.<\/span><\/p>\n\t\t\t\t\t\t\t\t\t\t\t\t\t\t\t\t\t\t<\/div>\n\t\t\t\t<\/div>\n\t\t\t\t\t\t\t\n\t\t\t\t<div class=\"wd-accordion-item\">\n\t\t\t\t\t<div class=\"wd-accordion-title wd-role-btn\" data-accordion-index=\"4\" tabindex=\"0\">\n\t\t\t\t\t\t<div class=\"wd-accordion-title-text\">\n\t\t\t\t\t\t\t\t\t\t\t\t\t\t<span>\n\t\t\t\t\t\t\t\tK\u00edn\u00e1lnak nagykereskedelmi \u00e1rakat a t\u00f6meges megrendel\u00e9sekhez?\t\t\t\t\t\t\t<\/span>\n\t\t\t\t\t\t<\/div>\n\t\t\t\t\t\t<span class=\"wd-accordion-opener\"><\/span>\n\t\t\t\t\t<\/div>\n\n\t\t\t\t\t<div class=\"wd-accordion-content wd-entry-content\" data-accordion-index=\"4\">\n\t\t\t\t\t\t\t\t\t\t\t\t\t\n\t\t\t\t\t\t\t<p><span class=\"_fadeIn_m1hgl_8\">Igen,  <\/span><span class=\"_fadeIn_m1hgl_8\">mi  <\/span><span class=\"_fadeIn_m1hgl_8\">aj\u00e1nlat  <\/span><span class=\"_fadeIn_m1hgl_8\">k\u00fcl\u00f6nleges  <\/span><span class=\"_fadeIn_m1hgl_8\">nagykereskedelem  <\/span><span class=\"_fadeIn_m1hgl_8\">kedvezm\u00e9nyek  <\/span><span class=\"_fadeIn_m1hgl_8\">a  oldalon.  <\/span><span class=\"_fadeIn_m1hgl_8\">t\u00f6meges  <\/span><span class=\"_fadeIn_m1hgl_8\">\u00e9s  <\/span><span class=\"_fadeIn_m1hgl_8\">\u00fczleti  <\/span><span class=\"_fadeIn_m1hgl_8\">\u00fcgyfelek.  <\/span><span class=\"_fadeIn_m1hgl_8\">Ha  <\/span><span class=\"_fadeIn_m1hgl_8\">te...  <\/span><span class=\"_fadeIn_m1hgl_8\">a  <\/span><span class=\"_fadeIn_m1hgl_8\">kiskeresked\u0151  <\/span><span class=\"_fadeIn_m1hgl_8\">vagy  <\/span><span class=\"_fadeIn_m1hgl_8\">tervez\u00e9s  <\/span><span class=\"_fadeIn_m1hgl_8\">a  <\/span><span class=\"_fadeIn_m1hgl_8\">nagy  <\/span><span class=\"_fadeIn_m1hgl_8\">v\u00e1s\u00e1rl\u00e1s,  <\/span><span class=\"_fadeIn_m1hgl_8\">k\u00e9rj\u00fck,  <\/span><span class=\"_fadeIn_m1hgl_8\">l\u00e1togasson el a  oldalra  <\/span><span class=\"_fadeIn_m1hgl_8\">a  <\/span><span class=\"_fadeIn_m1hgl_8\">nagykereskedelem  <\/span><span class=\"_fadeIn_m1hgl_8\">webhely  <\/span><span class=\"_fadeIn_m1hgl_8\">a  c\u00edmen.  <\/span><a class=\"\" href=\"https:\/\/fizzyvape.eu\/\" target=\"_new\" rel=\"noopener\" data-start=\"374\" data-end=\"411\"><span class=\"_fadeIn_m1hgl_8\">fizzyvape.<\/span><span class=\"_fadeIn_m1hgl_8\">eu<\/span><\/a> <span class=\"_fadeIn_m1hgl_8\">a  c\u00edmre. <\/span><span class=\"_fadeIn_m1hgl_8\">tanulni <\/span><span class=\"_fadeIn_m1hgl_8\">t\u00f6bbet <\/span><span class=\"_fadeIn_m1hgl_8\">\u00e9s <\/span><span class=\"_fadeIn_m1hgl_8\">k\u00fcldje el a <\/span><span class=\"_fadeIn_m1hgl_8\">a <\/span><span class=\"_fadeIn_m1hgl_8\">\u00e9rdekl\u0151d\u00e9s\u00e9t.<\/span><\/p>\n\t\t\t\t\t\t\t\t\t\t\t\t\t\t\t\t\t\t<\/div>\n\t\t\t\t<\/div>\n\t\t\t\t\t<\/div>\n\t\t\t\t\t\t<\/div>\n\t\t\t\t<\/div>\n\t\t\t\t<\/div>\n\t\t<div class=\"elementor-element elementor-element-789122a e-con-full e-flex e-con e-child\" data-id=\"789122a\" data-element_type=\"container\" data-e-type=\"container\">\n\t\t\t\t<div class=\"elementor-element elementor-element-775ddc4 wd-width-100 elementor-widget elementor-widget-wd_title\" data-id=\"775ddc4\" data-element_type=\"widget\" data-e-type=\"widget\" data-widget_type=\"wd_title.default\">\n\t\t\t\t<div class=\"elementor-widget-container\">\n\t\t\t\t\t\t\t<div class=\"title-wrapper wd-set-mb reset-last-child wd-title-color-default wd-title-style-default wd-title-size-default text-left\">\n\n\t\t\t\n\t\t\t<div class=\"liner-continer\">\n\t\t\t\t<h4 class=\"woodmart-title-container title wd-fontsize-l\">KAPCSOLATFELV\u00c9TEL<\/h4> \n\t\t\t\t\t\t\t<\/div>\n\n\t\t\t\t\t<\/div>\n\t\t\t\t\t\t<\/div>\n\t\t\t\t<\/div>\n\t\t\t\t<div class=\"elementor-element elementor-element-e69c2e8 elementor-widget elementor-widget-shortcode\" data-id=\"e69c2e8\" data-element_type=\"widget\" data-e-type=\"widget\" data-widget_type=\"shortcode.default\">\n\t\t\t\t<div class=\"elementor-widget-container\">\n\t\t\t\t\t\t\t<div class=\"elementor-shortcode\"><div class='fluentform ff-default fluentform_wrapper_1 ffs_default_wrap'><form data-form_id=\"1\" id=\"fluentform_1\" class=\"frm-fluent-form fluent_form_1 ff-el-form-top ff_form_instance_1_1 ff-form-loading ffs_default\" data-form_instance=\"ff_form_instance_1_1\" method=\"POST\" ><fieldset  style=\"border: none!important;margin: 0!important;padding: 0!important;background-color: transparent!important;box-shadow: none!important;outline: none!important; min-inline-size: 100%;\">\n                    <legend class=\"ff_screen_reader_title\" style=\"display: block; margin: 0!important;padding: 0!important;height: 0!important;text-indent: -999999px;width: 0!important;overflow:hidden;\">Contact Us<\/legend><input type='hidden' name='__fluent_form_embded_post_id' value='19262' \/><input type=\"hidden\" id=\"_fluentform_1_fluentformnonce\" name=\"_fluentform_1_fluentformnonce\" value=\"1e3128fbe6\" \/><input type=\"hidden\" name=\"_wp_http_referer\" value=\"\/hu\/wp-json\/wp\/v2\/pages\/19262\" \/><div data-type=\"name-element\" data-name=\"names\" class=\" ff-field_container ff-name-field-wrapper\" ><div class='ff-t-container'><div class='ff-t-cell '><div class='ff-el-group'><div class=\"ff-el-input--label asterisk-right\"><label for='ff_1_names_first_name_' id='label_ff_1_names_first_name_' >Name<\/label><\/div><div class='ff-el-input--content'><input type=\"text\" name=\"names[first_name]\" id=\"ff_1_names_first_name_\" class=\"ff-el-form-control\" placeholder=\"Name\" aria-invalid=\"false\" aria-required=false><\/div><\/div><\/div><\/div><\/div><div class='ff-el-group'><div class=\"ff-el-input--label ff-el-is-required asterisk-right\"><label for='ff_1_email' id='label_ff_1_email' aria-label=\"Email\">Email<\/label><\/div><div class='ff-el-input--content'><input type=\"email\" name=\"email\" id=\"ff_1_email\" class=\"ff-el-form-control\" placeholder=\"Email Address\" data-name=\"email\"  aria-invalid=\"false\" aria-required=true><\/div><\/div><div class='ff-el-group'><div class=\"ff-el-input--label asterisk-right\"><label for='ff_1_subject' id='label_ff_1_subject' aria-label=\"Subject\">Subject<\/label><\/div><div class='ff-el-input--content'><input type=\"text\" name=\"subject\" class=\"ff-el-form-control\" placeholder=\"Subject\" data-name=\"subject\" id=\"ff_1_subject\"  aria-invalid=\"false\" aria-required=false><\/div><\/div><div class='ff-el-group'><div class=\"ff-el-input--label ff-el-is-required asterisk-right\"><label for='ff_1_message' id='label_ff_1_message' aria-label=\"Your Message\">Your Message<\/label><\/div><div class='ff-el-input--content'><textarea aria-required=\"true\" aria-labelledby=\"label_ff_1_message\" name=\"message\" id=\"ff_1_message\" class=\"ff-el-form-control\" placeholder=\"Your Message\" rows=\"4\" cols=\"2\" data-name=\"message\" ><\/textarea><\/div><\/div><div class='ff-el-group ff-text-left ff_submit_btn_wrapper'><button type=\"submit\" class=\"ff-btn ff-btn-submit ff-btn-md ff_btn_style\"  aria-label=\"Submit Form\">Submit Form<\/button><\/div><\/fieldset><\/form><div id='fluentform_1_errors' class='ff-errors-in-stack ff_form_instance_1_1 ff-form-loading_errors ff_form_instance_1_1_errors'><\/div><\/div>            <script type=\"text\/javascript\">\n                window.fluent_form_ff_form_instance_1_1 = {\"id\":\"1\",\"ajaxUrl\":\"https:\\\/\\\/shop.fizzyvape.com\\\/wp-admin\\\/admin-ajax.php\",\"settings\":{\"layout\":{\"labelPlacement\":\"top\",\"helpMessagePlacement\":\"with_label\",\"errorMessagePlacement\":\"inline\",\"cssClassName\":\"\",\"asteriskPlacement\":\"asterisk-right\"},\"restrictions\":{\"denyEmptySubmission\":{\"enabled\":false}}},\"form_instance\":\"ff_form_instance_1_1\",\"form_id_selector\":\"fluentform_1\",\"rules\":{\"names[first_name]\":{\"required\":{\"value\":false,\"message\":\"This field is required\",\"global\":false,\"global_message\":\"This field is required\"}},\"names[middle_name]\":{\"required\":{\"value\":false,\"message\":\"This field is required\",\"global\":false,\"global_message\":\"This field is required\"}},\"names[last_name]\":{\"required\":{\"value\":false,\"message\":\"This field is required\",\"global\":false,\"global_message\":\"This field is required\"}},\"email\":{\"required\":{\"value\":true,\"message\":\"This field is required\",\"global\":false,\"global_message\":\"This field is required\"},\"email\":{\"value\":true,\"message\":\"This field must contain a valid email\",\"global\":false,\"global_message\":\"This field must contain a valid email\"}},\"subject\":{\"required\":{\"value\":false,\"message\":\"This field is required\",\"global\":false,\"global_message\":\"This field is required\"}},\"message\":{\"required\":{\"value\":true,\"message\":\"This field is required\",\"global\":false,\"global_message\":\"This field is required\"}}},\"debounce_time\":300};\n                            <\/script>\n            <\/div>\n\t\t\t\t\t\t<\/div>\n\t\t\t\t<\/div>\n\t\t\t\t<\/div>\n\t\t\t\t\t<\/div>\n\t\t\t\t<\/div>\n\t\t\t\t<\/div>\n\t\t","protected":false},"excerpt":{"rendered":"<p>GYAKRAN ISM\u00c9TELT K\u00c9RD\u00c9SEK A Fizzy Vapes hiteles a boltj\u00e1ban? Igen, mi csak eladni 100% hiteles Fizzy Vape term\u00e9kek forr\u00e1s: k\u00f6zvetlen\u00fcl<\/p>\n","protected":false},"author":4,"featured_media":0,"parent":0,"menu_order":0,"comment_status":"closed","ping_status":"closed","template":"","meta":{"footnotes":""},"class_list":["post-19262","page","type-page","status-publish","hentry"],"yoast_head":"<!-- This site is optimized with the Yoast SEO Premium plugin v24.8 (Yoast SEO v27.4) - https:\/\/yoast.com\/product\/yoast-seo-premium-wordpress\/ -->\n<title>Kapcsolatfelv\u00e9tel - shop.fizzyvape.com<\/title>\n<meta name=\"robots\" content=\"index, follow, max-snippet:-1, max-image-preview:large, max-video-preview:-1\" \/>\n<link rel=\"canonical\" href=\"https:\/\/shop.fizzyvape.com\/hu\/kapcsolatfelvetel\/\" \/>\n<meta property=\"og:locale\" content=\"hu_HU\" \/>\n<meta property=\"og:type\" content=\"article\" \/>\n<meta property=\"og:title\" content=\"Kapcsolatfelv\u00e9tel\" \/>\n<meta property=\"og:description\" content=\"GYAKRAN ISM\u00c9TELT K\u00c9RD\u00c9SEK A Fizzy Vapes hiteles a boltj\u00e1ban? Igen, mi csak eladni 100% hiteles Fizzy Vape term\u00e9kek forr\u00e1s: k\u00f6zvetlen\u00fcl\" \/>\n<meta property=\"og:url\" content=\"https:\/\/shop.fizzyvape.com\/hu\/kapcsolatfelvetel\/\" \/>\n<meta property=\"og:site_name\" content=\"shop.fizzyvape.com\" \/>\n<meta property=\"article:modified_time\" content=\"2025-07-25T06:39:46+00:00\" \/>\n<meta name=\"twitter:card\" content=\"summary_large_image\" \/>\n<meta name=\"twitter:label1\" content=\"Becs\u00fclt olvas\u00e1si id\u0151\" \/>\n\t<meta name=\"twitter:data1\" content=\"1 perc\" \/>\n<script type=\"application\/ld+json\" class=\"yoast-schema-graph\">{\"@context\":\"https:\\\/\\\/schema.org\",\"@graph\":[{\"@type\":\"WebPage\",\"@id\":\"https:\\\/\\\/shop.fizzyvape.com\\\/hu\\\/kapcsolatfelvetel\\\/\",\"url\":\"https:\\\/\\\/shop.fizzyvape.com\\\/hu\\\/kapcsolatfelvetel\\\/\",\"name\":\"Kapcsolatfelv\u00e9tel - shop.fizzyvape.com\",\"isPartOf\":{\"@id\":\"https:\\\/\\\/shop.fizzyvape.com\\\/hu\\\/#website\"},\"datePublished\":\"2021-10-12T16:27:24+00:00\",\"dateModified\":\"2025-07-25T06:39:46+00:00\",\"breadcrumb\":{\"@id\":\"https:\\\/\\\/shop.fizzyvape.com\\\/hu\\\/kapcsolatfelvetel\\\/#breadcrumb\"},\"inLanguage\":\"hu\",\"potentialAction\":[{\"@type\":\"ReadAction\",\"target\":[\"https:\\\/\\\/shop.fizzyvape.com\\\/hu\\\/kapcsolatfelvetel\\\/\"]}]},{\"@type\":\"BreadcrumbList\",\"@id\":\"https:\\\/\\\/shop.fizzyvape.com\\\/hu\\\/kapcsolatfelvetel\\\/#breadcrumb\",\"itemListElement\":[{\"@type\":\"ListItem\",\"position\":1,\"name\":\"\u9996\u9875\",\"item\":\"https:\\\/\\\/shop.fizzyvape.com\\\/hu\\\/\"},{\"@type\":\"ListItem\",\"position\":2,\"name\":\"Kapcsolatfelv\u00e9tel\"}]},{\"@type\":\"WebSite\",\"@id\":\"https:\\\/\\\/shop.fizzyvape.com\\\/hu\\\/#website\",\"url\":\"https:\\\/\\\/shop.fizzyvape.com\\\/hu\\\/\",\"name\":\"shop.fizzyvape.com\",\"description\":\"The Best Disposable Vape In Europe | 10000 - 60000 Puffs  | Free Shipping\",\"potentialAction\":[{\"@type\":\"SearchAction\",\"target\":{\"@type\":\"EntryPoint\",\"urlTemplate\":\"https:\\\/\\\/shop.fizzyvape.com\\\/hu\\\/?s={search_term_string}\"},\"query-input\":{\"@type\":\"PropertyValueSpecification\",\"valueRequired\":true,\"valueName\":\"search_term_string\"}}],\"inLanguage\":\"hu\"}]}<\/script>\n<!-- \/ Yoast SEO Premium plugin. -->","yoast_head_json":{"title":"Kapcsolatfelv\u00e9tel - shop.fizzyvape.com","robots":{"index":"index","follow":"follow","max-snippet":"max-snippet:-1","max-image-preview":"max-image-preview:large","max-video-preview":"max-video-preview:-1"},"canonical":"https:\/\/shop.fizzyvape.com\/hu\/kapcsolatfelvetel\/","og_locale":"hu_HU","og_type":"article","og_title":"Kapcsolatfelv\u00e9tel","og_description":"GYAKRAN ISM\u00c9TELT K\u00c9RD\u00c9SEK A Fizzy Vapes hiteles a boltj\u00e1ban? Igen, mi csak eladni 100% hiteles Fizzy Vape term\u00e9kek forr\u00e1s: k\u00f6zvetlen\u00fcl","og_url":"https:\/\/shop.fizzyvape.com\/hu\/kapcsolatfelvetel\/","og_site_name":"shop.fizzyvape.com","article_modified_time":"2025-07-25T06:39:46+00:00","twitter_card":"summary_large_image","twitter_misc":{"Becs\u00fclt olvas\u00e1si id\u0151":"1 perc"},"schema":{"@context":"https:\/\/schema.org","@graph":[{"@type":"WebPage","@id":"https:\/\/shop.fizzyvape.com\/hu\/kapcsolatfelvetel\/","url":"https:\/\/shop.fizzyvape.com\/hu\/kapcsolatfelvetel\/","name":"Kapcsolatfelv\u00e9tel - shop.fizzyvape.com","isPartOf":{"@id":"https:\/\/shop.fizzyvape.com\/hu\/#website"},"datePublished":"2021-10-12T16:27:24+00:00","dateModified":"2025-07-25T06:39:46+00:00","breadcrumb":{"@id":"https:\/\/shop.fizzyvape.com\/hu\/kapcsolatfelvetel\/#breadcrumb"},"inLanguage":"hu","potentialAction":[{"@type":"ReadAction","target":["https:\/\/shop.fizzyvape.com\/hu\/kapcsolatfelvetel\/"]}]},{"@type":"BreadcrumbList","@id":"https:\/\/shop.fizzyvape.com\/hu\/kapcsolatfelvetel\/#breadcrumb","itemListElement":[{"@type":"ListItem","position":1,"name":"\u9996\u9875","item":"https:\/\/shop.fizzyvape.com\/hu\/"},{"@type":"ListItem","position":2,"name":"Kapcsolatfelv\u00e9tel"}]},{"@type":"WebSite","@id":"https:\/\/shop.fizzyvape.com\/hu\/#website","url":"https:\/\/shop.fizzyvape.com\/hu\/","name":"shop.fizzyvape.com","description":"The Best Disposable Vape In Europe | 10000 - 60000 Puffs  | Free Shipping","potentialAction":[{"@type":"SearchAction","target":{"@type":"EntryPoint","urlTemplate":"https:\/\/shop.fizzyvape.com\/hu\/?s={search_term_string}"},"query-input":{"@type":"PropertyValueSpecification","valueRequired":true,"valueName":"search_term_string"}}],"inLanguage":"hu"}]}},"_links":{"self":[{"href":"https:\/\/shop.fizzyvape.com\/hu\/wp-json\/wp\/v2\/pages\/19262","targetHints":{"allow":["GET"]}}],"collection":[{"href":"https:\/\/shop.fizzyvape.com\/hu\/wp-json\/wp\/v2\/pages"}],"about":[{"href":"https:\/\/shop.fizzyvape.com\/hu\/wp-json\/wp\/v2\/types\/page"}],"author":[{"embeddable":true,"href":"https:\/\/shop.fizzyvape.com\/hu\/wp-json\/wp\/v2\/users\/4"}],"replies":[{"embeddable":true,"href":"https:\/\/shop.fizzyvape.com\/hu\/wp-json\/wp\/v2\/comments?post=19262"}],"version-history":[{"count":0,"href":"https:\/\/shop.fizzyvape.com\/hu\/wp-json\/wp\/v2\/pages\/19262\/revisions"}],"wp:attachment":[{"href":"https:\/\/shop.fizzyvape.com\/hu\/wp-json\/wp\/v2\/media?parent=19262"}],"curies":[{"name":"wp","href":"https:\/\/api.w.org\/{rel}","templated":true}]}}