{"id":19396,"date":"2025-06-24T10:28:15","date_gmt":"2025-06-24T10:28:15","guid":{"rendered":"https:\/\/shop.fizzyvape.com\/product\/fizzy-twins-dual-flavor-50000-puffs-eldobhato-vape-10db\/"},"modified":"2025-12-05T07:03:46","modified_gmt":"2025-12-05T07:03:46","slug":"fizzy-twins-dual-flavor-50000-puffs-eldobhato-vape-10db","status":"publish","type":"product","link":"https:\/\/shop.fizzyvape.com\/hu\/termek\/fizzy-twins-dual-flavor-50000-puffs-eldobhato-vape-10db\/","title":{"rendered":"Fizzy Twins Dual Flavor 50000 Puffs eldobhat\u00f3 Vape &#8211; 10db"},"content":{"rendered":"<div>\n<h2><strong>Fizzy Twins 50000 Puffs eldobhat\u00f3 Vape <\/strong><strong>Kett\u0151s \u00edz <\/strong><strong>&#8211; 10db korl\u00e1tozott csomag aj\u00e1nlat!<\/strong><\/h2>\n<p><strong>Dupla \u00edz, dupla teljes\u00edtm\u00e9ny.<\/strong><br \/>\nFedezze fel a p\u00e1rolg\u00e1s k\u00f6vetkez\u0151 szintj\u00e9t a <strong>Fizzy Twins Dual Flavor 50000 Puffs-szal<\/strong> &#8211; most korl\u00e1tozott sz\u00e1mban, 10 darabos csomagban, verhetetlen nagykereskedelmi \u00e1ron. A v\u00e1ltozatoss\u00e1gra \u00e9s teljes\u00edtm\u00e9nyre v\u00e1gy\u00f3 p\u00e1rologtat\u00f3k sz\u00e1m\u00e1ra tervezt\u00e9k, mindegyik k\u00e9sz\u00fcl\u00e9k lehet\u0151v\u00e9 teszi, hogy egyetlen nyom\u00e1ssal <strong>azonnal v\u00e1ltson k\u00e9t \u00edz k\u00f6z\u00f6tt<\/strong>. A <strong>kett\u0151s h\u00e1l\u00f3s tekercsekkel<\/strong>, <strong>USB-C gyorst\u00f6lt\u00e9ssel<\/strong> \u00e9s <strong>\u00e1ll\u00edthat\u00f3 l\u00e9g\u00e1raml\u00e1ssal<\/strong> tervezett k\u00e9sz\u00fcl\u00e9k ak\u00e1r <strong>50 000 puffol\u00e1sig<\/strong> sima, \u00edzgazdag felh\u0151ket biztos\u00edt.<\/p>\n<h3>Kulcsfontoss\u00e1g\u00fa jellemz\u0151k:<\/h3>\n<ul>\n<li><strong>2 \u00edz, 1 eszk\u00f6z<\/strong> &#8211; V\u00e1ltson az \u00edzek k\u00f6z\u00f6tt ig\u00e9ny szerint.<\/li>\n<li><strong>50,000 Puffs<\/strong> &#8211; Ultra nagy kapacit\u00e1s\u00fa a hosszabb haszn\u00e1lathoz.<\/li>\n<li><strong>Kett\u0151s 25ml-es tart\u00e1lyok<\/strong> &#8211; Tiszta, elk\u00fcl\u00f6n\u00edtett \u00edzkamr\u00e1k.<\/li>\n<li><strong>Eco \u00e9s Boost \u00fczemm\u00f3dok<\/strong> &#8211; V\u00e1ltson a hosszabb akkumul\u00e1tor-\u00fczemid\u0151 vagy az intenz\u00edv g\u0151z k\u00f6z\u00f6tt.<\/li>\n<li><strong>Intelligens LED-k\u00e9perny\u0151<\/strong> &#8211; Val\u00f3s idej\u0171 akkumul\u00e1tor- \u00e9s folyad\u00e9kszint-kijelz\u00e9s.<\/li>\n<li><strong>\u00c1ll\u00edthat\u00f3 l\u00e9g\u00e1raml\u00e1s<\/strong> &#8211; szem\u00e9lyre szabhatja a vape-t a k\u00f6nnyedt\u0151l a mer\u00e9szig.<\/li>\n<li><strong>Pr\u00e9mium f\u00e9m kialak\u00edt\u00e1s<\/strong> &#8211; Sziv\u00e1rg\u00e1s\u00e1ll\u00f3, zsebben hordhat\u00f3 \u00e9s tart\u00f3snak k\u00e9sz\u00fclt.<\/li>\n<\/ul>\n<h3>Mi\u00e9rt emelkedik ki:<\/h3>\n<ul>\n<li><strong>Nincs t\u00f6bb\u00e9 k\u00e9t p\u00e1rologtat\u00f3t cipelni<\/strong> &#8211; Egy k\u00e9sz\u00fcl\u00e9k, k\u00e9t teljes \u00edz.<\/li>\n<li><strong>\u00dajrat\u00f6lthet\u0151 \u00e9s ut\u00e1nt\u00f6lt\u00e9s n\u00e9lk\u00fcli<\/strong> &#8211; Csak sz\u00edvd \u00e9s menj.<\/li>\n<li><strong>T\u00f6k\u00e9letes a nagybev\u00e1s\u00e1rl\u00f3k sz\u00e1m\u00e1ra<\/strong> &#8211; K\u00e9szletezzen ezzel az exkluz\u00edv 10db-os aj\u00e1nlattal.<\/li>\n<\/ul>\n<\/div>\n<div>\n<h3><strong>Nikotin lehet\u0151s\u00e9gek:<\/strong><\/h3>\n<p><strong>2% (20mg\/mL)<\/strong> <strong> &#8211; Ide\u00e1lis <\/strong> a sima \u00e9s \u00edzletes p\u00e1rologtat\u00e1si \u00e9lm\u00e9nyhez.<br \/>\n<strong>5% (50mg\/mL)<\/strong> <strong> &#8211; <\/strong>Er\u0151sebb, kiel\u00e9g\u00edt\u0151bb torok\u00fct\u00e9sre <strong> tervezt\u00e9k <\/strong>.<\/p>\n<h3>M\u0171szaki adatok<\/h3>\n<table style=\"height: 449px;\" width=\"1340\">\n<tbody>\n<tr>\n<td>Puffok<\/td>\n<td><strong>50000+ Puffs<\/strong><\/td>\n<\/tr>\n<tr>\n<td>E-folyad\u00e9k kapacit\u00e1s<\/td>\n<td><strong>50mL (25mL \u00edzenk\u00e9nt)<\/strong><\/td>\n<\/tr>\n<tr>\n<td>Az akkumul\u00e1tor kapacit\u00e1sa<\/td>\n<td><strong>850mAh<\/strong><\/td>\n<\/tr>\n<tr>\n<td>M\u00e9ret<\/td>\n<td><strong>55.9*27.3*119.8mm<\/strong><\/td>\n<\/tr>\n<tr>\n<td>Eldobhat\u00f3 vagy sem<\/td>\n<td><strong>Eldobhat\u00f3<\/strong><\/td>\n<\/tr>\n<tr>\n<td>\u00c1ll\u00edthat\u00f3 teljes\u00edtm\u00e9ny<\/td>\n<td><strong>IGEN<\/strong><\/td>\n<\/tr>\n<tr>\n<td>Aktiv\u00e1l\u00e1si m\u00f3dszer<\/td>\n<td><strong>\u00c9rz\u00e9kel\u0151<\/strong><\/td>\n<\/tr>\n<tr>\n<td>Anyag<\/td>\n<td><strong>PCTG<\/strong><\/td>\n<\/tr>\n<tr>\n<td>Nikotin szint<\/td>\n<td><strong>2% (20mg\/l) \u00e9s 5% (50mg\/l)<\/strong><\/td>\n<\/tr>\n<tr>\n<td>\u00cdzek<\/td>\n<td><strong>12<\/strong><\/td>\n<\/tr>\n<tr>\n<td>Csomagol\u00e1s<\/td>\n<td><strong>10 csomag<\/strong><\/td>\n<\/tr>\n<tr>\n<td>T\u00f6lt\u00e9si id\u0151<\/td>\n<td><strong>2 \u00f3ra<\/strong><\/td>\n<\/tr>\n<tr>\n<td>T\u00e1rol\u00e1s<\/td>\n<td><strong>Ker\u00fclje a magas h\u0151m\u00e9rs\u00e9klet\u0171 k\u00f6rnyezetet, \u00e9s h\u0171v\u00f6s, sz\u00e1raz helyen t\u00e1rolja.<\/strong><\/td>\n<\/tr>\n<tr>\n<td>Haszn\u00e1lat\u00e1t\u00f3l eltiltott szem\u00e9lyek<\/td>\n<td><strong>Kiskor\u00faak, terhes n\u0151k \u00e9s a term\u00e9k \u00f6sszetev\u0151ire allergi\u00e1s szem\u00e9lyek.<\/strong><\/td>\n<\/tr>\n<tr>\n<td>Vigy\u00e1zat<\/td>\n<td><strong>Ne nyelje le ezt az anyagot. Ha lenyelte, azonnal \u00e9s alaposan \u00f6bl\u00edtse ki a sz\u00e1j\u00e1t. Ha rosszul \u00e9rzi mag\u00e1t, forduljon orvoshoz. <\/strong><\/td>\n<\/tr>\n<\/tbody>\n<\/table>\n<h3><strong>Fizzy Twins <\/strong>50000 Puffs Eldobhat\u00f3 Vape \u00edzek list\u00e1ja:<\/h3>\n<ol>\n<li><a href=\"https:\/\/shop.fizzyvape.com\/hu\/termek\/fizzy-twins-gorogdinnye-jeg-es-eper-kiwi-50000-puffs-eldobhato-vape\/\">G\u00f6r\u00f6gdinnye j\u00e9g \u00e9s eper kiwi<\/a><\/li>\n<li><a href=\"https:\/\/shop.fizzyvape.com\/hu\/termek\/fizzy-twins-strawberry-kiwi-pomegranate-red-bull-50000-puffs-eldobhato-vape\/\">Eper-kiwi gr\u00e1n\u00e1talma &amp; Red Bull<\/a><\/li>\n<li><a href=\"https:\/\/shop.fizzyvape.com\/hu\/termek\/fizzy-twins-blueberry-coconut-grape-ice-50000-puffs-eldobhato-vape\/\">\u00c1fonya k\u00f3kusz \u00e9s sz\u0151l\u0151 j\u00e9g<\/a><\/li>\n<li><a href=\"https:\/\/shop.fizzyvape.com\/hu\/termek\/fizzy-twins-blue-razz-lemonade-triple-melon-50000-puffs-eldobhato-vape\/\">K\u00e9k Razz limon\u00e1d\u00e9 \u00e9s tripla dinnye<\/a><\/li>\n<li><a href=\"https:\/\/shop.fizzyvape.com\/hu\/termek\/fizzy-twins-eper-gorogdinnye-es-afonya-jeg-50000-puffs-eldobhato-vape\/\">Eper g\u00f6r\u00f6gdinnye \u00e9s \u00e1fonya j\u00e9g<\/a><\/li>\n<li><a href=\"https:\/\/shop.fizzyvape.com\/hu\/termek\/fizzy-twins-peach-mango-watermelon-strawberry-banana-50000-puffs-eldobhato-vape\/\">\u0150szibarack Mang\u00f3 g\u00f6r\u00f6gdinnye \u00e9s eper ban\u00e1n<\/a><\/li>\n<li><a href=\"https:\/\/shop.fizzyvape.com\/hu\/termek\/fizzy-twins-malna-gorogdinnye-es-kiwi-golgotavirag-guava-50000-puff-eldobhato-vape\/\">M\u00e1lna G\u00f6r\u00f6gdinnye \u00e9s Kiwi Golgotavir\u00e1g Guava<\/a><\/li>\n<li><a href=\"https:\/\/shop.fizzyvape.com\/hu\/termek\/fizzy-twins-ananasz-barack-maracuja-es-afonya-malna-50000-puffs-eldobhato-vape\/\">Anan\u00e1sz \u0150szibarack Maracuja &amp; \u00c1fonya M\u00e1lna<\/a><\/li>\n<li><a href=\"https:\/\/shop.fizzyvape.com\/hu\/termek\/fizzy-twins-watermelon-ice-lemon-lime-50000-puffs-eldobhato-vape\/\">G\u00f6r\u00f6gdinnye j\u00e9g \u00e9s citromos lime<\/a><\/li>\n<li><a href=\"https:\/\/shop.fizzyvape.com\/hu\/termek\/fizzy-twins-mixed-berry-peach-ice-50000-puffs-eldobhato-vape\/\">Vegyes bogy\u00f3s gy\u00fcm\u00f6lcs \u00e9s barack j\u00e9g<\/a><\/li>\n<li><a href=\"https:\/\/shop.fizzyvape.com\/hu\/termek\/fizzy-twins-strawberry-ice-fizzy-cherry-50000-puffs-eldobhato-vape\/\">Eper j\u00e9g \u00e9s pezsg\u0151 cseresznye<\/a><\/li>\n<li><a href=\"https:\/\/shop.fizzyvape.com\/hu\/termek\/fizzy-twins-malna-limonade-es-eper-jeg-50000-puffs-eldobhato-vape\/\">M\u00e1lna limon\u00e1d\u00e9 \u00e9s eper j\u00e9g<\/a><\/li>\n<\/ol>\n<h3><strong>Fizzy Twins Dual Flavor 50000 Puffs Eldobhat\u00f3 Vape &#8211; Gyakran ism\u00e9telt k\u00e9rd\u00e9sek<\/strong><\/h3>\n<p><strong>V\u00e1laszthatok k\u00fcl\u00f6nb\u00f6z\u0151 \u00edzeket a 10-es csomagban?<\/strong><br \/>\nIgen! A 12 kett\u0151s \u00edzkombin\u00e1ci\u00f3nk b\u00e1rmelyik\u00e9t keverheti a 10 darabos rendel\u00e9s\u00e9ben. Egyszer\u0171en hagyja meg v\u00e1laszt\u00e1s\u00e1t a rendel\u00e9si megjegyz\u00e9sek k\u00f6z\u00f6tt a p\u00e9nzt\u00e1rn\u00e1l, vagy vegye fel a kapcsolatot nagykereskedelmi csapatunkkal seg\u00edts\u00e9g\u00e9rt.<\/p>\n<p><strong>Mennyi ideig tartanak az egyes eszk\u00f6z\u00f6k?<\/strong><br \/>\nMinden egyes vape 50 ml e-folyad\u00e9kot tartalmaz, \u00e9s ak\u00e1r 50.000 slukkot is biztos\u00edt. A legt\u00f6bb felhaszn\u00e1l\u00f3 sz\u00e1m\u00e1ra ez 3-4 hetes haszn\u00e1latot jelent. Az er\u0151s vaperek 2-3 h\u00e9t alatt v\u00e9gezhetnek egy k\u00e9sz\u00fcl\u00e9kkel.<\/p>\n<p><strong>Mi a k\u00fcl\u00f6nbs\u00e9g a Standard \u00fczemm\u00f3d \u00e9s a Boost \u00fczemm\u00f3d k\u00f6z\u00f6tt?<\/strong><\/p>\n<ul>\n<li><strong>A Standard \u00fczemm\u00f3d<\/strong> sima \u00e9s kiegyens\u00falyozott vape-t k\u00edn\u00e1l, ide\u00e1lis mindennapi haszn\u00e1latra.<\/li>\n<li><strong>A Boost m\u00f3d<\/strong> fokozza az \u00edz intenzit\u00e1s\u00e1t \u00e9s nagyobb, s\u0171r\u0171bb felh\u0151ket hoz l\u00e9tre az er\u0151teljesebb hat\u00e1s \u00e9rdek\u00e9ben.<\/li>\n<\/ul>\n<\/div>\n","protected":false},"excerpt":{"rendered":"<p><strong>Haszn\u00e1lja ki a korl\u00e1tozott Fizzy Twins 10 darabos nagykereskedelmi aj\u00e1nlatunkat!<\/strong><br \/>\nTapasztalja meg az eldobhat\u00f3 p\u00e1rologtat\u00e1s j\u00f6v\u0151j\u00e9t a <strong>Fizzy Twins Dual Flavor 50000 Puffs-szal<\/strong> &#8211; most egy k\u00fcl\u00f6nleges <strong>10 darabos csomagban<\/strong> kaphat\u00f3 <strong>exkluz\u00edv nagykereskedelmi \u00e1ron<\/strong>. Mindegyik k\u00e9sz\u00fcl\u00e9k <strong>k\u00e9t pr\u00e9mium \u00edzzel<\/strong> rendelkezik egy eleg\u00e1ns egys\u00e9gben, \u00e9s <strong>ak\u00e1r 50 000 puffot is<\/strong> biztos\u00edt, \u00e1ll\u00edthat\u00f3 teljes\u00edtm\u00e9ny- \u00e9s l\u00e9g\u00e1raml\u00e1si be\u00e1ll\u00edt\u00e1sokkal. Ide\u00e1lis a kiskeresked\u0151k sz\u00e1m\u00e1ra, akik a mai piac egyik legfejlettebb \u00e9s legkeresettebb vapes k\u00e9sz\u00fcl\u00e9k\u00e9t szeretn\u00e9k k\u00edn\u00e1lni.<\/p>\n","protected":false},"featured_media":20888,"comment_status":"open","ping_status":"closed","template":"","meta":[],"product_brand":[],"product_cat":[244,193,134,298,126],"product_tag":[142,137,143,139,138],"class_list":{"0":"post-19396","1":"product","2":"type-product","3":"status-publish","4":"has-post-thumbnail","6":"product_cat-10-db-os-eldobhato-vape","7":"product_cat-fizzy-twins-50k-puffs-nagykereskedelem","8":"product_cat-eldobhato-vape-nagykereskedelem-online","9":"product_cat-eu-raktar","10":"product_cat-fizzy-twins-50000-puffs-eldobhato-vape","11":"product_tag-50k-puffs-hu","12":"product_tag-eldobhato-vape","13":"product_tag-kettos-iz","14":"product_tag-nagykereskedelem","15":"product_tag-ujratoltheto","17":"first","18":"outofstock","19":"sale","20":"shipping-taxable","21":"purchasable","22":"product-type-variable"},"yoast_head":"<!-- This site is optimized with the Yoast SEO Premium plugin v24.8 (Yoast SEO v27.4) - https:\/\/yoast.com\/product\/yoast-seo-premium-wordpress\/ -->\n<title>Fizzy Twins Dual Flavor 50K 50000 Puffs eldobhat\u00f3 Vape<\/title>\n<meta name=\"description\" content=\"10db Fizzy Twins 50K puff limit\u00e1lt csomag! Kett\u0151s \u00edzkapcsol\u00f3, USB-C t\u00f6lt\u00e9s, 50ml kapacit\u00e1s. Exkluz\u00edv nagykereskedelmi \u00e1rk\u00e9pz\u00e9s. Rendelje meg m\u00e9g ma!\" \/>\n<meta name=\"robots\" content=\"index, follow, max-snippet:-1, max-image-preview:large, max-video-preview:-1\" \/>\n<link rel=\"canonical\" href=\"https:\/\/shop.fizzyvape.com\/hu\/termek\/fizzy-twins-dual-flavor-50000-puffs-eldobhato-vape-10db\/\" \/>\n<meta property=\"og:locale\" content=\"hu_HU\" \/>\n<meta property=\"og:type\" content=\"article\" \/>\n<meta property=\"og:title\" content=\"Fizzy Twins Dual Flavor 50000 Puffs eldobhat\u00f3 Vape - 10db\" \/>\n<meta property=\"og:description\" content=\"10db Fizzy Twins 50K puff limit\u00e1lt csomag! Kett\u0151s \u00edzkapcsol\u00f3, USB-C t\u00f6lt\u00e9s, 50ml kapacit\u00e1s. Exkluz\u00edv nagykereskedelmi \u00e1rk\u00e9pz\u00e9s. Rendelje meg m\u00e9g ma!\" \/>\n<meta property=\"og:url\" content=\"https:\/\/shop.fizzyvape.com\/hu\/termek\/fizzy-twins-dual-flavor-50000-puffs-eldobhato-vape-10db\/\" \/>\n<meta property=\"og:site_name\" content=\"shop.fizzyvape.com\" \/>\n<meta property=\"article:modified_time\" content=\"2025-12-05T07:03:46+00:00\" \/>\n<meta property=\"og:image\" content=\"https:\/\/shop.fizzyvape.com\/wp-content\/uploads\/2025\/06\/Fizzy-Twins-50000-Puffs-Disposable-Vape-1-1.webp\" \/>\n\t<meta property=\"og:image:width\" content=\"800\" \/>\n\t<meta property=\"og:image:height\" content=\"800\" \/>\n\t<meta property=\"og:image:type\" content=\"image\/webp\" \/>\n<meta name=\"twitter:card\" content=\"summary_large_image\" \/>\n<meta name=\"twitter:label1\" content=\"Becs\u00fclt olvas\u00e1si id\u0151\" \/>\n\t<meta name=\"twitter:data1\" content=\"3 perc\" \/>\n<script type=\"application\/ld+json\" class=\"yoast-schema-graph\">{\"@context\":\"https:\\\/\\\/schema.org\",\"@graph\":[{\"@type\":\"WebPage\",\"@id\":\"https:\\\/\\\/shop.fizzyvape.com\\\/hu\\\/termek\\\/fizzy-twins-dual-flavor-50000-puffs-eldobhato-vape-10db\\\/\",\"url\":\"https:\\\/\\\/shop.fizzyvape.com\\\/hu\\\/termek\\\/fizzy-twins-dual-flavor-50000-puffs-eldobhato-vape-10db\\\/\",\"name\":\"Fizzy Twins Dual Flavor 50K 50000 Puffs eldobhat\u00f3 Vape\",\"isPartOf\":{\"@id\":\"https:\\\/\\\/shop.fizzyvape.com\\\/hu\\\/#website\"},\"primaryImageOfPage\":{\"@id\":\"https:\\\/\\\/shop.fizzyvape.com\\\/hu\\\/termek\\\/fizzy-twins-dual-flavor-50000-puffs-eldobhato-vape-10db\\\/#primaryimage\"},\"image\":{\"@id\":\"https:\\\/\\\/shop.fizzyvape.com\\\/hu\\\/termek\\\/fizzy-twins-dual-flavor-50000-puffs-eldobhato-vape-10db\\\/#primaryimage\"},\"thumbnailUrl\":\"https:\\\/\\\/shop.fizzyvape.com\\\/wp-content\\\/uploads\\\/2025\\\/06\\\/Fizzy-Twins-50000-Puffs-Disposable-Vape-1-1.webp\",\"datePublished\":\"2025-06-24T10:28:15+00:00\",\"dateModified\":\"2025-12-05T07:03:46+00:00\",\"description\":\"10db Fizzy Twins 50K puff limit\u00e1lt csomag! Kett\u0151s \u00edzkapcsol\u00f3, USB-C t\u00f6lt\u00e9s, 50ml kapacit\u00e1s. Exkluz\u00edv nagykereskedelmi \u00e1rk\u00e9pz\u00e9s. Rendelje meg m\u00e9g ma!\",\"breadcrumb\":{\"@id\":\"https:\\\/\\\/shop.fizzyvape.com\\\/hu\\\/termek\\\/fizzy-twins-dual-flavor-50000-puffs-eldobhato-vape-10db\\\/#breadcrumb\"},\"inLanguage\":\"hu\",\"potentialAction\":[{\"@type\":\"ReadAction\",\"target\":[\"https:\\\/\\\/shop.fizzyvape.com\\\/hu\\\/termek\\\/fizzy-twins-dual-flavor-50000-puffs-eldobhato-vape-10db\\\/\"]}]},{\"@type\":\"ImageObject\",\"inLanguage\":\"hu\",\"@id\":\"https:\\\/\\\/shop.fizzyvape.com\\\/hu\\\/termek\\\/fizzy-twins-dual-flavor-50000-puffs-eldobhato-vape-10db\\\/#primaryimage\",\"url\":\"https:\\\/\\\/shop.fizzyvape.com\\\/wp-content\\\/uploads\\\/2025\\\/06\\\/Fizzy-Twins-50000-Puffs-Disposable-Vape-1-1.webp\",\"contentUrl\":\"https:\\\/\\\/shop.fizzyvape.com\\\/wp-content\\\/uploads\\\/2025\\\/06\\\/Fizzy-Twins-50000-Puffs-Disposable-Vape-1-1.webp\",\"width\":800,\"height\":800,\"caption\":\"Fizzy Twins 50k 50000 Puffs Disposable Vape-1\"},{\"@type\":\"BreadcrumbList\",\"@id\":\"https:\\\/\\\/shop.fizzyvape.com\\\/hu\\\/termek\\\/fizzy-twins-dual-flavor-50000-puffs-eldobhato-vape-10db\\\/#breadcrumb\",\"itemListElement\":[{\"@type\":\"ListItem\",\"position\":1,\"name\":\"\u9996\u9875\",\"item\":\"https:\\\/\\\/shop.fizzyvape.com\\\/hu\\\/\"},{\"@type\":\"ListItem\",\"position\":2,\"name\":\"Shop\",\"item\":\"https:\\\/\\\/shop.fizzyvape.com\\\/shop\\\/\"},{\"@type\":\"ListItem\",\"position\":3,\"name\":\"Fizzy Twins Dual Flavor 50000 Puffs eldobhat\u00f3 Vape &#8211; 10db\"}]},{\"@type\":\"WebSite\",\"@id\":\"https:\\\/\\\/shop.fizzyvape.com\\\/hu\\\/#website\",\"url\":\"https:\\\/\\\/shop.fizzyvape.com\\\/hu\\\/\",\"name\":\"shop.fizzyvape.com\",\"description\":\"The Best Disposable Vape In Europe | 10000 - 60000 Puffs  | Free Shipping\",\"potentialAction\":[{\"@type\":\"SearchAction\",\"target\":{\"@type\":\"EntryPoint\",\"urlTemplate\":\"https:\\\/\\\/shop.fizzyvape.com\\\/hu\\\/?s={search_term_string}\"},\"query-input\":{\"@type\":\"PropertyValueSpecification\",\"valueRequired\":true,\"valueName\":\"search_term_string\"}}],\"inLanguage\":\"hu\"}]}<\/script>\n<!-- \/ Yoast SEO Premium plugin. -->","yoast_head_json":{"title":"Fizzy Twins Dual Flavor 50K 50000 Puffs eldobhat\u00f3 Vape","description":"10db Fizzy Twins 50K puff limit\u00e1lt csomag! Kett\u0151s \u00edzkapcsol\u00f3, USB-C t\u00f6lt\u00e9s, 50ml kapacit\u00e1s. Exkluz\u00edv nagykereskedelmi \u00e1rk\u00e9pz\u00e9s. Rendelje meg m\u00e9g ma!","robots":{"index":"index","follow":"follow","max-snippet":"max-snippet:-1","max-image-preview":"max-image-preview:large","max-video-preview":"max-video-preview:-1"},"canonical":"https:\/\/shop.fizzyvape.com\/hu\/termek\/fizzy-twins-dual-flavor-50000-puffs-eldobhato-vape-10db\/","og_locale":"hu_HU","og_type":"article","og_title":"Fizzy Twins Dual Flavor 50000 Puffs eldobhat\u00f3 Vape - 10db","og_description":"10db Fizzy Twins 50K puff limit\u00e1lt csomag! Kett\u0151s \u00edzkapcsol\u00f3, USB-C t\u00f6lt\u00e9s, 50ml kapacit\u00e1s. Exkluz\u00edv nagykereskedelmi \u00e1rk\u00e9pz\u00e9s. Rendelje meg m\u00e9g ma!","og_url":"https:\/\/shop.fizzyvape.com\/hu\/termek\/fizzy-twins-dual-flavor-50000-puffs-eldobhato-vape-10db\/","og_site_name":"shop.fizzyvape.com","article_modified_time":"2025-12-05T07:03:46+00:00","og_image":[{"width":800,"height":800,"url":"https:\/\/shop.fizzyvape.com\/wp-content\/uploads\/2025\/06\/Fizzy-Twins-50000-Puffs-Disposable-Vape-1-1.webp","type":"image\/webp"}],"twitter_card":"summary_large_image","twitter_misc":{"Becs\u00fclt olvas\u00e1si id\u0151":"3 perc"},"schema":{"@context":"https:\/\/schema.org","@graph":[{"@type":"WebPage","@id":"https:\/\/shop.fizzyvape.com\/hu\/termek\/fizzy-twins-dual-flavor-50000-puffs-eldobhato-vape-10db\/","url":"https:\/\/shop.fizzyvape.com\/hu\/termek\/fizzy-twins-dual-flavor-50000-puffs-eldobhato-vape-10db\/","name":"Fizzy Twins Dual Flavor 50K 50000 Puffs eldobhat\u00f3 Vape","isPartOf":{"@id":"https:\/\/shop.fizzyvape.com\/hu\/#website"},"primaryImageOfPage":{"@id":"https:\/\/shop.fizzyvape.com\/hu\/termek\/fizzy-twins-dual-flavor-50000-puffs-eldobhato-vape-10db\/#primaryimage"},"image":{"@id":"https:\/\/shop.fizzyvape.com\/hu\/termek\/fizzy-twins-dual-flavor-50000-puffs-eldobhato-vape-10db\/#primaryimage"},"thumbnailUrl":"https:\/\/shop.fizzyvape.com\/wp-content\/uploads\/2025\/06\/Fizzy-Twins-50000-Puffs-Disposable-Vape-1-1.webp","datePublished":"2025-06-24T10:28:15+00:00","dateModified":"2025-12-05T07:03:46+00:00","description":"10db Fizzy Twins 50K puff limit\u00e1lt csomag! Kett\u0151s \u00edzkapcsol\u00f3, USB-C t\u00f6lt\u00e9s, 50ml kapacit\u00e1s. Exkluz\u00edv nagykereskedelmi \u00e1rk\u00e9pz\u00e9s. Rendelje meg m\u00e9g ma!","breadcrumb":{"@id":"https:\/\/shop.fizzyvape.com\/hu\/termek\/fizzy-twins-dual-flavor-50000-puffs-eldobhato-vape-10db\/#breadcrumb"},"inLanguage":"hu","potentialAction":[{"@type":"ReadAction","target":["https:\/\/shop.fizzyvape.com\/hu\/termek\/fizzy-twins-dual-flavor-50000-puffs-eldobhato-vape-10db\/"]}]},{"@type":"ImageObject","inLanguage":"hu","@id":"https:\/\/shop.fizzyvape.com\/hu\/termek\/fizzy-twins-dual-flavor-50000-puffs-eldobhato-vape-10db\/#primaryimage","url":"https:\/\/shop.fizzyvape.com\/wp-content\/uploads\/2025\/06\/Fizzy-Twins-50000-Puffs-Disposable-Vape-1-1.webp","contentUrl":"https:\/\/shop.fizzyvape.com\/wp-content\/uploads\/2025\/06\/Fizzy-Twins-50000-Puffs-Disposable-Vape-1-1.webp","width":800,"height":800,"caption":"Fizzy Twins 50k 50000 Puffs Disposable Vape-1"},{"@type":"BreadcrumbList","@id":"https:\/\/shop.fizzyvape.com\/hu\/termek\/fizzy-twins-dual-flavor-50000-puffs-eldobhato-vape-10db\/#breadcrumb","itemListElement":[{"@type":"ListItem","position":1,"name":"\u9996\u9875","item":"https:\/\/shop.fizzyvape.com\/hu\/"},{"@type":"ListItem","position":2,"name":"Shop","item":"https:\/\/shop.fizzyvape.com\/shop\/"},{"@type":"ListItem","position":3,"name":"Fizzy Twins Dual Flavor 50000 Puffs eldobhat\u00f3 Vape &#8211; 10db"}]},{"@type":"WebSite","@id":"https:\/\/shop.fizzyvape.com\/hu\/#website","url":"https:\/\/shop.fizzyvape.com\/hu\/","name":"shop.fizzyvape.com","description":"The Best Disposable Vape In Europe | 10000 - 60000 Puffs  | Free Shipping","potentialAction":[{"@type":"SearchAction","target":{"@type":"EntryPoint","urlTemplate":"https:\/\/shop.fizzyvape.com\/hu\/?s={search_term_string}"},"query-input":{"@type":"PropertyValueSpecification","valueRequired":true,"valueName":"search_term_string"}}],"inLanguage":"hu"}]}},"tiered_pricing_type":"fixed","tiered_pricing_fixed_rules":[],"tiered_pricing_product_settings":{"layout":"default","base_unit_name":{"singular":null,"plural":null},"default_variation":null},"tiered_pricing_minimum_quantity":null,"tiered_pricing_roles_data":[],"tiered_pricing_percentage_rules":[],"tiered_pricing_maximum_quantity":null,"tiered_pricing_quantity_step":null,"_links":{"self":[{"href":"https:\/\/shop.fizzyvape.com\/hu\/wp-json\/wp\/v2\/product\/19396","targetHints":{"allow":["GET"]}}],"collection":[{"href":"https:\/\/shop.fizzyvape.com\/hu\/wp-json\/wp\/v2\/product"}],"about":[{"href":"https:\/\/shop.fizzyvape.com\/hu\/wp-json\/wp\/v2\/types\/product"}],"replies":[{"embeddable":true,"href":"https:\/\/shop.fizzyvape.com\/hu\/wp-json\/wp\/v2\/comments?post=19396"}],"version-history":[{"count":1,"href":"https:\/\/shop.fizzyvape.com\/hu\/wp-json\/wp\/v2\/product\/19396\/revisions"}],"predecessor-version":[{"id":28272,"href":"https:\/\/shop.fizzyvape.com\/hu\/wp-json\/wp\/v2\/product\/19396\/revisions\/28272"}],"wp:featuredmedia":[{"embeddable":true,"href":"https:\/\/shop.fizzyvape.com\/hu\/wp-json\/wp\/v2\/media\/20888"}],"wp:attachment":[{"href":"https:\/\/shop.fizzyvape.com\/hu\/wp-json\/wp\/v2\/media?parent=19396"}],"wp:term":[{"taxonomy":"product_brand","embeddable":true,"href":"https:\/\/shop.fizzyvape.com\/hu\/wp-json\/wp\/v2\/product_brand?post=19396"},{"taxonomy":"product_cat","embeddable":true,"href":"https:\/\/shop.fizzyvape.com\/hu\/wp-json\/wp\/v2\/product_cat?post=19396"},{"taxonomy":"product_tag","embeddable":true,"href":"https:\/\/shop.fizzyvape.com\/hu\/wp-json\/wp\/v2\/product_tag?post=19396"}],"curies":[{"name":"wp","href":"https:\/\/api.w.org\/{rel}","templated":true}]}}