{"id":19430,"date":"2025-06-24T06:55:59","date_gmt":"2025-06-24T06:55:59","guid":{"rendered":"https:\/\/shop.fizzyvape.com\/product\/fizzy-boom-13000-puff-50db\/"},"modified":"2025-06-24T06:55:59","modified_gmt":"2025-06-24T06:55:59","slug":"fizzy-boom-13000-puff-50db","status":"publish","type":"product","link":"https:\/\/shop.fizzyvape.com\/hu\/termek\/fizzy-boom-13000-puff-50db\/","title":{"rendered":"Fizzy Boom &#8211; 13000 puff &#8211; 50db"},"content":{"rendered":"<div>\n<h2>Fizzy Boom 13000 Puffs Eldobhat\u00f3 Vape &#8211; 50db Mystery Flavor Blind Box<\/h2>\n<p>Mer\u00fclj\u00f6n el az 50 pr\u00e9mium Fizzy Boom eldobhat\u00f3 p\u00e1ra izgalm\u00e1ban ezzel az exkluz\u00edv titokzatos dobozzal. Mindegyik eszk\u00f6z leny\u0171g\u00f6z\u0151 13 000 ultra-zsenge, szak\u00e9rtelemmel megalkotott \u00edz\u0171, ultrasima puffot biztos\u00edt, amelyet fejlett h\u00e1l\u00f3s tekercs technol\u00f3gia \u00e9s USB-C gyorst\u00f6lt\u00e9ssel ell\u00e1tott, \u00fajrat\u00f6lthet\u0151 650mAh-s akkumul\u00e1tor hajt. Felfedezed a Juicy Peach, a Icy Blueberry vagy a Tropical Watermelon Cherry nev\u0171 arom\u00e1kat? Minden kibont\u00e1s egy \u00faj \u00edzvil\u00e1g\u00fa utaz\u00e1s.   <\/p>\n<h3>Mi\u00e9rt v\u00e1lassza a Fizzy Boom Blind Boxot?<\/h3>\n<ul>\n<li><strong>Izgalmas v\u00e1ltozatoss\u00e1g:<\/strong> Minden doboz 12 legkelend\u0151bb \u00edzb\u0151l \u00e1ll\u00f3 v\u00e9letlenszer\u0171 v\u00e1laszt\u00e9kot tartalmaz, \u00edgy minden v\u00e1s\u00e1rl\u00e1skor a gy\u00fcm\u00f6lcs\u00f6s \u00e9s jeges kever\u00e9kek dinamikus kever\u00e9k\u00e9t kapja.<\/li>\n<li><strong>T\u00f6meges megtakar\u00edt\u00e1s:<\/strong> T\u00f6bb mint 79%-os megtakar\u00edt\u00e1s az egyedi egys\u00e9gek v\u00e1s\u00e1rl\u00e1s\u00e1hoz k\u00e9pest &#8211; t\u00f6k\u00e9letes a nagykeresked\u0151k \u00e9s a nagybani v\u00e1s\u00e1rl\u00f3k sz\u00e1m\u00e1ra.<\/li>\n<li><strong>Viszontelad\u00f3bar\u00e1t:<\/strong> A kiskereskedelmi csomagol\u00e1s \u00e9s a nagy fogyaszt\u00f3i kereslet ide\u00e1lis term\u00e9kk\u00e9 teszi ezt a term\u00e9ket \u00fczletek, kioszkok \u00e9s online elad\u00f3k sz\u00e1m\u00e1ra.<\/li>\n<li><strong>\u00dajrat\u00f6lthet\u0151 \u00e9s hat\u00e9kony:<\/strong> Az USB-C gyorst\u00f6lt\u00e9s lehet\u0151v\u00e9 teszi, hogy a 21 ml e-folyad\u00e9k minden egyes cseppj\u00e9t \u00e9lvezhesse eszk\u00f6z\u00f6nk\u00e9nt t\u00f6bb \u00fajrat\u00f6lt\u00e9si ciklusban.<\/li>\n<li><strong>Gazdag g\u0151z \u00e9s \u00edz:<\/strong> A kett\u0151s h\u00e1l\u00f3s tekercsek s\u0171r\u0171bb felh\u0151ket \u00e9s gazdagabb \u00edzt eredm\u00e9nyeznek a pr\u00e9mium min\u0151s\u00e9g\u0171 g\u0151z\u00f6l\u00e9si \u00e9lm\u00e9ny \u00e9rdek\u00e9ben.<\/li>\n<li><strong>\u00c9l\u00e9nk, sziv\u00e1rg\u00e1smentes kialak\u00edt\u00e1s:<\/strong> A karnev\u00e1li ihlet\u00e9s\u0171 sz\u00ednes k\u00fcls\u0151 tart\u00f3s, t\u00f6m\u00edtett konstrukci\u00f3val biztos\u00edtja a hordozhat\u00f3s\u00e1got \u00e9s a biztons\u00e1got.<\/li>\n<\/ul>\n<h3>Nikotin er\u0151ss\u00e9g\u0171 opci\u00f3k<\/h3>\n<ul>\n<li><strong>2% (20 mg\/ml):<\/strong> Sima, kiegyens\u00falyozott \u00e9lm\u00e9ny, ide\u00e1lis az alkalmi g\u0151z\u00f6l\u0151k sz\u00e1m\u00e1ra.<\/li>\n<li><strong>5% (50 mg\/ml):<\/strong> Er\u0151sebb torok\u00fct\u00e9s azoknak, akik intenz\u00edvebb nikotinszintet keresnek.<\/li>\n<\/ul>\n<\/div>\n<div>\n<h3>M\u0171szaki adatok<\/h3>\n<table>\n<tbody>\n<tr>\n<td>Puffok<\/td>\n<td><strong>13000+ Puffok<\/strong><\/td>\n<\/tr>\n<tr>\n<td>E-folyad\u00e9k kapacit\u00e1s<\/td>\n<td><strong>21ml<\/strong><\/td>\n<\/tr>\n<tr>\n<td>Az akkumul\u00e1tor kapacit\u00e1sa<\/td>\n<td><strong>650mAh<\/strong><\/td>\n<\/tr>\n<tr>\n<td>Tekercs<\/td>\n<td><strong>H\u00e1l\u00f3s tekercs<\/strong><\/td>\n<\/tr>\n<tr>\n<td>M\u00e9ret<\/td>\n<td><strong>52.8*76.5*25mm<\/strong><\/td>\n<\/tr>\n<tr>\n<td>Eldobhat\u00f3 vagy sem<\/td>\n<td><strong>Eldobhat\u00f3<\/strong><\/td>\n<\/tr>\n<tr>\n<td>T\u00f6lt\u00e9si m\u00f3dszer<\/td>\n<td><strong>K\u00e1bel<\/strong><\/td>\n<\/tr>\n<tr>\n<td>Aktiv\u00e1l\u00e1si m\u00f3dszer<\/td>\n<td><strong>\u00c9rz\u00e9kel\u0151<\/strong><\/td>\n<\/tr>\n<tr>\n<td>Nikotin szint<\/td>\n<td><strong>2% (20mg\/l) \u00e9s 5% (50mg\/l)<\/strong><\/td>\n<\/tr>\n<tr>\n<td>\u00cdzek<\/td>\n<td><strong>12<\/strong><\/td>\n<\/tr>\n<tr>\n<td>Csomagol\u00e1s<\/td>\n<td><strong>1 csomag<\/strong><\/td>\n<\/tr>\n<tr>\n<td>T\u00f6lt\u00e9si id\u0151<\/td>\n<td><strong>2 \u00f3ra<\/strong><\/td>\n<\/tr>\n<tr>\n<td>T\u00e1rol\u00e1s<\/td>\n<td><strong>Ker\u00fclje a magas h\u0151m\u00e9rs\u00e9klet\u0171 k\u00f6rnyezetet, \u00e9s h\u0171v\u00f6s, sz\u00e1raz helyen t\u00e1rolja.<\/strong><\/td>\n<\/tr>\n<tr>\n<td>Haszn\u00e1lat\u00e1t\u00f3l eltiltott szem\u00e9lyek<\/td>\n<td><strong>Kiskor\u00faak, terhes n\u0151k \u00e9s a term\u00e9k \u00f6sszetev\u0151ire allergi\u00e1s szem\u00e9lyek.<\/strong><\/td>\n<\/tr>\n<tr>\n<td>Vigy\u00e1zat<\/td>\n<td><strong>Ne nyelje le ezt az anyagot. Ha lenyelte, azonnal \u00e9s alaposan \u00f6bl\u00edtse ki a sz\u00e1j\u00e1t. Ha rosszul \u00e9rzi mag\u00e1t, forduljon orvoshoz.  <\/strong><\/td>\n<\/tr>\n<\/tbody>\n<\/table>\n<h3><strong>Fizzy Boom <\/strong>13000 Puffs \u00cdzek list\u00e1ja:<\/h3>\n<ol>\n<li>Barack<\/li>\n<li>\u00c1fonya j\u00e9g<\/li>\n<li>Sz\u0151l\u0151 j\u00e9g<\/li>\n<li>Eper<\/li>\n<li>G\u00f6r\u00f6gdinnye j\u00e9g<\/li>\n<li>\u00c1fonya g\u00f6r\u00f6gdinnye r\u00e1g\u00f3gumi<\/li>\n<li>Savany\u00fa alma<\/li>\n<li>g\u00f6r\u00f6gdinnye cseresznye<\/li>\n<li>\u00c1fonya dinnye<\/li>\n<li>Kiwi bogy\u00f3 j\u00e9g<\/li>\n<li>\u00c1fonya m\u00e1lna citrom<\/li>\n<li>Eper g\u00f6r\u00f6gdinnye gr\u00e1n\u00e1talma<\/li>\n<\/ol>\n<h3>GYIK a Fizzy Boom 13000 Puffs Vape-r\u0151l<\/h3>\n<p><strong>H\u00e1nyf\u00e9le \u00edzt kapok a vakdobozban?<\/strong><br \/>\nMind a 12 n\u00e9pszer\u0171 \u00edzb\u0151l v\u00e9letlenszer\u0171en kiv\u00e1lasztott, izgalmas v\u00e1ltozatoss\u00e1got ny\u00fajt\u00f3 \u00edzeket kap.<\/p>\n<p><strong>Kiv\u00e1laszthatom az \u00e1ltalam prefer\u00e1lt nikotin er\u0151ss\u00e9get a teljes megrendel\u00e9shez?<\/strong><br \/>\nIgen, a p\u00e9nzt\u00e1rn\u00e1l a dobozban l\u00e9v\u0151 \u00f6sszes eszk\u00f6zh\u00f6z v\u00e1laszthat 2%-os vagy 5%-os nikotiner\u0151ss\u00e9get.<\/p>\n<p><strong>\u00dajrat\u00f6lthet\u0151ek-e a k\u00e9sz\u00fcl\u00e9kek, \u00e9s h\u00e1nyszor lehet \u00fajrat\u00f6lteni \u0151ket?<\/strong><br \/>\nIgen, minden vape USB-C gyorst\u00f6lt\u00e9ssel rendelkezik, \u00e9s t\u00f6bbsz\u00f6r is felt\u00f6lthet\u0151 &#8211; jellemz\u0151en 2-3 ciklusban &#8211; a 21 ml-es e-folyad\u00e9k kapacit\u00e1s teljes kihaszn\u00e1l\u00e1s\u00e1hoz \u00e9s a 13 000 puff el\u00e9r\u00e9s\u00e9hez.<\/p>\n<\/div>\n","protected":false},"excerpt":{"rendered":"<p>Fizzy Boom 13,000 Puffs Blind Box &#8211; 50 db USB-C \u00fajrat\u00f6lthet\u0151 vapes random cs\u00facs \u00edzekkel. A kett\u0151s h\u00e1l\u00f3s tekercsek gazdag g\u0151zt biztos\u00edtanak. T\u00f6k\u00e9letes a nagykeresked\u0151k \u00e9s a t\u00f6meges k\u00e9szletez\u00e9shez.  <\/p>\n<p><span style=\"color: #ff0000;\"><strong>Korl\u00e1tozott aj\u00e1nlat: 50db k\u00fcl\u00f6nleges kedvezm\u00e9nyes \u00e1ron!<\/strong><\/span><\/p>\n","protected":false},"featured_media":18934,"comment_status":"open","ping_status":"closed","template":"","meta":[],"product_brand":[],"product_cat":[126],"product_tag":[144],"class_list":{"0":"post-19430","1":"product","2":"type-product","3":"status-publish","4":"has-post-thumbnail","6":"product_cat-fizzy-twins-50000-puffs-eldobhato-vape","7":"product_tag-13k-puffs","9":"first","10":"outofstock","11":"sale","12":"shipping-taxable","13":"purchasable","14":"product-type-variable"},"yoast_head":"<!-- This site is optimized with the Yoast SEO Premium plugin v24.8 (Yoast SEO v26.1.1) - https:\/\/yoast.com\/wordpress\/plugins\/seo\/ -->\n<title>Fizzy Boom - 13000 puff - 50db - shop.fizzyvape.com<\/title>\n<meta name=\"description\" content=\"50 x Fizzy Boom 13K Puff mystery vapes - 650K+ puff, 12 \u00edz, USB-C \u00fajrat\u00f6lthet\u0151 \u00e9s kett\u0151s h\u00e1l\u00f3s tekercs. Korl\u00e1tozott idej\u0171 t\u00f6meges kedvezm\u00e9ny! V\u00e1s\u00e1roljon most.\" \/>\n<meta name=\"robots\" content=\"index, follow, max-snippet:-1, max-image-preview:large, max-video-preview:-1\" \/>\n<link rel=\"canonical\" href=\"https:\/\/shop.fizzyvape.com\/hu\/termek\/fizzy-boom-13000-puff-50db\/\" \/>\n<meta property=\"og:locale\" content=\"hu_HU\" \/>\n<meta property=\"og:type\" content=\"article\" \/>\n<meta property=\"og:title\" content=\"Fizzy Boom - 13000 puff - 50db\" \/>\n<meta property=\"og:description\" content=\"50 x Fizzy Boom 13K Puff mystery vapes - 650K+ puff, 12 \u00edz, USB-C \u00fajrat\u00f6lthet\u0151 \u00e9s kett\u0151s h\u00e1l\u00f3s tekercs. Korl\u00e1tozott idej\u0171 t\u00f6meges kedvezm\u00e9ny! V\u00e1s\u00e1roljon most.\" \/>\n<meta property=\"og:url\" content=\"https:\/\/shop.fizzyvape.com\/hu\/termek\/fizzy-boom-13000-puff-50db\/\" \/>\n<meta property=\"og:site_name\" content=\"shop.fizzyvape.com\" \/>\n<meta property=\"og:image\" content=\"https:\/\/shop.fizzyvape.com\/wp-content\/uploads\/2025\/06\/FizzyVape-Boom-13000puff-Main030.jpg\" \/>\n\t<meta property=\"og:image:width\" content=\"1500\" \/>\n\t<meta property=\"og:image:height\" content=\"1500\" \/>\n\t<meta property=\"og:image:type\" content=\"image\/jpeg\" \/>\n<meta name=\"twitter:card\" content=\"summary_large_image\" \/>\n<meta name=\"twitter:label1\" content=\"Becs\u00fclt olvas\u00e1si id\u0151\" \/>\n\t<meta name=\"twitter:data1\" content=\"3 perc\" \/>\n<script type=\"application\/ld+json\" class=\"yoast-schema-graph\">{\"@context\":\"https:\/\/schema.org\",\"@graph\":[{\"@type\":\"WebPage\",\"@id\":\"https:\/\/shop.fizzyvape.com\/hu\/termek\/fizzy-boom-13000-puff-50db\/\",\"url\":\"https:\/\/shop.fizzyvape.com\/hu\/termek\/fizzy-boom-13000-puff-50db\/\",\"name\":\"Fizzy Boom - 13000 puff - 50db - shop.fizzyvape.com\",\"isPartOf\":{\"@id\":\"https:\/\/shop.fizzyvape.com\/hu\/#website\"},\"primaryImageOfPage\":{\"@id\":\"https:\/\/shop.fizzyvape.com\/hu\/termek\/fizzy-boom-13000-puff-50db\/#primaryimage\"},\"image\":{\"@id\":\"https:\/\/shop.fizzyvape.com\/hu\/termek\/fizzy-boom-13000-puff-50db\/#primaryimage\"},\"thumbnailUrl\":\"https:\/\/shop.fizzyvape.com\/wp-content\/uploads\/2025\/06\/FizzyVape-Boom-13000puff-Main030.jpg\",\"datePublished\":\"2025-06-24T06:55:59+00:00\",\"description\":\"50 x Fizzy Boom 13K Puff mystery vapes - 650K+ puff, 12 \u00edz, USB-C \u00fajrat\u00f6lthet\u0151 \u00e9s kett\u0151s h\u00e1l\u00f3s tekercs. Korl\u00e1tozott idej\u0171 t\u00f6meges kedvezm\u00e9ny! V\u00e1s\u00e1roljon most.\",\"breadcrumb\":{\"@id\":\"https:\/\/shop.fizzyvape.com\/hu\/termek\/fizzy-boom-13000-puff-50db\/#breadcrumb\"},\"inLanguage\":\"hu\",\"potentialAction\":[{\"@type\":\"ReadAction\",\"target\":[\"https:\/\/shop.fizzyvape.com\/hu\/termek\/fizzy-boom-13000-puff-50db\/\"]}]},{\"@type\":\"ImageObject\",\"inLanguage\":\"hu\",\"@id\":\"https:\/\/shop.fizzyvape.com\/hu\/termek\/fizzy-boom-13000-puff-50db\/#primaryimage\",\"url\":\"https:\/\/shop.fizzyvape.com\/wp-content\/uploads\/2025\/06\/FizzyVape-Boom-13000puff-Main030.jpg\",\"contentUrl\":\"https:\/\/shop.fizzyvape.com\/wp-content\/uploads\/2025\/06\/FizzyVape-Boom-13000puff-Main030.jpg\",\"width\":1500,\"height\":1500},{\"@type\":\"BreadcrumbList\",\"@id\":\"https:\/\/shop.fizzyvape.com\/hu\/termek\/fizzy-boom-13000-puff-50db\/#breadcrumb\",\"itemListElement\":[{\"@type\":\"ListItem\",\"position\":1,\"name\":\"\u9996\u9875\",\"item\":\"https:\/\/shop.fizzyvape.com\/hu\/\"},{\"@type\":\"ListItem\",\"position\":2,\"name\":\"Shop\",\"item\":\"https:\/\/shop.fizzyvape.com\/shop\/\"},{\"@type\":\"ListItem\",\"position\":3,\"name\":\"Fizzy Boom &#8211; 13000 puff &#8211; 50db\"}]},{\"@type\":\"WebSite\",\"@id\":\"https:\/\/shop.fizzyvape.com\/hu\/#website\",\"url\":\"https:\/\/shop.fizzyvape.com\/hu\/\",\"name\":\"shop.fizzyvape.com\",\"description\":\"The Best Disposable Vape In Europe | 10000 - 60000 Puffs  | Free Shipping\",\"potentialAction\":[{\"@type\":\"SearchAction\",\"target\":{\"@type\":\"EntryPoint\",\"urlTemplate\":\"https:\/\/shop.fizzyvape.com\/hu\/?s={search_term_string}\"},\"query-input\":{\"@type\":\"PropertyValueSpecification\",\"valueRequired\":true,\"valueName\":\"search_term_string\"}}],\"inLanguage\":\"hu\"}]}<\/script>\n<!-- \/ Yoast SEO Premium plugin. -->","yoast_head_json":{"title":"Fizzy Boom - 13000 puff - 50db - shop.fizzyvape.com","description":"50 x Fizzy Boom 13K Puff mystery vapes - 650K+ puff, 12 \u00edz, USB-C \u00fajrat\u00f6lthet\u0151 \u00e9s kett\u0151s h\u00e1l\u00f3s tekercs. Korl\u00e1tozott idej\u0171 t\u00f6meges kedvezm\u00e9ny! V\u00e1s\u00e1roljon most.","robots":{"index":"index","follow":"follow","max-snippet":"max-snippet:-1","max-image-preview":"max-image-preview:large","max-video-preview":"max-video-preview:-1"},"canonical":"https:\/\/shop.fizzyvape.com\/hu\/termek\/fizzy-boom-13000-puff-50db\/","og_locale":"hu_HU","og_type":"article","og_title":"Fizzy Boom - 13000 puff - 50db","og_description":"50 x Fizzy Boom 13K Puff mystery vapes - 650K+ puff, 12 \u00edz, USB-C \u00fajrat\u00f6lthet\u0151 \u00e9s kett\u0151s h\u00e1l\u00f3s tekercs. Korl\u00e1tozott idej\u0171 t\u00f6meges kedvezm\u00e9ny! V\u00e1s\u00e1roljon most.","og_url":"https:\/\/shop.fizzyvape.com\/hu\/termek\/fizzy-boom-13000-puff-50db\/","og_site_name":"shop.fizzyvape.com","og_image":[{"width":1500,"height":1500,"url":"https:\/\/shop.fizzyvape.com\/wp-content\/uploads\/2025\/06\/FizzyVape-Boom-13000puff-Main030.jpg","type":"image\/jpeg"}],"twitter_card":"summary_large_image","twitter_misc":{"Becs\u00fclt olvas\u00e1si id\u0151":"3 perc"},"schema":{"@context":"https:\/\/schema.org","@graph":[{"@type":"WebPage","@id":"https:\/\/shop.fizzyvape.com\/hu\/termek\/fizzy-boom-13000-puff-50db\/","url":"https:\/\/shop.fizzyvape.com\/hu\/termek\/fizzy-boom-13000-puff-50db\/","name":"Fizzy Boom - 13000 puff - 50db - shop.fizzyvape.com","isPartOf":{"@id":"https:\/\/shop.fizzyvape.com\/hu\/#website"},"primaryImageOfPage":{"@id":"https:\/\/shop.fizzyvape.com\/hu\/termek\/fizzy-boom-13000-puff-50db\/#primaryimage"},"image":{"@id":"https:\/\/shop.fizzyvape.com\/hu\/termek\/fizzy-boom-13000-puff-50db\/#primaryimage"},"thumbnailUrl":"https:\/\/shop.fizzyvape.com\/wp-content\/uploads\/2025\/06\/FizzyVape-Boom-13000puff-Main030.jpg","datePublished":"2025-06-24T06:55:59+00:00","description":"50 x Fizzy Boom 13K Puff mystery vapes - 650K+ puff, 12 \u00edz, USB-C \u00fajrat\u00f6lthet\u0151 \u00e9s kett\u0151s h\u00e1l\u00f3s tekercs. Korl\u00e1tozott idej\u0171 t\u00f6meges kedvezm\u00e9ny! V\u00e1s\u00e1roljon most.","breadcrumb":{"@id":"https:\/\/shop.fizzyvape.com\/hu\/termek\/fizzy-boom-13000-puff-50db\/#breadcrumb"},"inLanguage":"hu","potentialAction":[{"@type":"ReadAction","target":["https:\/\/shop.fizzyvape.com\/hu\/termek\/fizzy-boom-13000-puff-50db\/"]}]},{"@type":"ImageObject","inLanguage":"hu","@id":"https:\/\/shop.fizzyvape.com\/hu\/termek\/fizzy-boom-13000-puff-50db\/#primaryimage","url":"https:\/\/shop.fizzyvape.com\/wp-content\/uploads\/2025\/06\/FizzyVape-Boom-13000puff-Main030.jpg","contentUrl":"https:\/\/shop.fizzyvape.com\/wp-content\/uploads\/2025\/06\/FizzyVape-Boom-13000puff-Main030.jpg","width":1500,"height":1500},{"@type":"BreadcrumbList","@id":"https:\/\/shop.fizzyvape.com\/hu\/termek\/fizzy-boom-13000-puff-50db\/#breadcrumb","itemListElement":[{"@type":"ListItem","position":1,"name":"\u9996\u9875","item":"https:\/\/shop.fizzyvape.com\/hu\/"},{"@type":"ListItem","position":2,"name":"Shop","item":"https:\/\/shop.fizzyvape.com\/shop\/"},{"@type":"ListItem","position":3,"name":"Fizzy Boom &#8211; 13000 puff &#8211; 50db"}]},{"@type":"WebSite","@id":"https:\/\/shop.fizzyvape.com\/hu\/#website","url":"https:\/\/shop.fizzyvape.com\/hu\/","name":"shop.fizzyvape.com","description":"The Best Disposable Vape In Europe | 10000 - 60000 Puffs  | Free Shipping","potentialAction":[{"@type":"SearchAction","target":{"@type":"EntryPoint","urlTemplate":"https:\/\/shop.fizzyvape.com\/hu\/?s={search_term_string}"},"query-input":{"@type":"PropertyValueSpecification","valueRequired":true,"valueName":"search_term_string"}}],"inLanguage":"hu"}]}},"tiered_pricing_type":"fixed","tiered_pricing_fixed_rules":[],"tiered_pricing_product_settings":{"layout":"default","base_unit_name":{"singular":null,"plural":null},"default_variation":null},"tiered_pricing_minimum_quantity":null,"tiered_pricing_roles_data":[],"tiered_pricing_percentage_rules":[],"tiered_pricing_maximum_quantity":null,"tiered_pricing_quantity_step":null,"_links":{"self":[{"href":"https:\/\/shop.fizzyvape.com\/hu\/wp-json\/wp\/v2\/product\/19430","targetHints":{"allow":["GET"]}}],"collection":[{"href":"https:\/\/shop.fizzyvape.com\/hu\/wp-json\/wp\/v2\/product"}],"about":[{"href":"https:\/\/shop.fizzyvape.com\/hu\/wp-json\/wp\/v2\/types\/product"}],"replies":[{"embeddable":true,"href":"https:\/\/shop.fizzyvape.com\/hu\/wp-json\/wp\/v2\/comments?post=19430"}],"version-history":[{"count":0,"href":"https:\/\/shop.fizzyvape.com\/hu\/wp-json\/wp\/v2\/product\/19430\/revisions"}],"wp:featuredmedia":[{"embeddable":true,"href":"https:\/\/shop.fizzyvape.com\/hu\/wp-json\/wp\/v2\/media\/18934"}],"wp:attachment":[{"href":"https:\/\/shop.fizzyvape.com\/hu\/wp-json\/wp\/v2\/media?parent=19430"}],"wp:term":[{"taxonomy":"product_brand","embeddable":true,"href":"https:\/\/shop.fizzyvape.com\/hu\/wp-json\/wp\/v2\/product_brand?post=19430"},{"taxonomy":"product_cat","embeddable":true,"href":"https:\/\/shop.fizzyvape.com\/hu\/wp-json\/wp\/v2\/product_cat?post=19430"},{"taxonomy":"product_tag","embeddable":true,"href":"https:\/\/shop.fizzyvape.com\/hu\/wp-json\/wp\/v2\/product_tag?post=19430"}],"curies":[{"name":"wp","href":"https:\/\/api.w.org\/{rel}","templated":true}]}}