{"id":19467,"date":"2025-06-07T08:57:24","date_gmt":"2025-06-07T08:57:24","guid":{"rendered":"https:\/\/shop.fizzyvape.com\/product\/fizzy-max-iii-6in1-60k-60000-puffs-ujratoltheto-eldobhato-vape-rejtelyes-eldobhato-vape-doboz-6-pack\/"},"modified":"2026-02-28T10:27:48","modified_gmt":"2026-02-28T10:27:48","slug":"fizzy-max-iii-6in1-60k-60000-puffs-ujratoltheto-eldobhato-vape-rejtelyes-eldobhato-vape-doboz-6-pack","status":"publish","type":"product","link":"https:\/\/shop.fizzyvape.com\/hu\/termek\/fizzy-max-iii-6in1-60k-60000-puffs-ujratoltheto-eldobhato-vape-rejtelyes-eldobhato-vape-doboz-6-pack\/","title":{"rendered":"Fizzy Max III 6in1 60K 60000 Puffs \u00fajrat\u00f6lthet\u0151 eldobhat\u00f3 vape &#8211; rejt\u00e9lyes eldobhat\u00f3 vape doboz (6-Pack)"},"content":{"rendered":"<h2><strong>Fizzy Max III 6in1 60K 60000 Puffs \u00fajrat\u00f6lthet\u0151 eldobhat\u00f3 vape &#8211; rejt\u00e9lyes eldobhat\u00f3 vape doboz (6-Pack)<\/strong><\/h2>\n<p><strong>6 \u00edz \u00d7 6 eszk\u00f6z &#8211; Meglepet\u00e9s kaland minden egyes puffban<\/strong><\/p>\n<p>Nyissa ki a p\u00e1rolg\u00e1s izgalm\u00e1t a <strong>Fizzy Max III Mystery Disposable Vape Box-szal<\/strong> &#8211; egy meglepet\u00e9scsomag, amely <strong>6 pr\u00e9mium 60000 puffot<\/strong> tartalmaz\u00f3 <strong>k\u00e9sz\u00fcl\u00e9ket<\/strong> tartalmaz. Minden egyes vape k\u00e9sz\u00fcl\u00e9k <strong>3 egyedi, egyedi \u00edzzel<\/strong> \u00e9s <strong>3 kevert \u00edzm\u00f3ddal<\/strong> rendelkezik, amelyek a sz\u00e1jr\u00e9sz forgat\u00e1s\u00e1val k\u00f6nnyen v\u00e1ltogathat\u00f3k a gazdag \u00e9s v\u00e1ltozatos vaping \u00e9lm\u00e9ny \u00e9rdek\u00e9ben. Az izgalomkeres\u0151knek \u00e9s az \u00edzek szerelmeseinek tervezt\u00e9k, ez az \u00fajrat\u00f6lthet\u0151 eldobhat\u00f3 vape szett egyes\u00edti <strong>a teljes\u00edtm\u00e9nyt, a v\u00e1ltozatoss\u00e1got \u00e9s a k\u00e9nyelmet<\/strong> egyetlen ellen\u00e1llhatatlan gy\u0171jtem\u00e9nyben.<\/p>\n<h3><strong>Mi van benne &#8211; 6 k\u00e9zzel v\u00e1logatott \u00edzkombin\u00e1ci\u00f3<\/strong><\/h3>\n<p><strong>1. Eper Sz\u0151l\u0151 \u00e9s \u00e1fonya K\u00f3kusz \u00e9s barack Citrom<\/strong><br \/>\n<strong>2. \u00c1fonya-m\u00e1lna &amp; h\u00e1rmas dinnye &amp; eper j\u00e9g<\/strong><br \/>\n<strong>3. Vegyes bogy\u00f3s gy\u00fcm\u00f6lcs \u00e9s kiwi Maracuja Guava \u00e9s eper G\u00f6r\u00f6gdinnye<\/strong><br \/>\n<strong>4. Eper-kiwi &amp; \u00e1fonya j\u00e9g &amp; g\u00f6r\u00f6gdinnye j\u00e9g<\/strong><br \/>\n<strong>5. Blue Razz Ice &amp; Strawberry Kiwi &amp; Sour Anan\u00e1sz Narancs<\/strong><br \/>\n<strong>6. Eper s\u00e1rk\u00e1nygy\u00fcm\u00f6lcs &amp; Red Bull &amp; m\u00e1lna g\u00f6r\u00f6gdinnye<\/strong><\/p>\n<p>Minden egyes eszk\u00f6zzel forgassa el a sz\u00f3r\u00f3fejet a ciklus v\u00e9gigj\u00e1r\u00e1s\u00e1hoz:<\/p>\n<p><strong>A \u2192 Mix AB \u2192 B \u2192 Mix BC \u2192 C \u2192 Mix CA<\/strong><\/p>\n<p>Z\u00f6kken\u0151mentes ciklus mind a hat lehets\u00e9ges \u00edzt egy egyszer\u0171 sz\u00e1jdarab forgat\u00e1ssal. \u00c9lvezze a 6 az 1-ben rendszer v\u00e9gs\u0151 k\u00e9nyelm\u00e9t. K\u00edv\u00e1ncsi? N\u00e9zze meg bemutat\u00f3 <a href=\"https:\/\/www.youtube.com\/watch?v=CoxB_HvaU3k\">vide\u00f3nkat<\/a>.<\/p>\n<h3><strong>A term\u00e9k kiemelked\u0151 jellemz\u0151i<\/strong><\/h3>\n<ul>\n<li><strong>Ak\u00e1r 60,000 szippant\u00e1s k\u00e9sz\u00fcl\u00e9kenk\u00e9nt<\/strong><\/li>\n<li><strong>6 az 1-ben \u00edzrendszer<\/strong> &#8211; Forgassa az egyes \u00e9s vegyes \u00edzek felfedez\u00e9s\u00e9hez<\/li>\n<li><strong>6 x 60,000 puff<\/strong> &#8211; Hosszan tart\u00f3 teljes\u00edtm\u00e9ny minden egyes eszk\u00f6zzel, nincs sz\u00fcks\u00e9g \u00fajrat\u00f6lt\u00e9sre.<\/li>\n<li><strong>\u00dajrat\u00f6lthet\u0151 850mAh akkumul\u00e1tor<\/strong> &#8211; Gyors USB-C t\u00f6lt\u00e9s<\/li>\n<li><strong>H\u00e1romszoros 20ml-es pod (\u00f6sszesen 60ml)<\/strong> &#8211; Nincs sz\u00fcks\u00e9g \u00fajrat\u00f6lt\u00e9sre<\/li>\n<li><strong>Fejlett h\u00e1l\u00f3s tekercs<\/strong> &#8211; Sima g\u0151z \u00e9s intenz\u00edv aroma<\/li>\n<li><strong>LED kijelz\u0151<\/strong> &#8211; Val\u00f3s idej\u0171 akkumul\u00e1tor + \u00fczemm\u00f3d l\u00e1that\u00f3s\u00e1g<\/li>\n<li><strong>Nikotin opci\u00f3k<\/strong> &#8211; V\u00e1lasszon 2% (20mg) vagy 5% (50mg)<\/li>\n<\/ul>\n<h3><strong>Fizzy Max III 6in1 60000 Puffs Eldobhat\u00f3 Vape \u00edzek list\u00e1ja:<\/strong><\/h3>\n<ol>\n<li><a href=\"https:\/\/shop.fizzyvape.com\/hu\/termek\/fizzy-max-iii-6in1-60k-60000-puffs-eldobhato-vape-eper-malna-es-mango-barack-es-afonya-gorogdinnye\/\">Eper M\u00e1lna \u00e9s mang\u00f3 Barack \u00e9s \u00e1fonya G\u00f6r\u00f6gdinnye<\/a><\/li>\n<li><a href=\"https:\/\/shop.fizzyvape.com\/hu\/termek\/fizzy-max-iii-6in1-60k-60000-puffs-eldobhato-vape-vegyes-bogyo-es-kiwi-golgotavirag-guava-es-eper-gorogdinnye\/\">Vegyes bogy\u00f3s gy\u00fcm\u00f6lcs \u00e9s kiwi maracuja Guava \u00e9s eper g\u00f6r\u00f6gdinnye<\/a><\/li>\n<li><a href=\"https:\/\/shop.fizzyvape.com\/hu\/termek\/fizzy-max-iii-6in1-60k-60000-puffs-eldobhato-vape-afonya-malna-es-tripla-dinnye-es-eper-jeg\/\">\u00c1fonya-m\u00e1lna &amp; h\u00e1rmas dinnye &amp; eper j\u00e9g<\/a><\/li>\n<li><a href=\"https:\/\/shop.fizzyvape.com\/hu\/termek\/fizzy-max-iii-6in1-60k-60000-puffs-eldobhato-vape-eper-sarkanygyumolcs-red-bull-malna-gorogdinnye\/\">Eper s\u00e1rk\u00e1nygy\u00fcm\u00f6lcs &amp; Red Bull &amp; m\u00e1lna g\u00f6r\u00f6gdinnye<\/a><\/li>\n<li><a href=\"https:\/\/shop.fizzyvape.com\/hu\/termek\/fizzy-max-iii-6in1-60k-60000-puffs-eldobhato-vape-eper-kiwi-afonya-jeg-gorogdinnye-jeg\/\">Eper-kiwi &amp; \u00e1fonya j\u00e9g &amp; g\u00f6r\u00f6gdinnye j\u00e9g<\/a><\/li>\n<li><a href=\"https:\/\/shop.fizzyvape.com\/hu\/termek\/fizzy-max-iii-6in1-60k-60000-puffs-eldobhato-vape-blueberry-ice-fizzy-cherry-raspberry-lemon\/\">\u00c1fonya Ice &amp; Fizzy Cherry &amp; M\u00e1lna Lemon<\/a><\/li>\n<li><a href=\"https:\/\/shop.fizzyvape.com\/hu\/termek\/fizzy-max-iii-6in1-60k-60000-puffs-eldobhato-vape-gorogdinnye-jeg-es-eper-vanilia-kola-es-vegyes-bogyo\/\">G\u00f6r\u00f6gdinnye j\u00e9g &amp; eper Van\u00edlia k\u00f3la &amp; vegyes<\/a><\/li>\n<li><a href=\"https:\/\/shop.fizzyvape.com\/hu\/termek\/fizzy-max-iii-6in1-60k-60000-puffs-eldobhato-vape-eper-szolo-es-afonya-kokusz-es-barack-citrom\/\">Eper Sz\u0151l\u0151 &amp; \u00c1fonya K\u00f3kusz &amp; Barack Citrom<\/a><\/li>\n<li><a href=\"https:\/\/shop.fizzyvape.com\/hu\/termek\/fizzy-max-iii-6in1-60k-60000-puffs-eldobhato-vape-blue-razz-ice-strawberry-kiwi-sour-ananasz-narancs\/\">Blue Razz Ice &amp; Strawberry Kiwi &amp; Sour Anan\u00e1sz Narancs<\/a><\/li>\n<li><a href=\"https:\/\/shop.fizzyvape.com\/hu\/termek\/fizzy-max-iii-6in1-60k-60000-puffs-eldobhato-vape-eper-gorogdinnye-citromos-lime-afonya-kokuszdio\/\">Epres g\u00f6r\u00f6gdinnye &amp; citromos lime &amp; \u00e1fony\u00e1s k\u00f3kuszos<\/a><\/li>\n<\/ol>\n<h3><strong> Vaping \u00fczemm\u00f3dok minden preferenci\u00e1hoz<\/strong><\/h3>\n<p><strong> Single-Flavor Mode (MTL):<\/strong><br \/>\nSima sz\u00e1jb\u00f3l a t\u00fcd\u0151be h\u00faz\u00e1s, amely klasszikus, cigarettaszer\u0171 bel\u00e9gz\u00e9st k\u00edn\u00e1l, amely t\u00f6k\u00e9letes az egyes \u00edzek \u00edzlel\u00e9s\u00e9hez.<\/p>\n<p><strong> Kett\u0151s \u00edzkever\u00e9si m\u00f3d (DL):<\/strong><br \/>\nA tov\u00e1bbfejlesztett l\u00e9g\u00e1raml\u00e1s mer\u00e9sz, k\u00f6zvetlen t\u00fcd\u0151re hat\u00f3, teltebb g\u0151zzel \u00e9s izgalmas \u00edzkever\u00e9kekkel.<\/p>\n<h3><strong>Mi\u00e9rt fogod szeretni?<\/strong><\/h3>\n<ul>\n<li>K\u00f6nny\u0171 \u00edzv\u00e1lt\u00e1s a forg\u00f3 sz\u00f3r\u00f3fejjel<\/li>\n<li>Hossz\u00fa \u00e9lettartam\u00fa akkumul\u00e1tor \u00e9s e-folyad\u00e9k &#8211; ak\u00e1r 60.000 slukkol\u00e1sig<\/li>\n<li>Gyors sz\u00e1ll\u00edt\u00e1s Eur\u00f3p\u00e1b\u00f3l &#8211; gyors sz\u00e1ll\u00edt\u00e1s v\u00e1mk\u00e9sedelem n\u00e9lk\u00fcl<\/li>\n<li>Egy csomag, 6 eszk\u00f6z, v\u00e9gtelen \u00edzv\u00e1laszt\u00e9k.<\/li>\n<li>Hat \u00edz egy kompakt, \u00fajrat\u00f6lthet\u0151 k\u00e9sz\u00fcl\u00e9kben<\/li>\n<\/ul>\n<h3><strong> GYIK &#8211; Fizzy Max III 6in1 60000 Puffs eldobhat\u00f3 Vape<\/strong><\/h3>\n<ul>\n<li><strong>H\u00e1ny slukkot biztos\u00edtanak az egyes k\u00e9sz\u00fcl\u00e9kek?<\/strong><br \/>\nMinden Fizzy Max III k\u00e9sz\u00fcl\u00e9k ak\u00e1r <strong>60 000 slukkot<\/strong> biztos\u00edt a hossz\u00fa t\u00e1v\u00fa haszn\u00e1lat \u00e9rdek\u00e9ben.<\/li>\n<li><strong>\u00dajrat\u00f6lthet\u0151 a k\u00e9sz\u00fcl\u00e9k?<\/strong><br \/>\nIgen, <strong>850mAh-s \u00fajrat\u00f6lthet\u0151 akkumul\u00e1torral<\/strong> rendelkezik, \u00e9s t\u00e1mogatja a <strong>C t\u00edpus\u00fa gyorst\u00f6lt\u00e9st<\/strong>.<\/li>\n<li><strong>Hogyan v\u00e1lthatok \u00edzeket?<\/strong><br \/>\nEgyszer\u0171en <strong>emelje fel \u00e9s forgassa el a sz\u00e1jdarabot<\/strong>, hogy 3 egy- \u00e9s 3 vegyes \u00edz\u0171 \u00fczemm\u00f3dot v\u00e1ltson.<\/li>\n<li><strong>Milyen nikotin er\u0151ss\u00e9g\u0171ek kaphat\u00f3k?<\/strong><br \/>\nA k\u00fcl\u00f6nb\u00f6z\u0151 preferenci\u00e1knak megfelel\u0151 <strong>2% \u00e9s 5% nikotin<\/strong> opci\u00f3ban kaphat\u00f3.<\/li>\n<li><strong>Van a k\u00e9sz\u00fcl\u00e9knek akkumul\u00e1torjelz\u0151je?<\/strong><br \/>\nIgen, a <strong>LED-kijelz\u0151<\/strong> mutatja az akkumul\u00e1tor \u00e1llapot\u00e1t \u00e9s az aktu\u00e1lis \u00edzes\u00edt\u00e9si m\u00f3dot.<\/li>\n<\/ul>\n","protected":false},"excerpt":{"rendered":"<p>Fedezze fel a <strong>Fizzy Max III 6in1 60K \u00fajrat\u00f6lthet\u0151 eldobhat\u00f3 vape<\/strong> meglepet\u00e9s csomagot &#8211;<strong> 6 eszk\u00f6z<\/strong>, gazdag, forg\u00f3 \u00edzekkel \u00e9s ak\u00e1r<strong> 60.000 slukkkal<\/strong> megt\u00f6ltve. <strong>\u00dajrat\u00f6lthet\u0151<\/strong> akkumul\u00e1torral,<strong> LED<\/strong> kijelz\u0151vel \u00e9s <strong>k\u00e9tf\u00e9le nikotiner\u0151ss\u00e9ggel<\/strong>(2%\/5%), ez a csomag t\u00f6k\u00e9letes a v\u00e1ltozatoss\u00e1gra \u00e9s k\u00e9nyelemre v\u00e1gy\u00f3 \u00edzek kedvel\u0151inek.<\/p>\n","protected":false},"featured_media":18804,"comment_status":"open","ping_status":"closed","template":"","meta":[],"product_brand":[],"product_cat":[298,149,150,148],"product_tag":[135,136,137,138],"class_list":{"0":"post-19467","1":"product","2":"type-product","3":"status-publish","4":"has-post-thumbnail","6":"product_cat-eu-raktar","7":"product_cat-fizzy-max-iii-60000-puffs-eldobhato-vape","8":"product_cat-multi-aromak-vape-pack","9":"product_cat-ujratoltheto-eldobhato-vape","10":"product_tag-6-az-1-ben-izek","11":"product_tag-60k-puffs-hu","12":"product_tag-eldobhato-vape","13":"product_tag-ujratoltheto","15":"first","16":"outofstock","17":"sale","18":"shipping-taxable","19":"purchasable","20":"product-type-variable"},"yoast_head":"<!-- This site is optimized with the Yoast SEO Premium plugin v24.8 (Yoast SEO v27.4) - https:\/\/yoast.com\/product\/yoast-seo-premium-wordpress\/ -->\n<title>Fizzy Max III 60000 Puffs \u00fajrat\u00f6lthet\u0151 eldobhat\u00f3 Vape - 6-Pack<\/title>\n<meta name=\"description\" content=\"Minden \u00fajrat\u00f6lthet\u0151 vape 6 kapcsolhat\u00f3 \u00edzzel, ak\u00e1r 60000 slukkol\u00e1ssal, LED kijelz\u0151vel, 2%\/5% nikotinnal \u00e9s USB-C t\u00f6lt\u00e9ssel rendelkezik - minden slukkban v\u00e1ltozatos \u00edzek.\" \/>\n<meta name=\"robots\" content=\"index, follow, max-snippet:-1, max-image-preview:large, max-video-preview:-1\" \/>\n<link rel=\"canonical\" href=\"https:\/\/shop.fizzyvape.com\/hu\/termek\/fizzy-max-iii-6in1-60k-60000-puffs-ujratoltheto-eldobhato-vape-rejtelyes-eldobhato-vape-doboz-6-pack\/\" \/>\n<meta property=\"og:locale\" content=\"hu_HU\" \/>\n<meta property=\"og:type\" content=\"article\" \/>\n<meta property=\"og:title\" content=\"Fizzy Max III 6in1 60K 60000 Puffs \u00fajrat\u00f6lthet\u0151 eldobhat\u00f3 vape - rejt\u00e9lyes eldobhat\u00f3 vape doboz (6-Pack)\" \/>\n<meta property=\"og:description\" content=\"Minden \u00fajrat\u00f6lthet\u0151 vape 6 kapcsolhat\u00f3 \u00edzzel, ak\u00e1r 60000 slukkol\u00e1ssal, LED kijelz\u0151vel, 2%\/5% nikotinnal \u00e9s USB-C t\u00f6lt\u00e9ssel rendelkezik - minden slukkban v\u00e1ltozatos \u00edzek.\" \/>\n<meta property=\"og:url\" content=\"https:\/\/shop.fizzyvape.com\/hu\/termek\/fizzy-max-iii-6in1-60k-60000-puffs-ujratoltheto-eldobhato-vape-rejtelyes-eldobhato-vape-doboz-6-pack\/\" \/>\n<meta property=\"og:site_name\" content=\"shop.fizzyvape.com\" \/>\n<meta property=\"article:modified_time\" content=\"2026-02-28T10:27:48+00:00\" \/>\n<meta property=\"og:image\" content=\"https:\/\/shop.fizzyvape.com\/wp-content\/uploads\/2025\/06\/Fizzy-Max-III-6in1-60K-60000-Puffs-Disposable-Vape-02.webp\" \/>\n\t<meta property=\"og:image:width\" content=\"800\" \/>\n\t<meta property=\"og:image:height\" content=\"800\" \/>\n\t<meta property=\"og:image:type\" content=\"image\/webp\" \/>\n<meta name=\"twitter:card\" content=\"summary_large_image\" \/>\n<meta name=\"twitter:label1\" content=\"Becs\u00fclt olvas\u00e1si id\u0151\" \/>\n\t<meta name=\"twitter:data1\" content=\"4 perc\" \/>\n<script type=\"application\/ld+json\" class=\"yoast-schema-graph\">{\"@context\":\"https:\\\/\\\/schema.org\",\"@graph\":[{\"@type\":\"WebPage\",\"@id\":\"https:\\\/\\\/shop.fizzyvape.com\\\/hu\\\/termek\\\/fizzy-max-iii-6in1-60k-60000-puffs-ujratoltheto-eldobhato-vape-rejtelyes-eldobhato-vape-doboz-6-pack\\\/\",\"url\":\"https:\\\/\\\/shop.fizzyvape.com\\\/hu\\\/termek\\\/fizzy-max-iii-6in1-60k-60000-puffs-ujratoltheto-eldobhato-vape-rejtelyes-eldobhato-vape-doboz-6-pack\\\/\",\"name\":\"Fizzy Max III 60000 Puffs \u00fajrat\u00f6lthet\u0151 eldobhat\u00f3 Vape - 6-Pack\",\"isPartOf\":{\"@id\":\"https:\\\/\\\/shop.fizzyvape.com\\\/hu\\\/#website\"},\"primaryImageOfPage\":{\"@id\":\"https:\\\/\\\/shop.fizzyvape.com\\\/hu\\\/termek\\\/fizzy-max-iii-6in1-60k-60000-puffs-ujratoltheto-eldobhato-vape-rejtelyes-eldobhato-vape-doboz-6-pack\\\/#primaryimage\"},\"image\":{\"@id\":\"https:\\\/\\\/shop.fizzyvape.com\\\/hu\\\/termek\\\/fizzy-max-iii-6in1-60k-60000-puffs-ujratoltheto-eldobhato-vape-rejtelyes-eldobhato-vape-doboz-6-pack\\\/#primaryimage\"},\"thumbnailUrl\":\"https:\\\/\\\/shop.fizzyvape.com\\\/wp-content\\\/uploads\\\/2025\\\/06\\\/Fizzy-Max-III-6in1-60K-60000-Puffs-Disposable-Vape-02.webp\",\"datePublished\":\"2025-06-07T08:57:24+00:00\",\"dateModified\":\"2026-02-28T10:27:48+00:00\",\"description\":\"Minden \u00fajrat\u00f6lthet\u0151 vape 6 kapcsolhat\u00f3 \u00edzzel, ak\u00e1r 60000 slukkol\u00e1ssal, LED kijelz\u0151vel, 2%\\\/5% nikotinnal \u00e9s USB-C t\u00f6lt\u00e9ssel rendelkezik - minden slukkban v\u00e1ltozatos \u00edzek.\",\"breadcrumb\":{\"@id\":\"https:\\\/\\\/shop.fizzyvape.com\\\/hu\\\/termek\\\/fizzy-max-iii-6in1-60k-60000-puffs-ujratoltheto-eldobhato-vape-rejtelyes-eldobhato-vape-doboz-6-pack\\\/#breadcrumb\"},\"inLanguage\":\"hu\",\"potentialAction\":[{\"@type\":\"ReadAction\",\"target\":[\"https:\\\/\\\/shop.fizzyvape.com\\\/hu\\\/termek\\\/fizzy-max-iii-6in1-60k-60000-puffs-ujratoltheto-eldobhato-vape-rejtelyes-eldobhato-vape-doboz-6-pack\\\/\"]}]},{\"@type\":\"ImageObject\",\"inLanguage\":\"hu\",\"@id\":\"https:\\\/\\\/shop.fizzyvape.com\\\/hu\\\/termek\\\/fizzy-max-iii-6in1-60k-60000-puffs-ujratoltheto-eldobhato-vape-rejtelyes-eldobhato-vape-doboz-6-pack\\\/#primaryimage\",\"url\":\"https:\\\/\\\/shop.fizzyvape.com\\\/wp-content\\\/uploads\\\/2025\\\/06\\\/Fizzy-Max-III-6in1-60K-60000-Puffs-Disposable-Vape-02.webp\",\"contentUrl\":\"https:\\\/\\\/shop.fizzyvape.com\\\/wp-content\\\/uploads\\\/2025\\\/06\\\/Fizzy-Max-III-6in1-60K-60000-Puffs-Disposable-Vape-02.webp\",\"width\":800,\"height\":800,\"caption\":\"Fizzy Max III 6in1 60K 60000 Puffs eldobhat\u00f3 Vape 02\"},{\"@type\":\"BreadcrumbList\",\"@id\":\"https:\\\/\\\/shop.fizzyvape.com\\\/hu\\\/termek\\\/fizzy-max-iii-6in1-60k-60000-puffs-ujratoltheto-eldobhato-vape-rejtelyes-eldobhato-vape-doboz-6-pack\\\/#breadcrumb\",\"itemListElement\":[{\"@type\":\"ListItem\",\"position\":1,\"name\":\"\u9996\u9875\",\"item\":\"https:\\\/\\\/shop.fizzyvape.com\\\/hu\\\/\"},{\"@type\":\"ListItem\",\"position\":2,\"name\":\"Shop\",\"item\":\"https:\\\/\\\/shop.fizzyvape.com\\\/shop\\\/\"},{\"@type\":\"ListItem\",\"position\":3,\"name\":\"Fizzy Max III 6in1 60K 60000 Puffs \u00fajrat\u00f6lthet\u0151 eldobhat\u00f3 vape &#8211; rejt\u00e9lyes eldobhat\u00f3 vape doboz (6-Pack)\"}]},{\"@type\":\"WebSite\",\"@id\":\"https:\\\/\\\/shop.fizzyvape.com\\\/hu\\\/#website\",\"url\":\"https:\\\/\\\/shop.fizzyvape.com\\\/hu\\\/\",\"name\":\"shop.fizzyvape.com\",\"description\":\"The Best Disposable Vape In Europe | 10000 - 60000 Puffs  | Free Shipping\",\"potentialAction\":[{\"@type\":\"SearchAction\",\"target\":{\"@type\":\"EntryPoint\",\"urlTemplate\":\"https:\\\/\\\/shop.fizzyvape.com\\\/hu\\\/?s={search_term_string}\"},\"query-input\":{\"@type\":\"PropertyValueSpecification\",\"valueRequired\":true,\"valueName\":\"search_term_string\"}}],\"inLanguage\":\"hu\"}]}<\/script>\n<!-- \/ Yoast SEO Premium plugin. -->","yoast_head_json":{"title":"Fizzy Max III 60000 Puffs \u00fajrat\u00f6lthet\u0151 eldobhat\u00f3 Vape - 6-Pack","description":"Minden \u00fajrat\u00f6lthet\u0151 vape 6 kapcsolhat\u00f3 \u00edzzel, ak\u00e1r 60000 slukkol\u00e1ssal, LED kijelz\u0151vel, 2%\/5% nikotinnal \u00e9s USB-C t\u00f6lt\u00e9ssel rendelkezik - minden slukkban v\u00e1ltozatos \u00edzek.","robots":{"index":"index","follow":"follow","max-snippet":"max-snippet:-1","max-image-preview":"max-image-preview:large","max-video-preview":"max-video-preview:-1"},"canonical":"https:\/\/shop.fizzyvape.com\/hu\/termek\/fizzy-max-iii-6in1-60k-60000-puffs-ujratoltheto-eldobhato-vape-rejtelyes-eldobhato-vape-doboz-6-pack\/","og_locale":"hu_HU","og_type":"article","og_title":"Fizzy Max III 6in1 60K 60000 Puffs \u00fajrat\u00f6lthet\u0151 eldobhat\u00f3 vape - rejt\u00e9lyes eldobhat\u00f3 vape doboz (6-Pack)","og_description":"Minden \u00fajrat\u00f6lthet\u0151 vape 6 kapcsolhat\u00f3 \u00edzzel, ak\u00e1r 60000 slukkol\u00e1ssal, LED kijelz\u0151vel, 2%\/5% nikotinnal \u00e9s USB-C t\u00f6lt\u00e9ssel rendelkezik - minden slukkban v\u00e1ltozatos \u00edzek.","og_url":"https:\/\/shop.fizzyvape.com\/hu\/termek\/fizzy-max-iii-6in1-60k-60000-puffs-ujratoltheto-eldobhato-vape-rejtelyes-eldobhato-vape-doboz-6-pack\/","og_site_name":"shop.fizzyvape.com","article_modified_time":"2026-02-28T10:27:48+00:00","og_image":[{"width":800,"height":800,"url":"https:\/\/shop.fizzyvape.com\/wp-content\/uploads\/2025\/06\/Fizzy-Max-III-6in1-60K-60000-Puffs-Disposable-Vape-02.webp","type":"image\/webp"}],"twitter_card":"summary_large_image","twitter_misc":{"Becs\u00fclt olvas\u00e1si id\u0151":"4 perc"},"schema":{"@context":"https:\/\/schema.org","@graph":[{"@type":"WebPage","@id":"https:\/\/shop.fizzyvape.com\/hu\/termek\/fizzy-max-iii-6in1-60k-60000-puffs-ujratoltheto-eldobhato-vape-rejtelyes-eldobhato-vape-doboz-6-pack\/","url":"https:\/\/shop.fizzyvape.com\/hu\/termek\/fizzy-max-iii-6in1-60k-60000-puffs-ujratoltheto-eldobhato-vape-rejtelyes-eldobhato-vape-doboz-6-pack\/","name":"Fizzy Max III 60000 Puffs \u00fajrat\u00f6lthet\u0151 eldobhat\u00f3 Vape - 6-Pack","isPartOf":{"@id":"https:\/\/shop.fizzyvape.com\/hu\/#website"},"primaryImageOfPage":{"@id":"https:\/\/shop.fizzyvape.com\/hu\/termek\/fizzy-max-iii-6in1-60k-60000-puffs-ujratoltheto-eldobhato-vape-rejtelyes-eldobhato-vape-doboz-6-pack\/#primaryimage"},"image":{"@id":"https:\/\/shop.fizzyvape.com\/hu\/termek\/fizzy-max-iii-6in1-60k-60000-puffs-ujratoltheto-eldobhato-vape-rejtelyes-eldobhato-vape-doboz-6-pack\/#primaryimage"},"thumbnailUrl":"https:\/\/shop.fizzyvape.com\/wp-content\/uploads\/2025\/06\/Fizzy-Max-III-6in1-60K-60000-Puffs-Disposable-Vape-02.webp","datePublished":"2025-06-07T08:57:24+00:00","dateModified":"2026-02-28T10:27:48+00:00","description":"Minden \u00fajrat\u00f6lthet\u0151 vape 6 kapcsolhat\u00f3 \u00edzzel, ak\u00e1r 60000 slukkol\u00e1ssal, LED kijelz\u0151vel, 2%\/5% nikotinnal \u00e9s USB-C t\u00f6lt\u00e9ssel rendelkezik - minden slukkban v\u00e1ltozatos \u00edzek.","breadcrumb":{"@id":"https:\/\/shop.fizzyvape.com\/hu\/termek\/fizzy-max-iii-6in1-60k-60000-puffs-ujratoltheto-eldobhato-vape-rejtelyes-eldobhato-vape-doboz-6-pack\/#breadcrumb"},"inLanguage":"hu","potentialAction":[{"@type":"ReadAction","target":["https:\/\/shop.fizzyvape.com\/hu\/termek\/fizzy-max-iii-6in1-60k-60000-puffs-ujratoltheto-eldobhato-vape-rejtelyes-eldobhato-vape-doboz-6-pack\/"]}]},{"@type":"ImageObject","inLanguage":"hu","@id":"https:\/\/shop.fizzyvape.com\/hu\/termek\/fizzy-max-iii-6in1-60k-60000-puffs-ujratoltheto-eldobhato-vape-rejtelyes-eldobhato-vape-doboz-6-pack\/#primaryimage","url":"https:\/\/shop.fizzyvape.com\/wp-content\/uploads\/2025\/06\/Fizzy-Max-III-6in1-60K-60000-Puffs-Disposable-Vape-02.webp","contentUrl":"https:\/\/shop.fizzyvape.com\/wp-content\/uploads\/2025\/06\/Fizzy-Max-III-6in1-60K-60000-Puffs-Disposable-Vape-02.webp","width":800,"height":800,"caption":"Fizzy Max III 6in1 60K 60000 Puffs eldobhat\u00f3 Vape 02"},{"@type":"BreadcrumbList","@id":"https:\/\/shop.fizzyvape.com\/hu\/termek\/fizzy-max-iii-6in1-60k-60000-puffs-ujratoltheto-eldobhato-vape-rejtelyes-eldobhato-vape-doboz-6-pack\/#breadcrumb","itemListElement":[{"@type":"ListItem","position":1,"name":"\u9996\u9875","item":"https:\/\/shop.fizzyvape.com\/hu\/"},{"@type":"ListItem","position":2,"name":"Shop","item":"https:\/\/shop.fizzyvape.com\/shop\/"},{"@type":"ListItem","position":3,"name":"Fizzy Max III 6in1 60K 60000 Puffs \u00fajrat\u00f6lthet\u0151 eldobhat\u00f3 vape &#8211; rejt\u00e9lyes eldobhat\u00f3 vape doboz (6-Pack)"}]},{"@type":"WebSite","@id":"https:\/\/shop.fizzyvape.com\/hu\/#website","url":"https:\/\/shop.fizzyvape.com\/hu\/","name":"shop.fizzyvape.com","description":"The Best Disposable Vape In Europe | 10000 - 60000 Puffs  | Free Shipping","potentialAction":[{"@type":"SearchAction","target":{"@type":"EntryPoint","urlTemplate":"https:\/\/shop.fizzyvape.com\/hu\/?s={search_term_string}"},"query-input":{"@type":"PropertyValueSpecification","valueRequired":true,"valueName":"search_term_string"}}],"inLanguage":"hu"}]}},"tiered_pricing_type":"fixed","tiered_pricing_fixed_rules":[],"tiered_pricing_product_settings":{"layout":"default","base_unit_name":{"singular":null,"plural":null},"default_variation":null},"tiered_pricing_minimum_quantity":null,"tiered_pricing_roles_data":[],"tiered_pricing_percentage_rules":[],"tiered_pricing_maximum_quantity":null,"tiered_pricing_quantity_step":null,"_links":{"self":[{"href":"https:\/\/shop.fizzyvape.com\/hu\/wp-json\/wp\/v2\/product\/19467","targetHints":{"allow":["GET"]}}],"collection":[{"href":"https:\/\/shop.fizzyvape.com\/hu\/wp-json\/wp\/v2\/product"}],"about":[{"href":"https:\/\/shop.fizzyvape.com\/hu\/wp-json\/wp\/v2\/types\/product"}],"replies":[{"embeddable":true,"href":"https:\/\/shop.fizzyvape.com\/hu\/wp-json\/wp\/v2\/comments?post=19467"}],"version-history":[{"count":1,"href":"https:\/\/shop.fizzyvape.com\/hu\/wp-json\/wp\/v2\/product\/19467\/revisions"}],"predecessor-version":[{"id":28274,"href":"https:\/\/shop.fizzyvape.com\/hu\/wp-json\/wp\/v2\/product\/19467\/revisions\/28274"}],"wp:featuredmedia":[{"embeddable":true,"href":"https:\/\/shop.fizzyvape.com\/hu\/wp-json\/wp\/v2\/media\/18804"}],"wp:attachment":[{"href":"https:\/\/shop.fizzyvape.com\/hu\/wp-json\/wp\/v2\/media?parent=19467"}],"wp:term":[{"taxonomy":"product_brand","embeddable":true,"href":"https:\/\/shop.fizzyvape.com\/hu\/wp-json\/wp\/v2\/product_brand?post=19467"},{"taxonomy":"product_cat","embeddable":true,"href":"https:\/\/shop.fizzyvape.com\/hu\/wp-json\/wp\/v2\/product_cat?post=19467"},{"taxonomy":"product_tag","embeddable":true,"href":"https:\/\/shop.fizzyvape.com\/hu\/wp-json\/wp\/v2\/product_tag?post=19467"}],"curies":[{"name":"wp","href":"https:\/\/api.w.org\/{rel}","templated":true}]}}