{"id":19482,"date":"2025-06-07T07:31:52","date_gmt":"2025-06-07T07:31:52","guid":{"rendered":"https:\/\/shop.fizzyvape.com\/product\/fizzy-max-iii-6in1-60k-60000-puffs-ujratoltheto-eldobhato-vape-meglepetes-izgyujtemeny-6-os-csomag\/"},"modified":"2026-02-28T10:18:59","modified_gmt":"2026-02-28T10:18:59","slug":"fizzy-max-iii-6in1-60k-60000-puffs-ujratoltheto-eldobhato-vape-meglepetes-izgyujtemeny-6-os-csomag","status":"publish","type":"product","link":"https:\/\/shop.fizzyvape.com\/hu\/termek\/fizzy-max-iii-6in1-60k-60000-puffs-ujratoltheto-eldobhato-vape-meglepetes-izgyujtemeny-6-os-csomag\/","title":{"rendered":"Fizzy Max III 6in1 60K 60000 Puffs \u00fajrat\u00f6lthet\u0151 eldobhat\u00f3 vape &#8211; meglepet\u00e9s \u00edzgy\u0171jtem\u00e9ny (6-os csomag)"},"content":{"rendered":"<h1>Fizzy Max III 6in1 60K 60000 Puffs Eldobhat\u00f3 Vape &#8211; Meglepet\u00e9s \u00edzkollekci\u00f3 (6-os csomag)<\/h1>\n<p>Fedezze fel a v\u00e9gs\u0151 vaping kalandot a <strong>Fizzy Max III 60000 Puffs \u00fajrat\u00f6lthet\u0151 eldobhat\u00f3 Vape Surprise \u00edzkollekci\u00f3val<\/strong>. Ez a pr\u00e9mium 6-os csomag <strong>hat \u00fajrat\u00f6lthet\u0151 eldobhat\u00f3 p\u00e1rologtat\u00f3t<\/strong> tartalmaz. Minden egyes vapep k\u00e9sz\u00fcl\u00e9k <strong>3 szimpla<\/strong> \u00e9s <strong>3 kevert<\/strong> \u00edzt k\u00edn\u00e1l, amelyeket a sz\u00e1jr\u00e9sz elforgat\u00e1s\u00e1val k\u00f6nnyen \u00e1t lehet v\u00e1ltani. Az \u00fajrat\u00f6lthet\u0151 \u00e9s tart\u00f3snak tervezett eszk\u00f6z\u00f6k mindegyike ak\u00e1r 60.000 puffot is biztos\u00edt an\u00e9lk\u00fcl, hogy az \u00edzeket vesz\u00e9lyeztetn\u00e9&#8230;. A <strong>forgathat\u00f3 sz\u00e1jr\u00e9sz technol\u00f3gi\u00e1val<\/strong> minden eszk\u00f6z\u00f6n k\u00f6nnyed\u00e9n v\u00e1lthat az egyes \u00e9s a kevert \u00edzek k\u00f6z\u00f6tt. \u00c9lvezze a mer\u00e9sz \u00edzeket, a legmodernebb funkci\u00f3kat \u00e9s a p\u00e1ratlan v\u00e1laszt\u00e9kot &#8211; mindezt egy izgalmas titokzatos dobozban.<\/p>\n<h3><strong>Mi van benne &#8211; 6 k\u00e9zzel v\u00e1logatott \u00edzkombin\u00e1ci\u00f3<\/strong><\/h3>\n<p><strong><span style=\"color: #000000;\">1.<\/span> Eper g\u00f6r\u00f6gdinnye &amp; citromos lime &amp; \u00e1fony\u00e1s k\u00f3kuszdi\u00f3 <\/strong><br \/>\n<strong>2. \u00c1fonya Ice &amp; Fizzy Cherry &amp; M\u00e1lna Lemon<\/strong><br \/>\n<strong>3. G\u00f6r\u00f6gdinnye j\u00e9g &amp; eper van\u00edliak\u00f3la &amp; vegyes bogy\u00f3s gy\u00fcm\u00f6lcs\u00f6k<\/strong><br \/>\n<strong>4. Eper s\u00e1rk\u00e1nygy\u00fcm\u00f6lcs &amp; Red Bull &amp; m\u00e1lna g\u00f6r\u00f6gdinnye<\/strong><br \/>\n<strong>5. Eper M\u00e1lna \u00e9s mang\u00f3 Barack \u00e9s \u00e1fonya G\u00f6r\u00f6gdinnye<\/strong><br \/>\n<strong>6. Vegyes bogy\u00f3s gy\u00fcm\u00f6lcs\u00f6k \u00e9s kiwi Maracuja Guava \u00e9s eper G\u00f6r\u00f6gdinnye<\/strong><\/p>\n<p>Minden egyes eszk\u00f6zzel forgassa el a sz\u00f3r\u00f3fejet a ciklus v\u00e9gigj\u00e1r\u00e1s\u00e1hoz:<\/p>\n<p><strong>A \u2192 Mix AB \u2192 B \u2192 Mix BC \u2192 C \u2192 Mix CA<\/strong><\/p>\n<p>Z\u00f6kken\u0151mentes ciklus mind a hat lehets\u00e9ges \u00edzt egy egyszer\u0171 sz\u00e1jdarab forgat\u00e1ssal. \u00c9lvezze a 6 az 1-ben rendszer v\u00e9gs\u0151 k\u00e9nyelm\u00e9t. K\u00edv\u00e1ncsi? N\u00e9zze meg bemutat\u00f3 <a href=\"https:\/\/www.youtube.com\/watch?v=CoxB_HvaU3k\">vide\u00f3nkat<\/a>.<\/p>\n<h3><strong>A term\u00e9k kiemelked\u0151 jellemz\u0151i<\/strong><\/h3>\n<ul>\n<li><strong>Ak\u00e1r 60,000 szippant\u00e1s k\u00e9sz\u00fcl\u00e9kenk\u00e9nt<\/strong><\/li>\n<li><strong>6 x 60,000 puff<\/strong> &#8211; Hosszan tart\u00f3 teljes\u00edtm\u00e9ny minden egyes eszk\u00f6zzel, nincs sz\u00fcks\u00e9g \u00fajrat\u00f6lt\u00e9sre.<\/li>\n<li><strong>6 az 1-ben \u00edzrendszer<\/strong> &#8211; Minden egyes vape 3 k\u00fcl\u00f6nb\u00f6z\u0151 podot + 3 kever\u00e9si m\u00f3dot tartalmaz <strong>6 egyedi \u00edz\u00e9lm\u00e9ny\u00e9rt<\/strong>.<\/li>\n<li><strong>\u00dajrat\u00f6lthet\u0151 850mAh akkumul\u00e1tor<\/strong> &#8211; \u00c9lvezze minden cseppet az <strong>USB-C gyorst\u00f6lt\u00e9ssel<\/strong><\/li>\n<li><strong>LED kijelz\u0151<\/strong> &#8211; Val\u00f3s idej\u0171 akkumul\u00e1tor + \u00fczemm\u00f3d \u00e1llapot\u00e1nak l\u00e1that\u00f3s\u00e1ga<\/li>\n<li><strong>Fejlett h\u00e1l\u00f3s tekercs technol\u00f3gia<\/strong> &#8211; Sima g\u0151z, gazdag \u00edz \u00e9s egyenletes teljes\u00edtm\u00e9ny<\/li>\n<li><strong>Kett\u0151s bel\u00e9gz\u00e9si m\u00f3dok<\/strong> &#8211; MTL (Single) \u00e9s DL (Mixed) \u00edzv\u00e1laszt\u00e9k a st\u00edlusodnak megfelel\u0151en<\/li>\n<li><strong>Nikotin er\u0151ss\u00e9g<\/strong> &#8211; V\u00e1lasszon a <strong>2% (20mg\/ml)<\/strong> vagy <strong>5% (50mg\/ml<\/strong>) k\u00f6z\u00fcl.<\/li>\n<li><strong>Kompakt \u00e9s utaz\u00e1sbar\u00e1t<\/strong> &#8211; Sziv\u00e1rg\u00e1smentes kialak\u00edt\u00e1s, rep\u00fcl\u0151g\u00e9p-\u00e1ll\u00f3 \u00e9s zsebben hordhat\u00f3.<\/li>\n<\/ul>\n<h3><strong>Fizzy Max III 6in1 60000 Puffs Eldobhat\u00f3 Vape \u00edzek list\u00e1ja:<\/strong><\/h3>\n<ol>\n<li><a href=\"https:\/\/shop.fizzyvape.com\/hu\/termek\/fizzy-max-iii-6in1-60k-60000-puffs-eldobhato-vape-eper-malna-es-mango-barack-es-afonya-gorogdinnye\/\">Eper M\u00e1lna \u00e9s mang\u00f3 Barack \u00e9s \u00e1fonya G\u00f6r\u00f6gdinnye<\/a><\/li>\n<li><a href=\"https:\/\/shop.fizzyvape.com\/hu\/termek\/fizzy-max-iii-6in1-60k-60000-puffs-eldobhato-vape-vegyes-bogyo-es-kiwi-golgotavirag-guava-es-eper-gorogdinnye\/\">Vegyes bogy\u00f3s gy\u00fcm\u00f6lcs \u00e9s kiwi maracuja Guava \u00e9s eper g\u00f6r\u00f6gdinnye<\/a><\/li>\n<li><a href=\"https:\/\/shop.fizzyvape.com\/hu\/termek\/fizzy-max-iii-6in1-60k-60000-puffs-eldobhato-vape-afonya-malna-es-tripla-dinnye-es-eper-jeg\/\">\u00c1fonya-m\u00e1lna &amp; h\u00e1rmas dinnye &amp; eper j\u00e9g<\/a><\/li>\n<li><a href=\"https:\/\/shop.fizzyvape.com\/hu\/termek\/fizzy-max-iii-6in1-60k-60000-puffs-eldobhato-vape-eper-sarkanygyumolcs-red-bull-malna-gorogdinnye\/\">Eper s\u00e1rk\u00e1nygy\u00fcm\u00f6lcs &amp; Red Bull &amp; m\u00e1lna g\u00f6r\u00f6gdinnye<\/a><\/li>\n<li><a href=\"https:\/\/shop.fizzyvape.com\/hu\/termek\/fizzy-max-iii-6in1-60k-60000-puffs-eldobhato-vape-eper-kiwi-afonya-jeg-gorogdinnye-jeg\/\">Eper-kiwi &amp; \u00e1fonya j\u00e9g &amp; g\u00f6r\u00f6gdinnye j\u00e9g<\/a><\/li>\n<li><a href=\"https:\/\/shop.fizzyvape.com\/hu\/termek\/fizzy-max-iii-6in1-60k-60000-puffs-eldobhato-vape-blueberry-ice-fizzy-cherry-raspberry-lemon\/\">\u00c1fonya Ice &amp; Fizzy Cherry &amp; M\u00e1lna Lemon<\/a><\/li>\n<li><a href=\"https:\/\/shop.fizzyvape.com\/hu\/termek\/fizzy-max-iii-6in1-60k-60000-puffs-eldobhato-vape-gorogdinnye-jeg-es-eper-vanilia-kola-es-vegyes-bogyo\/\">G\u00f6r\u00f6gdinnye j\u00e9g &amp; eper Van\u00edlia k\u00f3la &amp; vegyes<\/a><\/li>\n<li><a href=\"https:\/\/shop.fizzyvape.com\/hu\/termek\/fizzy-max-iii-6in1-60k-60000-puffs-eldobhato-vape-eper-szolo-es-afonya-kokusz-es-barack-citrom\/\">Eper Sz\u0151l\u0151 &amp; \u00c1fonya K\u00f3kusz &amp; Barack Citrom<\/a><\/li>\n<li><a href=\"https:\/\/shop.fizzyvape.com\/hu\/termek\/fizzy-max-iii-6in1-60k-60000-puffs-eldobhato-vape-blue-razz-ice-strawberry-kiwi-sour-ananasz-narancs\/\">Blue Razz Ice &amp; Strawberry Kiwi &amp; Sour Anan\u00e1sz Narancs<\/a><\/li>\n<li><a href=\"https:\/\/shop.fizzyvape.com\/hu\/termek\/fizzy-max-iii-6in1-60k-60000-puffs-eldobhato-vape-eper-gorogdinnye-citromos-lime-afonya-kokuszdio\/\">Epres g\u00f6r\u00f6gdinnye &amp; citromos lime &amp; \u00e1fony\u00e1s k\u00f3kuszos<\/a><\/li>\n<\/ol>\n<h3><strong> Vaping \u00fczemm\u00f3dok minden preferenci\u00e1hoz<\/strong><\/h3>\n<p><strong> Single-Flavor Mode (MTL):<\/strong><br \/>\nSima sz\u00e1jb\u00f3l a t\u00fcd\u0151be h\u00faz\u00e1s, amely klasszikus, cigarettaszer\u0171 bel\u00e9gz\u00e9st k\u00edn\u00e1l, amely t\u00f6k\u00e9letes az egyes \u00edzek \u00edzlel\u00e9s\u00e9hez.<\/p>\n<p><strong> Kett\u0151s \u00edzkever\u00e9si m\u00f3d (DL):<\/strong><br \/>\nA tov\u00e1bbfejlesztett l\u00e9g\u00e1raml\u00e1s mer\u00e9sz, k\u00f6zvetlen t\u00fcd\u0151re hat\u00f3, teltebb g\u0151zzel \u00e9s izgalmas \u00edzkever\u00e9kekkel.<\/p>\n<h3><strong>Mi\u00e9rt fogod szeretni?<\/strong><\/h3>\n<ul>\n<li>K\u00f6nny\u0171 \u00edzv\u00e1lt\u00e1s a forg\u00f3 sz\u00f3r\u00f3fejjel<\/li>\n<li>Hossz\u00fa \u00e9lettartam\u00fa akkumul\u00e1tor \u00e9s e-folyad\u00e9k &#8211; ak\u00e1r 60.000 slukkol\u00e1sig<\/li>\n<li>Gyors sz\u00e1ll\u00edt\u00e1s Eur\u00f3p\u00e1b\u00f3l &#8211; gyors sz\u00e1ll\u00edt\u00e1s v\u00e1mk\u00e9sedelem n\u00e9lk\u00fcl<\/li>\n<li>Egy csomag, 6 eszk\u00f6z, v\u00e9gtelen \u00edzv\u00e1laszt\u00e9k.<\/li>\n<li>Hat \u00edz egy kompakt, \u00fajrat\u00f6lthet\u0151 k\u00e9sz\u00fcl\u00e9kben<\/li>\n<\/ul>\n<h3><strong> GYIK &#8211; Fizzy Max III 6in1 60K Eldobhat\u00f3 Vape<\/strong><\/h3>\n<p><strong>1. H\u00e1ny slukkot k\u00edn\u00e1l minden egyes Fizzy Max III k\u00e9sz\u00fcl\u00e9k?<\/strong><br \/>\nMinden k\u00e9sz\u00fcl\u00e9k ak\u00e1r <strong>60 000 slukkot<\/strong> is biztos\u00edt, k\u00f6sz\u00f6nhet\u0151en a nagy kapacit\u00e1s\u00fa, 60 ml-es e-folyad\u00e9k rendszernek \u00e9s az \u00fajrat\u00f6lthet\u0151 akkumul\u00e1tornak.<\/p>\n<p><strong>2. A Fizzy Max III eldobhat\u00f3 vape \u00fajrat\u00f6lthet\u0151?<\/strong><br \/>\nIgen. <strong>850 mAh-s \u00fajrat\u00f6lthet\u0151 akkumul\u00e1torral<\/strong> \u00e9s <strong>C-t\u00edpus\u00fa gyorst\u00f6lt\u00e9ssel<\/strong> rendelkezik. T\u00f6bbsz\u00f6r is \u00fajrat\u00f6ltheti az \u00f6sszes puff teljes haszn\u00e1lat\u00e1hoz.<\/p>\n<p><strong>3. Hogyan v\u00e1lthatok \u00edzeket a 6in1 k\u00e9sz\u00fcl\u00e9ken?<\/strong><br \/>\nEgyszer\u0171en <strong>emelje fel \u00e9s forgassa el a sz\u00e1jdarabot<\/strong>. Az intelligens forgat\u00e1si rendszer <strong>3 egyedi \u00edz<\/strong> \u00e9s <strong>3 egyedi kever\u00e9k<\/strong> k\u00f6z\u00f6tt v\u00e1ltogat, \u00f6sszesen 6 \u00fczemm\u00f3dot k\u00edn\u00e1lva.<\/p>\n<p><strong>4. H\u00e1ny \u00edz van egy k\u00e9sz\u00fcl\u00e9kben?<\/strong><br \/>\nMinden k\u00e9sz\u00fcl\u00e9k <strong>3 el\u0151re felt\u00f6lt\u00f6tt aromakapszul\u00e1t<\/strong> tartalmaz, \u00e9s a vegyes \u00fczemm\u00f3dokkal <strong>6 \u00edz\u00e9lm\u00e9nyt<\/strong> kap egyetlen vape-b\u00f3l.<\/p>\n<p><strong>5. Milyen nikotin er\u0151ss\u00e9g\u0171 v\u00e1ltozatok \u00e1llnak rendelkez\u00e9sre?<\/strong><br \/>\nA Fizzy Max III vapes <strong>2% (20mg\/ml<\/strong> ) \u00e9s <strong>5% (50mg\/ml)<\/strong> nikotin er\u0151ss\u00e9g\u0171 v\u00e1ltozatokban kaphat\u00f3, hogy megfeleljen mind a k\u00f6nny\u0171, mind az er\u0151s preferenci\u00e1knak.<\/p>\n","protected":false},"excerpt":{"rendered":"<p>Tapasztalja meg a v\u00e9gtelen \u00edzv\u00e1laszt\u00e9kot a <strong>Fizzy Max III 6in1 60K \u00fajrat\u00f6lthet\u0151 eldobhat\u00f3 vape-vel<\/strong>. Ez a <strong>6-os<\/strong> meglepet\u00e9s kollekci\u00f3 6 k\u00e9sz\u00fcl\u00e9ket tartalmaz, amelyek mindegyike ak\u00e1r<strong> 60.000 puffot<\/strong> \u00e9s <strong>6 egyedi \u00edzm\u00f3dot<\/strong> k\u00edn\u00e1l, egyszer\u0171 sz\u00e1jr\u00e9szforgat\u00e1ssal. <strong>\u00dajrat\u00f6lthet\u0151<\/strong>, <strong>LED<\/strong> kijelz\u0151 \u00e9s <strong>nikotin opci\u00f3kat<\/strong> tartalmaz a pr\u00e9mium min\u0151s\u00e9g\u0171 vaping utaz\u00e1s \u00e9rdek\u00e9ben.<\/p>\n","protected":false},"featured_media":18802,"comment_status":"open","ping_status":"closed","template":"","meta":[],"product_brand":[],"product_cat":[298,149,150,148],"product_tag":[135,136,137,138],"class_list":{"0":"post-19482","1":"product","2":"type-product","3":"status-publish","4":"has-post-thumbnail","6":"product_cat-eu-raktar","7":"product_cat-fizzy-max-iii-60000-puffs-eldobhato-vape","8":"product_cat-multi-aromak-vape-pack","9":"product_cat-ujratoltheto-eldobhato-vape","10":"product_tag-6-az-1-ben-izek","11":"product_tag-60k-puffs-hu","12":"product_tag-eldobhato-vape","13":"product_tag-ujratoltheto","15":"first","16":"outofstock","17":"sale","18":"shipping-taxable","19":"purchasable","20":"product-type-variable"},"yoast_head":"<!-- This site is optimized with the Yoast SEO Premium plugin v24.8 (Yoast SEO v27.4) - https:\/\/yoast.com\/product\/yoast-seo-premium-wordpress\/ -->\n<title>60K Puffs \u00fajrat\u00f6lthet\u0151 eldobhat\u00f3 vape - 6-os csomag \u00edzdobozban<\/title>\n<meta name=\"description\" content=\"Kap 6 \u00fajrat\u00f6lthet\u0151 p\u00e1rologtat\u00f3t, mindegyik 6 kapcsolhat\u00f3 \u00edzzel, 60000 puffol\u00e1ssal, LED kijelz\u0151vel \u00e9s 2%\/5% nikotinnal. A v\u00e9gs\u0151 titokzatos vape csomag az \u00edzek szerelmeseinek.\" \/>\n<meta name=\"robots\" content=\"index, follow, max-snippet:-1, max-image-preview:large, max-video-preview:-1\" \/>\n<link rel=\"canonical\" href=\"https:\/\/shop.fizzyvape.com\/hu\/termek\/fizzy-max-iii-6in1-60k-60000-puffs-ujratoltheto-eldobhato-vape-meglepetes-izgyujtemeny-6-os-csomag\/\" \/>\n<meta property=\"og:locale\" content=\"hu_HU\" \/>\n<meta property=\"og:type\" content=\"article\" \/>\n<meta property=\"og:title\" content=\"Fizzy Max III 6in1 60K 60000 Puffs \u00fajrat\u00f6lthet\u0151 eldobhat\u00f3 vape - meglepet\u00e9s \u00edzgy\u0171jtem\u00e9ny (6-os csomag)\" \/>\n<meta property=\"og:description\" content=\"Kap 6 \u00fajrat\u00f6lthet\u0151 p\u00e1rologtat\u00f3t, mindegyik 6 kapcsolhat\u00f3 \u00edzzel, 60000 puffol\u00e1ssal, LED kijelz\u0151vel \u00e9s 2%\/5% nikotinnal. A v\u00e9gs\u0151 titokzatos vape csomag az \u00edzek szerelmeseinek.\" \/>\n<meta property=\"og:url\" content=\"https:\/\/shop.fizzyvape.com\/hu\/termek\/fizzy-max-iii-6in1-60k-60000-puffs-ujratoltheto-eldobhato-vape-meglepetes-izgyujtemeny-6-os-csomag\/\" \/>\n<meta property=\"og:site_name\" content=\"shop.fizzyvape.com\" \/>\n<meta property=\"article:modified_time\" content=\"2026-02-28T10:18:59+00:00\" \/>\n<meta property=\"og:image\" content=\"https:\/\/shop.fizzyvape.com\/wp-content\/uploads\/2025\/06\/Fizzy-Max-III-6in1-60K-60000-Puffs-Disposable-Vape-01.webp\" \/>\n\t<meta property=\"og:image:width\" content=\"800\" \/>\n\t<meta property=\"og:image:height\" content=\"800\" \/>\n\t<meta property=\"og:image:type\" content=\"image\/webp\" \/>\n<meta name=\"twitter:card\" content=\"summary_large_image\" \/>\n<meta name=\"twitter:label1\" content=\"Becs\u00fclt olvas\u00e1si id\u0151\" \/>\n\t<meta name=\"twitter:data1\" content=\"4 perc\" \/>\n<script type=\"application\/ld+json\" class=\"yoast-schema-graph\">{\"@context\":\"https:\\\/\\\/schema.org\",\"@graph\":[{\"@type\":\"WebPage\",\"@id\":\"https:\\\/\\\/shop.fizzyvape.com\\\/hu\\\/termek\\\/fizzy-max-iii-6in1-60k-60000-puffs-ujratoltheto-eldobhato-vape-meglepetes-izgyujtemeny-6-os-csomag\\\/\",\"url\":\"https:\\\/\\\/shop.fizzyvape.com\\\/hu\\\/termek\\\/fizzy-max-iii-6in1-60k-60000-puffs-ujratoltheto-eldobhato-vape-meglepetes-izgyujtemeny-6-os-csomag\\\/\",\"name\":\"60K Puffs \u00fajrat\u00f6lthet\u0151 eldobhat\u00f3 vape - 6-os csomag \u00edzdobozban\",\"isPartOf\":{\"@id\":\"https:\\\/\\\/shop.fizzyvape.com\\\/hu\\\/#website\"},\"primaryImageOfPage\":{\"@id\":\"https:\\\/\\\/shop.fizzyvape.com\\\/hu\\\/termek\\\/fizzy-max-iii-6in1-60k-60000-puffs-ujratoltheto-eldobhato-vape-meglepetes-izgyujtemeny-6-os-csomag\\\/#primaryimage\"},\"image\":{\"@id\":\"https:\\\/\\\/shop.fizzyvape.com\\\/hu\\\/termek\\\/fizzy-max-iii-6in1-60k-60000-puffs-ujratoltheto-eldobhato-vape-meglepetes-izgyujtemeny-6-os-csomag\\\/#primaryimage\"},\"thumbnailUrl\":\"https:\\\/\\\/shop.fizzyvape.com\\\/wp-content\\\/uploads\\\/2025\\\/06\\\/Fizzy-Max-III-6in1-60K-60000-Puffs-Disposable-Vape-01.webp\",\"datePublished\":\"2025-06-07T07:31:52+00:00\",\"dateModified\":\"2026-02-28T10:18:59+00:00\",\"description\":\"Kap 6 \u00fajrat\u00f6lthet\u0151 p\u00e1rologtat\u00f3t, mindegyik 6 kapcsolhat\u00f3 \u00edzzel, 60000 puffol\u00e1ssal, LED kijelz\u0151vel \u00e9s 2%\\\/5% nikotinnal. A v\u00e9gs\u0151 titokzatos vape csomag az \u00edzek szerelmeseinek.\",\"breadcrumb\":{\"@id\":\"https:\\\/\\\/shop.fizzyvape.com\\\/hu\\\/termek\\\/fizzy-max-iii-6in1-60k-60000-puffs-ujratoltheto-eldobhato-vape-meglepetes-izgyujtemeny-6-os-csomag\\\/#breadcrumb\"},\"inLanguage\":\"hu\",\"potentialAction\":[{\"@type\":\"ReadAction\",\"target\":[\"https:\\\/\\\/shop.fizzyvape.com\\\/hu\\\/termek\\\/fizzy-max-iii-6in1-60k-60000-puffs-ujratoltheto-eldobhato-vape-meglepetes-izgyujtemeny-6-os-csomag\\\/\"]}]},{\"@type\":\"ImageObject\",\"inLanguage\":\"hu\",\"@id\":\"https:\\\/\\\/shop.fizzyvape.com\\\/hu\\\/termek\\\/fizzy-max-iii-6in1-60k-60000-puffs-ujratoltheto-eldobhato-vape-meglepetes-izgyujtemeny-6-os-csomag\\\/#primaryimage\",\"url\":\"https:\\\/\\\/shop.fizzyvape.com\\\/wp-content\\\/uploads\\\/2025\\\/06\\\/Fizzy-Max-III-6in1-60K-60000-Puffs-Disposable-Vape-01.webp\",\"contentUrl\":\"https:\\\/\\\/shop.fizzyvape.com\\\/wp-content\\\/uploads\\\/2025\\\/06\\\/Fizzy-Max-III-6in1-60K-60000-Puffs-Disposable-Vape-01.webp\",\"width\":800,\"height\":800,\"caption\":\"Fizzy Max III 6in1 60K 60000 Puffs Eldobhat\u00f3 Vape 01\"},{\"@type\":\"BreadcrumbList\",\"@id\":\"https:\\\/\\\/shop.fizzyvape.com\\\/hu\\\/termek\\\/fizzy-max-iii-6in1-60k-60000-puffs-ujratoltheto-eldobhato-vape-meglepetes-izgyujtemeny-6-os-csomag\\\/#breadcrumb\",\"itemListElement\":[{\"@type\":\"ListItem\",\"position\":1,\"name\":\"\u9996\u9875\",\"item\":\"https:\\\/\\\/shop.fizzyvape.com\\\/hu\\\/\"},{\"@type\":\"ListItem\",\"position\":2,\"name\":\"Shop\",\"item\":\"https:\\\/\\\/shop.fizzyvape.com\\\/shop\\\/\"},{\"@type\":\"ListItem\",\"position\":3,\"name\":\"Fizzy Max III 6in1 60K 60000 Puffs \u00fajrat\u00f6lthet\u0151 eldobhat\u00f3 vape &#8211; meglepet\u00e9s \u00edzgy\u0171jtem\u00e9ny (6-os csomag)\"}]},{\"@type\":\"WebSite\",\"@id\":\"https:\\\/\\\/shop.fizzyvape.com\\\/hu\\\/#website\",\"url\":\"https:\\\/\\\/shop.fizzyvape.com\\\/hu\\\/\",\"name\":\"shop.fizzyvape.com\",\"description\":\"The Best Disposable Vape In Europe | 10000 - 60000 Puffs  | Free Shipping\",\"potentialAction\":[{\"@type\":\"SearchAction\",\"target\":{\"@type\":\"EntryPoint\",\"urlTemplate\":\"https:\\\/\\\/shop.fizzyvape.com\\\/hu\\\/?s={search_term_string}\"},\"query-input\":{\"@type\":\"PropertyValueSpecification\",\"valueRequired\":true,\"valueName\":\"search_term_string\"}}],\"inLanguage\":\"hu\"}]}<\/script>\n<!-- \/ Yoast SEO Premium plugin. -->","yoast_head_json":{"title":"60K Puffs \u00fajrat\u00f6lthet\u0151 eldobhat\u00f3 vape - 6-os csomag \u00edzdobozban","description":"Kap 6 \u00fajrat\u00f6lthet\u0151 p\u00e1rologtat\u00f3t, mindegyik 6 kapcsolhat\u00f3 \u00edzzel, 60000 puffol\u00e1ssal, LED kijelz\u0151vel \u00e9s 2%\/5% nikotinnal. A v\u00e9gs\u0151 titokzatos vape csomag az \u00edzek szerelmeseinek.","robots":{"index":"index","follow":"follow","max-snippet":"max-snippet:-1","max-image-preview":"max-image-preview:large","max-video-preview":"max-video-preview:-1"},"canonical":"https:\/\/shop.fizzyvape.com\/hu\/termek\/fizzy-max-iii-6in1-60k-60000-puffs-ujratoltheto-eldobhato-vape-meglepetes-izgyujtemeny-6-os-csomag\/","og_locale":"hu_HU","og_type":"article","og_title":"Fizzy Max III 6in1 60K 60000 Puffs \u00fajrat\u00f6lthet\u0151 eldobhat\u00f3 vape - meglepet\u00e9s \u00edzgy\u0171jtem\u00e9ny (6-os csomag)","og_description":"Kap 6 \u00fajrat\u00f6lthet\u0151 p\u00e1rologtat\u00f3t, mindegyik 6 kapcsolhat\u00f3 \u00edzzel, 60000 puffol\u00e1ssal, LED kijelz\u0151vel \u00e9s 2%\/5% nikotinnal. A v\u00e9gs\u0151 titokzatos vape csomag az \u00edzek szerelmeseinek.","og_url":"https:\/\/shop.fizzyvape.com\/hu\/termek\/fizzy-max-iii-6in1-60k-60000-puffs-ujratoltheto-eldobhato-vape-meglepetes-izgyujtemeny-6-os-csomag\/","og_site_name":"shop.fizzyvape.com","article_modified_time":"2026-02-28T10:18:59+00:00","og_image":[{"width":800,"height":800,"url":"https:\/\/shop.fizzyvape.com\/wp-content\/uploads\/2025\/06\/Fizzy-Max-III-6in1-60K-60000-Puffs-Disposable-Vape-01.webp","type":"image\/webp"}],"twitter_card":"summary_large_image","twitter_misc":{"Becs\u00fclt olvas\u00e1si id\u0151":"4 perc"},"schema":{"@context":"https:\/\/schema.org","@graph":[{"@type":"WebPage","@id":"https:\/\/shop.fizzyvape.com\/hu\/termek\/fizzy-max-iii-6in1-60k-60000-puffs-ujratoltheto-eldobhato-vape-meglepetes-izgyujtemeny-6-os-csomag\/","url":"https:\/\/shop.fizzyvape.com\/hu\/termek\/fizzy-max-iii-6in1-60k-60000-puffs-ujratoltheto-eldobhato-vape-meglepetes-izgyujtemeny-6-os-csomag\/","name":"60K Puffs \u00fajrat\u00f6lthet\u0151 eldobhat\u00f3 vape - 6-os csomag \u00edzdobozban","isPartOf":{"@id":"https:\/\/shop.fizzyvape.com\/hu\/#website"},"primaryImageOfPage":{"@id":"https:\/\/shop.fizzyvape.com\/hu\/termek\/fizzy-max-iii-6in1-60k-60000-puffs-ujratoltheto-eldobhato-vape-meglepetes-izgyujtemeny-6-os-csomag\/#primaryimage"},"image":{"@id":"https:\/\/shop.fizzyvape.com\/hu\/termek\/fizzy-max-iii-6in1-60k-60000-puffs-ujratoltheto-eldobhato-vape-meglepetes-izgyujtemeny-6-os-csomag\/#primaryimage"},"thumbnailUrl":"https:\/\/shop.fizzyvape.com\/wp-content\/uploads\/2025\/06\/Fizzy-Max-III-6in1-60K-60000-Puffs-Disposable-Vape-01.webp","datePublished":"2025-06-07T07:31:52+00:00","dateModified":"2026-02-28T10:18:59+00:00","description":"Kap 6 \u00fajrat\u00f6lthet\u0151 p\u00e1rologtat\u00f3t, mindegyik 6 kapcsolhat\u00f3 \u00edzzel, 60000 puffol\u00e1ssal, LED kijelz\u0151vel \u00e9s 2%\/5% nikotinnal. A v\u00e9gs\u0151 titokzatos vape csomag az \u00edzek szerelmeseinek.","breadcrumb":{"@id":"https:\/\/shop.fizzyvape.com\/hu\/termek\/fizzy-max-iii-6in1-60k-60000-puffs-ujratoltheto-eldobhato-vape-meglepetes-izgyujtemeny-6-os-csomag\/#breadcrumb"},"inLanguage":"hu","potentialAction":[{"@type":"ReadAction","target":["https:\/\/shop.fizzyvape.com\/hu\/termek\/fizzy-max-iii-6in1-60k-60000-puffs-ujratoltheto-eldobhato-vape-meglepetes-izgyujtemeny-6-os-csomag\/"]}]},{"@type":"ImageObject","inLanguage":"hu","@id":"https:\/\/shop.fizzyvape.com\/hu\/termek\/fizzy-max-iii-6in1-60k-60000-puffs-ujratoltheto-eldobhato-vape-meglepetes-izgyujtemeny-6-os-csomag\/#primaryimage","url":"https:\/\/shop.fizzyvape.com\/wp-content\/uploads\/2025\/06\/Fizzy-Max-III-6in1-60K-60000-Puffs-Disposable-Vape-01.webp","contentUrl":"https:\/\/shop.fizzyvape.com\/wp-content\/uploads\/2025\/06\/Fizzy-Max-III-6in1-60K-60000-Puffs-Disposable-Vape-01.webp","width":800,"height":800,"caption":"Fizzy Max III 6in1 60K 60000 Puffs Eldobhat\u00f3 Vape 01"},{"@type":"BreadcrumbList","@id":"https:\/\/shop.fizzyvape.com\/hu\/termek\/fizzy-max-iii-6in1-60k-60000-puffs-ujratoltheto-eldobhato-vape-meglepetes-izgyujtemeny-6-os-csomag\/#breadcrumb","itemListElement":[{"@type":"ListItem","position":1,"name":"\u9996\u9875","item":"https:\/\/shop.fizzyvape.com\/hu\/"},{"@type":"ListItem","position":2,"name":"Shop","item":"https:\/\/shop.fizzyvape.com\/shop\/"},{"@type":"ListItem","position":3,"name":"Fizzy Max III 6in1 60K 60000 Puffs \u00fajrat\u00f6lthet\u0151 eldobhat\u00f3 vape &#8211; meglepet\u00e9s \u00edzgy\u0171jtem\u00e9ny (6-os csomag)"}]},{"@type":"WebSite","@id":"https:\/\/shop.fizzyvape.com\/hu\/#website","url":"https:\/\/shop.fizzyvape.com\/hu\/","name":"shop.fizzyvape.com","description":"The Best Disposable Vape In Europe | 10000 - 60000 Puffs  | Free Shipping","potentialAction":[{"@type":"SearchAction","target":{"@type":"EntryPoint","urlTemplate":"https:\/\/shop.fizzyvape.com\/hu\/?s={search_term_string}"},"query-input":{"@type":"PropertyValueSpecification","valueRequired":true,"valueName":"search_term_string"}}],"inLanguage":"hu"}]}},"tiered_pricing_type":"fixed","tiered_pricing_fixed_rules":[],"tiered_pricing_product_settings":{"layout":"default","base_unit_name":{"singular":null,"plural":null},"default_variation":null},"tiered_pricing_minimum_quantity":null,"tiered_pricing_roles_data":[],"tiered_pricing_percentage_rules":[],"tiered_pricing_maximum_quantity":null,"tiered_pricing_quantity_step":null,"_links":{"self":[{"href":"https:\/\/shop.fizzyvape.com\/hu\/wp-json\/wp\/v2\/product\/19482","targetHints":{"allow":["GET"]}}],"collection":[{"href":"https:\/\/shop.fizzyvape.com\/hu\/wp-json\/wp\/v2\/product"}],"about":[{"href":"https:\/\/shop.fizzyvape.com\/hu\/wp-json\/wp\/v2\/types\/product"}],"replies":[{"embeddable":true,"href":"https:\/\/shop.fizzyvape.com\/hu\/wp-json\/wp\/v2\/comments?post=19482"}],"version-history":[{"count":1,"href":"https:\/\/shop.fizzyvape.com\/hu\/wp-json\/wp\/v2\/product\/19482\/revisions"}],"predecessor-version":[{"id":28275,"href":"https:\/\/shop.fizzyvape.com\/hu\/wp-json\/wp\/v2\/product\/19482\/revisions\/28275"}],"wp:featuredmedia":[{"embeddable":true,"href":"https:\/\/shop.fizzyvape.com\/hu\/wp-json\/wp\/v2\/media\/18802"}],"wp:attachment":[{"href":"https:\/\/shop.fizzyvape.com\/hu\/wp-json\/wp\/v2\/media?parent=19482"}],"wp:term":[{"taxonomy":"product_brand","embeddable":true,"href":"https:\/\/shop.fizzyvape.com\/hu\/wp-json\/wp\/v2\/product_brand?post=19482"},{"taxonomy":"product_cat","embeddable":true,"href":"https:\/\/shop.fizzyvape.com\/hu\/wp-json\/wp\/v2\/product_cat?post=19482"},{"taxonomy":"product_tag","embeddable":true,"href":"https:\/\/shop.fizzyvape.com\/hu\/wp-json\/wp\/v2\/product_tag?post=19482"}],"curies":[{"name":"wp","href":"https:\/\/api.w.org\/{rel}","templated":true}]}}