{"id":19483,"date":"2025-06-24T06:55:36","date_gmt":"2025-06-24T06:55:36","guid":{"rendered":"https:\/\/shop.fizzyvape.com\/product\/fizzy-nova-plus-40000-puffs-eldobhato-vape-10db\/"},"modified":"2025-12-05T07:03:53","modified_gmt":"2025-12-05T07:03:53","slug":"fizzy-nova-plus-40000-puffs-eldobhato-vape-10db","status":"publish","type":"product","link":"https:\/\/shop.fizzyvape.com\/hu\/termek\/fizzy-nova-plus-40000-puffs-eldobhato-vape-10db\/","title":{"rendered":"Fizzy Nova Plus 40000 Puffs Eldobhat\u00f3 Vape &#8211; 10db"},"content":{"rendered":"<div>\n<h1><strong>Fizzy Nova Plus 40000 Puffs Eldobhat\u00f3 Vape &#8211; Pr\u00e9mium Vaping Redefined<\/strong><\/h1>\n<p>L\u00e9pjen be a p\u00e1rologtat\u00e1s j\u00f6v\u0151j\u00e9be a <strong>Fizzy Nova Plus-szal<\/strong>. A teljes\u00edtm\u00e9nyt, \u00edzt \u00e9s st\u00edlust ig\u00e9nyl\u0151 p\u00e1rologtat\u00f3k sz\u00e1m\u00e1ra tervezett k\u00e9sz\u00fcl\u00e9k <strong>ak\u00e1r 40 000 puffot<\/strong>, kett\u0151s p\u00e1rol\u00e1si m\u00f3dot \u00e9s gazdag, testes g\u0151zt biztos\u00edt egy eleg\u00e1ns, pr\u00e9mium kivitelben.<\/p>\n<h3>F\u0151bb jellemz\u0151k:<\/h3>\n<ul>\n<li><strong>40,000 puff<\/strong> &#8211; Hossz\u00fa haszn\u00e1lat kompromisszumok n\u00e9lk\u00fcl az \u00edz ter\u00e9n<\/li>\n<li><strong>40mL E-Liquid<\/strong> &#8211; El\u0151re felt\u00f6ltve a hetekig tart\u00f3 k\u00f6vetkezetes \u00e9lvezethez<\/li>\n<li><strong>Dual Mesh tekercsek<\/strong> &#8211; S\u0171r\u0171 g\u0151z \u00e9s tiszta \u00edz minden alkalommal<\/li>\n<li><strong>Eco \u00e9s Turbo \u00fczemm\u00f3dok<\/strong> &#8211; V\u00e1lt\u00e1s az \u00e1ll\u00f3k\u00e9pess\u00e9g \u00e9s az intenzit\u00e1s k\u00f6z\u00f6tt<\/li>\n<li><strong>Intelligens LED kijelz\u0151<\/strong> &#8211; Val\u00f3s idej\u0171 akkumul\u00e1tor- \u00e9s t\u00f6lt\u00f6tts\u00e9gi szintek<\/li>\n<li><strong>USB-C \u00fajrat\u00f6lthet\u0151<\/strong> &#8211; gyors, megb\u00edzhat\u00f3 850mAh akkumul\u00e1tor<\/li>\n<\/ul>\n<h3>Mi\u00e9rt v\u00e1lassza a Fizzy Nova Plus-t?<\/h3>\n<ul>\n<li><strong>4x hosszabb \u00e9lettartam<\/strong>, mint a hagyom\u00e1nyos eldobhat\u00f3 anyagokn\u00e1l<\/li>\n<li><strong>Eleg\u00e1ns f\u00e9m kivitel<\/strong> &#8211; Rep\u00fcl\u0151g\u00e9pipari min\u0151s\u00e9g\u0171 anyagokb\u00f3l k\u00e9sz\u00fclt<\/li>\n<li><strong>Pr\u00e9mium \u00edzkever\u00e9kek<\/strong> &#8211; Szak\u00e9rt\u0151 mixol\u00f3gusok \u00e1ltal \u00f6ssze\u00e1ll\u00edtva<\/li>\n<li><strong>Testreszabhat\u00f3 \u00e9lm\u00e9ny<\/strong> &#8211; Egy eszk\u00f6z, k\u00e9t dinamikus \u00fczemm\u00f3d<\/li>\n<\/ul>\n<\/div>\n<div>\n<h3><strong>Nikotin lehet\u0151s\u00e9gek:<\/strong><\/h3>\n<p><strong>2% (20mg\/mL)<\/strong> <strong> &#8211; Ide\u00e1lis <\/strong> a sima \u00e9s \u00edzletes p\u00e1rologtat\u00e1si \u00e9lm\u00e9nyhez.<br \/>\n<strong>5% (50mg\/mL)<\/strong> <strong> &#8211; <\/strong> Er\u0151sebb, kiel\u00e9g\u00edt\u0151bb torok\u00fct\u00e9sre <strong> tervezt\u00e9k <\/strong>.<\/p>\n<h3>M\u0171szaki adatok<\/h3>\n<table style=\"height: 449px;\" width=\"1340\">\n<tbody>\n<tr>\n<td>Puffok<\/td>\n<td><strong>40000+ Puffs<\/strong><\/td>\n<\/tr>\n<tr>\n<td>E-folyad\u00e9k kapacit\u00e1s<\/td>\n<td><strong>40ml<\/strong><\/td>\n<\/tr>\n<tr>\n<td>Az akkumul\u00e1tor kapacit\u00e1sa<\/td>\n<td><strong>850mAh<\/strong><\/td>\n<\/tr>\n<tr>\n<td>M\u00e9ret<\/td>\n<td><strong>52.5*24.5*104.3mm<\/strong><\/td>\n<\/tr>\n<tr>\n<td>Eldobhat\u00f3 vagy sem<\/td>\n<td><strong>Eldobhat\u00f3<\/strong><\/td>\n<\/tr>\n<tr>\n<td>T\u00f6lt\u00e9si m\u00f3dszer<\/td>\n<td><strong>K\u00e1bel<\/strong><\/td>\n<\/tr>\n<tr>\n<td>Aktiv\u00e1l\u00e1si m\u00f3dszer<\/td>\n<td><strong>\u00c9rz\u00e9kel\u0151<\/strong><\/td>\n<\/tr>\n<tr>\n<td>Anyag<\/td>\n<td><strong>PCTG<\/strong><\/td>\n<\/tr>\n<tr>\n<td>Nikotin szint<\/td>\n<td><strong>2% (20mg\/l) \u00e9s 5% (50mg\/l)<\/strong><\/td>\n<\/tr>\n<tr>\n<td>\u00cdzek<\/td>\n<td><strong>12<\/strong><\/td>\n<\/tr>\n<tr>\n<td>Csomagol\u00e1s<\/td>\n<td><strong>10 csomag<\/strong><\/td>\n<\/tr>\n<tr>\n<td>T\u00f6lt\u00e9si id\u0151<\/td>\n<td><strong>2 \u00f3ra<\/strong><\/td>\n<\/tr>\n<tr>\n<td>T\u00e1rol\u00e1s<\/td>\n<td><strong>Ker\u00fclje a magas h\u0151m\u00e9rs\u00e9klet\u0171 k\u00f6rnyezetet, \u00e9s h\u0171v\u00f6s, sz\u00e1raz helyen t\u00e1rolja.<\/strong><\/td>\n<\/tr>\n<tr>\n<td>Haszn\u00e1lat\u00e1t\u00f3l eltiltott szem\u00e9lyek<\/td>\n<td><strong>Kiskor\u00faak, terhes n\u0151k \u00e9s a term\u00e9k \u00f6sszetev\u0151ire allergi\u00e1s szem\u00e9lyek.<\/strong><\/td>\n<\/tr>\n<tr>\n<td>Vigy\u00e1zat<\/td>\n<td><strong>Ne nyelje le ezt az anyagot. Ha lenyelte, azonnal \u00e9s alaposan \u00f6bl\u00edtse ki a sz\u00e1j\u00e1t. Ha rosszul \u00e9rzi mag\u00e1t, forduljon orvoshoz. <\/strong><\/td>\n<\/tr>\n<\/tbody>\n<\/table>\n<h3><strong>Fizzy Nova Plus <\/strong>40000 Puffs \u00cdzek list\u00e1ja:<\/h3>\n<ol>\n<li><a href=\"https:\/\/shop.fizzyvape.com\/product\/nova-plus-strawberry-kiwi-40000-puffs-10pcs\/\">Eper Kiwi<\/a><\/li>\n<li><a href=\"https:\/\/shop.fizzyvape.com\/product\/nova-plus-blueberry-ice-40000-puffs-10pcs\/\">\u00c1fonya j\u00e9g<\/a><\/li>\n<li><a href=\"https:\/\/shop.fizzyvape.com\/product\/nova-plus-watermelon-ice-40000-puffs-10pcs\/\">G\u00f6r\u00f6gdinnye j\u00e9g<\/a><\/li>\n<li><a href=\"https:\/\/shop.fizzyvape.com\/product\/nova-plus-peach-mango-watermelon-40000-puffs-10pcs\/\">Barack mang\u00f3 g\u00f6r\u00f6gdinnye<\/a><\/li>\n<li><a href=\"https:\/\/shop.fizzyvape.com\/product\/nova-plus-kiwi-passion-fruit-guava-40000-puffs-10pcs\/\">Kiwi Passi\u00f3gy\u00fcm\u00f6lcs Guava<\/a><\/li>\n<li><a href=\"https:\/\/shop.fizzyvape.com\/product\/nova-plus-raspberry-lemon-40000-puffs-10pcs\/\">M\u00e1lna citrom<\/a><\/li>\n<li><a href=\"https:\/\/shop.fizzyvape.com\/product\/nova-plus-triple-berry-40000-puffs-10pcs\/\">H\u00e1romszoros bogy\u00f3<\/a><\/li>\n<li><a href=\"https:\/\/shop.fizzyvape.com\/product\/nova-plus-peach-ice-40000-puffs-10pcs\/\">Barack j\u00e9g<\/a><\/li>\n<li><a href=\"https:\/\/shop.fizzyvape.com\/product\/nova-plus-grape-lime-40000-puffs-10pcs\/\">sz\u0151l\u0151 lime<\/a><\/li>\n<li><a href=\"https:\/\/shop.fizzyvape.com\/product\/nova-plus-blue-razz-lemonade-40000-puffs-10pcs\/\">Blue Razz limon\u00e1d\u00e9<\/a><\/li>\n<li><a href=\"https:\/\/shop.fizzyvape.com\/product\/nova-plus-strawberry-ice-40000-puffs-10pcs\/\">Eper j\u00e9g<\/a><\/li>\n<li><a href=\"https:\/\/shop.fizzyvape.com\/product\/nova-plus-blueberry-coconut-40000-puffs-10pcs\/\">\u00c1fonya k\u00f3kusz<\/a><\/li>\n<\/ol>\n<h3>GYIK a Fizzy Nova Plus 40000 Puffs Eldobhat\u00f3 Vape-r\u0151l<\/h3>\n<p><strong>1. Mennyi ideig tart egy k\u00e9sz\u00fcl\u00e9k?<\/strong><br \/>\nMinden egyes Fizzy Nova Plus ak\u00e1r <strong>40.000 slukkot<\/strong> is kib\u00edr, ami messze meghaladja a hagyom\u00e1nyos eldobhat\u00f3 k\u00e9sz\u00fcl\u00e9keket. A legt\u00f6bb felhaszn\u00e1l\u00f3 sz\u00e1m\u00e1ra ez <strong>t\u00f6bb hetes<\/strong> napi haszn\u00e1latot jelent, miel\u0151tt cser\u00e9re lenne sz\u00fcks\u00e9g.<\/p>\n<p><strong>2. Mi teszi egyediv\u00e9 a Nova Plus-t?<\/strong><br \/>\nA Nova Plus kombin\u00e1lja <strong>a kett\u0151s h\u00e1l\u00f3s tekercs technol\u00f3gi\u00e1t<\/strong>, az <strong>\u00e1ll\u00edthat\u00f3 Eco\/Turbo \u00fczemm\u00f3dokat<\/strong>, a <strong>nagy 40 ml-es e-folyad\u00e9k tart\u00e1lyt<\/strong> \u00e9s az <strong>intelligens LED kijelz\u0151t &#8211; \u00edgy<\/strong>igaz\u00e1n <strong>testreszabhat\u00f3 \u00e9s pr\u00e9mium g\u0151z\u00f6l\u00e9si \u00e9lm\u00e9nyt<\/strong> <strong>ny\u00fajt<\/strong>.<\/p>\n<p><strong>3. Mi a k\u00fcl\u00f6nbs\u00e9g az Eco \u00e9s a Turbo \u00fczemm\u00f3d k\u00f6z\u00f6tt?<\/strong><\/p>\n<ul>\n<li><strong>Eco m\u00f3d<\/strong> &#8211; K\u00edm\u00e9li az akkumul\u00e1tort \u00e9s az e-folyad\u00e9kot a hosszabb munkamenetekhez.<\/li>\n<li><strong>Turb\u00f3 \u00fczemm\u00f3d<\/strong> &#8211; Er\u0151s\u00edti a g\u0151zt \u00e9s az \u00edzt az er\u0151sebb, intenz\u00edvebb hat\u00e1s \u00e9rdek\u00e9ben.<\/li>\n<\/ul>\n<p><strong>4. Milyen nikotin er\u0151ss\u00e9g\u0171ek kaphat\u00f3k?<\/strong><br \/>\nA Fizzy Nova Plus k\u00e9tf\u00e9le v\u00e1ltozatban kaphat\u00f3:<\/p>\n<ul>\n<li><strong>2% (20mg)<\/strong> &#8211; L\u00e1gy \u00e9s l\u00e1gy<\/li>\n<li><strong>5% (50mg)<\/strong> &#8211; Er\u0151sebb torok\u00fct\u00e9s \u00e9s gyorsabb kiel\u00e9g\u00fcl\u00e9s.<\/li>\n<\/ul>\n<\/div>\n","protected":false},"excerpt":{"rendered":"<p>\u00c9lvezze az ultra-hossz\u00fa g\u0151z\u00f6l\u00e9st ak\u00e1r <strong>40 000 puffol\u00e1ssal<\/strong>, a <strong>kett\u0151s h\u00e1l\u00f3s tekercsek<\/strong> gazdag \u00edz\u00e9t \u00e9s az intelligens testreszab\u00e1st az <strong>Eco \u00e9s Turbo \u00fczemm\u00f3dokkal<\/strong>. A <strong>40 ml e-folyad\u00e9kkal<\/strong>, <strong>\u00fajrat\u00f6lthet\u0151 850 mAh-s akkumul\u00e1torral<\/strong> \u00e9s <strong>eleg\u00e1ns f\u00e9m kivitelben<\/strong> a Nova Plus \u00fajradefini\u00e1lja az eldobhat\u00f3 vape-k\u00e9sz\u00fcl\u00e9keket.<\/p>\n","protected":false},"featured_media":18840,"comment_status":"open","ping_status":"closed","template":"","meta":[],"product_brand":[],"product_cat":[244,192,134,298],"product_tag":[158,137,139,138],"class_list":{"0":"post-19483","1":"product","2":"type-product","3":"status-publish","4":"has-post-thumbnail","6":"product_cat-10-db-os-eldobhato-vape","7":"product_cat-fizzy-nova-plus-40k-puffs-nagykereskedelem","8":"product_cat-eldobhato-vape-nagykereskedelem-online","9":"product_cat-eu-raktar","10":"product_tag-40k-puffs","11":"product_tag-eldobhato-vape","12":"product_tag-nagykereskedelem","13":"product_tag-ujratoltheto","15":"first","16":"outofstock","17":"sale","18":"shipping-taxable","19":"purchasable","20":"product-type-variable"},"yoast_head":"<!-- This site is optimized with the Yoast SEO Premium plugin v24.8 (Yoast SEO v27.4) - https:\/\/yoast.com\/product\/yoast-seo-premium-wordpress\/ -->\n<title>Fizzy Nova Plus 40000 Puffs Eldobhat\u00f3 Vape - 10db - shop.fizzyvape.com<\/title>\n<meta name=\"description\" content=\"10db Fizzy Nova Plus Triple Berry 40K puffs vape! Eper, \u00e1fonya \u00e9s m\u00e1lna kever\u00e9k, USB-C \u00fajrat\u00f6lthet\u0151. Pr\u00e9mium eldobhat\u00f3 anyagok. V\u00e1s\u00e1roljon most!\" \/>\n<meta name=\"robots\" content=\"index, follow, max-snippet:-1, max-image-preview:large, max-video-preview:-1\" \/>\n<link rel=\"canonical\" href=\"https:\/\/shop.fizzyvape.com\/hu\/termek\/fizzy-nova-plus-40000-puffs-eldobhato-vape-10db\/\" \/>\n<meta property=\"og:locale\" content=\"hu_HU\" \/>\n<meta property=\"og:type\" content=\"article\" \/>\n<meta property=\"og:title\" content=\"Fizzy Nova Plus 40000 Puffs Eldobhat\u00f3 Vape - 10db\" \/>\n<meta property=\"og:description\" content=\"10db Fizzy Nova Plus Triple Berry 40K puffs vape! Eper, \u00e1fonya \u00e9s m\u00e1lna kever\u00e9k, USB-C \u00fajrat\u00f6lthet\u0151. Pr\u00e9mium eldobhat\u00f3 anyagok. V\u00e1s\u00e1roljon most!\" \/>\n<meta property=\"og:url\" content=\"https:\/\/shop.fizzyvape.com\/hu\/termek\/fizzy-nova-plus-40000-puffs-eldobhato-vape-10db\/\" \/>\n<meta property=\"og:site_name\" content=\"shop.fizzyvape.com\" \/>\n<meta property=\"article:modified_time\" content=\"2025-12-05T07:03:53+00:00\" \/>\n<meta property=\"og:image\" content=\"https:\/\/shop.fizzyvape.com\/wp-content\/uploads\/2025\/06\/Fizzy-Nova-Plus-40000-Puffs-Triple-Berry-10pcs.webp\" \/>\n\t<meta property=\"og:image:width\" content=\"800\" \/>\n\t<meta property=\"og:image:height\" content=\"800\" \/>\n\t<meta property=\"og:image:type\" content=\"image\/webp\" \/>\n<meta name=\"twitter:card\" content=\"summary_large_image\" \/>\n<meta name=\"twitter:label1\" content=\"Becs\u00fclt olvas\u00e1si id\u0151\" \/>\n\t<meta name=\"twitter:data1\" content=\"3 perc\" \/>\n<script type=\"application\/ld+json\" class=\"yoast-schema-graph\">{\"@context\":\"https:\\\/\\\/schema.org\",\"@graph\":[{\"@type\":\"WebPage\",\"@id\":\"https:\\\/\\\/shop.fizzyvape.com\\\/hu\\\/termek\\\/fizzy-nova-plus-40000-puffs-eldobhato-vape-10db\\\/\",\"url\":\"https:\\\/\\\/shop.fizzyvape.com\\\/hu\\\/termek\\\/fizzy-nova-plus-40000-puffs-eldobhato-vape-10db\\\/\",\"name\":\"Fizzy Nova Plus 40000 Puffs Eldobhat\u00f3 Vape - 10db - shop.fizzyvape.com\",\"isPartOf\":{\"@id\":\"https:\\\/\\\/shop.fizzyvape.com\\\/hu\\\/#website\"},\"primaryImageOfPage\":{\"@id\":\"https:\\\/\\\/shop.fizzyvape.com\\\/hu\\\/termek\\\/fizzy-nova-plus-40000-puffs-eldobhato-vape-10db\\\/#primaryimage\"},\"image\":{\"@id\":\"https:\\\/\\\/shop.fizzyvape.com\\\/hu\\\/termek\\\/fizzy-nova-plus-40000-puffs-eldobhato-vape-10db\\\/#primaryimage\"},\"thumbnailUrl\":\"https:\\\/\\\/shop.fizzyvape.com\\\/wp-content\\\/uploads\\\/2025\\\/06\\\/Fizzy-Nova-Plus-40000-Puffs-Triple-Berry-10pcs.webp\",\"datePublished\":\"2025-06-24T06:55:36+00:00\",\"dateModified\":\"2025-12-05T07:03:53+00:00\",\"description\":\"10db Fizzy Nova Plus Triple Berry 40K puffs vape! Eper, \u00e1fonya \u00e9s m\u00e1lna kever\u00e9k, USB-C \u00fajrat\u00f6lthet\u0151. Pr\u00e9mium eldobhat\u00f3 anyagok. V\u00e1s\u00e1roljon most!\",\"breadcrumb\":{\"@id\":\"https:\\\/\\\/shop.fizzyvape.com\\\/hu\\\/termek\\\/fizzy-nova-plus-40000-puffs-eldobhato-vape-10db\\\/#breadcrumb\"},\"inLanguage\":\"hu\",\"potentialAction\":[{\"@type\":\"ReadAction\",\"target\":[\"https:\\\/\\\/shop.fizzyvape.com\\\/hu\\\/termek\\\/fizzy-nova-plus-40000-puffs-eldobhato-vape-10db\\\/\"]}]},{\"@type\":\"ImageObject\",\"inLanguage\":\"hu\",\"@id\":\"https:\\\/\\\/shop.fizzyvape.com\\\/hu\\\/termek\\\/fizzy-nova-plus-40000-puffs-eldobhato-vape-10db\\\/#primaryimage\",\"url\":\"https:\\\/\\\/shop.fizzyvape.com\\\/wp-content\\\/uploads\\\/2025\\\/06\\\/Fizzy-Nova-Plus-40000-Puffs-Triple-Berry-10pcs.webp\",\"contentUrl\":\"https:\\\/\\\/shop.fizzyvape.com\\\/wp-content\\\/uploads\\\/2025\\\/06\\\/Fizzy-Nova-Plus-40000-Puffs-Triple-Berry-10pcs.webp\",\"width\":800,\"height\":800},{\"@type\":\"BreadcrumbList\",\"@id\":\"https:\\\/\\\/shop.fizzyvape.com\\\/hu\\\/termek\\\/fizzy-nova-plus-40000-puffs-eldobhato-vape-10db\\\/#breadcrumb\",\"itemListElement\":[{\"@type\":\"ListItem\",\"position\":1,\"name\":\"\u9996\u9875\",\"item\":\"https:\\\/\\\/shop.fizzyvape.com\\\/hu\\\/\"},{\"@type\":\"ListItem\",\"position\":2,\"name\":\"Shop\",\"item\":\"https:\\\/\\\/shop.fizzyvape.com\\\/shop\\\/\"},{\"@type\":\"ListItem\",\"position\":3,\"name\":\"Fizzy Nova Plus 40000 Puffs Eldobhat\u00f3 Vape &#8211; 10db\"}]},{\"@type\":\"WebSite\",\"@id\":\"https:\\\/\\\/shop.fizzyvape.com\\\/hu\\\/#website\",\"url\":\"https:\\\/\\\/shop.fizzyvape.com\\\/hu\\\/\",\"name\":\"shop.fizzyvape.com\",\"description\":\"The Best Disposable Vape In Europe | 10000 - 60000 Puffs  | Free Shipping\",\"potentialAction\":[{\"@type\":\"SearchAction\",\"target\":{\"@type\":\"EntryPoint\",\"urlTemplate\":\"https:\\\/\\\/shop.fizzyvape.com\\\/hu\\\/?s={search_term_string}\"},\"query-input\":{\"@type\":\"PropertyValueSpecification\",\"valueRequired\":true,\"valueName\":\"search_term_string\"}}],\"inLanguage\":\"hu\"}]}<\/script>\n<!-- \/ Yoast SEO Premium plugin. -->","yoast_head_json":{"title":"Fizzy Nova Plus 40000 Puffs Eldobhat\u00f3 Vape - 10db - shop.fizzyvape.com","description":"10db Fizzy Nova Plus Triple Berry 40K puffs vape! Eper, \u00e1fonya \u00e9s m\u00e1lna kever\u00e9k, USB-C \u00fajrat\u00f6lthet\u0151. Pr\u00e9mium eldobhat\u00f3 anyagok. V\u00e1s\u00e1roljon most!","robots":{"index":"index","follow":"follow","max-snippet":"max-snippet:-1","max-image-preview":"max-image-preview:large","max-video-preview":"max-video-preview:-1"},"canonical":"https:\/\/shop.fizzyvape.com\/hu\/termek\/fizzy-nova-plus-40000-puffs-eldobhato-vape-10db\/","og_locale":"hu_HU","og_type":"article","og_title":"Fizzy Nova Plus 40000 Puffs Eldobhat\u00f3 Vape - 10db","og_description":"10db Fizzy Nova Plus Triple Berry 40K puffs vape! Eper, \u00e1fonya \u00e9s m\u00e1lna kever\u00e9k, USB-C \u00fajrat\u00f6lthet\u0151. Pr\u00e9mium eldobhat\u00f3 anyagok. V\u00e1s\u00e1roljon most!","og_url":"https:\/\/shop.fizzyvape.com\/hu\/termek\/fizzy-nova-plus-40000-puffs-eldobhato-vape-10db\/","og_site_name":"shop.fizzyvape.com","article_modified_time":"2025-12-05T07:03:53+00:00","og_image":[{"width":800,"height":800,"url":"https:\/\/shop.fizzyvape.com\/wp-content\/uploads\/2025\/06\/Fizzy-Nova-Plus-40000-Puffs-Triple-Berry-10pcs.webp","type":"image\/webp"}],"twitter_card":"summary_large_image","twitter_misc":{"Becs\u00fclt olvas\u00e1si id\u0151":"3 perc"},"schema":{"@context":"https:\/\/schema.org","@graph":[{"@type":"WebPage","@id":"https:\/\/shop.fizzyvape.com\/hu\/termek\/fizzy-nova-plus-40000-puffs-eldobhato-vape-10db\/","url":"https:\/\/shop.fizzyvape.com\/hu\/termek\/fizzy-nova-plus-40000-puffs-eldobhato-vape-10db\/","name":"Fizzy Nova Plus 40000 Puffs Eldobhat\u00f3 Vape - 10db - shop.fizzyvape.com","isPartOf":{"@id":"https:\/\/shop.fizzyvape.com\/hu\/#website"},"primaryImageOfPage":{"@id":"https:\/\/shop.fizzyvape.com\/hu\/termek\/fizzy-nova-plus-40000-puffs-eldobhato-vape-10db\/#primaryimage"},"image":{"@id":"https:\/\/shop.fizzyvape.com\/hu\/termek\/fizzy-nova-plus-40000-puffs-eldobhato-vape-10db\/#primaryimage"},"thumbnailUrl":"https:\/\/shop.fizzyvape.com\/wp-content\/uploads\/2025\/06\/Fizzy-Nova-Plus-40000-Puffs-Triple-Berry-10pcs.webp","datePublished":"2025-06-24T06:55:36+00:00","dateModified":"2025-12-05T07:03:53+00:00","description":"10db Fizzy Nova Plus Triple Berry 40K puffs vape! Eper, \u00e1fonya \u00e9s m\u00e1lna kever\u00e9k, USB-C \u00fajrat\u00f6lthet\u0151. Pr\u00e9mium eldobhat\u00f3 anyagok. V\u00e1s\u00e1roljon most!","breadcrumb":{"@id":"https:\/\/shop.fizzyvape.com\/hu\/termek\/fizzy-nova-plus-40000-puffs-eldobhato-vape-10db\/#breadcrumb"},"inLanguage":"hu","potentialAction":[{"@type":"ReadAction","target":["https:\/\/shop.fizzyvape.com\/hu\/termek\/fizzy-nova-plus-40000-puffs-eldobhato-vape-10db\/"]}]},{"@type":"ImageObject","inLanguage":"hu","@id":"https:\/\/shop.fizzyvape.com\/hu\/termek\/fizzy-nova-plus-40000-puffs-eldobhato-vape-10db\/#primaryimage","url":"https:\/\/shop.fizzyvape.com\/wp-content\/uploads\/2025\/06\/Fizzy-Nova-Plus-40000-Puffs-Triple-Berry-10pcs.webp","contentUrl":"https:\/\/shop.fizzyvape.com\/wp-content\/uploads\/2025\/06\/Fizzy-Nova-Plus-40000-Puffs-Triple-Berry-10pcs.webp","width":800,"height":800},{"@type":"BreadcrumbList","@id":"https:\/\/shop.fizzyvape.com\/hu\/termek\/fizzy-nova-plus-40000-puffs-eldobhato-vape-10db\/#breadcrumb","itemListElement":[{"@type":"ListItem","position":1,"name":"\u9996\u9875","item":"https:\/\/shop.fizzyvape.com\/hu\/"},{"@type":"ListItem","position":2,"name":"Shop","item":"https:\/\/shop.fizzyvape.com\/shop\/"},{"@type":"ListItem","position":3,"name":"Fizzy Nova Plus 40000 Puffs Eldobhat\u00f3 Vape &#8211; 10db"}]},{"@type":"WebSite","@id":"https:\/\/shop.fizzyvape.com\/hu\/#website","url":"https:\/\/shop.fizzyvape.com\/hu\/","name":"shop.fizzyvape.com","description":"The Best Disposable Vape In Europe | 10000 - 60000 Puffs  | Free Shipping","potentialAction":[{"@type":"SearchAction","target":{"@type":"EntryPoint","urlTemplate":"https:\/\/shop.fizzyvape.com\/hu\/?s={search_term_string}"},"query-input":{"@type":"PropertyValueSpecification","valueRequired":true,"valueName":"search_term_string"}}],"inLanguage":"hu"}]}},"tiered_pricing_type":"fixed","tiered_pricing_fixed_rules":[],"tiered_pricing_product_settings":{"layout":"default","base_unit_name":{"singular":null,"plural":null},"default_variation":null},"tiered_pricing_minimum_quantity":null,"tiered_pricing_roles_data":[],"tiered_pricing_percentage_rules":[],"tiered_pricing_maximum_quantity":null,"tiered_pricing_quantity_step":null,"_links":{"self":[{"href":"https:\/\/shop.fizzyvape.com\/hu\/wp-json\/wp\/v2\/product\/19483","targetHints":{"allow":["GET"]}}],"collection":[{"href":"https:\/\/shop.fizzyvape.com\/hu\/wp-json\/wp\/v2\/product"}],"about":[{"href":"https:\/\/shop.fizzyvape.com\/hu\/wp-json\/wp\/v2\/types\/product"}],"replies":[{"embeddable":true,"href":"https:\/\/shop.fizzyvape.com\/hu\/wp-json\/wp\/v2\/comments?post=19483"}],"version-history":[{"count":1,"href":"https:\/\/shop.fizzyvape.com\/hu\/wp-json\/wp\/v2\/product\/19483\/revisions"}],"predecessor-version":[{"id":28273,"href":"https:\/\/shop.fizzyvape.com\/hu\/wp-json\/wp\/v2\/product\/19483\/revisions\/28273"}],"wp:featuredmedia":[{"embeddable":true,"href":"https:\/\/shop.fizzyvape.com\/hu\/wp-json\/wp\/v2\/media\/18840"}],"wp:attachment":[{"href":"https:\/\/shop.fizzyvape.com\/hu\/wp-json\/wp\/v2\/media?parent=19483"}],"wp:term":[{"taxonomy":"product_brand","embeddable":true,"href":"https:\/\/shop.fizzyvape.com\/hu\/wp-json\/wp\/v2\/product_brand?post=19483"},{"taxonomy":"product_cat","embeddable":true,"href":"https:\/\/shop.fizzyvape.com\/hu\/wp-json\/wp\/v2\/product_cat?post=19483"},{"taxonomy":"product_tag","embeddable":true,"href":"https:\/\/shop.fizzyvape.com\/hu\/wp-json\/wp\/v2\/product_tag?post=19483"}],"curies":[{"name":"wp","href":"https:\/\/api.w.org\/{rel}","templated":true}]}}