{"id":19513,"date":"2025-05-15T07:08:24","date_gmt":"2025-05-15T07:08:24","guid":{"rendered":"https:\/\/shop.fizzyvape.com\/product\/fizzy-twins-gorogdinnye-jeg-es-eper-kiwi-50000-puffs-eldobhato-vape\/"},"modified":"2025-12-23T08:28:20","modified_gmt":"2025-12-23T08:28:20","slug":"fizzy-twins-gorogdinnye-jeg-es-eper-kiwi-50000-puffs-eldobhato-vape","status":"publish","type":"product","link":"https:\/\/shop.fizzyvape.com\/hu\/termek\/fizzy-twins-gorogdinnye-jeg-es-eper-kiwi-50000-puffs-eldobhato-vape\/","title":{"rendered":"Fizzy Twins g\u00f6r\u00f6gdinnye j\u00e9g \u00e9s eper kiwi &#8211; 50000 Puffs eldobhat\u00f3 Vape"},"content":{"rendered":"<div>\n<h1>Fizzy Twins g\u00f6r\u00f6gdinnye j\u00e9g \u00e9s eper kiwi &#8211; 50000 Puffs kett\u0151s \u00edz\u0171 eldobhat\u00f3?Vape<\/h1>\n<h4><strong>V\u00e9gs\u0151 kett\u0151s \u00edz. Ultra hossz\u00fa \u00e9lettartam\u00fa. Nulla kompromisszum. <\/strong><\/h4>\n<p>Tapasztald meg a p\u00e1rol\u00e1si k\u00e9nyelem k\u00f6vetkez\u0151 szintj\u00e9t a <strong>Fizzy Twins 50000 Puffs-szal<\/strong>. A fejlett <strong>kett\u0151s tart\u00e1lyos rendszerrel<\/strong> rendelkez\u0151 k\u00e9sz\u00fcl\u00e9k lehet\u0151v\u00e9 teszi, hogy k\u00f6nnyed\u00e9n v\u00e1ltson k\u00e9t mer\u00e9sz, friss\u00edt\u0151 \u00edz k\u00f6z\u00f6tt:<\/p>\n<ul>\n<li><strong>G\u00f6r\u00f6gdinnye j\u00e9g<\/strong> &#8211; h\u0171v\u00f6s, l\u00e9d\u00fas \u00e9s ultra-friss\u00edt\u0151<\/li>\n<li><strong>Strawberry Kiwi<\/strong> &#8211; \u00c9des \u00e9s fanyar, egy finom gy\u00fcm\u00f6lcs\u00f6s csavarral<\/li>\n<\/ul>\n<p>Az <strong>\u00e1ll\u00edthat\u00f3 l\u00e9g\u00e1raml\u00e1ssal<\/strong> \u00e9s a <strong>kett\u0151s teljes\u00edtm\u00e9ny \u00fczemm\u00f3ddal<\/strong> minden slukkot teljes m\u00e9rt\u00e9kben \u00d6n ir\u00e1ny\u00edthat &#8211; a sima, l\u00e1gy h\u00faz\u00e1st\u00f3l az er\u0151teljes, kiel\u00e9g\u00edt\u0151 slukkokig.<\/p>\n<h3>Kulcsfontoss\u00e1g\u00fa jellemz\u0151k:<\/h3>\n<ul>\n<li><strong>Ak\u00e1r 50,000 puff<\/strong> &#8211; Ultra nagy kapacit\u00e1s\u00fa a hossz\u00fa t\u00e1v\u00fa haszn\u00e1lathoz<\/li>\n<li><strong>\u00dajrat\u00f6lthet\u0151 850mAh akkumul\u00e1tor<\/strong> &#8211; USB Type-C t\u00f6lt\u00e9s a gyors \u00e9s megb\u00edzhat\u00f3 energiaell\u00e1t\u00e1s\u00e9rt<\/li>\n<li><strong>50ML el\u0151re t\u00f6lt\u00f6tt E-Liquid<\/strong> &#8211; Nincs \u00fajrat\u00f6lt\u00e9s, csak vape \u00e9s \u00e9lvezze<\/li>\n<li><strong>Dual Flavor System<\/strong> &#8211; Z\u00f6kken\u0151mentes v\u00e1lt\u00e1s k\u00e9t k\u00fcl\u00f6nb\u00f6z\u0151 \u00edz k\u00f6z\u00f6tt<\/li>\n<li><strong>Kett\u0151s tart\u00e1ly technol\u00f3gia<\/strong> &#8211; Megakad\u00e1lyozza az \u00edzek kevered\u00e9s\u00e9t \u00e9s meg\u0151rzi a tisztas\u00e1got.<\/li>\n<li><strong>\u00c1ll\u00edthat\u00f3 l\u00e9g\u00e1raml\u00e1s<\/strong> &#8211; Testre szabhatja a h\u00faz\u00e1st a sim\u00e1bb vagy er\u0151sebb bel\u00e9gz\u00e9shez<\/li>\n<li><strong>Kett\u0151s teljes\u00edtm\u00e9ny \u00fczemm\u00f3dok<\/strong> &#8211; V\u00e1lassza az ECO \u00fczemm\u00f3dot a kiegyens\u00falyozott p\u00e1rol\u00e1shoz vagy a BOOST \u00fczemm\u00f3dot a nagyobb intenzit\u00e1shoz.<\/li>\n<li><strong>Hordozhat\u00f3 \u00e9s ergonomikus kialak\u00edt\u00e1s<\/strong> &#8211; Eleg\u00e1ns, st\u00edlusos \u00e9s k\u00e9nyelmes a k\u00e9zben.<\/li>\n<li><strong>Pr\u00e9mium f\u00e9mh\u00e9j<\/strong> &#8211; Tart\u00f3s \u00e9s f\u00e9ny\u0171z\u0151 kivitel a mindennapi haszn\u00e1lathoz<\/li>\n<\/ul>\n<\/div>\n<div>\n<h3><strong>Nikotin lehet\u0151s\u00e9gek:<\/strong><\/h3>\n<ul>\n<li><strong>2% (20mg\/mL) <\/strong>&#8211; Ide\u00e1lis a sima \u00e9s \u00edzletes p\u00e1rologtat\u00e1si \u00e9lm\u00e9nyhez.<\/li>\n<li><strong>5% (50mg\/mL) <\/strong>&#8211; Er\u0151sebb, kiel\u00e9g\u00edt\u0151bb torok\u00fct\u00e9sre tervezt\u00e9k.<\/li>\n<\/ul>\n<h3><strong>Fizzy Twins <\/strong>50000 Puffs \u00cdzek list\u00e1ja:<\/h3>\n<ol>\n<li><a href=\"https:\/\/shop.fizzyvape.com\/hu\/termek\/fizzy-twins-gorogdinnye-jeg-es-eper-kiwi-50000-puffs-eldobhato-vape\/\">G\u00f6r\u00f6gdinnye j\u00e9g \u00e9s eper kiwi<\/a><\/li>\n<li><a href=\"https:\/\/shop.fizzyvape.com\/hu\/termek\/fizzy-twins-strawberry-kiwi-pomegranate-red-bull-50000-puffs-eldobhato-vape\/\">Eper-kiwi gr\u00e1n\u00e1talma &amp; Red Bull<\/a><\/li>\n<li><a href=\"https:\/\/shop.fizzyvape.com\/hu\/termek\/fizzy-twins-blueberry-coconut-grape-ice-50000-puffs-eldobhato-vape\/\">\u00c1fonya k\u00f3kusz \u00e9s sz\u0151l\u0151 j\u00e9g<\/a><\/li>\n<li><a href=\"https:\/\/shop.fizzyvape.com\/hu\/termek\/fizzy-twins-blue-razz-lemonade-triple-melon-50000-puffs-eldobhato-vape\/\">K\u00e9k Razz limon\u00e1d\u00e9 \u00e9s tripla dinnye<\/a><\/li>\n<li><a href=\"https:\/\/shop.fizzyvape.com\/hu\/termek\/fizzy-twins-eper-gorogdinnye-es-afonya-jeg-50000-puffs-eldobhato-vape\/\">Eper g\u00f6r\u00f6gdinnye \u00e9s \u00e1fonya j\u00e9g<\/a><\/li>\n<li><a href=\"https:\/\/shop.fizzyvape.com\/hu\/termek\/fizzy-twins-peach-mango-watermelon-strawberry-banana-50000-puffs-eldobhato-vape\/\">\u0150szibarack Mang\u00f3 g\u00f6r\u00f6gdinnye \u00e9s eper ban\u00e1n<\/a><\/li>\n<li><a href=\"https:\/\/shop.fizzyvape.com\/hu\/termek\/fizzy-twins-malna-gorogdinnye-es-kiwi-golgotavirag-guava-50000-puff-eldobhato-vape\/\">M\u00e1lna G\u00f6r\u00f6gdinnye \u00e9s Kiwi Golgotavir\u00e1g Guava<\/a><\/li>\n<li><a href=\"https:\/\/shop.fizzyvape.com\/hu\/termek\/fizzy-twins-ananasz-barack-maracuja-es-afonya-malna-50000-puffs-eldobhato-vape\/\">Anan\u00e1sz \u0150szibarack Maracuja &amp; \u00c1fonya M\u00e1lna<\/a><\/li>\n<li><a href=\"https:\/\/shop.fizzyvape.com\/hu\/termek\/fizzy-twins-watermelon-ice-lemon-lime-50000-puffs-eldobhato-vape\/\">G\u00f6r\u00f6gdinnye j\u00e9g \u00e9s citromos lime<\/a><\/li>\n<li><a href=\"https:\/\/shop.fizzyvape.com\/hu\/termek\/fizzy-twins-mixed-berry-peach-ice-50000-puffs-eldobhato-vape\/\">Vegyes bogy\u00f3s gy\u00fcm\u00f6lcs \u00e9s barack j\u00e9g<\/a><\/li>\n<li><a href=\"https:\/\/shop.fizzyvape.com\/hu\/termek\/fizzy-twins-strawberry-ice-fizzy-cherry-50000-puffs-eldobhato-vape\/\">Eper j\u00e9g \u00e9s pezsg\u0151 cseresznye<\/a><\/li>\n<li><a href=\"https:\/\/shop.fizzyvape.com\/hu\/termek\/fizzy-twins-malna-limonade-es-eper-jeg-50000-puffs-eldobhato-vape\/\">M\u00e1lna limon\u00e1d\u00e9 \u00e9s eper j\u00e9g<\/a><\/li>\n<\/ol>\n<h3>GYIK a Fizzy Twins Watermelon Ice &amp; Strawberry Kiwi 50000 Puffs Vape-r\u0151l<\/h3>\n<p><strong>1. Hogyan tudok v\u00e1ltani a k\u00e9t \u00edz k\u00f6z\u00f6tt?<\/strong><br \/>\nA Fizzy Twins egy fejlett <strong>kett\u0151s tart\u00e1lyos rendszerrel<\/strong> k\u00e9sz\u00fclt, amely lehet\u0151v\u00e9 teszi, hogy k\u00f6nnyed\u00e9n v\u00e1ltson az \u00edzek k\u00f6z\u00f6tt. Egyszer\u0171en haszn\u00e1ld a be\u00e9p\u00edtett kapcsol\u00f3mechanizmust, hogy v\u00e1lassz a <strong>Watermelon Ice<\/strong> \u00e9s a <strong>Strawberry Kiwi<\/strong> k\u00f6z\u00f6tt &#8211; nincs sz\u00fcks\u00e9g k\u00fcl\u00f6n be\u00e1ll\u00edt\u00e1sra.<\/p>\n<p><strong>2. Hogyan tudom \u00fajrat\u00f6lteni a k\u00e9sz\u00fcl\u00e9ket, \u00e9s mennyi ideig b\u00edrja az akkumul\u00e1tor?<\/strong><br \/>\nA k\u00e9sz\u00fcl\u00e9k <strong>850mAh-s \u00fajrat\u00f6lthet\u0151 akkumul\u00e1torral<\/strong> rendelkezik, \u00e9s <strong>USB Type-C-n<\/strong> kereszt\u00fcl t\u00f6lthet\u0151 a gyors \u00e9s megb\u00edzhat\u00f3 energiaell\u00e1t\u00e1s \u00e9rdek\u00e9ben. Az akkumul\u00e1tor \u00e9lettartama a haszn\u00e1latt\u00f3l f\u00fcgg\u0151en v\u00e1ltozik, de egy teljes felt\u00f6lt\u00e9s \u00e1ltal\u00e1ban <strong>t\u00f6bb hosszabb vaping \u00fcl\u00e9sen<\/strong> kereszt\u00fcl tart.<\/p>\n<p><strong>3. Be\u00e1ll\u00edthatom a p\u00e1rolg\u00e1s intenzit\u00e1s\u00e1t?<\/strong><br \/>\nAbszol\u00fat! A Fizzy Twins <strong>\u00e1ll\u00edthat\u00f3 l\u00e9g\u00e1raml\u00e1st<\/strong> \u00e9s <strong>kett\u0151s teljes\u00edtm\u00e9ny \u00fczemm\u00f3dot<\/strong> tartalmaz, hogy testre szabhassa az \u00e9lm\u00e9nyt. V\u00e1lassza az <strong>ECO \u00fczemm\u00f3dot<\/strong> a sim\u00e1bb, m\u00e9rs\u00e9kelt g\u0151z\u00e9rt vagy a <strong>Boost \u00fczemm\u00f3dot<\/strong> az er\u0151teljesebb torok\u00fct\u00e9s\u00e9rt \u00e9s a s\u0171r\u0171 felh\u0151k\u00e9rt.<\/p>\n<p><strong>4. \u00dajra kell t\u00f6ltenem e-folyad\u00e9kkal?<\/strong><br \/>\nNincs sz\u00fcks\u00e9g \u00fajrat\u00f6lt\u00e9sre. Minden k\u00e9sz\u00fcl\u00e9ket <strong>el\u0151re felt\u00f6lt\u00f6tt 50 ml pr\u00e9mium e-folyad\u00e9kkal<\/strong> sz\u00e1ll\u00edtunk, \u00edgy teljesen karbantart\u00e1smentes. Ha az e-folyad\u00e9k elfogyott, egyszer\u0171en cser\u00e9lje ki a k\u00e9sz\u00fcl\u00e9ket egy \u00fajjal.<\/p>\n<p><strong>5. Milyen nikotin er\u0151ss\u00e9g\u0171ek kaphat\u00f3k?<\/strong><br \/>\nA Fizzy Twins k\u00e9tf\u00e9le nikotiner\u0151ss\u00e9get k\u00edn\u00e1l, hogy megfeleljen az \u00d6n preferenci\u00e1inak:<\/p>\n<ul>\n<li><strong>2% (20mg\/mL)<\/strong> &#8211; Sima \u00e9s \u00edzletes, m\u00e9rs\u00e9kelt nikotin adagol\u00e1ssal.<\/li>\n<li><strong>5% (50mg\/mL)<\/strong> &#8211; Er\u0151sebb az intenz\u00edvebb torkolatot keres\u0151 felhaszn\u00e1l\u00f3k sz\u00e1m\u00e1ra.<\/li>\n<\/ul>\n<\/div>\n","protected":false},"excerpt":{"rendered":"<p>Fedezze fel a friss\u00edt\u0151 kett\u0151s \u00edz\u0171 p\u00e1rologtat\u00e1st a Fizzy Twins Watermelon Ice &amp; Strawberry Kiwi 50000 Puffs eldobhat\u00f3 vape-vel. \u00c9lvezze a k\u00e9t \u00e9l\u00e9nk \u00edz k\u00f6z\u00f6tti z\u00f6kken\u0151mentes v\u00e1lt\u00e1st, melyet egy \u00fajrat\u00f6lthet\u0151 850mAh-s akkumul\u00e1tor, k\u00e9tf\u00e9le \u00fczemm\u00f3d \u00e9s 50ML el\u0151re t\u00f6lt\u00f6tt e-folyad\u00e9k t\u00e1mogat &#8211; mindezt egy eleg\u00e1ns, ergonomikus kialak\u00edt\u00e1sban a hosszan tart\u00f3, \u00edzgazdag teljes\u00edtm\u00e9ny \u00e9rdek\u00e9ben.<\/p>\n","protected":false},"featured_media":18536,"comment_status":"open","ping_status":"closed","template":"","meta":[],"product_brand":[],"product_cat":[126,148],"product_tag":[142,137,143,138],"class_list":{"0":"post-19513","1":"product","2":"type-product","3":"status-publish","4":"has-post-thumbnail","6":"product_cat-fizzy-twins-50000-puffs-eldobhato-vape","7":"product_cat-ujratoltheto-eldobhato-vape","8":"product_tag-50k-puffs-hu","9":"product_tag-eldobhato-vape","10":"product_tag-kettos-iz","11":"product_tag-ujratoltheto","13":"first","14":"outofstock","15":"shipping-taxable","16":"purchasable","17":"product-type-variable"},"yoast_head":"<!-- This site is optimized with the Yoast SEO Premium plugin v24.8 (Yoast SEO v27.4) - https:\/\/yoast.com\/product\/yoast-seo-premium-wordpress\/ -->\n<title>Fizzy Twins 50000 Puffs Vape - g\u00f6r\u00f6gdinnye j\u00e9g \u00e9s eper kiwi<\/title>\n<meta name=\"description\" content=\"Fedezze fel a Fizzy Twins 50000 Puffs Vape-t g\u00f6r\u00f6gdinnye j\u00e9g \u00e9s eper kiwi \u00edzekkel, kett\u0151s tart\u00e1lyokkal, \u00e1ll\u00edthat\u00f3 l\u00e9g\u00e1raml\u00e1ssal \u00e9s 2%\/5% nikotin opci\u00f3val.\" \/>\n<meta name=\"robots\" content=\"index, follow, max-snippet:-1, max-image-preview:large, max-video-preview:-1\" \/>\n<link rel=\"canonical\" href=\"https:\/\/shop.fizzyvape.com\/hu\/termek\/fizzy-twins-gorogdinnye-jeg-es-eper-kiwi-50000-puffs-eldobhato-vape\/\" \/>\n<meta property=\"og:locale\" content=\"hu_HU\" \/>\n<meta property=\"og:type\" content=\"article\" \/>\n<meta property=\"og:title\" content=\"Fizzy Twins g\u00f6r\u00f6gdinnye j\u00e9g \u00e9s eper kiwi - 50000 Puffs eldobhat\u00f3 Vape\" \/>\n<meta property=\"og:description\" content=\"Fedezze fel a Fizzy Twins 50000 Puffs Vape-t g\u00f6r\u00f6gdinnye j\u00e9g \u00e9s eper kiwi \u00edzekkel, kett\u0151s tart\u00e1lyokkal, \u00e1ll\u00edthat\u00f3 l\u00e9g\u00e1raml\u00e1ssal \u00e9s 2%\/5% nikotin opci\u00f3val.\" \/>\n<meta property=\"og:url\" content=\"https:\/\/shop.fizzyvape.com\/hu\/termek\/fizzy-twins-gorogdinnye-jeg-es-eper-kiwi-50000-puffs-eldobhato-vape\/\" \/>\n<meta property=\"og:site_name\" content=\"shop.fizzyvape.com\" \/>\n<meta property=\"article:modified_time\" content=\"2025-12-23T08:28:20+00:00\" \/>\n<meta property=\"og:image\" content=\"https:\/\/shop.fizzyvape.com\/wp-content\/uploads\/2025\/05\/Watermelon-Ice-Strawberry-Kiwi-50000-Puffs-Disposable-Vape.webp\" \/>\n\t<meta property=\"og:image:width\" content=\"800\" \/>\n\t<meta property=\"og:image:height\" content=\"800\" \/>\n\t<meta property=\"og:image:type\" content=\"image\/webp\" \/>\n<meta name=\"twitter:card\" content=\"summary_large_image\" \/>\n<meta name=\"twitter:label1\" content=\"Becs\u00fclt olvas\u00e1si id\u0151\" \/>\n\t<meta name=\"twitter:data1\" content=\"3 perc\" \/>\n<script type=\"application\/ld+json\" class=\"yoast-schema-graph\">{\"@context\":\"https:\\\/\\\/schema.org\",\"@graph\":[{\"@type\":\"WebPage\",\"@id\":\"https:\\\/\\\/shop.fizzyvape.com\\\/hu\\\/termek\\\/fizzy-twins-gorogdinnye-jeg-es-eper-kiwi-50000-puffs-eldobhato-vape\\\/\",\"url\":\"https:\\\/\\\/shop.fizzyvape.com\\\/hu\\\/termek\\\/fizzy-twins-gorogdinnye-jeg-es-eper-kiwi-50000-puffs-eldobhato-vape\\\/\",\"name\":\"Fizzy Twins 50000 Puffs Vape - g\u00f6r\u00f6gdinnye j\u00e9g \u00e9s eper kiwi\",\"isPartOf\":{\"@id\":\"https:\\\/\\\/shop.fizzyvape.com\\\/hu\\\/#website\"},\"primaryImageOfPage\":{\"@id\":\"https:\\\/\\\/shop.fizzyvape.com\\\/hu\\\/termek\\\/fizzy-twins-gorogdinnye-jeg-es-eper-kiwi-50000-puffs-eldobhato-vape\\\/#primaryimage\"},\"image\":{\"@id\":\"https:\\\/\\\/shop.fizzyvape.com\\\/hu\\\/termek\\\/fizzy-twins-gorogdinnye-jeg-es-eper-kiwi-50000-puffs-eldobhato-vape\\\/#primaryimage\"},\"thumbnailUrl\":\"https:\\\/\\\/shop.fizzyvape.com\\\/wp-content\\\/uploads\\\/2025\\\/05\\\/Watermelon-Ice-Strawberry-Kiwi-50000-Puffs-Disposable-Vape.webp\",\"datePublished\":\"2025-05-15T07:08:24+00:00\",\"dateModified\":\"2025-12-23T08:28:20+00:00\",\"description\":\"Fedezze fel a Fizzy Twins 50000 Puffs Vape-t g\u00f6r\u00f6gdinnye j\u00e9g \u00e9s eper kiwi \u00edzekkel, kett\u0151s tart\u00e1lyokkal, \u00e1ll\u00edthat\u00f3 l\u00e9g\u00e1raml\u00e1ssal \u00e9s 2%\\\/5% nikotin opci\u00f3val.\",\"breadcrumb\":{\"@id\":\"https:\\\/\\\/shop.fizzyvape.com\\\/hu\\\/termek\\\/fizzy-twins-gorogdinnye-jeg-es-eper-kiwi-50000-puffs-eldobhato-vape\\\/#breadcrumb\"},\"inLanguage\":\"hu\",\"potentialAction\":[{\"@type\":\"ReadAction\",\"target\":[\"https:\\\/\\\/shop.fizzyvape.com\\\/hu\\\/termek\\\/fizzy-twins-gorogdinnye-jeg-es-eper-kiwi-50000-puffs-eldobhato-vape\\\/\"]}]},{\"@type\":\"ImageObject\",\"inLanguage\":\"hu\",\"@id\":\"https:\\\/\\\/shop.fizzyvape.com\\\/hu\\\/termek\\\/fizzy-twins-gorogdinnye-jeg-es-eper-kiwi-50000-puffs-eldobhato-vape\\\/#primaryimage\",\"url\":\"https:\\\/\\\/shop.fizzyvape.com\\\/wp-content\\\/uploads\\\/2025\\\/05\\\/Watermelon-Ice-Strawberry-Kiwi-50000-Puffs-Disposable-Vape.webp\",\"contentUrl\":\"https:\\\/\\\/shop.fizzyvape.com\\\/wp-content\\\/uploads\\\/2025\\\/05\\\/Watermelon-Ice-Strawberry-Kiwi-50000-Puffs-Disposable-Vape.webp\",\"width\":800,\"height\":800,\"caption\":\"G\u00f6r\u00f6gdinnye j\u00e9g \u00e9s eper Kiwi 50000 Puffs eldobhat\u00f3 Vape\"},{\"@type\":\"BreadcrumbList\",\"@id\":\"https:\\\/\\\/shop.fizzyvape.com\\\/hu\\\/termek\\\/fizzy-twins-gorogdinnye-jeg-es-eper-kiwi-50000-puffs-eldobhato-vape\\\/#breadcrumb\",\"itemListElement\":[{\"@type\":\"ListItem\",\"position\":1,\"name\":\"\u9996\u9875\",\"item\":\"https:\\\/\\\/shop.fizzyvape.com\\\/hu\\\/\"},{\"@type\":\"ListItem\",\"position\":2,\"name\":\"Shop\",\"item\":\"https:\\\/\\\/shop.fizzyvape.com\\\/shop\\\/\"},{\"@type\":\"ListItem\",\"position\":3,\"name\":\"Fizzy Twins g\u00f6r\u00f6gdinnye j\u00e9g \u00e9s eper kiwi &#8211; 50000 Puffs eldobhat\u00f3 Vape\"}]},{\"@type\":\"WebSite\",\"@id\":\"https:\\\/\\\/shop.fizzyvape.com\\\/hu\\\/#website\",\"url\":\"https:\\\/\\\/shop.fizzyvape.com\\\/hu\\\/\",\"name\":\"shop.fizzyvape.com\",\"description\":\"The Best Disposable Vape In Europe | 10000 - 60000 Puffs  | Free Shipping\",\"potentialAction\":[{\"@type\":\"SearchAction\",\"target\":{\"@type\":\"EntryPoint\",\"urlTemplate\":\"https:\\\/\\\/shop.fizzyvape.com\\\/hu\\\/?s={search_term_string}\"},\"query-input\":{\"@type\":\"PropertyValueSpecification\",\"valueRequired\":true,\"valueName\":\"search_term_string\"}}],\"inLanguage\":\"hu\"}]}<\/script>\n<!-- \/ Yoast SEO Premium plugin. -->","yoast_head_json":{"title":"Fizzy Twins 50000 Puffs Vape - g\u00f6r\u00f6gdinnye j\u00e9g \u00e9s eper kiwi","description":"Fedezze fel a Fizzy Twins 50000 Puffs Vape-t g\u00f6r\u00f6gdinnye j\u00e9g \u00e9s eper kiwi \u00edzekkel, kett\u0151s tart\u00e1lyokkal, \u00e1ll\u00edthat\u00f3 l\u00e9g\u00e1raml\u00e1ssal \u00e9s 2%\/5% nikotin opci\u00f3val.","robots":{"index":"index","follow":"follow","max-snippet":"max-snippet:-1","max-image-preview":"max-image-preview:large","max-video-preview":"max-video-preview:-1"},"canonical":"https:\/\/shop.fizzyvape.com\/hu\/termek\/fizzy-twins-gorogdinnye-jeg-es-eper-kiwi-50000-puffs-eldobhato-vape\/","og_locale":"hu_HU","og_type":"article","og_title":"Fizzy Twins g\u00f6r\u00f6gdinnye j\u00e9g \u00e9s eper kiwi - 50000 Puffs eldobhat\u00f3 Vape","og_description":"Fedezze fel a Fizzy Twins 50000 Puffs Vape-t g\u00f6r\u00f6gdinnye j\u00e9g \u00e9s eper kiwi \u00edzekkel, kett\u0151s tart\u00e1lyokkal, \u00e1ll\u00edthat\u00f3 l\u00e9g\u00e1raml\u00e1ssal \u00e9s 2%\/5% nikotin opci\u00f3val.","og_url":"https:\/\/shop.fizzyvape.com\/hu\/termek\/fizzy-twins-gorogdinnye-jeg-es-eper-kiwi-50000-puffs-eldobhato-vape\/","og_site_name":"shop.fizzyvape.com","article_modified_time":"2025-12-23T08:28:20+00:00","og_image":[{"width":800,"height":800,"url":"https:\/\/shop.fizzyvape.com\/wp-content\/uploads\/2025\/05\/Watermelon-Ice-Strawberry-Kiwi-50000-Puffs-Disposable-Vape.webp","type":"image\/webp"}],"twitter_card":"summary_large_image","twitter_misc":{"Becs\u00fclt olvas\u00e1si id\u0151":"3 perc"},"schema":{"@context":"https:\/\/schema.org","@graph":[{"@type":"WebPage","@id":"https:\/\/shop.fizzyvape.com\/hu\/termek\/fizzy-twins-gorogdinnye-jeg-es-eper-kiwi-50000-puffs-eldobhato-vape\/","url":"https:\/\/shop.fizzyvape.com\/hu\/termek\/fizzy-twins-gorogdinnye-jeg-es-eper-kiwi-50000-puffs-eldobhato-vape\/","name":"Fizzy Twins 50000 Puffs Vape - g\u00f6r\u00f6gdinnye j\u00e9g \u00e9s eper kiwi","isPartOf":{"@id":"https:\/\/shop.fizzyvape.com\/hu\/#website"},"primaryImageOfPage":{"@id":"https:\/\/shop.fizzyvape.com\/hu\/termek\/fizzy-twins-gorogdinnye-jeg-es-eper-kiwi-50000-puffs-eldobhato-vape\/#primaryimage"},"image":{"@id":"https:\/\/shop.fizzyvape.com\/hu\/termek\/fizzy-twins-gorogdinnye-jeg-es-eper-kiwi-50000-puffs-eldobhato-vape\/#primaryimage"},"thumbnailUrl":"https:\/\/shop.fizzyvape.com\/wp-content\/uploads\/2025\/05\/Watermelon-Ice-Strawberry-Kiwi-50000-Puffs-Disposable-Vape.webp","datePublished":"2025-05-15T07:08:24+00:00","dateModified":"2025-12-23T08:28:20+00:00","description":"Fedezze fel a Fizzy Twins 50000 Puffs Vape-t g\u00f6r\u00f6gdinnye j\u00e9g \u00e9s eper kiwi \u00edzekkel, kett\u0151s tart\u00e1lyokkal, \u00e1ll\u00edthat\u00f3 l\u00e9g\u00e1raml\u00e1ssal \u00e9s 2%\/5% nikotin opci\u00f3val.","breadcrumb":{"@id":"https:\/\/shop.fizzyvape.com\/hu\/termek\/fizzy-twins-gorogdinnye-jeg-es-eper-kiwi-50000-puffs-eldobhato-vape\/#breadcrumb"},"inLanguage":"hu","potentialAction":[{"@type":"ReadAction","target":["https:\/\/shop.fizzyvape.com\/hu\/termek\/fizzy-twins-gorogdinnye-jeg-es-eper-kiwi-50000-puffs-eldobhato-vape\/"]}]},{"@type":"ImageObject","inLanguage":"hu","@id":"https:\/\/shop.fizzyvape.com\/hu\/termek\/fizzy-twins-gorogdinnye-jeg-es-eper-kiwi-50000-puffs-eldobhato-vape\/#primaryimage","url":"https:\/\/shop.fizzyvape.com\/wp-content\/uploads\/2025\/05\/Watermelon-Ice-Strawberry-Kiwi-50000-Puffs-Disposable-Vape.webp","contentUrl":"https:\/\/shop.fizzyvape.com\/wp-content\/uploads\/2025\/05\/Watermelon-Ice-Strawberry-Kiwi-50000-Puffs-Disposable-Vape.webp","width":800,"height":800,"caption":"G\u00f6r\u00f6gdinnye j\u00e9g \u00e9s eper Kiwi 50000 Puffs eldobhat\u00f3 Vape"},{"@type":"BreadcrumbList","@id":"https:\/\/shop.fizzyvape.com\/hu\/termek\/fizzy-twins-gorogdinnye-jeg-es-eper-kiwi-50000-puffs-eldobhato-vape\/#breadcrumb","itemListElement":[{"@type":"ListItem","position":1,"name":"\u9996\u9875","item":"https:\/\/shop.fizzyvape.com\/hu\/"},{"@type":"ListItem","position":2,"name":"Shop","item":"https:\/\/shop.fizzyvape.com\/shop\/"},{"@type":"ListItem","position":3,"name":"Fizzy Twins g\u00f6r\u00f6gdinnye j\u00e9g \u00e9s eper kiwi &#8211; 50000 Puffs eldobhat\u00f3 Vape"}]},{"@type":"WebSite","@id":"https:\/\/shop.fizzyvape.com\/hu\/#website","url":"https:\/\/shop.fizzyvape.com\/hu\/","name":"shop.fizzyvape.com","description":"The Best Disposable Vape In Europe | 10000 - 60000 Puffs  | Free Shipping","potentialAction":[{"@type":"SearchAction","target":{"@type":"EntryPoint","urlTemplate":"https:\/\/shop.fizzyvape.com\/hu\/?s={search_term_string}"},"query-input":{"@type":"PropertyValueSpecification","valueRequired":true,"valueName":"search_term_string"}}],"inLanguage":"hu"}]}},"tiered_pricing_type":"fixed","tiered_pricing_fixed_rules":[],"tiered_pricing_product_settings":{"layout":"default","base_unit_name":{"singular":null,"plural":null},"default_variation":null},"tiered_pricing_minimum_quantity":null,"tiered_pricing_roles_data":[],"tiered_pricing_percentage_rules":[],"tiered_pricing_maximum_quantity":null,"tiered_pricing_quantity_step":null,"_links":{"self":[{"href":"https:\/\/shop.fizzyvape.com\/hu\/wp-json\/wp\/v2\/product\/19513","targetHints":{"allow":["GET"]}}],"collection":[{"href":"https:\/\/shop.fizzyvape.com\/hu\/wp-json\/wp\/v2\/product"}],"about":[{"href":"https:\/\/shop.fizzyvape.com\/hu\/wp-json\/wp\/v2\/types\/product"}],"replies":[{"embeddable":true,"href":"https:\/\/shop.fizzyvape.com\/hu\/wp-json\/wp\/v2\/comments?post=19513"}],"version-history":[{"count":0,"href":"https:\/\/shop.fizzyvape.com\/hu\/wp-json\/wp\/v2\/product\/19513\/revisions"}],"wp:featuredmedia":[{"embeddable":true,"href":"https:\/\/shop.fizzyvape.com\/hu\/wp-json\/wp\/v2\/media\/18536"}],"wp:attachment":[{"href":"https:\/\/shop.fizzyvape.com\/hu\/wp-json\/wp\/v2\/media?parent=19513"}],"wp:term":[{"taxonomy":"product_brand","embeddable":true,"href":"https:\/\/shop.fizzyvape.com\/hu\/wp-json\/wp\/v2\/product_brand?post=19513"},{"taxonomy":"product_cat","embeddable":true,"href":"https:\/\/shop.fizzyvape.com\/hu\/wp-json\/wp\/v2\/product_cat?post=19513"},{"taxonomy":"product_tag","embeddable":true,"href":"https:\/\/shop.fizzyvape.com\/hu\/wp-json\/wp\/v2\/product_tag?post=19513"}],"curies":[{"name":"wp","href":"https:\/\/api.w.org\/{rel}","templated":true}]}}