{"id":19516,"date":"2025-06-06T03:16:49","date_gmt":"2025-06-06T03:16:49","guid":{"rendered":"https:\/\/shop.fizzyvape.com\/product\/fizzy-nova-plus-40000-puffs-eldobhato-vape-fruity-chill-set-6db-6-flavor-bundle\/"},"modified":"2025-11-22T02:13:10","modified_gmt":"2025-11-22T02:13:10","slug":"fizzy-nova-plus-40000-puffs-eldobhato-vape-fruity-chill-set-6db-6-flavor-bundle","status":"publish","type":"product","link":"https:\/\/shop.fizzyvape.com\/hu\/termek\/fizzy-nova-plus-40000-puffs-eldobhato-vape-fruity-chill-set-6db-6-flavor-bundle\/","title":{"rendered":"Fizzy Nova Plus 40000 Puffs eldobhat\u00f3 Vape Fruity Chill Set &#8211; 6db (6-flavor Bundle)"},"content":{"rendered":"<div>\n<h2><strong>Fizzy Nova Plus 40000 Puffs Eldobhat\u00f3 Vape &#8211; Gy\u00fcm\u00f6lcs\u00f6s Chill Set 6 \u00edz\u0171 csomag<\/strong><\/h2>\n<p>Tapasztalja meg a mer\u00e9sz gy\u00fcm\u00f6lcskever\u00e9keket a <strong>Fizzy Nova Plus 40000 Puffs eldobhat\u00f3 Vape<\/strong> Fruity Chill Bundle csomaggal. Mindegyik <strong>\u00fajrat\u00f6lthet\u0151 vape<\/strong> <strong>kett\u0151s h\u00e1l\u00f3s tekercsekkel<\/strong>, <strong>Eco\/Turbo \u00fczemm\u00f3ddal<\/strong>, <strong>LED kijelz\u0151vel<\/strong> rendelkezik, \u00e9s ak\u00e1r <strong>40 000 puffot<\/strong> biztos\u00edt a sima, er\u0151teljes \u00edz\u00e9rt minden egyes h\u00faz\u00e1sn\u00e1l.<\/p>\n<h3><strong>\u00cdzvil\u00e1g &#8211; 6 x 40,000 puff bogy\u00f3s-citrusos boldogs\u00e1g<\/strong><\/h3>\n<ol>\n<li><strong>Kiwi Passion Fruit Guava<\/strong> &#8211; Tr\u00f3pusi \u00edzek \u00e9s egzotikus \u00e9dess\u00e9g tal\u00e1lkoz\u00e1sa<\/li>\n<li><strong>M\u00e1lna citrom<\/strong> &#8211; \u00c9les citrom \u00fctk\u00f6zik a l\u00e9d\u00fas m\u00e1ln\u00e1val.<\/li>\n<li><strong>Triple Berry<\/strong> &#8211; Eper, \u00e1fonya \u00e9s szeder gazdag tri\u00f3ja.<\/li>\n<li><strong>Peach Ice<\/strong> &#8211; Kr\u00e9mes \u0151szibarack friss\u00edt\u0151 mentolos cs\u00f3kkal<\/li>\n<li><strong>Grape Lime<\/strong> &#8211; M\u00e9ly sz\u0151l\u0151 \u00e9s fanyar citrusf\u00e9l\u00e9k tal\u00e1lkoz\u00e1sa<\/li>\n<li><strong>Blue Razz Lemonade<\/strong> &#8211; Elektromos k\u00e9k m\u00e1lna \u00e9s fanyar limon\u00e1d\u00e9 kever\u00e9ke<\/li>\n<\/ol>\n<h3><strong>F\u0151bb jellemz\u0151k \u00e9s innov\u00e1ci\u00f3k<\/strong><\/h3>\n<ul>\n<li><strong>6 eszk\u00f6z x 40 000 puff<\/strong> &#8211; \u00c9lvezze a t\u00f6bbf\u00e9le \u00edzt a hosszabb p\u00e1rol\u00e1si id\u0151vel.<\/li>\n<li><strong>Dual Mesh Coil technol\u00f3gia<\/strong> &#8211; Fokozott g\u0151z \u00e9s prec\u00edz \u00edzkihozatal<\/li>\n<li><strong>Intelligens kett\u0151s \u00fczemm\u00f3d\u00fa funkci\u00f3<\/strong>\n<ul>\n<li><em>Eco Mode<\/em> &#8211; A hosszabb, hat\u00e9kony akkumul\u00e1tor-\u00fczemid\u0151 \u00e9rdek\u00e9ben<\/li>\n<li><em>Turb\u00f3 \u00fczemm\u00f3d<\/em> &#8211; A fokozott g\u0151z \u00e9s a mer\u00e9sz \u00edzlel\u00e9s \u00e9rdek\u00e9ben<\/li>\n<\/ul>\n<\/li>\n<li><strong>USB-C gyorst\u00f6lt\u00e9s<\/strong> &#8211; a 850mAh akkumul\u00e1tor <strong>mind\u00f6ssze 2 \u00f3ra<\/strong> alatt teljesen felt\u00f6lt\u0151dik<\/li>\n<li><strong>Aerospace-Grade Alloy Body<\/strong> &#8211; K\u00f6nny\u0171, tart\u00f3s, utaz\u00e1sra alkalmas<\/li>\n<li><strong>V\u00e9kony \u00e9s sziv\u00e1rg\u00e1smentes kialak\u00edt\u00e1s<\/strong> &#8211; Zsebbar\u00e1t \u00e9s TSA-kompatibilis<\/li>\n<li><strong>Intelligens LED kijelz\u0151<\/strong> &#8211; Val\u00f3s idej\u0171 akkumul\u00e1tor \u00e9s e-folyad\u00e9k monitoroz\u00e1s<\/li>\n<\/ul>\n<h3><strong>Mi\u00e9rt v\u00e1lasszon <\/strong><strong>Fizzy Nova Plus 40K csomag<\/strong><strong>?<\/strong><\/h3>\n<ul>\n<li><strong>6 Signature Flavors<\/strong> &#8211; \u00e9des, savany\u00fa \u00e9s jeges gy\u00fcm\u00f6lcskombin\u00e1ci\u00f3k v\u00e1ltakoz\u00f3 v\u00e1laszt\u00e9ka.<\/li>\n<li><strong>5X a hossz\u00fa \u00e9lettartam<\/strong> &#8211; ak\u00e1r 300%-kal hosszabb \u00e9lettartam\u00fa, mint a hagyom\u00e1nyos eldobhat\u00f3 anyagok.<\/li>\n<li><strong>Crafted by Flavor Experts<\/strong> &#8211; A vil\u00e1g vezet\u0151 vape vegy\u00e9szek \u00e1ltal tervezve<\/li>\n<li><strong>T\u00f6k\u00e9letes aj\u00e1nd\u00e9koz\u00e1shoz vagy felfedez\u00e9shez<\/strong> &#8211; Ide\u00e1lis kalandv\u00e1gy\u00f3 p\u00e1rol\u00f3k vagy v\u00e1ltozatoss\u00e1got keres\u0151k sz\u00e1m\u00e1ra.<\/li>\n<\/ul>\n<h3><strong>Nikotin er\u0151ss\u00e9g\u0171 opci\u00f3k<\/strong><\/h3>\n<ul>\n<li><strong>2% (20mg\/mL)<\/strong> &#8211; A sima, l\u00e1gy g\u0151z\u00f6l\u00e9si \u00e9lm\u00e9ny\u00e9rt.<\/li>\n<li><strong>5% (50mg\/mL)<\/strong> &#8211; A mer\u00e9sz, kiel\u00e9g\u00edt\u0151 nikotinos hat\u00e1s\u00e9rt.<\/li>\n<\/ul>\n<\/div>\n<div>\n<h3>M\u0171szaki adatok<\/h3>\n<table style=\"height: 449px;\" width=\"1340\">\n<tbody>\n<tr>\n<td>Puffok<\/td>\n<td><strong>40000+ Puffs<\/strong><\/td>\n<\/tr>\n<tr>\n<td>E-folyad\u00e9k kapacit\u00e1s<\/td>\n<td><strong>40ml<\/strong><\/td>\n<\/tr>\n<tr>\n<td>Az akkumul\u00e1tor kapacit\u00e1sa<\/td>\n<td><strong>850mAh<\/strong><\/td>\n<\/tr>\n<tr>\n<td>M\u00e9ret<\/td>\n<td><strong>52.5*24.5*104.3mm<\/strong><\/td>\n<\/tr>\n<tr>\n<td>Eldobhat\u00f3 vagy sem<\/td>\n<td><strong>Eldobhat\u00f3<\/strong><\/td>\n<\/tr>\n<tr>\n<td>T\u00f6lt\u00e9si m\u00f3dszer<\/td>\n<td><strong>K\u00e1bel<\/strong><\/td>\n<\/tr>\n<tr>\n<td>Aktiv\u00e1l\u00e1si m\u00f3dszer<\/td>\n<td><strong>\u00c9rz\u00e9kel\u0151<\/strong><\/td>\n<\/tr>\n<tr>\n<td>Anyag<\/td>\n<td><strong>PCTG<\/strong><\/td>\n<\/tr>\n<tr>\n<td>Nikotin szint<\/td>\n<td><strong>2% (20mg\/l) \u00e9s 5% (50mg\/l)<\/strong><\/td>\n<\/tr>\n<tr>\n<td>\u00cdzek<\/td>\n<td><strong>12<\/strong><\/td>\n<\/tr>\n<tr>\n<td>Csomagol\u00e1s<\/td>\n<td><strong>1 csomag<\/strong><\/td>\n<\/tr>\n<tr>\n<td>T\u00f6lt\u00e9si id\u0151<\/td>\n<td><strong>2 \u00f3ra<\/strong><\/td>\n<\/tr>\n<tr>\n<td>T\u00e1rol\u00e1s<\/td>\n<td><strong>Ker\u00fclje a magas h\u0151m\u00e9rs\u00e9klet\u0171 k\u00f6rnyezetet, \u00e9s h\u0171v\u00f6s, sz\u00e1raz helyen t\u00e1rolja.<\/strong><\/td>\n<\/tr>\n<tr>\n<td>Haszn\u00e1lat\u00e1t\u00f3l eltiltott szem\u00e9lyek<\/td>\n<td><strong>Kiskor\u00faak, terhes n\u0151k \u00e9s a term\u00e9k \u00f6sszetev\u0151ire allergi\u00e1s szem\u00e9lyek.<\/strong><\/td>\n<\/tr>\n<tr>\n<td>Vigy\u00e1zat<\/td>\n<td><strong>Ne nyelje le ezt az anyagot. Ha lenyelte, azonnal \u00e9s alaposan \u00f6bl\u00edtse ki a sz\u00e1j\u00e1t. Ha rosszul \u00e9rzi mag\u00e1t, forduljon orvoshoz. <\/strong><\/td>\n<\/tr>\n<\/tbody>\n<\/table>\n<h3><strong>Fizzy Nova Plus <\/strong>40000 Puffs Eldobhat\u00f3 Vape \u00edzek list\u00e1ja:<\/h3>\n<ol>\n<li><a href=\"\/product\/nova-plus-strawberry-kiwi-40000-puffs-10pcs\/\">Eper Kiwi<\/a><\/li>\n<li><a href=\"\/product\/nova-plus-blueberry-ice-40000-puffs-10pcs\/\">\u00c1fonya j\u00e9g<\/a><\/li>\n<li><a href=\"\/product\/nova-plus-watermelon-ice-40000-puffs-10pcs\/\">G\u00f6r\u00f6gdinnye j\u00e9g<\/a><\/li>\n<li><a href=\"\/product\/nova-plus-peach-mango-watermelon-40000-puffs-10pcs\/\">Barack mang\u00f3 g\u00f6r\u00f6gdinnye<\/a><\/li>\n<li><a href=\"\/product\/nova-plus-kiwi-passion-fruit-guava-40000-puffs-10pcs\/\">Kiwi Passi\u00f3gy\u00fcm\u00f6lcs Guava<\/a><\/li>\n<li><a href=\"\/product\/nova-plus-raspberry-lemon-40000-puffs-10pcs\/\">M\u00e1lna citrom<\/a><\/li>\n<li><a href=\"\/product\/nova-plus-triple-berry-40000-puffs-10pcs\/\">H\u00e1romszoros bogy\u00f3<\/a><\/li>\n<li><a href=\"\/product\/nova-plus-peach-ice-40000-puffs-10pcs\/\">Barack j\u00e9g<\/a><\/li>\n<li><a href=\"\/product\/nova-plus-grape-lime-40000-puffs-10pcs\/\">sz\u0151l\u0151 lime<\/a><\/li>\n<li><a href=\"\/product\/nova-plus-blue-razz-lemonade-40000-puffs-10pcs\/\">Blue Razz limon\u00e1d\u00e9<\/a><\/li>\n<li><a href=\"\/product\/nova-plus-strawberry-ice-40000-puffs-10pcs\/\">Eper j\u00e9g<\/a><\/li>\n<li><a href=\"\/product\/nova-plus-blueberry-coconut-40000-puffs-10pcs\/\">\u00c1fonya k\u00f3kusz<\/a><\/li>\n<\/ol>\n<h3>GYIK a Fizzy Nova Plus 40000 Puffs Eldobhat\u00f3 Vape 6-Flavor Bundle-r\u0151l<\/h3>\n<p><strong>Mennyi ideig tartanak az egyes k\u00e9sz\u00fcl\u00e9kek?<\/strong><br \/>\nMinden egyes Fizzy Nova Plus <strong>ak\u00e1r 40 000 slukkot is<\/strong>tartalmaz, <strong>ami<\/strong> <strong>4-5 hagyom\u00e1nyos eldobhat\u00f3 k\u00e9sz\u00fcl\u00e9k<\/strong>nek <strong>felel meg<\/strong>. A 6 darabos csomag <strong>ak\u00e1r 12 h\u00e9tig<\/strong> tart\u00f3 p\u00e1rologtat\u00e1st biztos\u00edt m\u00e9rs\u00e9kelt felhaszn\u00e1l\u00f3k sz\u00e1m\u00e1ra.<\/p>\n<p><strong>Mi teszi ezt a csomagot egyediv\u00e9?<\/strong><br \/>\nA b\u00e1tor bogy\u00f3s gy\u00fcm\u00f6lcs\u00f6k, tr\u00f3pusi gy\u00fcm\u00f6lcs\u00f6k \u00e9s pik\u00e1ns limon\u00e1d\u00e9 <strong>\u00edzgazdag felfedez\u00e9se<\/strong> &#8211; t\u00f6k\u00e9letesen egyens\u00falyban az \u00e9des, savany\u00fa \u00e9s jeges \u00edzek k\u00f6z\u00f6tt. Olyan fejlett technol\u00f3gi\u00e1val p\u00e1ros\u00edtva, mint a kett\u0151s \u00fczemm\u00f3d\u00fa \u00e9s h\u00e1l\u00f3s tekercsek, minden slukk gazdag \u00e9s kiel\u00e9g\u00edt\u0151.<\/p>\n<p><strong>Utaz\u00e1sbar\u00e1t?<\/strong><br \/>\nIgen! <strong>Sziv\u00e1rg\u00e1smentes kialak\u00edt\u00e1s\u00e1val<\/strong>, <strong>\u00fajrat\u00f6lthet\u0151 akkumul\u00e1tor\u00e1val<\/strong> \u00e9s <strong>tart\u00f3s \u00f6tv\u00f6zetb\u0151l k\u00e9sz\u00fclt test\u00e9vel<\/strong> a Fizzy Nova Plus t\u00f6k\u00e9letes az \u00e9lethez \u00fatk\u00f6zben \u00e9s biztons\u00e1gos a l\u00e9gi utaz\u00e1shoz.<\/p>\n<p><strong>Milyen nikotiner\u0151ss\u00e9get v\u00e1lasszak?<\/strong><\/p>\n<ul>\n<li><strong>2% (20 mg\/ml)<\/strong>: Nagyszer\u0171 a sim\u00e1bb, alkalmi p\u00e1rologtat\u00e1shoz<\/li>\n<li><strong>5% (50 mg\/ml)<\/strong>: A legjobb az er\u0151sebb sl\u00e1ger \u00e9s a volt doh\u00e1nyosok sz\u00e1m\u00e1ra.<\/li>\n<\/ul>\n<\/div>\n","protected":false},"excerpt":{"rendered":"<p><strong>Fizzy Nova Plus 40000 puff &#8211; Berry Zesty Blast 6 \u00edz\u0171 csomag<\/strong><br \/>\n6 egyedi \u00edz egy csomagban, mindegyik 40 000 puffot biztos\u00edt. LED-es akkumul\u00e1torkijelz\u0151vel, k\u00e9tf\u00e9le \u00fczemm\u00f3ddal (Eco \u00e9s Turbo), USB-C gyorst\u00f6lt\u00e9ssel \u00e9s kett\u0151s h\u00e1l\u00f3s tekercstechnol\u00f3gi\u00e1val rendelkezik a sima, \u00e9l\u00e9nk bogy\u00f3s-citrusos g\u0151z\u00f6l\u00e9si \u00e9lvezet\u00e9rt.<\/p>\n","protected":false},"featured_media":18784,"comment_status":"open","ping_status":"closed","template":"","meta":[],"product_brand":[],"product_cat":[150,148],"product_tag":[158,137,138],"class_list":{"0":"post-19516","1":"product","2":"type-product","3":"status-publish","4":"has-post-thumbnail","6":"product_cat-multi-aromak-vape-pack","7":"product_cat-ujratoltheto-eldobhato-vape","8":"product_tag-40k-puffs","9":"product_tag-eldobhato-vape","10":"product_tag-ujratoltheto","12":"first","13":"outofstock","14":"sale","15":"shipping-taxable","16":"purchasable","17":"product-type-variable"},"yoast_head":"<!-- This site is optimized with the Yoast SEO Premium plugin v24.8 (Yoast SEO v26.1.1) - https:\/\/yoast.com\/wordpress\/plugins\/seo\/ -->\n<title>Fizzy Nova Plus 40000 Puffs - \u00dajrat\u00f6lthet\u0151 eldobhat\u00f3 vape<\/title>\n<meta name=\"description\" content=\"Fizzy Nova Plus 40000 Puffs - \u00fajrat\u00f6lthet\u0151 eldobhat\u00f3 vape LED kijelz\u0151vel, Eco\/Turbo \u00fczemm\u00f3ddal \u00e9s kett\u0151s h\u00e1l\u00f3s tekercsekkel. Sima, er\u0151teljes \u00e9s tart\u00f3snak \u00e9p\u00edtett\" \/>\n<meta name=\"robots\" content=\"index, follow, max-snippet:-1, max-image-preview:large, max-video-preview:-1\" \/>\n<link rel=\"canonical\" href=\"https:\/\/shop.fizzyvape.com\/hu\/termek\/fizzy-nova-plus-40000-puffs-eldobhato-vape-fruity-chill-set-6db-6-flavor-bundle\/\" \/>\n<meta property=\"og:locale\" content=\"hu_HU\" \/>\n<meta property=\"og:type\" content=\"article\" \/>\n<meta property=\"og:title\" content=\"Fizzy Nova Plus 40000 Puffs eldobhat\u00f3 Vape Fruity Chill Set - 6db (6-flavor Bundle)\" \/>\n<meta property=\"og:description\" content=\"Fizzy Nova Plus 40000 Puffs - \u00fajrat\u00f6lthet\u0151 eldobhat\u00f3 vape LED kijelz\u0151vel, Eco\/Turbo \u00fczemm\u00f3ddal \u00e9s kett\u0151s h\u00e1l\u00f3s tekercsekkel. Sima, er\u0151teljes \u00e9s tart\u00f3snak \u00e9p\u00edtett\" \/>\n<meta property=\"og:url\" content=\"https:\/\/shop.fizzyvape.com\/hu\/termek\/fizzy-nova-plus-40000-puffs-eldobhato-vape-fruity-chill-set-6db-6-flavor-bundle\/\" \/>\n<meta property=\"og:site_name\" content=\"shop.fizzyvape.com\" \/>\n<meta property=\"article:modified_time\" content=\"2025-11-22T02:13:10+00:00\" \/>\n<meta property=\"og:image\" content=\"https:\/\/shop.fizzyvape.com\/wp-content\/uploads\/2025\/06\/Fizzy-Nova-Plus-40000-Puffs-2.webp\" \/>\n\t<meta property=\"og:image:width\" content=\"800\" \/>\n\t<meta property=\"og:image:height\" content=\"800\" \/>\n\t<meta property=\"og:image:type\" content=\"image\/webp\" \/>\n<meta name=\"twitter:card\" content=\"summary_large_image\" \/>\n<meta name=\"twitter:label1\" content=\"Becs\u00fclt olvas\u00e1si id\u0151\" \/>\n\t<meta name=\"twitter:data1\" content=\"4 perc\" \/>\n<script type=\"application\/ld+json\" class=\"yoast-schema-graph\">{\"@context\":\"https:\/\/schema.org\",\"@graph\":[{\"@type\":\"WebPage\",\"@id\":\"https:\/\/shop.fizzyvape.com\/hu\/termek\/fizzy-nova-plus-40000-puffs-eldobhato-vape-fruity-chill-set-6db-6-flavor-bundle\/\",\"url\":\"https:\/\/shop.fizzyvape.com\/hu\/termek\/fizzy-nova-plus-40000-puffs-eldobhato-vape-fruity-chill-set-6db-6-flavor-bundle\/\",\"name\":\"Fizzy Nova Plus 40000 Puffs - \u00dajrat\u00f6lthet\u0151 eldobhat\u00f3 vape\",\"isPartOf\":{\"@id\":\"https:\/\/shop.fizzyvape.com\/hu\/#website\"},\"primaryImageOfPage\":{\"@id\":\"https:\/\/shop.fizzyvape.com\/hu\/termek\/fizzy-nova-plus-40000-puffs-eldobhato-vape-fruity-chill-set-6db-6-flavor-bundle\/#primaryimage\"},\"image\":{\"@id\":\"https:\/\/shop.fizzyvape.com\/hu\/termek\/fizzy-nova-plus-40000-puffs-eldobhato-vape-fruity-chill-set-6db-6-flavor-bundle\/#primaryimage\"},\"thumbnailUrl\":\"https:\/\/shop.fizzyvape.com\/wp-content\/uploads\/2025\/06\/Fizzy-Nova-Plus-40000-Puffs-2.webp\",\"datePublished\":\"2025-06-06T03:16:49+00:00\",\"dateModified\":\"2025-11-22T02:13:10+00:00\",\"description\":\"Fizzy Nova Plus 40000 Puffs - \u00fajrat\u00f6lthet\u0151 eldobhat\u00f3 vape LED kijelz\u0151vel, Eco\/Turbo \u00fczemm\u00f3ddal \u00e9s kett\u0151s h\u00e1l\u00f3s tekercsekkel. Sima, er\u0151teljes \u00e9s tart\u00f3snak \u00e9p\u00edtett\",\"breadcrumb\":{\"@id\":\"https:\/\/shop.fizzyvape.com\/hu\/termek\/fizzy-nova-plus-40000-puffs-eldobhato-vape-fruity-chill-set-6db-6-flavor-bundle\/#breadcrumb\"},\"inLanguage\":\"hu\",\"potentialAction\":[{\"@type\":\"ReadAction\",\"target\":[\"https:\/\/shop.fizzyvape.com\/hu\/termek\/fizzy-nova-plus-40000-puffs-eldobhato-vape-fruity-chill-set-6db-6-flavor-bundle\/\"]}]},{\"@type\":\"ImageObject\",\"inLanguage\":\"hu\",\"@id\":\"https:\/\/shop.fizzyvape.com\/hu\/termek\/fizzy-nova-plus-40000-puffs-eldobhato-vape-fruity-chill-set-6db-6-flavor-bundle\/#primaryimage\",\"url\":\"https:\/\/shop.fizzyvape.com\/wp-content\/uploads\/2025\/06\/Fizzy-Nova-Plus-40000-Puffs-2.webp\",\"contentUrl\":\"https:\/\/shop.fizzyvape.com\/wp-content\/uploads\/2025\/06\/Fizzy-Nova-Plus-40000-Puffs-2.webp\",\"width\":800,\"height\":800,\"caption\":\"Fizzy-Nova-Plus-40000-Puffs-2\"},{\"@type\":\"BreadcrumbList\",\"@id\":\"https:\/\/shop.fizzyvape.com\/hu\/termek\/fizzy-nova-plus-40000-puffs-eldobhato-vape-fruity-chill-set-6db-6-flavor-bundle\/#breadcrumb\",\"itemListElement\":[{\"@type\":\"ListItem\",\"position\":1,\"name\":\"\u9996\u9875\",\"item\":\"https:\/\/shop.fizzyvape.com\/hu\/\"},{\"@type\":\"ListItem\",\"position\":2,\"name\":\"Shop\",\"item\":\"https:\/\/shop.fizzyvape.com\/shop\/\"},{\"@type\":\"ListItem\",\"position\":3,\"name\":\"Fizzy Nova Plus 40000 Puffs eldobhat\u00f3 Vape Fruity Chill Set &#8211; 6db (6-flavor Bundle)\"}]},{\"@type\":\"WebSite\",\"@id\":\"https:\/\/shop.fizzyvape.com\/hu\/#website\",\"url\":\"https:\/\/shop.fizzyvape.com\/hu\/\",\"name\":\"shop.fizzyvape.com\",\"description\":\"The Best Disposable Vape In Europe | 10000 - 60000 Puffs  | Free Shipping\",\"potentialAction\":[{\"@type\":\"SearchAction\",\"target\":{\"@type\":\"EntryPoint\",\"urlTemplate\":\"https:\/\/shop.fizzyvape.com\/hu\/?s={search_term_string}\"},\"query-input\":{\"@type\":\"PropertyValueSpecification\",\"valueRequired\":true,\"valueName\":\"search_term_string\"}}],\"inLanguage\":\"hu\"}]}<\/script>\n<!-- \/ Yoast SEO Premium plugin. -->","yoast_head_json":{"title":"Fizzy Nova Plus 40000 Puffs - \u00dajrat\u00f6lthet\u0151 eldobhat\u00f3 vape","description":"Fizzy Nova Plus 40000 Puffs - \u00fajrat\u00f6lthet\u0151 eldobhat\u00f3 vape LED kijelz\u0151vel, Eco\/Turbo \u00fczemm\u00f3ddal \u00e9s kett\u0151s h\u00e1l\u00f3s tekercsekkel. Sima, er\u0151teljes \u00e9s tart\u00f3snak \u00e9p\u00edtett","robots":{"index":"index","follow":"follow","max-snippet":"max-snippet:-1","max-image-preview":"max-image-preview:large","max-video-preview":"max-video-preview:-1"},"canonical":"https:\/\/shop.fizzyvape.com\/hu\/termek\/fizzy-nova-plus-40000-puffs-eldobhato-vape-fruity-chill-set-6db-6-flavor-bundle\/","og_locale":"hu_HU","og_type":"article","og_title":"Fizzy Nova Plus 40000 Puffs eldobhat\u00f3 Vape Fruity Chill Set - 6db (6-flavor Bundle)","og_description":"Fizzy Nova Plus 40000 Puffs - \u00fajrat\u00f6lthet\u0151 eldobhat\u00f3 vape LED kijelz\u0151vel, Eco\/Turbo \u00fczemm\u00f3ddal \u00e9s kett\u0151s h\u00e1l\u00f3s tekercsekkel. Sima, er\u0151teljes \u00e9s tart\u00f3snak \u00e9p\u00edtett","og_url":"https:\/\/shop.fizzyvape.com\/hu\/termek\/fizzy-nova-plus-40000-puffs-eldobhato-vape-fruity-chill-set-6db-6-flavor-bundle\/","og_site_name":"shop.fizzyvape.com","article_modified_time":"2025-11-22T02:13:10+00:00","og_image":[{"width":800,"height":800,"url":"https:\/\/shop.fizzyvape.com\/wp-content\/uploads\/2025\/06\/Fizzy-Nova-Plus-40000-Puffs-2.webp","type":"image\/webp"}],"twitter_card":"summary_large_image","twitter_misc":{"Becs\u00fclt olvas\u00e1si id\u0151":"4 perc"},"schema":{"@context":"https:\/\/schema.org","@graph":[{"@type":"WebPage","@id":"https:\/\/shop.fizzyvape.com\/hu\/termek\/fizzy-nova-plus-40000-puffs-eldobhato-vape-fruity-chill-set-6db-6-flavor-bundle\/","url":"https:\/\/shop.fizzyvape.com\/hu\/termek\/fizzy-nova-plus-40000-puffs-eldobhato-vape-fruity-chill-set-6db-6-flavor-bundle\/","name":"Fizzy Nova Plus 40000 Puffs - \u00dajrat\u00f6lthet\u0151 eldobhat\u00f3 vape","isPartOf":{"@id":"https:\/\/shop.fizzyvape.com\/hu\/#website"},"primaryImageOfPage":{"@id":"https:\/\/shop.fizzyvape.com\/hu\/termek\/fizzy-nova-plus-40000-puffs-eldobhato-vape-fruity-chill-set-6db-6-flavor-bundle\/#primaryimage"},"image":{"@id":"https:\/\/shop.fizzyvape.com\/hu\/termek\/fizzy-nova-plus-40000-puffs-eldobhato-vape-fruity-chill-set-6db-6-flavor-bundle\/#primaryimage"},"thumbnailUrl":"https:\/\/shop.fizzyvape.com\/wp-content\/uploads\/2025\/06\/Fizzy-Nova-Plus-40000-Puffs-2.webp","datePublished":"2025-06-06T03:16:49+00:00","dateModified":"2025-11-22T02:13:10+00:00","description":"Fizzy Nova Plus 40000 Puffs - \u00fajrat\u00f6lthet\u0151 eldobhat\u00f3 vape LED kijelz\u0151vel, Eco\/Turbo \u00fczemm\u00f3ddal \u00e9s kett\u0151s h\u00e1l\u00f3s tekercsekkel. Sima, er\u0151teljes \u00e9s tart\u00f3snak \u00e9p\u00edtett","breadcrumb":{"@id":"https:\/\/shop.fizzyvape.com\/hu\/termek\/fizzy-nova-plus-40000-puffs-eldobhato-vape-fruity-chill-set-6db-6-flavor-bundle\/#breadcrumb"},"inLanguage":"hu","potentialAction":[{"@type":"ReadAction","target":["https:\/\/shop.fizzyvape.com\/hu\/termek\/fizzy-nova-plus-40000-puffs-eldobhato-vape-fruity-chill-set-6db-6-flavor-bundle\/"]}]},{"@type":"ImageObject","inLanguage":"hu","@id":"https:\/\/shop.fizzyvape.com\/hu\/termek\/fizzy-nova-plus-40000-puffs-eldobhato-vape-fruity-chill-set-6db-6-flavor-bundle\/#primaryimage","url":"https:\/\/shop.fizzyvape.com\/wp-content\/uploads\/2025\/06\/Fizzy-Nova-Plus-40000-Puffs-2.webp","contentUrl":"https:\/\/shop.fizzyvape.com\/wp-content\/uploads\/2025\/06\/Fizzy-Nova-Plus-40000-Puffs-2.webp","width":800,"height":800,"caption":"Fizzy-Nova-Plus-40000-Puffs-2"},{"@type":"BreadcrumbList","@id":"https:\/\/shop.fizzyvape.com\/hu\/termek\/fizzy-nova-plus-40000-puffs-eldobhato-vape-fruity-chill-set-6db-6-flavor-bundle\/#breadcrumb","itemListElement":[{"@type":"ListItem","position":1,"name":"\u9996\u9875","item":"https:\/\/shop.fizzyvape.com\/hu\/"},{"@type":"ListItem","position":2,"name":"Shop","item":"https:\/\/shop.fizzyvape.com\/shop\/"},{"@type":"ListItem","position":3,"name":"Fizzy Nova Plus 40000 Puffs eldobhat\u00f3 Vape Fruity Chill Set &#8211; 6db (6-flavor Bundle)"}]},{"@type":"WebSite","@id":"https:\/\/shop.fizzyvape.com\/hu\/#website","url":"https:\/\/shop.fizzyvape.com\/hu\/","name":"shop.fizzyvape.com","description":"The Best Disposable Vape In Europe | 10000 - 60000 Puffs  | Free Shipping","potentialAction":[{"@type":"SearchAction","target":{"@type":"EntryPoint","urlTemplate":"https:\/\/shop.fizzyvape.com\/hu\/?s={search_term_string}"},"query-input":{"@type":"PropertyValueSpecification","valueRequired":true,"valueName":"search_term_string"}}],"inLanguage":"hu"}]}},"tiered_pricing_type":"fixed","tiered_pricing_fixed_rules":[],"tiered_pricing_product_settings":{"layout":"default","base_unit_name":{"singular":null,"plural":null},"default_variation":null},"tiered_pricing_minimum_quantity":null,"tiered_pricing_roles_data":[],"tiered_pricing_percentage_rules":[],"tiered_pricing_maximum_quantity":null,"tiered_pricing_quantity_step":null,"_links":{"self":[{"href":"https:\/\/shop.fizzyvape.com\/hu\/wp-json\/wp\/v2\/product\/19516","targetHints":{"allow":["GET"]}}],"collection":[{"href":"https:\/\/shop.fizzyvape.com\/hu\/wp-json\/wp\/v2\/product"}],"about":[{"href":"https:\/\/shop.fizzyvape.com\/hu\/wp-json\/wp\/v2\/types\/product"}],"replies":[{"embeddable":true,"href":"https:\/\/shop.fizzyvape.com\/hu\/wp-json\/wp\/v2\/comments?post=19516"}],"version-history":[{"count":0,"href":"https:\/\/shop.fizzyvape.com\/hu\/wp-json\/wp\/v2\/product\/19516\/revisions"}],"wp:featuredmedia":[{"embeddable":true,"href":"https:\/\/shop.fizzyvape.com\/hu\/wp-json\/wp\/v2\/media\/18784"}],"wp:attachment":[{"href":"https:\/\/shop.fizzyvape.com\/hu\/wp-json\/wp\/v2\/media?parent=19516"}],"wp:term":[{"taxonomy":"product_brand","embeddable":true,"href":"https:\/\/shop.fizzyvape.com\/hu\/wp-json\/wp\/v2\/product_brand?post=19516"},{"taxonomy":"product_cat","embeddable":true,"href":"https:\/\/shop.fizzyvape.com\/hu\/wp-json\/wp\/v2\/product_cat?post=19516"},{"taxonomy":"product_tag","embeddable":true,"href":"https:\/\/shop.fizzyvape.com\/hu\/wp-json\/wp\/v2\/product_tag?post=19516"}],"curies":[{"name":"wp","href":"https:\/\/api.w.org\/{rel}","templated":true}]}}