{"id":19518,"date":"2025-05-15T07:08:23","date_gmt":"2025-05-15T07:08:23","guid":{"rendered":"https:\/\/shop.fizzyvape.com\/product\/fizzy-twins-watermelon-ice-lemon-lime-50000-puffs-eldobhato-vape\/"},"modified":"2025-12-23T08:33:39","modified_gmt":"2025-12-23T08:33:39","slug":"fizzy-twins-watermelon-ice-lemon-lime-50000-puffs-eldobhato-vape","status":"publish","type":"product","link":"https:\/\/shop.fizzyvape.com\/hu\/termek\/fizzy-twins-watermelon-ice-lemon-lime-50000-puffs-eldobhato-vape\/","title":{"rendered":"Fizzy Twins Watermelon Ice &amp; Lemon Lime &#8211; 50000 Puffs Eldobhat\u00f3 Vape"},"content":{"rendered":"<div>\n<h2>Fizzy Twins g\u00f6r\u00f6gdinnye j\u00e9g \u00e9s citromos lime 50000 Puffs &#8211; friss\u00edt\u0151 kett\u0151s \u00edz\u0171 eldobhat\u00f3 vape<\/h2>\n<p><strong>K\u00e9nyeztesse mag\u00e1t egy h\u0171s\u00edt\u0151 citrusos robban\u00e1ssal<\/strong> a Fizzy Twins Watermelon Ice &amp; Lemon Lime 50000 Puffs-szal. Ez a pr\u00e9mium min\u0151s\u00e9g\u0171 <strong>, k\u00e9tf\u00e9le \u00edz\u0171 eldobhat\u00f3 vape<\/strong> a jeges <strong>g\u00f6r\u00f6gdinnye<\/strong> \u00e9s a <strong>citromos-lime<\/strong> friss\u00edt\u0151 kever\u00e9k\u00e9t k\u00edn\u00e1lja, az \u00e9des \u00e9s a fanyar t\u00f6k\u00e9letes egyens\u00faly\u00e1t biztos\u00edtva. A teljes\u00edtm\u00e9nyre \u00e9s k\u00e9nyelemre tervezett k\u00e9sz\u00fcl\u00e9k rendk\u00edv\u00fcl hossz\u00fa \u00e9lettartam\u00fa p\u00e1rologtat\u00e1si \u00e9lm\u00e9nyt ny\u00fajt <strong>ak\u00e1r 50 000 puffol\u00e1ssal<\/strong>, \u00e9s <strong>\u00fajrat\u00f6lthet\u0151 850mAh-s akkumul\u00e1torral rendelkezik USB-C gyorst\u00f6lt\u00e9ssel<\/strong>.<\/p>\n<h3>Kulcsfontoss\u00e1g\u00fa jellemz\u0151k:<\/h3>\n<ul>\n<li><strong>Massive 50,000 Puffs<\/strong> &#8211; Hossz\u00fa t\u00e1v\u00fa haszn\u00e1lat hetekig tart\u00f3 k\u00f6vetkezetes p\u00e1rologtat\u00e1shoz.<\/li>\n<li><strong>Kett\u0151s \u00edzrendszer<\/strong> &#8211; K\u00f6nnyed\u00e9n v\u00e1lthat a <strong>g\u00f6r\u00f6gdinnye j\u00e9g<\/strong> \u00e9s a <strong>citromos lime<\/strong> k\u00f6z\u00f6tt a v\u00e1ltozatos \u00e9s friss\u00edt\u0151 \u00e9lm\u00e9ny \u00e9rdek\u00e9ben.<\/li>\n<li><strong>Innovat\u00edv kett\u0151s tart\u00e1lyos kialak\u00edt\u00e1s<\/strong> &#8211; Meg\u0151rzi az \u00edz tisztas\u00e1g\u00e1t keresztszennyez\u0151d\u00e9s n\u00e9lk\u00fcl.<\/li>\n<li><strong>\u00dajrat\u00f6lthet\u0151 850mAh akkumul\u00e1tor<\/strong> &#8211; <strong>USB-C gyorst\u00f6lt\u00e9ssel<\/strong> felszerelve a megb\u00edzhat\u00f3 teljes\u00edtm\u00e9ny\u00e9rt \u00fatk\u00f6zben.<\/li>\n<li><strong>50ML el\u0151ret\u00f6lt\u00f6tt E-folyad\u00e9k<\/strong> &#8211; Nincs sz\u00fcks\u00e9g \u00fajrat\u00f6lt\u00e9sre &#8211; a dobozb\u00f3l kiv\u00e9ve azonnal v\u00e9telre k\u00e9sz.<\/li>\n<li><strong>Testreszabhat\u00f3 l\u00e9g\u00e1raml\u00e1s-szab\u00e1lyoz\u00e1s<\/strong> &#8211; finomhangolja a h\u00faz\u00e1st a sima \u00e9s az intenz\u00edv k\u00f6z\u00f6tt.<\/li>\n<li><strong>Kett\u0151s teljes\u00edtm\u00e9ny \u00fczemm\u00f3dok<\/strong> &#8211; V\u00e1lasszon az <strong>ECO \u00fczemm\u00f3d<\/strong> az egyens\u00faly \u00e9s a <strong>Boost \u00fczemm\u00f3d<\/strong> az er\u0151sebb g\u0151z \u00e9rdek\u00e9ben.<\/li>\n<li><strong>Tart\u00f3s f\u00e9mtest<\/strong> &#8211; Ergonomikusan kialak\u00edtott a k\u00e9nyelem, a st\u00edlus \u00e9s a tart\u00f3ss\u00e1g \u00e9rdek\u00e9ben.<\/li>\n<\/ul>\n<h3><strong>Mi\u00e9rt v\u00e1lassza a Fizzy Twins Dual Flavor Vape 50000 Puffs-t?<\/strong><\/h3>\n<ul>\n<li><strong>K\u00e9t \u00edz egyben<\/strong> &#8211; \u00c9lvezze a t\u00f6bbf\u00e9le \u00edzprofilt an\u00e9lk\u00fcl, hogy k\u00e9t k\u00e9sz\u00fcl\u00e9ket kellene cipelnie.<\/li>\n<li><strong>Hatalmas kapacit\u00e1s \u00e9s hosszan tart\u00f3 haszn\u00e1lat<\/strong> &#8211; 50ML e-folyad\u00e9k biztos\u00edtja, hogy hetekre k\u00e9szen \u00e1lljon.<\/li>\n<li><strong>Testreszabott szipuz\u00e1si \u00e9lm\u00e9ny<\/strong> &#8211; \u00c1ll\u00edtsa be mind a l\u00e9g\u00e1raml\u00e1st, mind a teljes\u00edtm\u00e9nyt, hogy megfeleljen az \u00d6n preferenci\u00e1inak.<\/li>\n<li><strong>Sziv\u00e1rg\u00e1smentes, pr\u00e9mium kivitel<\/strong> &#8211; A probl\u00e9mamentes, kiv\u00e1l\u00f3 min\u0151s\u00e9g\u0171 \u00e9lm\u00e9ny \u00e9rdek\u00e9ben tervezt\u00e9k.<\/li>\n<\/ul>\n<\/div>\n<div>\n<h3><strong>Nikotin lehet\u0151s\u00e9gek:<\/strong><\/h3>\n<ul>\n<li><strong>2% (20mg\/mL) <\/strong>&#8211; Ide\u00e1lis a sima \u00e9s \u00edzletes p\u00e1rologtat\u00e1si \u00e9lm\u00e9nyhez.<\/li>\n<li><strong>5% (50mg\/mL) <\/strong>&#8211; Er\u0151sebb, kiel\u00e9g\u00edt\u0151bb torok\u00fct\u00e9sre tervezt\u00e9k.<\/li>\n<\/ul>\n<h3><strong>Fizzy Twins <\/strong>50000 Puffs \u00cdzek list\u00e1ja:<\/h3>\n<ol>\n<li><a href=\"https:\/\/shop.fizzyvape.com\/hu\/termek\/fizzy-twins-gorogdinnye-jeg-es-eper-kiwi-50000-puffs-eldobhato-vape\/\">G\u00f6r\u00f6gdinnye j\u00e9g \u00e9s eper kiwi<\/a><\/li>\n<li><a href=\"https:\/\/shop.fizzyvape.com\/hu\/termek\/fizzy-twins-strawberry-kiwi-pomegranate-red-bull-50000-puffs-eldobhato-vape\/\">Eper-kiwi gr\u00e1n\u00e1talma &amp; Red Bull<\/a><\/li>\n<li><a href=\"https:\/\/shop.fizzyvape.com\/hu\/termek\/fizzy-twins-blueberry-coconut-grape-ice-50000-puffs-eldobhato-vape\/\">\u00c1fonya k\u00f3kusz \u00e9s sz\u0151l\u0151 j\u00e9g<\/a><\/li>\n<li><a href=\"https:\/\/shop.fizzyvape.com\/hu\/termek\/fizzy-twins-blue-razz-lemonade-triple-melon-50000-puffs-eldobhato-vape\/\">K\u00e9k Razz limon\u00e1d\u00e9 \u00e9s tripla dinnye<\/a><\/li>\n<li><a href=\"https:\/\/shop.fizzyvape.com\/hu\/termek\/fizzy-twins-eper-gorogdinnye-es-afonya-jeg-50000-puffs-eldobhato-vape\/\">Eper g\u00f6r\u00f6gdinnye \u00e9s \u00e1fonya j\u00e9g<\/a><\/li>\n<li><a href=\"https:\/\/shop.fizzyvape.com\/hu\/termek\/fizzy-twins-peach-mango-watermelon-strawberry-banana-50000-puffs-eldobhato-vape\/\">\u0150szibarack Mang\u00f3 g\u00f6r\u00f6gdinnye \u00e9s eper ban\u00e1n<\/a><\/li>\n<li><a href=\"https:\/\/shop.fizzyvape.com\/hu\/termek\/fizzy-twins-malna-gorogdinnye-es-kiwi-golgotavirag-guava-50000-puff-eldobhato-vape\/\">M\u00e1lna G\u00f6r\u00f6gdinnye \u00e9s Kiwi Golgotavir\u00e1g Guava<\/a><\/li>\n<li><a href=\"https:\/\/shop.fizzyvape.com\/hu\/termek\/fizzy-twins-ananasz-barack-maracuja-es-afonya-malna-50000-puffs-eldobhato-vape\/\">Anan\u00e1sz \u0150szibarack Maracuja &amp; \u00c1fonya M\u00e1lna<\/a><\/li>\n<li><a href=\"https:\/\/shop.fizzyvape.com\/hu\/termek\/fizzy-twins-watermelon-ice-lemon-lime-50000-puffs-eldobhato-vape\/\">G\u00f6r\u00f6gdinnye j\u00e9g \u00e9s citromos lime<\/a><\/li>\n<li><a href=\"https:\/\/shop.fizzyvape.com\/hu\/termek\/fizzy-twins-mixed-berry-peach-ice-50000-puffs-eldobhato-vape\/\">Vegyes bogy\u00f3s gy\u00fcm\u00f6lcs \u00e9s barack j\u00e9g<\/a><\/li>\n<li><a href=\"https:\/\/shop.fizzyvape.com\/hu\/termek\/fizzy-twins-strawberry-ice-fizzy-cherry-50000-puffs-eldobhato-vape\/\">Eper j\u00e9g \u00e9s pezsg\u0151 cseresznye<\/a><\/li>\n<li><a href=\"https:\/\/shop.fizzyvape.com\/hu\/termek\/fizzy-twins-malna-limonade-es-eper-jeg-50000-puffs-eldobhato-vape\/\">M\u00e1lna limon\u00e1d\u00e9 \u00e9s eper j\u00e9g<\/a><\/li>\n<\/ol>\n<h3>GYIK a Fizzy Twins Watermelon Ice &amp; Lemon Lime 50000 Puffs Vape-r\u00f3l<\/h3>\n<p><strong>Hogyan tudok v\u00e1ltani a k\u00e9t \u00edz k\u00f6z\u00f6tt?<\/strong><br \/>\nEgyszer\u0171en nyomja meg az <strong>\u00edzv\u00e1lt\u00f3 gombot<\/strong>, hogy v\u00e1ltani tudjon a <strong>g\u00f6r\u00f6gdinnye j\u00e9g<\/strong> \u00e9s a <strong>citromos lime<\/strong> \u00edzek k\u00f6z\u00f6tt.<\/p>\n<p><strong>Mennyi ideig tart 50 000 slukk?<\/strong><br \/>\n\u00c1tlagos felhaszn\u00e1l\u00f3k eset\u00e9ben k\u00f6r\u00fclbel\u00fcl <strong>3-4 h\u00e9t<\/strong> haszn\u00e1latra sz\u00e1m\u00edthat. Er\u0151s felhaszn\u00e1l\u00f3k <strong>2-3 h\u00e9t<\/strong> ut\u00e1n \u00faj k\u00e9sz\u00fcl\u00e9ket ig\u00e9nyelhetnek.<\/p>\n<p><strong>Mi a k\u00fcl\u00f6nbs\u00e9g az ECO \u00e9s a Boost \u00fczemm\u00f3dok k\u00f6z\u00f6tt?<\/strong><\/p>\n<ul>\n<li><strong>ECO m\u00f3d<\/strong> &#8211; Kiegyens\u00falyozott \u00edz \u00e9s sima g\u0151z.<\/li>\n<li><strong>Boost m\u00f3d<\/strong> &#8211; Fokozott \u00edz \u00e9s vastagabb felh\u0151k a m\u00e9g er\u0151teljesebb hat\u00e1s\u00e9rt.<\/li>\n<\/ul>\n<p><strong>Melyik nikotiner\u0151ss\u00e9g a megfelel\u0151 sz\u00e1momra?<\/strong><\/p>\n<ul>\n<li><strong>2% (20mg)<\/strong> &#8211; A legjobb alkalmi vagy kezd\u0151 p\u00e1rologtat\u00f3knak.<\/li>\n<li><strong>5% (50mg)<\/strong> &#8211; Er\u0151sebb hat\u00e1st keres\u0151 tapasztalt felhaszn\u00e1l\u00f3k sz\u00e1m\u00e1ra alkalmas.<\/li>\n<\/ul>\n<\/div>\n","protected":false},"excerpt":{"rendered":"<p>\u00c9lvezze a k\u00e9t friss\u00edt\u0151 \u00edzt egy k\u00e9sz\u00fcl\u00e9kben a Fizzy Twins 50000 Puffs Vape-vel. A Watermelon Ice &amp; Lemon Lime-t tartalmaz\u00f3, k\u00e9tf\u00e9le \u00edz\u0171 eldobhat\u00f3 vape hatalmas kapacit\u00e1st, \u00e1ll\u00edthat\u00f3 l\u00e9g\u00e1raml\u00e1st \u00e9s USB-C gyorst\u00f6lt\u00e9st k\u00edn\u00e1l a sima, hosszan tart\u00f3 \u00e9lm\u00e9ny \u00e9rdek\u00e9ben.<\/p>\n","protected":false},"featured_media":18534,"comment_status":"open","ping_status":"closed","template":"","meta":[],"product_brand":[],"product_cat":[126,148],"product_tag":[142,137,143,138],"class_list":{"0":"post-19518","1":"product","2":"type-product","3":"status-publish","4":"has-post-thumbnail","6":"product_cat-fizzy-twins-50000-puffs-eldobhato-vape","7":"product_cat-ujratoltheto-eldobhato-vape","8":"product_tag-50k-puffs-hu","9":"product_tag-eldobhato-vape","10":"product_tag-kettos-iz","11":"product_tag-ujratoltheto","13":"first","14":"outofstock","15":"shipping-taxable","16":"purchasable","17":"product-type-variable"},"yoast_head":"<!-- This site is optimized with the Yoast SEO Premium plugin v24.8 (Yoast SEO v27.4) - https:\/\/yoast.com\/product\/yoast-seo-premium-wordpress\/ -->\n<title>Fizzy Twins 50000 Puffs kett\u0151s \u00edz\u0171 eldobhat\u00f3 Vape<\/title>\n<meta name=\"description\" content=\"A Fizzy Twins Dual Flavor Eldobhat\u00f3 Vape 50.000 puffot k\u00edn\u00e1l a g\u00f6r\u00f6gdinnye j\u00e9g \u00e9s a citromos lime boldogs\u00e1gb\u00f3l. \u00dajrat\u00f6lthet\u0151, hossz\u00fa \u00e9lettartam\u00fa \u00e9s ultrasima.\" \/>\n<meta name=\"robots\" content=\"index, follow, max-snippet:-1, max-image-preview:large, max-video-preview:-1\" \/>\n<link rel=\"canonical\" href=\"https:\/\/shop.fizzyvape.com\/hu\/termek\/fizzy-twins-watermelon-ice-lemon-lime-50000-puffs-eldobhato-vape\/\" \/>\n<meta property=\"og:locale\" content=\"hu_HU\" \/>\n<meta property=\"og:type\" content=\"article\" \/>\n<meta property=\"og:title\" content=\"Fizzy Twins Watermelon Ice &amp; Lemon Lime - 50000 Puffs Eldobhat\u00f3 Vape\" \/>\n<meta property=\"og:description\" content=\"A Fizzy Twins Dual Flavor Eldobhat\u00f3 Vape 50.000 puffot k\u00edn\u00e1l a g\u00f6r\u00f6gdinnye j\u00e9g \u00e9s a citromos lime boldogs\u00e1gb\u00f3l. \u00dajrat\u00f6lthet\u0151, hossz\u00fa \u00e9lettartam\u00fa \u00e9s ultrasima.\" \/>\n<meta property=\"og:url\" content=\"https:\/\/shop.fizzyvape.com\/hu\/termek\/fizzy-twins-watermelon-ice-lemon-lime-50000-puffs-eldobhato-vape\/\" \/>\n<meta property=\"og:site_name\" content=\"shop.fizzyvape.com\" \/>\n<meta property=\"article:modified_time\" content=\"2025-12-23T08:33:39+00:00\" \/>\n<meta property=\"og:image\" content=\"https:\/\/shop.fizzyvape.com\/wp-content\/uploads\/2025\/05\/Watermelon-Ice-Lemon-Lime-50000-Puffs-Disposable-Vape.webp\" \/>\n\t<meta property=\"og:image:width\" content=\"800\" \/>\n\t<meta property=\"og:image:height\" content=\"800\" \/>\n\t<meta property=\"og:image:type\" content=\"image\/webp\" \/>\n<meta name=\"twitter:card\" content=\"summary_large_image\" \/>\n<meta name=\"twitter:label1\" content=\"Becs\u00fclt olvas\u00e1si id\u0151\" \/>\n\t<meta name=\"twitter:data1\" content=\"3 perc\" \/>\n<script type=\"application\/ld+json\" class=\"yoast-schema-graph\">{\"@context\":\"https:\\\/\\\/schema.org\",\"@graph\":[{\"@type\":\"WebPage\",\"@id\":\"https:\\\/\\\/shop.fizzyvape.com\\\/hu\\\/termek\\\/fizzy-twins-watermelon-ice-lemon-lime-50000-puffs-eldobhato-vape\\\/\",\"url\":\"https:\\\/\\\/shop.fizzyvape.com\\\/hu\\\/termek\\\/fizzy-twins-watermelon-ice-lemon-lime-50000-puffs-eldobhato-vape\\\/\",\"name\":\"Fizzy Twins 50000 Puffs kett\u0151s \u00edz\u0171 eldobhat\u00f3 Vape\",\"isPartOf\":{\"@id\":\"https:\\\/\\\/shop.fizzyvape.com\\\/hu\\\/#website\"},\"primaryImageOfPage\":{\"@id\":\"https:\\\/\\\/shop.fizzyvape.com\\\/hu\\\/termek\\\/fizzy-twins-watermelon-ice-lemon-lime-50000-puffs-eldobhato-vape\\\/#primaryimage\"},\"image\":{\"@id\":\"https:\\\/\\\/shop.fizzyvape.com\\\/hu\\\/termek\\\/fizzy-twins-watermelon-ice-lemon-lime-50000-puffs-eldobhato-vape\\\/#primaryimage\"},\"thumbnailUrl\":\"https:\\\/\\\/shop.fizzyvape.com\\\/wp-content\\\/uploads\\\/2025\\\/05\\\/Watermelon-Ice-Lemon-Lime-50000-Puffs-Disposable-Vape.webp\",\"datePublished\":\"2025-05-15T07:08:23+00:00\",\"dateModified\":\"2025-12-23T08:33:39+00:00\",\"description\":\"A Fizzy Twins Dual Flavor Eldobhat\u00f3 Vape 50.000 puffot k\u00edn\u00e1l a g\u00f6r\u00f6gdinnye j\u00e9g \u00e9s a citromos lime boldogs\u00e1gb\u00f3l. \u00dajrat\u00f6lthet\u0151, hossz\u00fa \u00e9lettartam\u00fa \u00e9s ultrasima.\",\"breadcrumb\":{\"@id\":\"https:\\\/\\\/shop.fizzyvape.com\\\/hu\\\/termek\\\/fizzy-twins-watermelon-ice-lemon-lime-50000-puffs-eldobhato-vape\\\/#breadcrumb\"},\"inLanguage\":\"hu\",\"potentialAction\":[{\"@type\":\"ReadAction\",\"target\":[\"https:\\\/\\\/shop.fizzyvape.com\\\/hu\\\/termek\\\/fizzy-twins-watermelon-ice-lemon-lime-50000-puffs-eldobhato-vape\\\/\"]}]},{\"@type\":\"ImageObject\",\"inLanguage\":\"hu\",\"@id\":\"https:\\\/\\\/shop.fizzyvape.com\\\/hu\\\/termek\\\/fizzy-twins-watermelon-ice-lemon-lime-50000-puffs-eldobhato-vape\\\/#primaryimage\",\"url\":\"https:\\\/\\\/shop.fizzyvape.com\\\/wp-content\\\/uploads\\\/2025\\\/05\\\/Watermelon-Ice-Lemon-Lime-50000-Puffs-Disposable-Vape.webp\",\"contentUrl\":\"https:\\\/\\\/shop.fizzyvape.com\\\/wp-content\\\/uploads\\\/2025\\\/05\\\/Watermelon-Ice-Lemon-Lime-50000-Puffs-Disposable-Vape.webp\",\"width\":800,\"height\":800,\"caption\":\"G\u00f6r\u00f6gdinnye j\u00e9g \u00e9s citromos lime 50000 Puffs eldobhat\u00f3 Vape\"},{\"@type\":\"BreadcrumbList\",\"@id\":\"https:\\\/\\\/shop.fizzyvape.com\\\/hu\\\/termek\\\/fizzy-twins-watermelon-ice-lemon-lime-50000-puffs-eldobhato-vape\\\/#breadcrumb\",\"itemListElement\":[{\"@type\":\"ListItem\",\"position\":1,\"name\":\"\u9996\u9875\",\"item\":\"https:\\\/\\\/shop.fizzyvape.com\\\/hu\\\/\"},{\"@type\":\"ListItem\",\"position\":2,\"name\":\"Shop\",\"item\":\"https:\\\/\\\/shop.fizzyvape.com\\\/shop\\\/\"},{\"@type\":\"ListItem\",\"position\":3,\"name\":\"Fizzy Twins Watermelon Ice &amp; Lemon Lime &#8211; 50000 Puffs Eldobhat\u00f3 Vape\"}]},{\"@type\":\"WebSite\",\"@id\":\"https:\\\/\\\/shop.fizzyvape.com\\\/hu\\\/#website\",\"url\":\"https:\\\/\\\/shop.fizzyvape.com\\\/hu\\\/\",\"name\":\"shop.fizzyvape.com\",\"description\":\"The Best Disposable Vape In Europe | 10000 - 60000 Puffs  | Free Shipping\",\"potentialAction\":[{\"@type\":\"SearchAction\",\"target\":{\"@type\":\"EntryPoint\",\"urlTemplate\":\"https:\\\/\\\/shop.fizzyvape.com\\\/hu\\\/?s={search_term_string}\"},\"query-input\":{\"@type\":\"PropertyValueSpecification\",\"valueRequired\":true,\"valueName\":\"search_term_string\"}}],\"inLanguage\":\"hu\"}]}<\/script>\n<!-- \/ Yoast SEO Premium plugin. -->","yoast_head_json":{"title":"Fizzy Twins 50000 Puffs kett\u0151s \u00edz\u0171 eldobhat\u00f3 Vape","description":"A Fizzy Twins Dual Flavor Eldobhat\u00f3 Vape 50.000 puffot k\u00edn\u00e1l a g\u00f6r\u00f6gdinnye j\u00e9g \u00e9s a citromos lime boldogs\u00e1gb\u00f3l. \u00dajrat\u00f6lthet\u0151, hossz\u00fa \u00e9lettartam\u00fa \u00e9s ultrasima.","robots":{"index":"index","follow":"follow","max-snippet":"max-snippet:-1","max-image-preview":"max-image-preview:large","max-video-preview":"max-video-preview:-1"},"canonical":"https:\/\/shop.fizzyvape.com\/hu\/termek\/fizzy-twins-watermelon-ice-lemon-lime-50000-puffs-eldobhato-vape\/","og_locale":"hu_HU","og_type":"article","og_title":"Fizzy Twins Watermelon Ice &amp; Lemon Lime - 50000 Puffs Eldobhat\u00f3 Vape","og_description":"A Fizzy Twins Dual Flavor Eldobhat\u00f3 Vape 50.000 puffot k\u00edn\u00e1l a g\u00f6r\u00f6gdinnye j\u00e9g \u00e9s a citromos lime boldogs\u00e1gb\u00f3l. \u00dajrat\u00f6lthet\u0151, hossz\u00fa \u00e9lettartam\u00fa \u00e9s ultrasima.","og_url":"https:\/\/shop.fizzyvape.com\/hu\/termek\/fizzy-twins-watermelon-ice-lemon-lime-50000-puffs-eldobhato-vape\/","og_site_name":"shop.fizzyvape.com","article_modified_time":"2025-12-23T08:33:39+00:00","og_image":[{"width":800,"height":800,"url":"https:\/\/shop.fizzyvape.com\/wp-content\/uploads\/2025\/05\/Watermelon-Ice-Lemon-Lime-50000-Puffs-Disposable-Vape.webp","type":"image\/webp"}],"twitter_card":"summary_large_image","twitter_misc":{"Becs\u00fclt olvas\u00e1si id\u0151":"3 perc"},"schema":{"@context":"https:\/\/schema.org","@graph":[{"@type":"WebPage","@id":"https:\/\/shop.fizzyvape.com\/hu\/termek\/fizzy-twins-watermelon-ice-lemon-lime-50000-puffs-eldobhato-vape\/","url":"https:\/\/shop.fizzyvape.com\/hu\/termek\/fizzy-twins-watermelon-ice-lemon-lime-50000-puffs-eldobhato-vape\/","name":"Fizzy Twins 50000 Puffs kett\u0151s \u00edz\u0171 eldobhat\u00f3 Vape","isPartOf":{"@id":"https:\/\/shop.fizzyvape.com\/hu\/#website"},"primaryImageOfPage":{"@id":"https:\/\/shop.fizzyvape.com\/hu\/termek\/fizzy-twins-watermelon-ice-lemon-lime-50000-puffs-eldobhato-vape\/#primaryimage"},"image":{"@id":"https:\/\/shop.fizzyvape.com\/hu\/termek\/fizzy-twins-watermelon-ice-lemon-lime-50000-puffs-eldobhato-vape\/#primaryimage"},"thumbnailUrl":"https:\/\/shop.fizzyvape.com\/wp-content\/uploads\/2025\/05\/Watermelon-Ice-Lemon-Lime-50000-Puffs-Disposable-Vape.webp","datePublished":"2025-05-15T07:08:23+00:00","dateModified":"2025-12-23T08:33:39+00:00","description":"A Fizzy Twins Dual Flavor Eldobhat\u00f3 Vape 50.000 puffot k\u00edn\u00e1l a g\u00f6r\u00f6gdinnye j\u00e9g \u00e9s a citromos lime boldogs\u00e1gb\u00f3l. \u00dajrat\u00f6lthet\u0151, hossz\u00fa \u00e9lettartam\u00fa \u00e9s ultrasima.","breadcrumb":{"@id":"https:\/\/shop.fizzyvape.com\/hu\/termek\/fizzy-twins-watermelon-ice-lemon-lime-50000-puffs-eldobhato-vape\/#breadcrumb"},"inLanguage":"hu","potentialAction":[{"@type":"ReadAction","target":["https:\/\/shop.fizzyvape.com\/hu\/termek\/fizzy-twins-watermelon-ice-lemon-lime-50000-puffs-eldobhato-vape\/"]}]},{"@type":"ImageObject","inLanguage":"hu","@id":"https:\/\/shop.fizzyvape.com\/hu\/termek\/fizzy-twins-watermelon-ice-lemon-lime-50000-puffs-eldobhato-vape\/#primaryimage","url":"https:\/\/shop.fizzyvape.com\/wp-content\/uploads\/2025\/05\/Watermelon-Ice-Lemon-Lime-50000-Puffs-Disposable-Vape.webp","contentUrl":"https:\/\/shop.fizzyvape.com\/wp-content\/uploads\/2025\/05\/Watermelon-Ice-Lemon-Lime-50000-Puffs-Disposable-Vape.webp","width":800,"height":800,"caption":"G\u00f6r\u00f6gdinnye j\u00e9g \u00e9s citromos lime 50000 Puffs eldobhat\u00f3 Vape"},{"@type":"BreadcrumbList","@id":"https:\/\/shop.fizzyvape.com\/hu\/termek\/fizzy-twins-watermelon-ice-lemon-lime-50000-puffs-eldobhato-vape\/#breadcrumb","itemListElement":[{"@type":"ListItem","position":1,"name":"\u9996\u9875","item":"https:\/\/shop.fizzyvape.com\/hu\/"},{"@type":"ListItem","position":2,"name":"Shop","item":"https:\/\/shop.fizzyvape.com\/shop\/"},{"@type":"ListItem","position":3,"name":"Fizzy Twins Watermelon Ice &amp; Lemon Lime &#8211; 50000 Puffs Eldobhat\u00f3 Vape"}]},{"@type":"WebSite","@id":"https:\/\/shop.fizzyvape.com\/hu\/#website","url":"https:\/\/shop.fizzyvape.com\/hu\/","name":"shop.fizzyvape.com","description":"The Best Disposable Vape In Europe | 10000 - 60000 Puffs  | Free Shipping","potentialAction":[{"@type":"SearchAction","target":{"@type":"EntryPoint","urlTemplate":"https:\/\/shop.fizzyvape.com\/hu\/?s={search_term_string}"},"query-input":{"@type":"PropertyValueSpecification","valueRequired":true,"valueName":"search_term_string"}}],"inLanguage":"hu"}]}},"tiered_pricing_type":"fixed","tiered_pricing_fixed_rules":[],"tiered_pricing_product_settings":{"layout":"default","base_unit_name":{"singular":null,"plural":null},"default_variation":null},"tiered_pricing_minimum_quantity":null,"tiered_pricing_roles_data":[],"tiered_pricing_percentage_rules":[],"tiered_pricing_maximum_quantity":null,"tiered_pricing_quantity_step":null,"_links":{"self":[{"href":"https:\/\/shop.fizzyvape.com\/hu\/wp-json\/wp\/v2\/product\/19518","targetHints":{"allow":["GET"]}}],"collection":[{"href":"https:\/\/shop.fizzyvape.com\/hu\/wp-json\/wp\/v2\/product"}],"about":[{"href":"https:\/\/shop.fizzyvape.com\/hu\/wp-json\/wp\/v2\/types\/product"}],"replies":[{"embeddable":true,"href":"https:\/\/shop.fizzyvape.com\/hu\/wp-json\/wp\/v2\/comments?post=19518"}],"version-history":[{"count":0,"href":"https:\/\/shop.fizzyvape.com\/hu\/wp-json\/wp\/v2\/product\/19518\/revisions"}],"wp:featuredmedia":[{"embeddable":true,"href":"https:\/\/shop.fizzyvape.com\/hu\/wp-json\/wp\/v2\/media\/18534"}],"wp:attachment":[{"href":"https:\/\/shop.fizzyvape.com\/hu\/wp-json\/wp\/v2\/media?parent=19518"}],"wp:term":[{"taxonomy":"product_brand","embeddable":true,"href":"https:\/\/shop.fizzyvape.com\/hu\/wp-json\/wp\/v2\/product_brand?post=19518"},{"taxonomy":"product_cat","embeddable":true,"href":"https:\/\/shop.fizzyvape.com\/hu\/wp-json\/wp\/v2\/product_cat?post=19518"},{"taxonomy":"product_tag","embeddable":true,"href":"https:\/\/shop.fizzyvape.com\/hu\/wp-json\/wp\/v2\/product_tag?post=19518"}],"curies":[{"name":"wp","href":"https:\/\/api.w.org\/{rel}","templated":true}]}}