{"id":19530,"date":"2025-05-15T07:01:02","date_gmt":"2025-05-15T07:01:02","guid":{"rendered":"https:\/\/shop.fizzyvape.com\/product\/fizzy-twins-peach-mango-watermelon-strawberry-banana-50000-puffs-eldobhato-vape\/"},"modified":"2025-12-23T08:34:05","modified_gmt":"2025-12-23T08:34:05","slug":"fizzy-twins-peach-mango-watermelon-strawberry-banana-50000-puffs-eldobhato-vape","status":"publish","type":"product","link":"https:\/\/shop.fizzyvape.com\/hu\/termek\/fizzy-twins-peach-mango-watermelon-strawberry-banana-50000-puffs-eldobhato-vape\/","title":{"rendered":"Fizzy Twins Peach Mango Watermelon &amp; Strawberry Banana &#8211; 50000 Puffs Eldobhat\u00f3 Vape"},"content":{"rendered":"<h2><strong>Fizzy Twins Peach Mango Watermelon &amp; Strawberry Banana &#8211; 50000 Puffs Eldobhat\u00f3 Vape<\/strong><\/h2>\n<h3><strong>Tr\u00f3pusi f\u00fazi\u00f3 minden szippant\u00e1sban &#8211; Kett\u0151s \u00edz\u0171 vape \u00e9lvezet<\/strong><\/h3>\n<p>K\u00e9nyeztesse mag\u00e1t egy tr\u00f3pusi paradicsomban a <strong>Fizzy Twins Barack Mang\u00f3 G\u00f6r\u00f6gdinnye \u00e9s Eper Ban\u00e1n 50000 Puffs Eldobhat\u00f3 Vape-vel<\/strong>. Ez a pr\u00e9mium kett\u0151s \u00edz\u0171 k\u00e9sz\u00fcl\u00e9k a <strong>Peach Mango Watermelon<\/strong> zamatos, naps\u00fct\u00e9ses medley-j\u00e9t \u00f6tv\u00f6zi a <strong>Strawberry Banana<\/strong> l\u00e1gy, kr\u00e9mes \u00e9dess\u00e9g\u00e9vel. Ak\u00e1r l\u00e9d\u00fas friss\u00edt\u0151re, ak\u00e1r selymes, desszertszer\u0171 vape-re v\u00e1gyik, ez a k\u00e9sz\u00fcl\u00e9k mindkett\u0151t k\u00edn\u00e1lja.<\/p>\n<p>V\u00e1ltson k\u00f6nnyed\u00e9n az \u00edzek k\u00f6z\u00f6tt egy egyszer\u0171 gombnyom\u00e1ssal, szabja testre a l\u00e9g\u00e1raml\u00e1st, \u00e9s \u00e9lvezze a nagy teljes\u00edtm\u00e9ny\u0171 \u00e9lm\u00e9nyt a kett\u0151s teljes\u00edtm\u00e9ny \u00fczemm\u00f3dnak k\u00f6sz\u00f6nhet\u0151en. A Fizzy Twins a k\u00e9nyelemre \u00e9s v\u00e1ltozatoss\u00e1gra egyar\u00e1nt v\u00e1gy\u00f3 \u00edzek kedvel\u0151inek k\u00e9sz\u00fclt, \u00edgy minden slukk egy \u00edzgazdag kalandd\u00e1 v\u00e1lik.<\/p>\n<h3><strong>Kulcsfontoss\u00e1g\u00fa jellemz\u0151k:<\/strong><\/h3>\n<ul>\n<li><strong>50,000 puff<\/strong> &#8211; Hossz\u00fa \u00e9lettartam\u00fa haszn\u00e1lat, nincs sz\u00fcks\u00e9g cser\u00e9re<\/li>\n<li><strong>Kett\u0151s \u00edzrendszer<\/strong> &#8211; V\u00e1ltson a k\u00f6vetkez\u0151k k\u00f6z\u00f6tt:\n<ul>\n<li><strong>Barack Mang\u00f3 G\u00f6r\u00f6gdinnye<\/strong> &#8211; Tr\u00f3pusi fr\u00f6ccsen\u00e9s l\u00e9d\u00fas \u00e9s \u00e9des gy\u00fcm\u00f6lcs\u00f6kb\u0151l<\/li>\n<li><strong>Epres ban\u00e1n<\/strong> &#8211; Sima \u00e9s kr\u00e9mes, gy\u00fcm\u00f6lcs\u00f6s \u00edzvil\u00e1ggal<\/li>\n<\/ul>\n<\/li>\n<li><strong>Dual Tank Design<\/strong> &#8211; K\u00e9t f\u00fcggetlen 25 ml-es e-folyad\u00e9k kamra biztos\u00edtja, hogy az \u00edzek tiszt\u00e1k \u00e9s keveretlenek maradjanak.<\/li>\n<li><strong>\u00dajrat\u00f6lthet\u0151 850mAh akkumul\u00e1tor<\/strong> &#8211; C-t\u00edpus\u00fa gyorst\u00f6lt\u00e9s biztos\u00edtja az \u00e1ramell\u00e1t\u00e1st<\/li>\n<li><strong>50mL el\u0151re t\u00f6lt\u00f6tt E-Liquid<\/strong> &#8211; Nulla ut\u00e1nt\u00f6lt\u00e9s, teljes k\u00f6nny\u0171 haszn\u00e1lat<\/li>\n<li><strong>\u00c1ll\u00edthat\u00f3 l\u00e9g\u00e1raml\u00e1s<\/strong> &#8211; Testre szabhatja a h\u00faz\u00e1st MTL (Mouth-To-Lung) vagy RDL (Restricted Direct Lung) eset\u00e9n.<\/li>\n<li><strong>Kett\u0151s t\u00e1pell\u00e1t\u00e1si m\u00f3dok<\/strong>:\n<ul>\n<li><strong>ECO \u00fczemm\u00f3d<\/strong> &#8211; Sima \u00fct\u00e9sek, optimaliz\u00e1lt akkumul\u00e1tor-\u00fczemid\u0151<\/li>\n<li><strong>Boost m\u00f3d<\/strong> &#8211; Intenz\u00edv \u00edz \u00e9s s\u0171r\u0171 g\u0151ztermel\u00e9s<\/li>\n<\/ul>\n<\/li>\n<li><strong>Eleg\u00e1ns f\u00e9mh\u00e9j<\/strong> &#8211; Ergonomikus, st\u00edlusos \u00e9s tart\u00f3san meg\u00e9p\u00edtett<\/li>\n<\/ul>\n<h3><strong>Nikotin er\u0151ss\u00e9g\u0171 opci\u00f3k:<\/strong><\/h3>\n<ul>\n<li><strong>2% (20mg\/mL)<\/strong> &#8211; Sima el\u00e9gedetts\u00e9g enyh\u00e9bb nikotinnal<\/li>\n<li><strong>5% (50mg\/ml)<\/strong> &#8211; Er\u0151sebb hat\u00e1s tapasztalt felhaszn\u00e1l\u00f3knak.<\/li>\n<\/ul>\n<h3><strong>Fizzy Twins <\/strong>50000 Puffs \u00cdzek list\u00e1ja:<\/h3>\n<ol>\n<li><a href=\"https:\/\/shop.fizzyvape.com\/hu\/termek\/fizzy-twins-gorogdinnye-jeg-es-eper-kiwi-50000-puffs-eldobhato-vape\/\">G\u00f6r\u00f6gdinnye j\u00e9g \u00e9s eper kiwi<\/a><\/li>\n<li><a href=\"https:\/\/shop.fizzyvape.com\/hu\/termek\/fizzy-twins-strawberry-kiwi-pomegranate-red-bull-50000-puffs-eldobhato-vape\/\">Eper-kiwi gr\u00e1n\u00e1talma &amp; Red Bull<\/a><\/li>\n<li><a href=\"https:\/\/shop.fizzyvape.com\/hu\/termek\/fizzy-twins-blueberry-coconut-grape-ice-50000-puffs-eldobhato-vape\/\">\u00c1fonya k\u00f3kusz \u00e9s sz\u0151l\u0151 j\u00e9g<\/a><\/li>\n<li><a href=\"https:\/\/shop.fizzyvape.com\/hu\/termek\/fizzy-twins-blue-razz-lemonade-triple-melon-50000-puffs-eldobhato-vape\/\">K\u00e9k Razz limon\u00e1d\u00e9 \u00e9s tripla dinnye<\/a><\/li>\n<li><a href=\"https:\/\/shop.fizzyvape.com\/hu\/termek\/fizzy-twins-eper-gorogdinnye-es-afonya-jeg-50000-puffs-eldobhato-vape\/\">Eper g\u00f6r\u00f6gdinnye \u00e9s \u00e1fonya j\u00e9g<\/a><\/li>\n<li><a href=\"https:\/\/shop.fizzyvape.com\/hu\/termek\/fizzy-twins-peach-mango-watermelon-strawberry-banana-50000-puffs-eldobhato-vape\/\">\u0150szibarack Mang\u00f3 g\u00f6r\u00f6gdinnye \u00e9s eper ban\u00e1n<\/a><\/li>\n<li><a href=\"https:\/\/shop.fizzyvape.com\/hu\/termek\/fizzy-twins-malna-gorogdinnye-es-kiwi-golgotavirag-guava-50000-puff-eldobhato-vape\/\">M\u00e1lna G\u00f6r\u00f6gdinnye \u00e9s Kiwi Golgotavir\u00e1g Guava<\/a><\/li>\n<li><a href=\"https:\/\/shop.fizzyvape.com\/hu\/termek\/fizzy-twins-ananasz-barack-maracuja-es-afonya-malna-50000-puffs-eldobhato-vape\/\">Anan\u00e1sz \u0150szibarack Maracuja &amp; \u00c1fonya M\u00e1lna<\/a><\/li>\n<li><a href=\"https:\/\/shop.fizzyvape.com\/hu\/termek\/fizzy-twins-watermelon-ice-lemon-lime-50000-puffs-eldobhato-vape\/\">G\u00f6r\u00f6gdinnye j\u00e9g \u00e9s citromos lime<\/a><\/li>\n<li><a href=\"https:\/\/shop.fizzyvape.com\/hu\/termek\/fizzy-twins-mixed-berry-peach-ice-50000-puffs-eldobhato-vape\/\">Vegyes bogy\u00f3s gy\u00fcm\u00f6lcs \u00e9s barack j\u00e9g<\/a><\/li>\n<li><a href=\"https:\/\/shop.fizzyvape.com\/hu\/termek\/fizzy-twins-strawberry-ice-fizzy-cherry-50000-puffs-eldobhato-vape\/\">Eper j\u00e9g \u00e9s pezsg\u0151 cseresznye<\/a><\/li>\n<li><a href=\"https:\/\/shop.fizzyvape.com\/hu\/termek\/fizzy-twins-malna-limonade-es-eper-jeg-50000-puffs-eldobhato-vape\/\">M\u00e1lna limon\u00e1d\u00e9 \u00e9s eper j\u00e9g<\/a><\/li>\n<\/ol>\n<h3><strong>GYIK a Fizzy Twins barack mang\u00f3 g\u00f6r\u00f6gdinnye \u00e9s eper ban\u00e1n 50000 puffokr\u00f3l<\/strong><\/h3>\n<p><strong>Hogyan v\u00e1lthatok a k\u00e9t \u00edz k\u00f6z\u00f6tt?<\/strong><br \/>\nEgyszer\u0171en nyomja meg a k\u00e9sz\u00fcl\u00e9ken l\u00e9v\u0151 \u00edzkapcsol\u00f3 gombot, hogy azonnal v\u00e1ltson a Barack Mang\u00f3 G\u00f6r\u00f6gdinnye \u00e9s az Eper Ban\u00e1n k\u00f6z\u00f6tt.<\/p>\n<p><strong>Mennyi ideig tart a k\u00e9sz\u00fcl\u00e9k?<\/strong><br \/>\nAz ak\u00e1r 50.000 slukk \u00e9s 50 ml e-folyad\u00e9k eset\u00e9n a rendszeres haszn\u00e1l\u00f3knak 3-4 h\u00e9tig, illetve a neh\u00e9z felhaszn\u00e1l\u00f3knak 2-3 h\u00e9tig tart.<\/p>\n<p><strong>Mi a k\u00fcl\u00f6nbs\u00e9g az ECO \u00e9s a Boost \u00fczemm\u00f3d k\u00f6z\u00f6tt?<\/strong><br \/>\nkiegyens\u00falyozott \u00edzt \u00e9s akkumul\u00e1tor-hat\u00e9konys\u00e1got biztos\u00edt, m\u00edg a Boost m\u00f3d fokozza a g\u0151ztermel\u00e9st \u00e9s az \u00edz intenzit\u00e1s\u00e1t az er\u0151sebb tal\u00e1lat \u00e9rdek\u00e9ben.<\/p>\n","protected":false},"excerpt":{"rendered":"<p>A tr\u00f3pusi \u00e9s a kr\u00e9mes tal\u00e1lkozik ebben a hosszan tart\u00f3, kett\u0151s \u00edz\u0171 vape-ban. \u00c9lvezze a Peach Mango Watermelon l\u00e9d\u00fas rohan\u00e1s\u00e1t, vagy v\u00e1ltson a sima Strawberry Banana-ra egyetlen kattint\u00e1ssal. 50.000 puff, kett\u0151s tart\u00e1ly, USB-C t\u00f6lt\u00e9s \u00e9s \u00e1ll\u00edthat\u00f3 l\u00e9g\u00e1raml\u00e1s &#8211; ez az \u00d6n minden az egyben \u00edzek t\u00e1rsa.<\/p>\n","protected":false},"featured_media":18520,"comment_status":"open","ping_status":"closed","template":"","meta":[],"product_brand":[],"product_cat":[126,148],"product_tag":[142,137,143,138],"class_list":{"0":"post-19530","1":"product","2":"type-product","3":"status-publish","4":"has-post-thumbnail","6":"product_cat-fizzy-twins-50000-puffs-eldobhato-vape","7":"product_cat-ujratoltheto-eldobhato-vape","8":"product_tag-50k-puffs-hu","9":"product_tag-eldobhato-vape","10":"product_tag-kettos-iz","11":"product_tag-ujratoltheto","13":"first","14":"outofstock","15":"shipping-taxable","16":"purchasable","17":"product-type-variable"},"yoast_head":"<!-- This site is optimized with the Yoast SEO Premium plugin v24.8 (Yoast SEO v27.4) - https:\/\/yoast.com\/product\/yoast-seo-premium-wordpress\/ -->\n<title>Fizzy Twins 50000 Puffs Vape - Kett\u0151s \u00edz \u00e9s \u00fajrat\u00f6lthet\u0151 Vape<\/title>\n<meta name=\"description\" content=\"Kett\u0151s \u00edz\u0171 Fizzy Twins 50000 Puffs vape barackos mang\u00f3s g\u00f6r\u00f6gdinnye \u00e9s epres ban\u00e1nnal. 2% \/ 5% nikotin vape, \u00fajrat\u00f6lthet\u0151, USB-C \u00e9s \u00edzv\u00e1lt\u00f3.\" \/>\n<meta name=\"robots\" content=\"index, follow, max-snippet:-1, max-image-preview:large, max-video-preview:-1\" \/>\n<link rel=\"canonical\" href=\"https:\/\/shop.fizzyvape.com\/hu\/termek\/fizzy-twins-peach-mango-watermelon-strawberry-banana-50000-puffs-eldobhato-vape\/\" \/>\n<meta property=\"og:locale\" content=\"hu_HU\" \/>\n<meta property=\"og:type\" content=\"article\" \/>\n<meta property=\"og:title\" content=\"Fizzy Twins Peach Mango Watermelon &amp; Strawberry Banana - 50000 Puffs Eldobhat\u00f3 Vape\" \/>\n<meta property=\"og:description\" content=\"Kett\u0151s \u00edz\u0171 Fizzy Twins 50000 Puffs vape barackos mang\u00f3s g\u00f6r\u00f6gdinnye \u00e9s epres ban\u00e1nnal. 2% \/ 5% nikotin vape, \u00fajrat\u00f6lthet\u0151, USB-C \u00e9s \u00edzv\u00e1lt\u00f3.\" \/>\n<meta property=\"og:url\" content=\"https:\/\/shop.fizzyvape.com\/hu\/termek\/fizzy-twins-peach-mango-watermelon-strawberry-banana-50000-puffs-eldobhato-vape\/\" \/>\n<meta property=\"og:site_name\" content=\"shop.fizzyvape.com\" \/>\n<meta property=\"article:modified_time\" content=\"2025-12-23T08:34:05+00:00\" \/>\n<meta property=\"og:image\" content=\"https:\/\/shop.fizzyvape.com\/wp-content\/uploads\/2025\/05\/Peach-Mango-Watermelon-Strawberry-Banana-50000-Puffs-Disposable-Vape.webp\" \/>\n\t<meta property=\"og:image:width\" content=\"800\" \/>\n\t<meta property=\"og:image:height\" content=\"800\" \/>\n\t<meta property=\"og:image:type\" content=\"image\/webp\" \/>\n<meta name=\"twitter:card\" content=\"summary_large_image\" \/>\n<meta name=\"twitter:label1\" content=\"Becs\u00fclt olvas\u00e1si id\u0151\" \/>\n\t<meta name=\"twitter:data1\" content=\"3 perc\" \/>\n<script type=\"application\/ld+json\" class=\"yoast-schema-graph\">{\"@context\":\"https:\\\/\\\/schema.org\",\"@graph\":[{\"@type\":\"WebPage\",\"@id\":\"https:\\\/\\\/shop.fizzyvape.com\\\/hu\\\/termek\\\/fizzy-twins-peach-mango-watermelon-strawberry-banana-50000-puffs-eldobhato-vape\\\/\",\"url\":\"https:\\\/\\\/shop.fizzyvape.com\\\/hu\\\/termek\\\/fizzy-twins-peach-mango-watermelon-strawberry-banana-50000-puffs-eldobhato-vape\\\/\",\"name\":\"Fizzy Twins 50000 Puffs Vape - Kett\u0151s \u00edz \u00e9s \u00fajrat\u00f6lthet\u0151 Vape\",\"isPartOf\":{\"@id\":\"https:\\\/\\\/shop.fizzyvape.com\\\/hu\\\/#website\"},\"primaryImageOfPage\":{\"@id\":\"https:\\\/\\\/shop.fizzyvape.com\\\/hu\\\/termek\\\/fizzy-twins-peach-mango-watermelon-strawberry-banana-50000-puffs-eldobhato-vape\\\/#primaryimage\"},\"image\":{\"@id\":\"https:\\\/\\\/shop.fizzyvape.com\\\/hu\\\/termek\\\/fizzy-twins-peach-mango-watermelon-strawberry-banana-50000-puffs-eldobhato-vape\\\/#primaryimage\"},\"thumbnailUrl\":\"https:\\\/\\\/shop.fizzyvape.com\\\/wp-content\\\/uploads\\\/2025\\\/05\\\/Peach-Mango-Watermelon-Strawberry-Banana-50000-Puffs-Disposable-Vape.webp\",\"datePublished\":\"2025-05-15T07:01:02+00:00\",\"dateModified\":\"2025-12-23T08:34:05+00:00\",\"description\":\"Kett\u0151s \u00edz\u0171 Fizzy Twins 50000 Puffs vape barackos mang\u00f3s g\u00f6r\u00f6gdinnye \u00e9s epres ban\u00e1nnal. 2% \\\/ 5% nikotin vape, \u00fajrat\u00f6lthet\u0151, USB-C \u00e9s \u00edzv\u00e1lt\u00f3.\",\"breadcrumb\":{\"@id\":\"https:\\\/\\\/shop.fizzyvape.com\\\/hu\\\/termek\\\/fizzy-twins-peach-mango-watermelon-strawberry-banana-50000-puffs-eldobhato-vape\\\/#breadcrumb\"},\"inLanguage\":\"hu\",\"potentialAction\":[{\"@type\":\"ReadAction\",\"target\":[\"https:\\\/\\\/shop.fizzyvape.com\\\/hu\\\/termek\\\/fizzy-twins-peach-mango-watermelon-strawberry-banana-50000-puffs-eldobhato-vape\\\/\"]}]},{\"@type\":\"ImageObject\",\"inLanguage\":\"hu\",\"@id\":\"https:\\\/\\\/shop.fizzyvape.com\\\/hu\\\/termek\\\/fizzy-twins-peach-mango-watermelon-strawberry-banana-50000-puffs-eldobhato-vape\\\/#primaryimage\",\"url\":\"https:\\\/\\\/shop.fizzyvape.com\\\/wp-content\\\/uploads\\\/2025\\\/05\\\/Peach-Mango-Watermelon-Strawberry-Banana-50000-Puffs-Disposable-Vape.webp\",\"contentUrl\":\"https:\\\/\\\/shop.fizzyvape.com\\\/wp-content\\\/uploads\\\/2025\\\/05\\\/Peach-Mango-Watermelon-Strawberry-Banana-50000-Puffs-Disposable-Vape.webp\",\"width\":800,\"height\":800,\"caption\":\"Barack Mang\u00f3 g\u00f6r\u00f6gdinnye \u00e9s eper ban\u00e1n 50000 Puffs eldobhat\u00f3 Vape\"},{\"@type\":\"BreadcrumbList\",\"@id\":\"https:\\\/\\\/shop.fizzyvape.com\\\/hu\\\/termek\\\/fizzy-twins-peach-mango-watermelon-strawberry-banana-50000-puffs-eldobhato-vape\\\/#breadcrumb\",\"itemListElement\":[{\"@type\":\"ListItem\",\"position\":1,\"name\":\"\u9996\u9875\",\"item\":\"https:\\\/\\\/shop.fizzyvape.com\\\/hu\\\/\"},{\"@type\":\"ListItem\",\"position\":2,\"name\":\"Shop\",\"item\":\"https:\\\/\\\/shop.fizzyvape.com\\\/shop\\\/\"},{\"@type\":\"ListItem\",\"position\":3,\"name\":\"Fizzy Twins Peach Mango Watermelon &amp; Strawberry Banana &#8211; 50000 Puffs Eldobhat\u00f3 Vape\"}]},{\"@type\":\"WebSite\",\"@id\":\"https:\\\/\\\/shop.fizzyvape.com\\\/hu\\\/#website\",\"url\":\"https:\\\/\\\/shop.fizzyvape.com\\\/hu\\\/\",\"name\":\"shop.fizzyvape.com\",\"description\":\"The Best Disposable Vape In Europe | 10000 - 60000 Puffs  | Free Shipping\",\"potentialAction\":[{\"@type\":\"SearchAction\",\"target\":{\"@type\":\"EntryPoint\",\"urlTemplate\":\"https:\\\/\\\/shop.fizzyvape.com\\\/hu\\\/?s={search_term_string}\"},\"query-input\":{\"@type\":\"PropertyValueSpecification\",\"valueRequired\":true,\"valueName\":\"search_term_string\"}}],\"inLanguage\":\"hu\"}]}<\/script>\n<!-- \/ Yoast SEO Premium plugin. -->","yoast_head_json":{"title":"Fizzy Twins 50000 Puffs Vape - Kett\u0151s \u00edz \u00e9s \u00fajrat\u00f6lthet\u0151 Vape","description":"Kett\u0151s \u00edz\u0171 Fizzy Twins 50000 Puffs vape barackos mang\u00f3s g\u00f6r\u00f6gdinnye \u00e9s epres ban\u00e1nnal. 2% \/ 5% nikotin vape, \u00fajrat\u00f6lthet\u0151, USB-C \u00e9s \u00edzv\u00e1lt\u00f3.","robots":{"index":"index","follow":"follow","max-snippet":"max-snippet:-1","max-image-preview":"max-image-preview:large","max-video-preview":"max-video-preview:-1"},"canonical":"https:\/\/shop.fizzyvape.com\/hu\/termek\/fizzy-twins-peach-mango-watermelon-strawberry-banana-50000-puffs-eldobhato-vape\/","og_locale":"hu_HU","og_type":"article","og_title":"Fizzy Twins Peach Mango Watermelon &amp; Strawberry Banana - 50000 Puffs Eldobhat\u00f3 Vape","og_description":"Kett\u0151s \u00edz\u0171 Fizzy Twins 50000 Puffs vape barackos mang\u00f3s g\u00f6r\u00f6gdinnye \u00e9s epres ban\u00e1nnal. 2% \/ 5% nikotin vape, \u00fajrat\u00f6lthet\u0151, USB-C \u00e9s \u00edzv\u00e1lt\u00f3.","og_url":"https:\/\/shop.fizzyvape.com\/hu\/termek\/fizzy-twins-peach-mango-watermelon-strawberry-banana-50000-puffs-eldobhato-vape\/","og_site_name":"shop.fizzyvape.com","article_modified_time":"2025-12-23T08:34:05+00:00","og_image":[{"width":800,"height":800,"url":"https:\/\/shop.fizzyvape.com\/wp-content\/uploads\/2025\/05\/Peach-Mango-Watermelon-Strawberry-Banana-50000-Puffs-Disposable-Vape.webp","type":"image\/webp"}],"twitter_card":"summary_large_image","twitter_misc":{"Becs\u00fclt olvas\u00e1si id\u0151":"3 perc"},"schema":{"@context":"https:\/\/schema.org","@graph":[{"@type":"WebPage","@id":"https:\/\/shop.fizzyvape.com\/hu\/termek\/fizzy-twins-peach-mango-watermelon-strawberry-banana-50000-puffs-eldobhato-vape\/","url":"https:\/\/shop.fizzyvape.com\/hu\/termek\/fizzy-twins-peach-mango-watermelon-strawberry-banana-50000-puffs-eldobhato-vape\/","name":"Fizzy Twins 50000 Puffs Vape - Kett\u0151s \u00edz \u00e9s \u00fajrat\u00f6lthet\u0151 Vape","isPartOf":{"@id":"https:\/\/shop.fizzyvape.com\/hu\/#website"},"primaryImageOfPage":{"@id":"https:\/\/shop.fizzyvape.com\/hu\/termek\/fizzy-twins-peach-mango-watermelon-strawberry-banana-50000-puffs-eldobhato-vape\/#primaryimage"},"image":{"@id":"https:\/\/shop.fizzyvape.com\/hu\/termek\/fizzy-twins-peach-mango-watermelon-strawberry-banana-50000-puffs-eldobhato-vape\/#primaryimage"},"thumbnailUrl":"https:\/\/shop.fizzyvape.com\/wp-content\/uploads\/2025\/05\/Peach-Mango-Watermelon-Strawberry-Banana-50000-Puffs-Disposable-Vape.webp","datePublished":"2025-05-15T07:01:02+00:00","dateModified":"2025-12-23T08:34:05+00:00","description":"Kett\u0151s \u00edz\u0171 Fizzy Twins 50000 Puffs vape barackos mang\u00f3s g\u00f6r\u00f6gdinnye \u00e9s epres ban\u00e1nnal. 2% \/ 5% nikotin vape, \u00fajrat\u00f6lthet\u0151, USB-C \u00e9s \u00edzv\u00e1lt\u00f3.","breadcrumb":{"@id":"https:\/\/shop.fizzyvape.com\/hu\/termek\/fizzy-twins-peach-mango-watermelon-strawberry-banana-50000-puffs-eldobhato-vape\/#breadcrumb"},"inLanguage":"hu","potentialAction":[{"@type":"ReadAction","target":["https:\/\/shop.fizzyvape.com\/hu\/termek\/fizzy-twins-peach-mango-watermelon-strawberry-banana-50000-puffs-eldobhato-vape\/"]}]},{"@type":"ImageObject","inLanguage":"hu","@id":"https:\/\/shop.fizzyvape.com\/hu\/termek\/fizzy-twins-peach-mango-watermelon-strawberry-banana-50000-puffs-eldobhato-vape\/#primaryimage","url":"https:\/\/shop.fizzyvape.com\/wp-content\/uploads\/2025\/05\/Peach-Mango-Watermelon-Strawberry-Banana-50000-Puffs-Disposable-Vape.webp","contentUrl":"https:\/\/shop.fizzyvape.com\/wp-content\/uploads\/2025\/05\/Peach-Mango-Watermelon-Strawberry-Banana-50000-Puffs-Disposable-Vape.webp","width":800,"height":800,"caption":"Barack Mang\u00f3 g\u00f6r\u00f6gdinnye \u00e9s eper ban\u00e1n 50000 Puffs eldobhat\u00f3 Vape"},{"@type":"BreadcrumbList","@id":"https:\/\/shop.fizzyvape.com\/hu\/termek\/fizzy-twins-peach-mango-watermelon-strawberry-banana-50000-puffs-eldobhato-vape\/#breadcrumb","itemListElement":[{"@type":"ListItem","position":1,"name":"\u9996\u9875","item":"https:\/\/shop.fizzyvape.com\/hu\/"},{"@type":"ListItem","position":2,"name":"Shop","item":"https:\/\/shop.fizzyvape.com\/shop\/"},{"@type":"ListItem","position":3,"name":"Fizzy Twins Peach Mango Watermelon &amp; Strawberry Banana &#8211; 50000 Puffs Eldobhat\u00f3 Vape"}]},{"@type":"WebSite","@id":"https:\/\/shop.fizzyvape.com\/hu\/#website","url":"https:\/\/shop.fizzyvape.com\/hu\/","name":"shop.fizzyvape.com","description":"The Best Disposable Vape In Europe | 10000 - 60000 Puffs  | Free Shipping","potentialAction":[{"@type":"SearchAction","target":{"@type":"EntryPoint","urlTemplate":"https:\/\/shop.fizzyvape.com\/hu\/?s={search_term_string}"},"query-input":{"@type":"PropertyValueSpecification","valueRequired":true,"valueName":"search_term_string"}}],"inLanguage":"hu"}]}},"tiered_pricing_type":"fixed","tiered_pricing_fixed_rules":[],"tiered_pricing_product_settings":{"layout":"default","base_unit_name":{"singular":null,"plural":null},"default_variation":null},"tiered_pricing_minimum_quantity":null,"tiered_pricing_roles_data":[],"tiered_pricing_percentage_rules":[],"tiered_pricing_maximum_quantity":null,"tiered_pricing_quantity_step":null,"_links":{"self":[{"href":"https:\/\/shop.fizzyvape.com\/hu\/wp-json\/wp\/v2\/product\/19530","targetHints":{"allow":["GET"]}}],"collection":[{"href":"https:\/\/shop.fizzyvape.com\/hu\/wp-json\/wp\/v2\/product"}],"about":[{"href":"https:\/\/shop.fizzyvape.com\/hu\/wp-json\/wp\/v2\/types\/product"}],"replies":[{"embeddable":true,"href":"https:\/\/shop.fizzyvape.com\/hu\/wp-json\/wp\/v2\/comments?post=19530"}],"version-history":[{"count":0,"href":"https:\/\/shop.fizzyvape.com\/hu\/wp-json\/wp\/v2\/product\/19530\/revisions"}],"wp:featuredmedia":[{"embeddable":true,"href":"https:\/\/shop.fizzyvape.com\/hu\/wp-json\/wp\/v2\/media\/18520"}],"wp:attachment":[{"href":"https:\/\/shop.fizzyvape.com\/hu\/wp-json\/wp\/v2\/media?parent=19530"}],"wp:term":[{"taxonomy":"product_brand","embeddable":true,"href":"https:\/\/shop.fizzyvape.com\/hu\/wp-json\/wp\/v2\/product_brand?post=19530"},{"taxonomy":"product_cat","embeddable":true,"href":"https:\/\/shop.fizzyvape.com\/hu\/wp-json\/wp\/v2\/product_cat?post=19530"},{"taxonomy":"product_tag","embeddable":true,"href":"https:\/\/shop.fizzyvape.com\/hu\/wp-json\/wp\/v2\/product_tag?post=19530"}],"curies":[{"name":"wp","href":"https:\/\/api.w.org\/{rel}","templated":true}]}}