{"id":19549,"date":"2025-05-15T07:00:57","date_gmt":"2025-05-15T07:00:57","guid":{"rendered":"https:\/\/shop.fizzyvape.com\/product\/fizzy-twins-blueberry-coconut-grape-ice-50000-puffs-eldobhato-vape\/"},"modified":"2025-12-23T08:30:11","modified_gmt":"2025-12-23T08:30:11","slug":"fizzy-twins-blueberry-coconut-grape-ice-50000-puffs-eldobhato-vape","status":"publish","type":"product","link":"https:\/\/shop.fizzyvape.com\/hu\/termek\/fizzy-twins-blueberry-coconut-grape-ice-50000-puffs-eldobhato-vape\/","title":{"rendered":"Fizzy Twins Blueberry Coconut &amp; Grape Ice &#8211; 50000 Puffs Eldobhat\u00f3 Vape"},"content":{"rendered":"<div>\n<h1><strong>Fizzy Twins Blueberry Coconut &amp; Grape Ice 50000 Puffs &#8211; Pr\u00e9mium kett\u0151s \u00edz\u0171 eldobhat\u00f3 vape<\/strong><\/h1>\n<p>L\u00e9pjen be az \u00edzek vil\u00e1g\u00e1ba a <strong>Fizzy Twins Blueberry Coconut &amp; Grape Ice 50000 Puffs-szal<\/strong> &#8211; egy forradalmi <strong>, k\u00e9tf\u00e9le \u00edz\u0171 eldobhat\u00f3 vape<\/strong>, amelyet a v\u00e9gs\u0151 kiel\u00e9g\u00fcl\u00e9sre terveztek. \u00c9lvezze a <strong>Blueberry Coconut<\/strong> k\u00e9nyeztet\u0151 kr\u00e9mess\u00e9g\u00e9t, amelyet t\u00f6k\u00e9letesen kiegyens\u00falyoz a <strong>Grape Ice<\/strong> ropog\u00f3s, jeges jegyei &#8211; mindezt egyetlen er\u0151teljes \u00e9s k\u00e9nyelmes eszk\u00f6zben.<\/p>\n<p>Ak\u00e1r tr\u00f3pusi \u00e9dess\u00e9gre, ak\u00e1r h\u0171v\u00f6s, friss\u00edt\u0151 \u00edzre v\u00e1gyik, egyszer\u0171en nyomja meg az \u00edzv\u00e1lt\u00f3 gombot, \u00e9s \u00e9lvezze az azonnali v\u00e1ltozatoss\u00e1got. A <strong>rendk\u00edv\u00fcl nagy, 50ML-es e-folyad\u00e9k kapacit\u00e1ssal<\/strong>, a <strong>k\u00e9t f\u00fcggetlen tart\u00e1llyal<\/strong> \u00e9s a <strong>850mAh-s \u00fajrat\u00f6lthet\u0151 akkumul\u00e1torral<\/strong> ez a k\u00e9sz\u00fcl\u00e9k <strong>hetekig tart\u00f3 sima, \u00edzgazdag p\u00e1rologtat\u00e1st<\/strong> biztos\u00edt, \u00fajrat\u00f6lt\u00e9s n\u00e9lk\u00fcl.<\/p>\n<h3>Kulcsfontoss\u00e1g\u00fa jellemz\u0151k:<\/h3>\n<ul>\n<li><strong>Ak\u00e1r 50.000 slukk<\/strong> &#8211; Az ultrahossz\u00fa \u00e9lettartam\u00fa teljes\u00edtm\u00e9nyhez \u00e9s a hosszan tart\u00f3 \u00e9lvezethez tervezt\u00e9k.<\/li>\n<li><strong>Innovat\u00edv kett\u0151s \u00edzrendszer<\/strong> &#8211; K\u00f6nnyed\u00e9n v\u00e1lthat az <strong>\u00e1fony\u00e1s k\u00f3kusz<\/strong> (sima \u00e9s tr\u00f3pusi) \u00e9s a <strong>Grape Ice<\/strong> (ropog\u00f3s \u00e9s h\u0171s\u00edt\u0151) k\u00f6z\u00f6tt.<\/li>\n<li><strong>F\u00fcggetlen kett\u0151s tart\u00e1lyok<\/strong> &#8211; Minden \u00edz tiszta \u00e9s kompromisszumok n\u00e9lk\u00fcli marad a saj\u00e1t kamr\u00e1j\u00e1ban.<\/li>\n<li><strong>850mAh \u00fajrat\u00f6lthet\u0151 akkumul\u00e1tor<\/strong> &#8211; egyenletes energi\u00e1t biztos\u00edt hat\u00e9kony USB-C gyorst\u00f6lt\u00e9ssel<\/li>\n<li><strong>Nagyvonal\u00fa 50 ML E-Liquid kapacit\u00e1s<\/strong> &#8211; El\u0151re felt\u00f6ltve a rendetlens\u00e9gmentes k\u00e9nyelem \u00e9rdek\u00e9ben; nincs sz\u00fcks\u00e9g \u00fajrat\u00f6lt\u00e9sre<\/li>\n<li><strong>Testreszabhat\u00f3 l\u00e9g\u00e1raml\u00e1s-szab\u00e1lyoz\u00e1s<\/strong> &#8211; \u00c1ll\u00edtsa be a bel\u00e9gz\u00e9st a sz\u0171k MTL h\u00faz\u00e1st\u00f3l a l\u00e9gies RDL tal\u00e1latig.<\/li>\n<li><strong>Kett\u0151s teljes\u00edtm\u00e9ny \u00fczemm\u00f3dok<\/strong> &#8211; V\u00e1lassza a <strong>Standard \u00fczemm\u00f3dot<\/strong> a sima vape-hez vagy a <strong>Boost \u00fczemm\u00f3dot<\/strong> a s\u0171r\u0171bb felh\u0151kh\u00f6z.<\/li>\n<li><strong>Kiv\u00e1l\u00f3 min\u0151s\u00e9g\u0171 f\u00e9mszerkezet<\/strong> &#8211; Tart\u00f3s, ergonomikus kialak\u00edt\u00e1s, eleg\u00e1ns, modern kivitelben<\/li>\n<\/ul>\n<h3><strong>Mi\u00e9rt v\u00e1lassza a Fizzy Twins Dual Flavor Vape 50000 Puffs-t?<\/strong><\/h3>\n<ul>\n<li><strong>2 az 1-ben \u00edzkombin\u00e1ci\u00f3<\/strong> &#8211; Nem kell t\u00f6bb p\u00e1rologtat\u00f3t cipelnie mag\u00e1val.<\/li>\n<li><strong>Hatalmas kapacit\u00e1s<\/strong> &#8211; T\u00f6k\u00e9letes hossz\u00fa t\u00e1v\u00fa haszn\u00e1latra vagy utaz\u00e1shoz<\/li>\n<li><strong>Felhaszn\u00e1l\u00f3bar\u00e1t kialak\u00edt\u00e1s<\/strong> &#8211; Egygombos kapcsol\u00e1s, nincs tanul\u00e1si folyamat<\/li>\n<li><strong>Testreszabhat\u00f3 \u00e9lm\u00e9ny<\/strong> &#8211; Szem\u00e9lyre szabhatja a h\u00faz\u00e1st \u00e9s a g\u0151ztermel\u00e9st<\/li>\n<li><strong>Sziv\u00e1rg\u00e1smentes konstrukci\u00f3<\/strong> &#8211; Szem\u00e9tmentes \u00e9s megb\u00edzhat\u00f3 teljes\u00edtm\u00e9nyre tervezve<\/li>\n<\/ul>\n<\/div>\n<div>\n<h3><strong>Nikotin lehet\u0151s\u00e9gek:<\/strong><\/h3>\n<ul>\n<li><strong>2% (20mg\/mL) <\/strong>&#8211; Ide\u00e1lis a sima \u00e9s \u00edzletes p\u00e1rologtat\u00e1si \u00e9lm\u00e9nyhez.<\/li>\n<li><strong>5% (50mg\/mL) <\/strong>&#8211; Er\u0151sebb, kiel\u00e9g\u00edt\u0151bb torok\u00fct\u00e9sre tervezt\u00e9k.<\/li>\n<\/ul>\n<h3><strong>Fizzy Twins <\/strong>50000 Puffs \u00cdzek list\u00e1ja:<\/h3>\n<ol>\n<li><a href=\"https:\/\/shop.fizzyvape.com\/hu\/termek\/fizzy-twins-gorogdinnye-jeg-es-eper-kiwi-50000-puffs-eldobhato-vape\/\">G\u00f6r\u00f6gdinnye j\u00e9g \u00e9s eper kiwi<\/a><\/li>\n<li><a href=\"https:\/\/shop.fizzyvape.com\/hu\/termek\/fizzy-twins-strawberry-kiwi-pomegranate-red-bull-50000-puffs-eldobhato-vape\/\">Eper-kiwi gr\u00e1n\u00e1talma &amp; Red Bull<\/a><\/li>\n<li><a href=\"https:\/\/shop.fizzyvape.com\/hu\/termek\/fizzy-twins-blueberry-coconut-grape-ice-50000-puffs-eldobhato-vape\/\">\u00c1fonya k\u00f3kusz \u00e9s sz\u0151l\u0151 j\u00e9g<\/a><\/li>\n<li><a href=\"https:\/\/shop.fizzyvape.com\/hu\/termek\/fizzy-twins-blue-razz-lemonade-triple-melon-50000-puffs-eldobhato-vape\/\">K\u00e9k Razz limon\u00e1d\u00e9 \u00e9s tripla dinnye<\/a><\/li>\n<li><a href=\"https:\/\/shop.fizzyvape.com\/hu\/termek\/fizzy-twins-eper-gorogdinnye-es-afonya-jeg-50000-puffs-eldobhato-vape\/\">Eper g\u00f6r\u00f6gdinnye \u00e9s \u00e1fonya j\u00e9g<\/a><\/li>\n<li><a href=\"https:\/\/shop.fizzyvape.com\/hu\/termek\/fizzy-twins-peach-mango-watermelon-strawberry-banana-50000-puffs-eldobhato-vape\/\">\u0150szibarack Mang\u00f3 g\u00f6r\u00f6gdinnye \u00e9s eper ban\u00e1n<\/a><\/li>\n<li><a href=\"https:\/\/shop.fizzyvape.com\/hu\/termek\/fizzy-twins-malna-gorogdinnye-es-kiwi-golgotavirag-guava-50000-puff-eldobhato-vape\/\">M\u00e1lna G\u00f6r\u00f6gdinnye \u00e9s Kiwi Golgotavir\u00e1g Guava<\/a><\/li>\n<li><a href=\"https:\/\/shop.fizzyvape.com\/hu\/termek\/fizzy-twins-ananasz-barack-maracuja-es-afonya-malna-50000-puffs-eldobhato-vape\/\">Anan\u00e1sz \u0150szibarack Maracuja &amp; \u00c1fonya M\u00e1lna<\/a><\/li>\n<li><a href=\"https:\/\/shop.fizzyvape.com\/hu\/termek\/fizzy-twins-watermelon-ice-lemon-lime-50000-puffs-eldobhato-vape\/\">G\u00f6r\u00f6gdinnye j\u00e9g \u00e9s citromos lime<\/a><\/li>\n<li><a href=\"https:\/\/shop.fizzyvape.com\/hu\/termek\/fizzy-twins-mixed-berry-peach-ice-50000-puffs-eldobhato-vape\/\">Vegyes bogy\u00f3s gy\u00fcm\u00f6lcs \u00e9s barack j\u00e9g<\/a><\/li>\n<li><a href=\"https:\/\/shop.fizzyvape.com\/hu\/termek\/fizzy-twins-strawberry-ice-fizzy-cherry-50000-puffs-eldobhato-vape\/\">Eper j\u00e9g \u00e9s pezsg\u0151 cseresznye<\/a><\/li>\n<li><a href=\"https:\/\/shop.fizzyvape.com\/hu\/termek\/fizzy-twins-malna-limonade-es-eper-jeg-50000-puffs-eldobhato-vape\/\">M\u00e1lna limon\u00e1d\u00e9 \u00e9s eper j\u00e9g<\/a><\/li>\n<\/ol>\n<h3>GYIK a Fizzy Twins Blueberry Coconut &amp; Grape Ice 50000 Puffs Vape-r\u0151l<\/h3>\n<p><strong>1. Hogyan v\u00e1lthatok az \u00e1fony\u00e1s k\u00f3kusz \u00e9s a Grape Ice k\u00f6z\u00f6tt?<\/strong><br \/>\nEgyszer\u0171en nyomja meg az <strong>\u00edzv\u00e1lt\u00f3 gombot<\/strong> a k\u00e9t f\u00fcggetlen tart\u00e1ly k\u00f6z\u00f6tti v\u00e1lt\u00e1shoz.<\/p>\n<p><strong>2. Mennyi ideig tart?<\/strong><br \/>\nAz 50ML e-folyad\u00e9knak \u00e9s a 850mAh \u00fajrat\u00f6lthet\u0151 akkumul\u00e1tornak k\u00f6sz\u00f6nhet\u0151en <strong>3-4 h\u00e9t m\u00e9rs\u00e9kelt haszn\u00e1latra<\/strong> vagy <strong>2-3 h\u00e9tre<\/strong> sz\u00e1m\u00edthat <strong>er\u0151s g\u0151z\u00f6l\u00e9s<\/strong> eset\u00e9n.<\/p>\n<p><strong>3. Be\u00e1ll\u00edthatom a g\u0151z\u00f6l\u00e9si st\u00edlusomat?<\/strong><br \/>\nIgen! Haszn\u00e1lja az <strong>\u00e1ll\u00edthat\u00f3 l\u00e9g\u00e1raml\u00e1st<\/strong> \u00e9s a <strong>k\u00e9tf\u00e9le \u00fczemm\u00f3dot<\/strong> (ECO vagy Boost) az \u00e9lm\u00e9ny finomhangol\u00e1s\u00e1hoz.<\/p>\n<p><strong>4. \u00dajra kell t\u00f6ltenem a k\u00e9sz\u00fcl\u00e9ket?<\/strong><br \/>\nNem, a vape <strong>el\u0151re felt\u00f6lt\u00f6tt \u00e9s nem \u00fajrat\u00f6lthet\u0151<\/strong>. Ha a folyad\u00e9k elfogyott, felel\u0151sen szabaduljon meg t\u0151le.<\/p>\n<p><strong>5. Alkalmas kezd\u0151knek?<\/strong><br \/>\nAbszol\u00fat &#8211; v\u00e1lasszon <strong>2% nikotint<\/strong> a gyeng\u00e9d kezd\u00e9shez vagy <strong>5%<\/strong> <strong>nikotint<\/strong> az er\u0151sebb hat\u00e1shoz.<\/p>\n<\/div>\n","protected":false},"excerpt":{"rendered":"<p>A Fizzy Twins 50000 puffs eldobhat\u00f3 vape kr\u00e9mes Blueberry Coconut \u00e9s ropog\u00f3s Grape Ice \u00edzeket k\u00edn\u00e1l. \u00c9lvezze a hosszan tart\u00f3 haszn\u00e1latot, az \u00e1ll\u00edthat\u00f3 l\u00e9g\u00e1raml\u00e1st \u00e9s a teljes\u00edtm\u00e9ny \u00fczemm\u00f3dokat. \u00dajrat\u00f6lthet\u0151.<\/p>\n","protected":false},"featured_media":18516,"comment_status":"open","ping_status":"closed","template":"","meta":[],"product_brand":[],"product_cat":[126,148],"product_tag":[142,137,143,138],"class_list":{"0":"post-19549","1":"product","2":"type-product","3":"status-publish","4":"has-post-thumbnail","6":"product_cat-fizzy-twins-50000-puffs-eldobhato-vape","7":"product_cat-ujratoltheto-eldobhato-vape","8":"product_tag-50k-puffs-hu","9":"product_tag-eldobhato-vape","10":"product_tag-kettos-iz","11":"product_tag-ujratoltheto","13":"first","14":"outofstock","15":"shipping-taxable","16":"purchasable","17":"product-type-variable"},"yoast_head":"<!-- This site is optimized with the Yoast SEO Premium plugin v24.8 (Yoast SEO v27.4) - https:\/\/yoast.com\/product\/yoast-seo-premium-wordpress\/ -->\n<title>Fizzy Twins 50000 Puffs - Kett\u0151s \u00edz\u0171 eldobhat\u00f3 vape<\/title>\n<meta name=\"description\" content=\"\u00c9lvezze a Blueberry Coconut &amp; Grape Ice-t ak\u00e1r 50 000 puffan\u00e1ssal. K\u00e9t tart\u00e1ly, \u00fajrat\u00f6lthet\u0151 akkumul\u00e1tor \u00e9s l\u00e9g\u00e1raml\u00e1s-szab\u00e1lyoz\u00e1s. Hossz\u00fa \u00e9lettartam\u00fa eldobhat\u00f3 vape.\" \/>\n<meta name=\"robots\" content=\"index, follow, max-snippet:-1, max-image-preview:large, max-video-preview:-1\" \/>\n<link rel=\"canonical\" href=\"https:\/\/shop.fizzyvape.com\/hu\/termek\/fizzy-twins-blueberry-coconut-grape-ice-50000-puffs-eldobhato-vape\/\" \/>\n<meta property=\"og:locale\" content=\"hu_HU\" \/>\n<meta property=\"og:type\" content=\"article\" \/>\n<meta property=\"og:title\" content=\"Fizzy Twins Blueberry Coconut &amp; Grape Ice - 50000 Puffs Eldobhat\u00f3 Vape\" \/>\n<meta property=\"og:description\" content=\"\u00c9lvezze a Blueberry Coconut &amp; Grape Ice-t ak\u00e1r 50 000 puffan\u00e1ssal. K\u00e9t tart\u00e1ly, \u00fajrat\u00f6lthet\u0151 akkumul\u00e1tor \u00e9s l\u00e9g\u00e1raml\u00e1s-szab\u00e1lyoz\u00e1s. Hossz\u00fa \u00e9lettartam\u00fa eldobhat\u00f3 vape.\" \/>\n<meta property=\"og:url\" content=\"https:\/\/shop.fizzyvape.com\/hu\/termek\/fizzy-twins-blueberry-coconut-grape-ice-50000-puffs-eldobhato-vape\/\" \/>\n<meta property=\"og:site_name\" content=\"shop.fizzyvape.com\" \/>\n<meta property=\"article:modified_time\" content=\"2025-12-23T08:30:11+00:00\" \/>\n<meta property=\"og:image\" content=\"https:\/\/shop.fizzyvape.com\/wp-content\/uploads\/2025\/05\/Blueberry-Coconut-Grape-Ice-50000-Puffs-Disposable-Vape.webp\" \/>\n\t<meta property=\"og:image:width\" content=\"800\" \/>\n\t<meta property=\"og:image:height\" content=\"800\" \/>\n\t<meta property=\"og:image:type\" content=\"image\/webp\" \/>\n<meta name=\"twitter:card\" content=\"summary_large_image\" \/>\n<meta name=\"twitter:label1\" content=\"Becs\u00fclt olvas\u00e1si id\u0151\" \/>\n\t<meta name=\"twitter:data1\" content=\"3 perc\" \/>\n<script type=\"application\/ld+json\" class=\"yoast-schema-graph\">{\"@context\":\"https:\\\/\\\/schema.org\",\"@graph\":[{\"@type\":\"WebPage\",\"@id\":\"https:\\\/\\\/shop.fizzyvape.com\\\/hu\\\/termek\\\/fizzy-twins-blueberry-coconut-grape-ice-50000-puffs-eldobhato-vape\\\/\",\"url\":\"https:\\\/\\\/shop.fizzyvape.com\\\/hu\\\/termek\\\/fizzy-twins-blueberry-coconut-grape-ice-50000-puffs-eldobhato-vape\\\/\",\"name\":\"Fizzy Twins 50000 Puffs - Kett\u0151s \u00edz\u0171 eldobhat\u00f3 vape\",\"isPartOf\":{\"@id\":\"https:\\\/\\\/shop.fizzyvape.com\\\/hu\\\/#website\"},\"primaryImageOfPage\":{\"@id\":\"https:\\\/\\\/shop.fizzyvape.com\\\/hu\\\/termek\\\/fizzy-twins-blueberry-coconut-grape-ice-50000-puffs-eldobhato-vape\\\/#primaryimage\"},\"image\":{\"@id\":\"https:\\\/\\\/shop.fizzyvape.com\\\/hu\\\/termek\\\/fizzy-twins-blueberry-coconut-grape-ice-50000-puffs-eldobhato-vape\\\/#primaryimage\"},\"thumbnailUrl\":\"https:\\\/\\\/shop.fizzyvape.com\\\/wp-content\\\/uploads\\\/2025\\\/05\\\/Blueberry-Coconut-Grape-Ice-50000-Puffs-Disposable-Vape.webp\",\"datePublished\":\"2025-05-15T07:00:57+00:00\",\"dateModified\":\"2025-12-23T08:30:11+00:00\",\"description\":\"\u00c9lvezze a Blueberry Coconut & Grape Ice-t ak\u00e1r 50 000 puffan\u00e1ssal. K\u00e9t tart\u00e1ly, \u00fajrat\u00f6lthet\u0151 akkumul\u00e1tor \u00e9s l\u00e9g\u00e1raml\u00e1s-szab\u00e1lyoz\u00e1s. Hossz\u00fa \u00e9lettartam\u00fa eldobhat\u00f3 vape.\",\"breadcrumb\":{\"@id\":\"https:\\\/\\\/shop.fizzyvape.com\\\/hu\\\/termek\\\/fizzy-twins-blueberry-coconut-grape-ice-50000-puffs-eldobhato-vape\\\/#breadcrumb\"},\"inLanguage\":\"hu\",\"potentialAction\":[{\"@type\":\"ReadAction\",\"target\":[\"https:\\\/\\\/shop.fizzyvape.com\\\/hu\\\/termek\\\/fizzy-twins-blueberry-coconut-grape-ice-50000-puffs-eldobhato-vape\\\/\"]}]},{\"@type\":\"ImageObject\",\"inLanguage\":\"hu\",\"@id\":\"https:\\\/\\\/shop.fizzyvape.com\\\/hu\\\/termek\\\/fizzy-twins-blueberry-coconut-grape-ice-50000-puffs-eldobhato-vape\\\/#primaryimage\",\"url\":\"https:\\\/\\\/shop.fizzyvape.com\\\/wp-content\\\/uploads\\\/2025\\\/05\\\/Blueberry-Coconut-Grape-Ice-50000-Puffs-Disposable-Vape.webp\",\"contentUrl\":\"https:\\\/\\\/shop.fizzyvape.com\\\/wp-content\\\/uploads\\\/2025\\\/05\\\/Blueberry-Coconut-Grape-Ice-50000-Puffs-Disposable-Vape.webp\",\"width\":800,\"height\":800,\"caption\":\"Blueberry Coconut &amp; Grape Ice 50000 Puffs Eldobhat\u00f3 Vape\"},{\"@type\":\"BreadcrumbList\",\"@id\":\"https:\\\/\\\/shop.fizzyvape.com\\\/hu\\\/termek\\\/fizzy-twins-blueberry-coconut-grape-ice-50000-puffs-eldobhato-vape\\\/#breadcrumb\",\"itemListElement\":[{\"@type\":\"ListItem\",\"position\":1,\"name\":\"\u9996\u9875\",\"item\":\"https:\\\/\\\/shop.fizzyvape.com\\\/hu\\\/\"},{\"@type\":\"ListItem\",\"position\":2,\"name\":\"Shop\",\"item\":\"https:\\\/\\\/shop.fizzyvape.com\\\/shop\\\/\"},{\"@type\":\"ListItem\",\"position\":3,\"name\":\"Fizzy Twins Blueberry Coconut &amp; Grape Ice &#8211; 50000 Puffs Eldobhat\u00f3 Vape\"}]},{\"@type\":\"WebSite\",\"@id\":\"https:\\\/\\\/shop.fizzyvape.com\\\/hu\\\/#website\",\"url\":\"https:\\\/\\\/shop.fizzyvape.com\\\/hu\\\/\",\"name\":\"shop.fizzyvape.com\",\"description\":\"The Best Disposable Vape In Europe | 10000 - 60000 Puffs  | Free Shipping\",\"potentialAction\":[{\"@type\":\"SearchAction\",\"target\":{\"@type\":\"EntryPoint\",\"urlTemplate\":\"https:\\\/\\\/shop.fizzyvape.com\\\/hu\\\/?s={search_term_string}\"},\"query-input\":{\"@type\":\"PropertyValueSpecification\",\"valueRequired\":true,\"valueName\":\"search_term_string\"}}],\"inLanguage\":\"hu\"}]}<\/script>\n<!-- \/ Yoast SEO Premium plugin. -->","yoast_head_json":{"title":"Fizzy Twins 50000 Puffs - Kett\u0151s \u00edz\u0171 eldobhat\u00f3 vape","description":"\u00c9lvezze a Blueberry Coconut & Grape Ice-t ak\u00e1r 50 000 puffan\u00e1ssal. K\u00e9t tart\u00e1ly, \u00fajrat\u00f6lthet\u0151 akkumul\u00e1tor \u00e9s l\u00e9g\u00e1raml\u00e1s-szab\u00e1lyoz\u00e1s. Hossz\u00fa \u00e9lettartam\u00fa eldobhat\u00f3 vape.","robots":{"index":"index","follow":"follow","max-snippet":"max-snippet:-1","max-image-preview":"max-image-preview:large","max-video-preview":"max-video-preview:-1"},"canonical":"https:\/\/shop.fizzyvape.com\/hu\/termek\/fizzy-twins-blueberry-coconut-grape-ice-50000-puffs-eldobhato-vape\/","og_locale":"hu_HU","og_type":"article","og_title":"Fizzy Twins Blueberry Coconut &amp; Grape Ice - 50000 Puffs Eldobhat\u00f3 Vape","og_description":"\u00c9lvezze a Blueberry Coconut & Grape Ice-t ak\u00e1r 50 000 puffan\u00e1ssal. K\u00e9t tart\u00e1ly, \u00fajrat\u00f6lthet\u0151 akkumul\u00e1tor \u00e9s l\u00e9g\u00e1raml\u00e1s-szab\u00e1lyoz\u00e1s. Hossz\u00fa \u00e9lettartam\u00fa eldobhat\u00f3 vape.","og_url":"https:\/\/shop.fizzyvape.com\/hu\/termek\/fizzy-twins-blueberry-coconut-grape-ice-50000-puffs-eldobhato-vape\/","og_site_name":"shop.fizzyvape.com","article_modified_time":"2025-12-23T08:30:11+00:00","og_image":[{"width":800,"height":800,"url":"https:\/\/shop.fizzyvape.com\/wp-content\/uploads\/2025\/05\/Blueberry-Coconut-Grape-Ice-50000-Puffs-Disposable-Vape.webp","type":"image\/webp"}],"twitter_card":"summary_large_image","twitter_misc":{"Becs\u00fclt olvas\u00e1si id\u0151":"3 perc"},"schema":{"@context":"https:\/\/schema.org","@graph":[{"@type":"WebPage","@id":"https:\/\/shop.fizzyvape.com\/hu\/termek\/fizzy-twins-blueberry-coconut-grape-ice-50000-puffs-eldobhato-vape\/","url":"https:\/\/shop.fizzyvape.com\/hu\/termek\/fizzy-twins-blueberry-coconut-grape-ice-50000-puffs-eldobhato-vape\/","name":"Fizzy Twins 50000 Puffs - Kett\u0151s \u00edz\u0171 eldobhat\u00f3 vape","isPartOf":{"@id":"https:\/\/shop.fizzyvape.com\/hu\/#website"},"primaryImageOfPage":{"@id":"https:\/\/shop.fizzyvape.com\/hu\/termek\/fizzy-twins-blueberry-coconut-grape-ice-50000-puffs-eldobhato-vape\/#primaryimage"},"image":{"@id":"https:\/\/shop.fizzyvape.com\/hu\/termek\/fizzy-twins-blueberry-coconut-grape-ice-50000-puffs-eldobhato-vape\/#primaryimage"},"thumbnailUrl":"https:\/\/shop.fizzyvape.com\/wp-content\/uploads\/2025\/05\/Blueberry-Coconut-Grape-Ice-50000-Puffs-Disposable-Vape.webp","datePublished":"2025-05-15T07:00:57+00:00","dateModified":"2025-12-23T08:30:11+00:00","description":"\u00c9lvezze a Blueberry Coconut & Grape Ice-t ak\u00e1r 50 000 puffan\u00e1ssal. K\u00e9t tart\u00e1ly, \u00fajrat\u00f6lthet\u0151 akkumul\u00e1tor \u00e9s l\u00e9g\u00e1raml\u00e1s-szab\u00e1lyoz\u00e1s. Hossz\u00fa \u00e9lettartam\u00fa eldobhat\u00f3 vape.","breadcrumb":{"@id":"https:\/\/shop.fizzyvape.com\/hu\/termek\/fizzy-twins-blueberry-coconut-grape-ice-50000-puffs-eldobhato-vape\/#breadcrumb"},"inLanguage":"hu","potentialAction":[{"@type":"ReadAction","target":["https:\/\/shop.fizzyvape.com\/hu\/termek\/fizzy-twins-blueberry-coconut-grape-ice-50000-puffs-eldobhato-vape\/"]}]},{"@type":"ImageObject","inLanguage":"hu","@id":"https:\/\/shop.fizzyvape.com\/hu\/termek\/fizzy-twins-blueberry-coconut-grape-ice-50000-puffs-eldobhato-vape\/#primaryimage","url":"https:\/\/shop.fizzyvape.com\/wp-content\/uploads\/2025\/05\/Blueberry-Coconut-Grape-Ice-50000-Puffs-Disposable-Vape.webp","contentUrl":"https:\/\/shop.fizzyvape.com\/wp-content\/uploads\/2025\/05\/Blueberry-Coconut-Grape-Ice-50000-Puffs-Disposable-Vape.webp","width":800,"height":800,"caption":"Blueberry Coconut &amp; Grape Ice 50000 Puffs Eldobhat\u00f3 Vape"},{"@type":"BreadcrumbList","@id":"https:\/\/shop.fizzyvape.com\/hu\/termek\/fizzy-twins-blueberry-coconut-grape-ice-50000-puffs-eldobhato-vape\/#breadcrumb","itemListElement":[{"@type":"ListItem","position":1,"name":"\u9996\u9875","item":"https:\/\/shop.fizzyvape.com\/hu\/"},{"@type":"ListItem","position":2,"name":"Shop","item":"https:\/\/shop.fizzyvape.com\/shop\/"},{"@type":"ListItem","position":3,"name":"Fizzy Twins Blueberry Coconut &amp; Grape Ice &#8211; 50000 Puffs Eldobhat\u00f3 Vape"}]},{"@type":"WebSite","@id":"https:\/\/shop.fizzyvape.com\/hu\/#website","url":"https:\/\/shop.fizzyvape.com\/hu\/","name":"shop.fizzyvape.com","description":"The Best Disposable Vape In Europe | 10000 - 60000 Puffs  | Free Shipping","potentialAction":[{"@type":"SearchAction","target":{"@type":"EntryPoint","urlTemplate":"https:\/\/shop.fizzyvape.com\/hu\/?s={search_term_string}"},"query-input":{"@type":"PropertyValueSpecification","valueRequired":true,"valueName":"search_term_string"}}],"inLanguage":"hu"}]}},"tiered_pricing_type":"fixed","tiered_pricing_fixed_rules":[],"tiered_pricing_product_settings":{"layout":"default","base_unit_name":{"singular":null,"plural":null},"default_variation":null},"tiered_pricing_minimum_quantity":null,"tiered_pricing_roles_data":[],"tiered_pricing_percentage_rules":[],"tiered_pricing_maximum_quantity":null,"tiered_pricing_quantity_step":null,"_links":{"self":[{"href":"https:\/\/shop.fizzyvape.com\/hu\/wp-json\/wp\/v2\/product\/19549","targetHints":{"allow":["GET"]}}],"collection":[{"href":"https:\/\/shop.fizzyvape.com\/hu\/wp-json\/wp\/v2\/product"}],"about":[{"href":"https:\/\/shop.fizzyvape.com\/hu\/wp-json\/wp\/v2\/types\/product"}],"replies":[{"embeddable":true,"href":"https:\/\/shop.fizzyvape.com\/hu\/wp-json\/wp\/v2\/comments?post=19549"}],"version-history":[{"count":0,"href":"https:\/\/shop.fizzyvape.com\/hu\/wp-json\/wp\/v2\/product\/19549\/revisions"}],"wp:featuredmedia":[{"embeddable":true,"href":"https:\/\/shop.fizzyvape.com\/hu\/wp-json\/wp\/v2\/media\/18516"}],"wp:attachment":[{"href":"https:\/\/shop.fizzyvape.com\/hu\/wp-json\/wp\/v2\/media?parent=19549"}],"wp:term":[{"taxonomy":"product_brand","embeddable":true,"href":"https:\/\/shop.fizzyvape.com\/hu\/wp-json\/wp\/v2\/product_brand?post=19549"},{"taxonomy":"product_cat","embeddable":true,"href":"https:\/\/shop.fizzyvape.com\/hu\/wp-json\/wp\/v2\/product_cat?post=19549"},{"taxonomy":"product_tag","embeddable":true,"href":"https:\/\/shop.fizzyvape.com\/hu\/wp-json\/wp\/v2\/product_tag?post=19549"}],"curies":[{"name":"wp","href":"https:\/\/api.w.org\/{rel}","templated":true}]}}