{"id":19565,"date":"2025-05-15T07:08:19","date_gmt":"2025-05-15T07:08:19","guid":{"rendered":"https:\/\/shop.fizzyvape.com\/product\/fizzy-twins-strawberry-ice-fizzy-cherry-50000-puffs-eldobhato-vape\/"},"modified":"2025-12-23T08:33:47","modified_gmt":"2025-12-23T08:33:47","slug":"fizzy-twins-strawberry-ice-fizzy-cherry-50000-puffs-eldobhato-vape","status":"publish","type":"product","link":"https:\/\/shop.fizzyvape.com\/hu\/termek\/fizzy-twins-strawberry-ice-fizzy-cherry-50000-puffs-eldobhato-vape\/","title":{"rendered":"Fizzy Twins Strawberry Ice &amp; Fizzy Cherry &#8211; 50000 Puffs Eldobhat\u00f3 Vape"},"content":{"rendered":"<div>\n<h2>Fizzy Twins Strawberry Ice &amp; Fizzy Cherry 50000 Puffs &#8211; Cool &amp; Tangy Dual Flavor Egyszer haszn\u00e1latos Vape<\/h2>\n<p>K\u00e9sz\u00edtse fel \u00edzlel\u0151bimb\u00f3it egy izgalmas kontrasztra a Fizzy Twins Strawberry Ice &amp; Fizzy Cherry 50000 Puffs eldobhat\u00f3 vape-vel! Ez az innovat\u00edv eszk\u00f6z az \u00edzek elb\u0171v\u00f6l\u0151 du\u00f3j\u00e1t k\u00edn\u00e1lja: tapasztalja meg az egyik oldalon az Strawberry Ice \u00e9des \u00e9s friss\u00edt\u0151 h\u0171s\u00edt\u0151 \u00edz\u00e9t, a m\u00e1sikon pedig a Fizzy Cherry pik\u00e1ns, fanyar kirobban\u00e1s\u00e1t. A Fizzy Twins massz\u00edv 50 000 puffol\u00e1ssal, hossz\u00fa \u00e9lettartam\u00fa \u00fajrat\u00f6lthet\u0151 akkumul\u00e1torral \u00e9s testreszabhat\u00f3 funkci\u00f3kkal pr\u00e9mium \u00e9s sokoldal\u00fa g\u0151z\u00f6l\u00e9si \u00e9lm\u00e9nyt ny\u00fajt.<\/p>\n<h3>Kulcsfontoss\u00e1g\u00fa jellemz\u0151k:<\/h3>\n<ul>\n<li><strong>Ultra-Long 50,000 Puffs:<\/strong> \u00c9lvezze hetekig a hosszan tart\u00f3 p\u00e1rologtat\u00e1s \u00f6r\u00f6m\u00e9t a leny\u0171g\u00f6z\u0151 50 000 puff kapacit\u00e1ssal.<\/li>\n<li><strong>Kett\u0151s \u00edzrendszer:<\/strong> A dinamikus \u00edz\u00e9lm\u00e9ny \u00e9rdek\u00e9ben k\u00f6nnyed\u00e9n v\u00e1lthat a Strawberry Ice h\u0171v\u00f6s \u00e9dess\u00e9ge \u00e9s a Cherry fanyar pezsg\u00e9se k\u00f6z\u00f6tt.<\/li>\n<li><strong>F\u00fcggetlen kett\u0151s tart\u00e1lytechnol\u00f3gia:<\/strong> K\u00fcl\u00f6n e-folyad\u00e9k tart\u00e1lyok minden egyes \u00edzhez (egyenk\u00e9nt 25 ml), biztos\u00edtva a tiszta, hamis\u00edtatlan \u00edzprofilt.<\/li>\n<li><strong>\u00dajrat\u00f6lthet\u0151 850mAh akkumul\u00e1tor USB-C-vel:<\/strong> Nagy kapacit\u00e1s\u00fa, 850mAh kapacit\u00e1s\u00fa akkumul\u00e1torral \u00e9s k\u00e9nyelmes USB-C gyorst\u00f6lt\u00e9ssel a minim\u00e1lis \u00e1ll\u00e1sid\u0151 \u00e9rdek\u00e9ben.<\/li>\n<li><strong>Nagyvonal\u00fa 50ML el\u0151re t\u00f6lt\u00f6tt E-folyad\u00e9k:<\/strong> Az \u00f6sszesen 50ML pr\u00e9mium e-folyad\u00e9kkal hosszabb ideig vape-ozhat \u00fajrat\u00f6lt\u00e9s n\u00e9lk\u00fcl.<\/li>\n<li><strong>\u00c1ll\u00edthat\u00f3 l\u00e9g\u00e1raml\u00e1s-szab\u00e1lyoz\u00e1s:<\/strong> Szem\u00e9lyre szabhatja a p\u00e1rologtat\u00e1si \u00e9lm\u00e9nyt a l\u00e9g\u00e1raml\u00e1s be\u00e1ll\u00edt\u00e1s\u00e1val az \u00d6n \u00e1ltal prefer\u00e1lt h\u00faz\u00e1shoz, a sz\u0171k MTL-t\u0151l a nyitottabb RDL-ig.<\/li>\n<li><strong>Kett\u0151s teljes\u00edtm\u00e9ny \u00fczemm\u00f3d (ECO \u00e9s Boost):<\/strong> Optimaliz\u00e1lja a vape sessiont a k\u00e9t k\u00fcl\u00f6nb\u00f6z\u0151 teljes\u00edtm\u00e9ny \u00fczemm\u00f3ddal: ECO \u00fczemm\u00f3d a kiegyens\u00falyozott \u00edz\u00e9rt \u00e9s a hosszabb akkumul\u00e1tor-\u00e9lettartam\u00e9rt, vagy a Boost \u00fczemm\u00f3d a fokozott g\u0151ztermel\u00e9s\u00e9rt \u00e9s az er\u0151sebb tal\u00e1lat\u00e9rt.<\/li>\n<li><strong>Tart\u00f3s \u00e9s st\u00edlusos f\u00e9mh\u00e9j:<\/strong> A Fizzy Twins pr\u00e9mium min\u0151s\u00e9g\u0171 f\u00e9mh\u00e9jjal k\u00e9sz\u00fclt, a Fizzy Twins tart\u00f3ss\u00e1got, eleg\u00e1ns eszt\u00e9tik\u00e1t \u00e9s k\u00e9nyelmes kezelhet\u0151s\u00e9get biztos\u00edt.<\/li>\n<\/ul>\n<h3><strong>Mi\u00e9rt v\u00e1lassza a Fizzy Twins Dual Flavor Vape 50000 Puffs-t?<\/strong><\/h3>\n<ul>\n<li><strong>K\u00e9t izgalmas \u00edz egyben:<\/strong> Mindk\u00e9t vil\u00e1g legjobbjait \u00e9lvezheti &#8211; egy h\u0171v\u00f6s \u00e9s \u00e9des vape egy fanyar \u00e9s sz\u00e9nsavas mellett, mindezt egyetlen k\u00e9sz\u00fcl\u00e9kben.<\/li>\n<li><strong>Hossz\u00fa \u00e9lettartam\u00fa teljes\u00edtm\u00e9ny:<\/strong> A k\u00e9sz\u00fcl\u00e9ket a hosszan tart\u00f3 \u00e9lvezetre tervezt\u00e9k.<\/li>\n<li><strong>Testreszabhat\u00f3 vaping-\u00e9lm\u00e9ny:<\/strong> Szab\u00e1lyozhat\u00f3 l\u00e9g\u00e1raml\u00e1si \u00e9s teljes\u00edtm\u00e9ny \u00fczemm\u00f3dok seg\u00edts\u00e9g\u00e9vel testre szabhatja a t\u00f6k\u00e9letes be\u00e1ll\u00edt\u00e1sokat.<\/li>\n<li><strong>Pr\u00e9mium min\u0151s\u00e9g \u00e9s k\u00e9nyelem:<\/strong> \u00c9lvezze a sziv\u00e1rg\u00e1smentes kialak\u00edt\u00e1st nagy e-folyad\u00e9k kapacit\u00e1ssal, amely z\u00f6kken\u0151mentes \u00e9s probl\u00e9mamentes p\u00e1rologtat\u00e1si \u00e9lm\u00e9nyt biztos\u00edt.<\/li>\n<\/ul>\n<\/div>\n<div>\n<h3><strong>Nikotin lehet\u0151s\u00e9gek:<\/strong><\/h3>\n<ul>\n<li><strong>2% (20mg\/mL) <\/strong>&#8211; Ide\u00e1lis a sima \u00e9s \u00edzletes p\u00e1rologtat\u00e1si \u00e9lm\u00e9nyhez.<\/li>\n<li><strong>5% (50mg\/mL) <\/strong>&#8211; Er\u0151sebb, kiel\u00e9g\u00edt\u0151bb torok\u00fct\u00e9sre tervezt\u00e9k.<\/li>\n<\/ul>\n<h3><strong>Fizzy Twins <\/strong>50000 Puffs \u00cdzek list\u00e1ja:<\/h3>\n<ol>\n<li><a href=\"https:\/\/shop.fizzyvape.com\/hu\/termek\/fizzy-twins-gorogdinnye-jeg-es-eper-kiwi-50000-puffs-eldobhato-vape\/\">G\u00f6r\u00f6gdinnye j\u00e9g \u00e9s eper kiwi<\/a><\/li>\n<li><a href=\"https:\/\/shop.fizzyvape.com\/hu\/termek\/fizzy-twins-strawberry-kiwi-pomegranate-red-bull-50000-puffs-eldobhato-vape\/\">Eper-kiwi gr\u00e1n\u00e1talma &amp; Red Bull<\/a><\/li>\n<li><a href=\"https:\/\/shop.fizzyvape.com\/hu\/termek\/fizzy-twins-blueberry-coconut-grape-ice-50000-puffs-eldobhato-vape\/\">\u00c1fonya k\u00f3kusz \u00e9s sz\u0151l\u0151 j\u00e9g<\/a><\/li>\n<li><a href=\"https:\/\/shop.fizzyvape.com\/hu\/termek\/fizzy-twins-blue-razz-lemonade-triple-melon-50000-puffs-eldobhato-vape\/\">K\u00e9k Razz limon\u00e1d\u00e9 \u00e9s tripla dinnye<\/a><\/li>\n<li><a href=\"https:\/\/shop.fizzyvape.com\/hu\/termek\/fizzy-twins-eper-gorogdinnye-es-afonya-jeg-50000-puffs-eldobhato-vape\/\">Eper g\u00f6r\u00f6gdinnye \u00e9s \u00e1fonya j\u00e9g<\/a><\/li>\n<li><a href=\"https:\/\/shop.fizzyvape.com\/hu\/termek\/fizzy-twins-peach-mango-watermelon-strawberry-banana-50000-puffs-eldobhato-vape\/\">\u0150szibarack Mang\u00f3 g\u00f6r\u00f6gdinnye \u00e9s eper ban\u00e1n<\/a><\/li>\n<li><a href=\"https:\/\/shop.fizzyvape.com\/hu\/termek\/fizzy-twins-malna-gorogdinnye-es-kiwi-golgotavirag-guava-50000-puff-eldobhato-vape\/\">M\u00e1lna G\u00f6r\u00f6gdinnye \u00e9s Kiwi Golgotavir\u00e1g Guava<\/a><\/li>\n<li><a href=\"https:\/\/shop.fizzyvape.com\/hu\/termek\/fizzy-twins-ananasz-barack-maracuja-es-afonya-malna-50000-puffs-eldobhato-vape\/\">Anan\u00e1sz \u0150szibarack Maracuja &amp; \u00c1fonya M\u00e1lna<\/a><\/li>\n<li><a href=\"https:\/\/shop.fizzyvape.com\/hu\/termek\/fizzy-twins-watermelon-ice-lemon-lime-50000-puffs-eldobhato-vape\/\">G\u00f6r\u00f6gdinnye j\u00e9g \u00e9s citromos lime<\/a><\/li>\n<li><a href=\"https:\/\/shop.fizzyvape.com\/hu\/termek\/fizzy-twins-mixed-berry-peach-ice-50000-puffs-eldobhato-vape\/\">Vegyes bogy\u00f3s gy\u00fcm\u00f6lcs \u00e9s barack j\u00e9g<\/a><\/li>\n<li><a href=\"https:\/\/shop.fizzyvape.com\/hu\/termek\/fizzy-twins-strawberry-ice-fizzy-cherry-50000-puffs-eldobhato-vape\/\">Eper j\u00e9g \u00e9s pezsg\u0151 cseresznye<\/a><\/li>\n<li><a href=\"https:\/\/shop.fizzyvape.com\/hu\/termek\/fizzy-twins-malna-limonade-es-eper-jeg-50000-puffs-eldobhato-vape\/\">M\u00e1lna limon\u00e1d\u00e9 \u00e9s eper j\u00e9g<\/a><\/li>\n<\/ol>\n<h3>GYIK a <strong>Fizzy Twins Strawberry Ice &amp; Fizzy Cherry 50000 Puffokr\u00f3l<\/strong>?Vape<\/h3>\n<p><strong>1. Hogyan v\u00e1lthatok \u00edzeket?<\/strong><br \/>\nNyomja meg az \u00edzv\u00e1lt\u00f3 gombot, hogy azonnal v\u00e1ltson az epres j\u00e9g \u00e9s a pezsg\u0151s cseresznye k\u00f6z\u00f6tt.<\/p>\n<p><strong>2. Mennyi ideig tart az 50 000 slukk?<\/strong><br \/>\n\u00c1tlagos felhaszn\u00e1l\u00f3kn\u00e1l \u00e1ltal\u00e1ban 3-4 h\u00e9t, er\u0151s g\u0151z\u00f6lg\u0151kn\u00e9l 2-3 h\u00e9t.<\/p>\n<p data-is-last-node=\"\" data-is-only-node=\"\"><strong>3. Mi a k\u00fcl\u00f6nbs\u00e9g az ECO \u00e9s a Boost \u00fczemm\u00f3d k\u00f6z\u00f6tt?<\/strong><br \/>\nAz ECO \u00fczemm\u00f3d kiegyens\u00falyozott \u00edzt \u00e9s akkumul\u00e1tor-\u00fczemid\u0151t k\u00edn\u00e1l. A Boost m\u00f3d n\u00f6veli a g\u0151z \u00e9s az \u00edz intenzit\u00e1s\u00e1t.<\/p>\n<\/div>\n","protected":false},"excerpt":{"rendered":"<p>A h\u0171v\u00f6s tal\u00e1lkozik a cs\u00edp\u0151ss\u00e9ggel ebben a kett\u0151s \u00edz\u0171 eldobhat\u00f3 vape-ben. \u00c9lvezze a jeges-\u00e9des Strawberry Ice-t \u00e9s a sz\u00e9nsavas-csereszny\u00e9s Cherry-t 50 000 puffol\u00e1ssal, kett\u0151s tart\u00e1llyal, \u00e1ll\u00edthat\u00f3 l\u00e9g\u00e1raml\u00e1ssal \u00e9s \u00fajrat\u00f6lthet\u0151 akkumul\u00e1torral &#8211; mindezt egyetlen eleg\u00e1ns eszk\u00f6zben.<\/p>\n","protected":false},"featured_media":18528,"comment_status":"open","ping_status":"closed","template":"","meta":[],"product_brand":[],"product_cat":[126,148],"product_tag":[142,137,143,138],"class_list":{"0":"post-19565","1":"product","2":"type-product","3":"status-publish","4":"has-post-thumbnail","6":"product_cat-fizzy-twins-50000-puffs-eldobhato-vape","7":"product_cat-ujratoltheto-eldobhato-vape","8":"product_tag-50k-puffs-hu","9":"product_tag-eldobhato-vape","10":"product_tag-kettos-iz","11":"product_tag-ujratoltheto","13":"first","14":"outofstock","15":"shipping-taxable","16":"purchasable","17":"product-type-variable"},"yoast_head":"<!-- This site is optimized with the Yoast SEO Premium plugin v24.8 (Yoast SEO v27.4) - https:\/\/yoast.com\/product\/yoast-seo-premium-wordpress\/ -->\n<title>Fizzy Twins 50000 Puffs Vape - Dual Flavor | \u00dajrat\u00f6lthet\u0151<\/title>\n<meta name=\"description\" content=\"Fizzy Twins Strawberry Ice &amp; Fizzy Cherry 50000 Puffs Vape - Kett\u0151s \u00edz\u0171 eldobhat\u00f3 vape | \u00dajrat\u00f6lthet\u0151 \u00e9s \u00e1ll\u00edthat\u00f3 l\u00e9g\u00e1raml\u00e1s\" \/>\n<meta name=\"robots\" content=\"index, follow, max-snippet:-1, max-image-preview:large, max-video-preview:-1\" \/>\n<link rel=\"canonical\" href=\"https:\/\/shop.fizzyvape.com\/hu\/termek\/fizzy-twins-strawberry-ice-fizzy-cherry-50000-puffs-eldobhato-vape\/\" \/>\n<meta property=\"og:locale\" content=\"hu_HU\" \/>\n<meta property=\"og:type\" content=\"article\" \/>\n<meta property=\"og:title\" content=\"Fizzy Twins Strawberry Ice &amp; Fizzy Cherry - 50000 Puffs Eldobhat\u00f3 Vape\" \/>\n<meta property=\"og:description\" content=\"Fizzy Twins Strawberry Ice &amp; Fizzy Cherry 50000 Puffs Vape - Kett\u0151s \u00edz\u0171 eldobhat\u00f3 vape | \u00dajrat\u00f6lthet\u0151 \u00e9s \u00e1ll\u00edthat\u00f3 l\u00e9g\u00e1raml\u00e1s\" \/>\n<meta property=\"og:url\" content=\"https:\/\/shop.fizzyvape.com\/hu\/termek\/fizzy-twins-strawberry-ice-fizzy-cherry-50000-puffs-eldobhato-vape\/\" \/>\n<meta property=\"og:site_name\" content=\"shop.fizzyvape.com\" \/>\n<meta property=\"article:modified_time\" content=\"2025-12-23T08:33:47+00:00\" \/>\n<meta property=\"og:image\" content=\"https:\/\/shop.fizzyvape.com\/wp-content\/uploads\/2025\/05\/Strawberry-Ice-Fizzy-Cherry-50000-Puffs-Disposable-Vape.webp\" \/>\n\t<meta property=\"og:image:width\" content=\"800\" \/>\n\t<meta property=\"og:image:height\" content=\"800\" \/>\n\t<meta property=\"og:image:type\" content=\"image\/webp\" \/>\n<meta name=\"twitter:card\" content=\"summary_large_image\" \/>\n<meta name=\"twitter:label1\" content=\"Becs\u00fclt olvas\u00e1si id\u0151\" \/>\n\t<meta name=\"twitter:data1\" content=\"3 perc\" \/>\n<script type=\"application\/ld+json\" class=\"yoast-schema-graph\">{\"@context\":\"https:\\\/\\\/schema.org\",\"@graph\":[{\"@type\":\"WebPage\",\"@id\":\"https:\\\/\\\/shop.fizzyvape.com\\\/hu\\\/termek\\\/fizzy-twins-strawberry-ice-fizzy-cherry-50000-puffs-eldobhato-vape\\\/\",\"url\":\"https:\\\/\\\/shop.fizzyvape.com\\\/hu\\\/termek\\\/fizzy-twins-strawberry-ice-fizzy-cherry-50000-puffs-eldobhato-vape\\\/\",\"name\":\"Fizzy Twins 50000 Puffs Vape - Dual Flavor | \u00dajrat\u00f6lthet\u0151\",\"isPartOf\":{\"@id\":\"https:\\\/\\\/shop.fizzyvape.com\\\/hu\\\/#website\"},\"primaryImageOfPage\":{\"@id\":\"https:\\\/\\\/shop.fizzyvape.com\\\/hu\\\/termek\\\/fizzy-twins-strawberry-ice-fizzy-cherry-50000-puffs-eldobhato-vape\\\/#primaryimage\"},\"image\":{\"@id\":\"https:\\\/\\\/shop.fizzyvape.com\\\/hu\\\/termek\\\/fizzy-twins-strawberry-ice-fizzy-cherry-50000-puffs-eldobhato-vape\\\/#primaryimage\"},\"thumbnailUrl\":\"https:\\\/\\\/shop.fizzyvape.com\\\/wp-content\\\/uploads\\\/2025\\\/05\\\/Strawberry-Ice-Fizzy-Cherry-50000-Puffs-Disposable-Vape.webp\",\"datePublished\":\"2025-05-15T07:08:19+00:00\",\"dateModified\":\"2025-12-23T08:33:47+00:00\",\"description\":\"Fizzy Twins Strawberry Ice & Fizzy Cherry 50000 Puffs Vape - Kett\u0151s \u00edz\u0171 eldobhat\u00f3 vape | \u00dajrat\u00f6lthet\u0151 \u00e9s \u00e1ll\u00edthat\u00f3 l\u00e9g\u00e1raml\u00e1s\",\"breadcrumb\":{\"@id\":\"https:\\\/\\\/shop.fizzyvape.com\\\/hu\\\/termek\\\/fizzy-twins-strawberry-ice-fizzy-cherry-50000-puffs-eldobhato-vape\\\/#breadcrumb\"},\"inLanguage\":\"hu\",\"potentialAction\":[{\"@type\":\"ReadAction\",\"target\":[\"https:\\\/\\\/shop.fizzyvape.com\\\/hu\\\/termek\\\/fizzy-twins-strawberry-ice-fizzy-cherry-50000-puffs-eldobhato-vape\\\/\"]}]},{\"@type\":\"ImageObject\",\"inLanguage\":\"hu\",\"@id\":\"https:\\\/\\\/shop.fizzyvape.com\\\/hu\\\/termek\\\/fizzy-twins-strawberry-ice-fizzy-cherry-50000-puffs-eldobhato-vape\\\/#primaryimage\",\"url\":\"https:\\\/\\\/shop.fizzyvape.com\\\/wp-content\\\/uploads\\\/2025\\\/05\\\/Strawberry-Ice-Fizzy-Cherry-50000-Puffs-Disposable-Vape.webp\",\"contentUrl\":\"https:\\\/\\\/shop.fizzyvape.com\\\/wp-content\\\/uploads\\\/2025\\\/05\\\/Strawberry-Ice-Fizzy-Cherry-50000-Puffs-Disposable-Vape.webp\",\"width\":800,\"height\":800,\"caption\":\"Strawberry Ice &amp; Fizzy Cherry 50000 Puffs eldobhat\u00f3 Vape\"},{\"@type\":\"BreadcrumbList\",\"@id\":\"https:\\\/\\\/shop.fizzyvape.com\\\/hu\\\/termek\\\/fizzy-twins-strawberry-ice-fizzy-cherry-50000-puffs-eldobhato-vape\\\/#breadcrumb\",\"itemListElement\":[{\"@type\":\"ListItem\",\"position\":1,\"name\":\"\u9996\u9875\",\"item\":\"https:\\\/\\\/shop.fizzyvape.com\\\/hu\\\/\"},{\"@type\":\"ListItem\",\"position\":2,\"name\":\"Shop\",\"item\":\"https:\\\/\\\/shop.fizzyvape.com\\\/shop\\\/\"},{\"@type\":\"ListItem\",\"position\":3,\"name\":\"Fizzy Twins Strawberry Ice &amp; Fizzy Cherry &#8211; 50000 Puffs Eldobhat\u00f3 Vape\"}]},{\"@type\":\"WebSite\",\"@id\":\"https:\\\/\\\/shop.fizzyvape.com\\\/hu\\\/#website\",\"url\":\"https:\\\/\\\/shop.fizzyvape.com\\\/hu\\\/\",\"name\":\"shop.fizzyvape.com\",\"description\":\"The Best Disposable Vape In Europe | 10000 - 60000 Puffs  | Free Shipping\",\"potentialAction\":[{\"@type\":\"SearchAction\",\"target\":{\"@type\":\"EntryPoint\",\"urlTemplate\":\"https:\\\/\\\/shop.fizzyvape.com\\\/hu\\\/?s={search_term_string}\"},\"query-input\":{\"@type\":\"PropertyValueSpecification\",\"valueRequired\":true,\"valueName\":\"search_term_string\"}}],\"inLanguage\":\"hu\"}]}<\/script>\n<!-- \/ Yoast SEO Premium plugin. -->","yoast_head_json":{"title":"Fizzy Twins 50000 Puffs Vape - Dual Flavor | \u00dajrat\u00f6lthet\u0151","description":"Fizzy Twins Strawberry Ice & Fizzy Cherry 50000 Puffs Vape - Kett\u0151s \u00edz\u0171 eldobhat\u00f3 vape | \u00dajrat\u00f6lthet\u0151 \u00e9s \u00e1ll\u00edthat\u00f3 l\u00e9g\u00e1raml\u00e1s","robots":{"index":"index","follow":"follow","max-snippet":"max-snippet:-1","max-image-preview":"max-image-preview:large","max-video-preview":"max-video-preview:-1"},"canonical":"https:\/\/shop.fizzyvape.com\/hu\/termek\/fizzy-twins-strawberry-ice-fizzy-cherry-50000-puffs-eldobhato-vape\/","og_locale":"hu_HU","og_type":"article","og_title":"Fizzy Twins Strawberry Ice &amp; Fizzy Cherry - 50000 Puffs Eldobhat\u00f3 Vape","og_description":"Fizzy Twins Strawberry Ice & Fizzy Cherry 50000 Puffs Vape - Kett\u0151s \u00edz\u0171 eldobhat\u00f3 vape | \u00dajrat\u00f6lthet\u0151 \u00e9s \u00e1ll\u00edthat\u00f3 l\u00e9g\u00e1raml\u00e1s","og_url":"https:\/\/shop.fizzyvape.com\/hu\/termek\/fizzy-twins-strawberry-ice-fizzy-cherry-50000-puffs-eldobhato-vape\/","og_site_name":"shop.fizzyvape.com","article_modified_time":"2025-12-23T08:33:47+00:00","og_image":[{"width":800,"height":800,"url":"https:\/\/shop.fizzyvape.com\/wp-content\/uploads\/2025\/05\/Strawberry-Ice-Fizzy-Cherry-50000-Puffs-Disposable-Vape.webp","type":"image\/webp"}],"twitter_card":"summary_large_image","twitter_misc":{"Becs\u00fclt olvas\u00e1si id\u0151":"3 perc"},"schema":{"@context":"https:\/\/schema.org","@graph":[{"@type":"WebPage","@id":"https:\/\/shop.fizzyvape.com\/hu\/termek\/fizzy-twins-strawberry-ice-fizzy-cherry-50000-puffs-eldobhato-vape\/","url":"https:\/\/shop.fizzyvape.com\/hu\/termek\/fizzy-twins-strawberry-ice-fizzy-cherry-50000-puffs-eldobhato-vape\/","name":"Fizzy Twins 50000 Puffs Vape - Dual Flavor | \u00dajrat\u00f6lthet\u0151","isPartOf":{"@id":"https:\/\/shop.fizzyvape.com\/hu\/#website"},"primaryImageOfPage":{"@id":"https:\/\/shop.fizzyvape.com\/hu\/termek\/fizzy-twins-strawberry-ice-fizzy-cherry-50000-puffs-eldobhato-vape\/#primaryimage"},"image":{"@id":"https:\/\/shop.fizzyvape.com\/hu\/termek\/fizzy-twins-strawberry-ice-fizzy-cherry-50000-puffs-eldobhato-vape\/#primaryimage"},"thumbnailUrl":"https:\/\/shop.fizzyvape.com\/wp-content\/uploads\/2025\/05\/Strawberry-Ice-Fizzy-Cherry-50000-Puffs-Disposable-Vape.webp","datePublished":"2025-05-15T07:08:19+00:00","dateModified":"2025-12-23T08:33:47+00:00","description":"Fizzy Twins Strawberry Ice & Fizzy Cherry 50000 Puffs Vape - Kett\u0151s \u00edz\u0171 eldobhat\u00f3 vape | \u00dajrat\u00f6lthet\u0151 \u00e9s \u00e1ll\u00edthat\u00f3 l\u00e9g\u00e1raml\u00e1s","breadcrumb":{"@id":"https:\/\/shop.fizzyvape.com\/hu\/termek\/fizzy-twins-strawberry-ice-fizzy-cherry-50000-puffs-eldobhato-vape\/#breadcrumb"},"inLanguage":"hu","potentialAction":[{"@type":"ReadAction","target":["https:\/\/shop.fizzyvape.com\/hu\/termek\/fizzy-twins-strawberry-ice-fizzy-cherry-50000-puffs-eldobhato-vape\/"]}]},{"@type":"ImageObject","inLanguage":"hu","@id":"https:\/\/shop.fizzyvape.com\/hu\/termek\/fizzy-twins-strawberry-ice-fizzy-cherry-50000-puffs-eldobhato-vape\/#primaryimage","url":"https:\/\/shop.fizzyvape.com\/wp-content\/uploads\/2025\/05\/Strawberry-Ice-Fizzy-Cherry-50000-Puffs-Disposable-Vape.webp","contentUrl":"https:\/\/shop.fizzyvape.com\/wp-content\/uploads\/2025\/05\/Strawberry-Ice-Fizzy-Cherry-50000-Puffs-Disposable-Vape.webp","width":800,"height":800,"caption":"Strawberry Ice &amp; Fizzy Cherry 50000 Puffs eldobhat\u00f3 Vape"},{"@type":"BreadcrumbList","@id":"https:\/\/shop.fizzyvape.com\/hu\/termek\/fizzy-twins-strawberry-ice-fizzy-cherry-50000-puffs-eldobhato-vape\/#breadcrumb","itemListElement":[{"@type":"ListItem","position":1,"name":"\u9996\u9875","item":"https:\/\/shop.fizzyvape.com\/hu\/"},{"@type":"ListItem","position":2,"name":"Shop","item":"https:\/\/shop.fizzyvape.com\/shop\/"},{"@type":"ListItem","position":3,"name":"Fizzy Twins Strawberry Ice &amp; Fizzy Cherry &#8211; 50000 Puffs Eldobhat\u00f3 Vape"}]},{"@type":"WebSite","@id":"https:\/\/shop.fizzyvape.com\/hu\/#website","url":"https:\/\/shop.fizzyvape.com\/hu\/","name":"shop.fizzyvape.com","description":"The Best Disposable Vape In Europe | 10000 - 60000 Puffs  | Free Shipping","potentialAction":[{"@type":"SearchAction","target":{"@type":"EntryPoint","urlTemplate":"https:\/\/shop.fizzyvape.com\/hu\/?s={search_term_string}"},"query-input":{"@type":"PropertyValueSpecification","valueRequired":true,"valueName":"search_term_string"}}],"inLanguage":"hu"}]}},"tiered_pricing_type":"fixed","tiered_pricing_fixed_rules":[],"tiered_pricing_product_settings":{"layout":"default","base_unit_name":{"singular":null,"plural":null},"default_variation":null},"tiered_pricing_minimum_quantity":null,"tiered_pricing_roles_data":[],"tiered_pricing_percentage_rules":[],"tiered_pricing_maximum_quantity":null,"tiered_pricing_quantity_step":null,"_links":{"self":[{"href":"https:\/\/shop.fizzyvape.com\/hu\/wp-json\/wp\/v2\/product\/19565","targetHints":{"allow":["GET"]}}],"collection":[{"href":"https:\/\/shop.fizzyvape.com\/hu\/wp-json\/wp\/v2\/product"}],"about":[{"href":"https:\/\/shop.fizzyvape.com\/hu\/wp-json\/wp\/v2\/types\/product"}],"replies":[{"embeddable":true,"href":"https:\/\/shop.fizzyvape.com\/hu\/wp-json\/wp\/v2\/comments?post=19565"}],"version-history":[{"count":0,"href":"https:\/\/shop.fizzyvape.com\/hu\/wp-json\/wp\/v2\/product\/19565\/revisions"}],"wp:featuredmedia":[{"embeddable":true,"href":"https:\/\/shop.fizzyvape.com\/hu\/wp-json\/wp\/v2\/media\/18528"}],"wp:attachment":[{"href":"https:\/\/shop.fizzyvape.com\/hu\/wp-json\/wp\/v2\/media?parent=19565"}],"wp:term":[{"taxonomy":"product_brand","embeddable":true,"href":"https:\/\/shop.fizzyvape.com\/hu\/wp-json\/wp\/v2\/product_brand?post=19565"},{"taxonomy":"product_cat","embeddable":true,"href":"https:\/\/shop.fizzyvape.com\/hu\/wp-json\/wp\/v2\/product_cat?post=19565"},{"taxonomy":"product_tag","embeddable":true,"href":"https:\/\/shop.fizzyvape.com\/hu\/wp-json\/wp\/v2\/product_tag?post=19565"}],"curies":[{"name":"wp","href":"https:\/\/api.w.org\/{rel}","templated":true}]}}