{"id":19580,"date":"2025-05-15T03:58:18","date_gmt":"2025-05-15T03:58:18","guid":{"rendered":"https:\/\/shop.fizzyvape.com\/product\/fizzy-nova-plus-gorogdinnye-jeg-40000-puffs-eldobhato-vape\/"},"modified":"2025-10-29T02:21:41","modified_gmt":"2025-10-29T02:21:41","slug":"fizzy-nova-plus-gorogdinnye-jeg-40000-puffs-eldobhato-vape","status":"publish","type":"product","link":"https:\/\/shop.fizzyvape.com\/hu\/termek\/fizzy-nova-plus-gorogdinnye-jeg-40000-puffs-eldobhato-vape\/","title":{"rendered":"Fizzy Nova Plus g\u00f6r\u00f6gdinnye j\u00e9g &#8211; 40000 Puffs eldobhat\u00f3 Vape"},"content":{"rendered":"<div>\n<h1>Fizzy Nova Plus 40000 Puffs Watermelon Ice Vape &#8211; Pr\u00e9mium sarkvid\u00e9ki gy\u00fcm\u00f6lcs\u00f6s eldobhat\u00f3 Vape<\/h1>\n<p>Tapasztald meg a t\u00f6k\u00e9letes ny\u00e1ri friss\u00edt\u0151 \u00e9lm\u00e9nyt a <strong>Fizzy Nova Plus Watermelon Ice 40000 puffanccsal<\/strong>. Ez a pr\u00e9mium eldobhat\u00f3 vape szakszer\u0171en \u00f6tv\u00f6zi a napon \u00e9rlelt g\u00f6r\u00f6gdinnye l\u00e9d\u00fas \u00e9dess\u00e9g\u00e9t egy h\u0171v\u00f6s jeges robban\u00e1ssal, \u00edgy biztos\u00edtva egy tart\u00f3san friss\u00edt\u0151, tart\u00f3s vaping \u00e9lm\u00e9nyt. A kiv\u00e9teles \u00e9lettartamra \u00e9s vibr\u00e1l\u00f3 \u00edzre tervezett Fizzy Nova Plus \u00faj m\u00e9rc\u00e9t \u00e1ll\u00edt fel a k\u00e9nyelem \u00e9s az el\u00e9gedetts\u00e9g ter\u00e9n az eldobhat\u00f3 vap\u00e9k k\u00f6z\u00f6tt.  <\/p>\n<h2>Kulcsfontoss\u00e1g\u00fa jellemz\u0151k:<\/h2>\n<ul>\n<li><strong>P\u00e1ratlan 40,000 Puff:<\/strong> Az ipar\u00e1gban vezet\u0151 puffsz\u00e1m hetekig tart\u00f3 megszak\u00edt\u00e1s n\u00e9lk\u00fcli p\u00e1rologtat\u00e1si \u00e9lvezetet biztos\u00edt, an\u00e9lk\u00fcl, hogy cser\u00e9re lenne sz\u00fcks\u00e9g.<\/li>\n<li><strong>Massz\u00edv 40mL el\u0151re t\u00f6lt\u00f6tt E-Liquid:<\/strong> Nagy e-folyad\u00e9k-kapacit\u00e1s biztos\u00edtja a hosszan tart\u00f3 \u00edzt \u00e9s a probl\u00e9mamentes haszn\u00e1latot.<\/li>\n<li><strong>Fokozott \u00edz \u00e9s g\u0151z (kett\u0151s h\u00e1l\u00f3s tekercs):<\/strong> A fejlett kett\u0151s h\u00e1l\u00f3s tekercs technol\u00f3gia gyorsabb, egyenletesebb f\u0171t\u00e9st biztos\u00edt a gazdagabb g\u00f6r\u00f6gdinnye-j\u00e9g \u00edz \u00e9s a s\u0171r\u0171 g\u0151zfelh\u0151k \u00e9rdek\u00e9ben.<\/li>\n<li><strong>Testreszabhat\u00f3 szaggat\u00e1s (Eco \u00e9s Turbo \u00fczemm\u00f3dok):<\/strong> V\u00e1lasszon az Eco m\u00f3d k\u00f6z\u00fcl az egyenletesebb, akkumul\u00e1tor-hat\u00e9konyabb p\u00e1rol\u00e1shoz vagy a Turbo m\u00f3d k\u00f6z\u00fcl az er\u0151sebb \u00edz \u00e9s g\u0151ztermel\u00e9shez.<\/li>\n<li><strong>Intelligens fel\u00fcgyelet (intelligens LED k\u00e9perny\u0151):<\/strong> Val\u00f3s idej\u0171 akkumul\u00e1tor-\u00fczemid\u0151 \u00e9s e-l\u00e9 szint kijelz\u00e9s a k\u00e9sz\u00fcl\u00e9k egyszer\u0171 kezel\u00e9s\u00e9hez.<\/li>\n<li><strong>Gyorst\u00f6lt\u00e9s (C t\u00edpus\u00fa gyorst\u00f6lt\u00e9s):<\/strong> A nagy teljes\u00edtm\u00e9ny\u0171 850mAh-s akkumul\u00e1tor t\u00e1mogatja a gyors USB-C t\u00f6lt\u00e9st, \u00e9s mind\u00f6ssze 2 \u00f3ra alatt teljesen felt\u00f6lt\u0151dik.<\/li>\n<li><strong>Pr\u00e9mium \u00e9p\u00edt\u00e9si min\u0151s\u00e9g:<\/strong> A tart\u00f3s PCTG konstrukci\u00f3 eleg\u00e1ns f\u00e9mes kivitelben \u00f6tv\u00f6zi a st\u00edlust \u00e9s a strapab\u00edr\u00f3s\u00e1got a mindennapi haszn\u00e1lathoz.<\/li>\n<\/ul>\n<h2>Mi\u00e9rt v\u00e1lassza a Fizzy Nova Plus g\u00f6r\u00f6gdinnye jeget?<\/h2>\n<ul>\n<li><strong>Leghosszabb \u00e9lettartam\u00fa teljes\u00edtm\u00e9ny:<\/strong> Ez a k\u00e9sz\u00fcl\u00e9k 40 000 puffan\u00e1ssal fel\u00fclm\u00falja a legt\u00f6bb hagyom\u00e1nyos eldobhat\u00f3 k\u00e9sz\u00fcl\u00e9ket, nagyszer\u0171 \u00e9rt\u00e9ket \u00e9s k\u00e9nyelmet biztos\u00edtva.<\/li>\n<li><strong>Mesterien kidolgozott \u00edzek:<\/strong> Ez az \u00edz t\u00f6k\u00e9letesen egyens\u00falyozza a l\u00e9d\u00fas g\u00f6r\u00f6gdinnye \u00e9dess\u00e9g\u00e9t a friss\u00edt\u0151 jeges mentolos befejez\u00e9ssel.<\/li>\n<li><strong>Fejlett technol\u00f3gia:<\/strong> A kett\u0151s h\u00e1l\u00f3s tekercsek \u00e9s az intelligens kett\u0151s \u00fczemm\u00f3d\u00fa rendszer sima \u00e9s \u00edzletes, az \u00d6n preferenci\u00e1ira szabott vape-t biztos\u00edt.<\/li>\n<li><strong>Megb\u00edzhat\u00f3 \u00e9s hordozhat\u00f3:<\/strong> A robusztus fel\u00e9p\u00edt\u00e9s \u00e9s a sziv\u00e1rg\u00e1smentes kialak\u00edt\u00e1s ide\u00e1lis az \u00fatk\u00f6zbeni p\u00e1rologtat\u00e1shoz, mindenf\u00e9le ki\u00f6ml\u00e9sek vagy s\u00e9r\u00fcl\u00e9sek agg\u00e1lyai n\u00e9lk\u00fcl.<\/li>\n<\/ul>\n<\/div>\n<div>\n<h3><strong>Fizzy Nova Plus <\/strong>40000 Puffs \u00cdzek list\u00e1ja:<\/h3>\n<ol>\n<li><a href=\"https:\/\/shop.fizzyvape.com\/termek\/fizzy-nova-plus-strawberry-kiwi-40000-puffs-disposable-vape\/\">Eper Kiwi<\/a><\/li>\n<li><a href=\"https:\/\/shop.fizzyvape.com\/termek\/fizzy-nova-plus-blueberry-ice-40000-puffs-disposable-vape\/\">\u00c1fonya j\u00e9g<\/a><\/li>\n<li><a href=\"https:\/\/shop.fizzyvape.com\/hu\/termek\/fizzy-nova-plus-gorogdinnye-jeg-40000-puffs-eldobhato-vape\/\">G\u00f6r\u00f6gdinnye j\u00e9g<\/a><\/li>\n<li><a href=\"https:\/\/shop.fizzyvape.com\/termek\/fizzy-nova-plus-peach-mango-watermelon-40000-puffs-disposable-vape\/\">Barack mang\u00f3 g\u00f6r\u00f6gdinnye<\/a><\/li>\n<li><a href=\"https:\/\/shop.fizzyvape.com\/termek\/fizzy-nova-plus-kiwi-passion-fruit-guava-40000-puffs-disposable-vape\/\">Kiwi Passi\u00f3gy\u00fcm\u00f6lcs Guava<\/a><\/li>\n<li><a href=\"https:\/\/shop.fizzyvape.com\/hu\/termek\/fizzy-nova-plus-malna-citrom-40000-puffs-eldobhato-vape\/\">M\u00e1lna citrom<\/a><\/li>\n<li><a href=\"https:\/\/shop.fizzyvape.com\/hu\/termek\/fizzy-nova-plus-triple-berry-40000-puffs-eldobhato-vape\/\">H\u00e1romszoros bogy\u00f3<\/a><\/li>\n<li><a href=\"https:\/\/shop.fizzyvape.com\/termek\/fizzy-nova-plus-peach-ice-40000-puffs-disposable-vape\/\">Barack j\u00e9g<\/a><\/li>\n<li><a href=\"https:\/\/shop.fizzyvape.com\/termek\/fizzy-grape-lime-40000-puffs-disposable-vape\/\">sz\u0151l\u0151 lime<\/a><\/li>\n<li><a href=\"https:\/\/shop.fizzyvape.com\/termek\/fizzy-nova-plus-blue-razz-lemonade-40000-puffs-disposable-vape\/\">Blue Razz limon\u00e1d\u00e9<\/a><\/li>\n<li><a href=\"https:\/\/shop.fizzyvape.com\/termek\/fizzy-nova-plus-strawberry-ice-40000-puffs-disposable-vape\/\">Eper j\u00e9g<\/a><\/li>\n<li><a href=\"https:\/\/shop.fizzyvape.com\/termek\/fizzy-nova-plus-blueberry-coconut-40000-puffs-disposable-vape\/\">\u00c1fonya k\u00f3kusz<\/a><\/li>\n<\/ol>\n<h3>GYIK a Fizzy Nova Plus 40000 Puffs Watermelon Ice Vape-r\u0151l<\/h3>\n<p><strong>Mennyi ideig tart a Fizzy Nova Plus g\u00f6r\u00f6gdinnye j\u00e9g?<\/strong><br \/>\nNorm\u00e1l haszn\u00e1lat mellett \u00e1ltal\u00e1ban 4-6 h\u00e9tig tart, \u00e9s ak\u00e1r 40 000 sima sz\u00edv\u00e1st biztos\u00edt a hosszan tart\u00f3 el\u00e9gedetts\u00e9g \u00e9rdek\u00e9ben.<\/p>\n<p><strong>Milyen \u00edz\u00e9lm\u00e9nyt ny\u00fajt?<\/strong><br \/>\n\u00c9lvezze a friss g\u00f6r\u00f6gdinnye ropog\u00f3s, l\u00e9d\u00fas \u00edz\u00e9t h\u0171s\u00edt\u0151 mentolos robban\u00e1ssal kombin\u00e1lva az \u00e9des \u00e9s jeges p\u00e1rologtat\u00e1si \u00e9rz\u00e9s\u00e9rt.<\/p>\n<p><strong>Milyen nikotin er\u0151ss\u00e9g\u0171 term\u00e9kek \u00e1llnak rendelkez\u00e9sre?<\/strong><br \/>\n2%-os (20 mg\/l) a k\u00f6nnyebb vape \u00e9s 5%-os (50 mg\/l) az er\u0151sebb torok\u00fct\u00e9s\u00e9rt, mind az alkalmi, mind a tapasztalt felhaszn\u00e1l\u00f3k sz\u00e1m\u00e1ra.<\/p>\n<p><strong>Mi k\u00fcl\u00f6nb\u00f6zteti meg a t\u00f6bbi eldobhat\u00f3 term\u00e9kt\u0151l?<\/strong><br \/>\nA kett\u0151s h\u00e1l\u00f3s tekercsek gazdagabb \u00edzt \u00e9s sim\u00e1bb tal\u00e1latokat biztos\u00edtanak, m\u00edg az Eco \u00e9s Turbo \u00fczemm\u00f3dok seg\u00edts\u00e9g\u00e9vel testre szabhatja az akkumul\u00e1tor \u00e9lettartam\u00e1t \u00e9s a g\u0151z intenzit\u00e1s\u00e1t.<\/p>\n<\/div>\n","protected":false},"excerpt":{"rendered":"<p>A Fizzy Nova Plus Watermelon Ice 40 000 jeges, sima sz\u00edv\u00e1st biztos\u00edt l\u00e9d\u00fas g\u00f6r\u00f6gdinnye \u00edzzel, kett\u0151s h\u00e1l\u00f3s tekercsekkel, intelligens LED kijelz\u0151vel \u00e9s USB-C gyorst\u00f6lt\u00e9ssel.<\/p>\n","protected":false},"featured_media":18512,"comment_status":"open","ping_status":"closed","template":"","meta":[],"product_brand":[],"product_cat":[160,148],"product_tag":[158,137,138],"class_list":{"0":"post-19580","1":"product","2":"type-product","3":"status-publish","4":"has-post-thumbnail","6":"product_cat-fizzy-nova-plus-40000-puffs-eldobhato-vape","7":"product_cat-ujratoltheto-eldobhato-vape","8":"product_tag-40k-puffs","9":"product_tag-eldobhato-vape","10":"product_tag-ujratoltheto","12":"first","13":"outofstock","14":"shipping-taxable","15":"purchasable","16":"product-type-variable"},"yoast_head":"<!-- This site is optimized with the Yoast SEO Premium plugin v24.8 (Yoast SEO v27.4) - https:\/\/yoast.com\/product\/yoast-seo-premium-wordpress\/ -->\n<title>Fizzy Nova Plus 40000 Puffs g\u00f6r\u00f6gdinnye j\u00e9g Vape<\/title>\n<meta name=\"description\" content=\"Watermelon Ice eldobhat\u00f3 vape 40.000 puffal. \u00c9lvezze a h\u0171v\u00f6s, l\u00e9d\u00fas \u00edzt, a kett\u0151s h\u00e1l\u00f3s tekercseket, a LED kijelz\u0151t \u00e9s a gyors USB-C t\u00f6lt\u00e9st.\" \/>\n<meta name=\"robots\" content=\"index, follow, max-snippet:-1, max-image-preview:large, max-video-preview:-1\" \/>\n<link rel=\"canonical\" href=\"https:\/\/shop.fizzyvape.com\/hu\/termek\/fizzy-nova-plus-gorogdinnye-jeg-40000-puffs-eldobhato-vape\/\" \/>\n<meta property=\"og:locale\" content=\"hu_HU\" \/>\n<meta property=\"og:type\" content=\"article\" \/>\n<meta property=\"og:title\" content=\"Fizzy Nova Plus g\u00f6r\u00f6gdinnye j\u00e9g - 40000 Puffs eldobhat\u00f3 Vape\" \/>\n<meta property=\"og:description\" content=\"Watermelon Ice eldobhat\u00f3 vape 40.000 puffal. \u00c9lvezze a h\u0171v\u00f6s, l\u00e9d\u00fas \u00edzt, a kett\u0151s h\u00e1l\u00f3s tekercseket, a LED kijelz\u0151t \u00e9s a gyors USB-C t\u00f6lt\u00e9st.\" \/>\n<meta property=\"og:url\" content=\"https:\/\/shop.fizzyvape.com\/hu\/termek\/fizzy-nova-plus-gorogdinnye-jeg-40000-puffs-eldobhato-vape\/\" \/>\n<meta property=\"og:site_name\" content=\"shop.fizzyvape.com\" \/>\n<meta property=\"article:modified_time\" content=\"2025-10-29T02:21:41+00:00\" \/>\n<meta property=\"og:image\" content=\"https:\/\/shop.fizzyvape.com\/wp-content\/uploads\/2025\/05\/Watermelon-Ice-40000-puffs.webp\" \/>\n\t<meta property=\"og:image:width\" content=\"800\" \/>\n\t<meta property=\"og:image:height\" content=\"800\" \/>\n\t<meta property=\"og:image:type\" content=\"image\/webp\" \/>\n<meta name=\"twitter:card\" content=\"summary_large_image\" \/>\n<meta name=\"twitter:label1\" content=\"Becs\u00fclt olvas\u00e1si id\u0151\" \/>\n\t<meta name=\"twitter:data1\" content=\"4 perc\" \/>\n<script type=\"application\/ld+json\" class=\"yoast-schema-graph\">{\"@context\":\"https:\\\/\\\/schema.org\",\"@graph\":[{\"@type\":\"WebPage\",\"@id\":\"https:\\\/\\\/shop.fizzyvape.com\\\/hu\\\/termek\\\/fizzy-nova-plus-gorogdinnye-jeg-40000-puffs-eldobhato-vape\\\/\",\"url\":\"https:\\\/\\\/shop.fizzyvape.com\\\/hu\\\/termek\\\/fizzy-nova-plus-gorogdinnye-jeg-40000-puffs-eldobhato-vape\\\/\",\"name\":\"Fizzy Nova Plus 40000 Puffs g\u00f6r\u00f6gdinnye j\u00e9g Vape\",\"isPartOf\":{\"@id\":\"https:\\\/\\\/shop.fizzyvape.com\\\/hu\\\/#website\"},\"primaryImageOfPage\":{\"@id\":\"https:\\\/\\\/shop.fizzyvape.com\\\/hu\\\/termek\\\/fizzy-nova-plus-gorogdinnye-jeg-40000-puffs-eldobhato-vape\\\/#primaryimage\"},\"image\":{\"@id\":\"https:\\\/\\\/shop.fizzyvape.com\\\/hu\\\/termek\\\/fizzy-nova-plus-gorogdinnye-jeg-40000-puffs-eldobhato-vape\\\/#primaryimage\"},\"thumbnailUrl\":\"https:\\\/\\\/shop.fizzyvape.com\\\/wp-content\\\/uploads\\\/2025\\\/05\\\/Watermelon-Ice-40000-puffs.webp\",\"datePublished\":\"2025-05-15T03:58:18+00:00\",\"dateModified\":\"2025-10-29T02:21:41+00:00\",\"description\":\"Watermelon Ice eldobhat\u00f3 vape 40.000 puffal. \u00c9lvezze a h\u0171v\u00f6s, l\u00e9d\u00fas \u00edzt, a kett\u0151s h\u00e1l\u00f3s tekercseket, a LED kijelz\u0151t \u00e9s a gyors USB-C t\u00f6lt\u00e9st.\",\"breadcrumb\":{\"@id\":\"https:\\\/\\\/shop.fizzyvape.com\\\/hu\\\/termek\\\/fizzy-nova-plus-gorogdinnye-jeg-40000-puffs-eldobhato-vape\\\/#breadcrumb\"},\"inLanguage\":\"hu\",\"potentialAction\":[{\"@type\":\"ReadAction\",\"target\":[\"https:\\\/\\\/shop.fizzyvape.com\\\/hu\\\/termek\\\/fizzy-nova-plus-gorogdinnye-jeg-40000-puffs-eldobhato-vape\\\/\"]}]},{\"@type\":\"ImageObject\",\"inLanguage\":\"hu\",\"@id\":\"https:\\\/\\\/shop.fizzyvape.com\\\/hu\\\/termek\\\/fizzy-nova-plus-gorogdinnye-jeg-40000-puffs-eldobhato-vape\\\/#primaryimage\",\"url\":\"https:\\\/\\\/shop.fizzyvape.com\\\/wp-content\\\/uploads\\\/2025\\\/05\\\/Watermelon-Ice-40000-puffs.webp\",\"contentUrl\":\"https:\\\/\\\/shop.fizzyvape.com\\\/wp-content\\\/uploads\\\/2025\\\/05\\\/Watermelon-Ice-40000-puffs.webp\",\"width\":800,\"height\":800,\"caption\":\"G\u00f6r\u00f6gdinnye j\u00e9g 40000 puff\"},{\"@type\":\"BreadcrumbList\",\"@id\":\"https:\\\/\\\/shop.fizzyvape.com\\\/hu\\\/termek\\\/fizzy-nova-plus-gorogdinnye-jeg-40000-puffs-eldobhato-vape\\\/#breadcrumb\",\"itemListElement\":[{\"@type\":\"ListItem\",\"position\":1,\"name\":\"\u9996\u9875\",\"item\":\"https:\\\/\\\/shop.fizzyvape.com\\\/hu\\\/\"},{\"@type\":\"ListItem\",\"position\":2,\"name\":\"Shop\",\"item\":\"https:\\\/\\\/shop.fizzyvape.com\\\/shop\\\/\"},{\"@type\":\"ListItem\",\"position\":3,\"name\":\"Fizzy Nova Plus g\u00f6r\u00f6gdinnye j\u00e9g &#8211; 40000 Puffs eldobhat\u00f3 Vape\"}]},{\"@type\":\"WebSite\",\"@id\":\"https:\\\/\\\/shop.fizzyvape.com\\\/hu\\\/#website\",\"url\":\"https:\\\/\\\/shop.fizzyvape.com\\\/hu\\\/\",\"name\":\"shop.fizzyvape.com\",\"description\":\"The Best Disposable Vape In Europe | 10000 - 60000 Puffs  | Free Shipping\",\"potentialAction\":[{\"@type\":\"SearchAction\",\"target\":{\"@type\":\"EntryPoint\",\"urlTemplate\":\"https:\\\/\\\/shop.fizzyvape.com\\\/hu\\\/?s={search_term_string}\"},\"query-input\":{\"@type\":\"PropertyValueSpecification\",\"valueRequired\":true,\"valueName\":\"search_term_string\"}}],\"inLanguage\":\"hu\"}]}<\/script>\n<!-- \/ Yoast SEO Premium plugin. -->","yoast_head_json":{"title":"Fizzy Nova Plus 40000 Puffs g\u00f6r\u00f6gdinnye j\u00e9g Vape","description":"Watermelon Ice eldobhat\u00f3 vape 40.000 puffal. \u00c9lvezze a h\u0171v\u00f6s, l\u00e9d\u00fas \u00edzt, a kett\u0151s h\u00e1l\u00f3s tekercseket, a LED kijelz\u0151t \u00e9s a gyors USB-C t\u00f6lt\u00e9st.","robots":{"index":"index","follow":"follow","max-snippet":"max-snippet:-1","max-image-preview":"max-image-preview:large","max-video-preview":"max-video-preview:-1"},"canonical":"https:\/\/shop.fizzyvape.com\/hu\/termek\/fizzy-nova-plus-gorogdinnye-jeg-40000-puffs-eldobhato-vape\/","og_locale":"hu_HU","og_type":"article","og_title":"Fizzy Nova Plus g\u00f6r\u00f6gdinnye j\u00e9g - 40000 Puffs eldobhat\u00f3 Vape","og_description":"Watermelon Ice eldobhat\u00f3 vape 40.000 puffal. \u00c9lvezze a h\u0171v\u00f6s, l\u00e9d\u00fas \u00edzt, a kett\u0151s h\u00e1l\u00f3s tekercseket, a LED kijelz\u0151t \u00e9s a gyors USB-C t\u00f6lt\u00e9st.","og_url":"https:\/\/shop.fizzyvape.com\/hu\/termek\/fizzy-nova-plus-gorogdinnye-jeg-40000-puffs-eldobhato-vape\/","og_site_name":"shop.fizzyvape.com","article_modified_time":"2025-10-29T02:21:41+00:00","og_image":[{"width":800,"height":800,"url":"https:\/\/shop.fizzyvape.com\/wp-content\/uploads\/2025\/05\/Watermelon-Ice-40000-puffs.webp","type":"image\/webp"}],"twitter_card":"summary_large_image","twitter_misc":{"Becs\u00fclt olvas\u00e1si id\u0151":"4 perc"},"schema":{"@context":"https:\/\/schema.org","@graph":[{"@type":"WebPage","@id":"https:\/\/shop.fizzyvape.com\/hu\/termek\/fizzy-nova-plus-gorogdinnye-jeg-40000-puffs-eldobhato-vape\/","url":"https:\/\/shop.fizzyvape.com\/hu\/termek\/fizzy-nova-plus-gorogdinnye-jeg-40000-puffs-eldobhato-vape\/","name":"Fizzy Nova Plus 40000 Puffs g\u00f6r\u00f6gdinnye j\u00e9g Vape","isPartOf":{"@id":"https:\/\/shop.fizzyvape.com\/hu\/#website"},"primaryImageOfPage":{"@id":"https:\/\/shop.fizzyvape.com\/hu\/termek\/fizzy-nova-plus-gorogdinnye-jeg-40000-puffs-eldobhato-vape\/#primaryimage"},"image":{"@id":"https:\/\/shop.fizzyvape.com\/hu\/termek\/fizzy-nova-plus-gorogdinnye-jeg-40000-puffs-eldobhato-vape\/#primaryimage"},"thumbnailUrl":"https:\/\/shop.fizzyvape.com\/wp-content\/uploads\/2025\/05\/Watermelon-Ice-40000-puffs.webp","datePublished":"2025-05-15T03:58:18+00:00","dateModified":"2025-10-29T02:21:41+00:00","description":"Watermelon Ice eldobhat\u00f3 vape 40.000 puffal. \u00c9lvezze a h\u0171v\u00f6s, l\u00e9d\u00fas \u00edzt, a kett\u0151s h\u00e1l\u00f3s tekercseket, a LED kijelz\u0151t \u00e9s a gyors USB-C t\u00f6lt\u00e9st.","breadcrumb":{"@id":"https:\/\/shop.fizzyvape.com\/hu\/termek\/fizzy-nova-plus-gorogdinnye-jeg-40000-puffs-eldobhato-vape\/#breadcrumb"},"inLanguage":"hu","potentialAction":[{"@type":"ReadAction","target":["https:\/\/shop.fizzyvape.com\/hu\/termek\/fizzy-nova-plus-gorogdinnye-jeg-40000-puffs-eldobhato-vape\/"]}]},{"@type":"ImageObject","inLanguage":"hu","@id":"https:\/\/shop.fizzyvape.com\/hu\/termek\/fizzy-nova-plus-gorogdinnye-jeg-40000-puffs-eldobhato-vape\/#primaryimage","url":"https:\/\/shop.fizzyvape.com\/wp-content\/uploads\/2025\/05\/Watermelon-Ice-40000-puffs.webp","contentUrl":"https:\/\/shop.fizzyvape.com\/wp-content\/uploads\/2025\/05\/Watermelon-Ice-40000-puffs.webp","width":800,"height":800,"caption":"G\u00f6r\u00f6gdinnye j\u00e9g 40000 puff"},{"@type":"BreadcrumbList","@id":"https:\/\/shop.fizzyvape.com\/hu\/termek\/fizzy-nova-plus-gorogdinnye-jeg-40000-puffs-eldobhato-vape\/#breadcrumb","itemListElement":[{"@type":"ListItem","position":1,"name":"\u9996\u9875","item":"https:\/\/shop.fizzyvape.com\/hu\/"},{"@type":"ListItem","position":2,"name":"Shop","item":"https:\/\/shop.fizzyvape.com\/shop\/"},{"@type":"ListItem","position":3,"name":"Fizzy Nova Plus g\u00f6r\u00f6gdinnye j\u00e9g &#8211; 40000 Puffs eldobhat\u00f3 Vape"}]},{"@type":"WebSite","@id":"https:\/\/shop.fizzyvape.com\/hu\/#website","url":"https:\/\/shop.fizzyvape.com\/hu\/","name":"shop.fizzyvape.com","description":"The Best Disposable Vape In Europe | 10000 - 60000 Puffs  | Free Shipping","potentialAction":[{"@type":"SearchAction","target":{"@type":"EntryPoint","urlTemplate":"https:\/\/shop.fizzyvape.com\/hu\/?s={search_term_string}"},"query-input":{"@type":"PropertyValueSpecification","valueRequired":true,"valueName":"search_term_string"}}],"inLanguage":"hu"}]}},"tiered_pricing_type":"fixed","tiered_pricing_fixed_rules":[],"tiered_pricing_product_settings":{"layout":"default","base_unit_name":{"singular":null,"plural":null},"default_variation":null},"tiered_pricing_minimum_quantity":null,"tiered_pricing_roles_data":[],"tiered_pricing_percentage_rules":[],"tiered_pricing_maximum_quantity":null,"tiered_pricing_quantity_step":null,"_links":{"self":[{"href":"https:\/\/shop.fizzyvape.com\/hu\/wp-json\/wp\/v2\/product\/19580","targetHints":{"allow":["GET"]}}],"collection":[{"href":"https:\/\/shop.fizzyvape.com\/hu\/wp-json\/wp\/v2\/product"}],"about":[{"href":"https:\/\/shop.fizzyvape.com\/hu\/wp-json\/wp\/v2\/types\/product"}],"replies":[{"embeddable":true,"href":"https:\/\/shop.fizzyvape.com\/hu\/wp-json\/wp\/v2\/comments?post=19580"}],"version-history":[{"count":0,"href":"https:\/\/shop.fizzyvape.com\/hu\/wp-json\/wp\/v2\/product\/19580\/revisions"}],"wp:featuredmedia":[{"embeddable":true,"href":"https:\/\/shop.fizzyvape.com\/hu\/wp-json\/wp\/v2\/media\/18512"}],"wp:attachment":[{"href":"https:\/\/shop.fizzyvape.com\/hu\/wp-json\/wp\/v2\/media?parent=19580"}],"wp:term":[{"taxonomy":"product_brand","embeddable":true,"href":"https:\/\/shop.fizzyvape.com\/hu\/wp-json\/wp\/v2\/product_brand?post=19580"},{"taxonomy":"product_cat","embeddable":true,"href":"https:\/\/shop.fizzyvape.com\/hu\/wp-json\/wp\/v2\/product_cat?post=19580"},{"taxonomy":"product_tag","embeddable":true,"href":"https:\/\/shop.fizzyvape.com\/hu\/wp-json\/wp\/v2\/product_tag?post=19580"}],"curies":[{"name":"wp","href":"https:\/\/api.w.org\/{rel}","templated":true}]}}