{"id":19686,"date":"2025-05-30T07:53:06","date_gmt":"2025-05-30T07:53:06","guid":{"rendered":"https:\/\/shop.fizzyvape.com\/product\/fizzy-max-iii-6in1-60k-60000-puffs-eldobhato-vape-afonya-malna-es-tripla-dinnye-es-eper-jeg\/"},"modified":"2025-12-01T01:23:29","modified_gmt":"2025-12-01T01:23:29","slug":"fizzy-max-iii-6in1-60k-60000-puffs-eldobhato-vape-afonya-malna-es-tripla-dinnye-es-eper-jeg","status":"publish","type":"product","link":"https:\/\/shop.fizzyvape.com\/hu\/termek\/fizzy-max-iii-6in1-60k-60000-puffs-eldobhato-vape-afonya-malna-es-tripla-dinnye-es-eper-jeg\/","title":{"rendered":"Fizzy Max III 6in1 60K 60000 Puffs Eldobhat\u00f3 Vape &#8211; \u00e1fonya m\u00e1lna \u00e9s tripla dinnye \u00e9s eper j\u00e9g"},"content":{"rendered":"<p><img decoding=\"async\" class=\"aligncenter\" src=\"https:\/\/shop.fizzyvape.com\/wp-content\/uploads\/2025\/05\/Fizzy-Max-III-6in1-60K-60000-Puffs-8-1.webp\" alt=\"Fizzy Max III 60000 Puffs 6in1 eldobhat\u00f3 Vape (8)\" \/><\/p>\n<h1>Fizzy Max III 6in1 60K 60000 Puffs Eldobhat\u00f3 Vape &#8211; \u00e1fonya m\u00e1lna \u00e9s tripla dinnye \u00e9s eper j\u00e9g<\/h1>\n<h3><strong>6 \u00edz 1 innovat\u00edv eldobhat\u00f3 vape-ben<\/strong><\/h3>\n<p>Fedezze fel a v\u00e9gs\u0151 \u00edzv\u00e1laszt\u00e9kot a <strong>Fizzy Max III 6in1-gyel<\/strong>, egy forradalmi eldobhat\u00f3 vape k\u00e9sz\u00fcl\u00e9kkel, amely <strong>h\u00e1rom el\u0151re t\u00f6lt\u00f6tt 20 ml-es podot<\/strong> tartalmaz: <strong>M\u00e1lna<\/strong>, <strong>Triple Melon<\/strong> \u00e9s <strong>Strawberry<\/strong> Ice. Az intelligens forg\u00f3 sz\u00e1jr\u00e9sznek k\u00f6sz\u00f6nhet\u0151en k\u00f6nnyed\u00e9n v\u00e1lthat <strong>hat egyedi \u00edzkombin\u00e1ci\u00f3<\/strong> k\u00f6z\u00f6tt, \u00edgy p\u00e1ratlanul sokoldal\u00faan p\u00e1rologtathat egyetlen k\u00e9sz\u00fcl\u00e9kben.<\/p>\n<h4><strong>\u00cdzm\u00f3dok:<\/strong><\/h4>\n<ul>\n<li><strong>\u00c1fonya-m\u00e1lna (A)<\/strong> &#8211; \u00e9rett \u00e1fonya \u00e9s fanyar m\u00e1lna l\u00e9d\u00fas kever\u00e9ke.<\/li>\n<li><strong>Triple Melon (B)<\/strong> &#8211; \u00c9des g\u00f6r\u00f6gdinnye, m\u00e9zharmat \u00e9s s\u00e1rgadinnye friss\u00edt\u0151 kever\u00e9ke.<\/li>\n<li><strong>Strawberry Ice (C)<\/strong> &#8211; \u00c9des eper, h\u0171v\u00f6s jeges befejez\u00e9ssel.<\/li>\n<\/ul>\n<h4><strong>Vegyes \u00edzek:<\/strong><\/h4>\n<ul>\n<li><strong>Mix AB<\/strong> &#8211; Az \u00e1fonya-m\u00e1lna \u00e9s a h\u00e1rmas dinnye zamatos f\u00fazi\u00f3ja<\/li>\n<li><strong>Mix BC<\/strong> &#8211; H\u0171s\u00edt\u0151, gy\u00fcm\u00f6lcs\u00f6s kever\u00e9k tripla dinny\u00e9b\u0151l \u00e9s eperj\u00e9gb\u0151l.<\/li>\n<li><strong>Mix CA<\/strong> &#8211; Friss\u00edt\u0151 kever\u00e9k eperj\u00e9g \u00e9s \u00e1fonya-m\u00e1lna friss\u00edt\u0151 kever\u00e9ke<\/li>\n<\/ul>\n<p>Az \u00edzeket k\u00f6nnyed\u00e9n v\u00e1lthatod a <strong>sz\u00e1jr\u00e9sz felemel\u00e9s\u00e9vel \u00e9s elforgat\u00e1s\u00e1val<\/strong> ebben a sorrendben:<br \/>\n<strong>A \u2192 Mix AB \u2192 B \u2192 Mix BC \u2192 C \u2192 Mix CA<\/strong><\/p>\n<h3><strong>A term\u00e9k kiemelked\u0151 jellemz\u0151i<\/strong><\/h3>\n<ul>\n<li><strong>Ak\u00e1r 60,000 f\u00faj\u00e1s<\/strong> a hosszabb haszn\u00e1lathoz<\/li>\n<li><strong>6 az 1-ben \u00edzrendszer<\/strong>, amely 3 szimpla \u00e9s 3 kevert \u00edz kombin\u00e1ci\u00f3j\u00e1t tartalmazza.<\/li>\n<li><strong>E-liquid kapacit\u00e1s:<\/strong> 60ml \u00f6sszesen (3 \u00d7 20ml pod)<\/li>\n<li><strong>Nikotin er\u0151ss\u00e9g\u0171 opci\u00f3k:<\/strong> 2% \/ 5%<\/li>\n<li><strong>Akkumul\u00e1tor:<\/strong> C-t\u00edpuson kereszt\u00fcl \u00fajrat\u00f6lthet\u0151, 850mAh kapacit\u00e1s\u00fa akkumul\u00e1tor.<\/li>\n<li><strong>Tekercs:<\/strong> A gazdag \u00edz \u00e9s a sima g\u0151z \u00e9rdek\u00e9ben.<\/li>\n<li><strong>LED kijelz\u0151:<\/strong> Megjelen\u00edti az akkumul\u00e1tor t\u00f6lt\u00f6tts\u00e9gi szintj\u00e9t \u00e9s az \u00fczemm\u00f3d \u00e1llapot\u00e1t<\/li>\n<li><strong>Szavatoss\u00e1gi id\u0151:<\/strong> 2 \u00e9v<\/li>\n<\/ul>\n<h3><strong>Fizzy Max III 6in1 60000 Puffs Eldobhat\u00f3 Vape \u00edzek list\u00e1ja:<\/strong><\/h3>\n<ol>\n<li><a href=\"https:\/\/shop.fizzyvape.com\/hu\/termek\/fizzy-max-iii-6in1-60k-60000-puffs-eldobhato-vape-eper-malna-es-mango-barack-es-afonya-gorogdinnye\/\">Eper M\u00e1lna \u00e9s mang\u00f3 Barack \u00e9s \u00e1fonya G\u00f6r\u00f6gdinnye<\/a><\/li>\n<li><a href=\"https:\/\/shop.fizzyvape.com\/hu\/termek\/fizzy-max-iii-6in1-60k-60000-puffs-eldobhato-vape-vegyes-bogyo-es-kiwi-golgotavirag-guava-es-eper-gorogdinnye\/\">Vegyes bogy\u00f3s gy\u00fcm\u00f6lcs \u00e9s kiwi maracuja Guava \u00e9s eper g\u00f6r\u00f6gdinnye<\/a><\/li>\n<li><a href=\"https:\/\/shop.fizzyvape.com\/hu\/termek\/fizzy-max-iii-6in1-60k-60000-puffs-eldobhato-vape-afonya-malna-es-tripla-dinnye-es-eper-jeg\/\">\u00c1fonya-m\u00e1lna &amp; h\u00e1rmas dinnye &amp; eper j\u00e9g<\/a><\/li>\n<li><a href=\"https:\/\/shop.fizzyvape.com\/hu\/termek\/fizzy-max-iii-6in1-60k-60000-puffs-eldobhato-vape-eper-sarkanygyumolcs-red-bull-malna-gorogdinnye\/\">Eper s\u00e1rk\u00e1nygy\u00fcm\u00f6lcs &amp; Red Bull &amp; m\u00e1lna g\u00f6r\u00f6gdinnye<\/a><\/li>\n<li><a href=\"https:\/\/shop.fizzyvape.com\/hu\/termek\/fizzy-max-iii-6in1-60k-60000-puffs-eldobhato-vape-eper-kiwi-afonya-jeg-gorogdinnye-jeg\/\">Eper-kiwi &amp; \u00e1fonya j\u00e9g &amp; g\u00f6r\u00f6gdinnye j\u00e9g<\/a><\/li>\n<li><a href=\"https:\/\/shop.fizzyvape.com\/hu\/termek\/fizzy-max-iii-6in1-60k-60000-puffs-eldobhato-vape-blueberry-ice-fizzy-cherry-raspberry-lemon\/\">\u00c1fonya Ice &amp; Fizzy Cherry &amp; M\u00e1lna Lemon<\/a><\/li>\n<li><a href=\"https:\/\/shop.fizzyvape.com\/hu\/termek\/fizzy-max-iii-6in1-60k-60000-puffs-eldobhato-vape-gorogdinnye-jeg-es-eper-vanilia-kola-es-vegyes-bogyo\/\">G\u00f6r\u00f6gdinnye j\u00e9g &amp; eper Van\u00edlia k\u00f3la &amp; vegyes<\/a><\/li>\n<li><a href=\"https:\/\/shop.fizzyvape.com\/hu\/termek\/fizzy-max-iii-6in1-60k-60000-puffs-eldobhato-vape-eper-szolo-es-afonya-kokusz-es-barack-citrom\/\">Eper Sz\u0151l\u0151 &amp; \u00c1fonya K\u00f3kusz &amp; Barack Citrom<\/a><\/li>\n<li><a href=\"https:\/\/shop.fizzyvape.com\/hu\/termek\/fizzy-max-iii-6in1-60k-60000-puffs-eldobhato-vape-blue-razz-ice-strawberry-kiwi-sour-ananasz-narancs\/\">Blue Razz Ice &amp; Strawberry Kiwi &amp; Sour Anan\u00e1sz Narancs<\/a><\/li>\n<li><a href=\"https:\/\/shop.fizzyvape.com\/hu\/termek\/fizzy-max-iii-6in1-60k-60000-puffs-eldobhato-vape-eper-gorogdinnye-citromos-lime-afonya-kokuszdio\/\">Epres g\u00f6r\u00f6gdinnye &amp; citromos lime &amp; \u00e1fony\u00e1s k\u00f3kuszos<\/a><\/li>\n<\/ol>\n<h3><strong>Vaping St\u00edlusok az \u00d6n sz\u00e1m\u00e1ra<\/strong><\/h3>\n<p><strong>Single-Flavor Mode (MTL):<\/strong><br \/>\n\u00c9lvezze a sima, \u00edzgazdag, sz\u00e1jb\u00f3l a t\u00fcd\u0151be h\u00faz\u00e1st, t\u00f6k\u00e9letes azok sz\u00e1m\u00e1ra, akik \u00e9rt\u00e9kelik a klasszikus cigarett\u00e1hoz hasonl\u00f3 \u00e9lm\u00e9nyt.<\/p>\n<p><strong>Dual-Flavor Mix Mode (DL):<\/strong><br \/>\nTapasztalja meg a megn\u00f6velt l\u00e9g\u00e1raml\u00e1st a mer\u00e9sz, k\u00f6zvetlen t\u00fcd\u0151be jut\u00f3 tal\u00e1latokhoz, fokozott g\u0151ztermel\u00e9ssel \u00e9s \u00f6sszetett \u00edzkever\u00e9kekkel.<\/p>\n<h3><strong>Mi\u00e9rt v\u00e1lassza a Fizzy Max III 6in1-et?<\/strong><\/h3>\n<ul>\n<li><strong>Z\u00f6kken\u0151mentes \u00edzv\u00e1lt\u00e1s:<\/strong> Forgassa el a sz\u00e1jdarabot mind a 6 \u00edzprofil felfedez\u00e9s\u00e9hez.<\/li>\n<li><strong>Hossz\u00fa \u00e9lettartam\u00fa akkumul\u00e1tor \u00e9s e-folyad\u00e9k:<\/strong> k\u00e9sz\u00fcl\u00e9kenk\u00e9nt ak\u00e1r 60.000 slukk<\/li>\n<li><strong>All-in-one k\u00e9nyelem:<\/strong> Hat \u00edz egy kompakt, \u00fajrat\u00f6lthet\u0151 k\u00e9sz\u00fcl\u00e9kben.<\/li>\n<li><strong>Gyors uni\u00f3s sz\u00e1ll\u00edt\u00e1s:<\/strong> Gyorsan sz\u00e1ll\u00edtjuk <strong>eur\u00f3pai rakt\u00e1runkb\u00f3l<\/strong> &#8211; nincs v\u00e1mprobl\u00e9ma.<\/li>\n<\/ul>\n<h3><strong>GYIK &#8211; Fizzy Max III 6in1 60000 Puffs eldobhat\u00f3 Vape<\/strong><\/h3>\n<ul>\n<li><strong> H\u00e1ny slukkot tud a Fizzy Max III?<\/strong><br \/>\nA Fizzy Max III ak\u00e1r 60.000 slukkot is k\u00e9pes leadni, \u00edgy az egyik leghosszabb \u00e9lettartam\u00fa eldobhat\u00f3 p\u00e1rologtat\u00f3.<\/li>\n<li><strong> Hogyan v\u00e1lthatok az \u00edzek k\u00f6z\u00f6tt a Fizzy Max III-on?<\/strong><br \/>\nEgyszer\u0171en emelje fel \u00e9s forgassa el a sz\u00e1jdarabot, hogy hat \u00edzm\u00f3d k\u00f6z\u00f6tt v\u00e1ltson: h\u00e1rom szimpla \u00e9s h\u00e1rom kevert kombin\u00e1ci\u00f3.<\/li>\n<li><strong> A Fizzy Max III 60000 puffs vape \u00fajrat\u00f6lthet\u0151?<\/strong><br \/>\nIgen, be\u00e9p\u00edtett 850mAh kapacit\u00e1s\u00fa akkumul\u00e1torral rendelkezik, amely Type-C k\u00e1belen kereszt\u00fcl t\u00f6lthet\u0151.<\/li>\n<li><strong> Milyen nikotiner\u0151ss\u00e9g\u0171 k\u00e9sz\u00fcl\u00e9kek \u00e1llnak rendelkez\u00e9sre ehhez a k\u00e9sz\u00fcl\u00e9khez?<\/strong><br \/>\nA Fizzy Max III k\u00e9tf\u00e9le nikotinv\u00e1laszt\u00e9kot k\u00edn\u00e1l: 2% (20mg) \u00e9s 5% (50mg), att\u00f3l f\u00fcgg\u0151en, hogy \u00d6n mit szeretne.<\/li>\n<li><strong> T\u00e1mogatja a Fizzy Max III az MTL \u00e9s DL p\u00e1rologtat\u00e1st is?<\/strong><br \/>\nIgen. Haszn\u00e1lja az egy\u00edz\u0171 \u00fczemm\u00f3dot az MTL (sz\u00e1jb\u00f3l a t\u00fcd\u0151be) vagy a vegyes \u00edz\u0171 \u00fczemm\u00f3dot ny\u00edlt l\u00e9g\u00e1raml\u00e1ssal a DL (k\u00f6zvetlen t\u00fcd\u0151be) p\u00e1rol\u00e1shoz.<\/li>\n<\/ul>\n","protected":false},"excerpt":{"rendered":"<p>A Fizzy Max III egy 60000 puffs eldobhat\u00f3 vape, amely 6 \u00edzzel rendelkezik 1 k\u00e9sz\u00fcl\u00e9kben, \u00e9s egy \u00fajrat\u00f6lthet\u0151 850mAh akkumul\u00e1torral.<\/p>\n","protected":false},"featured_media":18724,"comment_status":"open","ping_status":"closed","template":"","meta":[],"product_brand":[],"product_cat":[149,148],"product_tag":[135,136,137,138],"class_list":{"0":"post-19686","1":"product","2":"type-product","3":"status-publish","4":"has-post-thumbnail","6":"product_cat-fizzy-max-iii-60000-puffs-eldobhato-vape","7":"product_cat-ujratoltheto-eldobhato-vape","8":"product_tag-6-az-1-ben-izek","9":"product_tag-60k-puffs-hu","10":"product_tag-eldobhato-vape","11":"product_tag-ujratoltheto","13":"first","14":"outofstock","15":"shipping-taxable","16":"purchasable","17":"product-type-variable"},"yoast_head":"<!-- This site is optimized with the Yoast SEO Premium plugin v24.8 (Yoast SEO v27.4) - https:\/\/yoast.com\/product\/yoast-seo-premium-wordpress\/ -->\n<title>Fizzy Max III 60000 Puffs Eldobhat\u00f3 Vape - 6 \u00edzek<\/title>\n<meta name=\"description\" content=\"\u00c9lvezze a 60000 slukkot a Fizzy Max III eldobhat\u00f3 vape-vel. 6 \u00edz, \u00fajrat\u00f6lthet\u0151 akkumul\u00e1tor, h\u00e1l\u00f3s tekercs \u00e9s \u00e1ll\u00edthat\u00f3 l\u00e9g\u00e1raml\u00e1s a sima, gazdag vape-\u00e9rt.\" \/>\n<meta name=\"robots\" content=\"index, follow, max-snippet:-1, max-image-preview:large, max-video-preview:-1\" \/>\n<link rel=\"canonical\" href=\"https:\/\/shop.fizzyvape.com\/hu\/termek\/fizzy-max-iii-6in1-60k-60000-puffs-eldobhato-vape-afonya-malna-es-tripla-dinnye-es-eper-jeg\/\" \/>\n<meta property=\"og:locale\" content=\"hu_HU\" \/>\n<meta property=\"og:type\" content=\"article\" \/>\n<meta property=\"og:title\" content=\"Fizzy Max III 6in1 60K 60000 Puffs Eldobhat\u00f3 Vape - \u00e1fonya m\u00e1lna \u00e9s tripla dinnye \u00e9s eper j\u00e9g\" \/>\n<meta property=\"og:description\" content=\"\u00c9lvezze a 60000 slukkot a Fizzy Max III eldobhat\u00f3 vape-vel. 6 \u00edz, \u00fajrat\u00f6lthet\u0151 akkumul\u00e1tor, h\u00e1l\u00f3s tekercs \u00e9s \u00e1ll\u00edthat\u00f3 l\u00e9g\u00e1raml\u00e1s a sima, gazdag vape-\u00e9rt.\" \/>\n<meta property=\"og:url\" content=\"https:\/\/shop.fizzyvape.com\/hu\/termek\/fizzy-max-iii-6in1-60k-60000-puffs-eldobhato-vape-afonya-malna-es-tripla-dinnye-es-eper-jeg\/\" \/>\n<meta property=\"og:site_name\" content=\"shop.fizzyvape.com\" \/>\n<meta property=\"article:modified_time\" content=\"2025-12-01T01:23:29+00:00\" \/>\n<meta property=\"og:image\" content=\"https:\/\/shop.fizzyvape.com\/wp-content\/uploads\/2025\/05\/Fizzy-Max-III-6in1-60K-60000-Puffs-8.jpg\" \/>\n\t<meta property=\"og:image:width\" content=\"800\" \/>\n\t<meta property=\"og:image:height\" content=\"800\" \/>\n\t<meta property=\"og:image:type\" content=\"image\/jpeg\" \/>\n<meta name=\"twitter:card\" content=\"summary_large_image\" \/>\n<meta name=\"twitter:label1\" content=\"Becs\u00fclt olvas\u00e1si id\u0151\" \/>\n\t<meta name=\"twitter:data1\" content=\"4 perc\" \/>\n<script type=\"application\/ld+json\" class=\"yoast-schema-graph\">{\"@context\":\"https:\\\/\\\/schema.org\",\"@graph\":[{\"@type\":\"WebPage\",\"@id\":\"https:\\\/\\\/shop.fizzyvape.com\\\/hu\\\/termek\\\/fizzy-max-iii-6in1-60k-60000-puffs-eldobhato-vape-afonya-malna-es-tripla-dinnye-es-eper-jeg\\\/\",\"url\":\"https:\\\/\\\/shop.fizzyvape.com\\\/hu\\\/termek\\\/fizzy-max-iii-6in1-60k-60000-puffs-eldobhato-vape-afonya-malna-es-tripla-dinnye-es-eper-jeg\\\/\",\"name\":\"Fizzy Max III 60000 Puffs Eldobhat\u00f3 Vape - 6 \u00edzek\",\"isPartOf\":{\"@id\":\"https:\\\/\\\/shop.fizzyvape.com\\\/hu\\\/#website\"},\"primaryImageOfPage\":{\"@id\":\"https:\\\/\\\/shop.fizzyvape.com\\\/hu\\\/termek\\\/fizzy-max-iii-6in1-60k-60000-puffs-eldobhato-vape-afonya-malna-es-tripla-dinnye-es-eper-jeg\\\/#primaryimage\"},\"image\":{\"@id\":\"https:\\\/\\\/shop.fizzyvape.com\\\/hu\\\/termek\\\/fizzy-max-iii-6in1-60k-60000-puffs-eldobhato-vape-afonya-malna-es-tripla-dinnye-es-eper-jeg\\\/#primaryimage\"},\"thumbnailUrl\":\"https:\\\/\\\/shop.fizzyvape.com\\\/wp-content\\\/uploads\\\/2025\\\/05\\\/Fizzy-Max-III-6in1-60K-60000-Puffs-8.jpg\",\"datePublished\":\"2025-05-30T07:53:06+00:00\",\"dateModified\":\"2025-12-01T01:23:29+00:00\",\"description\":\"\u00c9lvezze a 60000 slukkot a Fizzy Max III eldobhat\u00f3 vape-vel. 6 \u00edz, \u00fajrat\u00f6lthet\u0151 akkumul\u00e1tor, h\u00e1l\u00f3s tekercs \u00e9s \u00e1ll\u00edthat\u00f3 l\u00e9g\u00e1raml\u00e1s a sima, gazdag vape-\u00e9rt.\",\"breadcrumb\":{\"@id\":\"https:\\\/\\\/shop.fizzyvape.com\\\/hu\\\/termek\\\/fizzy-max-iii-6in1-60k-60000-puffs-eldobhato-vape-afonya-malna-es-tripla-dinnye-es-eper-jeg\\\/#breadcrumb\"},\"inLanguage\":\"hu\",\"potentialAction\":[{\"@type\":\"ReadAction\",\"target\":[\"https:\\\/\\\/shop.fizzyvape.com\\\/hu\\\/termek\\\/fizzy-max-iii-6in1-60k-60000-puffs-eldobhato-vape-afonya-malna-es-tripla-dinnye-es-eper-jeg\\\/\"]}]},{\"@type\":\"ImageObject\",\"inLanguage\":\"hu\",\"@id\":\"https:\\\/\\\/shop.fizzyvape.com\\\/hu\\\/termek\\\/fizzy-max-iii-6in1-60k-60000-puffs-eldobhato-vape-afonya-malna-es-tripla-dinnye-es-eper-jeg\\\/#primaryimage\",\"url\":\"https:\\\/\\\/shop.fizzyvape.com\\\/wp-content\\\/uploads\\\/2025\\\/05\\\/Fizzy-Max-III-6in1-60K-60000-Puffs-8.jpg\",\"contentUrl\":\"https:\\\/\\\/shop.fizzyvape.com\\\/wp-content\\\/uploads\\\/2025\\\/05\\\/Fizzy-Max-III-6in1-60K-60000-Puffs-8.jpg\",\"width\":800,\"height\":800,\"caption\":\"Fizzy Max III 6in1 60K 60000 Puffs-8\"},{\"@type\":\"BreadcrumbList\",\"@id\":\"https:\\\/\\\/shop.fizzyvape.com\\\/hu\\\/termek\\\/fizzy-max-iii-6in1-60k-60000-puffs-eldobhato-vape-afonya-malna-es-tripla-dinnye-es-eper-jeg\\\/#breadcrumb\",\"itemListElement\":[{\"@type\":\"ListItem\",\"position\":1,\"name\":\"\u9996\u9875\",\"item\":\"https:\\\/\\\/shop.fizzyvape.com\\\/hu\\\/\"},{\"@type\":\"ListItem\",\"position\":2,\"name\":\"Shop\",\"item\":\"https:\\\/\\\/shop.fizzyvape.com\\\/shop\\\/\"},{\"@type\":\"ListItem\",\"position\":3,\"name\":\"Fizzy Max III 6in1 60K 60000 Puffs Eldobhat\u00f3 Vape &#8211; \u00e1fonya m\u00e1lna \u00e9s tripla dinnye \u00e9s eper j\u00e9g\"}]},{\"@type\":\"WebSite\",\"@id\":\"https:\\\/\\\/shop.fizzyvape.com\\\/hu\\\/#website\",\"url\":\"https:\\\/\\\/shop.fizzyvape.com\\\/hu\\\/\",\"name\":\"shop.fizzyvape.com\",\"description\":\"The Best Disposable Vape In Europe | 10000 - 60000 Puffs  | Free Shipping\",\"potentialAction\":[{\"@type\":\"SearchAction\",\"target\":{\"@type\":\"EntryPoint\",\"urlTemplate\":\"https:\\\/\\\/shop.fizzyvape.com\\\/hu\\\/?s={search_term_string}\"},\"query-input\":{\"@type\":\"PropertyValueSpecification\",\"valueRequired\":true,\"valueName\":\"search_term_string\"}}],\"inLanguage\":\"hu\"}]}<\/script>\n<!-- \/ Yoast SEO Premium plugin. -->","yoast_head_json":{"title":"Fizzy Max III 60000 Puffs Eldobhat\u00f3 Vape - 6 \u00edzek","description":"\u00c9lvezze a 60000 slukkot a Fizzy Max III eldobhat\u00f3 vape-vel. 6 \u00edz, \u00fajrat\u00f6lthet\u0151 akkumul\u00e1tor, h\u00e1l\u00f3s tekercs \u00e9s \u00e1ll\u00edthat\u00f3 l\u00e9g\u00e1raml\u00e1s a sima, gazdag vape-\u00e9rt.","robots":{"index":"index","follow":"follow","max-snippet":"max-snippet:-1","max-image-preview":"max-image-preview:large","max-video-preview":"max-video-preview:-1"},"canonical":"https:\/\/shop.fizzyvape.com\/hu\/termek\/fizzy-max-iii-6in1-60k-60000-puffs-eldobhato-vape-afonya-malna-es-tripla-dinnye-es-eper-jeg\/","og_locale":"hu_HU","og_type":"article","og_title":"Fizzy Max III 6in1 60K 60000 Puffs Eldobhat\u00f3 Vape - \u00e1fonya m\u00e1lna \u00e9s tripla dinnye \u00e9s eper j\u00e9g","og_description":"\u00c9lvezze a 60000 slukkot a Fizzy Max III eldobhat\u00f3 vape-vel. 6 \u00edz, \u00fajrat\u00f6lthet\u0151 akkumul\u00e1tor, h\u00e1l\u00f3s tekercs \u00e9s \u00e1ll\u00edthat\u00f3 l\u00e9g\u00e1raml\u00e1s a sima, gazdag vape-\u00e9rt.","og_url":"https:\/\/shop.fizzyvape.com\/hu\/termek\/fizzy-max-iii-6in1-60k-60000-puffs-eldobhato-vape-afonya-malna-es-tripla-dinnye-es-eper-jeg\/","og_site_name":"shop.fizzyvape.com","article_modified_time":"2025-12-01T01:23:29+00:00","og_image":[{"width":800,"height":800,"url":"https:\/\/shop.fizzyvape.com\/wp-content\/uploads\/2025\/05\/Fizzy-Max-III-6in1-60K-60000-Puffs-8.jpg","type":"image\/jpeg"}],"twitter_card":"summary_large_image","twitter_misc":{"Becs\u00fclt olvas\u00e1si id\u0151":"4 perc"},"schema":{"@context":"https:\/\/schema.org","@graph":[{"@type":"WebPage","@id":"https:\/\/shop.fizzyvape.com\/hu\/termek\/fizzy-max-iii-6in1-60k-60000-puffs-eldobhato-vape-afonya-malna-es-tripla-dinnye-es-eper-jeg\/","url":"https:\/\/shop.fizzyvape.com\/hu\/termek\/fizzy-max-iii-6in1-60k-60000-puffs-eldobhato-vape-afonya-malna-es-tripla-dinnye-es-eper-jeg\/","name":"Fizzy Max III 60000 Puffs Eldobhat\u00f3 Vape - 6 \u00edzek","isPartOf":{"@id":"https:\/\/shop.fizzyvape.com\/hu\/#website"},"primaryImageOfPage":{"@id":"https:\/\/shop.fizzyvape.com\/hu\/termek\/fizzy-max-iii-6in1-60k-60000-puffs-eldobhato-vape-afonya-malna-es-tripla-dinnye-es-eper-jeg\/#primaryimage"},"image":{"@id":"https:\/\/shop.fizzyvape.com\/hu\/termek\/fizzy-max-iii-6in1-60k-60000-puffs-eldobhato-vape-afonya-malna-es-tripla-dinnye-es-eper-jeg\/#primaryimage"},"thumbnailUrl":"https:\/\/shop.fizzyvape.com\/wp-content\/uploads\/2025\/05\/Fizzy-Max-III-6in1-60K-60000-Puffs-8.jpg","datePublished":"2025-05-30T07:53:06+00:00","dateModified":"2025-12-01T01:23:29+00:00","description":"\u00c9lvezze a 60000 slukkot a Fizzy Max III eldobhat\u00f3 vape-vel. 6 \u00edz, \u00fajrat\u00f6lthet\u0151 akkumul\u00e1tor, h\u00e1l\u00f3s tekercs \u00e9s \u00e1ll\u00edthat\u00f3 l\u00e9g\u00e1raml\u00e1s a sima, gazdag vape-\u00e9rt.","breadcrumb":{"@id":"https:\/\/shop.fizzyvape.com\/hu\/termek\/fizzy-max-iii-6in1-60k-60000-puffs-eldobhato-vape-afonya-malna-es-tripla-dinnye-es-eper-jeg\/#breadcrumb"},"inLanguage":"hu","potentialAction":[{"@type":"ReadAction","target":["https:\/\/shop.fizzyvape.com\/hu\/termek\/fizzy-max-iii-6in1-60k-60000-puffs-eldobhato-vape-afonya-malna-es-tripla-dinnye-es-eper-jeg\/"]}]},{"@type":"ImageObject","inLanguage":"hu","@id":"https:\/\/shop.fizzyvape.com\/hu\/termek\/fizzy-max-iii-6in1-60k-60000-puffs-eldobhato-vape-afonya-malna-es-tripla-dinnye-es-eper-jeg\/#primaryimage","url":"https:\/\/shop.fizzyvape.com\/wp-content\/uploads\/2025\/05\/Fizzy-Max-III-6in1-60K-60000-Puffs-8.jpg","contentUrl":"https:\/\/shop.fizzyvape.com\/wp-content\/uploads\/2025\/05\/Fizzy-Max-III-6in1-60K-60000-Puffs-8.jpg","width":800,"height":800,"caption":"Fizzy Max III 6in1 60K 60000 Puffs-8"},{"@type":"BreadcrumbList","@id":"https:\/\/shop.fizzyvape.com\/hu\/termek\/fizzy-max-iii-6in1-60k-60000-puffs-eldobhato-vape-afonya-malna-es-tripla-dinnye-es-eper-jeg\/#breadcrumb","itemListElement":[{"@type":"ListItem","position":1,"name":"\u9996\u9875","item":"https:\/\/shop.fizzyvape.com\/hu\/"},{"@type":"ListItem","position":2,"name":"Shop","item":"https:\/\/shop.fizzyvape.com\/shop\/"},{"@type":"ListItem","position":3,"name":"Fizzy Max III 6in1 60K 60000 Puffs Eldobhat\u00f3 Vape &#8211; \u00e1fonya m\u00e1lna \u00e9s tripla dinnye \u00e9s eper j\u00e9g"}]},{"@type":"WebSite","@id":"https:\/\/shop.fizzyvape.com\/hu\/#website","url":"https:\/\/shop.fizzyvape.com\/hu\/","name":"shop.fizzyvape.com","description":"The Best Disposable Vape In Europe | 10000 - 60000 Puffs  | Free Shipping","potentialAction":[{"@type":"SearchAction","target":{"@type":"EntryPoint","urlTemplate":"https:\/\/shop.fizzyvape.com\/hu\/?s={search_term_string}"},"query-input":{"@type":"PropertyValueSpecification","valueRequired":true,"valueName":"search_term_string"}}],"inLanguage":"hu"}]}},"tiered_pricing_type":"fixed","tiered_pricing_fixed_rules":[],"tiered_pricing_product_settings":{"layout":"default","base_unit_name":{"singular":null,"plural":null},"default_variation":null},"tiered_pricing_minimum_quantity":null,"tiered_pricing_roles_data":[],"tiered_pricing_percentage_rules":[],"tiered_pricing_maximum_quantity":null,"tiered_pricing_quantity_step":null,"_links":{"self":[{"href":"https:\/\/shop.fizzyvape.com\/hu\/wp-json\/wp\/v2\/product\/19686","targetHints":{"allow":["GET"]}}],"collection":[{"href":"https:\/\/shop.fizzyvape.com\/hu\/wp-json\/wp\/v2\/product"}],"about":[{"href":"https:\/\/shop.fizzyvape.com\/hu\/wp-json\/wp\/v2\/types\/product"}],"replies":[{"embeddable":true,"href":"https:\/\/shop.fizzyvape.com\/hu\/wp-json\/wp\/v2\/comments?post=19686"}],"version-history":[{"count":0,"href":"https:\/\/shop.fizzyvape.com\/hu\/wp-json\/wp\/v2\/product\/19686\/revisions"}],"wp:featuredmedia":[{"embeddable":true,"href":"https:\/\/shop.fizzyvape.com\/hu\/wp-json\/wp\/v2\/media\/18724"}],"wp:attachment":[{"href":"https:\/\/shop.fizzyvape.com\/hu\/wp-json\/wp\/v2\/media?parent=19686"}],"wp:term":[{"taxonomy":"product_brand","embeddable":true,"href":"https:\/\/shop.fizzyvape.com\/hu\/wp-json\/wp\/v2\/product_brand?post=19686"},{"taxonomy":"product_cat","embeddable":true,"href":"https:\/\/shop.fizzyvape.com\/hu\/wp-json\/wp\/v2\/product_cat?post=19686"},{"taxonomy":"product_tag","embeddable":true,"href":"https:\/\/shop.fizzyvape.com\/hu\/wp-json\/wp\/v2\/product_tag?post=19686"}],"curies":[{"name":"wp","href":"https:\/\/api.w.org\/{rel}","templated":true}]}}