{"id":19689,"date":"2025-05-30T07:53:08","date_gmt":"2025-05-30T07:53:08","guid":{"rendered":"https:\/\/shop.fizzyvape.com\/product\/fizzy-max-iii-6in1-60k-60000-puffs-eldobhato-vape-vegyes-bogyo-es-kiwi-golgotavirag-guava-es-eper-gorogdinnye\/"},"modified":"2025-12-01T01:23:40","modified_gmt":"2025-12-01T01:23:40","slug":"fizzy-max-iii-6in1-60k-60000-puffs-eldobhato-vape-vegyes-bogyo-es-kiwi-golgotavirag-guava-es-eper-gorogdinnye","status":"publish","type":"product","link":"https:\/\/shop.fizzyvape.com\/hu\/termek\/fizzy-max-iii-6in1-60k-60000-puffs-eldobhato-vape-vegyes-bogyo-es-kiwi-golgotavirag-guava-es-eper-gorogdinnye\/","title":{"rendered":"Fizzy Max III 6in1 60K 60000 Puffs Eldobhat\u00f3 Vape &#8211; Vegyes bogy\u00f3 \u00e9s kiwi golgotavir\u00e1g Guava \u00e9s eper g\u00f6r\u00f6gdinnye"},"content":{"rendered":"<p><img decoding=\"async\" class=\"aligncenter\" src=\"https:\/\/shop.fizzyvape.com\/wp-content\/uploads\/2025\/05\/Fizzy-Max-III-6in1-60K-60000-Puffs-9-1-1.webp\" alt=\"Fizzy Max III 60000 Puffs 6in1 eldobhat\u00f3 Vape (9)\" \/><\/p>\n<h1>Fizzy Max III 6in1 60K 60000 Puffs Eldobhat\u00f3 Vape &#8211; Vegyes bogy\u00f3 \u00e9s kiwi golgotavir\u00e1g Guava \u00e9s eper g\u00f6r\u00f6gdinnye<\/h1>\n<h3><strong>6 \u00edz 1 innovat\u00edv eldobhat\u00f3 vape-ben<\/strong><\/h3>\n<p>Fedezze fel a vibr\u00e1l\u00f3 \u00edzek vil\u00e1g\u00e1t a <strong>Fizzy Max III 6in1<\/strong> k\u00e9sz\u00fcl\u00e9kkel, amely h\u00e1rom el\u0151re t\u00f6lt\u00f6tt 20 ml-es podot tartalmaz: <strong>Kiwi Passion Fruit Guava<\/strong> \u00e9s <strong>Strawberry Watermelon<\/strong>. Az intelligens forg\u00f3 sz\u00e1jr\u00e9sznek k\u00f6sz\u00f6nhet\u0151en k\u00f6nnyed\u00e9n v\u00e1lthat <strong>hat egyedi \u00edzkombin\u00e1ci\u00f3<\/strong> k\u00f6z\u00f6tt, \u00edgy p\u00e1ratlan sokoldal\u00fas\u00e1got biztos\u00edt egyetlen k\u00e9sz\u00fcl\u00e9kben.<\/p>\n<h4><strong>\u00cdzm\u00f3dok:<\/strong><\/h4>\n<ul>\n<li><strong>Vegyes bogy\u00f3s gy\u00fcm\u00f6lcs\u00f6k (A)<\/strong> &#8211; L\u00e9d\u00fas, \u00e9rett bogy\u00f3s gy\u00fcm\u00f6lcs\u00f6k l\u00e9d\u00fas kever\u00e9ke, \u00e9des \u00e9s fanyar.<\/li>\n<li><strong>Kiwi Passion Fruit Guava (B)<\/strong> &#8211; Friss\u00edt\u0151 tr\u00f3pusi gy\u00fcm\u00f6lcsf\u00fazi\u00f3<\/li>\n<li><strong>Strawberry Watermelon (C)<\/strong> &#8211; \u00c9des eper \u00e9s h\u0171s g\u00f6r\u00f6gdinnye kombin\u00e1lva.<\/li>\n<\/ul>\n<h4><strong>Vegyes \u00edzm\u00f3dok:<\/strong><\/h4>\n<ul>\n<li><strong>Mix AB<\/strong> &#8211; Gazdag bogy\u00f3s gy\u00fcm\u00f6lcskever\u00e9k tal\u00e1lkozik a tr\u00f3pusi frissess\u00e9ggel<\/li>\n<li><strong>Mix BC<\/strong> &#8211; Tr\u00f3pusi gy\u00fcm\u00f6lcs\u00f6k egyens\u00falyban \u00e9des eper g\u00f6r\u00f6gdinny\u00e9vel<\/li>\n<li><strong>Mix CA<\/strong> &#8211; Epres g\u00f6r\u00f6gdinnye \u00e9s vegyes bogy\u00f3s gy\u00fcm\u00f6lcs\u00f6k kellemes kever\u00e9ke.<\/li>\n<\/ul>\n<p>Egyszer\u0171en emelje fel \u00e9s forgassa el a sz\u00f3r\u00f3fejet az \u00edzek v\u00e1ltakoz\u00e1s\u00e1hoz:<br \/>\n<strong>A \u2192 Mix AB \u2192 B \u2192 Mix BC \u2192 C \u2192 Mix CA<\/strong><\/p>\n<p>Z\u00f6kken\u0151mentes ciklus mind a hat lehets\u00e9ges \u00edzt egy egyszer\u0171 sz\u00e1jdarab forgat\u00e1ssal. \u00c9lvezze a 6 az 1-ben rendszer v\u00e9gs\u0151 k\u00e9nyelm\u00e9t. K\u00edv\u00e1ncsi? N\u00e9zze meg bemutat\u00f3 <a href=\"https:\/\/www.youtube.com\/watch?v=CoxB_HvaU3k\">vide\u00f3nkat<\/a>.<\/p>\n<h3><strong>A term\u00e9k kiemelked\u0151 jellemz\u0151i<\/strong><\/h3>\n<ul>\n<li>Ak\u00e1r 60.000 slukk a hosszan tart\u00f3 \u00e9lvezet\u00e9rt<\/li>\n<li>6 az 1-ben \u00edzrendszer: 3 szimpla + 3 vegyes \u00edz<\/li>\n<li>Teljes e-folyad\u00e9k kapacit\u00e1s: 60ml (3 \u00d7 20ml pod)<\/li>\n<li>Nikotin er\u0151ss\u00e9g: 2% \/ 5% kaphat\u00f3<\/li>\n<li>850mAh \u00fajrat\u00f6lthet\u0151 akkumul\u00e1tor Type-C t\u00f6lt\u00e9ssel<\/li>\n<li>Fejlett h\u00e1l\u00f3s tekercs a gazdag, sima g\u0151z\u00e9rt<\/li>\n<li>LED kijelz\u0151 mutatja az akkumul\u00e1tor \u00e9lettartam\u00e1t \u00e9s az \u00fczemm\u00f3d \u00e1llapot\u00e1t<\/li>\n<li>2 \u00e9ves eltarthat\u00f3s\u00e1gi id\u0151<\/li>\n<\/ul>\n<h3><strong>Fizzy Max III 6in1 60000 Puffs Eldobhat\u00f3 Vape \u00edzek list\u00e1ja:<\/strong><\/h3>\n<ol>\n<li><a href=\"https:\/\/shop.fizzyvape.com\/hu\/termek\/fizzy-max-iii-6in1-60k-60000-puffs-eldobhato-vape-eper-malna-es-mango-barack-es-afonya-gorogdinnye\/\">Eper M\u00e1lna \u00e9s mang\u00f3 Barack \u00e9s \u00e1fonya G\u00f6r\u00f6gdinnye<\/a><\/li>\n<li><a href=\"https:\/\/shop.fizzyvape.com\/hu\/termek\/fizzy-max-iii-6in1-60k-60000-puffs-eldobhato-vape-vegyes-bogyo-es-kiwi-golgotavirag-guava-es-eper-gorogdinnye\/\">Vegyes bogy\u00f3s gy\u00fcm\u00f6lcs \u00e9s kiwi maracuja Guava \u00e9s eper g\u00f6r\u00f6gdinnye<\/a><\/li>\n<li><a href=\"https:\/\/shop.fizzyvape.com\/hu\/termek\/fizzy-max-iii-6in1-60k-60000-puffs-eldobhato-vape-afonya-malna-es-tripla-dinnye-es-eper-jeg\/\">\u00c1fonya-m\u00e1lna &amp; h\u00e1rmas dinnye &amp; eper j\u00e9g<\/a><\/li>\n<li><a href=\"https:\/\/shop.fizzyvape.com\/hu\/termek\/fizzy-max-iii-6in1-60k-60000-puffs-eldobhato-vape-eper-sarkanygyumolcs-red-bull-malna-gorogdinnye\/\">Eper s\u00e1rk\u00e1nygy\u00fcm\u00f6lcs &amp; Red Bull &amp; m\u00e1lna g\u00f6r\u00f6gdinnye<\/a><\/li>\n<li><a href=\"https:\/\/shop.fizzyvape.com\/hu\/termek\/fizzy-max-iii-6in1-60k-60000-puffs-eldobhato-vape-eper-kiwi-afonya-jeg-gorogdinnye-jeg\/\">Eper-kiwi &amp; \u00e1fonya j\u00e9g &amp; g\u00f6r\u00f6gdinnye j\u00e9g<\/a><\/li>\n<li><a href=\"https:\/\/shop.fizzyvape.com\/hu\/termek\/fizzy-max-iii-6in1-60k-60000-puffs-eldobhato-vape-blueberry-ice-fizzy-cherry-raspberry-lemon\/\">\u00c1fonya Ice &amp; Fizzy Cherry &amp; M\u00e1lna Lemon<\/a><\/li>\n<li><a href=\"https:\/\/shop.fizzyvape.com\/hu\/termek\/fizzy-max-iii-6in1-60k-60000-puffs-eldobhato-vape-gorogdinnye-jeg-es-eper-vanilia-kola-es-vegyes-bogyo\/\">G\u00f6r\u00f6gdinnye j\u00e9g &amp; eper Van\u00edlia k\u00f3la &amp; vegyes<\/a><\/li>\n<li><a href=\"https:\/\/shop.fizzyvape.com\/hu\/termek\/fizzy-max-iii-6in1-60k-60000-puffs-eldobhato-vape-eper-szolo-es-afonya-kokusz-es-barack-citrom\/\">Eper Sz\u0151l\u0151 &amp; \u00c1fonya K\u00f3kusz &amp; Barack Citrom<\/a><\/li>\n<li><a href=\"https:\/\/shop.fizzyvape.com\/hu\/termek\/fizzy-max-iii-6in1-60k-60000-puffs-eldobhato-vape-blue-razz-ice-strawberry-kiwi-sour-ananasz-narancs\/\">Blue Razz Ice &amp; Strawberry Kiwi &amp; Sour Anan\u00e1sz Narancs<\/a><\/li>\n<li><a href=\"https:\/\/shop.fizzyvape.com\/hu\/termek\/fizzy-max-iii-6in1-60k-60000-puffs-eldobhato-vape-eper-gorogdinnye-citromos-lime-afonya-kokuszdio\/\">Epres g\u00f6r\u00f6gdinnye &amp; citromos lime &amp; \u00e1fony\u00e1s k\u00f3kuszos<\/a><\/li>\n<\/ol>\n<h3><strong>Vaping St\u00edlusok minden preferenci\u00e1nak<\/strong><\/h3>\n<p><strong>Single-Flavor Mode (MTL):<\/strong><br \/>\nSima sz\u00e1jb\u00f3l a t\u00fcd\u0151be h\u00faz\u00e1s, amely a hagyom\u00e1nyos cigaretta feszes h\u00faz\u00e1s\u00e1t ut\u00e1nozza, t\u00f6k\u00e9letes az egyes \u00edzek tisztas\u00e1g\u00e1nak ki\u00e9l\u00e9s\u00e9hez.<\/p>\n<p><strong>Dual-Flavor Mix Mode (DL):<\/strong><br \/>\nA megn\u00f6velt l\u00e9g\u00e1raml\u00e1s t\u00e1mogatja a mer\u00e9sz, k\u00f6zvetlen t\u00fcd\u0151bel\u00e9gz\u00e9st gazdag g\u0151zzel \u00e9s \u00f6sszetett \u00edzkever\u00e9kekkel.<\/p>\n<h3><strong>Mi\u00e9rt v\u00e1lassza a Fizzy Max III 6in1-et?<\/strong><\/h3>\n<ul>\n<li>K\u00f6nnyed \u00edzv\u00e1lt\u00e1s a forg\u00f3 sz\u00e1jr\u00e9sz seg\u00edts\u00e9g\u00e9vel<\/li>\n<li>Hossz\u00fa \u00e9lettartam\u00fa akkumul\u00e1tor \u00e9s e-folyad\u00e9k kapacit\u00e1s &#8211; ak\u00e1r 60.000 slukkol\u00e1sig<\/li>\n<li>Hat \u00edz egy kompakt, \u00fajrat\u00f6lthet\u0151 k\u00e9sz\u00fcl\u00e9kben<\/li>\n<li>Gyors sz\u00e1ll\u00edt\u00e1s Eur\u00f3p\u00e1b\u00f3l &#8211; gyors sz\u00e1ll\u00edt\u00e1s v\u00e1mk\u00e9sedelem n\u00e9lk\u00fcl<\/li>\n<\/ul>\n<h3><strong>GYIK &#8211; Fizzy Max III 6in1 60K Eldobhat\u00f3 Vape<\/strong><\/h3>\n<h4>1. <strong>Hogyan v\u00e1lthatok a k\u00fcl\u00f6nb\u00f6z\u0151 \u00edzek k\u00f6z\u00f6tt a Fizzy Max III 6in1 k\u00e9sz\u00fcl\u00e9kben?<\/strong><\/h4>\n<p>Az \u00edzek v\u00e1lt\u00e1s\u00e1hoz egyszer\u0171en <strong>emelje fel \u00e9s forgassa el a sz\u00e1jdarabot<\/strong>. Az intelligens forgat\u00e1si rendszer lehet\u0151v\u00e9 teszi, hogy ebben a sorrendben hat \u00edzprofilt v\u00e1ltson:<br \/>\n<strong>A \u2192 Mix AB \u2192 B \u2192 Mix BC \u2192 C \u2192 Mix CA<\/strong> &#8211; \u00edgy k\u00f6nnyed\u00e9n hozz\u00e1f\u00e9rhet minden egyes \u00e9s vegyes kombin\u00e1ci\u00f3hoz.<\/p>\n<h4>2. <strong>H\u00e1ny puffot biztos\u00edt a Fizzy Max III 6in1?<\/strong><\/h4>\n<p>Ez a k\u00e9sz\u00fcl\u00e9k <strong>ak\u00e1r 60.000 slukkot is<\/strong> biztos\u00edt, k\u00f6sz\u00f6nhet\u0151en a <strong>60 ml-es e-folyad\u00e9k kapacit\u00e1snak<\/strong> \u00e9s az er\u0151teljes <strong>850 mAh-s \u00fajrat\u00f6lthet\u0151 akkumul\u00e1tornak<\/strong>, \u00edgy ez az egyik leghosszabb \u00e9lettartam\u00fa eldobhat\u00f3 p\u00e1rologtat\u00f3 a piacon.<\/p>\n<h4>4. <strong>A Fizzy Max III alkalmas mind MTL, mind DL p\u00e1rologtat\u00e1si st\u00edlusokhoz?<\/strong><\/h4>\n<p>Igen!<\/p>\n<ul>\n<li>Haszn\u00e1lja az <strong>Egyf\u00e9le \u00edz\u0171 \u00fczemm\u00f3dot<\/strong> a <strong>sz\u00e1jb\u00f3l a t\u00fcd\u0151be (MTL<\/strong> ) h\u00faz\u00e1shoz &#8211; nagyszer\u0171 azok sz\u00e1m\u00e1ra, akik a cigarettaszer\u0171 \u00e9lm\u00e9nyt kedvelik.<\/li>\n<li>V\u00e1ltson \u00e1t a <strong>Dual-Flavor Mix \u00fczemm\u00f3dra<\/strong> a <strong>k\u00f6zvetlen t\u00fcd\u0151vel (DL)<\/strong> t\u00f6rt\u00e9n\u0151 p\u00e1rologtat\u00e1shoz &#8211; optimaliz\u00e1lva a nagy felh\u0151kh\u00f6z \u00e9s a mer\u00e9sz \u00edzekhez a megn\u00f6velt l\u00e9g\u00e1raml\u00e1ssal.<\/li>\n<\/ul>\n<h4>5. <strong>\u00dajrat\u00f6lthet\u0151-e a k\u00e9sz\u00fcl\u00e9k, \u00e9s hogyan t\u00f6lthetem fel?<\/strong><\/h4>\n<p>Abszol\u00fat. A Fizzy Max III 6in1 <strong>850mAh-s \u00fajrat\u00f6lthet\u0151 akkumul\u00e1torral<\/strong> rendelkezik, \u00e9s t\u00e1mogatja a <strong>C-t\u00edpus\u00fa t\u00f6lt\u00e9st<\/strong>, \u00edgy sz\u00fcks\u00e9g eset\u00e9n gyors \u00e9s k\u00e9nyelmes felt\u00f6lt\u00e9st biztos\u00edt.<\/p>\n","protected":false},"excerpt":{"rendered":"<p>V\u00e1lt\u00e1s 6 \u00edz k\u00f6z\u00f6tt (vegyes bogy\u00f3s gy\u00fcm\u00f6lcs, kiwi, passi\u00f3gy\u00fcm\u00f6lcs, guava, eper, g\u00f6r\u00f6gdinnye \u00e9s kever\u00e9kek) a forgathat\u00f3 sz\u00e1jr\u00e9szen kereszt\u00fcl. \u00c9lvezze a 60 000 puffot, az \u00e1ll\u00edthat\u00f3 l\u00e9g\u00e1raml\u00e1st, a kett\u0151s \u00fczemm\u00f3dot \u00e9s az \u00fajrat\u00f6lthet\u0151 akkumul\u00e1tort.<\/p>\n","protected":false},"featured_media":18728,"comment_status":"open","ping_status":"closed","template":"","meta":[],"product_brand":[],"product_cat":[149,148],"product_tag":[135,136,137,138],"class_list":{"0":"post-19689","1":"product","2":"type-product","3":"status-publish","4":"has-post-thumbnail","6":"product_cat-fizzy-max-iii-60000-puffs-eldobhato-vape","7":"product_cat-ujratoltheto-eldobhato-vape","8":"product_tag-6-az-1-ben-izek","9":"product_tag-60k-puffs-hu","10":"product_tag-eldobhato-vape","11":"product_tag-ujratoltheto","13":"first","14":"outofstock","15":"shipping-taxable","16":"purchasable","17":"product-type-variable"},"yoast_head":"<!-- This site is optimized with the Yoast SEO Premium plugin v24.8 (Yoast SEO v27.4) - https:\/\/yoast.com\/product\/yoast-seo-premium-wordpress\/ -->\n<title>Fizzy Max III 6in1 60K 60000 puff - 6 \u00edz\u0171 eldobhat\u00f3 vape<\/title>\n<meta name=\"description\" content=\"Tapasztalja meg a hat pr\u00e9mium \u00edzvil\u00e1got egyben a Fizzy Max III 6in1 . Ak\u00e1r 60 000 puff, kett\u0151s p\u00e1rologtat\u00e1si m\u00f3d, Type-C t\u00f6lt\u00e9s \u00e9s \u00e1ll\u00edthat\u00f3 l\u00e9g\u00e1raml\u00e1s.\" \/>\n<meta name=\"robots\" content=\"index, follow, max-snippet:-1, max-image-preview:large, max-video-preview:-1\" \/>\n<link rel=\"canonical\" href=\"https:\/\/shop.fizzyvape.com\/hu\/termek\/fizzy-max-iii-6in1-60k-60000-puffs-eldobhato-vape-vegyes-bogyo-es-kiwi-golgotavirag-guava-es-eper-gorogdinnye\/\" \/>\n<meta property=\"og:locale\" content=\"hu_HU\" \/>\n<meta property=\"og:type\" content=\"article\" \/>\n<meta property=\"og:title\" content=\"Fizzy Max III 6in1 60K 60000 Puffs Eldobhat\u00f3 Vape - Vegyes bogy\u00f3 \u00e9s kiwi golgotavir\u00e1g Guava \u00e9s eper g\u00f6r\u00f6gdinnye\" \/>\n<meta property=\"og:description\" content=\"Tapasztalja meg a hat pr\u00e9mium \u00edzvil\u00e1got egyben a Fizzy Max III 6in1 . Ak\u00e1r 60 000 puff, kett\u0151s p\u00e1rologtat\u00e1si m\u00f3d, Type-C t\u00f6lt\u00e9s \u00e9s \u00e1ll\u00edthat\u00f3 l\u00e9g\u00e1raml\u00e1s.\" \/>\n<meta property=\"og:url\" content=\"https:\/\/shop.fizzyvape.com\/hu\/termek\/fizzy-max-iii-6in1-60k-60000-puffs-eldobhato-vape-vegyes-bogyo-es-kiwi-golgotavirag-guava-es-eper-gorogdinnye\/\" \/>\n<meta property=\"og:site_name\" content=\"shop.fizzyvape.com\" \/>\n<meta property=\"article:modified_time\" content=\"2025-12-01T01:23:40+00:00\" \/>\n<meta property=\"og:image\" content=\"https:\/\/shop.fizzyvape.com\/wp-content\/uploads\/2025\/05\/Fizzy-Max-III-6in1-60K-60000-Puffs-9.jpg\" \/>\n\t<meta property=\"og:image:width\" content=\"800\" \/>\n\t<meta property=\"og:image:height\" content=\"800\" \/>\n\t<meta property=\"og:image:type\" content=\"image\/jpeg\" \/>\n<meta name=\"twitter:card\" content=\"summary_large_image\" \/>\n<meta name=\"twitter:label1\" content=\"Becs\u00fclt olvas\u00e1si id\u0151\" \/>\n\t<meta name=\"twitter:data1\" content=\"4 perc\" \/>\n<script type=\"application\/ld+json\" class=\"yoast-schema-graph\">{\"@context\":\"https:\\\/\\\/schema.org\",\"@graph\":[{\"@type\":\"WebPage\",\"@id\":\"https:\\\/\\\/shop.fizzyvape.com\\\/hu\\\/termek\\\/fizzy-max-iii-6in1-60k-60000-puffs-eldobhato-vape-vegyes-bogyo-es-kiwi-golgotavirag-guava-es-eper-gorogdinnye\\\/\",\"url\":\"https:\\\/\\\/shop.fizzyvape.com\\\/hu\\\/termek\\\/fizzy-max-iii-6in1-60k-60000-puffs-eldobhato-vape-vegyes-bogyo-es-kiwi-golgotavirag-guava-es-eper-gorogdinnye\\\/\",\"name\":\"Fizzy Max III 6in1 60K 60000 puff - 6 \u00edz\u0171 eldobhat\u00f3 vape\",\"isPartOf\":{\"@id\":\"https:\\\/\\\/shop.fizzyvape.com\\\/hu\\\/#website\"},\"primaryImageOfPage\":{\"@id\":\"https:\\\/\\\/shop.fizzyvape.com\\\/hu\\\/termek\\\/fizzy-max-iii-6in1-60k-60000-puffs-eldobhato-vape-vegyes-bogyo-es-kiwi-golgotavirag-guava-es-eper-gorogdinnye\\\/#primaryimage\"},\"image\":{\"@id\":\"https:\\\/\\\/shop.fizzyvape.com\\\/hu\\\/termek\\\/fizzy-max-iii-6in1-60k-60000-puffs-eldobhato-vape-vegyes-bogyo-es-kiwi-golgotavirag-guava-es-eper-gorogdinnye\\\/#primaryimage\"},\"thumbnailUrl\":\"https:\\\/\\\/shop.fizzyvape.com\\\/wp-content\\\/uploads\\\/2025\\\/05\\\/Fizzy-Max-III-6in1-60K-60000-Puffs-9.jpg\",\"datePublished\":\"2025-05-30T07:53:08+00:00\",\"dateModified\":\"2025-12-01T01:23:40+00:00\",\"description\":\"Tapasztalja meg a hat pr\u00e9mium \u00edzvil\u00e1got egyben a Fizzy Max III 6in1 . Ak\u00e1r 60 000 puff, kett\u0151s p\u00e1rologtat\u00e1si m\u00f3d, Type-C t\u00f6lt\u00e9s \u00e9s \u00e1ll\u00edthat\u00f3 l\u00e9g\u00e1raml\u00e1s.\",\"breadcrumb\":{\"@id\":\"https:\\\/\\\/shop.fizzyvape.com\\\/hu\\\/termek\\\/fizzy-max-iii-6in1-60k-60000-puffs-eldobhato-vape-vegyes-bogyo-es-kiwi-golgotavirag-guava-es-eper-gorogdinnye\\\/#breadcrumb\"},\"inLanguage\":\"hu\",\"potentialAction\":[{\"@type\":\"ReadAction\",\"target\":[\"https:\\\/\\\/shop.fizzyvape.com\\\/hu\\\/termek\\\/fizzy-max-iii-6in1-60k-60000-puffs-eldobhato-vape-vegyes-bogyo-es-kiwi-golgotavirag-guava-es-eper-gorogdinnye\\\/\"]}]},{\"@type\":\"ImageObject\",\"inLanguage\":\"hu\",\"@id\":\"https:\\\/\\\/shop.fizzyvape.com\\\/hu\\\/termek\\\/fizzy-max-iii-6in1-60k-60000-puffs-eldobhato-vape-vegyes-bogyo-es-kiwi-golgotavirag-guava-es-eper-gorogdinnye\\\/#primaryimage\",\"url\":\"https:\\\/\\\/shop.fizzyvape.com\\\/wp-content\\\/uploads\\\/2025\\\/05\\\/Fizzy-Max-III-6in1-60K-60000-Puffs-9.jpg\",\"contentUrl\":\"https:\\\/\\\/shop.fizzyvape.com\\\/wp-content\\\/uploads\\\/2025\\\/05\\\/Fizzy-Max-III-6in1-60K-60000-Puffs-9.jpg\",\"width\":800,\"height\":800,\"caption\":\"Fizzy Max III 6in1 60K 60000 Puffs-9\"},{\"@type\":\"BreadcrumbList\",\"@id\":\"https:\\\/\\\/shop.fizzyvape.com\\\/hu\\\/termek\\\/fizzy-max-iii-6in1-60k-60000-puffs-eldobhato-vape-vegyes-bogyo-es-kiwi-golgotavirag-guava-es-eper-gorogdinnye\\\/#breadcrumb\",\"itemListElement\":[{\"@type\":\"ListItem\",\"position\":1,\"name\":\"\u9996\u9875\",\"item\":\"https:\\\/\\\/shop.fizzyvape.com\\\/hu\\\/\"},{\"@type\":\"ListItem\",\"position\":2,\"name\":\"Shop\",\"item\":\"https:\\\/\\\/shop.fizzyvape.com\\\/shop\\\/\"},{\"@type\":\"ListItem\",\"position\":3,\"name\":\"Fizzy Max III 6in1 60K 60000 Puffs Eldobhat\u00f3 Vape &#8211; Vegyes bogy\u00f3 \u00e9s kiwi golgotavir\u00e1g Guava \u00e9s eper g\u00f6r\u00f6gdinnye\"}]},{\"@type\":\"WebSite\",\"@id\":\"https:\\\/\\\/shop.fizzyvape.com\\\/hu\\\/#website\",\"url\":\"https:\\\/\\\/shop.fizzyvape.com\\\/hu\\\/\",\"name\":\"shop.fizzyvape.com\",\"description\":\"The Best Disposable Vape In Europe | 10000 - 60000 Puffs  | Free Shipping\",\"potentialAction\":[{\"@type\":\"SearchAction\",\"target\":{\"@type\":\"EntryPoint\",\"urlTemplate\":\"https:\\\/\\\/shop.fizzyvape.com\\\/hu\\\/?s={search_term_string}\"},\"query-input\":{\"@type\":\"PropertyValueSpecification\",\"valueRequired\":true,\"valueName\":\"search_term_string\"}}],\"inLanguage\":\"hu\"}]}<\/script>\n<!-- \/ Yoast SEO Premium plugin. -->","yoast_head_json":{"title":"Fizzy Max III 6in1 60K 60000 puff - 6 \u00edz\u0171 eldobhat\u00f3 vape","description":"Tapasztalja meg a hat pr\u00e9mium \u00edzvil\u00e1got egyben a Fizzy Max III 6in1 . Ak\u00e1r 60 000 puff, kett\u0151s p\u00e1rologtat\u00e1si m\u00f3d, Type-C t\u00f6lt\u00e9s \u00e9s \u00e1ll\u00edthat\u00f3 l\u00e9g\u00e1raml\u00e1s.","robots":{"index":"index","follow":"follow","max-snippet":"max-snippet:-1","max-image-preview":"max-image-preview:large","max-video-preview":"max-video-preview:-1"},"canonical":"https:\/\/shop.fizzyvape.com\/hu\/termek\/fizzy-max-iii-6in1-60k-60000-puffs-eldobhato-vape-vegyes-bogyo-es-kiwi-golgotavirag-guava-es-eper-gorogdinnye\/","og_locale":"hu_HU","og_type":"article","og_title":"Fizzy Max III 6in1 60K 60000 Puffs Eldobhat\u00f3 Vape - Vegyes bogy\u00f3 \u00e9s kiwi golgotavir\u00e1g Guava \u00e9s eper g\u00f6r\u00f6gdinnye","og_description":"Tapasztalja meg a hat pr\u00e9mium \u00edzvil\u00e1got egyben a Fizzy Max III 6in1 . Ak\u00e1r 60 000 puff, kett\u0151s p\u00e1rologtat\u00e1si m\u00f3d, Type-C t\u00f6lt\u00e9s \u00e9s \u00e1ll\u00edthat\u00f3 l\u00e9g\u00e1raml\u00e1s.","og_url":"https:\/\/shop.fizzyvape.com\/hu\/termek\/fizzy-max-iii-6in1-60k-60000-puffs-eldobhato-vape-vegyes-bogyo-es-kiwi-golgotavirag-guava-es-eper-gorogdinnye\/","og_site_name":"shop.fizzyvape.com","article_modified_time":"2025-12-01T01:23:40+00:00","og_image":[{"width":800,"height":800,"url":"https:\/\/shop.fizzyvape.com\/wp-content\/uploads\/2025\/05\/Fizzy-Max-III-6in1-60K-60000-Puffs-9.jpg","type":"image\/jpeg"}],"twitter_card":"summary_large_image","twitter_misc":{"Becs\u00fclt olvas\u00e1si id\u0151":"4 perc"},"schema":{"@context":"https:\/\/schema.org","@graph":[{"@type":"WebPage","@id":"https:\/\/shop.fizzyvape.com\/hu\/termek\/fizzy-max-iii-6in1-60k-60000-puffs-eldobhato-vape-vegyes-bogyo-es-kiwi-golgotavirag-guava-es-eper-gorogdinnye\/","url":"https:\/\/shop.fizzyvape.com\/hu\/termek\/fizzy-max-iii-6in1-60k-60000-puffs-eldobhato-vape-vegyes-bogyo-es-kiwi-golgotavirag-guava-es-eper-gorogdinnye\/","name":"Fizzy Max III 6in1 60K 60000 puff - 6 \u00edz\u0171 eldobhat\u00f3 vape","isPartOf":{"@id":"https:\/\/shop.fizzyvape.com\/hu\/#website"},"primaryImageOfPage":{"@id":"https:\/\/shop.fizzyvape.com\/hu\/termek\/fizzy-max-iii-6in1-60k-60000-puffs-eldobhato-vape-vegyes-bogyo-es-kiwi-golgotavirag-guava-es-eper-gorogdinnye\/#primaryimage"},"image":{"@id":"https:\/\/shop.fizzyvape.com\/hu\/termek\/fizzy-max-iii-6in1-60k-60000-puffs-eldobhato-vape-vegyes-bogyo-es-kiwi-golgotavirag-guava-es-eper-gorogdinnye\/#primaryimage"},"thumbnailUrl":"https:\/\/shop.fizzyvape.com\/wp-content\/uploads\/2025\/05\/Fizzy-Max-III-6in1-60K-60000-Puffs-9.jpg","datePublished":"2025-05-30T07:53:08+00:00","dateModified":"2025-12-01T01:23:40+00:00","description":"Tapasztalja meg a hat pr\u00e9mium \u00edzvil\u00e1got egyben a Fizzy Max III 6in1 . Ak\u00e1r 60 000 puff, kett\u0151s p\u00e1rologtat\u00e1si m\u00f3d, Type-C t\u00f6lt\u00e9s \u00e9s \u00e1ll\u00edthat\u00f3 l\u00e9g\u00e1raml\u00e1s.","breadcrumb":{"@id":"https:\/\/shop.fizzyvape.com\/hu\/termek\/fizzy-max-iii-6in1-60k-60000-puffs-eldobhato-vape-vegyes-bogyo-es-kiwi-golgotavirag-guava-es-eper-gorogdinnye\/#breadcrumb"},"inLanguage":"hu","potentialAction":[{"@type":"ReadAction","target":["https:\/\/shop.fizzyvape.com\/hu\/termek\/fizzy-max-iii-6in1-60k-60000-puffs-eldobhato-vape-vegyes-bogyo-es-kiwi-golgotavirag-guava-es-eper-gorogdinnye\/"]}]},{"@type":"ImageObject","inLanguage":"hu","@id":"https:\/\/shop.fizzyvape.com\/hu\/termek\/fizzy-max-iii-6in1-60k-60000-puffs-eldobhato-vape-vegyes-bogyo-es-kiwi-golgotavirag-guava-es-eper-gorogdinnye\/#primaryimage","url":"https:\/\/shop.fizzyvape.com\/wp-content\/uploads\/2025\/05\/Fizzy-Max-III-6in1-60K-60000-Puffs-9.jpg","contentUrl":"https:\/\/shop.fizzyvape.com\/wp-content\/uploads\/2025\/05\/Fizzy-Max-III-6in1-60K-60000-Puffs-9.jpg","width":800,"height":800,"caption":"Fizzy Max III 6in1 60K 60000 Puffs-9"},{"@type":"BreadcrumbList","@id":"https:\/\/shop.fizzyvape.com\/hu\/termek\/fizzy-max-iii-6in1-60k-60000-puffs-eldobhato-vape-vegyes-bogyo-es-kiwi-golgotavirag-guava-es-eper-gorogdinnye\/#breadcrumb","itemListElement":[{"@type":"ListItem","position":1,"name":"\u9996\u9875","item":"https:\/\/shop.fizzyvape.com\/hu\/"},{"@type":"ListItem","position":2,"name":"Shop","item":"https:\/\/shop.fizzyvape.com\/shop\/"},{"@type":"ListItem","position":3,"name":"Fizzy Max III 6in1 60K 60000 Puffs Eldobhat\u00f3 Vape &#8211; Vegyes bogy\u00f3 \u00e9s kiwi golgotavir\u00e1g Guava \u00e9s eper g\u00f6r\u00f6gdinnye"}]},{"@type":"WebSite","@id":"https:\/\/shop.fizzyvape.com\/hu\/#website","url":"https:\/\/shop.fizzyvape.com\/hu\/","name":"shop.fizzyvape.com","description":"The Best Disposable Vape In Europe | 10000 - 60000 Puffs  | Free Shipping","potentialAction":[{"@type":"SearchAction","target":{"@type":"EntryPoint","urlTemplate":"https:\/\/shop.fizzyvape.com\/hu\/?s={search_term_string}"},"query-input":{"@type":"PropertyValueSpecification","valueRequired":true,"valueName":"search_term_string"}}],"inLanguage":"hu"}]}},"tiered_pricing_type":"fixed","tiered_pricing_fixed_rules":[],"tiered_pricing_product_settings":{"layout":"default","base_unit_name":{"singular":null,"plural":null},"default_variation":null},"tiered_pricing_minimum_quantity":null,"tiered_pricing_roles_data":[],"tiered_pricing_percentage_rules":[],"tiered_pricing_maximum_quantity":null,"tiered_pricing_quantity_step":null,"_links":{"self":[{"href":"https:\/\/shop.fizzyvape.com\/hu\/wp-json\/wp\/v2\/product\/19689","targetHints":{"allow":["GET"]}}],"collection":[{"href":"https:\/\/shop.fizzyvape.com\/hu\/wp-json\/wp\/v2\/product"}],"about":[{"href":"https:\/\/shop.fizzyvape.com\/hu\/wp-json\/wp\/v2\/types\/product"}],"replies":[{"embeddable":true,"href":"https:\/\/shop.fizzyvape.com\/hu\/wp-json\/wp\/v2\/comments?post=19689"}],"version-history":[{"count":0,"href":"https:\/\/shop.fizzyvape.com\/hu\/wp-json\/wp\/v2\/product\/19689\/revisions"}],"wp:featuredmedia":[{"embeddable":true,"href":"https:\/\/shop.fizzyvape.com\/hu\/wp-json\/wp\/v2\/media\/18728"}],"wp:attachment":[{"href":"https:\/\/shop.fizzyvape.com\/hu\/wp-json\/wp\/v2\/media?parent=19689"}],"wp:term":[{"taxonomy":"product_brand","embeddable":true,"href":"https:\/\/shop.fizzyvape.com\/hu\/wp-json\/wp\/v2\/product_brand?post=19689"},{"taxonomy":"product_cat","embeddable":true,"href":"https:\/\/shop.fizzyvape.com\/hu\/wp-json\/wp\/v2\/product_cat?post=19689"},{"taxonomy":"product_tag","embeddable":true,"href":"https:\/\/shop.fizzyvape.com\/hu\/wp-json\/wp\/v2\/product_tag?post=19689"}],"curies":[{"name":"wp","href":"https:\/\/api.w.org\/{rel}","templated":true}]}}