{"id":19692,"date":"2025-05-30T07:52:59","date_gmt":"2025-05-30T07:52:59","guid":{"rendered":"https:\/\/shop.fizzyvape.com\/product\/fizzy-max-iii-6in1-60k-60000-puffs-eldobhato-vape-blueberry-ice-fizzy-cherry-raspberry-lemon\/"},"modified":"2025-12-01T01:22:51","modified_gmt":"2025-12-01T01:22:51","slug":"fizzy-max-iii-6in1-60k-60000-puffs-eldobhato-vape-blueberry-ice-fizzy-cherry-raspberry-lemon","status":"publish","type":"product","link":"https:\/\/shop.fizzyvape.com\/hu\/termek\/fizzy-max-iii-6in1-60k-60000-puffs-eldobhato-vape-blueberry-ice-fizzy-cherry-raspberry-lemon\/","title":{"rendered":"Fizzy Max III 6in1 60K 60000 Puffs Eldobhat\u00f3 Vape &#8211; Blueberry Ice &amp; Fizzy Cherry &amp; Raspberry Lemon"},"content":{"rendered":"<p><img decoding=\"async\" class=\"aligncenter\" src=\"\/wp-content\/uploads\/2025\/05\/Fizzy-Max-III-6in1-60K-60000-Puffs-5-1.webp\" alt=\"Fizzy Max III 60000 Puffs 6in1 eldobhat\u00f3 Vape (5)\" \/><\/p>\n<h1>Fizzy Max III 6in1 60K 60000 Puffs Eldobhat\u00f3 Vape &#8211; Blueberry Ice &amp; Fizzy Cherry &amp; Raspberry Lemon<\/h1>\n<p><strong>6 \u00edz 1 forradalmi eszk\u00f6zben<\/strong><br \/>\nTapasztalja meg a verhetetlen v\u00e1ltozatoss\u00e1got \u00e9s teljes\u00edtm\u00e9nyt a <strong>Fizzy Max III 6in1 60K Puffs eldobhat\u00f3 vape-vel<\/strong>, egy \u00e9lvonalbeli eldobhat\u00f3 vape-vel, amely <strong>h\u00e1rom pr\u00e9mium 20ml-es podot<\/strong> csomagol egyetlen eszk\u00f6zbe: <strong>Blueberry Ice<\/strong>, <strong>Fizzy Cherry<\/strong> \u00e9s <strong>Raspberry Lemon<\/strong>. Az intelligens rot\u00e1ci\u00f3s rendszernek k\u00f6sz\u00f6nhet\u0151en <strong>hat egyedi \u00edzprofilt<\/strong> \u00e9lvezhet &#8211; nincs \u00fajrat\u00f6lt\u00e9s, nincs podv\u00e1lt\u00e1s.<\/p>\n<h2>\u00cdzm\u00f3dok:<\/h2>\n<ul>\n<li><strong>Blueberry Ice (A)<\/strong> &#8211; Egy ropog\u00f3s, jeges, \u00e9des \u00e1fony\u00e1s fuvallat.<\/li>\n<li><strong>Fizzy Cherry (B)<\/strong> &#8211; Szikr\u00e1z\u00f3 csereszny\u00e9s sz\u00f3da sz\u00e9nsavas r\u00fag\u00e1ssal<\/li>\n<li><strong>Raspberry Lemon (C)<\/strong> &#8211; A fanyar m\u00e1lna \u00e9s a citrom pik\u00e1ns kever\u00e9ke.<\/li>\n<li><strong>Mix AB<\/strong> &#8211; H\u0171s\u00edt\u0151 \u00e1fony\u00e1s meggyes pezsg\u0151 fagyos sz\u00e9llel<\/li>\n<li><strong>Mix BC<\/strong> &#8211; Pezsg\u0151 citrusos meggyes robban\u00e1s<\/li>\n<li><strong>Mix CA<\/strong> &#8211; Jeges bogy\u00f3s limon\u00e1d\u00e9 egy fanyar csavarral<\/li>\n<\/ul>\n<p>Az \u00edzek k\u00f6z\u00f6tti v\u00e1lt\u00e1s egyszer\u0171 &#8211; csak <strong>emelje fel \u00e9s forgassa el a sz\u00e1jdarabot<\/strong> a ciklushoz:<br \/>\n<strong>A \u2192 Mix AB \u2192 B \u2192 Mix BC \u2192 C \u2192 Mix CA<\/strong><\/p>\n<p>Fedezze fel k\u00f6nnyed\u00e9n mind a hat \u00edzprofilt az intelligens forg\u00f3 kialak\u00edt\u00e1ssal, amely z\u00f6kken\u0151mentess\u00e9 \u00e9s z\u00f6kken\u0151mentess\u00e9 teszi az \u00edzek k\u00f6z\u00f6tti v\u00e1lt\u00e1st. N\u00e9zze meg, hogyan m\u0171k\u00f6dik a <a href=\"https:\/\/www.youtube.com\/watch?v=CoxB_HvaU3k\">dem\u00f3vide\u00f3nkban<\/a>.<\/p>\n<h2>A term\u00e9k kiemelked\u0151 jellemz\u0151i<\/h2>\n<ul>\n<li><strong>Puff:<\/strong> <strong>60,000 puffan\u00e1sig<\/strong><\/li>\n<li><strong>6 az 1-ben \u00edzrendszer<\/strong> &#8211; 3 egyes + 3 kever\u00e9k<\/li>\n<li><strong>E-folyad\u00e9k:<\/strong> \u00f6sszesen 60ml (3 \u00d7 20ml-es pod)<\/li>\n<li><strong>Nikotin:<\/strong> 2% \/ 5%<\/li>\n<li><strong>Akkumul\u00e1tor:<\/strong> 850mAh \u00fajrat\u00f6lthet\u0151 <strong>C-t\u00edpuson<\/strong> kereszt\u00fcl<\/li>\n<li><strong>Tekercs:<\/strong> Mesh Coil a gazdag \u00edz\u00e9rt \u00e9s a sima g\u0151z\u00e9rt.<\/li>\n<li><strong>LED kijelz\u0151:<\/strong> Akkumul\u00e1tor- \u00e9s \u00fczemm\u00f3djelz\u0151<\/li>\n<li><strong>Szavatoss\u00e1gi id\u0151:<\/strong> 2 \u00e9v<\/li>\n<\/ul>\n<h3><strong>Fizzy Max III 6in1 60000 Puffs Eldobhat\u00f3 Vape \u00edzek list\u00e1ja:<\/strong><\/h3>\n<ol>\n<li><a href=\"https:\/\/shop.fizzyvape.com\/hu\/termek\/fizzy-max-iii-6in1-60k-60000-puffs-eldobhato-vape-eper-malna-es-mango-barack-es-afonya-gorogdinnye\/\">Eper M\u00e1lna \u00e9s mang\u00f3 Barack \u00e9s \u00e1fonya G\u00f6r\u00f6gdinnye<\/a><\/li>\n<li><a href=\"https:\/\/shop.fizzyvape.com\/hu\/termek\/fizzy-max-iii-6in1-60k-60000-puffs-eldobhato-vape-vegyes-bogyo-es-kiwi-golgotavirag-guava-es-eper-gorogdinnye\/\">Vegyes bogy\u00f3s gy\u00fcm\u00f6lcs \u00e9s kiwi maracuja Guava \u00e9s eper g\u00f6r\u00f6gdinnye<\/a><\/li>\n<li><a href=\"https:\/\/shop.fizzyvape.com\/hu\/termek\/fizzy-max-iii-6in1-60k-60000-puffs-eldobhato-vape-afonya-malna-es-tripla-dinnye-es-eper-jeg\/\">\u00c1fonya-m\u00e1lna &amp; h\u00e1rmas dinnye &amp; eper j\u00e9g<\/a><\/li>\n<li><a href=\"https:\/\/shop.fizzyvape.com\/hu\/termek\/fizzy-max-iii-6in1-60k-60000-puffs-eldobhato-vape-eper-sarkanygyumolcs-red-bull-malna-gorogdinnye\/\">Eper s\u00e1rk\u00e1nygy\u00fcm\u00f6lcs &amp; Red Bull &amp; m\u00e1lna g\u00f6r\u00f6gdinnye<\/a><\/li>\n<li><a href=\"https:\/\/shop.fizzyvape.com\/hu\/termek\/fizzy-max-iii-6in1-60k-60000-puffs-eldobhato-vape-eper-kiwi-afonya-jeg-gorogdinnye-jeg\/\">Eper-kiwi &amp; \u00e1fonya j\u00e9g &amp; g\u00f6r\u00f6gdinnye j\u00e9g<\/a><\/li>\n<li><a href=\"https:\/\/shop.fizzyvape.com\/hu\/termek\/fizzy-max-iii-6in1-60k-60000-puffs-eldobhato-vape-blueberry-ice-fizzy-cherry-raspberry-lemon\/\">\u00c1fonya Ice &amp; Fizzy Cherry &amp; M\u00e1lna Lemon<\/a><\/li>\n<li><a href=\"https:\/\/shop.fizzyvape.com\/hu\/termek\/fizzy-max-iii-6in1-60k-60000-puffs-eldobhato-vape-gorogdinnye-jeg-es-eper-vanilia-kola-es-vegyes-bogyo\/\">G\u00f6r\u00f6gdinnye j\u00e9g &amp; eper Van\u00edlia k\u00f3la &amp; vegyes<\/a><\/li>\n<li><a href=\"https:\/\/shop.fizzyvape.com\/hu\/termek\/fizzy-max-iii-6in1-60k-60000-puffs-eldobhato-vape-eper-szolo-es-afonya-kokusz-es-barack-citrom\/\">Eper Sz\u0151l\u0151 &amp; \u00c1fonya K\u00f3kusz &amp; Barack Citrom<\/a><\/li>\n<li><a href=\"https:\/\/shop.fizzyvape.com\/hu\/termek\/fizzy-max-iii-6in1-60k-60000-puffs-eldobhato-vape-blue-razz-ice-strawberry-kiwi-sour-ananasz-narancs\/\">Blue Razz Ice &amp; Strawberry Kiwi &amp; Sour Anan\u00e1sz Narancs<\/a><\/li>\n<li><a href=\"https:\/\/shop.fizzyvape.com\/hu\/termek\/fizzy-max-iii-6in1-60k-60000-puffs-eldobhato-vape-eper-gorogdinnye-citromos-lime-afonya-kokuszdio\/\">Epres g\u00f6r\u00f6gdinnye &amp; citromos lime &amp; \u00e1fony\u00e1s k\u00f3kuszos<\/a><\/li>\n<\/ol>\n<h3><strong>Minden vaping st\u00edlushoz<\/strong><\/h3>\n<p><strong>MTL &#8211; Single Flavor Mode:<\/strong><br \/>\nT\u00f6k\u00e9letes a hagyom\u00e1nyos cigaretta bel\u00e9gz\u00e9s\u00e9hez hasonl\u00f3, sima sz\u00e1jb\u00f3l a t\u00fcd\u0151be h\u00faz\u00e1shoz \u00e9s az \u00edzek tisztas\u00e1g\u00e1hoz.<\/p>\n<p><strong>DL &#8211; Dual-Flavor Mix Mode:<\/strong><br \/>\nMer\u00e9sz, k\u00f6zvetlen t\u00fcd\u0151re hat\u00f3, megn\u00f6velt l\u00e9g\u00e1raml\u00e1s\u00fa \u00e9s \u00f6sszetett \u00edz\u0171 felh\u0151kh\u00f6z tervezett &#8211; ide\u00e1lis a felh\u0151vad\u00e1szok sz\u00e1m\u00e1ra.<\/p>\n<h2>Mi\u00e9rt v\u00e1lassza a Fizzy Max III 6in1-et?<\/h2>\n<ul>\n<li><strong>\u00cdzv\u00e1lt\u00e1s egyszer\u0171en:<\/strong> Forgat\u00e1ssal m\u00e1sodpercek alatt v\u00e1lthat \u00edzeket<\/li>\n<li><strong>Hossz\u00fa \u00e9lettartam\u00fa teljes\u00edtm\u00e9ny:<\/strong> Egyetlen felt\u00f6lt\u00e9ssel ak\u00e1r 60.000 slukkot is sz\u00edvhat.<\/li>\n<li><strong>6 \u00edz, 1 eszk\u00f6z:<\/strong> V\u00e9gs\u0151 v\u00e1ltozatoss\u00e1g kompakt form\u00e1tumban<\/li>\n<li><strong>Gyors uni\u00f3s sz\u00e1ll\u00edt\u00e1s:<\/strong> Gyors sz\u00e1ll\u00edt\u00e1s az <strong>eur\u00f3pai rakt\u00e1runkb\u00f3l<\/strong> &#8211; nincs v\u00e1mk\u00e9sedelem.<\/li>\n<\/ul>\n<h3><strong>GYIK &#8211; Fizzy Max III 6in1 60K Eldobhat\u00f3 Vape<\/strong><\/h3>\n<ul>\n<li><strong>H\u00e1ny \u00edzt tartalmaz ez a vape?<\/strong><br \/>\nHat \u00edz\u00e9lm\u00e9nyt kap egy k\u00e9sz\u00fcl\u00e9kben: h\u00e1rom szimpla \u00edz \u00e9s h\u00e1rom kett\u0151s \u00edzkever\u00e9ket, amelyekhez k\u00f6nnyen hozz\u00e1f\u00e9rhet a sz\u00e1jr\u00e9sz elforgat\u00e1s\u00e1val.<\/li>\n<li><strong>A Fizzy Max III vape \u00fajrat\u00f6lthet\u0151?<\/strong><br \/>\nIgen, 850mAh-s \u00fajrat\u00f6lthet\u0151 akkumul\u00e1torral rendelkezik, \u00e9s t\u00e1mogatja a gyors Type-C t\u00f6lt\u00e9st a folyamatos haszn\u00e1lathoz.<\/li>\n<li><strong>Hogyan v\u00e1lthatok \u00edzeket a Fizzy Max III-on?<\/strong><br \/>\nEgyszer\u0171en emelje fel \u00e9s forgassa el a sz\u00f3r\u00f3fejet, hogy az \u00edzeket ebben a sorrendben v\u00e1logassa: A \u2192 Mix AB \u2192 B \u2192 Mix BC \u2192 C \u2192 Mix CA.<\/li>\n<li><strong>Alkalmas ez a k\u00e9sz\u00fcl\u00e9k kezd\u0151knek?<\/strong><br \/>\nIgen. A Fizzy Max III 60K Puffs Eldobhat\u00f3 Vape k\u00f6nnyen haszn\u00e1lhat\u00f3, nincs \u00fajrat\u00f6lt\u00e9s, nincs podcsere \u00e9s intuit\u00edv m\u0171k\u00f6d\u00e9s &#8211; nagyszer\u0171 az \u00faj \u00e9s tapasztalt felhaszn\u00e1l\u00f3k sz\u00e1m\u00e1ra egyar\u00e1nt.<\/li>\n<\/ul>\n","protected":false},"excerpt":{"rendered":"<p>A Fizzy Max III 60K puffot biztos\u00edt 6 \u00edzv\u00e1laszt\u00e9kkal egy eleg\u00e1ns eldobhat\u00f3 vape-ben. \u00dajrat\u00f6lthet\u0151, er\u0151teljes \u00e9s t\u00f6k\u00e9letes az \u00edzek szerelmeseinek.<\/p>\n","protected":false},"featured_media":18712,"comment_status":"open","ping_status":"closed","template":"","meta":[],"product_brand":[],"product_cat":[149,148],"product_tag":[135,136,137,138],"class_list":{"0":"post-19692","1":"product","2":"type-product","3":"status-publish","4":"has-post-thumbnail","6":"product_cat-fizzy-max-iii-60000-puffs-eldobhato-vape","7":"product_cat-ujratoltheto-eldobhato-vape","8":"product_tag-6-az-1-ben-izek","9":"product_tag-60k-puffs-hu","10":"product_tag-eldobhato-vape","11":"product_tag-ujratoltheto","13":"first","14":"outofstock","15":"shipping-taxable","16":"purchasable","17":"product-type-variable"},"yoast_head":"<!-- This site is optimized with the Yoast SEO Premium plugin v24.8 (Yoast SEO v27.4) - https:\/\/yoast.com\/product\/yoast-seo-premium-wordpress\/ -->\n<title>Fizzy Max III 6in1 - 60K Puffs Eldobhat\u00f3 Vape 6 \u00edzzel<\/title>\n<meta name=\"description\" content=\"Ak\u00e1r 60 000 puffot is kaphat a Fizzy Max III 6in1 eldobhat\u00f3 vape-vel. \u00c9lvezze a 6 v\u00e1ltakoz\u00f3 \u00edzvil\u00e1got egy \u00fajrat\u00f6lthet\u0151, nagy kapacit\u00e1s\u00fa vape-ben. Gyors sz\u00e1ll\u00edt\u00e1s az EU-b\u00f3l.\" \/>\n<meta name=\"robots\" content=\"index, follow, max-snippet:-1, max-image-preview:large, max-video-preview:-1\" \/>\n<link rel=\"canonical\" href=\"https:\/\/shop.fizzyvape.com\/hu\/termek\/fizzy-max-iii-6in1-60k-60000-puffs-eldobhato-vape-blueberry-ice-fizzy-cherry-raspberry-lemon\/\" \/>\n<meta property=\"og:locale\" content=\"hu_HU\" \/>\n<meta property=\"og:type\" content=\"article\" \/>\n<meta property=\"og:title\" content=\"Fizzy Max III 6in1 60K 60000 Puffs Eldobhat\u00f3 Vape - Blueberry Ice &amp; Fizzy Cherry &amp; Raspberry Lemon\" \/>\n<meta property=\"og:description\" content=\"Ak\u00e1r 60 000 puffot is kaphat a Fizzy Max III 6in1 eldobhat\u00f3 vape-vel. \u00c9lvezze a 6 v\u00e1ltakoz\u00f3 \u00edzvil\u00e1got egy \u00fajrat\u00f6lthet\u0151, nagy kapacit\u00e1s\u00fa vape-ben. Gyors sz\u00e1ll\u00edt\u00e1s az EU-b\u00f3l.\" \/>\n<meta property=\"og:url\" content=\"https:\/\/shop.fizzyvape.com\/hu\/termek\/fizzy-max-iii-6in1-60k-60000-puffs-eldobhato-vape-blueberry-ice-fizzy-cherry-raspberry-lemon\/\" \/>\n<meta property=\"og:site_name\" content=\"shop.fizzyvape.com\" \/>\n<meta property=\"article:modified_time\" content=\"2025-12-01T01:22:51+00:00\" \/>\n<meta property=\"og:image\" content=\"https:\/\/shop.fizzyvape.com\/wp-content\/uploads\/2025\/05\/Fizzy-Max-III-6in1-60K-60000-Puffs-5.jpg\" \/>\n\t<meta property=\"og:image:width\" content=\"800\" \/>\n\t<meta property=\"og:image:height\" content=\"800\" \/>\n\t<meta property=\"og:image:type\" content=\"image\/jpeg\" \/>\n<meta name=\"twitter:card\" content=\"summary_large_image\" \/>\n<meta name=\"twitter:label1\" content=\"Becs\u00fclt olvas\u00e1si id\u0151\" \/>\n\t<meta name=\"twitter:data1\" content=\"3 perc\" \/>\n<script type=\"application\/ld+json\" class=\"yoast-schema-graph\">{\"@context\":\"https:\\\/\\\/schema.org\",\"@graph\":[{\"@type\":\"WebPage\",\"@id\":\"https:\\\/\\\/shop.fizzyvape.com\\\/hu\\\/termek\\\/fizzy-max-iii-6in1-60k-60000-puffs-eldobhato-vape-blueberry-ice-fizzy-cherry-raspberry-lemon\\\/\",\"url\":\"https:\\\/\\\/shop.fizzyvape.com\\\/hu\\\/termek\\\/fizzy-max-iii-6in1-60k-60000-puffs-eldobhato-vape-blueberry-ice-fizzy-cherry-raspberry-lemon\\\/\",\"name\":\"Fizzy Max III 6in1 - 60K Puffs Eldobhat\u00f3 Vape 6 \u00edzzel\",\"isPartOf\":{\"@id\":\"https:\\\/\\\/shop.fizzyvape.com\\\/hu\\\/#website\"},\"primaryImageOfPage\":{\"@id\":\"https:\\\/\\\/shop.fizzyvape.com\\\/hu\\\/termek\\\/fizzy-max-iii-6in1-60k-60000-puffs-eldobhato-vape-blueberry-ice-fizzy-cherry-raspberry-lemon\\\/#primaryimage\"},\"image\":{\"@id\":\"https:\\\/\\\/shop.fizzyvape.com\\\/hu\\\/termek\\\/fizzy-max-iii-6in1-60k-60000-puffs-eldobhato-vape-blueberry-ice-fizzy-cherry-raspberry-lemon\\\/#primaryimage\"},\"thumbnailUrl\":\"https:\\\/\\\/shop.fizzyvape.com\\\/wp-content\\\/uploads\\\/2025\\\/05\\\/Fizzy-Max-III-6in1-60K-60000-Puffs-5.jpg\",\"datePublished\":\"2025-05-30T07:52:59+00:00\",\"dateModified\":\"2025-12-01T01:22:51+00:00\",\"description\":\"Ak\u00e1r 60 000 puffot is kaphat a Fizzy Max III 6in1 eldobhat\u00f3 vape-vel. \u00c9lvezze a 6 v\u00e1ltakoz\u00f3 \u00edzvil\u00e1got egy \u00fajrat\u00f6lthet\u0151, nagy kapacit\u00e1s\u00fa vape-ben. Gyors sz\u00e1ll\u00edt\u00e1s az EU-b\u00f3l.\",\"breadcrumb\":{\"@id\":\"https:\\\/\\\/shop.fizzyvape.com\\\/hu\\\/termek\\\/fizzy-max-iii-6in1-60k-60000-puffs-eldobhato-vape-blueberry-ice-fizzy-cherry-raspberry-lemon\\\/#breadcrumb\"},\"inLanguage\":\"hu\",\"potentialAction\":[{\"@type\":\"ReadAction\",\"target\":[\"https:\\\/\\\/shop.fizzyvape.com\\\/hu\\\/termek\\\/fizzy-max-iii-6in1-60k-60000-puffs-eldobhato-vape-blueberry-ice-fizzy-cherry-raspberry-lemon\\\/\"]}]},{\"@type\":\"ImageObject\",\"inLanguage\":\"hu\",\"@id\":\"https:\\\/\\\/shop.fizzyvape.com\\\/hu\\\/termek\\\/fizzy-max-iii-6in1-60k-60000-puffs-eldobhato-vape-blueberry-ice-fizzy-cherry-raspberry-lemon\\\/#primaryimage\",\"url\":\"https:\\\/\\\/shop.fizzyvape.com\\\/wp-content\\\/uploads\\\/2025\\\/05\\\/Fizzy-Max-III-6in1-60K-60000-Puffs-5.jpg\",\"contentUrl\":\"https:\\\/\\\/shop.fizzyvape.com\\\/wp-content\\\/uploads\\\/2025\\\/05\\\/Fizzy-Max-III-6in1-60K-60000-Puffs-5.jpg\",\"width\":800,\"height\":800,\"caption\":\"Fizzy Max III 6in1 60K 60000 Puffs-5\"},{\"@type\":\"BreadcrumbList\",\"@id\":\"https:\\\/\\\/shop.fizzyvape.com\\\/hu\\\/termek\\\/fizzy-max-iii-6in1-60k-60000-puffs-eldobhato-vape-blueberry-ice-fizzy-cherry-raspberry-lemon\\\/#breadcrumb\",\"itemListElement\":[{\"@type\":\"ListItem\",\"position\":1,\"name\":\"\u9996\u9875\",\"item\":\"https:\\\/\\\/shop.fizzyvape.com\\\/hu\\\/\"},{\"@type\":\"ListItem\",\"position\":2,\"name\":\"Shop\",\"item\":\"https:\\\/\\\/shop.fizzyvape.com\\\/shop\\\/\"},{\"@type\":\"ListItem\",\"position\":3,\"name\":\"Fizzy Max III 6in1 60K 60000 Puffs Eldobhat\u00f3 Vape &#8211; Blueberry Ice &amp; Fizzy Cherry &amp; Raspberry Lemon\"}]},{\"@type\":\"WebSite\",\"@id\":\"https:\\\/\\\/shop.fizzyvape.com\\\/hu\\\/#website\",\"url\":\"https:\\\/\\\/shop.fizzyvape.com\\\/hu\\\/\",\"name\":\"shop.fizzyvape.com\",\"description\":\"The Best Disposable Vape In Europe | 10000 - 60000 Puffs  | Free Shipping\",\"potentialAction\":[{\"@type\":\"SearchAction\",\"target\":{\"@type\":\"EntryPoint\",\"urlTemplate\":\"https:\\\/\\\/shop.fizzyvape.com\\\/hu\\\/?s={search_term_string}\"},\"query-input\":{\"@type\":\"PropertyValueSpecification\",\"valueRequired\":true,\"valueName\":\"search_term_string\"}}],\"inLanguage\":\"hu\"}]}<\/script>\n<!-- \/ Yoast SEO Premium plugin. -->","yoast_head_json":{"title":"Fizzy Max III 6in1 - 60K Puffs Eldobhat\u00f3 Vape 6 \u00edzzel","description":"Ak\u00e1r 60 000 puffot is kaphat a Fizzy Max III 6in1 eldobhat\u00f3 vape-vel. \u00c9lvezze a 6 v\u00e1ltakoz\u00f3 \u00edzvil\u00e1got egy \u00fajrat\u00f6lthet\u0151, nagy kapacit\u00e1s\u00fa vape-ben. Gyors sz\u00e1ll\u00edt\u00e1s az EU-b\u00f3l.","robots":{"index":"index","follow":"follow","max-snippet":"max-snippet:-1","max-image-preview":"max-image-preview:large","max-video-preview":"max-video-preview:-1"},"canonical":"https:\/\/shop.fizzyvape.com\/hu\/termek\/fizzy-max-iii-6in1-60k-60000-puffs-eldobhato-vape-blueberry-ice-fizzy-cherry-raspberry-lemon\/","og_locale":"hu_HU","og_type":"article","og_title":"Fizzy Max III 6in1 60K 60000 Puffs Eldobhat\u00f3 Vape - Blueberry Ice &amp; Fizzy Cherry &amp; Raspberry Lemon","og_description":"Ak\u00e1r 60 000 puffot is kaphat a Fizzy Max III 6in1 eldobhat\u00f3 vape-vel. \u00c9lvezze a 6 v\u00e1ltakoz\u00f3 \u00edzvil\u00e1got egy \u00fajrat\u00f6lthet\u0151, nagy kapacit\u00e1s\u00fa vape-ben. Gyors sz\u00e1ll\u00edt\u00e1s az EU-b\u00f3l.","og_url":"https:\/\/shop.fizzyvape.com\/hu\/termek\/fizzy-max-iii-6in1-60k-60000-puffs-eldobhato-vape-blueberry-ice-fizzy-cherry-raspberry-lemon\/","og_site_name":"shop.fizzyvape.com","article_modified_time":"2025-12-01T01:22:51+00:00","og_image":[{"width":800,"height":800,"url":"https:\/\/shop.fizzyvape.com\/wp-content\/uploads\/2025\/05\/Fizzy-Max-III-6in1-60K-60000-Puffs-5.jpg","type":"image\/jpeg"}],"twitter_card":"summary_large_image","twitter_misc":{"Becs\u00fclt olvas\u00e1si id\u0151":"3 perc"},"schema":{"@context":"https:\/\/schema.org","@graph":[{"@type":"WebPage","@id":"https:\/\/shop.fizzyvape.com\/hu\/termek\/fizzy-max-iii-6in1-60k-60000-puffs-eldobhato-vape-blueberry-ice-fizzy-cherry-raspberry-lemon\/","url":"https:\/\/shop.fizzyvape.com\/hu\/termek\/fizzy-max-iii-6in1-60k-60000-puffs-eldobhato-vape-blueberry-ice-fizzy-cherry-raspberry-lemon\/","name":"Fizzy Max III 6in1 - 60K Puffs Eldobhat\u00f3 Vape 6 \u00edzzel","isPartOf":{"@id":"https:\/\/shop.fizzyvape.com\/hu\/#website"},"primaryImageOfPage":{"@id":"https:\/\/shop.fizzyvape.com\/hu\/termek\/fizzy-max-iii-6in1-60k-60000-puffs-eldobhato-vape-blueberry-ice-fizzy-cherry-raspberry-lemon\/#primaryimage"},"image":{"@id":"https:\/\/shop.fizzyvape.com\/hu\/termek\/fizzy-max-iii-6in1-60k-60000-puffs-eldobhato-vape-blueberry-ice-fizzy-cherry-raspberry-lemon\/#primaryimage"},"thumbnailUrl":"https:\/\/shop.fizzyvape.com\/wp-content\/uploads\/2025\/05\/Fizzy-Max-III-6in1-60K-60000-Puffs-5.jpg","datePublished":"2025-05-30T07:52:59+00:00","dateModified":"2025-12-01T01:22:51+00:00","description":"Ak\u00e1r 60 000 puffot is kaphat a Fizzy Max III 6in1 eldobhat\u00f3 vape-vel. \u00c9lvezze a 6 v\u00e1ltakoz\u00f3 \u00edzvil\u00e1got egy \u00fajrat\u00f6lthet\u0151, nagy kapacit\u00e1s\u00fa vape-ben. Gyors sz\u00e1ll\u00edt\u00e1s az EU-b\u00f3l.","breadcrumb":{"@id":"https:\/\/shop.fizzyvape.com\/hu\/termek\/fizzy-max-iii-6in1-60k-60000-puffs-eldobhato-vape-blueberry-ice-fizzy-cherry-raspberry-lemon\/#breadcrumb"},"inLanguage":"hu","potentialAction":[{"@type":"ReadAction","target":["https:\/\/shop.fizzyvape.com\/hu\/termek\/fizzy-max-iii-6in1-60k-60000-puffs-eldobhato-vape-blueberry-ice-fizzy-cherry-raspberry-lemon\/"]}]},{"@type":"ImageObject","inLanguage":"hu","@id":"https:\/\/shop.fizzyvape.com\/hu\/termek\/fizzy-max-iii-6in1-60k-60000-puffs-eldobhato-vape-blueberry-ice-fizzy-cherry-raspberry-lemon\/#primaryimage","url":"https:\/\/shop.fizzyvape.com\/wp-content\/uploads\/2025\/05\/Fizzy-Max-III-6in1-60K-60000-Puffs-5.jpg","contentUrl":"https:\/\/shop.fizzyvape.com\/wp-content\/uploads\/2025\/05\/Fizzy-Max-III-6in1-60K-60000-Puffs-5.jpg","width":800,"height":800,"caption":"Fizzy Max III 6in1 60K 60000 Puffs-5"},{"@type":"BreadcrumbList","@id":"https:\/\/shop.fizzyvape.com\/hu\/termek\/fizzy-max-iii-6in1-60k-60000-puffs-eldobhato-vape-blueberry-ice-fizzy-cherry-raspberry-lemon\/#breadcrumb","itemListElement":[{"@type":"ListItem","position":1,"name":"\u9996\u9875","item":"https:\/\/shop.fizzyvape.com\/hu\/"},{"@type":"ListItem","position":2,"name":"Shop","item":"https:\/\/shop.fizzyvape.com\/shop\/"},{"@type":"ListItem","position":3,"name":"Fizzy Max III 6in1 60K 60000 Puffs Eldobhat\u00f3 Vape &#8211; Blueberry Ice &amp; Fizzy Cherry &amp; Raspberry Lemon"}]},{"@type":"WebSite","@id":"https:\/\/shop.fizzyvape.com\/hu\/#website","url":"https:\/\/shop.fizzyvape.com\/hu\/","name":"shop.fizzyvape.com","description":"The Best Disposable Vape In Europe | 10000 - 60000 Puffs  | Free Shipping","potentialAction":[{"@type":"SearchAction","target":{"@type":"EntryPoint","urlTemplate":"https:\/\/shop.fizzyvape.com\/hu\/?s={search_term_string}"},"query-input":{"@type":"PropertyValueSpecification","valueRequired":true,"valueName":"search_term_string"}}],"inLanguage":"hu"}]}},"tiered_pricing_type":"fixed","tiered_pricing_fixed_rules":[],"tiered_pricing_product_settings":{"layout":"default","base_unit_name":{"singular":null,"plural":null},"default_variation":null},"tiered_pricing_minimum_quantity":null,"tiered_pricing_roles_data":[],"tiered_pricing_percentage_rules":[],"tiered_pricing_maximum_quantity":null,"tiered_pricing_quantity_step":null,"_links":{"self":[{"href":"https:\/\/shop.fizzyvape.com\/hu\/wp-json\/wp\/v2\/product\/19692","targetHints":{"allow":["GET"]}}],"collection":[{"href":"https:\/\/shop.fizzyvape.com\/hu\/wp-json\/wp\/v2\/product"}],"about":[{"href":"https:\/\/shop.fizzyvape.com\/hu\/wp-json\/wp\/v2\/types\/product"}],"replies":[{"embeddable":true,"href":"https:\/\/shop.fizzyvape.com\/hu\/wp-json\/wp\/v2\/comments?post=19692"}],"version-history":[{"count":0,"href":"https:\/\/shop.fizzyvape.com\/hu\/wp-json\/wp\/v2\/product\/19692\/revisions"}],"wp:featuredmedia":[{"embeddable":true,"href":"https:\/\/shop.fizzyvape.com\/hu\/wp-json\/wp\/v2\/media\/18712"}],"wp:attachment":[{"href":"https:\/\/shop.fizzyvape.com\/hu\/wp-json\/wp\/v2\/media?parent=19692"}],"wp:term":[{"taxonomy":"product_brand","embeddable":true,"href":"https:\/\/shop.fizzyvape.com\/hu\/wp-json\/wp\/v2\/product_brand?post=19692"},{"taxonomy":"product_cat","embeddable":true,"href":"https:\/\/shop.fizzyvape.com\/hu\/wp-json\/wp\/v2\/product_cat?post=19692"},{"taxonomy":"product_tag","embeddable":true,"href":"https:\/\/shop.fizzyvape.com\/hu\/wp-json\/wp\/v2\/product_tag?post=19692"}],"curies":[{"name":"wp","href":"https:\/\/api.w.org\/{rel}","templated":true}]}}